{"id":955,"date":"2017-02-04T16:52:12","date_gmt":"2017-02-04T15:52:12","guid":{"rendered":"http:\/\/travel-du.de\/reiseshop\/produkt\/amazy-rubbel-weltkarte\/"},"modified":"2018-04-28T12:33:45","modified_gmt":"2018-04-28T10:33:45","slug":"rubbel-weltkarte-amazy","status":"publish","type":"product","link":"https:\/\/travel-du.de\/reiseshop\/produkt\/rubbel-weltkarte-amazy\/","title":{"rendered":"Rubbel-Weltkarte Amazy (versch. Ausf\u00fchrungen) 82 x 57 cm"},"content":{"rendered":"<p>Ideal als dekoratives Wohnaccessoire oder als Geschenkidee f\u00fcr Weltenbummler: Eine Weltkarte, auf der du deine bereisten L\u00e4nder frei Rubbeln kannst. In verschiedenen Ausf\u00fchrungen.<\/p>\n<h2>Merkmale:<\/h2>\n<ul>\n<li>Detaillierte Weltkarte auf festem Papier mit goldener \u00dcberzugsfolie<\/li>\n<li>Verpackt in einer hochwertigen Posterh\u00fclse &#8211; perfekt zum Transportieren<\/li>\n<li>Ma\u00dfe: 82 x 57 cm<\/li>\n<\/ul>\n<div class=\"main-cross-sell\" data-asin=\"B01IDNG8K6\">\n\n\t<div class=\"WooZone-cross-sell-loader\">\n\t\t<div>\n\t\t\t<div id=\"floatingBarsG\">\n\t\t\t\t<div class=\"blockG\" id=\"rotateG_01\"><\/div>\n\t\t\t\t<div class=\"blockG\" id=\"rotateG_02\"><\/div>\n\t\t\t\t<div class=\"blockG\" id=\"rotateG_03\"><\/div>\n\t\t\t\t<div class=\"blockG\" id=\"rotateG_04\"><\/div>\n\t\t\t\t<div class=\"blockG\" id=\"rotateG_05\"><\/div>\n\t\t\t\t<div class=\"blockG\" id=\"rotateG_06\"><\/div>\n\t\t\t\t<div class=\"blockG\" id=\"rotateG_07\"><\/div>\n\t\t\t\t<div class=\"blockG\" id=\"rotateG_08\"><\/div>\n\t\t\t<\/div>\n\t\t\t<div class=\"WooZone-cross-sell-loader-text\"><\/div>\n\t\t<\/div>\n\t<\/div>\n\n\t\t\n<\/div>\n<div style=\"clear:both;\"><\/div>\n","protected":false},"excerpt":{"rendered":"<p>Ideal als dekoratives Wohnaccessoire oder als Geschenkidee f\u00fcr Weltenbummler: Eine Weltkarte, auf der du deine bereisten L\u00e4nder frei Rubbeln kannst. In verschiedenen Ausf\u00fchrungen.<br \/>\n<a href=\"https:\/\/www.amazon.de\/Amazy-Weltkarte-zum-Rubbeln-XXL\/dp\/B01IDNG8CY\/ref=as_li_ss_tl?s=kitchen&#038;ie=UTF8&#038;qid=1486223212&#038;sr=1-1&#038;keywords=weltkarte+zum+rubbeln&#038;linkCode=ll1&#038;tag=wwwtraveldude-21&#038;linkId=cdb79cfe0f6cde078fe7226fad5ec899\" target=\"_blank\"><\/p>\n<div class=\"amazon-button\" style=\"text-align: center;\">\u21d2 Direkt bei Amazon bestellen.<\/div>\n<p><\/a><\/p>\n","protected":false},"featured_media":963,"comment_status":"open","ping_status":"closed","template":"","meta":[],"product_brand":[],"product_cat":[87,97,98],"product_tag":[],"class_list":{"0":"post-955","1":"product","2":"type-product","3":"status-publish","4":"has-post-thumbnail","6":"product_cat-zu-hause","7":"product_cat-dekoration","8":"product_cat-weltkarten","10":"first","11":"instock","12":"shipping-taxable","13":"product-type-external"},"yoast_head":"<!-- This site is optimized with the Yoast SEO plugin v26.2 - https:\/\/yoast.com\/wordpress\/plugins\/seo\/ -->\n<title>Rubbel-Weltkarte Amazy (versch. Ausf\u00fchrungen) 82 x 57 cm &#8211; Reiseshop Travel-du.de<\/title>\n<meta name=\"robots\" content=\"index, follow, max-snippet:-1, max-image-preview:large, max-video-preview:-1\" \/>\n<link rel=\"canonical\" href=\"https:\/\/travel-du.de\/reiseshop\/produkt\/rubbel-weltkarte-amazy\/\" \/>\n<meta property=\"og:locale\" content=\"de_DE\" \/>\n<meta property=\"og:type\" content=\"article\" \/>\n<meta property=\"og:title\" content=\"Rubbel-Weltkarte Amazy (versch. Ausf\u00fchrungen) 82 x 57 cm &#8211; Reiseshop Travel-du.de\" \/>\n<meta property=\"og:description\" content=\"Ideal als dekoratives Wohnaccessoire oder als Geschenkidee f\u00fcr Weltenbummler: Eine Weltkarte, auf der du deine bereisten L\u00e4nder frei Rubbeln kannst. In verschiedenen Ausf\u00fchrungen.  \u21d2 Direkt bei Amazon bestellen.\" \/>\n<meta property=\"og:url\" content=\"https:\/\/travel-du.de\/reiseshop\/produkt\/rubbel-weltkarte-amazy\/\" \/>\n<meta property=\"og:site_name\" content=\"Reiseshop Travel-du.de\" \/>\n<meta property=\"article:modified_time\" content=\"2018-04-28T10:33:45+00:00\" \/>\n<meta property=\"og:image\" content=\"https:\/\/travel-du.de\/reiseshop\/wp-content\/uploads\/2017\/02\/Amazy-Weltkarte-zum-Rubbeln-XXL-Schne-Erinnerung-an-bisherige-Reisen-fr-jeden-Globetrotter-Schwarz-82-x-60-cm-0.jpg\" \/>\n\t<meta property=\"og:image:width\" content=\"500\" \/>\n\t<meta property=\"og:image:height\" content=\"500\" \/>\n\t<meta property=\"og:image:type\" content=\"image\/jpeg\" \/>\n<meta name=\"twitter:card\" content=\"summary_large_image\" \/>\n<script type=\"application\/ld+json\" class=\"yoast-schema-graph\">{\"@context\":\"https:\/\/schema.org\",\"@graph\":[{\"@type\":\"WebPage\",\"@id\":\"https:\/\/travel-du.de\/reiseshop\/produkt\/rubbel-weltkarte-amazy\/\",\"url\":\"https:\/\/travel-du.de\/reiseshop\/produkt\/rubbel-weltkarte-amazy\/\",\"name\":\"Rubbel-Weltkarte Amazy (versch. Ausf\u00fchrungen) 82 x 57 cm &#8211; Reiseshop Travel-du.de\",\"isPartOf\":{\"@id\":\"https:\/\/travel-du.de\/reiseshop\/#website\"},\"primaryImageOfPage\":{\"@id\":\"https:\/\/travel-du.de\/reiseshop\/produkt\/rubbel-weltkarte-amazy\/#primaryimage\"},\"image\":{\"@id\":\"https:\/\/travel-du.de\/reiseshop\/produkt\/rubbel-weltkarte-amazy\/#primaryimage\"},\"thumbnailUrl\":\"https:\/\/travel-du.de\/reiseshop\/wp-content\/uploads\/2017\/02\/Amazy-Weltkarte-zum-Rubbeln-XXL-Schne-Erinnerung-an-bisherige-Reisen-fr-jeden-Globetrotter-Schwarz-82-x-60-cm-0.jpg\",\"datePublished\":\"2017-02-04T15:52:12+00:00\",\"dateModified\":\"2018-04-28T10:33:45+00:00\",\"breadcrumb\":{\"@id\":\"https:\/\/travel-du.de\/reiseshop\/produkt\/rubbel-weltkarte-amazy\/#breadcrumb\"},\"inLanguage\":\"de\",\"potentialAction\":[{\"@type\":\"ReadAction\",\"target\":[\"https:\/\/travel-du.de\/reiseshop\/produkt\/rubbel-weltkarte-amazy\/\"]}]},{\"@type\":\"ImageObject\",\"inLanguage\":\"de\",\"@id\":\"https:\/\/travel-du.de\/reiseshop\/produkt\/rubbel-weltkarte-amazy\/#primaryimage\",\"url\":\"https:\/\/travel-du.de\/reiseshop\/wp-content\/uploads\/2017\/02\/Amazy-Weltkarte-zum-Rubbeln-XXL-Schne-Erinnerung-an-bisherige-Reisen-fr-jeden-Globetrotter-Schwarz-82-x-60-cm-0.jpg\",\"contentUrl\":\"https:\/\/travel-du.de\/reiseshop\/wp-content\/uploads\/2017\/02\/Amazy-Weltkarte-zum-Rubbeln-XXL-Schne-Erinnerung-an-bisherige-Reisen-fr-jeden-Globetrotter-Schwarz-82-x-60-cm-0.jpg\",\"width\":500,\"height\":500},{\"@type\":\"BreadcrumbList\",\"@id\":\"https:\/\/travel-du.de\/reiseshop\/produkt\/rubbel-weltkarte-amazy\/#breadcrumb\",\"itemListElement\":[{\"@type\":\"ListItem\",\"position\":1,\"name\":\"Startseite\",\"item\":\"https:\/\/travel-du.de\/reiseshop\/\"},{\"@type\":\"ListItem\",\"position\":2,\"name\":\"Shop\",\"item\":\"https:\/\/travel-du.de\/reiseshop\/shop\/\"},{\"@type\":\"ListItem\",\"position\":3,\"name\":\"Rubbel-Weltkarte Amazy (versch. Ausf\u00fchrungen) 82 x 57 cm\"}]},{\"@type\":\"WebSite\",\"@id\":\"https:\/\/travel-du.de\/reiseshop\/#website\",\"url\":\"https:\/\/travel-du.de\/reiseshop\/\",\"name\":\"Reiseshop Travel-du.de\",\"description\":\"Der Shop f\u00fcr Reisende, Weltenbummler und Abenteurer\",\"potentialAction\":[{\"@type\":\"SearchAction\",\"target\":{\"@type\":\"EntryPoint\",\"urlTemplate\":\"https:\/\/travel-du.de\/reiseshop\/?s={search_term_string}\"},\"query-input\":{\"@type\":\"PropertyValueSpecification\",\"valueRequired\":true,\"valueName\":\"search_term_string\"}}],\"inLanguage\":\"de\"}]}<\/script>\n<!-- \/ Yoast SEO plugin. -->","yoast_head_json":{"title":"Rubbel-Weltkarte Amazy (versch. Ausf\u00fchrungen) 82 x 57 cm &#8211; Reiseshop Travel-du.de","robots":{"index":"index","follow":"follow","max-snippet":"max-snippet:-1","max-image-preview":"max-image-preview:large","max-video-preview":"max-video-preview:-1"},"canonical":"https:\/\/travel-du.de\/reiseshop\/produkt\/rubbel-weltkarte-amazy\/","og_locale":"de_DE","og_type":"article","og_title":"Rubbel-Weltkarte Amazy (versch. Ausf\u00fchrungen) 82 x 57 cm &#8211; Reiseshop Travel-du.de","og_description":"Ideal als dekoratives Wohnaccessoire oder als Geschenkidee f\u00fcr Weltenbummler: Eine Weltkarte, auf der du deine bereisten L\u00e4nder frei Rubbeln kannst. In verschiedenen Ausf\u00fchrungen.  \u21d2 Direkt bei Amazon bestellen.","og_url":"https:\/\/travel-du.de\/reiseshop\/produkt\/rubbel-weltkarte-amazy\/","og_site_name":"Reiseshop Travel-du.de","article_modified_time":"2018-04-28T10:33:45+00:00","og_image":[{"width":500,"height":500,"url":"https:\/\/travel-du.de\/reiseshop\/wp-content\/uploads\/2017\/02\/Amazy-Weltkarte-zum-Rubbeln-XXL-Schne-Erinnerung-an-bisherige-Reisen-fr-jeden-Globetrotter-Schwarz-82-x-60-cm-0.jpg","type":"image\/jpeg"}],"twitter_card":"summary_large_image","schema":{"@context":"https:\/\/schema.org","@graph":[{"@type":"WebPage","@id":"https:\/\/travel-du.de\/reiseshop\/produkt\/rubbel-weltkarte-amazy\/","url":"https:\/\/travel-du.de\/reiseshop\/produkt\/rubbel-weltkarte-amazy\/","name":"Rubbel-Weltkarte Amazy (versch. Ausf\u00fchrungen) 82 x 57 cm &#8211; Reiseshop Travel-du.de","isPartOf":{"@id":"https:\/\/travel-du.de\/reiseshop\/#website"},"primaryImageOfPage":{"@id":"https:\/\/travel-du.de\/reiseshop\/produkt\/rubbel-weltkarte-amazy\/#primaryimage"},"image":{"@id":"https:\/\/travel-du.de\/reiseshop\/produkt\/rubbel-weltkarte-amazy\/#primaryimage"},"thumbnailUrl":"https:\/\/travel-du.de\/reiseshop\/wp-content\/uploads\/2017\/02\/Amazy-Weltkarte-zum-Rubbeln-XXL-Schne-Erinnerung-an-bisherige-Reisen-fr-jeden-Globetrotter-Schwarz-82-x-60-cm-0.jpg","datePublished":"2017-02-04T15:52:12+00:00","dateModified":"2018-04-28T10:33:45+00:00","breadcrumb":{"@id":"https:\/\/travel-du.de\/reiseshop\/produkt\/rubbel-weltkarte-amazy\/#breadcrumb"},"inLanguage":"de","potentialAction":[{"@type":"ReadAction","target":["https:\/\/travel-du.de\/reiseshop\/produkt\/rubbel-weltkarte-amazy\/"]}]},{"@type":"ImageObject","inLanguage":"de","@id":"https:\/\/travel-du.de\/reiseshop\/produkt\/rubbel-weltkarte-amazy\/#primaryimage","url":"https:\/\/travel-du.de\/reiseshop\/wp-content\/uploads\/2017\/02\/Amazy-Weltkarte-zum-Rubbeln-XXL-Schne-Erinnerung-an-bisherige-Reisen-fr-jeden-Globetrotter-Schwarz-82-x-60-cm-0.jpg","contentUrl":"https:\/\/travel-du.de\/reiseshop\/wp-content\/uploads\/2017\/02\/Amazy-Weltkarte-zum-Rubbeln-XXL-Schne-Erinnerung-an-bisherige-Reisen-fr-jeden-Globetrotter-Schwarz-82-x-60-cm-0.jpg","width":500,"height":500},{"@type":"BreadcrumbList","@id":"https:\/\/travel-du.de\/reiseshop\/produkt\/rubbel-weltkarte-amazy\/#breadcrumb","itemListElement":[{"@type":"ListItem","position":1,"name":"Startseite","item":"https:\/\/travel-du.de\/reiseshop\/"},{"@type":"ListItem","position":2,"name":"Shop","item":"https:\/\/travel-du.de\/reiseshop\/shop\/"},{"@type":"ListItem","position":3,"name":"Rubbel-Weltkarte Amazy (versch. Ausf\u00fchrungen) 82 x 57 cm"}]},{"@type":"WebSite","@id":"https:\/\/travel-du.de\/reiseshop\/#website","url":"https:\/\/travel-du.de\/reiseshop\/","name":"Reiseshop Travel-du.de","description":"Der Shop f\u00fcr Reisende, Weltenbummler und Abenteurer","potentialAction":[{"@type":"SearchAction","target":{"@type":"EntryPoint","urlTemplate":"https:\/\/travel-du.de\/reiseshop\/?s={search_term_string}"},"query-input":{"@type":"PropertyValueSpecification","valueRequired":true,"valueName":"search_term_string"}}],"inLanguage":"de"}]}},"_links":{"self":[{"href":"https:\/\/travel-du.de\/reiseshop\/wp-json\/wp\/v2\/product\/955","targetHints":{"allow":["GET"]}}],"collection":[{"href":"https:\/\/travel-du.de\/reiseshop\/wp-json\/wp\/v2\/product"}],"about":[{"href":"https:\/\/travel-du.de\/reiseshop\/wp-json\/wp\/v2\/types\/product"}],"replies":[{"embeddable":true,"href":"https:\/\/travel-du.de\/reiseshop\/wp-json\/wp\/v2\/comments?post=955"}],"wp:featuredmedia":[{"embeddable":true,"href":"https:\/\/travel-du.de\/reiseshop\/wp-json\/wp\/v2\/media\/963"}],"wp:attachment":[{"href":"https:\/\/travel-du.de\/reiseshop\/wp-json\/wp\/v2\/media?parent=955"}],"wp:term":[{"taxonomy":"product_brand","embeddable":true,"href":"https:\/\/travel-du.de\/reiseshop\/wp-json\/wp\/v2\/product_brand?post=955"},{"taxonomy":"product_cat","embeddable":true,"href":"https:\/\/travel-du.de\/reiseshop\/wp-json\/wp\/v2\/product_cat?post=955"},{"taxonomy":"product_tag","embeddable":true,"href":"https:\/\/travel-du.de\/reiseshop\/wp-json\/wp\/v2\/product_tag?post=955"}],"curies":[{"name":"wp","href":"https:\/\/api.w.org\/{rel}","templated":true}]}}