{"id":926,"date":"2017-02-04T15:23:26","date_gmt":"2017-02-04T14:23:26","guid":{"rendered":"http:\/\/travel-du.de\/reiseshop\/produkt\/tatonka-beutel-flachbeutel-set-assorted-16-x-19-cm-3038\/"},"modified":"2017-02-04T15:40:25","modified_gmt":"2017-02-04T14:40:25","slug":"packbeutel-set-tatonka-fuer-reisen","status":"publish","type":"product","link":"https:\/\/travel-du.de\/reiseshop\/produkt\/packbeutel-set-tatonka-fuer-reisen\/","title":{"rendered":"Packbeutel Set von Tatonka"},"content":{"rendered":"<p>Mit den Tatonka Flachbeutel-Set h\u00e4ltst du Ordnung in deinem Rucksack. Die Beutel kommen in drei verschiedenen Gr\u00f6\u00dfen und Farben.<\/p>\n<ul>\n<li>Gewicht: 65g<\/li>\n<li>Material: Nylon<\/li>\n<li>Gr\u00f6\u00dfe:\n<ul>\n<li>1x: 16x19cm<\/li>\n<li>1x: 20x29cm<\/li>\n<li>1x 29x40cm<\/li>\n<\/ul>\n<\/li>\n<\/ul>\n<div class=\"main-cross-sell\" data-asin=\"B000G4XJ26\">\n\n\t<div class=\"WooZone-cross-sell-loader\">\n\t\t<div>\n\t\t\t<div id=\"floatingBarsG\">\n\t\t\t\t<div class=\"blockG\" id=\"rotateG_01\"><\/div>\n\t\t\t\t<div class=\"blockG\" id=\"rotateG_02\"><\/div>\n\t\t\t\t<div class=\"blockG\" id=\"rotateG_03\"><\/div>\n\t\t\t\t<div class=\"blockG\" id=\"rotateG_04\"><\/div>\n\t\t\t\t<div class=\"blockG\" id=\"rotateG_05\"><\/div>\n\t\t\t\t<div class=\"blockG\" id=\"rotateG_06\"><\/div>\n\t\t\t\t<div class=\"blockG\" id=\"rotateG_07\"><\/div>\n\t\t\t\t<div class=\"blockG\" id=\"rotateG_08\"><\/div>\n\t\t\t<\/div>\n\t\t\t<div class=\"WooZone-cross-sell-loader-text\"><\/div>\n\t\t<\/div>\n\t<\/div>\n\n\t\t\n<\/div>\n<div style=\"clear:both;\"><\/div>\n","protected":false},"excerpt":{"rendered":"<p>Mit den Tatonka Flachbeutel-Set h\u00e4ltst du Ordnung in deinem Rucksack. Die Beutel kommen in drei verschiedenen Gr\u00f6\u00dfen und Farben.<\/p>\n<p><a href=\"https:\/\/www.amazon.de\/Tatonka-Beutel-Flachbeutel-Assorted-3038\/dp\/B000G4XJ26\/ref=as_li_ss_tl?ie=UTF8&#038;linkCode=ll1&#038;tag=wwwtraveldude-21&#038;linkId=a369aa4da065d2339c34e25e7e326114\" target=\"_blank\"><\/p>\n<div class=\"amazon-button\" style=\"text-align: center;\">\u21d2 Direkt bei Amazon bestellen.<\/div>\n<p><\/a><\/p>\n","protected":false},"featured_media":927,"comment_status":"open","ping_status":"closed","template":"","meta":[],"product_brand":[],"product_cat":[86],"product_tag":[],"class_list":{"0":"post-926","1":"product","2":"type-product","3":"status-publish","4":"has-post-thumbnail","6":"product_cat-unterwegs","8":"first","9":"instock","10":"shipping-taxable","11":"product-type-external"},"yoast_head":"<!-- This site is optimized with the Yoast SEO plugin v26.2 - https:\/\/yoast.com\/wordpress\/plugins\/seo\/ -->\n<title>Packbeutel Set von Tatonka &#8211; Reiseshop Travel-du.de<\/title>\n<meta name=\"robots\" content=\"index, follow, max-snippet:-1, max-image-preview:large, max-video-preview:-1\" \/>\n<link rel=\"canonical\" href=\"https:\/\/travel-du.de\/reiseshop\/produkt\/packbeutel-set-tatonka-fuer-reisen\/\" \/>\n<meta property=\"og:locale\" content=\"de_DE\" \/>\n<meta property=\"og:type\" content=\"article\" \/>\n<meta property=\"og:title\" content=\"Packbeutel Set von Tatonka &#8211; Reiseshop Travel-du.de\" \/>\n<meta property=\"og:description\" content=\"Mit den Tatonka Flachbeutel-Set h\u00e4ltst du Ordnung in deinem Rucksack. Die Beutel kommen in drei verschiedenen Gr\u00f6\u00dfen und Farben.   \u21d2 Direkt bei Amazon bestellen.\" \/>\n<meta property=\"og:url\" content=\"https:\/\/travel-du.de\/reiseshop\/produkt\/packbeutel-set-tatonka-fuer-reisen\/\" \/>\n<meta property=\"og:site_name\" content=\"Reiseshop Travel-du.de\" \/>\n<meta property=\"article:modified_time\" content=\"2017-02-04T14:40:25+00:00\" \/>\n<meta property=\"og:image\" content=\"https:\/\/travel-du.de\/reiseshop\/wp-content\/uploads\/2017\/02\/Tatonka-Beutel-Flachbeutel-Set-Assorted-16-x-19-cm-3038-0.jpg\" \/>\n\t<meta property=\"og:image:width\" content=\"500\" \/>\n\t<meta property=\"og:image:height\" content=\"318\" \/>\n\t<meta property=\"og:image:type\" content=\"image\/jpeg\" \/>\n<meta name=\"twitter:card\" content=\"summary_large_image\" \/>\n<script type=\"application\/ld+json\" class=\"yoast-schema-graph\">{\"@context\":\"https:\/\/schema.org\",\"@graph\":[{\"@type\":\"WebPage\",\"@id\":\"https:\/\/travel-du.de\/reiseshop\/produkt\/packbeutel-set-tatonka-fuer-reisen\/\",\"url\":\"https:\/\/travel-du.de\/reiseshop\/produkt\/packbeutel-set-tatonka-fuer-reisen\/\",\"name\":\"Packbeutel Set von Tatonka &#8211; Reiseshop Travel-du.de\",\"isPartOf\":{\"@id\":\"https:\/\/travel-du.de\/reiseshop\/#website\"},\"primaryImageOfPage\":{\"@id\":\"https:\/\/travel-du.de\/reiseshop\/produkt\/packbeutel-set-tatonka-fuer-reisen\/#primaryimage\"},\"image\":{\"@id\":\"https:\/\/travel-du.de\/reiseshop\/produkt\/packbeutel-set-tatonka-fuer-reisen\/#primaryimage\"},\"thumbnailUrl\":\"https:\/\/travel-du.de\/reiseshop\/wp-content\/uploads\/2017\/02\/Tatonka-Beutel-Flachbeutel-Set-Assorted-16-x-19-cm-3038-0.jpg\",\"datePublished\":\"2017-02-04T14:23:26+00:00\",\"dateModified\":\"2017-02-04T14:40:25+00:00\",\"breadcrumb\":{\"@id\":\"https:\/\/travel-du.de\/reiseshop\/produkt\/packbeutel-set-tatonka-fuer-reisen\/#breadcrumb\"},\"inLanguage\":\"de\",\"potentialAction\":[{\"@type\":\"ReadAction\",\"target\":[\"https:\/\/travel-du.de\/reiseshop\/produkt\/packbeutel-set-tatonka-fuer-reisen\/\"]}]},{\"@type\":\"ImageObject\",\"inLanguage\":\"de\",\"@id\":\"https:\/\/travel-du.de\/reiseshop\/produkt\/packbeutel-set-tatonka-fuer-reisen\/#primaryimage\",\"url\":\"https:\/\/travel-du.de\/reiseshop\/wp-content\/uploads\/2017\/02\/Tatonka-Beutel-Flachbeutel-Set-Assorted-16-x-19-cm-3038-0.jpg\",\"contentUrl\":\"https:\/\/travel-du.de\/reiseshop\/wp-content\/uploads\/2017\/02\/Tatonka-Beutel-Flachbeutel-Set-Assorted-16-x-19-cm-3038-0.jpg\",\"width\":500,\"height\":318},{\"@type\":\"BreadcrumbList\",\"@id\":\"https:\/\/travel-du.de\/reiseshop\/produkt\/packbeutel-set-tatonka-fuer-reisen\/#breadcrumb\",\"itemListElement\":[{\"@type\":\"ListItem\",\"position\":1,\"name\":\"Startseite\",\"item\":\"https:\/\/travel-du.de\/reiseshop\/\"},{\"@type\":\"ListItem\",\"position\":2,\"name\":\"Shop\",\"item\":\"https:\/\/travel-du.de\/reiseshop\/shop\/\"},{\"@type\":\"ListItem\",\"position\":3,\"name\":\"Packbeutel Set von Tatonka\"}]},{\"@type\":\"WebSite\",\"@id\":\"https:\/\/travel-du.de\/reiseshop\/#website\",\"url\":\"https:\/\/travel-du.de\/reiseshop\/\",\"name\":\"Reiseshop Travel-du.de\",\"description\":\"Der Shop f\u00fcr Reisende, Weltenbummler und Abenteurer\",\"potentialAction\":[{\"@type\":\"SearchAction\",\"target\":{\"@type\":\"EntryPoint\",\"urlTemplate\":\"https:\/\/travel-du.de\/reiseshop\/?s={search_term_string}\"},\"query-input\":{\"@type\":\"PropertyValueSpecification\",\"valueRequired\":true,\"valueName\":\"search_term_string\"}}],\"inLanguage\":\"de\"}]}<\/script>\n<!-- \/ Yoast SEO plugin. -->","yoast_head_json":{"title":"Packbeutel Set von Tatonka &#8211; Reiseshop Travel-du.de","robots":{"index":"index","follow":"follow","max-snippet":"max-snippet:-1","max-image-preview":"max-image-preview:large","max-video-preview":"max-video-preview:-1"},"canonical":"https:\/\/travel-du.de\/reiseshop\/produkt\/packbeutel-set-tatonka-fuer-reisen\/","og_locale":"de_DE","og_type":"article","og_title":"Packbeutel Set von Tatonka &#8211; Reiseshop Travel-du.de","og_description":"Mit den Tatonka Flachbeutel-Set h\u00e4ltst du Ordnung in deinem Rucksack. Die Beutel kommen in drei verschiedenen Gr\u00f6\u00dfen und Farben.   \u21d2 Direkt bei Amazon bestellen.","og_url":"https:\/\/travel-du.de\/reiseshop\/produkt\/packbeutel-set-tatonka-fuer-reisen\/","og_site_name":"Reiseshop Travel-du.de","article_modified_time":"2017-02-04T14:40:25+00:00","og_image":[{"width":500,"height":318,"url":"https:\/\/travel-du.de\/reiseshop\/wp-content\/uploads\/2017\/02\/Tatonka-Beutel-Flachbeutel-Set-Assorted-16-x-19-cm-3038-0.jpg","type":"image\/jpeg"}],"twitter_card":"summary_large_image","schema":{"@context":"https:\/\/schema.org","@graph":[{"@type":"WebPage","@id":"https:\/\/travel-du.de\/reiseshop\/produkt\/packbeutel-set-tatonka-fuer-reisen\/","url":"https:\/\/travel-du.de\/reiseshop\/produkt\/packbeutel-set-tatonka-fuer-reisen\/","name":"Packbeutel Set von Tatonka &#8211; Reiseshop Travel-du.de","isPartOf":{"@id":"https:\/\/travel-du.de\/reiseshop\/#website"},"primaryImageOfPage":{"@id":"https:\/\/travel-du.de\/reiseshop\/produkt\/packbeutel-set-tatonka-fuer-reisen\/#primaryimage"},"image":{"@id":"https:\/\/travel-du.de\/reiseshop\/produkt\/packbeutel-set-tatonka-fuer-reisen\/#primaryimage"},"thumbnailUrl":"https:\/\/travel-du.de\/reiseshop\/wp-content\/uploads\/2017\/02\/Tatonka-Beutel-Flachbeutel-Set-Assorted-16-x-19-cm-3038-0.jpg","datePublished":"2017-02-04T14:23:26+00:00","dateModified":"2017-02-04T14:40:25+00:00","breadcrumb":{"@id":"https:\/\/travel-du.de\/reiseshop\/produkt\/packbeutel-set-tatonka-fuer-reisen\/#breadcrumb"},"inLanguage":"de","potentialAction":[{"@type":"ReadAction","target":["https:\/\/travel-du.de\/reiseshop\/produkt\/packbeutel-set-tatonka-fuer-reisen\/"]}]},{"@type":"ImageObject","inLanguage":"de","@id":"https:\/\/travel-du.de\/reiseshop\/produkt\/packbeutel-set-tatonka-fuer-reisen\/#primaryimage","url":"https:\/\/travel-du.de\/reiseshop\/wp-content\/uploads\/2017\/02\/Tatonka-Beutel-Flachbeutel-Set-Assorted-16-x-19-cm-3038-0.jpg","contentUrl":"https:\/\/travel-du.de\/reiseshop\/wp-content\/uploads\/2017\/02\/Tatonka-Beutel-Flachbeutel-Set-Assorted-16-x-19-cm-3038-0.jpg","width":500,"height":318},{"@type":"BreadcrumbList","@id":"https:\/\/travel-du.de\/reiseshop\/produkt\/packbeutel-set-tatonka-fuer-reisen\/#breadcrumb","itemListElement":[{"@type":"ListItem","position":1,"name":"Startseite","item":"https:\/\/travel-du.de\/reiseshop\/"},{"@type":"ListItem","position":2,"name":"Shop","item":"https:\/\/travel-du.de\/reiseshop\/shop\/"},{"@type":"ListItem","position":3,"name":"Packbeutel Set von Tatonka"}]},{"@type":"WebSite","@id":"https:\/\/travel-du.de\/reiseshop\/#website","url":"https:\/\/travel-du.de\/reiseshop\/","name":"Reiseshop Travel-du.de","description":"Der Shop f\u00fcr Reisende, Weltenbummler und Abenteurer","potentialAction":[{"@type":"SearchAction","target":{"@type":"EntryPoint","urlTemplate":"https:\/\/travel-du.de\/reiseshop\/?s={search_term_string}"},"query-input":{"@type":"PropertyValueSpecification","valueRequired":true,"valueName":"search_term_string"}}],"inLanguage":"de"}]}},"_links":{"self":[{"href":"https:\/\/travel-du.de\/reiseshop\/wp-json\/wp\/v2\/product\/926","targetHints":{"allow":["GET"]}}],"collection":[{"href":"https:\/\/travel-du.de\/reiseshop\/wp-json\/wp\/v2\/product"}],"about":[{"href":"https:\/\/travel-du.de\/reiseshop\/wp-json\/wp\/v2\/types\/product"}],"replies":[{"embeddable":true,"href":"https:\/\/travel-du.de\/reiseshop\/wp-json\/wp\/v2\/comments?post=926"}],"wp:featuredmedia":[{"embeddable":true,"href":"https:\/\/travel-du.de\/reiseshop\/wp-json\/wp\/v2\/media\/927"}],"wp:attachment":[{"href":"https:\/\/travel-du.de\/reiseshop\/wp-json\/wp\/v2\/media?parent=926"}],"wp:term":[{"taxonomy":"product_brand","embeddable":true,"href":"https:\/\/travel-du.de\/reiseshop\/wp-json\/wp\/v2\/product_brand?post=926"},{"taxonomy":"product_cat","embeddable":true,"href":"https:\/\/travel-du.de\/reiseshop\/wp-json\/wp\/v2\/product_cat?post=926"},{"taxonomy":"product_tag","embeddable":true,"href":"https:\/\/travel-du.de\/reiseshop\/wp-json\/wp\/v2\/product_tag?post=926"}],"curies":[{"name":"wp","href":"https:\/\/api.w.org\/{rel}","templated":true}]}}