{"id":910,"date":"2017-01-28T15:25:19","date_gmt":"2017-01-28T14:25:19","guid":{"rendered":"http:\/\/travel-du.de\/reiseshop\/produkt\/paua-abalone-muschel-goldfarbene-metallspirale-kettenanhaenger-kette-aus-neuseeland\/"},"modified":"2020-02-02T22:19:15","modified_gmt":"2020-02-02T21:19:15","slug":"kette-maori-neuseeland-echte-paua-muschel","status":"publish","type":"product","link":"https:\/\/travel-du.de\/reiseshop\/produkt\/kette-maori-neuseeland-echte-paua-muschel\/","title":{"rendered":"Golfarbene Maori-Kette aus echter Paua Muschel"},"content":{"rendered":"<p>Diese\u00a0Kette ist aus Paua Muscheln hergestellt, die nur in Neuseelands K\u00fcstengew\u00e4ssern gefunden werden. Die Paua Muschel ist aufgrund ihrer lebendigen, gl\u00e4nzenden Farben sehr beliebt f\u00fcr Schmuckst\u00fccke aus Neuseeland.<\/p>\n<ul>\n<li>Echte Abalone \/ Paua Muschel aus Neuseeland<\/li>\n<li>L\u00c4nge: 44 cm<\/li>\n<li>Anh\u00e4nger Durchmesser: 16 mm<\/li>\n<\/ul>\n<div class=\"main-cross-sell\" data-asin=\"B014RFTFWM\">\n\n\t<div class=\"WooZone-cross-sell-loader\">\n\t\t<div>\n\t\t\t<div id=\"floatingBarsG\">\n\t\t\t\t<div class=\"blockG\" id=\"rotateG_01\"><\/div>\n\t\t\t\t<div class=\"blockG\" id=\"rotateG_02\"><\/div>\n\t\t\t\t<div class=\"blockG\" id=\"rotateG_03\"><\/div>\n\t\t\t\t<div class=\"blockG\" id=\"rotateG_04\"><\/div>\n\t\t\t\t<div class=\"blockG\" id=\"rotateG_05\"><\/div>\n\t\t\t\t<div class=\"blockG\" id=\"rotateG_06\"><\/div>\n\t\t\t\t<div class=\"blockG\" id=\"rotateG_07\"><\/div>\n\t\t\t\t<div class=\"blockG\" id=\"rotateG_08\"><\/div>\n\t\t\t<\/div>\n\t\t\t<div class=\"WooZone-cross-sell-loader-text\"><\/div>\n\t\t<\/div>\n\t<\/div>\n\n\t\t\n<\/div>\n<div style=\"clear:both;\"><\/div>\n","protected":false},"excerpt":{"rendered":"<p>Diese Kette ist aus Paua Muscheln hergestellt, die nur in Neuseelands K\u00fcstengew\u00e4ssern gefunden werden. Die Paua Muschel ist aufgrund ihrer lebendigen, gl\u00e4nzenden Farben sehr beliebt f\u00fcr Schmuckst\u00fccke aus Neuseeland.<\/p>\n<div class=\"amazon-button\" style=\"text-align: center;\">\u21d2 Direkt bei Amazon bestellen.<\/div>\n<p>&nbsp;<\/p>\n","protected":false},"featured_media":911,"comment_status":"open","ping_status":"closed","template":"","meta":[],"product_brand":[],"product_cat":[122,99],"product_tag":[],"class_list":{"0":"post-910","1":"product","2":"type-product","3":"status-publish","4":"has-post-thumbnail","6":"product_cat-geschenk-neuseeland","7":"product_cat-schmuck","9":"first","10":"instock","11":"shipping-taxable","12":"product-type-external"},"yoast_head":"<!-- This site is optimized with the Yoast SEO plugin v26.2 - https:\/\/yoast.com\/wordpress\/plugins\/seo\/ -->\n<title>Golfarbene Maori-Kette aus echter Paua Muschel &#8211; Reiseshop Travel-du.de<\/title>\n<meta name=\"description\" content=\"Neuseeland Geschenkidee: Diese\u00a0Kette ist aus Paua Muscheln hergestellt, die nur in Neuseelands K\u00fcstengew\u00e4ssern gefunden werden.\" \/>\n<meta name=\"robots\" content=\"index, follow, max-snippet:-1, max-image-preview:large, max-video-preview:-1\" \/>\n<link rel=\"canonical\" href=\"https:\/\/travel-du.de\/reiseshop\/produkt\/kette-maori-neuseeland-echte-paua-muschel\/\" \/>\n<meta property=\"og:locale\" content=\"de_DE\" \/>\n<meta property=\"og:type\" content=\"article\" \/>\n<meta property=\"og:title\" content=\"Golfarbene Maori-Kette aus echter Paua Muschel &#8211; Reiseshop Travel-du.de\" \/>\n<meta property=\"og:description\" content=\"Neuseeland Geschenkidee: Diese\u00a0Kette ist aus Paua Muscheln hergestellt, die nur in Neuseelands K\u00fcstengew\u00e4ssern gefunden werden.\" \/>\n<meta property=\"og:url\" content=\"https:\/\/travel-du.de\/reiseshop\/produkt\/kette-maori-neuseeland-echte-paua-muschel\/\" \/>\n<meta property=\"og:site_name\" content=\"Reiseshop Travel-du.de\" \/>\n<meta property=\"article:modified_time\" content=\"2020-02-02T21:19:15+00:00\" \/>\n<meta property=\"og:image\" content=\"https:\/\/travel-du.de\/reiseshop\/wp-content\/uploads\/2017\/01\/Paua-Abalone-Muschel-goldfarbene-Metallspirale-Kettenanhnger-Kette-aus-Neuseeland-0.jpg\" \/>\n\t<meta property=\"og:image:width\" content=\"500\" \/>\n\t<meta property=\"og:image:height\" content=\"468\" \/>\n\t<meta property=\"og:image:type\" content=\"image\/jpeg\" \/>\n<meta name=\"twitter:card\" content=\"summary_large_image\" \/>\n<script type=\"application\/ld+json\" class=\"yoast-schema-graph\">{\"@context\":\"https:\/\/schema.org\",\"@graph\":[{\"@type\":\"WebPage\",\"@id\":\"https:\/\/travel-du.de\/reiseshop\/produkt\/kette-maori-neuseeland-echte-paua-muschel\/\",\"url\":\"https:\/\/travel-du.de\/reiseshop\/produkt\/kette-maori-neuseeland-echte-paua-muschel\/\",\"name\":\"Golfarbene Maori-Kette aus echter Paua Muschel &#8211; Reiseshop Travel-du.de\",\"isPartOf\":{\"@id\":\"https:\/\/travel-du.de\/reiseshop\/#website\"},\"primaryImageOfPage\":{\"@id\":\"https:\/\/travel-du.de\/reiseshop\/produkt\/kette-maori-neuseeland-echte-paua-muschel\/#primaryimage\"},\"image\":{\"@id\":\"https:\/\/travel-du.de\/reiseshop\/produkt\/kette-maori-neuseeland-echte-paua-muschel\/#primaryimage\"},\"thumbnailUrl\":\"https:\/\/travel-du.de\/reiseshop\/wp-content\/uploads\/2017\/01\/Paua-Abalone-Muschel-goldfarbene-Metallspirale-Kettenanhnger-Kette-aus-Neuseeland-0.jpg\",\"datePublished\":\"2017-01-28T14:25:19+00:00\",\"dateModified\":\"2020-02-02T21:19:15+00:00\",\"description\":\"Neuseeland Geschenkidee: Diese\u00a0Kette ist aus Paua Muscheln hergestellt, die nur in Neuseelands K\u00fcstengew\u00e4ssern gefunden werden.\",\"breadcrumb\":{\"@id\":\"https:\/\/travel-du.de\/reiseshop\/produkt\/kette-maori-neuseeland-echte-paua-muschel\/#breadcrumb\"},\"inLanguage\":\"de\",\"potentialAction\":[{\"@type\":\"ReadAction\",\"target\":[\"https:\/\/travel-du.de\/reiseshop\/produkt\/kette-maori-neuseeland-echte-paua-muschel\/\"]}]},{\"@type\":\"ImageObject\",\"inLanguage\":\"de\",\"@id\":\"https:\/\/travel-du.de\/reiseshop\/produkt\/kette-maori-neuseeland-echte-paua-muschel\/#primaryimage\",\"url\":\"https:\/\/travel-du.de\/reiseshop\/wp-content\/uploads\/2017\/01\/Paua-Abalone-Muschel-goldfarbene-Metallspirale-Kettenanhnger-Kette-aus-Neuseeland-0.jpg\",\"contentUrl\":\"https:\/\/travel-du.de\/reiseshop\/wp-content\/uploads\/2017\/01\/Paua-Abalone-Muschel-goldfarbene-Metallspirale-Kettenanhnger-Kette-aus-Neuseeland-0.jpg\",\"width\":500,\"height\":468},{\"@type\":\"BreadcrumbList\",\"@id\":\"https:\/\/travel-du.de\/reiseshop\/produkt\/kette-maori-neuseeland-echte-paua-muschel\/#breadcrumb\",\"itemListElement\":[{\"@type\":\"ListItem\",\"position\":1,\"name\":\"Startseite\",\"item\":\"https:\/\/travel-du.de\/reiseshop\/\"},{\"@type\":\"ListItem\",\"position\":2,\"name\":\"Shop\",\"item\":\"https:\/\/travel-du.de\/reiseshop\/shop\/\"},{\"@type\":\"ListItem\",\"position\":3,\"name\":\"Golfarbene Maori-Kette aus echter Paua Muschel\"}]},{\"@type\":\"WebSite\",\"@id\":\"https:\/\/travel-du.de\/reiseshop\/#website\",\"url\":\"https:\/\/travel-du.de\/reiseshop\/\",\"name\":\"Reiseshop Travel-du.de\",\"description\":\"Der Shop f\u00fcr Reisende, Weltenbummler und Abenteurer\",\"potentialAction\":[{\"@type\":\"SearchAction\",\"target\":{\"@type\":\"EntryPoint\",\"urlTemplate\":\"https:\/\/travel-du.de\/reiseshop\/?s={search_term_string}\"},\"query-input\":{\"@type\":\"PropertyValueSpecification\",\"valueRequired\":true,\"valueName\":\"search_term_string\"}}],\"inLanguage\":\"de\"}]}<\/script>\n<!-- \/ Yoast SEO plugin. -->","yoast_head_json":{"title":"Golfarbene Maori-Kette aus echter Paua Muschel &#8211; Reiseshop Travel-du.de","description":"Neuseeland Geschenkidee: Diese\u00a0Kette ist aus Paua Muscheln hergestellt, die nur in Neuseelands K\u00fcstengew\u00e4ssern gefunden werden.","robots":{"index":"index","follow":"follow","max-snippet":"max-snippet:-1","max-image-preview":"max-image-preview:large","max-video-preview":"max-video-preview:-1"},"canonical":"https:\/\/travel-du.de\/reiseshop\/produkt\/kette-maori-neuseeland-echte-paua-muschel\/","og_locale":"de_DE","og_type":"article","og_title":"Golfarbene Maori-Kette aus echter Paua Muschel &#8211; Reiseshop Travel-du.de","og_description":"Neuseeland Geschenkidee: Diese\u00a0Kette ist aus Paua Muscheln hergestellt, die nur in Neuseelands K\u00fcstengew\u00e4ssern gefunden werden.","og_url":"https:\/\/travel-du.de\/reiseshop\/produkt\/kette-maori-neuseeland-echte-paua-muschel\/","og_site_name":"Reiseshop Travel-du.de","article_modified_time":"2020-02-02T21:19:15+00:00","og_image":[{"width":500,"height":468,"url":"https:\/\/travel-du.de\/reiseshop\/wp-content\/uploads\/2017\/01\/Paua-Abalone-Muschel-goldfarbene-Metallspirale-Kettenanhnger-Kette-aus-Neuseeland-0.jpg","type":"image\/jpeg"}],"twitter_card":"summary_large_image","schema":{"@context":"https:\/\/schema.org","@graph":[{"@type":"WebPage","@id":"https:\/\/travel-du.de\/reiseshop\/produkt\/kette-maori-neuseeland-echte-paua-muschel\/","url":"https:\/\/travel-du.de\/reiseshop\/produkt\/kette-maori-neuseeland-echte-paua-muschel\/","name":"Golfarbene Maori-Kette aus echter Paua Muschel &#8211; Reiseshop Travel-du.de","isPartOf":{"@id":"https:\/\/travel-du.de\/reiseshop\/#website"},"primaryImageOfPage":{"@id":"https:\/\/travel-du.de\/reiseshop\/produkt\/kette-maori-neuseeland-echte-paua-muschel\/#primaryimage"},"image":{"@id":"https:\/\/travel-du.de\/reiseshop\/produkt\/kette-maori-neuseeland-echte-paua-muschel\/#primaryimage"},"thumbnailUrl":"https:\/\/travel-du.de\/reiseshop\/wp-content\/uploads\/2017\/01\/Paua-Abalone-Muschel-goldfarbene-Metallspirale-Kettenanhnger-Kette-aus-Neuseeland-0.jpg","datePublished":"2017-01-28T14:25:19+00:00","dateModified":"2020-02-02T21:19:15+00:00","description":"Neuseeland Geschenkidee: Diese\u00a0Kette ist aus Paua Muscheln hergestellt, die nur in Neuseelands K\u00fcstengew\u00e4ssern gefunden werden.","breadcrumb":{"@id":"https:\/\/travel-du.de\/reiseshop\/produkt\/kette-maori-neuseeland-echte-paua-muschel\/#breadcrumb"},"inLanguage":"de","potentialAction":[{"@type":"ReadAction","target":["https:\/\/travel-du.de\/reiseshop\/produkt\/kette-maori-neuseeland-echte-paua-muschel\/"]}]},{"@type":"ImageObject","inLanguage":"de","@id":"https:\/\/travel-du.de\/reiseshop\/produkt\/kette-maori-neuseeland-echte-paua-muschel\/#primaryimage","url":"https:\/\/travel-du.de\/reiseshop\/wp-content\/uploads\/2017\/01\/Paua-Abalone-Muschel-goldfarbene-Metallspirale-Kettenanhnger-Kette-aus-Neuseeland-0.jpg","contentUrl":"https:\/\/travel-du.de\/reiseshop\/wp-content\/uploads\/2017\/01\/Paua-Abalone-Muschel-goldfarbene-Metallspirale-Kettenanhnger-Kette-aus-Neuseeland-0.jpg","width":500,"height":468},{"@type":"BreadcrumbList","@id":"https:\/\/travel-du.de\/reiseshop\/produkt\/kette-maori-neuseeland-echte-paua-muschel\/#breadcrumb","itemListElement":[{"@type":"ListItem","position":1,"name":"Startseite","item":"https:\/\/travel-du.de\/reiseshop\/"},{"@type":"ListItem","position":2,"name":"Shop","item":"https:\/\/travel-du.de\/reiseshop\/shop\/"},{"@type":"ListItem","position":3,"name":"Golfarbene Maori-Kette aus echter Paua Muschel"}]},{"@type":"WebSite","@id":"https:\/\/travel-du.de\/reiseshop\/#website","url":"https:\/\/travel-du.de\/reiseshop\/","name":"Reiseshop Travel-du.de","description":"Der Shop f\u00fcr Reisende, Weltenbummler und Abenteurer","potentialAction":[{"@type":"SearchAction","target":{"@type":"EntryPoint","urlTemplate":"https:\/\/travel-du.de\/reiseshop\/?s={search_term_string}"},"query-input":{"@type":"PropertyValueSpecification","valueRequired":true,"valueName":"search_term_string"}}],"inLanguage":"de"}]}},"_links":{"self":[{"href":"https:\/\/travel-du.de\/reiseshop\/wp-json\/wp\/v2\/product\/910","targetHints":{"allow":["GET"]}}],"collection":[{"href":"https:\/\/travel-du.de\/reiseshop\/wp-json\/wp\/v2\/product"}],"about":[{"href":"https:\/\/travel-du.de\/reiseshop\/wp-json\/wp\/v2\/types\/product"}],"replies":[{"embeddable":true,"href":"https:\/\/travel-du.de\/reiseshop\/wp-json\/wp\/v2\/comments?post=910"}],"wp:featuredmedia":[{"embeddable":true,"href":"https:\/\/travel-du.de\/reiseshop\/wp-json\/wp\/v2\/media\/911"}],"wp:attachment":[{"href":"https:\/\/travel-du.de\/reiseshop\/wp-json\/wp\/v2\/media?parent=910"}],"wp:term":[{"taxonomy":"product_brand","embeddable":true,"href":"https:\/\/travel-du.de\/reiseshop\/wp-json\/wp\/v2\/product_brand?post=910"},{"taxonomy":"product_cat","embeddable":true,"href":"https:\/\/travel-du.de\/reiseshop\/wp-json\/wp\/v2\/product_cat?post=910"},{"taxonomy":"product_tag","embeddable":true,"href":"https:\/\/travel-du.de\/reiseshop\/wp-json\/wp\/v2\/product_tag?post=910"}],"curies":[{"name":"wp","href":"https:\/\/api.w.org\/{rel}","templated":true}]}}