{"id":894,"date":"2017-01-21T22:05:12","date_gmt":"2017-01-21T21:05:12","guid":{"rendered":"http:\/\/travel-du.de\/reiseshop\/produkt\/wie-der-kiwi-seine-fluegel-verlor\/"},"modified":"2025-03-02T18:21:12","modified_gmt":"2025-03-02T17:21:12","slug":"kinderbuch-neuseeland-wie-der-kiwi-seine-fluegel-verlor","status":"publish","type":"product","link":"https:\/\/travel-du.de\/reiseshop\/produkt\/kinderbuch-neuseeland-wie-der-kiwi-seine-fluegel-verlor\/","title":{"rendered":"Kinderbuch Neuseeland: Wie der Kiwi seine Fl\u00fcgel verlor"},"content":{"rendered":"<p>Neuseeland ist der einzige Ort auf der Welt, wo du den Kiwi finden kannst. Das wiederum ist ein kleiner flugunf\u00e4higer Laufvogel, der von den Neuseel\u00e4ndern so geliebt wird, dass sie sich sogar selbst als Kiwis bezeichnen und ihn zu ihrem Wahrzeichen ernannt haben.<\/p>\n<p>Dieses Buch beschreibt eine uralte Maori-Geschichte, \u00fcber den Kiwi und wie er seine Fl\u00fcgel verlor. Es geht um Verantwortung und die Bereitschaft etwas zu opfern. Daf\u00fcr hat Tobias Krejtschi faszinierende Acrylbilder geschaffen, die durch feine Vignetten in Linolschnitt reizvoll erg\u00e4nzt werden \u2013 Fazit: <strong>Nicht nur f\u00fcr Kinder spannend<\/strong>.<\/p>\n<h2><strong>geeignet f\u00fcr:<\/strong><\/h2>\n<ul>\n<li>Kinder von 4 &#8211; 6 Jahren<\/li>\n<li>Familien, die nach Neuseeland reisen oder schon dort waren.<\/li>\n<\/ul>\n<h2>Daten:<\/h2>\n<ul>\n<li><b>Gebundene Ausgabe:<\/b> 24 Seiten<\/li>\n<li><b>Verlag:<\/b> Peter Hammer Verlag (1. August 2010)<\/li>\n<\/ul>\n<div class=\"main-cross-sell\" data-asin=\"3779503018\">\n\n\t<div class=\"WooZone-cross-sell-loader\">\n\t\t<div>\n\t\t\t<div id=\"floatingBarsG\">\n\t\t\t\t<div class=\"blockG\" id=\"rotateG_01\"><\/div>\n\t\t\t\t<div class=\"blockG\" id=\"rotateG_02\"><\/div>\n\t\t\t\t<div class=\"blockG\" id=\"rotateG_03\"><\/div>\n\t\t\t\t<div class=\"blockG\" id=\"rotateG_04\"><\/div>\n\t\t\t\t<div class=\"blockG\" id=\"rotateG_05\"><\/div>\n\t\t\t\t<div class=\"blockG\" id=\"rotateG_06\"><\/div>\n\t\t\t\t<div class=\"blockG\" id=\"rotateG_07\"><\/div>\n\t\t\t\t<div class=\"blockG\" id=\"rotateG_08\"><\/div>\n\t\t\t<\/div>\n\t\t\t<div class=\"WooZone-cross-sell-loader-text\"><\/div>\n\t\t<\/div>\n\t<\/div>\n\n\t\t\n<\/div>\n<div style=\"clear:both;\"><\/div>\n","protected":false},"excerpt":{"rendered":"<p>Dieses Buch beschreibt eine uralte Maori-Geschichte, \u00fcber den Kiwi und wie er seine Fl\u00fcgel verlor. Es geht um Verantwortung und die Bereitschaft etwas zu opfern. Daf\u00fcr hat Tobias Krejtschi faszinierende Acrylbilder geschaffen, die durch feine Vignetten in Linolschnitt reizvoll erg\u00e4nzt werden \u2013 Fazit: <strong>Nicht nur f\u00fcr Kinder spannend<\/strong>.<\/p>\n<div class=\"amazon-button\" style=\"text-align: center;\">\u21d2 Direkt bei Amazon bestellen.<\/div>\n<p>&nbsp;<\/p>\n","protected":false},"featured_media":895,"comment_status":"open","ping_status":"closed","template":"","meta":[],"product_brand":[],"product_cat":[122,101],"product_tag":[],"class_list":{"0":"post-894","1":"product","2":"type-product","3":"status-publish","4":"has-post-thumbnail","6":"product_cat-geschenk-neuseeland","7":"product_cat-reiseliteratur","9":"first","10":"instock","11":"shipping-taxable","12":"product-type-external"},"yoast_head":"<!-- This site is optimized with the Yoast SEO plugin v26.2 - https:\/\/yoast.com\/wordpress\/plugins\/seo\/ -->\n<title>Kinderbuch Neuseeland: Wie der Kiwi seine Fl\u00fcgel verlor &#8211; Reiseshop Travel-du.de<\/title>\n<meta name=\"description\" content=\"In diesem tollen Kinderbuch geht es um Verantwortung und die Bereitschaft etwas zu opfern \u2013 Fazit: Nicht nur f\u00fcr Kinder spannend.\" \/>\n<meta name=\"robots\" content=\"index, follow, max-snippet:-1, max-image-preview:large, max-video-preview:-1\" \/>\n<link rel=\"canonical\" href=\"https:\/\/travel-du.de\/reiseshop\/produkt\/kinderbuch-neuseeland-wie-der-kiwi-seine-fluegel-verlor\/\" \/>\n<meta property=\"og:locale\" content=\"de_DE\" \/>\n<meta property=\"og:type\" content=\"article\" \/>\n<meta property=\"og:title\" content=\"Kinderbuch Neuseeland: Wie der Kiwi seine Fl\u00fcgel verlor &#8211; Reiseshop Travel-du.de\" \/>\n<meta property=\"og:description\" content=\"In diesem tollen Kinderbuch geht es um Verantwortung und die Bereitschaft etwas zu opfern \u2013 Fazit: Nicht nur f\u00fcr Kinder spannend.\" \/>\n<meta property=\"og:url\" content=\"https:\/\/travel-du.de\/reiseshop\/produkt\/kinderbuch-neuseeland-wie-der-kiwi-seine-fluegel-verlor\/\" \/>\n<meta property=\"og:site_name\" content=\"Reiseshop Travel-du.de\" \/>\n<meta property=\"article:modified_time\" content=\"2025-03-02T17:21:12+00:00\" \/>\n<meta property=\"og:image\" content=\"https:\/\/travel-du.de\/reiseshop\/wp-content\/uploads\/2017\/01\/Wie-der-Kiwi-seine-Flgel-verlor-0.jpg\" \/>\n\t<meta property=\"og:image:width\" content=\"492\" \/>\n\t<meta property=\"og:image:height\" content=\"500\" \/>\n\t<meta property=\"og:image:type\" content=\"image\/jpeg\" \/>\n<meta name=\"twitter:card\" content=\"summary_large_image\" \/>\n<meta name=\"twitter:label1\" content=\"Gesch\u00e4tzte Lesezeit\" \/>\n\t<meta name=\"twitter:data1\" content=\"1\u00a0Minute\" \/>\n<script type=\"application\/ld+json\" class=\"yoast-schema-graph\">{\"@context\":\"https:\/\/schema.org\",\"@graph\":[{\"@type\":\"WebPage\",\"@id\":\"https:\/\/travel-du.de\/reiseshop\/produkt\/kinderbuch-neuseeland-wie-der-kiwi-seine-fluegel-verlor\/\",\"url\":\"https:\/\/travel-du.de\/reiseshop\/produkt\/kinderbuch-neuseeland-wie-der-kiwi-seine-fluegel-verlor\/\",\"name\":\"Kinderbuch Neuseeland: Wie der Kiwi seine Fl\u00fcgel verlor &#8211; Reiseshop Travel-du.de\",\"isPartOf\":{\"@id\":\"https:\/\/travel-du.de\/reiseshop\/#website\"},\"primaryImageOfPage\":{\"@id\":\"https:\/\/travel-du.de\/reiseshop\/produkt\/kinderbuch-neuseeland-wie-der-kiwi-seine-fluegel-verlor\/#primaryimage\"},\"image\":{\"@id\":\"https:\/\/travel-du.de\/reiseshop\/produkt\/kinderbuch-neuseeland-wie-der-kiwi-seine-fluegel-verlor\/#primaryimage\"},\"thumbnailUrl\":\"https:\/\/travel-du.de\/reiseshop\/wp-content\/uploads\/2017\/01\/Wie-der-Kiwi-seine-Flgel-verlor-0.jpg\",\"datePublished\":\"2017-01-21T21:05:12+00:00\",\"dateModified\":\"2025-03-02T17:21:12+00:00\",\"description\":\"In diesem tollen Kinderbuch geht es um Verantwortung und die Bereitschaft etwas zu opfern \u2013 Fazit: Nicht nur f\u00fcr Kinder spannend.\",\"breadcrumb\":{\"@id\":\"https:\/\/travel-du.de\/reiseshop\/produkt\/kinderbuch-neuseeland-wie-der-kiwi-seine-fluegel-verlor\/#breadcrumb\"},\"inLanguage\":\"de\",\"potentialAction\":[{\"@type\":\"ReadAction\",\"target\":[\"https:\/\/travel-du.de\/reiseshop\/produkt\/kinderbuch-neuseeland-wie-der-kiwi-seine-fluegel-verlor\/\"]}]},{\"@type\":\"ImageObject\",\"inLanguage\":\"de\",\"@id\":\"https:\/\/travel-du.de\/reiseshop\/produkt\/kinderbuch-neuseeland-wie-der-kiwi-seine-fluegel-verlor\/#primaryimage\",\"url\":\"https:\/\/travel-du.de\/reiseshop\/wp-content\/uploads\/2017\/01\/Wie-der-Kiwi-seine-Flgel-verlor-0.jpg\",\"contentUrl\":\"https:\/\/travel-du.de\/reiseshop\/wp-content\/uploads\/2017\/01\/Wie-der-Kiwi-seine-Flgel-verlor-0.jpg\",\"width\":492,\"height\":500},{\"@type\":\"BreadcrumbList\",\"@id\":\"https:\/\/travel-du.de\/reiseshop\/produkt\/kinderbuch-neuseeland-wie-der-kiwi-seine-fluegel-verlor\/#breadcrumb\",\"itemListElement\":[{\"@type\":\"ListItem\",\"position\":1,\"name\":\"Startseite\",\"item\":\"https:\/\/travel-du.de\/reiseshop\/\"},{\"@type\":\"ListItem\",\"position\":2,\"name\":\"Shop\",\"item\":\"https:\/\/travel-du.de\/reiseshop\/shop\/\"},{\"@type\":\"ListItem\",\"position\":3,\"name\":\"Kinderbuch Neuseeland: Wie der Kiwi seine Fl\u00fcgel verlor\"}]},{\"@type\":\"WebSite\",\"@id\":\"https:\/\/travel-du.de\/reiseshop\/#website\",\"url\":\"https:\/\/travel-du.de\/reiseshop\/\",\"name\":\"Reiseshop Travel-du.de\",\"description\":\"Der Shop f\u00fcr Reisende, Weltenbummler und Abenteurer\",\"potentialAction\":[{\"@type\":\"SearchAction\",\"target\":{\"@type\":\"EntryPoint\",\"urlTemplate\":\"https:\/\/travel-du.de\/reiseshop\/?s={search_term_string}\"},\"query-input\":{\"@type\":\"PropertyValueSpecification\",\"valueRequired\":true,\"valueName\":\"search_term_string\"}}],\"inLanguage\":\"de\"}]}<\/script>\n<!-- \/ Yoast SEO plugin. -->","yoast_head_json":{"title":"Kinderbuch Neuseeland: Wie der Kiwi seine Fl\u00fcgel verlor &#8211; Reiseshop Travel-du.de","description":"In diesem tollen Kinderbuch geht es um Verantwortung und die Bereitschaft etwas zu opfern \u2013 Fazit: Nicht nur f\u00fcr Kinder spannend.","robots":{"index":"index","follow":"follow","max-snippet":"max-snippet:-1","max-image-preview":"max-image-preview:large","max-video-preview":"max-video-preview:-1"},"canonical":"https:\/\/travel-du.de\/reiseshop\/produkt\/kinderbuch-neuseeland-wie-der-kiwi-seine-fluegel-verlor\/","og_locale":"de_DE","og_type":"article","og_title":"Kinderbuch Neuseeland: Wie der Kiwi seine Fl\u00fcgel verlor &#8211; Reiseshop Travel-du.de","og_description":"In diesem tollen Kinderbuch geht es um Verantwortung und die Bereitschaft etwas zu opfern \u2013 Fazit: Nicht nur f\u00fcr Kinder spannend.","og_url":"https:\/\/travel-du.de\/reiseshop\/produkt\/kinderbuch-neuseeland-wie-der-kiwi-seine-fluegel-verlor\/","og_site_name":"Reiseshop Travel-du.de","article_modified_time":"2025-03-02T17:21:12+00:00","og_image":[{"width":492,"height":500,"url":"https:\/\/travel-du.de\/reiseshop\/wp-content\/uploads\/2017\/01\/Wie-der-Kiwi-seine-Flgel-verlor-0.jpg","type":"image\/jpeg"}],"twitter_card":"summary_large_image","twitter_misc":{"Gesch\u00e4tzte Lesezeit":"1\u00a0Minute"},"schema":{"@context":"https:\/\/schema.org","@graph":[{"@type":"WebPage","@id":"https:\/\/travel-du.de\/reiseshop\/produkt\/kinderbuch-neuseeland-wie-der-kiwi-seine-fluegel-verlor\/","url":"https:\/\/travel-du.de\/reiseshop\/produkt\/kinderbuch-neuseeland-wie-der-kiwi-seine-fluegel-verlor\/","name":"Kinderbuch Neuseeland: Wie der Kiwi seine Fl\u00fcgel verlor &#8211; Reiseshop Travel-du.de","isPartOf":{"@id":"https:\/\/travel-du.de\/reiseshop\/#website"},"primaryImageOfPage":{"@id":"https:\/\/travel-du.de\/reiseshop\/produkt\/kinderbuch-neuseeland-wie-der-kiwi-seine-fluegel-verlor\/#primaryimage"},"image":{"@id":"https:\/\/travel-du.de\/reiseshop\/produkt\/kinderbuch-neuseeland-wie-der-kiwi-seine-fluegel-verlor\/#primaryimage"},"thumbnailUrl":"https:\/\/travel-du.de\/reiseshop\/wp-content\/uploads\/2017\/01\/Wie-der-Kiwi-seine-Flgel-verlor-0.jpg","datePublished":"2017-01-21T21:05:12+00:00","dateModified":"2025-03-02T17:21:12+00:00","description":"In diesem tollen Kinderbuch geht es um Verantwortung und die Bereitschaft etwas zu opfern \u2013 Fazit: Nicht nur f\u00fcr Kinder spannend.","breadcrumb":{"@id":"https:\/\/travel-du.de\/reiseshop\/produkt\/kinderbuch-neuseeland-wie-der-kiwi-seine-fluegel-verlor\/#breadcrumb"},"inLanguage":"de","potentialAction":[{"@type":"ReadAction","target":["https:\/\/travel-du.de\/reiseshop\/produkt\/kinderbuch-neuseeland-wie-der-kiwi-seine-fluegel-verlor\/"]}]},{"@type":"ImageObject","inLanguage":"de","@id":"https:\/\/travel-du.de\/reiseshop\/produkt\/kinderbuch-neuseeland-wie-der-kiwi-seine-fluegel-verlor\/#primaryimage","url":"https:\/\/travel-du.de\/reiseshop\/wp-content\/uploads\/2017\/01\/Wie-der-Kiwi-seine-Flgel-verlor-0.jpg","contentUrl":"https:\/\/travel-du.de\/reiseshop\/wp-content\/uploads\/2017\/01\/Wie-der-Kiwi-seine-Flgel-verlor-0.jpg","width":492,"height":500},{"@type":"BreadcrumbList","@id":"https:\/\/travel-du.de\/reiseshop\/produkt\/kinderbuch-neuseeland-wie-der-kiwi-seine-fluegel-verlor\/#breadcrumb","itemListElement":[{"@type":"ListItem","position":1,"name":"Startseite","item":"https:\/\/travel-du.de\/reiseshop\/"},{"@type":"ListItem","position":2,"name":"Shop","item":"https:\/\/travel-du.de\/reiseshop\/shop\/"},{"@type":"ListItem","position":3,"name":"Kinderbuch Neuseeland: Wie der Kiwi seine Fl\u00fcgel verlor"}]},{"@type":"WebSite","@id":"https:\/\/travel-du.de\/reiseshop\/#website","url":"https:\/\/travel-du.de\/reiseshop\/","name":"Reiseshop Travel-du.de","description":"Der Shop f\u00fcr Reisende, Weltenbummler und Abenteurer","potentialAction":[{"@type":"SearchAction","target":{"@type":"EntryPoint","urlTemplate":"https:\/\/travel-du.de\/reiseshop\/?s={search_term_string}"},"query-input":{"@type":"PropertyValueSpecification","valueRequired":true,"valueName":"search_term_string"}}],"inLanguage":"de"}]}},"_links":{"self":[{"href":"https:\/\/travel-du.de\/reiseshop\/wp-json\/wp\/v2\/product\/894","targetHints":{"allow":["GET"]}}],"collection":[{"href":"https:\/\/travel-du.de\/reiseshop\/wp-json\/wp\/v2\/product"}],"about":[{"href":"https:\/\/travel-du.de\/reiseshop\/wp-json\/wp\/v2\/types\/product"}],"replies":[{"embeddable":true,"href":"https:\/\/travel-du.de\/reiseshop\/wp-json\/wp\/v2\/comments?post=894"}],"wp:featuredmedia":[{"embeddable":true,"href":"https:\/\/travel-du.de\/reiseshop\/wp-json\/wp\/v2\/media\/895"}],"wp:attachment":[{"href":"https:\/\/travel-du.de\/reiseshop\/wp-json\/wp\/v2\/media?parent=894"}],"wp:term":[{"taxonomy":"product_brand","embeddable":true,"href":"https:\/\/travel-du.de\/reiseshop\/wp-json\/wp\/v2\/product_brand?post=894"},{"taxonomy":"product_cat","embeddable":true,"href":"https:\/\/travel-du.de\/reiseshop\/wp-json\/wp\/v2\/product_cat?post=894"},{"taxonomy":"product_tag","embeddable":true,"href":"https:\/\/travel-du.de\/reiseshop\/wp-json\/wp\/v2\/product_tag?post=894"}],"curies":[{"name":"wp","href":"https:\/\/api.w.org\/{rel}","templated":true}]}}