{"id":889,"date":"2017-01-21T22:05:07","date_gmt":"2017-01-21T21:05:07","guid":{"rendered":"http:\/\/travel-du.de\/reiseshop\/produkt\/island-piercings-handgefertigter-amulett-anhaenger-spirale-im-maori-koru-design-inkl-band-pb144\/"},"modified":"2020-02-02T22:19:45","modified_gmt":"2020-02-02T21:19:45","slug":"maori-anhaenger-kette-neuseeland","status":"publish","type":"product","link":"https:\/\/travel-du.de\/reiseshop\/produkt\/maori-anhaenger-kette-neuseeland\/","title":{"rendered":"Handgefertigter Maori-Anh\u00e4nger von ISLAND PIERCINGS inkl. Band"},"content":{"rendered":"<p>Dieser aus B\u00fcffelknochen handgefertigte Anh\u00e4nger\u00a0stellt einen Koru dar und symbolisiert neues Leben.\u00a0Das Koru symbolisiert ein sich entfaltendes Farnblatt aus Neuseeland und damit den Neuanfang, neues Leben, Wachstum, St\u00e4rke und Frieden. Durch die Kreisform wird eine ewige Bewegung vermittelt und durch die Innere Spirale die R\u00fcckkehr zum Ausgangspunkt.<\/p>\n<ul>\n<li>Durchmesser: ca. 33mm<\/li>\n<li>geeignet f\u00fcr Ketten und B\u00e4nder bis 1,5mm St\u00e4rke<\/li>\n<li>Ein passendes schwarzes, gewachstes Baumwollband ist im Lieferumfang bereits enthalten<\/li>\n<li>Anmerkung: Da es sich bei diesem Artikel um ein in Handarbeit, aus Naturmaterialen gefertigtes Produkt handelt, kann es zu leichten Abweichungen in Form, Farbe und Gr\u00f6\u00dfe kommen.<\/li>\n<li>Unikat<\/li>\n<\/ul>\n<div class=\"main-cross-sell\" data-asin=\"B00NEET4CY\">\n\n\t<div class=\"WooZone-cross-sell-loader\">\n\t\t<div>\n\t\t\t<div id=\"floatingBarsG\">\n\t\t\t\t<div class=\"blockG\" id=\"rotateG_01\"><\/div>\n\t\t\t\t<div class=\"blockG\" id=\"rotateG_02\"><\/div>\n\t\t\t\t<div class=\"blockG\" id=\"rotateG_03\"><\/div>\n\t\t\t\t<div class=\"blockG\" id=\"rotateG_04\"><\/div>\n\t\t\t\t<div class=\"blockG\" id=\"rotateG_05\"><\/div>\n\t\t\t\t<div class=\"blockG\" id=\"rotateG_06\"><\/div>\n\t\t\t\t<div class=\"blockG\" id=\"rotateG_07\"><\/div>\n\t\t\t\t<div class=\"blockG\" id=\"rotateG_08\"><\/div>\n\t\t\t<\/div>\n\t\t\t<div class=\"WooZone-cross-sell-loader-text\"><\/div>\n\t\t<\/div>\n\t<\/div>\n\n\t\t\n<\/div>\n<div style=\"clear:both;\"><\/div>\n","protected":false},"excerpt":{"rendered":"<p>Dieser aus B\u00fcffelknochen handgefertigte Anh\u00e4nger stellt einen Koru dar und symbolisiert neues Leben. Das Koru symbolisiert ein sich entfaltendes Farnblatt aus Neuseeland und damit den Neuanfang, neues Leben, Wachstum, St\u00e4rke und Frieden. Durch die Kreisform wird eine ewige Bewegung vermittelt und durch die Innere Spirale die R\u00fcckkehr zum Ausgangspunkt.<\/p>\n<div class=\"amazon-button\" style=\"text-align: center;\">\u21d2 Direkt bei Amazon bestellen.<\/div>\n<p>&nbsp;<\/p>\n","protected":false},"featured_media":890,"comment_status":"open","ping_status":"closed","template":"","meta":[],"product_brand":[],"product_cat":[122,99],"product_tag":[],"class_list":{"0":"post-889","1":"product","2":"type-product","3":"status-publish","4":"has-post-thumbnail","6":"product_cat-geschenk-neuseeland","7":"product_cat-schmuck","9":"first","10":"instock","11":"shipping-taxable","12":"product-type-external"},"yoast_head":"<!-- This site is optimized with the Yoast SEO plugin v26.2 - https:\/\/yoast.com\/wordpress\/plugins\/seo\/ -->\n<title>Handgefertigter Maori-Anh\u00e4nger von ISLAND PIERCINGS inkl. Band &#8211; Reiseshop Travel-du.de<\/title>\n<meta name=\"description\" content=\"Neuseeland-Schmuck: Dieser aus B\u00fcffelknochen handgefertigte Anh\u00e4nger\u00a0stellt einen Koru dar und symbolisiert neues Leben. Auch super als Geschenk.\" \/>\n<meta name=\"robots\" content=\"index, follow, max-snippet:-1, max-image-preview:large, max-video-preview:-1\" \/>\n<link rel=\"canonical\" href=\"https:\/\/travel-du.de\/reiseshop\/produkt\/maori-anhaenger-kette-neuseeland\/\" \/>\n<meta property=\"og:locale\" content=\"de_DE\" \/>\n<meta property=\"og:type\" content=\"article\" \/>\n<meta property=\"og:title\" content=\"Handgefertigter Maori-Anh\u00e4nger von ISLAND PIERCINGS inkl. Band &#8211; Reiseshop Travel-du.de\" \/>\n<meta property=\"og:description\" content=\"Neuseeland-Schmuck: Dieser aus B\u00fcffelknochen handgefertigte Anh\u00e4nger\u00a0stellt einen Koru dar und symbolisiert neues Leben. Auch super als Geschenk.\" \/>\n<meta property=\"og:url\" content=\"https:\/\/travel-du.de\/reiseshop\/produkt\/maori-anhaenger-kette-neuseeland\/\" \/>\n<meta property=\"og:site_name\" content=\"Reiseshop Travel-du.de\" \/>\n<meta property=\"article:modified_time\" content=\"2020-02-02T21:19:45+00:00\" \/>\n<meta property=\"og:image\" content=\"https:\/\/travel-du.de\/reiseshop\/wp-content\/uploads\/2017\/01\/ISLAND-PIERCINGS-Handgefertigter-Amulett-Anhnger-Spirale-im-Maori-Koru-Design-inkl-Band-PB144-0.jpg\" \/>\n\t<meta property=\"og:image:width\" content=\"500\" \/>\n\t<meta property=\"og:image:height\" content=\"500\" \/>\n\t<meta property=\"og:image:type\" content=\"image\/jpeg\" \/>\n<meta name=\"twitter:card\" content=\"summary_large_image\" \/>\n<meta name=\"twitter:label1\" content=\"Gesch\u00e4tzte Lesezeit\" \/>\n\t<meta name=\"twitter:data1\" content=\"1\u00a0Minute\" \/>\n<script type=\"application\/ld+json\" class=\"yoast-schema-graph\">{\"@context\":\"https:\/\/schema.org\",\"@graph\":[{\"@type\":\"WebPage\",\"@id\":\"https:\/\/travel-du.de\/reiseshop\/produkt\/maori-anhaenger-kette-neuseeland\/\",\"url\":\"https:\/\/travel-du.de\/reiseshop\/produkt\/maori-anhaenger-kette-neuseeland\/\",\"name\":\"Handgefertigter Maori-Anh\u00e4nger von ISLAND PIERCINGS inkl. Band &#8211; Reiseshop Travel-du.de\",\"isPartOf\":{\"@id\":\"https:\/\/travel-du.de\/reiseshop\/#website\"},\"primaryImageOfPage\":{\"@id\":\"https:\/\/travel-du.de\/reiseshop\/produkt\/maori-anhaenger-kette-neuseeland\/#primaryimage\"},\"image\":{\"@id\":\"https:\/\/travel-du.de\/reiseshop\/produkt\/maori-anhaenger-kette-neuseeland\/#primaryimage\"},\"thumbnailUrl\":\"https:\/\/travel-du.de\/reiseshop\/wp-content\/uploads\/2017\/01\/ISLAND-PIERCINGS-Handgefertigter-Amulett-Anhnger-Spirale-im-Maori-Koru-Design-inkl-Band-PB144-0.jpg\",\"datePublished\":\"2017-01-21T21:05:07+00:00\",\"dateModified\":\"2020-02-02T21:19:45+00:00\",\"description\":\"Neuseeland-Schmuck: Dieser aus B\u00fcffelknochen handgefertigte Anh\u00e4nger\u00a0stellt einen Koru dar und symbolisiert neues Leben. Auch super als Geschenk.\",\"breadcrumb\":{\"@id\":\"https:\/\/travel-du.de\/reiseshop\/produkt\/maori-anhaenger-kette-neuseeland\/#breadcrumb\"},\"inLanguage\":\"de\",\"potentialAction\":[{\"@type\":\"ReadAction\",\"target\":[\"https:\/\/travel-du.de\/reiseshop\/produkt\/maori-anhaenger-kette-neuseeland\/\"]}]},{\"@type\":\"ImageObject\",\"inLanguage\":\"de\",\"@id\":\"https:\/\/travel-du.de\/reiseshop\/produkt\/maori-anhaenger-kette-neuseeland\/#primaryimage\",\"url\":\"https:\/\/travel-du.de\/reiseshop\/wp-content\/uploads\/2017\/01\/ISLAND-PIERCINGS-Handgefertigter-Amulett-Anhnger-Spirale-im-Maori-Koru-Design-inkl-Band-PB144-0.jpg\",\"contentUrl\":\"https:\/\/travel-du.de\/reiseshop\/wp-content\/uploads\/2017\/01\/ISLAND-PIERCINGS-Handgefertigter-Amulett-Anhnger-Spirale-im-Maori-Koru-Design-inkl-Band-PB144-0.jpg\",\"width\":500,\"height\":500},{\"@type\":\"BreadcrumbList\",\"@id\":\"https:\/\/travel-du.de\/reiseshop\/produkt\/maori-anhaenger-kette-neuseeland\/#breadcrumb\",\"itemListElement\":[{\"@type\":\"ListItem\",\"position\":1,\"name\":\"Startseite\",\"item\":\"https:\/\/travel-du.de\/reiseshop\/\"},{\"@type\":\"ListItem\",\"position\":2,\"name\":\"Shop\",\"item\":\"https:\/\/travel-du.de\/reiseshop\/shop\/\"},{\"@type\":\"ListItem\",\"position\":3,\"name\":\"Handgefertigter Maori-Anh\u00e4nger von ISLAND PIERCINGS inkl. Band\"}]},{\"@type\":\"WebSite\",\"@id\":\"https:\/\/travel-du.de\/reiseshop\/#website\",\"url\":\"https:\/\/travel-du.de\/reiseshop\/\",\"name\":\"Reiseshop Travel-du.de\",\"description\":\"Der Shop f\u00fcr Reisende, Weltenbummler und Abenteurer\",\"potentialAction\":[{\"@type\":\"SearchAction\",\"target\":{\"@type\":\"EntryPoint\",\"urlTemplate\":\"https:\/\/travel-du.de\/reiseshop\/?s={search_term_string}\"},\"query-input\":{\"@type\":\"PropertyValueSpecification\",\"valueRequired\":true,\"valueName\":\"search_term_string\"}}],\"inLanguage\":\"de\"}]}<\/script>\n<!-- \/ Yoast SEO plugin. -->","yoast_head_json":{"title":"Handgefertigter Maori-Anh\u00e4nger von ISLAND PIERCINGS inkl. Band &#8211; Reiseshop Travel-du.de","description":"Neuseeland-Schmuck: Dieser aus B\u00fcffelknochen handgefertigte Anh\u00e4nger\u00a0stellt einen Koru dar und symbolisiert neues Leben. Auch super als Geschenk.","robots":{"index":"index","follow":"follow","max-snippet":"max-snippet:-1","max-image-preview":"max-image-preview:large","max-video-preview":"max-video-preview:-1"},"canonical":"https:\/\/travel-du.de\/reiseshop\/produkt\/maori-anhaenger-kette-neuseeland\/","og_locale":"de_DE","og_type":"article","og_title":"Handgefertigter Maori-Anh\u00e4nger von ISLAND PIERCINGS inkl. Band &#8211; Reiseshop Travel-du.de","og_description":"Neuseeland-Schmuck: Dieser aus B\u00fcffelknochen handgefertigte Anh\u00e4nger\u00a0stellt einen Koru dar und symbolisiert neues Leben. Auch super als Geschenk.","og_url":"https:\/\/travel-du.de\/reiseshop\/produkt\/maori-anhaenger-kette-neuseeland\/","og_site_name":"Reiseshop Travel-du.de","article_modified_time":"2020-02-02T21:19:45+00:00","og_image":[{"width":500,"height":500,"url":"https:\/\/travel-du.de\/reiseshop\/wp-content\/uploads\/2017\/01\/ISLAND-PIERCINGS-Handgefertigter-Amulett-Anhnger-Spirale-im-Maori-Koru-Design-inkl-Band-PB144-0.jpg","type":"image\/jpeg"}],"twitter_card":"summary_large_image","twitter_misc":{"Gesch\u00e4tzte Lesezeit":"1\u00a0Minute"},"schema":{"@context":"https:\/\/schema.org","@graph":[{"@type":"WebPage","@id":"https:\/\/travel-du.de\/reiseshop\/produkt\/maori-anhaenger-kette-neuseeland\/","url":"https:\/\/travel-du.de\/reiseshop\/produkt\/maori-anhaenger-kette-neuseeland\/","name":"Handgefertigter Maori-Anh\u00e4nger von ISLAND PIERCINGS inkl. Band &#8211; Reiseshop Travel-du.de","isPartOf":{"@id":"https:\/\/travel-du.de\/reiseshop\/#website"},"primaryImageOfPage":{"@id":"https:\/\/travel-du.de\/reiseshop\/produkt\/maori-anhaenger-kette-neuseeland\/#primaryimage"},"image":{"@id":"https:\/\/travel-du.de\/reiseshop\/produkt\/maori-anhaenger-kette-neuseeland\/#primaryimage"},"thumbnailUrl":"https:\/\/travel-du.de\/reiseshop\/wp-content\/uploads\/2017\/01\/ISLAND-PIERCINGS-Handgefertigter-Amulett-Anhnger-Spirale-im-Maori-Koru-Design-inkl-Band-PB144-0.jpg","datePublished":"2017-01-21T21:05:07+00:00","dateModified":"2020-02-02T21:19:45+00:00","description":"Neuseeland-Schmuck: Dieser aus B\u00fcffelknochen handgefertigte Anh\u00e4nger\u00a0stellt einen Koru dar und symbolisiert neues Leben. Auch super als Geschenk.","breadcrumb":{"@id":"https:\/\/travel-du.de\/reiseshop\/produkt\/maori-anhaenger-kette-neuseeland\/#breadcrumb"},"inLanguage":"de","potentialAction":[{"@type":"ReadAction","target":["https:\/\/travel-du.de\/reiseshop\/produkt\/maori-anhaenger-kette-neuseeland\/"]}]},{"@type":"ImageObject","inLanguage":"de","@id":"https:\/\/travel-du.de\/reiseshop\/produkt\/maori-anhaenger-kette-neuseeland\/#primaryimage","url":"https:\/\/travel-du.de\/reiseshop\/wp-content\/uploads\/2017\/01\/ISLAND-PIERCINGS-Handgefertigter-Amulett-Anhnger-Spirale-im-Maori-Koru-Design-inkl-Band-PB144-0.jpg","contentUrl":"https:\/\/travel-du.de\/reiseshop\/wp-content\/uploads\/2017\/01\/ISLAND-PIERCINGS-Handgefertigter-Amulett-Anhnger-Spirale-im-Maori-Koru-Design-inkl-Band-PB144-0.jpg","width":500,"height":500},{"@type":"BreadcrumbList","@id":"https:\/\/travel-du.de\/reiseshop\/produkt\/maori-anhaenger-kette-neuseeland\/#breadcrumb","itemListElement":[{"@type":"ListItem","position":1,"name":"Startseite","item":"https:\/\/travel-du.de\/reiseshop\/"},{"@type":"ListItem","position":2,"name":"Shop","item":"https:\/\/travel-du.de\/reiseshop\/shop\/"},{"@type":"ListItem","position":3,"name":"Handgefertigter Maori-Anh\u00e4nger von ISLAND PIERCINGS inkl. Band"}]},{"@type":"WebSite","@id":"https:\/\/travel-du.de\/reiseshop\/#website","url":"https:\/\/travel-du.de\/reiseshop\/","name":"Reiseshop Travel-du.de","description":"Der Shop f\u00fcr Reisende, Weltenbummler und Abenteurer","potentialAction":[{"@type":"SearchAction","target":{"@type":"EntryPoint","urlTemplate":"https:\/\/travel-du.de\/reiseshop\/?s={search_term_string}"},"query-input":{"@type":"PropertyValueSpecification","valueRequired":true,"valueName":"search_term_string"}}],"inLanguage":"de"}]}},"_links":{"self":[{"href":"https:\/\/travel-du.de\/reiseshop\/wp-json\/wp\/v2\/product\/889","targetHints":{"allow":["GET"]}}],"collection":[{"href":"https:\/\/travel-du.de\/reiseshop\/wp-json\/wp\/v2\/product"}],"about":[{"href":"https:\/\/travel-du.de\/reiseshop\/wp-json\/wp\/v2\/types\/product"}],"replies":[{"embeddable":true,"href":"https:\/\/travel-du.de\/reiseshop\/wp-json\/wp\/v2\/comments?post=889"}],"wp:featuredmedia":[{"embeddable":true,"href":"https:\/\/travel-du.de\/reiseshop\/wp-json\/wp\/v2\/media\/890"}],"wp:attachment":[{"href":"https:\/\/travel-du.de\/reiseshop\/wp-json\/wp\/v2\/media?parent=889"}],"wp:term":[{"taxonomy":"product_brand","embeddable":true,"href":"https:\/\/travel-du.de\/reiseshop\/wp-json\/wp\/v2\/product_brand?post=889"},{"taxonomy":"product_cat","embeddable":true,"href":"https:\/\/travel-du.de\/reiseshop\/wp-json\/wp\/v2\/product_cat?post=889"},{"taxonomy":"product_tag","embeddable":true,"href":"https:\/\/travel-du.de\/reiseshop\/wp-json\/wp\/v2\/product_tag?post=889"}],"curies":[{"name":"wp","href":"https:\/\/api.w.org\/{rel}","templated":true}]}}