{"id":857,"date":"2017-01-21T22:04:39","date_gmt":"2017-01-21T21:04:39","guid":{"rendered":"http:\/\/travel-du.de\/reiseshop\/produkt\/rugby-ceramic-mug-new-zealand-all-blacks-2015-world-cup-player-arms-holding-ball\/"},"modified":"2022-06-06T20:54:10","modified_gmt":"2022-06-06T18:54:10","slug":"rugby-ceramic-mug-new-zealand-all-blacks-2015-world-cup-player-arms-holding-ball","status":"publish","type":"product","link":"https:\/\/travel-du.de\/reiseshop\/produkt\/rugby-ceramic-mug-new-zealand-all-blacks-2015-world-cup-player-arms-holding-ball\/","title":{"rendered":"All Blacks Rugby Tasse"},"content":{"rendered":"<ul>\n<li>Offiziell lizenziertes 2015 Rugby World Cup Tasse f\u00fcr die New Zealand All Blacks<\/li>\n<li>2015 Rugby World Cup Keramik-Tasse<\/li>\n<li>Ca. 11 Unzen\/315 ml<\/li>\n<li>Lieferung in Geschenkbox<\/li>\n<li>Tolle Geschenkidee<\/li>\n<li>Sp\u00fclmaschinenfest und mikrowellengeeignet<\/li>\n<\/ul>\n<div class=\"main-cross-sell\" data-asin=\"B015MUGJ5C\">\n\n\t<div class=\"WooZone-cross-sell-loader\">\n\t\t<div>\n\t\t\t<div id=\"floatingBarsG\">\n\t\t\t\t<div class=\"blockG\" id=\"rotateG_01\"><\/div>\n\t\t\t\t<div class=\"blockG\" id=\"rotateG_02\"><\/div>\n\t\t\t\t<div class=\"blockG\" id=\"rotateG_03\"><\/div>\n\t\t\t\t<div class=\"blockG\" id=\"rotateG_04\"><\/div>\n\t\t\t\t<div class=\"blockG\" id=\"rotateG_05\"><\/div>\n\t\t\t\t<div class=\"blockG\" id=\"rotateG_06\"><\/div>\n\t\t\t\t<div class=\"blockG\" id=\"rotateG_07\"><\/div>\n\t\t\t\t<div class=\"blockG\" id=\"rotateG_08\"><\/div>\n\t\t\t<\/div>\n\t\t\t<div class=\"WooZone-cross-sell-loader-text\"><\/div>\n\t\t<\/div>\n\t<\/div>\n\n\t\t\n<\/div>\n<div style=\"clear:both;\"><\/div>\n","protected":false},"excerpt":{"rendered":"<p>Neuseeland ist DAS Rugby Land. Die All Blacks werden von den Kiwis wie G\u00f6tter verehrt und wer einmal Neuseeland besucht, wird nicht drum herum kommen etwas vom Rugby Fieber der Einheimischen ab zu bekommen. Diese Tasse ist ein tolles Geschenk f\u00fcr alle Rugby Fans und eine sch\u00f6ne Erinnerung an ein Spiel der All Blacks (= der Name der Neuseel\u00e4ndischen Rugby Nationalmannschaft).<\/p>\n<ul>\n<li>2015 Rugby World Cup Keramik-Tasse<\/li>\n<li>Ca. 11 Unzen\/315 ml<\/li>\n<li>Lieferung in Geschenkbox<\/li>\n<\/ul>\n","protected":false},"featured_media":858,"comment_status":"open","ping_status":"closed","template":"","meta":[],"product_brand":[],"product_cat":[122],"product_tag":[],"class_list":{"0":"post-857","1":"product","2":"type-product","3":"status-publish","4":"has-post-thumbnail","6":"product_cat-geschenk-neuseeland","8":"first","9":"instock","10":"shipping-taxable","11":"product-type-external"},"yoast_head":"<!-- This site is optimized with the Yoast SEO plugin v27.4 - https:\/\/yoast.com\/product\/yoast-seo-wordpress\/ -->\n<title>All Blacks Rugby Tasse &#8211; Reiseshop Travel-du.de<\/title>\n<meta name=\"description\" content=\"Diese Tasse ist ein tolles Geschenk f\u00fcr alle Rugby Fans und eine sch\u00f6ne Erinnerung an ein Spiel der All Blacks (= Name der Rugby Nationalmannschaft Neuseelands).\" \/>\n<meta name=\"robots\" content=\"index, follow, max-snippet:-1, max-image-preview:large, max-video-preview:-1\" \/>\n<link rel=\"canonical\" href=\"https:\/\/travel-du.de\/reiseshop\/produkt\/rugby-ceramic-mug-new-zealand-all-blacks-2015-world-cup-player-arms-holding-ball\/\" \/>\n<meta property=\"og:locale\" content=\"de_DE\" \/>\n<meta property=\"og:type\" content=\"article\" \/>\n<meta property=\"og:title\" content=\"All Blacks Rugby Tasse &#8211; Reiseshop Travel-du.de\" \/>\n<meta property=\"og:description\" content=\"Diese Tasse ist ein tolles Geschenk f\u00fcr alle Rugby Fans und eine sch\u00f6ne Erinnerung an ein Spiel der All Blacks (= Name der Rugby Nationalmannschaft Neuseelands).\" \/>\n<meta property=\"og:url\" content=\"https:\/\/travel-du.de\/reiseshop\/produkt\/rugby-ceramic-mug-new-zealand-all-blacks-2015-world-cup-player-arms-holding-ball\/\" \/>\n<meta property=\"og:site_name\" content=\"Reiseshop Travel-du.de\" \/>\n<meta property=\"article:modified_time\" content=\"2022-06-06T18:54:10+00:00\" \/>\n<meta property=\"og:image\" content=\"https:\/\/travel-du.de\/reiseshop\/wp-content\/uploads\/2017\/01\/Rugby-Ceramic-Mug-New-Zealand-All-Blacks-2015-World-Cup-Player-Arms-Holding-Ball-0.jpg\" \/>\n\t<meta property=\"og:image:width\" content=\"438\" \/>\n\t<meta property=\"og:image:height\" content=\"500\" \/>\n\t<meta property=\"og:image:type\" content=\"image\/jpeg\" \/>\n<meta name=\"twitter:card\" content=\"summary_large_image\" \/>\n<script type=\"application\/ld+json\" class=\"yoast-schema-graph\">{\"@context\":\"https:\\\/\\\/schema.org\",\"@graph\":[{\"@type\":\"WebPage\",\"@id\":\"https:\\\/\\\/travel-du.de\\\/reiseshop\\\/produkt\\\/rugby-ceramic-mug-new-zealand-all-blacks-2015-world-cup-player-arms-holding-ball\\\/\",\"url\":\"https:\\\/\\\/travel-du.de\\\/reiseshop\\\/produkt\\\/rugby-ceramic-mug-new-zealand-all-blacks-2015-world-cup-player-arms-holding-ball\\\/\",\"name\":\"All Blacks Rugby Tasse &#8211; Reiseshop Travel-du.de\",\"isPartOf\":{\"@id\":\"https:\\\/\\\/travel-du.de\\\/reiseshop\\\/#website\"},\"primaryImageOfPage\":{\"@id\":\"https:\\\/\\\/travel-du.de\\\/reiseshop\\\/produkt\\\/rugby-ceramic-mug-new-zealand-all-blacks-2015-world-cup-player-arms-holding-ball\\\/#primaryimage\"},\"image\":{\"@id\":\"https:\\\/\\\/travel-du.de\\\/reiseshop\\\/produkt\\\/rugby-ceramic-mug-new-zealand-all-blacks-2015-world-cup-player-arms-holding-ball\\\/#primaryimage\"},\"thumbnailUrl\":\"https:\\\/\\\/travel-du.de\\\/reiseshop\\\/wp-content\\\/uploads\\\/2017\\\/01\\\/Rugby-Ceramic-Mug-New-Zealand-All-Blacks-2015-World-Cup-Player-Arms-Holding-Ball-0.jpg\",\"datePublished\":\"2017-01-21T21:04:39+00:00\",\"dateModified\":\"2022-06-06T18:54:10+00:00\",\"description\":\"Diese Tasse ist ein tolles Geschenk f\u00fcr alle Rugby Fans und eine sch\u00f6ne Erinnerung an ein Spiel der All Blacks (= Name der Rugby Nationalmannschaft Neuseelands).\",\"breadcrumb\":{\"@id\":\"https:\\\/\\\/travel-du.de\\\/reiseshop\\\/produkt\\\/rugby-ceramic-mug-new-zealand-all-blacks-2015-world-cup-player-arms-holding-ball\\\/#breadcrumb\"},\"inLanguage\":\"de\",\"potentialAction\":[{\"@type\":\"ReadAction\",\"target\":[\"https:\\\/\\\/travel-du.de\\\/reiseshop\\\/produkt\\\/rugby-ceramic-mug-new-zealand-all-blacks-2015-world-cup-player-arms-holding-ball\\\/\"]}]},{\"@type\":\"ImageObject\",\"inLanguage\":\"de\",\"@id\":\"https:\\\/\\\/travel-du.de\\\/reiseshop\\\/produkt\\\/rugby-ceramic-mug-new-zealand-all-blacks-2015-world-cup-player-arms-holding-ball\\\/#primaryimage\",\"url\":\"https:\\\/\\\/travel-du.de\\\/reiseshop\\\/wp-content\\\/uploads\\\/2017\\\/01\\\/Rugby-Ceramic-Mug-New-Zealand-All-Blacks-2015-World-Cup-Player-Arms-Holding-Ball-0.jpg\",\"contentUrl\":\"https:\\\/\\\/travel-du.de\\\/reiseshop\\\/wp-content\\\/uploads\\\/2017\\\/01\\\/Rugby-Ceramic-Mug-New-Zealand-All-Blacks-2015-World-Cup-Player-Arms-Holding-Ball-0.jpg\",\"width\":438,\"height\":500},{\"@type\":\"BreadcrumbList\",\"@id\":\"https:\\\/\\\/travel-du.de\\\/reiseshop\\\/produkt\\\/rugby-ceramic-mug-new-zealand-all-blacks-2015-world-cup-player-arms-holding-ball\\\/#breadcrumb\",\"itemListElement\":[{\"@type\":\"ListItem\",\"position\":1,\"name\":\"Startseite\",\"item\":\"https:\\\/\\\/travel-du.de\\\/reiseshop\\\/\"},{\"@type\":\"ListItem\",\"position\":2,\"name\":\"Shop\",\"item\":\"https:\\\/\\\/travel-du.de\\\/reiseshop\\\/shop\\\/\"},{\"@type\":\"ListItem\",\"position\":3,\"name\":\"All Blacks Rugby Tasse\"}]},{\"@type\":\"WebSite\",\"@id\":\"https:\\\/\\\/travel-du.de\\\/reiseshop\\\/#website\",\"url\":\"https:\\\/\\\/travel-du.de\\\/reiseshop\\\/\",\"name\":\"Reiseshop Travel-du.de\",\"description\":\"Der Shop f\u00fcr Reisende, Weltenbummler und Abenteurer\",\"potentialAction\":[{\"@type\":\"SearchAction\",\"target\":{\"@type\":\"EntryPoint\",\"urlTemplate\":\"https:\\\/\\\/travel-du.de\\\/reiseshop\\\/?s={search_term_string}\"},\"query-input\":{\"@type\":\"PropertyValueSpecification\",\"valueRequired\":true,\"valueName\":\"search_term_string\"}}],\"inLanguage\":\"de\"}]}<\/script>\n<!-- \/ Yoast SEO plugin. -->","yoast_head_json":{"title":"All Blacks Rugby Tasse &#8211; Reiseshop Travel-du.de","description":"Diese Tasse ist ein tolles Geschenk f\u00fcr alle Rugby Fans und eine sch\u00f6ne Erinnerung an ein Spiel der All Blacks (= Name der Rugby Nationalmannschaft Neuseelands).","robots":{"index":"index","follow":"follow","max-snippet":"max-snippet:-1","max-image-preview":"max-image-preview:large","max-video-preview":"max-video-preview:-1"},"canonical":"https:\/\/travel-du.de\/reiseshop\/produkt\/rugby-ceramic-mug-new-zealand-all-blacks-2015-world-cup-player-arms-holding-ball\/","og_locale":"de_DE","og_type":"article","og_title":"All Blacks Rugby Tasse &#8211; Reiseshop Travel-du.de","og_description":"Diese Tasse ist ein tolles Geschenk f\u00fcr alle Rugby Fans und eine sch\u00f6ne Erinnerung an ein Spiel der All Blacks (= Name der Rugby Nationalmannschaft Neuseelands).","og_url":"https:\/\/travel-du.de\/reiseshop\/produkt\/rugby-ceramic-mug-new-zealand-all-blacks-2015-world-cup-player-arms-holding-ball\/","og_site_name":"Reiseshop Travel-du.de","article_modified_time":"2022-06-06T18:54:10+00:00","og_image":[{"width":438,"height":500,"url":"https:\/\/travel-du.de\/reiseshop\/wp-content\/uploads\/2017\/01\/Rugby-Ceramic-Mug-New-Zealand-All-Blacks-2015-World-Cup-Player-Arms-Holding-Ball-0.jpg","type":"image\/jpeg"}],"twitter_card":"summary_large_image","schema":{"@context":"https:\/\/schema.org","@graph":[{"@type":"WebPage","@id":"https:\/\/travel-du.de\/reiseshop\/produkt\/rugby-ceramic-mug-new-zealand-all-blacks-2015-world-cup-player-arms-holding-ball\/","url":"https:\/\/travel-du.de\/reiseshop\/produkt\/rugby-ceramic-mug-new-zealand-all-blacks-2015-world-cup-player-arms-holding-ball\/","name":"All Blacks Rugby Tasse &#8211; Reiseshop Travel-du.de","isPartOf":{"@id":"https:\/\/travel-du.de\/reiseshop\/#website"},"primaryImageOfPage":{"@id":"https:\/\/travel-du.de\/reiseshop\/produkt\/rugby-ceramic-mug-new-zealand-all-blacks-2015-world-cup-player-arms-holding-ball\/#primaryimage"},"image":{"@id":"https:\/\/travel-du.de\/reiseshop\/produkt\/rugby-ceramic-mug-new-zealand-all-blacks-2015-world-cup-player-arms-holding-ball\/#primaryimage"},"thumbnailUrl":"https:\/\/travel-du.de\/reiseshop\/wp-content\/uploads\/2017\/01\/Rugby-Ceramic-Mug-New-Zealand-All-Blacks-2015-World-Cup-Player-Arms-Holding-Ball-0.jpg","datePublished":"2017-01-21T21:04:39+00:00","dateModified":"2022-06-06T18:54:10+00:00","description":"Diese Tasse ist ein tolles Geschenk f\u00fcr alle Rugby Fans und eine sch\u00f6ne Erinnerung an ein Spiel der All Blacks (= Name der Rugby Nationalmannschaft Neuseelands).","breadcrumb":{"@id":"https:\/\/travel-du.de\/reiseshop\/produkt\/rugby-ceramic-mug-new-zealand-all-blacks-2015-world-cup-player-arms-holding-ball\/#breadcrumb"},"inLanguage":"de","potentialAction":[{"@type":"ReadAction","target":["https:\/\/travel-du.de\/reiseshop\/produkt\/rugby-ceramic-mug-new-zealand-all-blacks-2015-world-cup-player-arms-holding-ball\/"]}]},{"@type":"ImageObject","inLanguage":"de","@id":"https:\/\/travel-du.de\/reiseshop\/produkt\/rugby-ceramic-mug-new-zealand-all-blacks-2015-world-cup-player-arms-holding-ball\/#primaryimage","url":"https:\/\/travel-du.de\/reiseshop\/wp-content\/uploads\/2017\/01\/Rugby-Ceramic-Mug-New-Zealand-All-Blacks-2015-World-Cup-Player-Arms-Holding-Ball-0.jpg","contentUrl":"https:\/\/travel-du.de\/reiseshop\/wp-content\/uploads\/2017\/01\/Rugby-Ceramic-Mug-New-Zealand-All-Blacks-2015-World-Cup-Player-Arms-Holding-Ball-0.jpg","width":438,"height":500},{"@type":"BreadcrumbList","@id":"https:\/\/travel-du.de\/reiseshop\/produkt\/rugby-ceramic-mug-new-zealand-all-blacks-2015-world-cup-player-arms-holding-ball\/#breadcrumb","itemListElement":[{"@type":"ListItem","position":1,"name":"Startseite","item":"https:\/\/travel-du.de\/reiseshop\/"},{"@type":"ListItem","position":2,"name":"Shop","item":"https:\/\/travel-du.de\/reiseshop\/shop\/"},{"@type":"ListItem","position":3,"name":"All Blacks Rugby Tasse"}]},{"@type":"WebSite","@id":"https:\/\/travel-du.de\/reiseshop\/#website","url":"https:\/\/travel-du.de\/reiseshop\/","name":"Reiseshop Travel-du.de","description":"Der Shop f\u00fcr Reisende, Weltenbummler und Abenteurer","potentialAction":[{"@type":"SearchAction","target":{"@type":"EntryPoint","urlTemplate":"https:\/\/travel-du.de\/reiseshop\/?s={search_term_string}"},"query-input":{"@type":"PropertyValueSpecification","valueRequired":true,"valueName":"search_term_string"}}],"inLanguage":"de"}]}},"_links":{"self":[{"href":"https:\/\/travel-du.de\/reiseshop\/wp-json\/wp\/v2\/product\/857","targetHints":{"allow":["GET"]}}],"collection":[{"href":"https:\/\/travel-du.de\/reiseshop\/wp-json\/wp\/v2\/product"}],"about":[{"href":"https:\/\/travel-du.de\/reiseshop\/wp-json\/wp\/v2\/types\/product"}],"replies":[{"embeddable":true,"href":"https:\/\/travel-du.de\/reiseshop\/wp-json\/wp\/v2\/comments?post=857"}],"wp:featuredmedia":[{"embeddable":true,"href":"https:\/\/travel-du.de\/reiseshop\/wp-json\/wp\/v2\/media\/858"}],"wp:attachment":[{"href":"https:\/\/travel-du.de\/reiseshop\/wp-json\/wp\/v2\/media?parent=857"}],"wp:term":[{"taxonomy":"product_brand","embeddable":true,"href":"https:\/\/travel-du.de\/reiseshop\/wp-json\/wp\/v2\/product_brand?post=857"},{"taxonomy":"product_cat","embeddable":true,"href":"https:\/\/travel-du.de\/reiseshop\/wp-json\/wp\/v2\/product_cat?post=857"},{"taxonomy":"product_tag","embeddable":true,"href":"https:\/\/travel-du.de\/reiseshop\/wp-json\/wp\/v2\/product_tag?post=857"}],"curies":[{"name":"wp","href":"https:\/\/api.w.org\/{rel}","templated":true}]}}