{"id":811,"date":"2017-01-21T21:31:19","date_gmt":"2017-01-21T20:31:19","guid":{"rendered":"http:\/\/travel-du.de\/reiseshop\/produkt\/mr-mrs-panda-postkarte-kiwi-neuseeland-100-handmade-aus-karton-300-gramm-neuseeland-new-zealand-kiwi-kiwivogel-komfortzone-postkarte-postkarten-einladungskarte-karte-geschenkkarte-brie\/"},"modified":"2020-02-02T22:20:39","modified_gmt":"2020-02-02T21:20:39","slug":"mr-mrs-panda-postkarte-kiwi-neuseeland-100-handmade-aus-karton-300-gramm-neuseeland-new-zealand-kiwi-kiwivogel-komfortzone-postkarte-postkarten-einladungskarte-karte-geschenkkarte-brie","status":"publish","type":"product","link":"https:\/\/travel-du.de\/reiseshop\/produkt\/mr-mrs-panda-postkarte-kiwi-neuseeland-100-handmade-aus-karton-300-gramm-neuseeland-new-zealand-kiwi-kiwivogel-komfortzone-postkarte-postkarten-einladungskarte-karte-geschenkkarte-brie\/","title":{"rendered":"Mr. &#038; Mrs. Panda Postkarte Kiwi Neuseeland"},"content":{"rendered":"<p>Originalprodukt Postkarte Kiwi Neuseeland aus Karton 300 Gramm wei\u00df &#8211; <b>Das Original von Mr. &amp; Mrs. Panda.<\/b> Diese wundersch\u00f6ne Postkarte aus edlem und hochwertigem 300 Gramm Papier wurde matt gl\u00e4nzend bedruckt und wirkt dadurch sehr edel. Nat\u00fcrlich ist sie auch als Geschenkkarte oder Einladungskarte problemlos zu verwenden. Jede unserer Postkarten wird von uns per hand entworfen, gefertigt, verpackt und verschickt.<\/p>\n<p><b>\u00dcber unser Motiv Kiwi Neuseeland<\/b><br \/>\nDer Kiwivogel geh\u00f6rt neben der atemberaubenden Landschaft zum Wahrzeichen Neuseelands.<\/p>\n<p><b>Verwendete Materialien<\/b><br \/>\nEs handelt sich um einen sehr hochwertigen und edel wirkenden Karton in der St\u00e4rke 300 Gramm.<\/p>\n<p><b>\u00dcber Mr. &amp; Mrs. Panda<\/b><br \/>\nMr. &amp; Mrs. Panda &#8211; das sind wir &#8211; ein junges P\u00e4rchen aus dem Norden Deutschlands. In unserer Manufaktur fertigen wir, zusammen mit unserem leidenschaftlichen Team, unserer Produkte mit Leidenschaft und Hingabe. Die Motive werden von Mrs. Panda entworfen und gezeichnet und die Materialien sorgf\u00e4ltig von uns gemeinsam ausgew\u00e4hlt. So entstehen einzigartige Produkte, die ihres gleichen suchen. Wir legen gro\u00dfen Wert auf zufriedene Kunden und betreuen jeden Kunden pers\u00f6nlich und mit Herz.<\/p>\n<p><b>Unser Produkt wird auch gesucht als:<\/b><br \/>\nNeuseeland, New Zealand, Kiwi, Kiwivogel, Komfortzone Postkarte, Postkarten, Einladungskarte Karte, Geschenkkarte, Brief, K\u00e4rtchen, Geschenk Papier, Pappe, Karton<br \/>\nper Hand verpackt und veredelt, zum Schenken und Verschenken ist dieses niedliche Pr\u00e4sent ideal als Geburststagsgeschenk<br \/>\n100% in Deutschland handgefertigt aus Karton 300 Gramm Material<br \/>\nPostkarte Kiwi Neuseeland &#8211; Der Kiwivogel geh\u00f6rt neben der atemberaubenden Landschaft zum Wahrzeichen Neuseelands.<br \/>\nPremium Postkarte aus Karton 300 Gramm &#8211; Dieses hochwertige Produkt wir in unserer Manufaktur in Norddeutschland mit Liebe gefertigt und verpackt.<br \/>\nUnsere Produkte sind als Geschenk f\u00fcr den Freund, die Freundin, denn Mann, die Frau, den Geliebten, Ehemann und Ehefrau, f\u00fcr den Jahrestag, den Hochzeitstag, zur Verlobung, zum Einzug, f\u00fcr Kinder und Erwachsene, f\u00fcr frisch Verliebte oder ein altes Ehepaar, f\u00fcr Oma und Opa, f\u00fcr Papa und Mama, f\u00fcr jung und alt geeignet &#8211; ein liebevolles Geschenk von Herzen von Mr. &amp; Mrs. Panda ist immer etwas ganz besonderes.<br \/>\n<div class=\"main-cross-sell\" data-asin=\"B01LYII9BT\">\n\n\t<div class=\"WooZone-cross-sell-loader\">\n\t\t<div>\n\t\t\t<div id=\"floatingBarsG\">\n\t\t\t\t<div class=\"blockG\" id=\"rotateG_01\"><\/div>\n\t\t\t\t<div class=\"blockG\" id=\"rotateG_02\"><\/div>\n\t\t\t\t<div class=\"blockG\" id=\"rotateG_03\"><\/div>\n\t\t\t\t<div class=\"blockG\" id=\"rotateG_04\"><\/div>\n\t\t\t\t<div class=\"blockG\" id=\"rotateG_05\"><\/div>\n\t\t\t\t<div class=\"blockG\" id=\"rotateG_06\"><\/div>\n\t\t\t\t<div class=\"blockG\" id=\"rotateG_07\"><\/div>\n\t\t\t\t<div class=\"blockG\" id=\"rotateG_08\"><\/div>\n\t\t\t<\/div>\n\t\t\t<div class=\"WooZone-cross-sell-loader-text\"><\/div>\n\t\t<\/div>\n\t<\/div>\n\n\t\t\n<\/div>\n<div style=\"clear:both;\"><\/div><\/p>\n","protected":false},"excerpt":{"rendered":"<ul>\n<li>per Hand verpackt und veredelt, zum Schenken und Verschenken ist dieses niedliche Pr\u00e4sent ideal als Geburststagsgeschenk<\/li>\n<li>100% in Deutschland handgefertigt aus Karton 300 Gramm Material<\/li>\n<li>Postkarte Kiwi Neuseeland &#8211; Der Kiwi-Vogel geh\u00f6rt neben der atemberaubenden Landschaft zum Wahrzeichen Neuseelands.<\/li>\n<\/ul>\n","protected":false},"featured_media":812,"comment_status":"open","ping_status":"closed","template":"","meta":[],"product_brand":[],"product_cat":[122],"product_tag":[],"class_list":{"0":"post-811","1":"product","2":"type-product","3":"status-publish","4":"has-post-thumbnail","6":"product_cat-geschenk-neuseeland","8":"first","9":"instock","10":"shipping-taxable","11":"product-type-external"},"yoast_head":"<!-- This site is optimized with the Yoast SEO plugin v27.4 - https:\/\/yoast.com\/product\/yoast-seo-wordpress\/ -->\n<title>Mr. &amp; Mrs. Panda Postkarte Kiwi Neuseeland &#8211; Reiseshop Travel-du.de<\/title>\n<meta name=\"description\" content=\"Diese wundersch\u00f6ne Neuseeland Postkarte aus edlem und hochwertigem 300 Gramm Papier wurde matt gl\u00e4nzend bedruckt und wirkt dadurch sehr edel.\" \/>\n<meta name=\"robots\" content=\"index, follow, max-snippet:-1, max-image-preview:large, max-video-preview:-1\" \/>\n<link rel=\"canonical\" href=\"https:\/\/travel-du.de\/reiseshop\/produkt\/mr-mrs-panda-postkarte-kiwi-neuseeland-100-handmade-aus-karton-300-gramm-neuseeland-new-zealand-kiwi-kiwivogel-komfortzone-postkarte-postkarten-einladungskarte-karte-geschenkkarte-brie\/\" \/>\n<meta property=\"og:locale\" content=\"de_DE\" \/>\n<meta property=\"og:type\" content=\"article\" \/>\n<meta property=\"og:title\" content=\"Mr. &amp; Mrs. Panda Postkarte Kiwi Neuseeland &#8211; Reiseshop Travel-du.de\" \/>\n<meta property=\"og:description\" content=\"Diese wundersch\u00f6ne Neuseeland Postkarte aus edlem und hochwertigem 300 Gramm Papier wurde matt gl\u00e4nzend bedruckt und wirkt dadurch sehr edel.\" \/>\n<meta property=\"og:url\" content=\"https:\/\/travel-du.de\/reiseshop\/produkt\/mr-mrs-panda-postkarte-kiwi-neuseeland-100-handmade-aus-karton-300-gramm-neuseeland-new-zealand-kiwi-kiwivogel-komfortzone-postkarte-postkarten-einladungskarte-karte-geschenkkarte-brie\/\" \/>\n<meta property=\"og:site_name\" content=\"Reiseshop Travel-du.de\" \/>\n<meta property=\"article:modified_time\" content=\"2020-02-02T21:20:39+00:00\" \/>\n<meta property=\"og:image\" content=\"https:\/\/travel-du.de\/reiseshop\/wp-content\/uploads\/2017\/01\/Mr-Mrs-Panda-Postkarte-Kiwi-Neuseeland-100-handmade-aus-Karton-300-Gramm-Neuseeland-New-Zealand-Kiwi-Kiwivogel-Komfortzone-Postkarte-Postkarten-Einladungskarte-Karte-Geschenkkarte-Brief-Krtchen-Gesche-0.jpg\" \/>\n\t<meta property=\"og:image:width\" content=\"500\" \/>\n\t<meta property=\"og:image:height\" content=\"500\" \/>\n\t<meta property=\"og:image:type\" content=\"image\/jpeg\" \/>\n<meta name=\"twitter:card\" content=\"summary_large_image\" \/>\n<meta name=\"twitter:label1\" content=\"Gesch\u00e4tzte Lesezeit\" \/>\n\t<meta name=\"twitter:data1\" content=\"2\u00a0Minuten\" \/>\n<script type=\"application\/ld+json\" class=\"yoast-schema-graph\">{\"@context\":\"https:\\\/\\\/schema.org\",\"@graph\":[{\"@type\":\"WebPage\",\"@id\":\"https:\\\/\\\/travel-du.de\\\/reiseshop\\\/produkt\\\/mr-mrs-panda-postkarte-kiwi-neuseeland-100-handmade-aus-karton-300-gramm-neuseeland-new-zealand-kiwi-kiwivogel-komfortzone-postkarte-postkarten-einladungskarte-karte-geschenkkarte-brie\\\/\",\"url\":\"https:\\\/\\\/travel-du.de\\\/reiseshop\\\/produkt\\\/mr-mrs-panda-postkarte-kiwi-neuseeland-100-handmade-aus-karton-300-gramm-neuseeland-new-zealand-kiwi-kiwivogel-komfortzone-postkarte-postkarten-einladungskarte-karte-geschenkkarte-brie\\\/\",\"name\":\"Mr. & Mrs. Panda Postkarte Kiwi Neuseeland &#8211; Reiseshop Travel-du.de\",\"isPartOf\":{\"@id\":\"https:\\\/\\\/travel-du.de\\\/reiseshop\\\/#website\"},\"primaryImageOfPage\":{\"@id\":\"https:\\\/\\\/travel-du.de\\\/reiseshop\\\/produkt\\\/mr-mrs-panda-postkarte-kiwi-neuseeland-100-handmade-aus-karton-300-gramm-neuseeland-new-zealand-kiwi-kiwivogel-komfortzone-postkarte-postkarten-einladungskarte-karte-geschenkkarte-brie\\\/#primaryimage\"},\"image\":{\"@id\":\"https:\\\/\\\/travel-du.de\\\/reiseshop\\\/produkt\\\/mr-mrs-panda-postkarte-kiwi-neuseeland-100-handmade-aus-karton-300-gramm-neuseeland-new-zealand-kiwi-kiwivogel-komfortzone-postkarte-postkarten-einladungskarte-karte-geschenkkarte-brie\\\/#primaryimage\"},\"thumbnailUrl\":\"https:\\\/\\\/travel-du.de\\\/reiseshop\\\/wp-content\\\/uploads\\\/2017\\\/01\\\/Mr-Mrs-Panda-Postkarte-Kiwi-Neuseeland-100-handmade-aus-Karton-300-Gramm-Neuseeland-New-Zealand-Kiwi-Kiwivogel-Komfortzone-Postkarte-Postkarten-Einladungskarte-Karte-Geschenkkarte-Brief-Krtchen-Gesche-0.jpg\",\"datePublished\":\"2017-01-21T20:31:19+00:00\",\"dateModified\":\"2020-02-02T21:20:39+00:00\",\"description\":\"Diese wundersch\u00f6ne Neuseeland Postkarte aus edlem und hochwertigem 300 Gramm Papier wurde matt gl\u00e4nzend bedruckt und wirkt dadurch sehr edel.\",\"breadcrumb\":{\"@id\":\"https:\\\/\\\/travel-du.de\\\/reiseshop\\\/produkt\\\/mr-mrs-panda-postkarte-kiwi-neuseeland-100-handmade-aus-karton-300-gramm-neuseeland-new-zealand-kiwi-kiwivogel-komfortzone-postkarte-postkarten-einladungskarte-karte-geschenkkarte-brie\\\/#breadcrumb\"},\"inLanguage\":\"de\",\"potentialAction\":[{\"@type\":\"ReadAction\",\"target\":[\"https:\\\/\\\/travel-du.de\\\/reiseshop\\\/produkt\\\/mr-mrs-panda-postkarte-kiwi-neuseeland-100-handmade-aus-karton-300-gramm-neuseeland-new-zealand-kiwi-kiwivogel-komfortzone-postkarte-postkarten-einladungskarte-karte-geschenkkarte-brie\\\/\"]}]},{\"@type\":\"ImageObject\",\"inLanguage\":\"de\",\"@id\":\"https:\\\/\\\/travel-du.de\\\/reiseshop\\\/produkt\\\/mr-mrs-panda-postkarte-kiwi-neuseeland-100-handmade-aus-karton-300-gramm-neuseeland-new-zealand-kiwi-kiwivogel-komfortzone-postkarte-postkarten-einladungskarte-karte-geschenkkarte-brie\\\/#primaryimage\",\"url\":\"https:\\\/\\\/travel-du.de\\\/reiseshop\\\/wp-content\\\/uploads\\\/2017\\\/01\\\/Mr-Mrs-Panda-Postkarte-Kiwi-Neuseeland-100-handmade-aus-Karton-300-Gramm-Neuseeland-New-Zealand-Kiwi-Kiwivogel-Komfortzone-Postkarte-Postkarten-Einladungskarte-Karte-Geschenkkarte-Brief-Krtchen-Gesche-0.jpg\",\"contentUrl\":\"https:\\\/\\\/travel-du.de\\\/reiseshop\\\/wp-content\\\/uploads\\\/2017\\\/01\\\/Mr-Mrs-Panda-Postkarte-Kiwi-Neuseeland-100-handmade-aus-Karton-300-Gramm-Neuseeland-New-Zealand-Kiwi-Kiwivogel-Komfortzone-Postkarte-Postkarten-Einladungskarte-Karte-Geschenkkarte-Brief-Krtchen-Gesche-0.jpg\",\"width\":500,\"height\":500},{\"@type\":\"BreadcrumbList\",\"@id\":\"https:\\\/\\\/travel-du.de\\\/reiseshop\\\/produkt\\\/mr-mrs-panda-postkarte-kiwi-neuseeland-100-handmade-aus-karton-300-gramm-neuseeland-new-zealand-kiwi-kiwivogel-komfortzone-postkarte-postkarten-einladungskarte-karte-geschenkkarte-brie\\\/#breadcrumb\",\"itemListElement\":[{\"@type\":\"ListItem\",\"position\":1,\"name\":\"Startseite\",\"item\":\"https:\\\/\\\/travel-du.de\\\/reiseshop\\\/\"},{\"@type\":\"ListItem\",\"position\":2,\"name\":\"Shop\",\"item\":\"https:\\\/\\\/travel-du.de\\\/reiseshop\\\/shop\\\/\"},{\"@type\":\"ListItem\",\"position\":3,\"name\":\"Mr. &#038; Mrs. Panda Postkarte Kiwi Neuseeland\"}]},{\"@type\":\"WebSite\",\"@id\":\"https:\\\/\\\/travel-du.de\\\/reiseshop\\\/#website\",\"url\":\"https:\\\/\\\/travel-du.de\\\/reiseshop\\\/\",\"name\":\"Reiseshop Travel-du.de\",\"description\":\"Der Shop f\u00fcr Reisende, Weltenbummler und Abenteurer\",\"potentialAction\":[{\"@type\":\"SearchAction\",\"target\":{\"@type\":\"EntryPoint\",\"urlTemplate\":\"https:\\\/\\\/travel-du.de\\\/reiseshop\\\/?s={search_term_string}\"},\"query-input\":{\"@type\":\"PropertyValueSpecification\",\"valueRequired\":true,\"valueName\":\"search_term_string\"}}],\"inLanguage\":\"de\"}]}<\/script>\n<!-- \/ Yoast SEO plugin. -->","yoast_head_json":{"title":"Mr. & Mrs. Panda Postkarte Kiwi Neuseeland &#8211; Reiseshop Travel-du.de","description":"Diese wundersch\u00f6ne Neuseeland Postkarte aus edlem und hochwertigem 300 Gramm Papier wurde matt gl\u00e4nzend bedruckt und wirkt dadurch sehr edel.","robots":{"index":"index","follow":"follow","max-snippet":"max-snippet:-1","max-image-preview":"max-image-preview:large","max-video-preview":"max-video-preview:-1"},"canonical":"https:\/\/travel-du.de\/reiseshop\/produkt\/mr-mrs-panda-postkarte-kiwi-neuseeland-100-handmade-aus-karton-300-gramm-neuseeland-new-zealand-kiwi-kiwivogel-komfortzone-postkarte-postkarten-einladungskarte-karte-geschenkkarte-brie\/","og_locale":"de_DE","og_type":"article","og_title":"Mr. & Mrs. Panda Postkarte Kiwi Neuseeland &#8211; Reiseshop Travel-du.de","og_description":"Diese wundersch\u00f6ne Neuseeland Postkarte aus edlem und hochwertigem 300 Gramm Papier wurde matt gl\u00e4nzend bedruckt und wirkt dadurch sehr edel.","og_url":"https:\/\/travel-du.de\/reiseshop\/produkt\/mr-mrs-panda-postkarte-kiwi-neuseeland-100-handmade-aus-karton-300-gramm-neuseeland-new-zealand-kiwi-kiwivogel-komfortzone-postkarte-postkarten-einladungskarte-karte-geschenkkarte-brie\/","og_site_name":"Reiseshop Travel-du.de","article_modified_time":"2020-02-02T21:20:39+00:00","og_image":[{"width":500,"height":500,"url":"https:\/\/travel-du.de\/reiseshop\/wp-content\/uploads\/2017\/01\/Mr-Mrs-Panda-Postkarte-Kiwi-Neuseeland-100-handmade-aus-Karton-300-Gramm-Neuseeland-New-Zealand-Kiwi-Kiwivogel-Komfortzone-Postkarte-Postkarten-Einladungskarte-Karte-Geschenkkarte-Brief-Krtchen-Gesche-0.jpg","type":"image\/jpeg"}],"twitter_card":"summary_large_image","twitter_misc":{"Gesch\u00e4tzte Lesezeit":"2\u00a0Minuten"},"schema":{"@context":"https:\/\/schema.org","@graph":[{"@type":"WebPage","@id":"https:\/\/travel-du.de\/reiseshop\/produkt\/mr-mrs-panda-postkarte-kiwi-neuseeland-100-handmade-aus-karton-300-gramm-neuseeland-new-zealand-kiwi-kiwivogel-komfortzone-postkarte-postkarten-einladungskarte-karte-geschenkkarte-brie\/","url":"https:\/\/travel-du.de\/reiseshop\/produkt\/mr-mrs-panda-postkarte-kiwi-neuseeland-100-handmade-aus-karton-300-gramm-neuseeland-new-zealand-kiwi-kiwivogel-komfortzone-postkarte-postkarten-einladungskarte-karte-geschenkkarte-brie\/","name":"Mr. & Mrs. Panda Postkarte Kiwi Neuseeland &#8211; Reiseshop Travel-du.de","isPartOf":{"@id":"https:\/\/travel-du.de\/reiseshop\/#website"},"primaryImageOfPage":{"@id":"https:\/\/travel-du.de\/reiseshop\/produkt\/mr-mrs-panda-postkarte-kiwi-neuseeland-100-handmade-aus-karton-300-gramm-neuseeland-new-zealand-kiwi-kiwivogel-komfortzone-postkarte-postkarten-einladungskarte-karte-geschenkkarte-brie\/#primaryimage"},"image":{"@id":"https:\/\/travel-du.de\/reiseshop\/produkt\/mr-mrs-panda-postkarte-kiwi-neuseeland-100-handmade-aus-karton-300-gramm-neuseeland-new-zealand-kiwi-kiwivogel-komfortzone-postkarte-postkarten-einladungskarte-karte-geschenkkarte-brie\/#primaryimage"},"thumbnailUrl":"https:\/\/travel-du.de\/reiseshop\/wp-content\/uploads\/2017\/01\/Mr-Mrs-Panda-Postkarte-Kiwi-Neuseeland-100-handmade-aus-Karton-300-Gramm-Neuseeland-New-Zealand-Kiwi-Kiwivogel-Komfortzone-Postkarte-Postkarten-Einladungskarte-Karte-Geschenkkarte-Brief-Krtchen-Gesche-0.jpg","datePublished":"2017-01-21T20:31:19+00:00","dateModified":"2020-02-02T21:20:39+00:00","description":"Diese wundersch\u00f6ne Neuseeland Postkarte aus edlem und hochwertigem 300 Gramm Papier wurde matt gl\u00e4nzend bedruckt und wirkt dadurch sehr edel.","breadcrumb":{"@id":"https:\/\/travel-du.de\/reiseshop\/produkt\/mr-mrs-panda-postkarte-kiwi-neuseeland-100-handmade-aus-karton-300-gramm-neuseeland-new-zealand-kiwi-kiwivogel-komfortzone-postkarte-postkarten-einladungskarte-karte-geschenkkarte-brie\/#breadcrumb"},"inLanguage":"de","potentialAction":[{"@type":"ReadAction","target":["https:\/\/travel-du.de\/reiseshop\/produkt\/mr-mrs-panda-postkarte-kiwi-neuseeland-100-handmade-aus-karton-300-gramm-neuseeland-new-zealand-kiwi-kiwivogel-komfortzone-postkarte-postkarten-einladungskarte-karte-geschenkkarte-brie\/"]}]},{"@type":"ImageObject","inLanguage":"de","@id":"https:\/\/travel-du.de\/reiseshop\/produkt\/mr-mrs-panda-postkarte-kiwi-neuseeland-100-handmade-aus-karton-300-gramm-neuseeland-new-zealand-kiwi-kiwivogel-komfortzone-postkarte-postkarten-einladungskarte-karte-geschenkkarte-brie\/#primaryimage","url":"https:\/\/travel-du.de\/reiseshop\/wp-content\/uploads\/2017\/01\/Mr-Mrs-Panda-Postkarte-Kiwi-Neuseeland-100-handmade-aus-Karton-300-Gramm-Neuseeland-New-Zealand-Kiwi-Kiwivogel-Komfortzone-Postkarte-Postkarten-Einladungskarte-Karte-Geschenkkarte-Brief-Krtchen-Gesche-0.jpg","contentUrl":"https:\/\/travel-du.de\/reiseshop\/wp-content\/uploads\/2017\/01\/Mr-Mrs-Panda-Postkarte-Kiwi-Neuseeland-100-handmade-aus-Karton-300-Gramm-Neuseeland-New-Zealand-Kiwi-Kiwivogel-Komfortzone-Postkarte-Postkarten-Einladungskarte-Karte-Geschenkkarte-Brief-Krtchen-Gesche-0.jpg","width":500,"height":500},{"@type":"BreadcrumbList","@id":"https:\/\/travel-du.de\/reiseshop\/produkt\/mr-mrs-panda-postkarte-kiwi-neuseeland-100-handmade-aus-karton-300-gramm-neuseeland-new-zealand-kiwi-kiwivogel-komfortzone-postkarte-postkarten-einladungskarte-karte-geschenkkarte-brie\/#breadcrumb","itemListElement":[{"@type":"ListItem","position":1,"name":"Startseite","item":"https:\/\/travel-du.de\/reiseshop\/"},{"@type":"ListItem","position":2,"name":"Shop","item":"https:\/\/travel-du.de\/reiseshop\/shop\/"},{"@type":"ListItem","position":3,"name":"Mr. &#038; Mrs. Panda Postkarte Kiwi Neuseeland"}]},{"@type":"WebSite","@id":"https:\/\/travel-du.de\/reiseshop\/#website","url":"https:\/\/travel-du.de\/reiseshop\/","name":"Reiseshop Travel-du.de","description":"Der Shop f\u00fcr Reisende, Weltenbummler und Abenteurer","potentialAction":[{"@type":"SearchAction","target":{"@type":"EntryPoint","urlTemplate":"https:\/\/travel-du.de\/reiseshop\/?s={search_term_string}"},"query-input":{"@type":"PropertyValueSpecification","valueRequired":true,"valueName":"search_term_string"}}],"inLanguage":"de"}]}},"_links":{"self":[{"href":"https:\/\/travel-du.de\/reiseshop\/wp-json\/wp\/v2\/product\/811","targetHints":{"allow":["GET"]}}],"collection":[{"href":"https:\/\/travel-du.de\/reiseshop\/wp-json\/wp\/v2\/product"}],"about":[{"href":"https:\/\/travel-du.de\/reiseshop\/wp-json\/wp\/v2\/types\/product"}],"replies":[{"embeddable":true,"href":"https:\/\/travel-du.de\/reiseshop\/wp-json\/wp\/v2\/comments?post=811"}],"wp:featuredmedia":[{"embeddable":true,"href":"https:\/\/travel-du.de\/reiseshop\/wp-json\/wp\/v2\/media\/812"}],"wp:attachment":[{"href":"https:\/\/travel-du.de\/reiseshop\/wp-json\/wp\/v2\/media?parent=811"}],"wp:term":[{"taxonomy":"product_brand","embeddable":true,"href":"https:\/\/travel-du.de\/reiseshop\/wp-json\/wp\/v2\/product_brand?post=811"},{"taxonomy":"product_cat","embeddable":true,"href":"https:\/\/travel-du.de\/reiseshop\/wp-json\/wp\/v2\/product_cat?post=811"},{"taxonomy":"product_tag","embeddable":true,"href":"https:\/\/travel-du.de\/reiseshop\/wp-json\/wp\/v2\/product_tag?post=811"}],"curies":[{"name":"wp","href":"https:\/\/api.w.org\/{rel}","templated":true}]}}