{"id":770,"date":"2017-01-21T21:30:46","date_gmt":"2017-01-21T20:30:46","guid":{"rendered":"http:\/\/travel-du.de\/reiseshop\/produkt\/das-grosse-neuseeland-kochbuch-190-rezepte-gegen-das-fernweh\/"},"modified":"2020-02-02T22:21:26","modified_gmt":"2020-02-02T21:21:26","slug":"neuseeland-kochbuch-190-rezepte","status":"publish","type":"product","link":"https:\/\/travel-du.de\/reiseshop\/produkt\/neuseeland-kochbuch-190-rezepte\/","title":{"rendered":"Das gro\u00dfe Neuseeland Kochbuch: 190 Rezepte gegen das Fernweh"},"content":{"rendered":"<p><strong>Kochen gegen Fernweh:<\/strong> In diesem Buch erwartet dich eine eine einzigartige kulinarische Reise durch Neuseeland.\u00a0Die Autoren sind 9 Monate durch das Land der Kiwis gereist und haben dabei 190 typisch Neuseel\u00e4ndische Gerichte gesammelt.<\/p>\n<p>Daf\u00fcr haben sich \u00fcber 80 neuseel\u00e4ndische Chefk\u00f6che, K\u00f6che und B\u00e4cker \u00fcber die Schulter schauen lassen. Zu vielen Gerichten gibt es zudem unterhaltsame Geschichten. Fazit: <strong>Ein Muss f\u00fcr kochbegeisterte Neuseeland-Fans<\/strong>.<\/p>\n<h2><strong>geeignet f\u00fcr:<\/strong><\/h2>\n<ul>\n<li>Neuseeland-Fans<\/li>\n<li>Hobby-K\u00f6che<\/li>\n<\/ul>\n<h2>Daten:<\/h2>\n<ul>\n<li><b>Gebundene Ausgabe:<\/b> 432 Seiten<\/li>\n<li><b>Verlag:<\/b> Knesebeck (12. Oktober 2015)<\/li>\n<li><b>Sprache:<\/b> Deutsch<\/li>\n<\/ul>\n<div class=\"main-cross-sell\" data-asin=\"3868738568\">\n\n\t<div class=\"WooZone-cross-sell-loader\">\n\t\t<div>\n\t\t\t<div id=\"floatingBarsG\">\n\t\t\t\t<div class=\"blockG\" id=\"rotateG_01\"><\/div>\n\t\t\t\t<div class=\"blockG\" id=\"rotateG_02\"><\/div>\n\t\t\t\t<div class=\"blockG\" id=\"rotateG_03\"><\/div>\n\t\t\t\t<div class=\"blockG\" id=\"rotateG_04\"><\/div>\n\t\t\t\t<div class=\"blockG\" id=\"rotateG_05\"><\/div>\n\t\t\t\t<div class=\"blockG\" id=\"rotateG_06\"><\/div>\n\t\t\t\t<div class=\"blockG\" id=\"rotateG_07\"><\/div>\n\t\t\t\t<div class=\"blockG\" id=\"rotateG_08\"><\/div>\n\t\t\t<\/div>\n\t\t\t<div class=\"WooZone-cross-sell-loader-text\"><\/div>\n\t\t<\/div>\n\t<\/div>\n\n\t\t\n<\/div>\n<div style=\"clear:both;\"><\/div>\n","protected":false},"excerpt":{"rendered":"<p><strong>Kochen gegen Fernweh:<\/strong> In diesem Buch erwartet dich eine eine einzigartige kulinarische Reise durch Neuseeland.\u00a0Die Autoren sind 9 Monate durch das Land der Kiwis gereist und haben dabei 190 typisch Neuseel\u00e4ndische Gerichte gesammelt.<\/p>\n<p>Daf\u00fcr haben sich \u00fcber 80 neuseel\u00e4ndische Chefk\u00f6che, K\u00f6che und B\u00e4cker \u00fcber die Schulter schauen lassen. Zu vielen Gerichten gibt es zudem unterhaltsame Geschichten. Fazit: <strong>Ein Muss f\u00fcr kochbegeisterte Neuseeland-Fans<\/strong>.<\/p>\n<div class=\"amazon-button\" style=\"text-align: center;\">\u21d2 Direkt bei Amazon bestellen.<\/div>\n<p>&nbsp;<\/p>\n","protected":false},"featured_media":771,"comment_status":"open","ping_status":"closed","template":"","meta":[],"product_brand":[],"product_cat":[122,101],"product_tag":[],"class_list":{"0":"post-770","1":"product","2":"type-product","3":"status-publish","4":"has-post-thumbnail","6":"product_cat-geschenk-neuseeland","7":"product_cat-reiseliteratur","9":"first","10":"instock","11":"shipping-taxable","12":"product-type-external"},"yoast_head":"<!-- This site is optimized with the Yoast SEO plugin v26.2 - https:\/\/yoast.com\/wordpress\/plugins\/seo\/ -->\n<title>Das gro\u00dfe Neuseeland Kochbuch: 190 Rezepte gegen das Fernweh &#8211; Reiseshop Travel-du.de<\/title>\n<meta name=\"description\" content=\"Kochen gegen Fernweh: In diesem Buch erwartet dich eine eine einzigartige kulinarische Reise durch Neuseeland \u2013\u00a0190 typisch Neuseel\u00e4ndische Gerichte.\" \/>\n<meta name=\"robots\" content=\"index, follow, max-snippet:-1, max-image-preview:large, max-video-preview:-1\" \/>\n<link rel=\"canonical\" href=\"https:\/\/travel-du.de\/reiseshop\/produkt\/neuseeland-kochbuch-190-rezepte\/\" \/>\n<meta property=\"og:locale\" content=\"de_DE\" \/>\n<meta property=\"og:type\" content=\"article\" \/>\n<meta property=\"og:title\" content=\"Das gro\u00dfe Neuseeland Kochbuch: 190 Rezepte gegen das Fernweh &#8211; Reiseshop Travel-du.de\" \/>\n<meta property=\"og:description\" content=\"Kochen gegen Fernweh: In diesem Buch erwartet dich eine eine einzigartige kulinarische Reise durch Neuseeland \u2013\u00a0190 typisch Neuseel\u00e4ndische Gerichte.\" \/>\n<meta property=\"og:url\" content=\"https:\/\/travel-du.de\/reiseshop\/produkt\/neuseeland-kochbuch-190-rezepte\/\" \/>\n<meta property=\"og:site_name\" content=\"Reiseshop Travel-du.de\" \/>\n<meta property=\"article:modified_time\" content=\"2020-02-02T21:21:26+00:00\" \/>\n<meta property=\"og:image\" content=\"https:\/\/travel-du.de\/reiseshop\/wp-content\/uploads\/2017\/01\/Das-groe-Neuseeland-Kochbuch-190-Rezepte-gegen-das-Fernweh-0.jpg\" \/>\n\t<meta property=\"og:image:width\" content=\"389\" \/>\n\t<meta property=\"og:image:height\" content=\"500\" \/>\n\t<meta property=\"og:image:type\" content=\"image\/jpeg\" \/>\n<meta name=\"twitter:card\" content=\"summary_large_image\" \/>\n<script type=\"application\/ld+json\" class=\"yoast-schema-graph\">{\"@context\":\"https:\/\/schema.org\",\"@graph\":[{\"@type\":\"WebPage\",\"@id\":\"https:\/\/travel-du.de\/reiseshop\/produkt\/neuseeland-kochbuch-190-rezepte\/\",\"url\":\"https:\/\/travel-du.de\/reiseshop\/produkt\/neuseeland-kochbuch-190-rezepte\/\",\"name\":\"Das gro\u00dfe Neuseeland Kochbuch: 190 Rezepte gegen das Fernweh &#8211; Reiseshop Travel-du.de\",\"isPartOf\":{\"@id\":\"https:\/\/travel-du.de\/reiseshop\/#website\"},\"primaryImageOfPage\":{\"@id\":\"https:\/\/travel-du.de\/reiseshop\/produkt\/neuseeland-kochbuch-190-rezepte\/#primaryimage\"},\"image\":{\"@id\":\"https:\/\/travel-du.de\/reiseshop\/produkt\/neuseeland-kochbuch-190-rezepte\/#primaryimage\"},\"thumbnailUrl\":\"https:\/\/travel-du.de\/reiseshop\/wp-content\/uploads\/2017\/01\/Das-groe-Neuseeland-Kochbuch-190-Rezepte-gegen-das-Fernweh-0.jpg\",\"datePublished\":\"2017-01-21T20:30:46+00:00\",\"dateModified\":\"2020-02-02T21:21:26+00:00\",\"description\":\"Kochen gegen Fernweh: In diesem Buch erwartet dich eine eine einzigartige kulinarische Reise durch Neuseeland \u2013\u00a0190 typisch Neuseel\u00e4ndische Gerichte.\",\"breadcrumb\":{\"@id\":\"https:\/\/travel-du.de\/reiseshop\/produkt\/neuseeland-kochbuch-190-rezepte\/#breadcrumb\"},\"inLanguage\":\"de\",\"potentialAction\":[{\"@type\":\"ReadAction\",\"target\":[\"https:\/\/travel-du.de\/reiseshop\/produkt\/neuseeland-kochbuch-190-rezepte\/\"]}]},{\"@type\":\"ImageObject\",\"inLanguage\":\"de\",\"@id\":\"https:\/\/travel-du.de\/reiseshop\/produkt\/neuseeland-kochbuch-190-rezepte\/#primaryimage\",\"url\":\"https:\/\/travel-du.de\/reiseshop\/wp-content\/uploads\/2017\/01\/Das-groe-Neuseeland-Kochbuch-190-Rezepte-gegen-das-Fernweh-0.jpg\",\"contentUrl\":\"https:\/\/travel-du.de\/reiseshop\/wp-content\/uploads\/2017\/01\/Das-groe-Neuseeland-Kochbuch-190-Rezepte-gegen-das-Fernweh-0.jpg\",\"width\":389,\"height\":500},{\"@type\":\"BreadcrumbList\",\"@id\":\"https:\/\/travel-du.de\/reiseshop\/produkt\/neuseeland-kochbuch-190-rezepte\/#breadcrumb\",\"itemListElement\":[{\"@type\":\"ListItem\",\"position\":1,\"name\":\"Startseite\",\"item\":\"https:\/\/travel-du.de\/reiseshop\/\"},{\"@type\":\"ListItem\",\"position\":2,\"name\":\"Shop\",\"item\":\"https:\/\/travel-du.de\/reiseshop\/shop\/\"},{\"@type\":\"ListItem\",\"position\":3,\"name\":\"Das gro\u00dfe Neuseeland Kochbuch: 190 Rezepte gegen das Fernweh\"}]},{\"@type\":\"WebSite\",\"@id\":\"https:\/\/travel-du.de\/reiseshop\/#website\",\"url\":\"https:\/\/travel-du.de\/reiseshop\/\",\"name\":\"Reiseshop Travel-du.de\",\"description\":\"Der Shop f\u00fcr Reisende, Weltenbummler und Abenteurer\",\"potentialAction\":[{\"@type\":\"SearchAction\",\"target\":{\"@type\":\"EntryPoint\",\"urlTemplate\":\"https:\/\/travel-du.de\/reiseshop\/?s={search_term_string}\"},\"query-input\":{\"@type\":\"PropertyValueSpecification\",\"valueRequired\":true,\"valueName\":\"search_term_string\"}}],\"inLanguage\":\"de\"}]}<\/script>\n<!-- \/ Yoast SEO plugin. -->","yoast_head_json":{"title":"Das gro\u00dfe Neuseeland Kochbuch: 190 Rezepte gegen das Fernweh &#8211; Reiseshop Travel-du.de","description":"Kochen gegen Fernweh: In diesem Buch erwartet dich eine eine einzigartige kulinarische Reise durch Neuseeland \u2013\u00a0190 typisch Neuseel\u00e4ndische Gerichte.","robots":{"index":"index","follow":"follow","max-snippet":"max-snippet:-1","max-image-preview":"max-image-preview:large","max-video-preview":"max-video-preview:-1"},"canonical":"https:\/\/travel-du.de\/reiseshop\/produkt\/neuseeland-kochbuch-190-rezepte\/","og_locale":"de_DE","og_type":"article","og_title":"Das gro\u00dfe Neuseeland Kochbuch: 190 Rezepte gegen das Fernweh &#8211; Reiseshop Travel-du.de","og_description":"Kochen gegen Fernweh: In diesem Buch erwartet dich eine eine einzigartige kulinarische Reise durch Neuseeland \u2013\u00a0190 typisch Neuseel\u00e4ndische Gerichte.","og_url":"https:\/\/travel-du.de\/reiseshop\/produkt\/neuseeland-kochbuch-190-rezepte\/","og_site_name":"Reiseshop Travel-du.de","article_modified_time":"2020-02-02T21:21:26+00:00","og_image":[{"width":389,"height":500,"url":"https:\/\/travel-du.de\/reiseshop\/wp-content\/uploads\/2017\/01\/Das-groe-Neuseeland-Kochbuch-190-Rezepte-gegen-das-Fernweh-0.jpg","type":"image\/jpeg"}],"twitter_card":"summary_large_image","schema":{"@context":"https:\/\/schema.org","@graph":[{"@type":"WebPage","@id":"https:\/\/travel-du.de\/reiseshop\/produkt\/neuseeland-kochbuch-190-rezepte\/","url":"https:\/\/travel-du.de\/reiseshop\/produkt\/neuseeland-kochbuch-190-rezepte\/","name":"Das gro\u00dfe Neuseeland Kochbuch: 190 Rezepte gegen das Fernweh &#8211; Reiseshop Travel-du.de","isPartOf":{"@id":"https:\/\/travel-du.de\/reiseshop\/#website"},"primaryImageOfPage":{"@id":"https:\/\/travel-du.de\/reiseshop\/produkt\/neuseeland-kochbuch-190-rezepte\/#primaryimage"},"image":{"@id":"https:\/\/travel-du.de\/reiseshop\/produkt\/neuseeland-kochbuch-190-rezepte\/#primaryimage"},"thumbnailUrl":"https:\/\/travel-du.de\/reiseshop\/wp-content\/uploads\/2017\/01\/Das-groe-Neuseeland-Kochbuch-190-Rezepte-gegen-das-Fernweh-0.jpg","datePublished":"2017-01-21T20:30:46+00:00","dateModified":"2020-02-02T21:21:26+00:00","description":"Kochen gegen Fernweh: In diesem Buch erwartet dich eine eine einzigartige kulinarische Reise durch Neuseeland \u2013\u00a0190 typisch Neuseel\u00e4ndische Gerichte.","breadcrumb":{"@id":"https:\/\/travel-du.de\/reiseshop\/produkt\/neuseeland-kochbuch-190-rezepte\/#breadcrumb"},"inLanguage":"de","potentialAction":[{"@type":"ReadAction","target":["https:\/\/travel-du.de\/reiseshop\/produkt\/neuseeland-kochbuch-190-rezepte\/"]}]},{"@type":"ImageObject","inLanguage":"de","@id":"https:\/\/travel-du.de\/reiseshop\/produkt\/neuseeland-kochbuch-190-rezepte\/#primaryimage","url":"https:\/\/travel-du.de\/reiseshop\/wp-content\/uploads\/2017\/01\/Das-groe-Neuseeland-Kochbuch-190-Rezepte-gegen-das-Fernweh-0.jpg","contentUrl":"https:\/\/travel-du.de\/reiseshop\/wp-content\/uploads\/2017\/01\/Das-groe-Neuseeland-Kochbuch-190-Rezepte-gegen-das-Fernweh-0.jpg","width":389,"height":500},{"@type":"BreadcrumbList","@id":"https:\/\/travel-du.de\/reiseshop\/produkt\/neuseeland-kochbuch-190-rezepte\/#breadcrumb","itemListElement":[{"@type":"ListItem","position":1,"name":"Startseite","item":"https:\/\/travel-du.de\/reiseshop\/"},{"@type":"ListItem","position":2,"name":"Shop","item":"https:\/\/travel-du.de\/reiseshop\/shop\/"},{"@type":"ListItem","position":3,"name":"Das gro\u00dfe Neuseeland Kochbuch: 190 Rezepte gegen das Fernweh"}]},{"@type":"WebSite","@id":"https:\/\/travel-du.de\/reiseshop\/#website","url":"https:\/\/travel-du.de\/reiseshop\/","name":"Reiseshop Travel-du.de","description":"Der Shop f\u00fcr Reisende, Weltenbummler und Abenteurer","potentialAction":[{"@type":"SearchAction","target":{"@type":"EntryPoint","urlTemplate":"https:\/\/travel-du.de\/reiseshop\/?s={search_term_string}"},"query-input":{"@type":"PropertyValueSpecification","valueRequired":true,"valueName":"search_term_string"}}],"inLanguage":"de"}]}},"_links":{"self":[{"href":"https:\/\/travel-du.de\/reiseshop\/wp-json\/wp\/v2\/product\/770","targetHints":{"allow":["GET"]}}],"collection":[{"href":"https:\/\/travel-du.de\/reiseshop\/wp-json\/wp\/v2\/product"}],"about":[{"href":"https:\/\/travel-du.de\/reiseshop\/wp-json\/wp\/v2\/types\/product"}],"replies":[{"embeddable":true,"href":"https:\/\/travel-du.de\/reiseshop\/wp-json\/wp\/v2\/comments?post=770"}],"wp:featuredmedia":[{"embeddable":true,"href":"https:\/\/travel-du.de\/reiseshop\/wp-json\/wp\/v2\/media\/771"}],"wp:attachment":[{"href":"https:\/\/travel-du.de\/reiseshop\/wp-json\/wp\/v2\/media?parent=770"}],"wp:term":[{"taxonomy":"product_brand","embeddable":true,"href":"https:\/\/travel-du.de\/reiseshop\/wp-json\/wp\/v2\/product_brand?post=770"},{"taxonomy":"product_cat","embeddable":true,"href":"https:\/\/travel-du.de\/reiseshop\/wp-json\/wp\/v2\/product_cat?post=770"},{"taxonomy":"product_tag","embeddable":true,"href":"https:\/\/travel-du.de\/reiseshop\/wp-json\/wp\/v2\/product_tag?post=770"}],"curies":[{"name":"wp","href":"https:\/\/api.w.org\/{rel}","templated":true}]}}