{"id":761,"date":"2017-01-21T21:30:37","date_gmt":"2017-01-21T20:30:37","guid":{"rendered":"http:\/\/travel-du.de\/reiseshop\/produkt\/nanomondo-schluesselanhaenger-kiwi-aus-metall-n1041\/"},"modified":"2020-02-02T22:21:43","modified_gmt":"2020-02-02T21:21:43","slug":"nanomondo-schluesselanhaenger-kiwi-aus-metall-n1041","status":"publish","type":"product","link":"https:\/\/travel-du.de\/reiseshop\/produkt\/nanomondo-schluesselanhaenger-kiwi-aus-metall-n1041\/","title":{"rendered":"Neuseeland Schl\u00fcsselanh\u00e4nger &#8222;Kiwi&#8220; aus Metall"},"content":{"rendered":"<ul>\n<li>Moderner und individueller Schl\u00fcsselanh\u00e4nger von nanomondo im Design &#8222;Kiwi&#8220; aus hochwertiger Metalllegierung inklusive stabilem Schl\u00fcsselring von 30 mm Durchmesser.<\/li>\n<li>tolle Geschenkidee f\u00fcr jeden Anlass<\/li>\n<li>hergestellt aus hochwertiger Metalllegierung<\/li>\n<li>praktisch und stabil mit 30 mm Schl\u00fcsselring<\/li>\n<\/ul>\n<div class=\"main-cross-sell\" data-asin=\"B01N4NFX1Y\">\n\n\t<div class=\"WooZone-cross-sell-loader\">\n\t\t<div>\n\t\t\t<div id=\"floatingBarsG\">\n\t\t\t\t<div class=\"blockG\" id=\"rotateG_01\"><\/div>\n\t\t\t\t<div class=\"blockG\" id=\"rotateG_02\"><\/div>\n\t\t\t\t<div class=\"blockG\" id=\"rotateG_03\"><\/div>\n\t\t\t\t<div class=\"blockG\" id=\"rotateG_04\"><\/div>\n\t\t\t\t<div class=\"blockG\" id=\"rotateG_05\"><\/div>\n\t\t\t\t<div class=\"blockG\" id=\"rotateG_06\"><\/div>\n\t\t\t\t<div class=\"blockG\" id=\"rotateG_07\"><\/div>\n\t\t\t\t<div class=\"blockG\" id=\"rotateG_08\"><\/div>\n\t\t\t<\/div>\n\t\t\t<div class=\"WooZone-cross-sell-loader-text\"><\/div>\n\t\t<\/div>\n\t<\/div>\n\n\t\t\n<\/div>\n<div style=\"clear:both;\"><\/div>\n","protected":false},"excerpt":{"rendered":"<p>Dieser coole Neuseeland-Schl\u00fcsselanh\u00e4nger in der Form eines Kiwis macht jedes noch so h\u00e4ssliche Schl\u00fcsselbund sch\u00f6ner.<\/p>\n<ul>\n<li>hergestellt aus einer hochwertiger Metalllegierung<\/li>\n<\/ul>\n","protected":false},"featured_media":762,"comment_status":"open","ping_status":"closed","template":"","meta":[],"product_brand":[],"product_cat":[122],"product_tag":[],"class_list":{"0":"post-761","1":"product","2":"type-product","3":"status-publish","4":"has-post-thumbnail","6":"product_cat-geschenk-neuseeland","8":"first","9":"instock","10":"shipping-taxable","11":"product-type-external"},"yoast_head":"<!-- This site is optimized with the Yoast SEO plugin v26.2 - https:\/\/yoast.com\/wordpress\/plugins\/seo\/ -->\n<title>Neuseeland Schl\u00fcsselanh\u00e4nger &quot;Kiwi&quot; aus Metall &#8211; Reiseshop Travel-du.de<\/title>\n<meta name=\"description\" content=\"Dieser coole Neuseeland-Schl\u00fcsselanh\u00e4nger in der Form eines Kiwis macht jedes noch so h\u00e4ssliche Schl\u00fcsselbund sch\u00f6ner.\" \/>\n<meta name=\"robots\" content=\"index, follow, max-snippet:-1, max-image-preview:large, max-video-preview:-1\" \/>\n<link rel=\"canonical\" href=\"https:\/\/travel-du.de\/reiseshop\/produkt\/nanomondo-schluesselanhaenger-kiwi-aus-metall-n1041\/\" \/>\n<meta property=\"og:locale\" content=\"de_DE\" \/>\n<meta property=\"og:type\" content=\"article\" \/>\n<meta property=\"og:title\" content=\"Neuseeland Schl\u00fcsselanh\u00e4nger &quot;Kiwi&quot; aus Metall &#8211; Reiseshop Travel-du.de\" \/>\n<meta property=\"og:description\" content=\"Dieser coole Neuseeland-Schl\u00fcsselanh\u00e4nger in der Form eines Kiwis macht jedes noch so h\u00e4ssliche Schl\u00fcsselbund sch\u00f6ner.\" \/>\n<meta property=\"og:url\" content=\"https:\/\/travel-du.de\/reiseshop\/produkt\/nanomondo-schluesselanhaenger-kiwi-aus-metall-n1041\/\" \/>\n<meta property=\"og:site_name\" content=\"Reiseshop Travel-du.de\" \/>\n<meta property=\"article:modified_time\" content=\"2020-02-02T21:21:43+00:00\" \/>\n<meta property=\"og:image\" content=\"https:\/\/travel-du.de\/reiseshop\/wp-content\/uploads\/2017\/01\/nanomondo-Schlsselanhnger-Kiwi-aus-Metall-N1041-0.jpg\" \/>\n\t<meta property=\"og:image:width\" content=\"500\" \/>\n\t<meta property=\"og:image:height\" content=\"500\" \/>\n\t<meta property=\"og:image:type\" content=\"image\/jpeg\" \/>\n<meta name=\"twitter:card\" content=\"summary_large_image\" \/>\n<script type=\"application\/ld+json\" class=\"yoast-schema-graph\">{\"@context\":\"https:\/\/schema.org\",\"@graph\":[{\"@type\":\"WebPage\",\"@id\":\"https:\/\/travel-du.de\/reiseshop\/produkt\/nanomondo-schluesselanhaenger-kiwi-aus-metall-n1041\/\",\"url\":\"https:\/\/travel-du.de\/reiseshop\/produkt\/nanomondo-schluesselanhaenger-kiwi-aus-metall-n1041\/\",\"name\":\"Neuseeland Schl\u00fcsselanh\u00e4nger \\\"Kiwi\\\" aus Metall &#8211; Reiseshop Travel-du.de\",\"isPartOf\":{\"@id\":\"https:\/\/travel-du.de\/reiseshop\/#website\"},\"primaryImageOfPage\":{\"@id\":\"https:\/\/travel-du.de\/reiseshop\/produkt\/nanomondo-schluesselanhaenger-kiwi-aus-metall-n1041\/#primaryimage\"},\"image\":{\"@id\":\"https:\/\/travel-du.de\/reiseshop\/produkt\/nanomondo-schluesselanhaenger-kiwi-aus-metall-n1041\/#primaryimage\"},\"thumbnailUrl\":\"https:\/\/travel-du.de\/reiseshop\/wp-content\/uploads\/2017\/01\/nanomondo-Schlsselanhnger-Kiwi-aus-Metall-N1041-0.jpg\",\"datePublished\":\"2017-01-21T20:30:37+00:00\",\"dateModified\":\"2020-02-02T21:21:43+00:00\",\"description\":\"Dieser coole Neuseeland-Schl\u00fcsselanh\u00e4nger in der Form eines Kiwis macht jedes noch so h\u00e4ssliche Schl\u00fcsselbund sch\u00f6ner.\",\"breadcrumb\":{\"@id\":\"https:\/\/travel-du.de\/reiseshop\/produkt\/nanomondo-schluesselanhaenger-kiwi-aus-metall-n1041\/#breadcrumb\"},\"inLanguage\":\"de\",\"potentialAction\":[{\"@type\":\"ReadAction\",\"target\":[\"https:\/\/travel-du.de\/reiseshop\/produkt\/nanomondo-schluesselanhaenger-kiwi-aus-metall-n1041\/\"]}]},{\"@type\":\"ImageObject\",\"inLanguage\":\"de\",\"@id\":\"https:\/\/travel-du.de\/reiseshop\/produkt\/nanomondo-schluesselanhaenger-kiwi-aus-metall-n1041\/#primaryimage\",\"url\":\"https:\/\/travel-du.de\/reiseshop\/wp-content\/uploads\/2017\/01\/nanomondo-Schlsselanhnger-Kiwi-aus-Metall-N1041-0.jpg\",\"contentUrl\":\"https:\/\/travel-du.de\/reiseshop\/wp-content\/uploads\/2017\/01\/nanomondo-Schlsselanhnger-Kiwi-aus-Metall-N1041-0.jpg\",\"width\":500,\"height\":500},{\"@type\":\"BreadcrumbList\",\"@id\":\"https:\/\/travel-du.de\/reiseshop\/produkt\/nanomondo-schluesselanhaenger-kiwi-aus-metall-n1041\/#breadcrumb\",\"itemListElement\":[{\"@type\":\"ListItem\",\"position\":1,\"name\":\"Startseite\",\"item\":\"https:\/\/travel-du.de\/reiseshop\/\"},{\"@type\":\"ListItem\",\"position\":2,\"name\":\"Shop\",\"item\":\"https:\/\/travel-du.de\/reiseshop\/shop\/\"},{\"@type\":\"ListItem\",\"position\":3,\"name\":\"Neuseeland Schl\u00fcsselanh\u00e4nger &#8222;Kiwi&#8220; aus Metall\"}]},{\"@type\":\"WebSite\",\"@id\":\"https:\/\/travel-du.de\/reiseshop\/#website\",\"url\":\"https:\/\/travel-du.de\/reiseshop\/\",\"name\":\"Reiseshop Travel-du.de\",\"description\":\"Der Shop f\u00fcr Reisende, Weltenbummler und Abenteurer\",\"potentialAction\":[{\"@type\":\"SearchAction\",\"target\":{\"@type\":\"EntryPoint\",\"urlTemplate\":\"https:\/\/travel-du.de\/reiseshop\/?s={search_term_string}\"},\"query-input\":{\"@type\":\"PropertyValueSpecification\",\"valueRequired\":true,\"valueName\":\"search_term_string\"}}],\"inLanguage\":\"de\"}]}<\/script>\n<!-- \/ Yoast SEO plugin. -->","yoast_head_json":{"title":"Neuseeland Schl\u00fcsselanh\u00e4nger \"Kiwi\" aus Metall &#8211; Reiseshop Travel-du.de","description":"Dieser coole Neuseeland-Schl\u00fcsselanh\u00e4nger in der Form eines Kiwis macht jedes noch so h\u00e4ssliche Schl\u00fcsselbund sch\u00f6ner.","robots":{"index":"index","follow":"follow","max-snippet":"max-snippet:-1","max-image-preview":"max-image-preview:large","max-video-preview":"max-video-preview:-1"},"canonical":"https:\/\/travel-du.de\/reiseshop\/produkt\/nanomondo-schluesselanhaenger-kiwi-aus-metall-n1041\/","og_locale":"de_DE","og_type":"article","og_title":"Neuseeland Schl\u00fcsselanh\u00e4nger \"Kiwi\" aus Metall &#8211; Reiseshop Travel-du.de","og_description":"Dieser coole Neuseeland-Schl\u00fcsselanh\u00e4nger in der Form eines Kiwis macht jedes noch so h\u00e4ssliche Schl\u00fcsselbund sch\u00f6ner.","og_url":"https:\/\/travel-du.de\/reiseshop\/produkt\/nanomondo-schluesselanhaenger-kiwi-aus-metall-n1041\/","og_site_name":"Reiseshop Travel-du.de","article_modified_time":"2020-02-02T21:21:43+00:00","og_image":[{"width":500,"height":500,"url":"https:\/\/travel-du.de\/reiseshop\/wp-content\/uploads\/2017\/01\/nanomondo-Schlsselanhnger-Kiwi-aus-Metall-N1041-0.jpg","type":"image\/jpeg"}],"twitter_card":"summary_large_image","schema":{"@context":"https:\/\/schema.org","@graph":[{"@type":"WebPage","@id":"https:\/\/travel-du.de\/reiseshop\/produkt\/nanomondo-schluesselanhaenger-kiwi-aus-metall-n1041\/","url":"https:\/\/travel-du.de\/reiseshop\/produkt\/nanomondo-schluesselanhaenger-kiwi-aus-metall-n1041\/","name":"Neuseeland Schl\u00fcsselanh\u00e4nger \"Kiwi\" aus Metall &#8211; Reiseshop Travel-du.de","isPartOf":{"@id":"https:\/\/travel-du.de\/reiseshop\/#website"},"primaryImageOfPage":{"@id":"https:\/\/travel-du.de\/reiseshop\/produkt\/nanomondo-schluesselanhaenger-kiwi-aus-metall-n1041\/#primaryimage"},"image":{"@id":"https:\/\/travel-du.de\/reiseshop\/produkt\/nanomondo-schluesselanhaenger-kiwi-aus-metall-n1041\/#primaryimage"},"thumbnailUrl":"https:\/\/travel-du.de\/reiseshop\/wp-content\/uploads\/2017\/01\/nanomondo-Schlsselanhnger-Kiwi-aus-Metall-N1041-0.jpg","datePublished":"2017-01-21T20:30:37+00:00","dateModified":"2020-02-02T21:21:43+00:00","description":"Dieser coole Neuseeland-Schl\u00fcsselanh\u00e4nger in der Form eines Kiwis macht jedes noch so h\u00e4ssliche Schl\u00fcsselbund sch\u00f6ner.","breadcrumb":{"@id":"https:\/\/travel-du.de\/reiseshop\/produkt\/nanomondo-schluesselanhaenger-kiwi-aus-metall-n1041\/#breadcrumb"},"inLanguage":"de","potentialAction":[{"@type":"ReadAction","target":["https:\/\/travel-du.de\/reiseshop\/produkt\/nanomondo-schluesselanhaenger-kiwi-aus-metall-n1041\/"]}]},{"@type":"ImageObject","inLanguage":"de","@id":"https:\/\/travel-du.de\/reiseshop\/produkt\/nanomondo-schluesselanhaenger-kiwi-aus-metall-n1041\/#primaryimage","url":"https:\/\/travel-du.de\/reiseshop\/wp-content\/uploads\/2017\/01\/nanomondo-Schlsselanhnger-Kiwi-aus-Metall-N1041-0.jpg","contentUrl":"https:\/\/travel-du.de\/reiseshop\/wp-content\/uploads\/2017\/01\/nanomondo-Schlsselanhnger-Kiwi-aus-Metall-N1041-0.jpg","width":500,"height":500},{"@type":"BreadcrumbList","@id":"https:\/\/travel-du.de\/reiseshop\/produkt\/nanomondo-schluesselanhaenger-kiwi-aus-metall-n1041\/#breadcrumb","itemListElement":[{"@type":"ListItem","position":1,"name":"Startseite","item":"https:\/\/travel-du.de\/reiseshop\/"},{"@type":"ListItem","position":2,"name":"Shop","item":"https:\/\/travel-du.de\/reiseshop\/shop\/"},{"@type":"ListItem","position":3,"name":"Neuseeland Schl\u00fcsselanh\u00e4nger &#8222;Kiwi&#8220; aus Metall"}]},{"@type":"WebSite","@id":"https:\/\/travel-du.de\/reiseshop\/#website","url":"https:\/\/travel-du.de\/reiseshop\/","name":"Reiseshop Travel-du.de","description":"Der Shop f\u00fcr Reisende, Weltenbummler und Abenteurer","potentialAction":[{"@type":"SearchAction","target":{"@type":"EntryPoint","urlTemplate":"https:\/\/travel-du.de\/reiseshop\/?s={search_term_string}"},"query-input":{"@type":"PropertyValueSpecification","valueRequired":true,"valueName":"search_term_string"}}],"inLanguage":"de"}]}},"_links":{"self":[{"href":"https:\/\/travel-du.de\/reiseshop\/wp-json\/wp\/v2\/product\/761","targetHints":{"allow":["GET"]}}],"collection":[{"href":"https:\/\/travel-du.de\/reiseshop\/wp-json\/wp\/v2\/product"}],"about":[{"href":"https:\/\/travel-du.de\/reiseshop\/wp-json\/wp\/v2\/types\/product"}],"replies":[{"embeddable":true,"href":"https:\/\/travel-du.de\/reiseshop\/wp-json\/wp\/v2\/comments?post=761"}],"wp:featuredmedia":[{"embeddable":true,"href":"https:\/\/travel-du.de\/reiseshop\/wp-json\/wp\/v2\/media\/762"}],"wp:attachment":[{"href":"https:\/\/travel-du.de\/reiseshop\/wp-json\/wp\/v2\/media?parent=761"}],"wp:term":[{"taxonomy":"product_brand","embeddable":true,"href":"https:\/\/travel-du.de\/reiseshop\/wp-json\/wp\/v2\/product_brand?post=761"},{"taxonomy":"product_cat","embeddable":true,"href":"https:\/\/travel-du.de\/reiseshop\/wp-json\/wp\/v2\/product_cat?post=761"},{"taxonomy":"product_tag","embeddable":true,"href":"https:\/\/travel-du.de\/reiseshop\/wp-json\/wp\/v2\/product_tag?post=761"}],"curies":[{"name":"wp","href":"https:\/\/api.w.org\/{rel}","templated":true}]}}