{"id":741,"date":"2017-01-21T21:30:21","date_gmt":"2017-01-21T20:30:21","guid":{"rendered":"http:\/\/travel-du.de\/reiseshop\/produkt\/jollify-neuseeland-hipster-turnbeutel-tasche-rucksack-aus-baumwolle-farbe-schwarz\/"},"modified":"2020-02-02T22:22:00","modified_gmt":"2020-02-02T21:22:00","slug":"jollify-neuseeland-hipster-turnbeutel-tasche-rucksack-aus-baumwolle-farbe-schwarz","status":"publish","type":"product","link":"https:\/\/travel-du.de\/reiseshop\/produkt\/jollify-neuseeland-hipster-turnbeutel-tasche-rucksack-aus-baumwolle-farbe-schwarz\/","title":{"rendered":"Neuseeland Hipster Turnbeutel aus Baumwolle (Schwarz)"},"content":{"rendered":"<p>Ein echter Hingucker! Der Turnbeutel hat die Ma\u00dfe 37&#215;46,5cm und besteht zu 100% aus Baumwolle. Im Bereich der \u00d6sen ist das Material verst\u00e4rkt.<\/p>\n<ul>\n<li>Ma\u00dfe 37&#215;46,5cm<\/li>\n<li>100% Baumwolle<\/li>\n<\/ul>\n<div class=\"main-cross-sell\" data-asin=\"B018MAH61K\">\n\n\t<div class=\"WooZone-cross-sell-loader\">\n\t\t<div>\n\t\t\t<div id=\"floatingBarsG\">\n\t\t\t\t<div class=\"blockG\" id=\"rotateG_01\"><\/div>\n\t\t\t\t<div class=\"blockG\" id=\"rotateG_02\"><\/div>\n\t\t\t\t<div class=\"blockG\" id=\"rotateG_03\"><\/div>\n\t\t\t\t<div class=\"blockG\" id=\"rotateG_04\"><\/div>\n\t\t\t\t<div class=\"blockG\" id=\"rotateG_05\"><\/div>\n\t\t\t\t<div class=\"blockG\" id=\"rotateG_06\"><\/div>\n\t\t\t\t<div class=\"blockG\" id=\"rotateG_07\"><\/div>\n\t\t\t\t<div class=\"blockG\" id=\"rotateG_08\"><\/div>\n\t\t\t<\/div>\n\t\t\t<div class=\"WooZone-cross-sell-loader-text\"><\/div>\n\t\t<\/div>\n\t<\/div>\n\n\t\t\n<\/div>\n<div style=\"clear:both;\"><\/div>\n","protected":false},"excerpt":{"rendered":"<p>Ein echter Hingucker! Der Turnbeutel hat die Ma\u00dfe 37&#215;46,5cm und besteht zu 100% aus Baumwolle. Im Bereich der \u00d6sen ist das Material verst\u00e4rkt.<\/p>\n","protected":false},"featured_media":747,"comment_status":"open","ping_status":"closed","template":"","meta":[],"product_brand":[],"product_cat":[122],"product_tag":[],"class_list":{"0":"post-741","1":"product","2":"type-product","3":"status-publish","4":"has-post-thumbnail","6":"product_cat-geschenk-neuseeland","8":"first","9":"instock","10":"shipping-taxable","11":"product-type-external"},"yoast_head":"<!-- This site is optimized with the Yoast SEO plugin v26.2 - https:\/\/yoast.com\/wordpress\/plugins\/seo\/ -->\n<title>Neuseeland Hipster Turnbeutel aus Baumwolle (Schwarz) &#8211; Reiseshop Travel-du.de<\/title>\n<meta name=\"description\" content=\"Ein echter Hingucker! Der Turnbeutel hat die Ma\u00dfe 37x46,5cm und besteht zu 100% aus Baumwolle. Im Bereich der \u00d6sen ist das Material verst\u00e4rkt.\" \/>\n<meta name=\"robots\" content=\"index, follow, max-snippet:-1, max-image-preview:large, max-video-preview:-1\" \/>\n<link rel=\"canonical\" href=\"https:\/\/travel-du.de\/reiseshop\/produkt\/jollify-neuseeland-hipster-turnbeutel-tasche-rucksack-aus-baumwolle-farbe-schwarz\/\" \/>\n<meta property=\"og:locale\" content=\"de_DE\" \/>\n<meta property=\"og:type\" content=\"article\" \/>\n<meta property=\"og:title\" content=\"Neuseeland Hipster Turnbeutel aus Baumwolle (Schwarz) &#8211; Reiseshop Travel-du.de\" \/>\n<meta property=\"og:description\" content=\"Ein echter Hingucker! Der Turnbeutel hat die Ma\u00dfe 37x46,5cm und besteht zu 100% aus Baumwolle. Im Bereich der \u00d6sen ist das Material verst\u00e4rkt.\" \/>\n<meta property=\"og:url\" content=\"https:\/\/travel-du.de\/reiseshop\/produkt\/jollify-neuseeland-hipster-turnbeutel-tasche-rucksack-aus-baumwolle-farbe-schwarz\/\" \/>\n<meta property=\"og:site_name\" content=\"Reiseshop Travel-du.de\" \/>\n<meta property=\"article:modified_time\" content=\"2020-02-02T21:22:00+00:00\" \/>\n<meta property=\"og:image\" content=\"https:\/\/travel-du.de\/reiseshop\/wp-content\/uploads\/2017\/01\/JOllify-NEUSEELAND-Hipster-Turnbeutel-Tasche-Rucksack-aus-Baumwolle-Farbe-schwarz-0.jpg\" \/>\n\t<meta property=\"og:image:width\" content=\"500\" \/>\n\t<meta property=\"og:image:height\" content=\"500\" \/>\n\t<meta property=\"og:image:type\" content=\"image\/jpeg\" \/>\n<meta name=\"twitter:card\" content=\"summary_large_image\" \/>\n<script type=\"application\/ld+json\" class=\"yoast-schema-graph\">{\"@context\":\"https:\/\/schema.org\",\"@graph\":[{\"@type\":\"WebPage\",\"@id\":\"https:\/\/travel-du.de\/reiseshop\/produkt\/jollify-neuseeland-hipster-turnbeutel-tasche-rucksack-aus-baumwolle-farbe-schwarz\/\",\"url\":\"https:\/\/travel-du.de\/reiseshop\/produkt\/jollify-neuseeland-hipster-turnbeutel-tasche-rucksack-aus-baumwolle-farbe-schwarz\/\",\"name\":\"Neuseeland Hipster Turnbeutel aus Baumwolle (Schwarz) &#8211; Reiseshop Travel-du.de\",\"isPartOf\":{\"@id\":\"https:\/\/travel-du.de\/reiseshop\/#website\"},\"primaryImageOfPage\":{\"@id\":\"https:\/\/travel-du.de\/reiseshop\/produkt\/jollify-neuseeland-hipster-turnbeutel-tasche-rucksack-aus-baumwolle-farbe-schwarz\/#primaryimage\"},\"image\":{\"@id\":\"https:\/\/travel-du.de\/reiseshop\/produkt\/jollify-neuseeland-hipster-turnbeutel-tasche-rucksack-aus-baumwolle-farbe-schwarz\/#primaryimage\"},\"thumbnailUrl\":\"https:\/\/travel-du.de\/reiseshop\/wp-content\/uploads\/2017\/01\/JOllify-NEUSEELAND-Hipster-Turnbeutel-Tasche-Rucksack-aus-Baumwolle-Farbe-schwarz-0.jpg\",\"datePublished\":\"2017-01-21T20:30:21+00:00\",\"dateModified\":\"2020-02-02T21:22:00+00:00\",\"description\":\"Ein echter Hingucker! Der Turnbeutel hat die Ma\u00dfe 37x46,5cm und besteht zu 100% aus Baumwolle. Im Bereich der \u00d6sen ist das Material verst\u00e4rkt.\",\"breadcrumb\":{\"@id\":\"https:\/\/travel-du.de\/reiseshop\/produkt\/jollify-neuseeland-hipster-turnbeutel-tasche-rucksack-aus-baumwolle-farbe-schwarz\/#breadcrumb\"},\"inLanguage\":\"de\",\"potentialAction\":[{\"@type\":\"ReadAction\",\"target\":[\"https:\/\/travel-du.de\/reiseshop\/produkt\/jollify-neuseeland-hipster-turnbeutel-tasche-rucksack-aus-baumwolle-farbe-schwarz\/\"]}]},{\"@type\":\"ImageObject\",\"inLanguage\":\"de\",\"@id\":\"https:\/\/travel-du.de\/reiseshop\/produkt\/jollify-neuseeland-hipster-turnbeutel-tasche-rucksack-aus-baumwolle-farbe-schwarz\/#primaryimage\",\"url\":\"https:\/\/travel-du.de\/reiseshop\/wp-content\/uploads\/2017\/01\/JOllify-NEUSEELAND-Hipster-Turnbeutel-Tasche-Rucksack-aus-Baumwolle-Farbe-schwarz-0.jpg\",\"contentUrl\":\"https:\/\/travel-du.de\/reiseshop\/wp-content\/uploads\/2017\/01\/JOllify-NEUSEELAND-Hipster-Turnbeutel-Tasche-Rucksack-aus-Baumwolle-Farbe-schwarz-0.jpg\",\"width\":500,\"height\":500},{\"@type\":\"BreadcrumbList\",\"@id\":\"https:\/\/travel-du.de\/reiseshop\/produkt\/jollify-neuseeland-hipster-turnbeutel-tasche-rucksack-aus-baumwolle-farbe-schwarz\/#breadcrumb\",\"itemListElement\":[{\"@type\":\"ListItem\",\"position\":1,\"name\":\"Startseite\",\"item\":\"https:\/\/travel-du.de\/reiseshop\/\"},{\"@type\":\"ListItem\",\"position\":2,\"name\":\"Shop\",\"item\":\"https:\/\/travel-du.de\/reiseshop\/shop\/\"},{\"@type\":\"ListItem\",\"position\":3,\"name\":\"Neuseeland Hipster Turnbeutel aus Baumwolle (Schwarz)\"}]},{\"@type\":\"WebSite\",\"@id\":\"https:\/\/travel-du.de\/reiseshop\/#website\",\"url\":\"https:\/\/travel-du.de\/reiseshop\/\",\"name\":\"Reiseshop Travel-du.de\",\"description\":\"Der Shop f\u00fcr Reisende, Weltenbummler und Abenteurer\",\"potentialAction\":[{\"@type\":\"SearchAction\",\"target\":{\"@type\":\"EntryPoint\",\"urlTemplate\":\"https:\/\/travel-du.de\/reiseshop\/?s={search_term_string}\"},\"query-input\":{\"@type\":\"PropertyValueSpecification\",\"valueRequired\":true,\"valueName\":\"search_term_string\"}}],\"inLanguage\":\"de\"}]}<\/script>\n<!-- \/ Yoast SEO plugin. -->","yoast_head_json":{"title":"Neuseeland Hipster Turnbeutel aus Baumwolle (Schwarz) &#8211; Reiseshop Travel-du.de","description":"Ein echter Hingucker! Der Turnbeutel hat die Ma\u00dfe 37x46,5cm und besteht zu 100% aus Baumwolle. Im Bereich der \u00d6sen ist das Material verst\u00e4rkt.","robots":{"index":"index","follow":"follow","max-snippet":"max-snippet:-1","max-image-preview":"max-image-preview:large","max-video-preview":"max-video-preview:-1"},"canonical":"https:\/\/travel-du.de\/reiseshop\/produkt\/jollify-neuseeland-hipster-turnbeutel-tasche-rucksack-aus-baumwolle-farbe-schwarz\/","og_locale":"de_DE","og_type":"article","og_title":"Neuseeland Hipster Turnbeutel aus Baumwolle (Schwarz) &#8211; Reiseshop Travel-du.de","og_description":"Ein echter Hingucker! Der Turnbeutel hat die Ma\u00dfe 37x46,5cm und besteht zu 100% aus Baumwolle. Im Bereich der \u00d6sen ist das Material verst\u00e4rkt.","og_url":"https:\/\/travel-du.de\/reiseshop\/produkt\/jollify-neuseeland-hipster-turnbeutel-tasche-rucksack-aus-baumwolle-farbe-schwarz\/","og_site_name":"Reiseshop Travel-du.de","article_modified_time":"2020-02-02T21:22:00+00:00","og_image":[{"width":500,"height":500,"url":"https:\/\/travel-du.de\/reiseshop\/wp-content\/uploads\/2017\/01\/JOllify-NEUSEELAND-Hipster-Turnbeutel-Tasche-Rucksack-aus-Baumwolle-Farbe-schwarz-0.jpg","type":"image\/jpeg"}],"twitter_card":"summary_large_image","schema":{"@context":"https:\/\/schema.org","@graph":[{"@type":"WebPage","@id":"https:\/\/travel-du.de\/reiseshop\/produkt\/jollify-neuseeland-hipster-turnbeutel-tasche-rucksack-aus-baumwolle-farbe-schwarz\/","url":"https:\/\/travel-du.de\/reiseshop\/produkt\/jollify-neuseeland-hipster-turnbeutel-tasche-rucksack-aus-baumwolle-farbe-schwarz\/","name":"Neuseeland Hipster Turnbeutel aus Baumwolle (Schwarz) &#8211; Reiseshop Travel-du.de","isPartOf":{"@id":"https:\/\/travel-du.de\/reiseshop\/#website"},"primaryImageOfPage":{"@id":"https:\/\/travel-du.de\/reiseshop\/produkt\/jollify-neuseeland-hipster-turnbeutel-tasche-rucksack-aus-baumwolle-farbe-schwarz\/#primaryimage"},"image":{"@id":"https:\/\/travel-du.de\/reiseshop\/produkt\/jollify-neuseeland-hipster-turnbeutel-tasche-rucksack-aus-baumwolle-farbe-schwarz\/#primaryimage"},"thumbnailUrl":"https:\/\/travel-du.de\/reiseshop\/wp-content\/uploads\/2017\/01\/JOllify-NEUSEELAND-Hipster-Turnbeutel-Tasche-Rucksack-aus-Baumwolle-Farbe-schwarz-0.jpg","datePublished":"2017-01-21T20:30:21+00:00","dateModified":"2020-02-02T21:22:00+00:00","description":"Ein echter Hingucker! Der Turnbeutel hat die Ma\u00dfe 37x46,5cm und besteht zu 100% aus Baumwolle. Im Bereich der \u00d6sen ist das Material verst\u00e4rkt.","breadcrumb":{"@id":"https:\/\/travel-du.de\/reiseshop\/produkt\/jollify-neuseeland-hipster-turnbeutel-tasche-rucksack-aus-baumwolle-farbe-schwarz\/#breadcrumb"},"inLanguage":"de","potentialAction":[{"@type":"ReadAction","target":["https:\/\/travel-du.de\/reiseshop\/produkt\/jollify-neuseeland-hipster-turnbeutel-tasche-rucksack-aus-baumwolle-farbe-schwarz\/"]}]},{"@type":"ImageObject","inLanguage":"de","@id":"https:\/\/travel-du.de\/reiseshop\/produkt\/jollify-neuseeland-hipster-turnbeutel-tasche-rucksack-aus-baumwolle-farbe-schwarz\/#primaryimage","url":"https:\/\/travel-du.de\/reiseshop\/wp-content\/uploads\/2017\/01\/JOllify-NEUSEELAND-Hipster-Turnbeutel-Tasche-Rucksack-aus-Baumwolle-Farbe-schwarz-0.jpg","contentUrl":"https:\/\/travel-du.de\/reiseshop\/wp-content\/uploads\/2017\/01\/JOllify-NEUSEELAND-Hipster-Turnbeutel-Tasche-Rucksack-aus-Baumwolle-Farbe-schwarz-0.jpg","width":500,"height":500},{"@type":"BreadcrumbList","@id":"https:\/\/travel-du.de\/reiseshop\/produkt\/jollify-neuseeland-hipster-turnbeutel-tasche-rucksack-aus-baumwolle-farbe-schwarz\/#breadcrumb","itemListElement":[{"@type":"ListItem","position":1,"name":"Startseite","item":"https:\/\/travel-du.de\/reiseshop\/"},{"@type":"ListItem","position":2,"name":"Shop","item":"https:\/\/travel-du.de\/reiseshop\/shop\/"},{"@type":"ListItem","position":3,"name":"Neuseeland Hipster Turnbeutel aus Baumwolle (Schwarz)"}]},{"@type":"WebSite","@id":"https:\/\/travel-du.de\/reiseshop\/#website","url":"https:\/\/travel-du.de\/reiseshop\/","name":"Reiseshop Travel-du.de","description":"Der Shop f\u00fcr Reisende, Weltenbummler und Abenteurer","potentialAction":[{"@type":"SearchAction","target":{"@type":"EntryPoint","urlTemplate":"https:\/\/travel-du.de\/reiseshop\/?s={search_term_string}"},"query-input":{"@type":"PropertyValueSpecification","valueRequired":true,"valueName":"search_term_string"}}],"inLanguage":"de"}]}},"_links":{"self":[{"href":"https:\/\/travel-du.de\/reiseshop\/wp-json\/wp\/v2\/product\/741","targetHints":{"allow":["GET"]}}],"collection":[{"href":"https:\/\/travel-du.de\/reiseshop\/wp-json\/wp\/v2\/product"}],"about":[{"href":"https:\/\/travel-du.de\/reiseshop\/wp-json\/wp\/v2\/types\/product"}],"replies":[{"embeddable":true,"href":"https:\/\/travel-du.de\/reiseshop\/wp-json\/wp\/v2\/comments?post=741"}],"wp:featuredmedia":[{"embeddable":true,"href":"https:\/\/travel-du.de\/reiseshop\/wp-json\/wp\/v2\/media\/747"}],"wp:attachment":[{"href":"https:\/\/travel-du.de\/reiseshop\/wp-json\/wp\/v2\/media?parent=741"}],"wp:term":[{"taxonomy":"product_brand","embeddable":true,"href":"https:\/\/travel-du.de\/reiseshop\/wp-json\/wp\/v2\/product_brand?post=741"},{"taxonomy":"product_cat","embeddable":true,"href":"https:\/\/travel-du.de\/reiseshop\/wp-json\/wp\/v2\/product_cat?post=741"},{"taxonomy":"product_tag","embeddable":true,"href":"https:\/\/travel-du.de\/reiseshop\/wp-json\/wp\/v2\/product_tag?post=741"}],"curies":[{"name":"wp","href":"https:\/\/api.w.org\/{rel}","templated":true}]}}