{"id":674,"date":"2016-12-29T23:11:23","date_gmt":"2016-12-29T22:11:23","guid":{"rendered":"http:\/\/travel-du.de\/reiseshop\/produkt\/lifestraw-personal-wasserfilter-entfernt-bakterien-protozoen-und-truebung-ideal-fuer-wandern-trekking-camping-reisen-und-notbereitschaft\/"},"modified":"2026-04-13T00:05:44","modified_gmt":"2026-04-12T22:05:44","slug":"lifestraw-wasserfilter","status":"publish","type":"product","link":"https:\/\/travel-du.de\/reiseshop\/produkt\/lifestraw-wasserfilter\/","title":{"rendered":"LifeStraw\u00ae Wasserfilter"},"content":{"rendered":"<p><span class=\"a-list-item\">Mit dem Lifestraw Wasserfilter kannst du aus Fl\u00fcssen und Seen trinken, ohne dir Gedanken dar\u00fcber zu machen, ob sich am n\u00e4chsten Tag dein Magen umdreht. Denn der Liefestraw filtert alle gef\u00e4hrlichen Keime und Bakterien heraus \u2013 Ideal f\u00fcrs Wandern, Trekking oder Campen. Mindestens 1.000 Liter kannst du mit dem Lifestraw filtern.<\/span><\/p>\n<p>Dabei funktioniert der Filter nur so lange, wie er auch das Wasser filtern kann. Wenn er aufgebraucht ist, flie\u00dft einfach kein Wasser mehr durch und du wei\u00dft, dass du einen neuen kaufen musst.<\/p>\n<h2><b><\/b>Wie funktioniert der Lifestraw?<\/h2>\n<p>Der LifeStraw\u00ae ist f\u00fcr das Backcountry konzipiert und filtert 99,9999% wasserbasierte Bakterien (inklusive E. coli und Salmonellen) und 99,9% wasserbasierte Protozoen (darunter Giardia und Cryptosporidium).<\/p>\n<p>Chemikalien, Salzwasser, Schwermetalle und Viren werden nicht entfernt. (Wasserbasierte Viren sind selten und nur an wenigen Orten der Welt zu finden. Man wei\u00df oft, ob eine bestimmte Wasserquelle Viren enth\u00e4lt.)<\/p>\n<h2>Daten:<\/h2>\n<ul>\n<li>Gewicht: 57 Gramm<\/li>\n<li>22,5 cm L\u00e4nge<\/li>\n<li>2,5 cm Durchmesser.<\/li>\n<li>Erf\u00fcllt die US EPA Trinkwassernormen<\/li>\n<li>BPA-frei und enth\u00e4lt keine Chemikalien<\/li>\n<li>Kein Nachgeschmack<\/li>\n<li>Erfordert keine elektrische Energie, Batterien oder Ersatzteile.<\/li>\n<li>Vom TIME Magazine als &#8222;Beste Innovation des Jahres&#8220; ausgezeichnet<br \/>\n<div class=\"main-cross-sell\" data-asin=\"B01LZHHQ6H\">\n\n\t<div class=\"WooZone-cross-sell-loader\">\n\t\t<div>\n\t\t\t<div id=\"floatingBarsG\">\n\t\t\t\t<div class=\"blockG\" id=\"rotateG_01\"><\/div>\n\t\t\t\t<div class=\"blockG\" id=\"rotateG_02\"><\/div>\n\t\t\t\t<div class=\"blockG\" id=\"rotateG_03\"><\/div>\n\t\t\t\t<div class=\"blockG\" id=\"rotateG_04\"><\/div>\n\t\t\t\t<div class=\"blockG\" id=\"rotateG_05\"><\/div>\n\t\t\t\t<div class=\"blockG\" id=\"rotateG_06\"><\/div>\n\t\t\t\t<div class=\"blockG\" id=\"rotateG_07\"><\/div>\n\t\t\t\t<div class=\"blockG\" id=\"rotateG_08\"><\/div>\n\t\t\t<\/div>\n\t\t\t<div class=\"WooZone-cross-sell-loader-text\"><\/div>\n\t\t<\/div>\n\t<\/div>\n\n\t\t\n<\/div>\n<div style=\"clear:both;\"><\/div><\/li>\n<\/ul>\n","protected":false},"excerpt":{"rendered":"<p>Mit dem Lifestraw Wasserfilter kannst du aus Fl\u00fcssen und Seen trinken, ohne dir Gedanken dar\u00fcber zu machen, ob sich am n\u00e4chsten Tag dein Magen umdreht. Denn der Liefestraw filtert alle gef\u00e4hrlichen Keime und Bakterien heraus \u2013 Ideal f\u00fcrs Wandern, Trekking oder Campen. Bis zu 1.000 Liter kannst du mit dem Lifestraw filtern.<br \/>\n<a target=\"_blank\" href=\"https:\/\/www.amazon.de\/dp\/B006QF3TW4\/ref=as_li_ss_tl?ie=UTF8&#038;linkCode=ll1&#038;tag=wwwtraveldude-21&#038;linkId=620747f82786c2a19d4c232df113e64f\"><\/p>\n<div class=\"amazon-button\" style=\"text-align: center;\">\u21d2 Direkt bei Amazon bestellen.<\/div>\n<p><\/a><\/p>\n","protected":false},"featured_media":678,"comment_status":"open","ping_status":"closed","template":"","meta":[],"product_brand":[],"product_cat":[86,185],"product_tag":[],"class_list":{"0":"post-674","1":"product","2":"type-product","3":"status-publish","4":"has-post-thumbnail","6":"product_cat-unterwegs","7":"product_cat-nuetzliches-fuer-unterwegs-reisen","9":"first","10":"instock","11":"shipping-taxable","12":"product-type-external"},"yoast_head":"<!-- This site is optimized with the Yoast SEO plugin v26.2 - https:\/\/yoast.com\/wordpress\/plugins\/seo\/ -->\n<title>LifeStraw\u00ae Wasserfilter &#8211; Reiseshop Travel-du.de<\/title>\n<meta name=\"robots\" content=\"index, follow, max-snippet:-1, max-image-preview:large, max-video-preview:-1\" \/>\n<link rel=\"canonical\" href=\"https:\/\/travel-du.de\/reiseshop\/produkt\/lifestraw-wasserfilter\/\" \/>\n<meta property=\"og:locale\" content=\"de_DE\" \/>\n<meta property=\"og:type\" content=\"article\" \/>\n<meta property=\"og:title\" content=\"LifeStraw\u00ae Wasserfilter &#8211; Reiseshop Travel-du.de\" \/>\n<meta property=\"og:description\" content=\"Mit dem Lifestraw Wasserfilter kannst du aus Fl\u00fcssen und Seen trinken, ohne dir Gedanken dar\u00fcber zu machen, ob sich am n\u00e4chsten Tag dein Magen umdreht. Denn der Liefestraw filtert alle gef\u00e4hrlichen Keime und Bakterien heraus \u2013 Ideal f\u00fcrs Wandern, Trekking oder Campen. Bis zu 1.000 Liter kannst du mit dem Lifestraw filtern.  \u21d2 Direkt bei Amazon bestellen.\" \/>\n<meta property=\"og:url\" content=\"https:\/\/travel-du.de\/reiseshop\/produkt\/lifestraw-wasserfilter\/\" \/>\n<meta property=\"og:site_name\" content=\"Reiseshop Travel-du.de\" \/>\n<meta property=\"article:modified_time\" content=\"2026-04-12T22:05:44+00:00\" \/>\n<meta property=\"og:image\" content=\"https:\/\/travel-du.de\/reiseshop\/wp-content\/uploads\/2016\/12\/LifeStraw-Personal-Wasserfilter-Entfernt-Bakterien-Protozoen-und-Trbung-Ideal-fr-Wandern-Trekking-Camping-Reisen-und-Notbereitschaft-0.jpg\" \/>\n\t<meta property=\"og:image:width\" content=\"500\" \/>\n\t<meta property=\"og:image:height\" content=\"500\" \/>\n\t<meta property=\"og:image:type\" content=\"image\/jpeg\" \/>\n<meta name=\"twitter:card\" content=\"summary_large_image\" \/>\n<meta name=\"twitter:label1\" content=\"Gesch\u00e4tzte Lesezeit\" \/>\n\t<meta name=\"twitter:data1\" content=\"1\u00a0Minute\" \/>\n<script type=\"application\/ld+json\" class=\"yoast-schema-graph\">{\"@context\":\"https:\/\/schema.org\",\"@graph\":[{\"@type\":\"WebPage\",\"@id\":\"https:\/\/travel-du.de\/reiseshop\/produkt\/lifestraw-wasserfilter\/\",\"url\":\"https:\/\/travel-du.de\/reiseshop\/produkt\/lifestraw-wasserfilter\/\",\"name\":\"LifeStraw\u00ae Wasserfilter &#8211; Reiseshop Travel-du.de\",\"isPartOf\":{\"@id\":\"https:\/\/travel-du.de\/reiseshop\/#website\"},\"primaryImageOfPage\":{\"@id\":\"https:\/\/travel-du.de\/reiseshop\/produkt\/lifestraw-wasserfilter\/#primaryimage\"},\"image\":{\"@id\":\"https:\/\/travel-du.de\/reiseshop\/produkt\/lifestraw-wasserfilter\/#primaryimage\"},\"thumbnailUrl\":\"https:\/\/travel-du.de\/reiseshop\/wp-content\/uploads\/2016\/12\/LifeStraw-Personal-Wasserfilter-Entfernt-Bakterien-Protozoen-und-Trbung-Ideal-fr-Wandern-Trekking-Camping-Reisen-und-Notbereitschaft-0.jpg\",\"datePublished\":\"2016-12-29T22:11:23+00:00\",\"dateModified\":\"2026-04-12T22:05:44+00:00\",\"breadcrumb\":{\"@id\":\"https:\/\/travel-du.de\/reiseshop\/produkt\/lifestraw-wasserfilter\/#breadcrumb\"},\"inLanguage\":\"de\",\"potentialAction\":[{\"@type\":\"ReadAction\",\"target\":[\"https:\/\/travel-du.de\/reiseshop\/produkt\/lifestraw-wasserfilter\/\"]}]},{\"@type\":\"ImageObject\",\"inLanguage\":\"de\",\"@id\":\"https:\/\/travel-du.de\/reiseshop\/produkt\/lifestraw-wasserfilter\/#primaryimage\",\"url\":\"https:\/\/travel-du.de\/reiseshop\/wp-content\/uploads\/2016\/12\/LifeStraw-Personal-Wasserfilter-Entfernt-Bakterien-Protozoen-und-Trbung-Ideal-fr-Wandern-Trekking-Camping-Reisen-und-Notbereitschaft-0.jpg\",\"contentUrl\":\"https:\/\/travel-du.de\/reiseshop\/wp-content\/uploads\/2016\/12\/LifeStraw-Personal-Wasserfilter-Entfernt-Bakterien-Protozoen-und-Trbung-Ideal-fr-Wandern-Trekking-Camping-Reisen-und-Notbereitschaft-0.jpg\",\"width\":500,\"height\":500},{\"@type\":\"BreadcrumbList\",\"@id\":\"https:\/\/travel-du.de\/reiseshop\/produkt\/lifestraw-wasserfilter\/#breadcrumb\",\"itemListElement\":[{\"@type\":\"ListItem\",\"position\":1,\"name\":\"Startseite\",\"item\":\"https:\/\/travel-du.de\/reiseshop\/\"},{\"@type\":\"ListItem\",\"position\":2,\"name\":\"Shop\",\"item\":\"https:\/\/travel-du.de\/reiseshop\/shop\/\"},{\"@type\":\"ListItem\",\"position\":3,\"name\":\"LifeStraw\u00ae Wasserfilter\"}]},{\"@type\":\"WebSite\",\"@id\":\"https:\/\/travel-du.de\/reiseshop\/#website\",\"url\":\"https:\/\/travel-du.de\/reiseshop\/\",\"name\":\"Reiseshop Travel-du.de\",\"description\":\"Der Shop f\u00fcr Reisende, Weltenbummler und Abenteurer\",\"potentialAction\":[{\"@type\":\"SearchAction\",\"target\":{\"@type\":\"EntryPoint\",\"urlTemplate\":\"https:\/\/travel-du.de\/reiseshop\/?s={search_term_string}\"},\"query-input\":{\"@type\":\"PropertyValueSpecification\",\"valueRequired\":true,\"valueName\":\"search_term_string\"}}],\"inLanguage\":\"de\"}]}<\/script>\n<!-- \/ Yoast SEO plugin. -->","yoast_head_json":{"title":"LifeStraw\u00ae Wasserfilter &#8211; Reiseshop Travel-du.de","robots":{"index":"index","follow":"follow","max-snippet":"max-snippet:-1","max-image-preview":"max-image-preview:large","max-video-preview":"max-video-preview:-1"},"canonical":"https:\/\/travel-du.de\/reiseshop\/produkt\/lifestraw-wasserfilter\/","og_locale":"de_DE","og_type":"article","og_title":"LifeStraw\u00ae Wasserfilter &#8211; Reiseshop Travel-du.de","og_description":"Mit dem Lifestraw Wasserfilter kannst du aus Fl\u00fcssen und Seen trinken, ohne dir Gedanken dar\u00fcber zu machen, ob sich am n\u00e4chsten Tag dein Magen umdreht. Denn der Liefestraw filtert alle gef\u00e4hrlichen Keime und Bakterien heraus \u2013 Ideal f\u00fcrs Wandern, Trekking oder Campen. Bis zu 1.000 Liter kannst du mit dem Lifestraw filtern.  \u21d2 Direkt bei Amazon bestellen.","og_url":"https:\/\/travel-du.de\/reiseshop\/produkt\/lifestraw-wasserfilter\/","og_site_name":"Reiseshop Travel-du.de","article_modified_time":"2026-04-12T22:05:44+00:00","og_image":[{"width":500,"height":500,"url":"https:\/\/travel-du.de\/reiseshop\/wp-content\/uploads\/2016\/12\/LifeStraw-Personal-Wasserfilter-Entfernt-Bakterien-Protozoen-und-Trbung-Ideal-fr-Wandern-Trekking-Camping-Reisen-und-Notbereitschaft-0.jpg","type":"image\/jpeg"}],"twitter_card":"summary_large_image","twitter_misc":{"Gesch\u00e4tzte Lesezeit":"1\u00a0Minute"},"schema":{"@context":"https:\/\/schema.org","@graph":[{"@type":"WebPage","@id":"https:\/\/travel-du.de\/reiseshop\/produkt\/lifestraw-wasserfilter\/","url":"https:\/\/travel-du.de\/reiseshop\/produkt\/lifestraw-wasserfilter\/","name":"LifeStraw\u00ae Wasserfilter &#8211; Reiseshop Travel-du.de","isPartOf":{"@id":"https:\/\/travel-du.de\/reiseshop\/#website"},"primaryImageOfPage":{"@id":"https:\/\/travel-du.de\/reiseshop\/produkt\/lifestraw-wasserfilter\/#primaryimage"},"image":{"@id":"https:\/\/travel-du.de\/reiseshop\/produkt\/lifestraw-wasserfilter\/#primaryimage"},"thumbnailUrl":"https:\/\/travel-du.de\/reiseshop\/wp-content\/uploads\/2016\/12\/LifeStraw-Personal-Wasserfilter-Entfernt-Bakterien-Protozoen-und-Trbung-Ideal-fr-Wandern-Trekking-Camping-Reisen-und-Notbereitschaft-0.jpg","datePublished":"2016-12-29T22:11:23+00:00","dateModified":"2026-04-12T22:05:44+00:00","breadcrumb":{"@id":"https:\/\/travel-du.de\/reiseshop\/produkt\/lifestraw-wasserfilter\/#breadcrumb"},"inLanguage":"de","potentialAction":[{"@type":"ReadAction","target":["https:\/\/travel-du.de\/reiseshop\/produkt\/lifestraw-wasserfilter\/"]}]},{"@type":"ImageObject","inLanguage":"de","@id":"https:\/\/travel-du.de\/reiseshop\/produkt\/lifestraw-wasserfilter\/#primaryimage","url":"https:\/\/travel-du.de\/reiseshop\/wp-content\/uploads\/2016\/12\/LifeStraw-Personal-Wasserfilter-Entfernt-Bakterien-Protozoen-und-Trbung-Ideal-fr-Wandern-Trekking-Camping-Reisen-und-Notbereitschaft-0.jpg","contentUrl":"https:\/\/travel-du.de\/reiseshop\/wp-content\/uploads\/2016\/12\/LifeStraw-Personal-Wasserfilter-Entfernt-Bakterien-Protozoen-und-Trbung-Ideal-fr-Wandern-Trekking-Camping-Reisen-und-Notbereitschaft-0.jpg","width":500,"height":500},{"@type":"BreadcrumbList","@id":"https:\/\/travel-du.de\/reiseshop\/produkt\/lifestraw-wasserfilter\/#breadcrumb","itemListElement":[{"@type":"ListItem","position":1,"name":"Startseite","item":"https:\/\/travel-du.de\/reiseshop\/"},{"@type":"ListItem","position":2,"name":"Shop","item":"https:\/\/travel-du.de\/reiseshop\/shop\/"},{"@type":"ListItem","position":3,"name":"LifeStraw\u00ae Wasserfilter"}]},{"@type":"WebSite","@id":"https:\/\/travel-du.de\/reiseshop\/#website","url":"https:\/\/travel-du.de\/reiseshop\/","name":"Reiseshop Travel-du.de","description":"Der Shop f\u00fcr Reisende, Weltenbummler und Abenteurer","potentialAction":[{"@type":"SearchAction","target":{"@type":"EntryPoint","urlTemplate":"https:\/\/travel-du.de\/reiseshop\/?s={search_term_string}"},"query-input":{"@type":"PropertyValueSpecification","valueRequired":true,"valueName":"search_term_string"}}],"inLanguage":"de"}]}},"_links":{"self":[{"href":"https:\/\/travel-du.de\/reiseshop\/wp-json\/wp\/v2\/product\/674","targetHints":{"allow":["GET"]}}],"collection":[{"href":"https:\/\/travel-du.de\/reiseshop\/wp-json\/wp\/v2\/product"}],"about":[{"href":"https:\/\/travel-du.de\/reiseshop\/wp-json\/wp\/v2\/types\/product"}],"replies":[{"embeddable":true,"href":"https:\/\/travel-du.de\/reiseshop\/wp-json\/wp\/v2\/comments?post=674"}],"wp:featuredmedia":[{"embeddable":true,"href":"https:\/\/travel-du.de\/reiseshop\/wp-json\/wp\/v2\/media\/678"}],"wp:attachment":[{"href":"https:\/\/travel-du.de\/reiseshop\/wp-json\/wp\/v2\/media?parent=674"}],"wp:term":[{"taxonomy":"product_brand","embeddable":true,"href":"https:\/\/travel-du.de\/reiseshop\/wp-json\/wp\/v2\/product_brand?post=674"},{"taxonomy":"product_cat","embeddable":true,"href":"https:\/\/travel-du.de\/reiseshop\/wp-json\/wp\/v2\/product_cat?post=674"},{"taxonomy":"product_tag","embeddable":true,"href":"https:\/\/travel-du.de\/reiseshop\/wp-json\/wp\/v2\/product_tag?post=674"}],"curies":[{"name":"wp","href":"https:\/\/api.w.org\/{rel}","templated":true}]}}