{"id":671,"date":"2016-12-29T22:33:19","date_gmt":"2016-12-29T21:33:19","guid":{"rendered":"http:\/\/travel-du.de\/reiseshop\/produkt\/muetze-muetzen-cap-baseball-caps-unisex-maedchen-junge-weltkarte\/"},"modified":"2020-02-02T21:50:30","modified_gmt":"2020-02-02T20:50:30","slug":"muetze-muetzen-cap-baseball-caps-unisex-maedchen-junge-weltkarte","status":"publish","type":"product","link":"https:\/\/travel-du.de\/reiseshop\/produkt\/muetze-muetzen-cap-baseball-caps-unisex-maedchen-junge-weltkarte\/","title":{"rendered":"Coole Basecap mit Weltkarte"},"content":{"rendered":"<p>Verfahren nach dem Waschen:<br \/>\nNach dem Waschen wird die Strickm\u00fctze vorgeschlagen mit Papieren gef\u00fcllt werden oder T\u00fccher und es sollte flach Vermeidung direkter Sonneneinstrahlung getrocknet werden.<\/p>\n<p>Bitte beachten Sie:<br \/>\n1. Erlauben Sie bitte geringf\u00fcgige 1-2cm Unterschied wegen des manuellen Ma\u00dfes und einer kleinen Farbvariationen f\u00fcr unterschiedliche Display-Einstellung.<br \/>\n2. Gr\u00f6\u00dfe passt nicht allen, bitte \u00fcberpr\u00fcfen sie sorgf\u00e4ltig gr\u00f6\u00dfe diagramm und w\u00e4hlen sie die gr\u00f6\u00dfe auf ihre wirkliche gr\u00f6\u00dfe.<br \/>\n3. Schritte, um Ihre Kopfgr\u00f6\u00dfe zu messen, ist auf dem Bild gezeigt.<br \/>\nMaterial: polyester fasern<br \/>\nOne size, Geeigneter kopfumfang: 54cm-59cm. Es ist einstellbar.<br \/>\nGeeignet f\u00fcr Jungen und M\u00e4dchen.<br \/>\nGeeignet f\u00fcr Fr\u00fchjahr, Herbst und Sommer oder den milden Winter.<br \/>\nWegen des manuellen Ma\u00dfes, w\u00fcrde es 1-2 cm Unterschied geben. Beachten Sie bitte das letzte Bild links f\u00fcr die Kopfumfang messmethode.<br \/>\n<div class=\"main-cross-sell\" data-asin=\"B01M8JTWMR\">\n\n\t<div class=\"WooZone-cross-sell-loader\">\n\t\t<div>\n\t\t\t<div id=\"floatingBarsG\">\n\t\t\t\t<div class=\"blockG\" id=\"rotateG_01\"><\/div>\n\t\t\t\t<div class=\"blockG\" id=\"rotateG_02\"><\/div>\n\t\t\t\t<div class=\"blockG\" id=\"rotateG_03\"><\/div>\n\t\t\t\t<div class=\"blockG\" id=\"rotateG_04\"><\/div>\n\t\t\t\t<div class=\"blockG\" id=\"rotateG_05\"><\/div>\n\t\t\t\t<div class=\"blockG\" id=\"rotateG_06\"><\/div>\n\t\t\t\t<div class=\"blockG\" id=\"rotateG_07\"><\/div>\n\t\t\t\t<div class=\"blockG\" id=\"rotateG_08\"><\/div>\n\t\t\t<\/div>\n\t\t\t<div class=\"WooZone-cross-sell-loader-text\"><\/div>\n\t\t<\/div>\n\t<\/div>\n\n\t\t\n<\/div>\n<div style=\"clear:both;\"><\/div><\/p>\n","protected":false},"excerpt":{"rendered":"<p>Material: polyester fasern<br \/>\nOne size, Geeigneter kopfumfang: 54cm-59cm. Es ist einstellbar.<br \/>\nGeeignet f\u00fcr Jungen und M\u00e4dchen.<\/p>\n","protected":false},"featured_media":672,"comment_status":"open","ping_status":"closed","template":"","meta":[],"product_brand":[],"product_cat":[87,97,98],"product_tag":[],"class_list":{"0":"post-671","1":"product","2":"type-product","3":"status-publish","4":"has-post-thumbnail","6":"product_cat-zu-hause","7":"product_cat-dekoration","8":"product_cat-weltkarten","10":"first","11":"instock","12":"shipping-taxable","13":"product-type-external"},"yoast_head":"<!-- This site is optimized with the Yoast SEO plugin v26.2 - https:\/\/yoast.com\/wordpress\/plugins\/seo\/ -->\n<title>Coole Basecap mit Weltkarte &#8211; Reiseshop Travel-du.de<\/title>\n<meta name=\"robots\" content=\"index, follow, max-snippet:-1, max-image-preview:large, max-video-preview:-1\" \/>\n<link rel=\"canonical\" href=\"https:\/\/travel-du.de\/reiseshop\/produkt\/muetze-muetzen-cap-baseball-caps-unisex-maedchen-junge-weltkarte\/\" \/>\n<meta property=\"og:locale\" content=\"de_DE\" \/>\n<meta property=\"og:type\" content=\"article\" \/>\n<meta property=\"og:title\" content=\"Coole Basecap mit Weltkarte &#8211; Reiseshop Travel-du.de\" \/>\n<meta property=\"og:description\" content=\"Material: polyester fasern One size, Geeigneter kopfumfang: 54cm-59cm. Es ist einstellbar. Geeignet f\u00fcr Jungen und M\u00e4dchen.\" \/>\n<meta property=\"og:url\" content=\"https:\/\/travel-du.de\/reiseshop\/produkt\/muetze-muetzen-cap-baseball-caps-unisex-maedchen-junge-weltkarte\/\" \/>\n<meta property=\"og:site_name\" content=\"Reiseshop Travel-du.de\" \/>\n<meta property=\"article:modified_time\" content=\"2020-02-02T20:50:30+00:00\" \/>\n<meta property=\"og:image\" content=\"https:\/\/travel-du.de\/reiseshop\/wp-content\/uploads\/2016\/12\/Mtze-Mtzen-Cap-Baseball-Caps-Unisex-Mdchen-Junge-Weltkarte-0.jpg\" \/>\n\t<meta property=\"og:image:width\" content=\"500\" \/>\n\t<meta property=\"og:image:height\" content=\"460\" \/>\n\t<meta property=\"og:image:type\" content=\"image\/jpeg\" \/>\n<meta name=\"twitter:card\" content=\"summary_large_image\" \/>\n<meta name=\"twitter:label1\" content=\"Gesch\u00e4tzte Lesezeit\" \/>\n\t<meta name=\"twitter:data1\" content=\"1\u00a0Minute\" \/>\n<script type=\"application\/ld+json\" class=\"yoast-schema-graph\">{\"@context\":\"https:\/\/schema.org\",\"@graph\":[{\"@type\":\"WebPage\",\"@id\":\"https:\/\/travel-du.de\/reiseshop\/produkt\/muetze-muetzen-cap-baseball-caps-unisex-maedchen-junge-weltkarte\/\",\"url\":\"https:\/\/travel-du.de\/reiseshop\/produkt\/muetze-muetzen-cap-baseball-caps-unisex-maedchen-junge-weltkarte\/\",\"name\":\"Coole Basecap mit Weltkarte &#8211; Reiseshop Travel-du.de\",\"isPartOf\":{\"@id\":\"https:\/\/travel-du.de\/reiseshop\/#website\"},\"primaryImageOfPage\":{\"@id\":\"https:\/\/travel-du.de\/reiseshop\/produkt\/muetze-muetzen-cap-baseball-caps-unisex-maedchen-junge-weltkarte\/#primaryimage\"},\"image\":{\"@id\":\"https:\/\/travel-du.de\/reiseshop\/produkt\/muetze-muetzen-cap-baseball-caps-unisex-maedchen-junge-weltkarte\/#primaryimage\"},\"thumbnailUrl\":\"https:\/\/travel-du.de\/reiseshop\/wp-content\/uploads\/2016\/12\/Mtze-Mtzen-Cap-Baseball-Caps-Unisex-Mdchen-Junge-Weltkarte-0.jpg\",\"datePublished\":\"2016-12-29T21:33:19+00:00\",\"dateModified\":\"2020-02-02T20:50:30+00:00\",\"breadcrumb\":{\"@id\":\"https:\/\/travel-du.de\/reiseshop\/produkt\/muetze-muetzen-cap-baseball-caps-unisex-maedchen-junge-weltkarte\/#breadcrumb\"},\"inLanguage\":\"de\",\"potentialAction\":[{\"@type\":\"ReadAction\",\"target\":[\"https:\/\/travel-du.de\/reiseshop\/produkt\/muetze-muetzen-cap-baseball-caps-unisex-maedchen-junge-weltkarte\/\"]}]},{\"@type\":\"ImageObject\",\"inLanguage\":\"de\",\"@id\":\"https:\/\/travel-du.de\/reiseshop\/produkt\/muetze-muetzen-cap-baseball-caps-unisex-maedchen-junge-weltkarte\/#primaryimage\",\"url\":\"https:\/\/travel-du.de\/reiseshop\/wp-content\/uploads\/2016\/12\/Mtze-Mtzen-Cap-Baseball-Caps-Unisex-Mdchen-Junge-Weltkarte-0.jpg\",\"contentUrl\":\"https:\/\/travel-du.de\/reiseshop\/wp-content\/uploads\/2016\/12\/Mtze-Mtzen-Cap-Baseball-Caps-Unisex-Mdchen-Junge-Weltkarte-0.jpg\",\"width\":500,\"height\":460},{\"@type\":\"BreadcrumbList\",\"@id\":\"https:\/\/travel-du.de\/reiseshop\/produkt\/muetze-muetzen-cap-baseball-caps-unisex-maedchen-junge-weltkarte\/#breadcrumb\",\"itemListElement\":[{\"@type\":\"ListItem\",\"position\":1,\"name\":\"Startseite\",\"item\":\"https:\/\/travel-du.de\/reiseshop\/\"},{\"@type\":\"ListItem\",\"position\":2,\"name\":\"Shop\",\"item\":\"https:\/\/travel-du.de\/reiseshop\/shop\/\"},{\"@type\":\"ListItem\",\"position\":3,\"name\":\"Coole Basecap mit Weltkarte\"}]},{\"@type\":\"WebSite\",\"@id\":\"https:\/\/travel-du.de\/reiseshop\/#website\",\"url\":\"https:\/\/travel-du.de\/reiseshop\/\",\"name\":\"Reiseshop Travel-du.de\",\"description\":\"Der Shop f\u00fcr Reisende, Weltenbummler und Abenteurer\",\"potentialAction\":[{\"@type\":\"SearchAction\",\"target\":{\"@type\":\"EntryPoint\",\"urlTemplate\":\"https:\/\/travel-du.de\/reiseshop\/?s={search_term_string}\"},\"query-input\":{\"@type\":\"PropertyValueSpecification\",\"valueRequired\":true,\"valueName\":\"search_term_string\"}}],\"inLanguage\":\"de\"}]}<\/script>\n<!-- \/ Yoast SEO plugin. -->","yoast_head_json":{"title":"Coole Basecap mit Weltkarte &#8211; Reiseshop Travel-du.de","robots":{"index":"index","follow":"follow","max-snippet":"max-snippet:-1","max-image-preview":"max-image-preview:large","max-video-preview":"max-video-preview:-1"},"canonical":"https:\/\/travel-du.de\/reiseshop\/produkt\/muetze-muetzen-cap-baseball-caps-unisex-maedchen-junge-weltkarte\/","og_locale":"de_DE","og_type":"article","og_title":"Coole Basecap mit Weltkarte &#8211; Reiseshop Travel-du.de","og_description":"Material: polyester fasern One size, Geeigneter kopfumfang: 54cm-59cm. Es ist einstellbar. Geeignet f\u00fcr Jungen und M\u00e4dchen.","og_url":"https:\/\/travel-du.de\/reiseshop\/produkt\/muetze-muetzen-cap-baseball-caps-unisex-maedchen-junge-weltkarte\/","og_site_name":"Reiseshop Travel-du.de","article_modified_time":"2020-02-02T20:50:30+00:00","og_image":[{"width":500,"height":460,"url":"https:\/\/travel-du.de\/reiseshop\/wp-content\/uploads\/2016\/12\/Mtze-Mtzen-Cap-Baseball-Caps-Unisex-Mdchen-Junge-Weltkarte-0.jpg","type":"image\/jpeg"}],"twitter_card":"summary_large_image","twitter_misc":{"Gesch\u00e4tzte Lesezeit":"1\u00a0Minute"},"schema":{"@context":"https:\/\/schema.org","@graph":[{"@type":"WebPage","@id":"https:\/\/travel-du.de\/reiseshop\/produkt\/muetze-muetzen-cap-baseball-caps-unisex-maedchen-junge-weltkarte\/","url":"https:\/\/travel-du.de\/reiseshop\/produkt\/muetze-muetzen-cap-baseball-caps-unisex-maedchen-junge-weltkarte\/","name":"Coole Basecap mit Weltkarte &#8211; Reiseshop Travel-du.de","isPartOf":{"@id":"https:\/\/travel-du.de\/reiseshop\/#website"},"primaryImageOfPage":{"@id":"https:\/\/travel-du.de\/reiseshop\/produkt\/muetze-muetzen-cap-baseball-caps-unisex-maedchen-junge-weltkarte\/#primaryimage"},"image":{"@id":"https:\/\/travel-du.de\/reiseshop\/produkt\/muetze-muetzen-cap-baseball-caps-unisex-maedchen-junge-weltkarte\/#primaryimage"},"thumbnailUrl":"https:\/\/travel-du.de\/reiseshop\/wp-content\/uploads\/2016\/12\/Mtze-Mtzen-Cap-Baseball-Caps-Unisex-Mdchen-Junge-Weltkarte-0.jpg","datePublished":"2016-12-29T21:33:19+00:00","dateModified":"2020-02-02T20:50:30+00:00","breadcrumb":{"@id":"https:\/\/travel-du.de\/reiseshop\/produkt\/muetze-muetzen-cap-baseball-caps-unisex-maedchen-junge-weltkarte\/#breadcrumb"},"inLanguage":"de","potentialAction":[{"@type":"ReadAction","target":["https:\/\/travel-du.de\/reiseshop\/produkt\/muetze-muetzen-cap-baseball-caps-unisex-maedchen-junge-weltkarte\/"]}]},{"@type":"ImageObject","inLanguage":"de","@id":"https:\/\/travel-du.de\/reiseshop\/produkt\/muetze-muetzen-cap-baseball-caps-unisex-maedchen-junge-weltkarte\/#primaryimage","url":"https:\/\/travel-du.de\/reiseshop\/wp-content\/uploads\/2016\/12\/Mtze-Mtzen-Cap-Baseball-Caps-Unisex-Mdchen-Junge-Weltkarte-0.jpg","contentUrl":"https:\/\/travel-du.de\/reiseshop\/wp-content\/uploads\/2016\/12\/Mtze-Mtzen-Cap-Baseball-Caps-Unisex-Mdchen-Junge-Weltkarte-0.jpg","width":500,"height":460},{"@type":"BreadcrumbList","@id":"https:\/\/travel-du.de\/reiseshop\/produkt\/muetze-muetzen-cap-baseball-caps-unisex-maedchen-junge-weltkarte\/#breadcrumb","itemListElement":[{"@type":"ListItem","position":1,"name":"Startseite","item":"https:\/\/travel-du.de\/reiseshop\/"},{"@type":"ListItem","position":2,"name":"Shop","item":"https:\/\/travel-du.de\/reiseshop\/shop\/"},{"@type":"ListItem","position":3,"name":"Coole Basecap mit Weltkarte"}]},{"@type":"WebSite","@id":"https:\/\/travel-du.de\/reiseshop\/#website","url":"https:\/\/travel-du.de\/reiseshop\/","name":"Reiseshop Travel-du.de","description":"Der Shop f\u00fcr Reisende, Weltenbummler und Abenteurer","potentialAction":[{"@type":"SearchAction","target":{"@type":"EntryPoint","urlTemplate":"https:\/\/travel-du.de\/reiseshop\/?s={search_term_string}"},"query-input":{"@type":"PropertyValueSpecification","valueRequired":true,"valueName":"search_term_string"}}],"inLanguage":"de"}]}},"_links":{"self":[{"href":"https:\/\/travel-du.de\/reiseshop\/wp-json\/wp\/v2\/product\/671","targetHints":{"allow":["GET"]}}],"collection":[{"href":"https:\/\/travel-du.de\/reiseshop\/wp-json\/wp\/v2\/product"}],"about":[{"href":"https:\/\/travel-du.de\/reiseshop\/wp-json\/wp\/v2\/types\/product"}],"replies":[{"embeddable":true,"href":"https:\/\/travel-du.de\/reiseshop\/wp-json\/wp\/v2\/comments?post=671"}],"wp:featuredmedia":[{"embeddable":true,"href":"https:\/\/travel-du.de\/reiseshop\/wp-json\/wp\/v2\/media\/672"}],"wp:attachment":[{"href":"https:\/\/travel-du.de\/reiseshop\/wp-json\/wp\/v2\/media?parent=671"}],"wp:term":[{"taxonomy":"product_brand","embeddable":true,"href":"https:\/\/travel-du.de\/reiseshop\/wp-json\/wp\/v2\/product_brand?post=671"},{"taxonomy":"product_cat","embeddable":true,"href":"https:\/\/travel-du.de\/reiseshop\/wp-json\/wp\/v2\/product_cat?post=671"},{"taxonomy":"product_tag","embeddable":true,"href":"https:\/\/travel-du.de\/reiseshop\/wp-json\/wp\/v2\/product_tag?post=671"}],"curies":[{"name":"wp","href":"https:\/\/api.w.org\/{rel}","templated":true}]}}