{"id":6517,"date":"2025-10-28T12:25:15","date_gmt":"2025-10-28T11:25:15","guid":{"rendered":"https:\/\/travel-du.de\/reiseshop\/produkt\/curry-rostbratwurst-in-sauce-mit-currypulver-pikser-6-x-200g-schale-von-dieter-hein\/"},"modified":"2025-10-28T16:19:36","modified_gmt":"2025-10-28T15:19:36","slug":"currywurst","status":"publish","type":"product","link":"https:\/\/travel-du.de\/reiseshop\/produkt\/currywurst\/","title":{"rendered":"Currywurst to go \u2013 Dieter Heins Bratwurst-Klassiker in Sauce (6x200g)"},"content":{"rendered":"<p>&nbsp;<\/p>\n<p class=\"my-2 [&amp;+p]:mt-4 [&amp;_strong:has(+br)]:inline-block [&amp;_strong:has(+br)]:pb-2\">\ud83c\udf2d\u00a0<strong>Schneller Snack, echter Geschmack:<\/strong><br \/>\nHier bekommst du gebratene Rostbratwurst in St\u00fcckchen, perfekt ummantelt von einer w\u00fcrzigen Sauce mit Currypulver \u2013 alles vom Metzger Dieter Hein. Schale auf, Mikrowelle an, losessen \u2013 ganz ohne Imbissbude.<\/p>\n<p class=\"my-2 [&amp;+p]:mt-4 [&amp;_strong:has(+br)]:inline-block [&amp;_strong:has(+br)]:pb-2\">\ud83c\udf5b\u00a0<strong>Das ist drin:<\/strong><\/p>\n<ul class=\"marker:text-quiet list-disc\">\n<li class=\"py-0 my-0 prose-p:pt-0 prose-p:mb-2 prose-p:my-0 [&amp;&gt;p]:pt-0 [&amp;&gt;p]:mb-2 [&amp;&gt;p]:my-0\">\n<p class=\"my-2 [&amp;+p]:mt-4 [&amp;_strong:has(+br)]:inline-block [&amp;_strong:has(+br)]:pb-2\">Je Schale 200g Currywurst in Scheiben<\/p>\n<\/li>\n<li class=\"py-0 my-0 prose-p:pt-0 prose-p:mb-2 prose-p:my-0 [&amp;&gt;p]:pt-0 [&amp;&gt;p]:mb-2 [&amp;&gt;p]:my-0\">\n<p class=\"my-2 [&amp;+p]:mt-4 [&amp;_strong:has(+br)]:inline-block [&amp;_strong:has(+br)]:pb-2\">Feine Mischung aus hochwertigem Schweinefleisch &amp; deftiger Bratwurst<\/p>\n<\/li>\n<li class=\"py-0 my-0 prose-p:pt-0 prose-p:mb-2 prose-p:my-0 [&amp;&gt;p]:pt-0 [&amp;&gt;p]:mb-2 [&amp;&gt;p]:my-0\">\n<p class=\"my-2 [&amp;+p]:mt-4 [&amp;_strong:has(+br)]:inline-block [&amp;_strong:has(+br)]:pb-2\">50% Bratwurst, 50% w\u00fcrzige Curryketchup-Sauce<\/p>\n<\/li>\n<li class=\"py-0 my-0 prose-p:pt-0 prose-p:mb-2 prose-p:my-0 [&amp;&gt;p]:pt-0 [&amp;&gt;p]:mb-2 [&amp;&gt;p]:my-0\">\n<p class=\"my-2 [&amp;+p]:mt-4 [&amp;_strong:has(+br)]:inline-block [&amp;_strong:has(+br)]:pb-2\">Inklusive Currypulver-Extra und klassischem Pikser (glaub mir, du willst den nicht suchen m\u00fcssen)<\/p>\n<\/li>\n<\/ul>\n<p class=\"my-2 [&amp;+p]:mt-4 [&amp;_strong:has(+br)]:inline-block [&amp;_strong:has(+br)]:pb-2\">\ud83d\udd52\u00a0<strong>Wann &amp; wo du willst:<\/strong><br \/>\nIm 6er-Sparpack immer zur Hand \u2013 f\u00fcr die Mittagspause, auf dem Campingplatz oder wenn du nachts Hunger auf Currywurst bekommst. Einfach sch\u00e4(r)f, einfach praktisch.<\/p>\n<p class=\"my-2 [&amp;+p]:mt-4 [&amp;_strong:has(+br)]:inline-block [&amp;_strong:has(+br)]:pb-2\">\u2139\ufe0f\u00a0<strong>Zubereitung:<\/strong><br \/>\nDirekt in der Mikrowelle warmmachen und genie\u00dfen. Kein Tropfen, kein Stress.<\/p>\n<div class=\"main-cross-sell\" data-asin=\"B0CRLF7M86\">\n\n\t<div class=\"WooZone-cross-sell-loader\">\n\t\t<div>\n\t\t\t<div id=\"floatingBarsG\">\n\t\t\t\t<div class=\"blockG\" id=\"rotateG_01\"><\/div>\n\t\t\t\t<div class=\"blockG\" id=\"rotateG_02\"><\/div>\n\t\t\t\t<div class=\"blockG\" id=\"rotateG_03\"><\/div>\n\t\t\t\t<div class=\"blockG\" id=\"rotateG_04\"><\/div>\n\t\t\t\t<div class=\"blockG\" id=\"rotateG_05\"><\/div>\n\t\t\t\t<div class=\"blockG\" id=\"rotateG_06\"><\/div>\n\t\t\t\t<div class=\"blockG\" id=\"rotateG_07\"><\/div>\n\t\t\t\t<div class=\"blockG\" id=\"rotateG_08\"><\/div>\n\t\t\t<\/div>\n\t\t\t<div class=\"WooZone-cross-sell-loader-text\"><\/div>\n\t\t<\/div>\n\t<\/div>\n\n\t\t\n<\/div>\n<div style=\"clear:both;\"><\/div>\n","protected":false},"excerpt":{"rendered":"<p class=\"my-2 [&amp;+p]:mt-4 [&amp;_strong:has(+br)]:inline-block [&amp;_strong:has(+br)]:pb-2\">Du willst echten Currywurst-Genuss ohne Aufwand \u2013 zu Hause, am Arbeitsplatz oder unterwegs? Mit dieser Schale hast du in wenigen Minuten den kultigen Snack aus gebratener Rostbratwurst in w\u00fcrziger Currysauce auf dem Teller, inklusive Currypulver und Pikser. Einfach aufw\u00e4rmen, reinpiksen, gl\u00fccklich sein!<\/p>\n","protected":false},"featured_media":6518,"comment_status":"closed","ping_status":"closed","template":"","meta":[],"product_brand":[],"product_cat":[4031,120],"product_tag":[],"class_list":{"0":"post-6517","1":"product","2":"type-product","3":"status-publish","4":"has-post-thumbnail","6":"product_cat-deutschland-geschenkideen","7":"product_cat-reise-geschenke","9":"first","10":"instock","11":"shipping-taxable","12":"product-type-external"},"yoast_head":"<!-- This site is optimized with the Yoast SEO plugin v26.2 - https:\/\/yoast.com\/wordpress\/plugins\/seo\/ -->\n<title>Currywurst to go \u2013 Dieter Hein, 6x200g, Mikrowellen-Snack<\/title>\n<meta name=\"description\" content=\"Fix fertige Currywurst: 6x200g Rostbratwurst in Sauce mit Currypulver &amp; Pikser. Mikrowellen-Snack von Dieter Hein \u2013 echter Klassiker in Minuten genussfertig!\" \/>\n<meta name=\"robots\" content=\"index, follow, max-snippet:-1, max-image-preview:large, max-video-preview:-1\" \/>\n<link rel=\"canonical\" href=\"https:\/\/travel-du.de\/reiseshop\/produkt\/currywurst\/\" \/>\n<meta property=\"og:locale\" content=\"de_DE\" \/>\n<meta property=\"og:type\" content=\"article\" \/>\n<meta property=\"og:title\" content=\"Currywurst to go \u2013 Dieter Hein, 6x200g, Mikrowellen-Snack\" \/>\n<meta property=\"og:description\" content=\"Fix fertige Currywurst: 6x200g Rostbratwurst in Sauce mit Currypulver &amp; Pikser. Mikrowellen-Snack von Dieter Hein \u2013 echter Klassiker in Minuten genussfertig!\" \/>\n<meta property=\"og:url\" content=\"https:\/\/travel-du.de\/reiseshop\/produkt\/currywurst\/\" \/>\n<meta property=\"og:site_name\" content=\"Reiseshop Travel-du.de\" \/>\n<meta property=\"article:modified_time\" content=\"2025-10-28T15:19:36+00:00\" \/>\n<meta property=\"og:image\" content=\"https:\/\/travel-du.de\/reiseshop\/wp-content\/uploads\/2025\/10\/Curry-Rostbratwurst-in-Sauce-mit-Currypulver-Pikser-6-x-200g-Schale-von-Dieter-Hein-0.jpg\" \/>\n\t<meta property=\"og:image:width\" content=\"472\" \/>\n\t<meta property=\"og:image:height\" content=\"500\" \/>\n\t<meta property=\"og:image:type\" content=\"image\/jpeg\" \/>\n<meta name=\"twitter:card\" content=\"summary_large_image\" \/>\n<meta name=\"twitter:label1\" content=\"Gesch\u00e4tzte Lesezeit\" \/>\n\t<meta name=\"twitter:data1\" content=\"1\u00a0Minute\" \/>\n<script type=\"application\/ld+json\" class=\"yoast-schema-graph\">{\"@context\":\"https:\/\/schema.org\",\"@graph\":[{\"@type\":\"WebPage\",\"@id\":\"https:\/\/travel-du.de\/reiseshop\/produkt\/currywurst\/\",\"url\":\"https:\/\/travel-du.de\/reiseshop\/produkt\/currywurst\/\",\"name\":\"Currywurst to go \u2013 Dieter Hein, 6x200g, Mikrowellen-Snack\",\"isPartOf\":{\"@id\":\"https:\/\/travel-du.de\/reiseshop\/#website\"},\"primaryImageOfPage\":{\"@id\":\"https:\/\/travel-du.de\/reiseshop\/produkt\/currywurst\/#primaryimage\"},\"image\":{\"@id\":\"https:\/\/travel-du.de\/reiseshop\/produkt\/currywurst\/#primaryimage\"},\"thumbnailUrl\":\"https:\/\/travel-du.de\/reiseshop\/wp-content\/uploads\/2025\/10\/Curry-Rostbratwurst-in-Sauce-mit-Currypulver-Pikser-6-x-200g-Schale-von-Dieter-Hein-0.jpg\",\"datePublished\":\"2025-10-28T11:25:15+00:00\",\"dateModified\":\"2025-10-28T15:19:36+00:00\",\"description\":\"Fix fertige Currywurst: 6x200g Rostbratwurst in Sauce mit Currypulver & Pikser. Mikrowellen-Snack von Dieter Hein \u2013 echter Klassiker in Minuten genussfertig!\",\"breadcrumb\":{\"@id\":\"https:\/\/travel-du.de\/reiseshop\/produkt\/currywurst\/#breadcrumb\"},\"inLanguage\":\"de\",\"potentialAction\":[{\"@type\":\"ReadAction\",\"target\":[\"https:\/\/travel-du.de\/reiseshop\/produkt\/currywurst\/\"]}]},{\"@type\":\"ImageObject\",\"inLanguage\":\"de\",\"@id\":\"https:\/\/travel-du.de\/reiseshop\/produkt\/currywurst\/#primaryimage\",\"url\":\"https:\/\/travel-du.de\/reiseshop\/wp-content\/uploads\/2025\/10\/Curry-Rostbratwurst-in-Sauce-mit-Currypulver-Pikser-6-x-200g-Schale-von-Dieter-Hein-0.jpg\",\"contentUrl\":\"https:\/\/travel-du.de\/reiseshop\/wp-content\/uploads\/2025\/10\/Curry-Rostbratwurst-in-Sauce-mit-Currypulver-Pikser-6-x-200g-Schale-von-Dieter-Hein-0.jpg\",\"width\":472,\"height\":500},{\"@type\":\"BreadcrumbList\",\"@id\":\"https:\/\/travel-du.de\/reiseshop\/produkt\/currywurst\/#breadcrumb\",\"itemListElement\":[{\"@type\":\"ListItem\",\"position\":1,\"name\":\"Startseite\",\"item\":\"https:\/\/travel-du.de\/reiseshop\/\"},{\"@type\":\"ListItem\",\"position\":2,\"name\":\"Shop\",\"item\":\"https:\/\/travel-du.de\/reiseshop\/shop\/\"},{\"@type\":\"ListItem\",\"position\":3,\"name\":\"Currywurst to go \u2013 Dieter Heins Bratwurst-Klassiker in Sauce (6x200g)\"}]},{\"@type\":\"WebSite\",\"@id\":\"https:\/\/travel-du.de\/reiseshop\/#website\",\"url\":\"https:\/\/travel-du.de\/reiseshop\/\",\"name\":\"Reiseshop Travel-du.de\",\"description\":\"Der Shop f\u00fcr Reisende, Weltenbummler und Abenteurer\",\"potentialAction\":[{\"@type\":\"SearchAction\",\"target\":{\"@type\":\"EntryPoint\",\"urlTemplate\":\"https:\/\/travel-du.de\/reiseshop\/?s={search_term_string}\"},\"query-input\":{\"@type\":\"PropertyValueSpecification\",\"valueRequired\":true,\"valueName\":\"search_term_string\"}}],\"inLanguage\":\"de\"}]}<\/script>\n<!-- \/ Yoast SEO plugin. -->","yoast_head_json":{"title":"Currywurst to go \u2013 Dieter Hein, 6x200g, Mikrowellen-Snack","description":"Fix fertige Currywurst: 6x200g Rostbratwurst in Sauce mit Currypulver & Pikser. Mikrowellen-Snack von Dieter Hein \u2013 echter Klassiker in Minuten genussfertig!","robots":{"index":"index","follow":"follow","max-snippet":"max-snippet:-1","max-image-preview":"max-image-preview:large","max-video-preview":"max-video-preview:-1"},"canonical":"https:\/\/travel-du.de\/reiseshop\/produkt\/currywurst\/","og_locale":"de_DE","og_type":"article","og_title":"Currywurst to go \u2013 Dieter Hein, 6x200g, Mikrowellen-Snack","og_description":"Fix fertige Currywurst: 6x200g Rostbratwurst in Sauce mit Currypulver & Pikser. Mikrowellen-Snack von Dieter Hein \u2013 echter Klassiker in Minuten genussfertig!","og_url":"https:\/\/travel-du.de\/reiseshop\/produkt\/currywurst\/","og_site_name":"Reiseshop Travel-du.de","article_modified_time":"2025-10-28T15:19:36+00:00","og_image":[{"width":472,"height":500,"url":"https:\/\/travel-du.de\/reiseshop\/wp-content\/uploads\/2025\/10\/Curry-Rostbratwurst-in-Sauce-mit-Currypulver-Pikser-6-x-200g-Schale-von-Dieter-Hein-0.jpg","type":"image\/jpeg"}],"twitter_card":"summary_large_image","twitter_misc":{"Gesch\u00e4tzte Lesezeit":"1\u00a0Minute"},"schema":{"@context":"https:\/\/schema.org","@graph":[{"@type":"WebPage","@id":"https:\/\/travel-du.de\/reiseshop\/produkt\/currywurst\/","url":"https:\/\/travel-du.de\/reiseshop\/produkt\/currywurst\/","name":"Currywurst to go \u2013 Dieter Hein, 6x200g, Mikrowellen-Snack","isPartOf":{"@id":"https:\/\/travel-du.de\/reiseshop\/#website"},"primaryImageOfPage":{"@id":"https:\/\/travel-du.de\/reiseshop\/produkt\/currywurst\/#primaryimage"},"image":{"@id":"https:\/\/travel-du.de\/reiseshop\/produkt\/currywurst\/#primaryimage"},"thumbnailUrl":"https:\/\/travel-du.de\/reiseshop\/wp-content\/uploads\/2025\/10\/Curry-Rostbratwurst-in-Sauce-mit-Currypulver-Pikser-6-x-200g-Schale-von-Dieter-Hein-0.jpg","datePublished":"2025-10-28T11:25:15+00:00","dateModified":"2025-10-28T15:19:36+00:00","description":"Fix fertige Currywurst: 6x200g Rostbratwurst in Sauce mit Currypulver & Pikser. Mikrowellen-Snack von Dieter Hein \u2013 echter Klassiker in Minuten genussfertig!","breadcrumb":{"@id":"https:\/\/travel-du.de\/reiseshop\/produkt\/currywurst\/#breadcrumb"},"inLanguage":"de","potentialAction":[{"@type":"ReadAction","target":["https:\/\/travel-du.de\/reiseshop\/produkt\/currywurst\/"]}]},{"@type":"ImageObject","inLanguage":"de","@id":"https:\/\/travel-du.de\/reiseshop\/produkt\/currywurst\/#primaryimage","url":"https:\/\/travel-du.de\/reiseshop\/wp-content\/uploads\/2025\/10\/Curry-Rostbratwurst-in-Sauce-mit-Currypulver-Pikser-6-x-200g-Schale-von-Dieter-Hein-0.jpg","contentUrl":"https:\/\/travel-du.de\/reiseshop\/wp-content\/uploads\/2025\/10\/Curry-Rostbratwurst-in-Sauce-mit-Currypulver-Pikser-6-x-200g-Schale-von-Dieter-Hein-0.jpg","width":472,"height":500},{"@type":"BreadcrumbList","@id":"https:\/\/travel-du.de\/reiseshop\/produkt\/currywurst\/#breadcrumb","itemListElement":[{"@type":"ListItem","position":1,"name":"Startseite","item":"https:\/\/travel-du.de\/reiseshop\/"},{"@type":"ListItem","position":2,"name":"Shop","item":"https:\/\/travel-du.de\/reiseshop\/shop\/"},{"@type":"ListItem","position":3,"name":"Currywurst to go \u2013 Dieter Heins Bratwurst-Klassiker in Sauce (6x200g)"}]},{"@type":"WebSite","@id":"https:\/\/travel-du.de\/reiseshop\/#website","url":"https:\/\/travel-du.de\/reiseshop\/","name":"Reiseshop Travel-du.de","description":"Der Shop f\u00fcr Reisende, Weltenbummler und Abenteurer","potentialAction":[{"@type":"SearchAction","target":{"@type":"EntryPoint","urlTemplate":"https:\/\/travel-du.de\/reiseshop\/?s={search_term_string}"},"query-input":{"@type":"PropertyValueSpecification","valueRequired":true,"valueName":"search_term_string"}}],"inLanguage":"de"}]}},"_links":{"self":[{"href":"https:\/\/travel-du.de\/reiseshop\/wp-json\/wp\/v2\/product\/6517","targetHints":{"allow":["GET"]}}],"collection":[{"href":"https:\/\/travel-du.de\/reiseshop\/wp-json\/wp\/v2\/product"}],"about":[{"href":"https:\/\/travel-du.de\/reiseshop\/wp-json\/wp\/v2\/types\/product"}],"replies":[{"embeddable":true,"href":"https:\/\/travel-du.de\/reiseshop\/wp-json\/wp\/v2\/comments?post=6517"}],"wp:featuredmedia":[{"embeddable":true,"href":"https:\/\/travel-du.de\/reiseshop\/wp-json\/wp\/v2\/media\/6518"}],"wp:attachment":[{"href":"https:\/\/travel-du.de\/reiseshop\/wp-json\/wp\/v2\/media?parent=6517"}],"wp:term":[{"taxonomy":"product_brand","embeddable":true,"href":"https:\/\/travel-du.de\/reiseshop\/wp-json\/wp\/v2\/product_brand?post=6517"},{"taxonomy":"product_cat","embeddable":true,"href":"https:\/\/travel-du.de\/reiseshop\/wp-json\/wp\/v2\/product_cat?post=6517"},{"taxonomy":"product_tag","embeddable":true,"href":"https:\/\/travel-du.de\/reiseshop\/wp-json\/wp\/v2\/product_tag?post=6517"}],"curies":[{"name":"wp","href":"https:\/\/api.w.org\/{rel}","templated":true}]}}