{"id":6493,"date":"2025-10-28T12:23:55","date_gmt":"2025-10-28T11:23:55","guid":{"rendered":"https:\/\/travel-du.de\/reiseshop\/produkt\/ostmann-bvb-x-ostmann-manta-platten-set-currywurst-pommes-fuer-selbermachen-pommessalz-currypulver-currywurstsauce-und-8-schalen-in-der-bvb-fanedition-ideal-zum-verschenken\/"},"modified":"2025-10-28T16:29:11","modified_gmt":"2025-10-28T15:29:11","slug":"ostmann-bvb-manta-platten-set","status":"publish","type":"product","link":"https:\/\/travel-du.de\/reiseshop\/produkt\/ostmann-bvb-manta-platten-set\/","title":{"rendered":"BVB Manta-Platten-Set\ufeff \u2013 Currywurst &#038; Pommes Snack-Box"},"content":{"rendered":"<p>&nbsp;<\/p>\n<p>\ud83c\udf5f Echten Spieltag-Genuss selber machen:<br \/>\nDas Set enth\u00e4lt alles, was du brauchst, um das legend\u00e4re Stadiongericht zu Hause zu genie\u00dfen \u2013 das pikant-w\u00fcrzige Pommessalz sorgt f\u00fcr den perfekten Crunch, die charakteristische Sauce bringt die Currywurst auf den Punkt, und das Currypulver verleiht den letzten Kick. Serviert wird das ganze in original BVB-Fan-Schalen in schwarz-gelb.<\/p>\n<p>\ud83c\udf89 F\u00fcr echte Fans und Genussmenschen:<br \/>\nOb als Geschenk f\u00fcr treue BVB-Anh\u00e4nger oder als Highlight bei der n\u00e4chsten Fu\u00dfballparty \u2013 hier bekommst du die Originalrezeptur, die gemeinsam mit den BVB-K\u00f6chen entwickelt wurde, und das authentische Geschmackserlebnis aus dem Signal Iduna Park.<\/p>\n<p>\ud83d\udce6 Alles in einem Paket:<br \/>\nDas Set umfasst Pommessalz (200g), Currypulver (100g), Currywurstsauce (340g) und 8 fantastische Schalen zum Anrichten. Also sofort loslegen, anrichten und genie\u00dfen!<\/p>\n<div class=\"main-cross-sell\" data-asin=\"B087BNG7FM\">\n\n\t<div class=\"WooZone-cross-sell-loader\">\n\t\t<div>\n\t\t\t<div id=\"floatingBarsG\">\n\t\t\t\t<div class=\"blockG\" id=\"rotateG_01\"><\/div>\n\t\t\t\t<div class=\"blockG\" id=\"rotateG_02\"><\/div>\n\t\t\t\t<div class=\"blockG\" id=\"rotateG_03\"><\/div>\n\t\t\t\t<div class=\"blockG\" id=\"rotateG_04\"><\/div>\n\t\t\t\t<div class=\"blockG\" id=\"rotateG_05\"><\/div>\n\t\t\t\t<div class=\"blockG\" id=\"rotateG_06\"><\/div>\n\t\t\t\t<div class=\"blockG\" id=\"rotateG_07\"><\/div>\n\t\t\t\t<div class=\"blockG\" id=\"rotateG_08\"><\/div>\n\t\t\t<\/div>\n\t\t\t<div class=\"WooZone-cross-sell-loader-text\"><\/div>\n\t\t<\/div>\n\t<\/div>\n\n\t\t\n<\/div>\n<div style=\"clear:both;\"><\/div>\n","protected":false},"excerpt":{"rendered":"<p>\u26bd Hol dir das Stadionfeeling direkt nach Hause! Das Manta-Platten-Set bringt dir die volle Ladung Currywurst-Pommes mit w\u00fcrzigem Pommessalz, authentischer Currywurstsauce und Currypulver in schwarz-gelben Fan-Schalen \u2013 das perfekte Geschenk f\u00fcr alle BVB-Fans, die den Fu\u00dfballklassiker lieben.<\/p>\n","protected":false},"featured_media":6494,"comment_status":"closed","ping_status":"closed","template":"","meta":[],"product_brand":[],"product_cat":[4031,120],"product_tag":[],"class_list":{"0":"post-6493","1":"product","2":"type-product","3":"status-publish","4":"has-post-thumbnail","6":"product_cat-deutschland-geschenkideen","7":"product_cat-reise-geschenke","9":"first","10":"instock","11":"sale","12":"shipping-taxable","13":"product-type-external"},"yoast_head":"<!-- This site is optimized with the Yoast SEO plugin v26.2 - https:\/\/yoast.com\/wordpress\/plugins\/seo\/ -->\n<title>BVB\ufeff Manta-Platten-Set \u2013 Currywurst &amp; Pommes Klassiker<\/title>\n<meta name=\"description\" content=\"Original BVB\ufeff Manta-Platten-Set mit Currywurst-Sauce, Pommessalz &amp; Currypulver in schwarz-gelben Schalen. Ein Muss f\u00fcr Fans \u2013 Stadionfeeling zuhause!\" \/>\n<meta name=\"robots\" content=\"index, follow, max-snippet:-1, max-image-preview:large, max-video-preview:-1\" \/>\n<link rel=\"canonical\" href=\"https:\/\/travel-du.de\/reiseshop\/produkt\/ostmann-bvb-manta-platten-set\/\" \/>\n<meta property=\"og:locale\" content=\"de_DE\" \/>\n<meta property=\"og:type\" content=\"article\" \/>\n<meta property=\"og:title\" content=\"BVB\ufeff Manta-Platten-Set \u2013 Currywurst &amp; Pommes Klassiker\" \/>\n<meta property=\"og:description\" content=\"Original BVB\ufeff Manta-Platten-Set mit Currywurst-Sauce, Pommessalz &amp; Currypulver in schwarz-gelben Schalen. Ein Muss f\u00fcr Fans \u2013 Stadionfeeling zuhause!\" \/>\n<meta property=\"og:url\" content=\"https:\/\/travel-du.de\/reiseshop\/produkt\/ostmann-bvb-manta-platten-set\/\" \/>\n<meta property=\"og:site_name\" content=\"Reiseshop Travel-du.de\" \/>\n<meta property=\"article:modified_time\" content=\"2025-10-28T15:29:11+00:00\" \/>\n<meta property=\"og:image\" content=\"https:\/\/travel-du.de\/reiseshop\/wp-content\/uploads\/2025\/10\/Ostmann-BVB-x-Ostmann--Manta-Platten-Set-Currywurst-Pommes-fuer-Selbermachen-Pommessalz-Currypulver-Currywurstsauce-und-8-Schalen-in-der-BVB-Fanedition-Ideal-zum-Verschenken-0.jpg\" \/>\n\t<meta property=\"og:image:width\" content=\"494\" \/>\n\t<meta property=\"og:image:height\" content=\"500\" \/>\n\t<meta property=\"og:image:type\" content=\"image\/jpeg\" \/>\n<meta name=\"twitter:card\" content=\"summary_large_image\" \/>\n<meta name=\"twitter:label1\" content=\"Gesch\u00e4tzte Lesezeit\" \/>\n\t<meta name=\"twitter:data1\" content=\"1\u00a0Minute\" \/>\n<script type=\"application\/ld+json\" class=\"yoast-schema-graph\">{\"@context\":\"https:\/\/schema.org\",\"@graph\":[{\"@type\":\"WebPage\",\"@id\":\"https:\/\/travel-du.de\/reiseshop\/produkt\/ostmann-bvb-manta-platten-set\/\",\"url\":\"https:\/\/travel-du.de\/reiseshop\/produkt\/ostmann-bvb-manta-platten-set\/\",\"name\":\"BVB\ufeff Manta-Platten-Set \u2013 Currywurst & Pommes Klassiker\",\"isPartOf\":{\"@id\":\"https:\/\/travel-du.de\/reiseshop\/#website\"},\"primaryImageOfPage\":{\"@id\":\"https:\/\/travel-du.de\/reiseshop\/produkt\/ostmann-bvb-manta-platten-set\/#primaryimage\"},\"image\":{\"@id\":\"https:\/\/travel-du.de\/reiseshop\/produkt\/ostmann-bvb-manta-platten-set\/#primaryimage\"},\"thumbnailUrl\":\"https:\/\/travel-du.de\/reiseshop\/wp-content\/uploads\/2025\/10\/Ostmann-BVB-x-Ostmann--Manta-Platten-Set-Currywurst-Pommes-fuer-Selbermachen-Pommessalz-Currypulver-Currywurstsauce-und-8-Schalen-in-der-BVB-Fanedition-Ideal-zum-Verschenken-0.jpg\",\"datePublished\":\"2025-10-28T11:23:55+00:00\",\"dateModified\":\"2025-10-28T15:29:11+00:00\",\"description\":\"Original BVB\ufeff Manta-Platten-Set mit Currywurst-Sauce, Pommessalz & Currypulver in schwarz-gelben Schalen. Ein Muss f\u00fcr Fans \u2013 Stadionfeeling zuhause!\",\"breadcrumb\":{\"@id\":\"https:\/\/travel-du.de\/reiseshop\/produkt\/ostmann-bvb-manta-platten-set\/#breadcrumb\"},\"inLanguage\":\"de\",\"potentialAction\":[{\"@type\":\"ReadAction\",\"target\":[\"https:\/\/travel-du.de\/reiseshop\/produkt\/ostmann-bvb-manta-platten-set\/\"]}]},{\"@type\":\"ImageObject\",\"inLanguage\":\"de\",\"@id\":\"https:\/\/travel-du.de\/reiseshop\/produkt\/ostmann-bvb-manta-platten-set\/#primaryimage\",\"url\":\"https:\/\/travel-du.de\/reiseshop\/wp-content\/uploads\/2025\/10\/Ostmann-BVB-x-Ostmann--Manta-Platten-Set-Currywurst-Pommes-fuer-Selbermachen-Pommessalz-Currypulver-Currywurstsauce-und-8-Schalen-in-der-BVB-Fanedition-Ideal-zum-Verschenken-0.jpg\",\"contentUrl\":\"https:\/\/travel-du.de\/reiseshop\/wp-content\/uploads\/2025\/10\/Ostmann-BVB-x-Ostmann--Manta-Platten-Set-Currywurst-Pommes-fuer-Selbermachen-Pommessalz-Currypulver-Currywurstsauce-und-8-Schalen-in-der-BVB-Fanedition-Ideal-zum-Verschenken-0.jpg\",\"width\":494,\"height\":500},{\"@type\":\"BreadcrumbList\",\"@id\":\"https:\/\/travel-du.de\/reiseshop\/produkt\/ostmann-bvb-manta-platten-set\/#breadcrumb\",\"itemListElement\":[{\"@type\":\"ListItem\",\"position\":1,\"name\":\"Startseite\",\"item\":\"https:\/\/travel-du.de\/reiseshop\/\"},{\"@type\":\"ListItem\",\"position\":2,\"name\":\"Shop\",\"item\":\"https:\/\/travel-du.de\/reiseshop\/shop\/\"},{\"@type\":\"ListItem\",\"position\":3,\"name\":\"BVB Manta-Platten-Set\ufeff \u2013 Currywurst &#038; Pommes Snack-Box\"}]},{\"@type\":\"WebSite\",\"@id\":\"https:\/\/travel-du.de\/reiseshop\/#website\",\"url\":\"https:\/\/travel-du.de\/reiseshop\/\",\"name\":\"Reiseshop Travel-du.de\",\"description\":\"Der Shop f\u00fcr Reisende, Weltenbummler und Abenteurer\",\"potentialAction\":[{\"@type\":\"SearchAction\",\"target\":{\"@type\":\"EntryPoint\",\"urlTemplate\":\"https:\/\/travel-du.de\/reiseshop\/?s={search_term_string}\"},\"query-input\":{\"@type\":\"PropertyValueSpecification\",\"valueRequired\":true,\"valueName\":\"search_term_string\"}}],\"inLanguage\":\"de\"}]}<\/script>\n<!-- \/ Yoast SEO plugin. -->","yoast_head_json":{"title":"BVB\ufeff Manta-Platten-Set \u2013 Currywurst & Pommes Klassiker","description":"Original BVB\ufeff Manta-Platten-Set mit Currywurst-Sauce, Pommessalz & Currypulver in schwarz-gelben Schalen. Ein Muss f\u00fcr Fans \u2013 Stadionfeeling zuhause!","robots":{"index":"index","follow":"follow","max-snippet":"max-snippet:-1","max-image-preview":"max-image-preview:large","max-video-preview":"max-video-preview:-1"},"canonical":"https:\/\/travel-du.de\/reiseshop\/produkt\/ostmann-bvb-manta-platten-set\/","og_locale":"de_DE","og_type":"article","og_title":"BVB\ufeff Manta-Platten-Set \u2013 Currywurst & Pommes Klassiker","og_description":"Original BVB\ufeff Manta-Platten-Set mit Currywurst-Sauce, Pommessalz & Currypulver in schwarz-gelben Schalen. Ein Muss f\u00fcr Fans \u2013 Stadionfeeling zuhause!","og_url":"https:\/\/travel-du.de\/reiseshop\/produkt\/ostmann-bvb-manta-platten-set\/","og_site_name":"Reiseshop Travel-du.de","article_modified_time":"2025-10-28T15:29:11+00:00","og_image":[{"width":494,"height":500,"url":"https:\/\/travel-du.de\/reiseshop\/wp-content\/uploads\/2025\/10\/Ostmann-BVB-x-Ostmann--Manta-Platten-Set-Currywurst-Pommes-fuer-Selbermachen-Pommessalz-Currypulver-Currywurstsauce-und-8-Schalen-in-der-BVB-Fanedition-Ideal-zum-Verschenken-0.jpg","type":"image\/jpeg"}],"twitter_card":"summary_large_image","twitter_misc":{"Gesch\u00e4tzte Lesezeit":"1\u00a0Minute"},"schema":{"@context":"https:\/\/schema.org","@graph":[{"@type":"WebPage","@id":"https:\/\/travel-du.de\/reiseshop\/produkt\/ostmann-bvb-manta-platten-set\/","url":"https:\/\/travel-du.de\/reiseshop\/produkt\/ostmann-bvb-manta-platten-set\/","name":"BVB\ufeff Manta-Platten-Set \u2013 Currywurst & Pommes Klassiker","isPartOf":{"@id":"https:\/\/travel-du.de\/reiseshop\/#website"},"primaryImageOfPage":{"@id":"https:\/\/travel-du.de\/reiseshop\/produkt\/ostmann-bvb-manta-platten-set\/#primaryimage"},"image":{"@id":"https:\/\/travel-du.de\/reiseshop\/produkt\/ostmann-bvb-manta-platten-set\/#primaryimage"},"thumbnailUrl":"https:\/\/travel-du.de\/reiseshop\/wp-content\/uploads\/2025\/10\/Ostmann-BVB-x-Ostmann--Manta-Platten-Set-Currywurst-Pommes-fuer-Selbermachen-Pommessalz-Currypulver-Currywurstsauce-und-8-Schalen-in-der-BVB-Fanedition-Ideal-zum-Verschenken-0.jpg","datePublished":"2025-10-28T11:23:55+00:00","dateModified":"2025-10-28T15:29:11+00:00","description":"Original BVB\ufeff Manta-Platten-Set mit Currywurst-Sauce, Pommessalz & Currypulver in schwarz-gelben Schalen. Ein Muss f\u00fcr Fans \u2013 Stadionfeeling zuhause!","breadcrumb":{"@id":"https:\/\/travel-du.de\/reiseshop\/produkt\/ostmann-bvb-manta-platten-set\/#breadcrumb"},"inLanguage":"de","potentialAction":[{"@type":"ReadAction","target":["https:\/\/travel-du.de\/reiseshop\/produkt\/ostmann-bvb-manta-platten-set\/"]}]},{"@type":"ImageObject","inLanguage":"de","@id":"https:\/\/travel-du.de\/reiseshop\/produkt\/ostmann-bvb-manta-platten-set\/#primaryimage","url":"https:\/\/travel-du.de\/reiseshop\/wp-content\/uploads\/2025\/10\/Ostmann-BVB-x-Ostmann--Manta-Platten-Set-Currywurst-Pommes-fuer-Selbermachen-Pommessalz-Currypulver-Currywurstsauce-und-8-Schalen-in-der-BVB-Fanedition-Ideal-zum-Verschenken-0.jpg","contentUrl":"https:\/\/travel-du.de\/reiseshop\/wp-content\/uploads\/2025\/10\/Ostmann-BVB-x-Ostmann--Manta-Platten-Set-Currywurst-Pommes-fuer-Selbermachen-Pommessalz-Currypulver-Currywurstsauce-und-8-Schalen-in-der-BVB-Fanedition-Ideal-zum-Verschenken-0.jpg","width":494,"height":500},{"@type":"BreadcrumbList","@id":"https:\/\/travel-du.de\/reiseshop\/produkt\/ostmann-bvb-manta-platten-set\/#breadcrumb","itemListElement":[{"@type":"ListItem","position":1,"name":"Startseite","item":"https:\/\/travel-du.de\/reiseshop\/"},{"@type":"ListItem","position":2,"name":"Shop","item":"https:\/\/travel-du.de\/reiseshop\/shop\/"},{"@type":"ListItem","position":3,"name":"BVB Manta-Platten-Set\ufeff \u2013 Currywurst &#038; Pommes Snack-Box"}]},{"@type":"WebSite","@id":"https:\/\/travel-du.de\/reiseshop\/#website","url":"https:\/\/travel-du.de\/reiseshop\/","name":"Reiseshop Travel-du.de","description":"Der Shop f\u00fcr Reisende, Weltenbummler und Abenteurer","potentialAction":[{"@type":"SearchAction","target":{"@type":"EntryPoint","urlTemplate":"https:\/\/travel-du.de\/reiseshop\/?s={search_term_string}"},"query-input":{"@type":"PropertyValueSpecification","valueRequired":true,"valueName":"search_term_string"}}],"inLanguage":"de"}]}},"_links":{"self":[{"href":"https:\/\/travel-du.de\/reiseshop\/wp-json\/wp\/v2\/product\/6493","targetHints":{"allow":["GET"]}}],"collection":[{"href":"https:\/\/travel-du.de\/reiseshop\/wp-json\/wp\/v2\/product"}],"about":[{"href":"https:\/\/travel-du.de\/reiseshop\/wp-json\/wp\/v2\/types\/product"}],"replies":[{"embeddable":true,"href":"https:\/\/travel-du.de\/reiseshop\/wp-json\/wp\/v2\/comments?post=6493"}],"wp:featuredmedia":[{"embeddable":true,"href":"https:\/\/travel-du.de\/reiseshop\/wp-json\/wp\/v2\/media\/6494"}],"wp:attachment":[{"href":"https:\/\/travel-du.de\/reiseshop\/wp-json\/wp\/v2\/media?parent=6493"}],"wp:term":[{"taxonomy":"product_brand","embeddable":true,"href":"https:\/\/travel-du.de\/reiseshop\/wp-json\/wp\/v2\/product_brand?post=6493"},{"taxonomy":"product_cat","embeddable":true,"href":"https:\/\/travel-du.de\/reiseshop\/wp-json\/wp\/v2\/product_cat?post=6493"},{"taxonomy":"product_tag","embeddable":true,"href":"https:\/\/travel-du.de\/reiseshop\/wp-json\/wp\/v2\/product_tag?post=6493"}],"curies":[{"name":"wp","href":"https:\/\/api.w.org\/{rel}","templated":true}]}}