{"id":6484,"date":"2025-10-28T12:23:10","date_gmt":"2025-10-28T11:23:10","guid":{"rendered":"https:\/\/travel-du.de\/reiseshop\/produkt\/oberglas-tuebinger-augenkanne-bierkrug-mit-schild-6er-set-bierkruege-400-ml-mit-fuellstrich-stabiler-bier-krug-bierglaeser-aus-soda-lime-glas-bierseidel-spuelmaschinengeeignet\/"},"modified":"2025-10-28T16:33:36","modified_gmt":"2025-10-28T15:33:36","slug":"oberglas-tuebinger-bierkrug","status":"publish","type":"product","link":"https:\/\/travel-du.de\/reiseshop\/produkt\/oberglas-tuebinger-bierkrug\/","title":{"rendered":"T\u00fcbinger Bierkrug \u2013 6er Set, 400 ml, mit Schild"},"content":{"rendered":"<p>&nbsp;<\/p>\n<p>\ud83d\udd70\ufe0f Tradition trifft Alltag:<br \/>\nDer T\u00fcbinger Augenkanne ist kein gew\u00f6hnliches Glas, sondern ein St\u00fcck europ\u00e4ische Bierkultur. Seine typische, bauchige Kugelform mit dem praktischen Schild ist ein Designklassiker mit Geschichte. Traditionell in Wirtsh\u00e4usern und auf Festen gesch\u00e4tzt, bringt dieser Krug das Flair der Bierbeh\u00e4lter vergangener Zeiten in deine K\u00fcche.<\/p>\n<p>\ud83c\udf7b Praktisch und robust:<br \/>\nGefertigt aus hochwertigem Soda Lime Glas, bietet der stabile Bierseidel mit 400 ml Fassungsverm\u00f6gen genau die richtige Mischung aus Handlichkeit und Tradition. Mit praktischem F\u00fcllstrich versehen, unterst\u00fctzt er dich dabei, das perfekte Ma\u00df einzuhalten. Au\u00dferdem sind die Gl\u00e4ser sp\u00fclmaschinenfest \u2013 f\u00fcr stressfreie Reinigung.<\/p>\n<p>\ud83c\udf1f Vielseitig &amp; sch\u00f6n:<br \/>\nDas edle Design passt zu jeder Tischdekoration und macht aus jedem Glas Bier ein stilvolles Erlebnis. Das Set mit 6 Gl\u00e4sern ist ideal, um mit Freunden oder der Familie anzusto\u00dfen und das Bier in vollen Z\u00fcgen zu genie\u00dfen.<\/p>\n<div class=\"main-cross-sell\" data-asin=\"B074PP8J9N\">\n\n\t<div class=\"WooZone-cross-sell-loader\">\n\t\t<div>\n\t\t\t<div id=\"floatingBarsG\">\n\t\t\t\t<div class=\"blockG\" id=\"rotateG_01\"><\/div>\n\t\t\t\t<div class=\"blockG\" id=\"rotateG_02\"><\/div>\n\t\t\t\t<div class=\"blockG\" id=\"rotateG_03\"><\/div>\n\t\t\t\t<div class=\"blockG\" id=\"rotateG_04\"><\/div>\n\t\t\t\t<div class=\"blockG\" id=\"rotateG_05\"><\/div>\n\t\t\t\t<div class=\"blockG\" id=\"rotateG_06\"><\/div>\n\t\t\t\t<div class=\"blockG\" id=\"rotateG_07\"><\/div>\n\t\t\t\t<div class=\"blockG\" id=\"rotateG_08\"><\/div>\n\t\t\t<\/div>\n\t\t\t<div class=\"WooZone-cross-sell-loader-text\"><\/div>\n\t\t<\/div>\n\t<\/div>\n\n\t\t\n<\/div>\n<div style=\"clear:both;\"><\/div>\n","protected":false},"excerpt":{"rendered":"<p>\ud83c\udf7a Kleine Bierkunst mit gro\u00dfer Tradition: Die T\u00fcbinger Augenkanne vereint das klassische, bauchige Design mit praktischer Gr\u00f6\u00dfe und ist damit ideal f\u00fcr echtes Biergenuss-Erlebnis zuhause oder beim Biergartenbesuch. Robust, sp\u00fclmaschinenfest und mit F\u00fcllstrich \u2013 perfekt f\u00fcr den vielf\u00e4ltigen Gebrauch.<\/p>\n","protected":false},"featured_media":6485,"comment_status":"closed","ping_status":"closed","template":"","meta":[],"product_brand":[],"product_cat":[4031,120],"product_tag":[],"class_list":{"0":"post-6484","1":"product","2":"type-product","3":"status-publish","4":"has-post-thumbnail","6":"product_cat-deutschland-geschenkideen","7":"product_cat-reise-geschenke","9":"first","10":"instock","11":"shipping-taxable","12":"product-type-external"},"yoast_head":"<!-- This site is optimized with the Yoast SEO plugin v26.2 - https:\/\/yoast.com\/wordpress\/plugins\/seo\/ -->\n<title>T\u00fcbinger Bierkrug 6er Set \u2013 400ml, robust &amp; sp\u00fclmaschinenfest<\/title>\n<meta name=\"description\" content=\"Das 6er Set T\u00fcbinger Bierkrug mit 400 ml im klassischen Design bietet Tradition und Praktikabilit\u00e4t. Sp\u00fclmaschinenfest, mit F\u00fcllstrich \u2013 perfekt f\u00fcr Bierfreunde!\" \/>\n<meta name=\"robots\" content=\"index, follow, max-snippet:-1, max-image-preview:large, max-video-preview:-1\" \/>\n<link rel=\"canonical\" href=\"https:\/\/travel-du.de\/reiseshop\/produkt\/oberglas-tuebinger-bierkrug\/\" \/>\n<meta property=\"og:locale\" content=\"de_DE\" \/>\n<meta property=\"og:type\" content=\"article\" \/>\n<meta property=\"og:title\" content=\"T\u00fcbinger Bierkrug 6er Set \u2013 400ml, robust &amp; sp\u00fclmaschinenfest\" \/>\n<meta property=\"og:description\" content=\"Das 6er Set T\u00fcbinger Bierkrug mit 400 ml im klassischen Design bietet Tradition und Praktikabilit\u00e4t. Sp\u00fclmaschinenfest, mit F\u00fcllstrich \u2013 perfekt f\u00fcr Bierfreunde!\" \/>\n<meta property=\"og:url\" content=\"https:\/\/travel-du.de\/reiseshop\/produkt\/oberglas-tuebinger-bierkrug\/\" \/>\n<meta property=\"og:site_name\" content=\"Reiseshop Travel-du.de\" \/>\n<meta property=\"article:modified_time\" content=\"2025-10-28T15:33:36+00:00\" \/>\n<meta property=\"og:image\" content=\"https:\/\/travel-du.de\/reiseshop\/wp-content\/uploads\/2025\/10\/Oberglas-Tuebinger-Augenkanne-Bierkrug-mit-Schild-6er-Set-Bierkruege-400-ml-mit-Fuellstrich-Stabiler-Bier-Krug-Bierglaeser-aus-Soda-Lime-Glas-Bierseidel-Spuelmaschinengeeignet-0.jpg\" \/>\n\t<meta property=\"og:image:width\" content=\"500\" \/>\n\t<meta property=\"og:image:height\" content=\"375\" \/>\n\t<meta property=\"og:image:type\" content=\"image\/jpeg\" \/>\n<meta name=\"twitter:card\" content=\"summary_large_image\" \/>\n<meta name=\"twitter:label1\" content=\"Gesch\u00e4tzte Lesezeit\" \/>\n\t<meta name=\"twitter:data1\" content=\"1\u00a0Minute\" \/>\n<script type=\"application\/ld+json\" class=\"yoast-schema-graph\">{\"@context\":\"https:\/\/schema.org\",\"@graph\":[{\"@type\":\"WebPage\",\"@id\":\"https:\/\/travel-du.de\/reiseshop\/produkt\/oberglas-tuebinger-bierkrug\/\",\"url\":\"https:\/\/travel-du.de\/reiseshop\/produkt\/oberglas-tuebinger-bierkrug\/\",\"name\":\"T\u00fcbinger Bierkrug 6er Set \u2013 400ml, robust & sp\u00fclmaschinenfest\",\"isPartOf\":{\"@id\":\"https:\/\/travel-du.de\/reiseshop\/#website\"},\"primaryImageOfPage\":{\"@id\":\"https:\/\/travel-du.de\/reiseshop\/produkt\/oberglas-tuebinger-bierkrug\/#primaryimage\"},\"image\":{\"@id\":\"https:\/\/travel-du.de\/reiseshop\/produkt\/oberglas-tuebinger-bierkrug\/#primaryimage\"},\"thumbnailUrl\":\"https:\/\/travel-du.de\/reiseshop\/wp-content\/uploads\/2025\/10\/Oberglas-Tuebinger-Augenkanne-Bierkrug-mit-Schild-6er-Set-Bierkruege-400-ml-mit-Fuellstrich-Stabiler-Bier-Krug-Bierglaeser-aus-Soda-Lime-Glas-Bierseidel-Spuelmaschinengeeignet-0.jpg\",\"datePublished\":\"2025-10-28T11:23:10+00:00\",\"dateModified\":\"2025-10-28T15:33:36+00:00\",\"description\":\"Das 6er Set T\u00fcbinger Bierkrug mit 400 ml im klassischen Design bietet Tradition und Praktikabilit\u00e4t. Sp\u00fclmaschinenfest, mit F\u00fcllstrich \u2013 perfekt f\u00fcr Bierfreunde!\",\"breadcrumb\":{\"@id\":\"https:\/\/travel-du.de\/reiseshop\/produkt\/oberglas-tuebinger-bierkrug\/#breadcrumb\"},\"inLanguage\":\"de\",\"potentialAction\":[{\"@type\":\"ReadAction\",\"target\":[\"https:\/\/travel-du.de\/reiseshop\/produkt\/oberglas-tuebinger-bierkrug\/\"]}]},{\"@type\":\"ImageObject\",\"inLanguage\":\"de\",\"@id\":\"https:\/\/travel-du.de\/reiseshop\/produkt\/oberglas-tuebinger-bierkrug\/#primaryimage\",\"url\":\"https:\/\/travel-du.de\/reiseshop\/wp-content\/uploads\/2025\/10\/Oberglas-Tuebinger-Augenkanne-Bierkrug-mit-Schild-6er-Set-Bierkruege-400-ml-mit-Fuellstrich-Stabiler-Bier-Krug-Bierglaeser-aus-Soda-Lime-Glas-Bierseidel-Spuelmaschinengeeignet-0.jpg\",\"contentUrl\":\"https:\/\/travel-du.de\/reiseshop\/wp-content\/uploads\/2025\/10\/Oberglas-Tuebinger-Augenkanne-Bierkrug-mit-Schild-6er-Set-Bierkruege-400-ml-mit-Fuellstrich-Stabiler-Bier-Krug-Bierglaeser-aus-Soda-Lime-Glas-Bierseidel-Spuelmaschinengeeignet-0.jpg\",\"width\":500,\"height\":375},{\"@type\":\"BreadcrumbList\",\"@id\":\"https:\/\/travel-du.de\/reiseshop\/produkt\/oberglas-tuebinger-bierkrug\/#breadcrumb\",\"itemListElement\":[{\"@type\":\"ListItem\",\"position\":1,\"name\":\"Startseite\",\"item\":\"https:\/\/travel-du.de\/reiseshop\/\"},{\"@type\":\"ListItem\",\"position\":2,\"name\":\"Shop\",\"item\":\"https:\/\/travel-du.de\/reiseshop\/shop\/\"},{\"@type\":\"ListItem\",\"position\":3,\"name\":\"T\u00fcbinger Bierkrug \u2013 6er Set, 400 ml, mit Schild\"}]},{\"@type\":\"WebSite\",\"@id\":\"https:\/\/travel-du.de\/reiseshop\/#website\",\"url\":\"https:\/\/travel-du.de\/reiseshop\/\",\"name\":\"Reiseshop Travel-du.de\",\"description\":\"Der Shop f\u00fcr Reisende, Weltenbummler und Abenteurer\",\"potentialAction\":[{\"@type\":\"SearchAction\",\"target\":{\"@type\":\"EntryPoint\",\"urlTemplate\":\"https:\/\/travel-du.de\/reiseshop\/?s={search_term_string}\"},\"query-input\":{\"@type\":\"PropertyValueSpecification\",\"valueRequired\":true,\"valueName\":\"search_term_string\"}}],\"inLanguage\":\"de\"}]}<\/script>\n<!-- \/ Yoast SEO plugin. -->","yoast_head_json":{"title":"T\u00fcbinger Bierkrug 6er Set \u2013 400ml, robust & sp\u00fclmaschinenfest","description":"Das 6er Set T\u00fcbinger Bierkrug mit 400 ml im klassischen Design bietet Tradition und Praktikabilit\u00e4t. Sp\u00fclmaschinenfest, mit F\u00fcllstrich \u2013 perfekt f\u00fcr Bierfreunde!","robots":{"index":"index","follow":"follow","max-snippet":"max-snippet:-1","max-image-preview":"max-image-preview:large","max-video-preview":"max-video-preview:-1"},"canonical":"https:\/\/travel-du.de\/reiseshop\/produkt\/oberglas-tuebinger-bierkrug\/","og_locale":"de_DE","og_type":"article","og_title":"T\u00fcbinger Bierkrug 6er Set \u2013 400ml, robust & sp\u00fclmaschinenfest","og_description":"Das 6er Set T\u00fcbinger Bierkrug mit 400 ml im klassischen Design bietet Tradition und Praktikabilit\u00e4t. Sp\u00fclmaschinenfest, mit F\u00fcllstrich \u2013 perfekt f\u00fcr Bierfreunde!","og_url":"https:\/\/travel-du.de\/reiseshop\/produkt\/oberglas-tuebinger-bierkrug\/","og_site_name":"Reiseshop Travel-du.de","article_modified_time":"2025-10-28T15:33:36+00:00","og_image":[{"width":500,"height":375,"url":"https:\/\/travel-du.de\/reiseshop\/wp-content\/uploads\/2025\/10\/Oberglas-Tuebinger-Augenkanne-Bierkrug-mit-Schild-6er-Set-Bierkruege-400-ml-mit-Fuellstrich-Stabiler-Bier-Krug-Bierglaeser-aus-Soda-Lime-Glas-Bierseidel-Spuelmaschinengeeignet-0.jpg","type":"image\/jpeg"}],"twitter_card":"summary_large_image","twitter_misc":{"Gesch\u00e4tzte Lesezeit":"1\u00a0Minute"},"schema":{"@context":"https:\/\/schema.org","@graph":[{"@type":"WebPage","@id":"https:\/\/travel-du.de\/reiseshop\/produkt\/oberglas-tuebinger-bierkrug\/","url":"https:\/\/travel-du.de\/reiseshop\/produkt\/oberglas-tuebinger-bierkrug\/","name":"T\u00fcbinger Bierkrug 6er Set \u2013 400ml, robust & sp\u00fclmaschinenfest","isPartOf":{"@id":"https:\/\/travel-du.de\/reiseshop\/#website"},"primaryImageOfPage":{"@id":"https:\/\/travel-du.de\/reiseshop\/produkt\/oberglas-tuebinger-bierkrug\/#primaryimage"},"image":{"@id":"https:\/\/travel-du.de\/reiseshop\/produkt\/oberglas-tuebinger-bierkrug\/#primaryimage"},"thumbnailUrl":"https:\/\/travel-du.de\/reiseshop\/wp-content\/uploads\/2025\/10\/Oberglas-Tuebinger-Augenkanne-Bierkrug-mit-Schild-6er-Set-Bierkruege-400-ml-mit-Fuellstrich-Stabiler-Bier-Krug-Bierglaeser-aus-Soda-Lime-Glas-Bierseidel-Spuelmaschinengeeignet-0.jpg","datePublished":"2025-10-28T11:23:10+00:00","dateModified":"2025-10-28T15:33:36+00:00","description":"Das 6er Set T\u00fcbinger Bierkrug mit 400 ml im klassischen Design bietet Tradition und Praktikabilit\u00e4t. Sp\u00fclmaschinenfest, mit F\u00fcllstrich \u2013 perfekt f\u00fcr Bierfreunde!","breadcrumb":{"@id":"https:\/\/travel-du.de\/reiseshop\/produkt\/oberglas-tuebinger-bierkrug\/#breadcrumb"},"inLanguage":"de","potentialAction":[{"@type":"ReadAction","target":["https:\/\/travel-du.de\/reiseshop\/produkt\/oberglas-tuebinger-bierkrug\/"]}]},{"@type":"ImageObject","inLanguage":"de","@id":"https:\/\/travel-du.de\/reiseshop\/produkt\/oberglas-tuebinger-bierkrug\/#primaryimage","url":"https:\/\/travel-du.de\/reiseshop\/wp-content\/uploads\/2025\/10\/Oberglas-Tuebinger-Augenkanne-Bierkrug-mit-Schild-6er-Set-Bierkruege-400-ml-mit-Fuellstrich-Stabiler-Bier-Krug-Bierglaeser-aus-Soda-Lime-Glas-Bierseidel-Spuelmaschinengeeignet-0.jpg","contentUrl":"https:\/\/travel-du.de\/reiseshop\/wp-content\/uploads\/2025\/10\/Oberglas-Tuebinger-Augenkanne-Bierkrug-mit-Schild-6er-Set-Bierkruege-400-ml-mit-Fuellstrich-Stabiler-Bier-Krug-Bierglaeser-aus-Soda-Lime-Glas-Bierseidel-Spuelmaschinengeeignet-0.jpg","width":500,"height":375},{"@type":"BreadcrumbList","@id":"https:\/\/travel-du.de\/reiseshop\/produkt\/oberglas-tuebinger-bierkrug\/#breadcrumb","itemListElement":[{"@type":"ListItem","position":1,"name":"Startseite","item":"https:\/\/travel-du.de\/reiseshop\/"},{"@type":"ListItem","position":2,"name":"Shop","item":"https:\/\/travel-du.de\/reiseshop\/shop\/"},{"@type":"ListItem","position":3,"name":"T\u00fcbinger Bierkrug \u2013 6er Set, 400 ml, mit Schild"}]},{"@type":"WebSite","@id":"https:\/\/travel-du.de\/reiseshop\/#website","url":"https:\/\/travel-du.de\/reiseshop\/","name":"Reiseshop Travel-du.de","description":"Der Shop f\u00fcr Reisende, Weltenbummler und Abenteurer","potentialAction":[{"@type":"SearchAction","target":{"@type":"EntryPoint","urlTemplate":"https:\/\/travel-du.de\/reiseshop\/?s={search_term_string}"},"query-input":{"@type":"PropertyValueSpecification","valueRequired":true,"valueName":"search_term_string"}}],"inLanguage":"de"}]}},"_links":{"self":[{"href":"https:\/\/travel-du.de\/reiseshop\/wp-json\/wp\/v2\/product\/6484","targetHints":{"allow":["GET"]}}],"collection":[{"href":"https:\/\/travel-du.de\/reiseshop\/wp-json\/wp\/v2\/product"}],"about":[{"href":"https:\/\/travel-du.de\/reiseshop\/wp-json\/wp\/v2\/types\/product"}],"replies":[{"embeddable":true,"href":"https:\/\/travel-du.de\/reiseshop\/wp-json\/wp\/v2\/comments?post=6484"}],"wp:featuredmedia":[{"embeddable":true,"href":"https:\/\/travel-du.de\/reiseshop\/wp-json\/wp\/v2\/media\/6485"}],"wp:attachment":[{"href":"https:\/\/travel-du.de\/reiseshop\/wp-json\/wp\/v2\/media?parent=6484"}],"wp:term":[{"taxonomy":"product_brand","embeddable":true,"href":"https:\/\/travel-du.de\/reiseshop\/wp-json\/wp\/v2\/product_brand?post=6484"},{"taxonomy":"product_cat","embeddable":true,"href":"https:\/\/travel-du.de\/reiseshop\/wp-json\/wp\/v2\/product_cat?post=6484"},{"taxonomy":"product_tag","embeddable":true,"href":"https:\/\/travel-du.de\/reiseshop\/wp-json\/wp\/v2\/product_tag?post=6484"}],"curies":[{"name":"wp","href":"https:\/\/api.w.org\/{rel}","templated":true}]}}