{"id":6457,"date":"2025-10-28T12:21:16","date_gmt":"2025-10-28T11:21:16","guid":{"rendered":"https:\/\/travel-du.de\/reiseshop\/produkt\/12er-deutschland-bierpaket-regionale-bierspezialitaeten-aus-ganz-deutschland-geschenkidee-fuer-bierliebhaber\/"},"modified":"2025-11-05T14:48:17","modified_gmt":"2025-11-05T13:48:17","slug":"deutschland-bierpaket-regionale-bierspezialitaeten","status":"publish","type":"product","link":"https:\/\/travel-du.de\/reiseshop\/produkt\/deutschland-bierpaket-regionale-bierspezialitaeten\/","title":{"rendered":"12er Bierpaket Deutschland \u2013 Regionale Bierspezialit\u00e4ten aus allen Ecken \ud83c\udde9\ud83c\uddea\ud83c\udf7b"},"content":{"rendered":"<p>&nbsp;<\/p>\n<p class=\"my-2 [&amp;+p]:mt-4 [&amp;_strong:has(+br)]:inline-block [&amp;_strong:has(+br)]:pb-2 animate-in fade-in-25 duration-700\">Dieses Bierpaket ist wie\u00a0ein fl\u00fcssiger\u00a0Reisef\u00fchrer durch\u00a0Deutschlands\u00a0vielf\u00e4ltige Braukultur. Mit\u00a012 verschiedenen\u00a0Bieren, die je\u00a00,33 Liter fassen, entdeckst du regionale\u00a0Spezialit\u00e4ten\u00a0von Nord bis\u00a0S\u00fcd, mit Alkoholgehalten zwischen\u00a04,8% und 5,4%.<\/p>\n<p class=\"my-2 [&amp;+p]:mt-4 [&amp;_strong:has(+br)]:inline-block [&amp;_strong:has(+br)]:pb-2 animate-in fade-in-25 duration-700\">Jede Flasche erz\u00e4hlt\u00a0ihre eigene\u00a0Geschichte\u00a0\u2013 mal klassisch, mal mit\u00a0besonderen\u00a0Noten, aber\u00a0immer mit traditionellem Brauhandwerk. Die\u00a0Auswahl zeigt, dass Deutschland\u00a0mehr kann als\u00a0nur Pils und\u00a0Helles: Hier\u00a0gibt es echte\u00a0Bier-Highlights, die es so\u00a0oft nur regional\u00a0zu kaufen gibt.<\/p>\n<p class=\"my-2 [&amp;+p]:mt-4 [&amp;_strong:has(+br)]:inline-block [&amp;_strong:has(+br)]:pb-2 animate-in fade-in-25 duration-700\">Ob als Geschenk\u00a0f\u00fcr Bierfreunde oder zum\u00a0selbst Genie\u00dfen: Dieses\u00a0Paket ist ideal\u00a0f\u00fcr alle, die\u00a0gerne Neues\u00a0probieren und\u00a0gleichzeitig\u00a0auf Qualit\u00e4t\u00a0setzen. Bei\u00a0der Verpackung achten wir\u00a0auf bruchsicheren Versand\u00a0und eine ansprechende Geschenkbox, sodass\u00a0dein Biererlebnis gleich\u00a0von Anfang\u00a0an Freude macht. \ud83c\udf7a\ud83c\udf81<\/p>\n<ul class=\"marker:text-quiet list-disc\">\n<li class=\"py-0 my-0 prose-p:pt-0 prose-p:mb-2 prose-p:my-0 [&amp;&gt;p]:pt-0 [&amp;&gt;p]:mb-2 [&amp;&gt;p]:my-0\">\n<p class=\"my-2 [&amp;+p]:mt-4 [&amp;_strong:has(+br)]:inline-block [&amp;_strong:has(+br)]:pb-2\">12 verschiedene Bierspezialit\u00e4ten aus Deutschland<\/p>\n<\/li>\n<li class=\"py-0 my-0 prose-p:pt-0 prose-p:mb-2 prose-p:my-0 [&amp;&gt;p]:pt-0 [&amp;&gt;p]:mb-2 [&amp;&gt;p]:my-0\">\n<p class=\"my-2 [&amp;+p]:mt-4 [&amp;_strong:has(+br)]:inline-block [&amp;_strong:has(+br)]:pb-2\">Flaschengr\u00f6\u00dfe: jeweils ca. 0,33 Liter<\/p>\n<\/li>\n<li class=\"py-0 my-0 prose-p:pt-0 prose-p:mb-2 prose-p:my-0 [&amp;&gt;p]:pt-0 [&amp;&gt;p]:mb-2 [&amp;&gt;p]:my-0\">\n<p class=\"my-2 [&amp;+p]:mt-4 [&amp;_strong:has(+br)]:inline-block [&amp;_strong:has(+br)]:pb-2\">Alkoholgehalt: 4,8% bis 5,4% vol.<\/p>\n<\/li>\n<li class=\"py-0 my-0 prose-p:pt-0 prose-p:mb-2 prose-p:my-0 [&amp;&gt;p]:pt-0 [&amp;&gt;p]:mb-2 [&amp;&gt;p]:my-0\">\n<p class=\"my-2 [&amp;+p]:mt-4 [&amp;_strong:has(+br)]:inline-block [&amp;_strong:has(+br)]:pb-2\">Regionale Biervielfalt mit klassischem Brauhandwerk<\/p>\n<\/li>\n<li class=\"py-0 my-0 prose-p:pt-0 prose-p:mb-2 prose-p:my-0 [&amp;&gt;p]:pt-0 [&amp;&gt;p]:mb-2 [&amp;&gt;p]:my-0\">\n<p class=\"my-2 [&amp;+p]:mt-4 [&amp;_strong:has(+br)]:inline-block [&amp;_strong:has(+br)]:pb-2\">Bruchsichere Verpackung, ideal als Geschenk<\/p>\n<\/li>\n<\/ul>\n<div class=\"main-cross-sell\" data-asin=\"B0DWFPV3T9\">\n\n\t<div class=\"WooZone-cross-sell-loader\">\n\t\t<div>\n\t\t\t<div id=\"floatingBarsG\">\n\t\t\t\t<div class=\"blockG\" id=\"rotateG_01\"><\/div>\n\t\t\t\t<div class=\"blockG\" id=\"rotateG_02\"><\/div>\n\t\t\t\t<div class=\"blockG\" id=\"rotateG_03\"><\/div>\n\t\t\t\t<div class=\"blockG\" id=\"rotateG_04\"><\/div>\n\t\t\t\t<div class=\"blockG\" id=\"rotateG_05\"><\/div>\n\t\t\t\t<div class=\"blockG\" id=\"rotateG_06\"><\/div>\n\t\t\t\t<div class=\"blockG\" id=\"rotateG_07\"><\/div>\n\t\t\t\t<div class=\"blockG\" id=\"rotateG_08\"><\/div>\n\t\t\t<\/div>\n\t\t\t<div class=\"WooZone-cross-sell-loader-text\"><\/div>\n\t\t<\/div>\n\t<\/div>\n\n\t\t\n<\/div>\n<div style=\"clear:both;\"><\/div>\n","protected":false},"excerpt":{"rendered":"<p class=\"my-2 [&amp;+p]:mt-4 [&amp;_strong:has(+br)]:inline-block [&amp;_strong:has(+br)]:pb-2\">Mach eine geschmackliche Deutschlandreise mit 12 sorgf\u00e4ltig ausgew\u00e4hlten Bieren aus verschiedenen Regionen \u2013 die perfekte Geschenkidee f\u00fcr alle, die Vielfalt und Qualit\u00e4t lieben.<\/p>\n","protected":false},"featured_media":6458,"comment_status":"closed","ping_status":"closed","template":"","meta":[],"product_brand":[],"product_cat":[4031,120],"product_tag":[],"class_list":{"0":"post-6457","1":"product","2":"type-product","3":"status-publish","4":"has-post-thumbnail","6":"product_cat-deutschland-geschenkideen","7":"product_cat-reise-geschenke","9":"first","10":"instock","11":"shipping-taxable","12":"product-type-external"},"yoast_head":"<!-- This site is optimized with the Yoast SEO plugin v26.2 - https:\/\/yoast.com\/wordpress\/plugins\/seo\/ -->\n<title>12er Bierpaket Deutschland \u2013 Regionale Bierspezialit\u00e4ten | Geschenk &amp; Probierpaket<\/title>\n<meta name=\"description\" content=\"Entdecke 12 regionale Bierspezialit\u00e4ten aus ganz Deutschland im praktischen 12er Set. Perfekt als Geschenk oder f\u00fcr Genie\u00dfer, die Vielfalt lieben.\" \/>\n<meta name=\"robots\" content=\"index, follow, max-snippet:-1, max-image-preview:large, max-video-preview:-1\" \/>\n<link rel=\"canonical\" href=\"https:\/\/travel-du.de\/reiseshop\/produkt\/deutschland-bierpaket-regionale-bierspezialitaeten\/\" \/>\n<meta property=\"og:locale\" content=\"de_DE\" \/>\n<meta property=\"og:type\" content=\"article\" \/>\n<meta property=\"og:title\" content=\"12er Bierpaket Deutschland \u2013 Regionale Bierspezialit\u00e4ten | Geschenk &amp; Probierpaket\" \/>\n<meta property=\"og:description\" content=\"Entdecke 12 regionale Bierspezialit\u00e4ten aus ganz Deutschland im praktischen 12er Set. Perfekt als Geschenk oder f\u00fcr Genie\u00dfer, die Vielfalt lieben.\" \/>\n<meta property=\"og:url\" content=\"https:\/\/travel-du.de\/reiseshop\/produkt\/deutschland-bierpaket-regionale-bierspezialitaeten\/\" \/>\n<meta property=\"og:site_name\" content=\"Reiseshop Travel-du.de\" \/>\n<meta property=\"article:modified_time\" content=\"2025-11-05T13:48:17+00:00\" \/>\n<meta property=\"og:image\" content=\"https:\/\/travel-du.de\/reiseshop\/wp-content\/uploads\/2025\/10\/12er-Deutschland-Bierpaket-Regionale-Bierspezialitaeten-aus-ganz-Deutschland-Geschenkidee-fuer-Bierliebhaber-0.jpg\" \/>\n\t<meta property=\"og:image:width\" content=\"500\" \/>\n\t<meta property=\"og:image:height\" content=\"500\" \/>\n\t<meta property=\"og:image:type\" content=\"image\/jpeg\" \/>\n<meta name=\"twitter:card\" content=\"summary_large_image\" \/>\n<meta name=\"twitter:label1\" content=\"Gesch\u00e4tzte Lesezeit\" \/>\n\t<meta name=\"twitter:data1\" content=\"2\u00a0Minuten\" \/>\n<script type=\"application\/ld+json\" class=\"yoast-schema-graph\">{\"@context\":\"https:\/\/schema.org\",\"@graph\":[{\"@type\":\"WebPage\",\"@id\":\"https:\/\/travel-du.de\/reiseshop\/produkt\/deutschland-bierpaket-regionale-bierspezialitaeten\/\",\"url\":\"https:\/\/travel-du.de\/reiseshop\/produkt\/deutschland-bierpaket-regionale-bierspezialitaeten\/\",\"name\":\"12er Bierpaket Deutschland \u2013 Regionale Bierspezialit\u00e4ten | Geschenk & Probierpaket\",\"isPartOf\":{\"@id\":\"https:\/\/travel-du.de\/reiseshop\/#website\"},\"primaryImageOfPage\":{\"@id\":\"https:\/\/travel-du.de\/reiseshop\/produkt\/deutschland-bierpaket-regionale-bierspezialitaeten\/#primaryimage\"},\"image\":{\"@id\":\"https:\/\/travel-du.de\/reiseshop\/produkt\/deutschland-bierpaket-regionale-bierspezialitaeten\/#primaryimage\"},\"thumbnailUrl\":\"https:\/\/travel-du.de\/reiseshop\/wp-content\/uploads\/2025\/10\/12er-Deutschland-Bierpaket-Regionale-Bierspezialitaeten-aus-ganz-Deutschland-Geschenkidee-fuer-Bierliebhaber-0.jpg\",\"datePublished\":\"2025-10-28T11:21:16+00:00\",\"dateModified\":\"2025-11-05T13:48:17+00:00\",\"description\":\"Entdecke 12 regionale Bierspezialit\u00e4ten aus ganz Deutschland im praktischen 12er Set. Perfekt als Geschenk oder f\u00fcr Genie\u00dfer, die Vielfalt lieben.\",\"breadcrumb\":{\"@id\":\"https:\/\/travel-du.de\/reiseshop\/produkt\/deutschland-bierpaket-regionale-bierspezialitaeten\/#breadcrumb\"},\"inLanguage\":\"de\",\"potentialAction\":[{\"@type\":\"ReadAction\",\"target\":[\"https:\/\/travel-du.de\/reiseshop\/produkt\/deutschland-bierpaket-regionale-bierspezialitaeten\/\"]}]},{\"@type\":\"ImageObject\",\"inLanguage\":\"de\",\"@id\":\"https:\/\/travel-du.de\/reiseshop\/produkt\/deutschland-bierpaket-regionale-bierspezialitaeten\/#primaryimage\",\"url\":\"https:\/\/travel-du.de\/reiseshop\/wp-content\/uploads\/2025\/10\/12er-Deutschland-Bierpaket-Regionale-Bierspezialitaeten-aus-ganz-Deutschland-Geschenkidee-fuer-Bierliebhaber-0.jpg\",\"contentUrl\":\"https:\/\/travel-du.de\/reiseshop\/wp-content\/uploads\/2025\/10\/12er-Deutschland-Bierpaket-Regionale-Bierspezialitaeten-aus-ganz-Deutschland-Geschenkidee-fuer-Bierliebhaber-0.jpg\",\"width\":500,\"height\":500},{\"@type\":\"BreadcrumbList\",\"@id\":\"https:\/\/travel-du.de\/reiseshop\/produkt\/deutschland-bierpaket-regionale-bierspezialitaeten\/#breadcrumb\",\"itemListElement\":[{\"@type\":\"ListItem\",\"position\":1,\"name\":\"Startseite\",\"item\":\"https:\/\/travel-du.de\/reiseshop\/\"},{\"@type\":\"ListItem\",\"position\":2,\"name\":\"Shop\",\"item\":\"https:\/\/travel-du.de\/reiseshop\/shop\/\"},{\"@type\":\"ListItem\",\"position\":3,\"name\":\"12er Bierpaket Deutschland \u2013 Regionale Bierspezialit\u00e4ten aus allen Ecken \ud83c\udde9\ud83c\uddea\ud83c\udf7b\"}]},{\"@type\":\"WebSite\",\"@id\":\"https:\/\/travel-du.de\/reiseshop\/#website\",\"url\":\"https:\/\/travel-du.de\/reiseshop\/\",\"name\":\"Reiseshop Travel-du.de\",\"description\":\"Der Shop f\u00fcr Reisende, Weltenbummler und Abenteurer\",\"potentialAction\":[{\"@type\":\"SearchAction\",\"target\":{\"@type\":\"EntryPoint\",\"urlTemplate\":\"https:\/\/travel-du.de\/reiseshop\/?s={search_term_string}\"},\"query-input\":{\"@type\":\"PropertyValueSpecification\",\"valueRequired\":true,\"valueName\":\"search_term_string\"}}],\"inLanguage\":\"de\"}]}<\/script>\n<!-- \/ Yoast SEO plugin. -->","yoast_head_json":{"title":"12er Bierpaket Deutschland \u2013 Regionale Bierspezialit\u00e4ten | Geschenk & Probierpaket","description":"Entdecke 12 regionale Bierspezialit\u00e4ten aus ganz Deutschland im praktischen 12er Set. Perfekt als Geschenk oder f\u00fcr Genie\u00dfer, die Vielfalt lieben.","robots":{"index":"index","follow":"follow","max-snippet":"max-snippet:-1","max-image-preview":"max-image-preview:large","max-video-preview":"max-video-preview:-1"},"canonical":"https:\/\/travel-du.de\/reiseshop\/produkt\/deutschland-bierpaket-regionale-bierspezialitaeten\/","og_locale":"de_DE","og_type":"article","og_title":"12er Bierpaket Deutschland \u2013 Regionale Bierspezialit\u00e4ten | Geschenk & Probierpaket","og_description":"Entdecke 12 regionale Bierspezialit\u00e4ten aus ganz Deutschland im praktischen 12er Set. Perfekt als Geschenk oder f\u00fcr Genie\u00dfer, die Vielfalt lieben.","og_url":"https:\/\/travel-du.de\/reiseshop\/produkt\/deutschland-bierpaket-regionale-bierspezialitaeten\/","og_site_name":"Reiseshop Travel-du.de","article_modified_time":"2025-11-05T13:48:17+00:00","og_image":[{"width":500,"height":500,"url":"https:\/\/travel-du.de\/reiseshop\/wp-content\/uploads\/2025\/10\/12er-Deutschland-Bierpaket-Regionale-Bierspezialitaeten-aus-ganz-Deutschland-Geschenkidee-fuer-Bierliebhaber-0.jpg","type":"image\/jpeg"}],"twitter_card":"summary_large_image","twitter_misc":{"Gesch\u00e4tzte Lesezeit":"2\u00a0Minuten"},"schema":{"@context":"https:\/\/schema.org","@graph":[{"@type":"WebPage","@id":"https:\/\/travel-du.de\/reiseshop\/produkt\/deutschland-bierpaket-regionale-bierspezialitaeten\/","url":"https:\/\/travel-du.de\/reiseshop\/produkt\/deutschland-bierpaket-regionale-bierspezialitaeten\/","name":"12er Bierpaket Deutschland \u2013 Regionale Bierspezialit\u00e4ten | Geschenk & Probierpaket","isPartOf":{"@id":"https:\/\/travel-du.de\/reiseshop\/#website"},"primaryImageOfPage":{"@id":"https:\/\/travel-du.de\/reiseshop\/produkt\/deutschland-bierpaket-regionale-bierspezialitaeten\/#primaryimage"},"image":{"@id":"https:\/\/travel-du.de\/reiseshop\/produkt\/deutschland-bierpaket-regionale-bierspezialitaeten\/#primaryimage"},"thumbnailUrl":"https:\/\/travel-du.de\/reiseshop\/wp-content\/uploads\/2025\/10\/12er-Deutschland-Bierpaket-Regionale-Bierspezialitaeten-aus-ganz-Deutschland-Geschenkidee-fuer-Bierliebhaber-0.jpg","datePublished":"2025-10-28T11:21:16+00:00","dateModified":"2025-11-05T13:48:17+00:00","description":"Entdecke 12 regionale Bierspezialit\u00e4ten aus ganz Deutschland im praktischen 12er Set. Perfekt als Geschenk oder f\u00fcr Genie\u00dfer, die Vielfalt lieben.","breadcrumb":{"@id":"https:\/\/travel-du.de\/reiseshop\/produkt\/deutschland-bierpaket-regionale-bierspezialitaeten\/#breadcrumb"},"inLanguage":"de","potentialAction":[{"@type":"ReadAction","target":["https:\/\/travel-du.de\/reiseshop\/produkt\/deutschland-bierpaket-regionale-bierspezialitaeten\/"]}]},{"@type":"ImageObject","inLanguage":"de","@id":"https:\/\/travel-du.de\/reiseshop\/produkt\/deutschland-bierpaket-regionale-bierspezialitaeten\/#primaryimage","url":"https:\/\/travel-du.de\/reiseshop\/wp-content\/uploads\/2025\/10\/12er-Deutschland-Bierpaket-Regionale-Bierspezialitaeten-aus-ganz-Deutschland-Geschenkidee-fuer-Bierliebhaber-0.jpg","contentUrl":"https:\/\/travel-du.de\/reiseshop\/wp-content\/uploads\/2025\/10\/12er-Deutschland-Bierpaket-Regionale-Bierspezialitaeten-aus-ganz-Deutschland-Geschenkidee-fuer-Bierliebhaber-0.jpg","width":500,"height":500},{"@type":"BreadcrumbList","@id":"https:\/\/travel-du.de\/reiseshop\/produkt\/deutschland-bierpaket-regionale-bierspezialitaeten\/#breadcrumb","itemListElement":[{"@type":"ListItem","position":1,"name":"Startseite","item":"https:\/\/travel-du.de\/reiseshop\/"},{"@type":"ListItem","position":2,"name":"Shop","item":"https:\/\/travel-du.de\/reiseshop\/shop\/"},{"@type":"ListItem","position":3,"name":"12er Bierpaket Deutschland \u2013 Regionale Bierspezialit\u00e4ten aus allen Ecken \ud83c\udde9\ud83c\uddea\ud83c\udf7b"}]},{"@type":"WebSite","@id":"https:\/\/travel-du.de\/reiseshop\/#website","url":"https:\/\/travel-du.de\/reiseshop\/","name":"Reiseshop Travel-du.de","description":"Der Shop f\u00fcr Reisende, Weltenbummler und Abenteurer","potentialAction":[{"@type":"SearchAction","target":{"@type":"EntryPoint","urlTemplate":"https:\/\/travel-du.de\/reiseshop\/?s={search_term_string}"},"query-input":{"@type":"PropertyValueSpecification","valueRequired":true,"valueName":"search_term_string"}}],"inLanguage":"de"}]}},"_links":{"self":[{"href":"https:\/\/travel-du.de\/reiseshop\/wp-json\/wp\/v2\/product\/6457","targetHints":{"allow":["GET"]}}],"collection":[{"href":"https:\/\/travel-du.de\/reiseshop\/wp-json\/wp\/v2\/product"}],"about":[{"href":"https:\/\/travel-du.de\/reiseshop\/wp-json\/wp\/v2\/types\/product"}],"replies":[{"embeddable":true,"href":"https:\/\/travel-du.de\/reiseshop\/wp-json\/wp\/v2\/comments?post=6457"}],"wp:featuredmedia":[{"embeddable":true,"href":"https:\/\/travel-du.de\/reiseshop\/wp-json\/wp\/v2\/media\/6458"}],"wp:attachment":[{"href":"https:\/\/travel-du.de\/reiseshop\/wp-json\/wp\/v2\/media?parent=6457"}],"wp:term":[{"taxonomy":"product_brand","embeddable":true,"href":"https:\/\/travel-du.de\/reiseshop\/wp-json\/wp\/v2\/product_brand?post=6457"},{"taxonomy":"product_cat","embeddable":true,"href":"https:\/\/travel-du.de\/reiseshop\/wp-json\/wp\/v2\/product_cat?post=6457"},{"taxonomy":"product_tag","embeddable":true,"href":"https:\/\/travel-du.de\/reiseshop\/wp-json\/wp\/v2\/product_tag?post=6457"}],"curies":[{"name":"wp","href":"https:\/\/api.w.org\/{rel}","templated":true}]}}