{"id":6441,"date":"2025-10-28T12:19:46","date_gmt":"2025-10-28T11:19:46","guid":{"rendered":"https:\/\/travel-du.de\/reiseshop\/produkt\/i-love-germany-i-herz-deutsches-familienreisesouvenir-t-shirt\/"},"modified":"2025-10-28T17:07:11","modified_gmt":"2025-10-28T16:07:11","slug":"i-love-germany-herz-t-shirt","status":"publish","type":"product","link":"https:\/\/travel-du.de\/reiseshop\/produkt\/i-love-germany-herz-t-shirt\/","title":{"rendered":"I love Germany I Herz Deutsches Familienreisesouvenir T-Shirt"},"content":{"rendered":"<p>I Love Germany I Heart Deutschland Familienreise Souvenir Outfit Perfekt f\u00fcr Ihren n\u00e4chsten Familienurlaub nach Deutschland. Passendes Familienoutfit, holen Sie sich dieses Outfit und unterst\u00fctzen Sie Ihre Lieblingssportarten: Fu\u00dfball, Fu\u00dfball, Rugby, Baseball, Golf, Eishockey, Volleyball,<br \/>\nVintage Deutschland Retro Deutschland Flagge I love Germany Kleidung I love Germany Perfekt zu tragen f\u00fcr Frauen, M\u00e4nner, Kinder bei einem Familientreffen, Liebessportmannschaft, Geburtstag, Urlaub, Muttertag, Vatertag. Zeigen Sie dies mit Stolz und zeigen Sie, dass Sie Deutschland lieben.<br \/>\nKlassisch geschnitten, doppelt gen\u00e4hter Saum.<br \/>\n<div class=\"main-cross-sell\" data-asin=\"B0BHTVPKQD\">\n\n\t<div class=\"WooZone-cross-sell-loader\">\n\t\t<div>\n\t\t\t<div id=\"floatingBarsG\">\n\t\t\t\t<div class=\"blockG\" id=\"rotateG_01\"><\/div>\n\t\t\t\t<div class=\"blockG\" id=\"rotateG_02\"><\/div>\n\t\t\t\t<div class=\"blockG\" id=\"rotateG_03\"><\/div>\n\t\t\t\t<div class=\"blockG\" id=\"rotateG_04\"><\/div>\n\t\t\t\t<div class=\"blockG\" id=\"rotateG_05\"><\/div>\n\t\t\t\t<div class=\"blockG\" id=\"rotateG_06\"><\/div>\n\t\t\t\t<div class=\"blockG\" id=\"rotateG_07\"><\/div>\n\t\t\t\t<div class=\"blockG\" id=\"rotateG_08\"><\/div>\n\t\t\t<\/div>\n\t\t\t<div class=\"WooZone-cross-sell-loader-text\"><\/div>\n\t\t<\/div>\n\t<\/div>\n\n\t\t\n<\/div>\n<div style=\"clear:both;\"><\/div><\/p>\n","protected":false},"excerpt":{"rendered":"<p>I Love Germany I Heart Deutschland Familienreise Souvenir Outfit Perfekt f\u00fcr Ihren n\u00e4chsten Familienurlaub nach Deutschland. Passendes Familienoutfit, holen Sie sich dieses Outfit und unterst\u00fctzen Sie Ihre Lieblingssportarten: Fu\u00dfball, Fu\u00dfball, Rugby, Baseball, Golf, Eishockey, Volleyball,<br \/>\nVintage Deutschland Retro Deutschland Flagge I love Germany Kleidung I love Germany Perfekt zu tragen f\u00fcr Frauen, M\u00e4nner, Kinder bei einem Familientreffen, Liebessportmannschaft, Geburtstag, Urlaub, Muttertag, Vatertag. Zeigen Sie dies mit Stolz und zeigen Sie, dass Sie Deutschland lieben.<br \/>\nKlassisch geschnitten, doppelt gen\u00e4hter Saum.<\/p>\n","protected":false},"featured_media":6442,"comment_status":"closed","ping_status":"closed","template":"","meta":[],"product_brand":[],"product_cat":[4031,120],"product_tag":[],"class_list":{"0":"post-6441","1":"product","2":"type-product","3":"status-publish","4":"has-post-thumbnail","6":"product_cat-deutschland-geschenkideen","7":"product_cat-reise-geschenke","9":"first","10":"instock","11":"shipping-taxable","12":"product-type-external"},"yoast_head":"<!-- This site is optimized with the Yoast SEO plugin v26.2 - https:\/\/yoast.com\/wordpress\/plugins\/seo\/ -->\n<title>I love Germany I Herz Deutsches Familienreisesouvenir T-Shirt &#8211; Reiseshop Travel-du.de<\/title>\n<meta name=\"robots\" content=\"index, follow, max-snippet:-1, max-image-preview:large, max-video-preview:-1\" \/>\n<link rel=\"canonical\" href=\"https:\/\/travel-du.de\/reiseshop\/produkt\/i-love-germany-herz-t-shirt\/\" \/>\n<meta property=\"og:locale\" content=\"de_DE\" \/>\n<meta property=\"og:type\" content=\"article\" \/>\n<meta property=\"og:title\" content=\"I love Germany I Herz Deutsches Familienreisesouvenir T-Shirt &#8211; Reiseshop Travel-du.de\" \/>\n<meta property=\"og:description\" content=\"I Love Germany I Heart Deutschland Familienreise Souvenir Outfit Perfekt f\u00fcr Ihren n\u00e4chsten Familienurlaub nach Deutschland. Passendes Familienoutfit, holen Sie sich dieses Outfit und unterst\u00fctzen Sie Ihre Lieblingssportarten: Fu\u00dfball, Fu\u00dfball, Rugby, Baseball, Golf, Eishockey, Volleyball, Vintage Deutschland Retro Deutschland Flagge I love Germany Kleidung I love Germany Perfekt zu tragen f\u00fcr Frauen, M\u00e4nner, Kinder bei einem Familientreffen, Liebessportmannschaft, Geburtstag, Urlaub, Muttertag, Vatertag. Zeigen Sie dies mit Stolz und zeigen Sie, dass Sie Deutschland lieben. Klassisch geschnitten, doppelt gen\u00e4hter Saum.\" \/>\n<meta property=\"og:url\" content=\"https:\/\/travel-du.de\/reiseshop\/produkt\/i-love-germany-herz-t-shirt\/\" \/>\n<meta property=\"og:site_name\" content=\"Reiseshop Travel-du.de\" \/>\n<meta property=\"article:modified_time\" content=\"2025-10-28T16:07:11+00:00\" \/>\n<meta property=\"og:image\" content=\"https:\/\/travel-du.de\/reiseshop\/wp-content\/uploads\/2025\/10\/I-love-Germany-I-Herz-Deutsches-Familienreisesouvenir-T-Shirt-0.jpg\" \/>\n\t<meta property=\"og:image:width\" content=\"500\" \/>\n\t<meta property=\"og:image:height\" content=\"468\" \/>\n\t<meta property=\"og:image:type\" content=\"image\/jpeg\" \/>\n<meta name=\"twitter:card\" content=\"summary_large_image\" \/>\n<script type=\"application\/ld+json\" class=\"yoast-schema-graph\">{\"@context\":\"https:\/\/schema.org\",\"@graph\":[{\"@type\":\"WebPage\",\"@id\":\"https:\/\/travel-du.de\/reiseshop\/produkt\/i-love-germany-herz-t-shirt\/\",\"url\":\"https:\/\/travel-du.de\/reiseshop\/produkt\/i-love-germany-herz-t-shirt\/\",\"name\":\"I love Germany I Herz Deutsches Familienreisesouvenir T-Shirt &#8211; Reiseshop Travel-du.de\",\"isPartOf\":{\"@id\":\"https:\/\/travel-du.de\/reiseshop\/#website\"},\"primaryImageOfPage\":{\"@id\":\"https:\/\/travel-du.de\/reiseshop\/produkt\/i-love-germany-herz-t-shirt\/#primaryimage\"},\"image\":{\"@id\":\"https:\/\/travel-du.de\/reiseshop\/produkt\/i-love-germany-herz-t-shirt\/#primaryimage\"},\"thumbnailUrl\":\"https:\/\/travel-du.de\/reiseshop\/wp-content\/uploads\/2025\/10\/I-love-Germany-I-Herz-Deutsches-Familienreisesouvenir-T-Shirt-0.jpg\",\"datePublished\":\"2025-10-28T11:19:46+00:00\",\"dateModified\":\"2025-10-28T16:07:11+00:00\",\"breadcrumb\":{\"@id\":\"https:\/\/travel-du.de\/reiseshop\/produkt\/i-love-germany-herz-t-shirt\/#breadcrumb\"},\"inLanguage\":\"de\",\"potentialAction\":[{\"@type\":\"ReadAction\",\"target\":[\"https:\/\/travel-du.de\/reiseshop\/produkt\/i-love-germany-herz-t-shirt\/\"]}]},{\"@type\":\"ImageObject\",\"inLanguage\":\"de\",\"@id\":\"https:\/\/travel-du.de\/reiseshop\/produkt\/i-love-germany-herz-t-shirt\/#primaryimage\",\"url\":\"https:\/\/travel-du.de\/reiseshop\/wp-content\/uploads\/2025\/10\/I-love-Germany-I-Herz-Deutsches-Familienreisesouvenir-T-Shirt-0.jpg\",\"contentUrl\":\"https:\/\/travel-du.de\/reiseshop\/wp-content\/uploads\/2025\/10\/I-love-Germany-I-Herz-Deutsches-Familienreisesouvenir-T-Shirt-0.jpg\",\"width\":500,\"height\":468},{\"@type\":\"BreadcrumbList\",\"@id\":\"https:\/\/travel-du.de\/reiseshop\/produkt\/i-love-germany-herz-t-shirt\/#breadcrumb\",\"itemListElement\":[{\"@type\":\"ListItem\",\"position\":1,\"name\":\"Startseite\",\"item\":\"https:\/\/travel-du.de\/reiseshop\/\"},{\"@type\":\"ListItem\",\"position\":2,\"name\":\"Shop\",\"item\":\"https:\/\/travel-du.de\/reiseshop\/shop\/\"},{\"@type\":\"ListItem\",\"position\":3,\"name\":\"I love Germany I Herz Deutsches Familienreisesouvenir T-Shirt\"}]},{\"@type\":\"WebSite\",\"@id\":\"https:\/\/travel-du.de\/reiseshop\/#website\",\"url\":\"https:\/\/travel-du.de\/reiseshop\/\",\"name\":\"Reiseshop Travel-du.de\",\"description\":\"Der Shop f\u00fcr Reisende, Weltenbummler und Abenteurer\",\"potentialAction\":[{\"@type\":\"SearchAction\",\"target\":{\"@type\":\"EntryPoint\",\"urlTemplate\":\"https:\/\/travel-du.de\/reiseshop\/?s={search_term_string}\"},\"query-input\":{\"@type\":\"PropertyValueSpecification\",\"valueRequired\":true,\"valueName\":\"search_term_string\"}}],\"inLanguage\":\"de\"}]}<\/script>\n<!-- \/ Yoast SEO plugin. -->","yoast_head_json":{"title":"I love Germany I Herz Deutsches Familienreisesouvenir T-Shirt &#8211; Reiseshop Travel-du.de","robots":{"index":"index","follow":"follow","max-snippet":"max-snippet:-1","max-image-preview":"max-image-preview:large","max-video-preview":"max-video-preview:-1"},"canonical":"https:\/\/travel-du.de\/reiseshop\/produkt\/i-love-germany-herz-t-shirt\/","og_locale":"de_DE","og_type":"article","og_title":"I love Germany I Herz Deutsches Familienreisesouvenir T-Shirt &#8211; Reiseshop Travel-du.de","og_description":"I Love Germany I Heart Deutschland Familienreise Souvenir Outfit Perfekt f\u00fcr Ihren n\u00e4chsten Familienurlaub nach Deutschland. Passendes Familienoutfit, holen Sie sich dieses Outfit und unterst\u00fctzen Sie Ihre Lieblingssportarten: Fu\u00dfball, Fu\u00dfball, Rugby, Baseball, Golf, Eishockey, Volleyball, Vintage Deutschland Retro Deutschland Flagge I love Germany Kleidung I love Germany Perfekt zu tragen f\u00fcr Frauen, M\u00e4nner, Kinder bei einem Familientreffen, Liebessportmannschaft, Geburtstag, Urlaub, Muttertag, Vatertag. Zeigen Sie dies mit Stolz und zeigen Sie, dass Sie Deutschland lieben. Klassisch geschnitten, doppelt gen\u00e4hter Saum.","og_url":"https:\/\/travel-du.de\/reiseshop\/produkt\/i-love-germany-herz-t-shirt\/","og_site_name":"Reiseshop Travel-du.de","article_modified_time":"2025-10-28T16:07:11+00:00","og_image":[{"width":500,"height":468,"url":"https:\/\/travel-du.de\/reiseshop\/wp-content\/uploads\/2025\/10\/I-love-Germany-I-Herz-Deutsches-Familienreisesouvenir-T-Shirt-0.jpg","type":"image\/jpeg"}],"twitter_card":"summary_large_image","schema":{"@context":"https:\/\/schema.org","@graph":[{"@type":"WebPage","@id":"https:\/\/travel-du.de\/reiseshop\/produkt\/i-love-germany-herz-t-shirt\/","url":"https:\/\/travel-du.de\/reiseshop\/produkt\/i-love-germany-herz-t-shirt\/","name":"I love Germany I Herz Deutsches Familienreisesouvenir T-Shirt &#8211; Reiseshop Travel-du.de","isPartOf":{"@id":"https:\/\/travel-du.de\/reiseshop\/#website"},"primaryImageOfPage":{"@id":"https:\/\/travel-du.de\/reiseshop\/produkt\/i-love-germany-herz-t-shirt\/#primaryimage"},"image":{"@id":"https:\/\/travel-du.de\/reiseshop\/produkt\/i-love-germany-herz-t-shirt\/#primaryimage"},"thumbnailUrl":"https:\/\/travel-du.de\/reiseshop\/wp-content\/uploads\/2025\/10\/I-love-Germany-I-Herz-Deutsches-Familienreisesouvenir-T-Shirt-0.jpg","datePublished":"2025-10-28T11:19:46+00:00","dateModified":"2025-10-28T16:07:11+00:00","breadcrumb":{"@id":"https:\/\/travel-du.de\/reiseshop\/produkt\/i-love-germany-herz-t-shirt\/#breadcrumb"},"inLanguage":"de","potentialAction":[{"@type":"ReadAction","target":["https:\/\/travel-du.de\/reiseshop\/produkt\/i-love-germany-herz-t-shirt\/"]}]},{"@type":"ImageObject","inLanguage":"de","@id":"https:\/\/travel-du.de\/reiseshop\/produkt\/i-love-germany-herz-t-shirt\/#primaryimage","url":"https:\/\/travel-du.de\/reiseshop\/wp-content\/uploads\/2025\/10\/I-love-Germany-I-Herz-Deutsches-Familienreisesouvenir-T-Shirt-0.jpg","contentUrl":"https:\/\/travel-du.de\/reiseshop\/wp-content\/uploads\/2025\/10\/I-love-Germany-I-Herz-Deutsches-Familienreisesouvenir-T-Shirt-0.jpg","width":500,"height":468},{"@type":"BreadcrumbList","@id":"https:\/\/travel-du.de\/reiseshop\/produkt\/i-love-germany-herz-t-shirt\/#breadcrumb","itemListElement":[{"@type":"ListItem","position":1,"name":"Startseite","item":"https:\/\/travel-du.de\/reiseshop\/"},{"@type":"ListItem","position":2,"name":"Shop","item":"https:\/\/travel-du.de\/reiseshop\/shop\/"},{"@type":"ListItem","position":3,"name":"I love Germany I Herz Deutsches Familienreisesouvenir T-Shirt"}]},{"@type":"WebSite","@id":"https:\/\/travel-du.de\/reiseshop\/#website","url":"https:\/\/travel-du.de\/reiseshop\/","name":"Reiseshop Travel-du.de","description":"Der Shop f\u00fcr Reisende, Weltenbummler und Abenteurer","potentialAction":[{"@type":"SearchAction","target":{"@type":"EntryPoint","urlTemplate":"https:\/\/travel-du.de\/reiseshop\/?s={search_term_string}"},"query-input":{"@type":"PropertyValueSpecification","valueRequired":true,"valueName":"search_term_string"}}],"inLanguage":"de"}]}},"_links":{"self":[{"href":"https:\/\/travel-du.de\/reiseshop\/wp-json\/wp\/v2\/product\/6441","targetHints":{"allow":["GET"]}}],"collection":[{"href":"https:\/\/travel-du.de\/reiseshop\/wp-json\/wp\/v2\/product"}],"about":[{"href":"https:\/\/travel-du.de\/reiseshop\/wp-json\/wp\/v2\/types\/product"}],"replies":[{"embeddable":true,"href":"https:\/\/travel-du.de\/reiseshop\/wp-json\/wp\/v2\/comments?post=6441"}],"wp:featuredmedia":[{"embeddable":true,"href":"https:\/\/travel-du.de\/reiseshop\/wp-json\/wp\/v2\/media\/6442"}],"wp:attachment":[{"href":"https:\/\/travel-du.de\/reiseshop\/wp-json\/wp\/v2\/media?parent=6441"}],"wp:term":[{"taxonomy":"product_brand","embeddable":true,"href":"https:\/\/travel-du.de\/reiseshop\/wp-json\/wp\/v2\/product_brand?post=6441"},{"taxonomy":"product_cat","embeddable":true,"href":"https:\/\/travel-du.de\/reiseshop\/wp-json\/wp\/v2\/product_cat?post=6441"},{"taxonomy":"product_tag","embeddable":true,"href":"https:\/\/travel-du.de\/reiseshop\/wp-json\/wp\/v2\/product_tag?post=6441"}],"curies":[{"name":"wp","href":"https:\/\/api.w.org\/{rel}","templated":true}]}}