{"id":6413,"date":"2025-10-28T12:17:52","date_gmt":"2025-10-28T11:17:52","guid":{"rendered":"https:\/\/travel-du.de\/reiseshop\/produkt\/muyu-magnet-3d-koelner-dom-deutschland-souvenir-kuehlschrankmagnet-73-x-82-cm-harz-magnet-1-stueck-gothic-3d-souvenir\/"},"modified":"2025-10-28T17:08:17","modified_gmt":"2025-10-28T16:08:17","slug":"magnet-koelner-dom","status":"publish","type":"product","link":"https:\/\/travel-du.de\/reiseshop\/produkt\/magnet-koelner-dom\/","title":{"rendered":"MUYU Magnet 3D K\u00f6lner Dom Deutschland Souvenir K\u00fchlschrankmagnet 7,3 x 8,2 cm Harz Magnet 1 St\u00fcck Gothic 3D Souvenir"},"content":{"rendered":"<p>K\u00fchlschrankmagnet K\u00f6lner Dom Deutschland Souvenir<br \/>\nGr\u00f6\u00dfe: 7,3 x 8,2 cm; Material: Harz und Magnet<br \/>\nEs ist geeignet f\u00fcr Eisen oder jede magnetische Oberfl\u00e4che, nicht nur f\u00fcr den K\u00fchlschrank, verwenden Sie es zur Dekoration von Haus und B\u00fcro, Restaurant, sehr atmosph\u00e4risch und Erinnerungsst\u00fcck<br \/>\n100 % handgefertigt, aus Polyresin, so dass es viele Jahre verwendet werden kann und das Produkt wie ein echtes Produkt macht<br \/>\nProduktqualit\u00e4tssicherung: Wenn diese Magnete nicht Ihren Erwartungen oder Qualit\u00e4tsproblemen entsprechen, machen Sie sich keine Sorgen, Sie k\u00f6nnen sie f\u00fcr eine volle R\u00fcckerstattung von jedem Cent zur\u00fcckschicken, den Sie bezahlt haben. Sie gehen kein Risiko ein, wenn Sie heute bei uns kaufen!<br \/>\n<div class=\"main-cross-sell\" data-asin=\"B092PNZ6K6\">\n\n\t<div class=\"WooZone-cross-sell-loader\">\n\t\t<div>\n\t\t\t<div id=\"floatingBarsG\">\n\t\t\t\t<div class=\"blockG\" id=\"rotateG_01\"><\/div>\n\t\t\t\t<div class=\"blockG\" id=\"rotateG_02\"><\/div>\n\t\t\t\t<div class=\"blockG\" id=\"rotateG_03\"><\/div>\n\t\t\t\t<div class=\"blockG\" id=\"rotateG_04\"><\/div>\n\t\t\t\t<div class=\"blockG\" id=\"rotateG_05\"><\/div>\n\t\t\t\t<div class=\"blockG\" id=\"rotateG_06\"><\/div>\n\t\t\t\t<div class=\"blockG\" id=\"rotateG_07\"><\/div>\n\t\t\t\t<div class=\"blockG\" id=\"rotateG_08\"><\/div>\n\t\t\t<\/div>\n\t\t\t<div class=\"WooZone-cross-sell-loader-text\"><\/div>\n\t\t<\/div>\n\t<\/div>\n\n\t\t\n<\/div>\n<div style=\"clear:both;\"><\/div><\/p>\n","protected":false},"excerpt":{"rendered":"<p>K\u00fchlschrankmagnet K\u00f6lner Dom Deutschland Souvenir<br \/>\nGr\u00f6\u00dfe: 7,3 x 8,2 cm; Material: Harz und Magnet<br \/>\nEs ist geeignet f\u00fcr Eisen oder jede magnetische Oberfl\u00e4che, nicht nur f\u00fcr den K\u00fchlschrank, verwenden Sie es zur Dekoration von Haus und B\u00fcro, Restaurant, sehr atmosph\u00e4risch und Erinnerungsst\u00fcck<\/p>\n","protected":false},"featured_media":6414,"comment_status":"closed","ping_status":"closed","template":"","meta":[],"product_brand":[],"product_cat":[4031,120],"product_tag":[],"class_list":{"0":"post-6413","1":"product","2":"type-product","3":"status-publish","4":"has-post-thumbnail","6":"product_cat-deutschland-geschenkideen","7":"product_cat-reise-geschenke","9":"first","10":"instock","11":"shipping-taxable","12":"product-type-external"},"yoast_head":"<!-- This site is optimized with the Yoast SEO plugin v26.2 - https:\/\/yoast.com\/wordpress\/plugins\/seo\/ -->\n<title>MUYU Magnet 3D K\u00f6lner Dom Deutschland Souvenir K\u00fchlschrankmagnet 7,3 x 8,2 cm Harz Magnet 1 St\u00fcck Gothic 3D Souvenir &#8211; Reiseshop Travel-du.de<\/title>\n<meta name=\"robots\" content=\"index, follow, max-snippet:-1, max-image-preview:large, max-video-preview:-1\" \/>\n<link rel=\"canonical\" href=\"https:\/\/travel-du.de\/reiseshop\/produkt\/magnet-koelner-dom\/\" \/>\n<meta property=\"og:locale\" content=\"de_DE\" \/>\n<meta property=\"og:type\" content=\"article\" \/>\n<meta property=\"og:title\" content=\"MUYU Magnet 3D K\u00f6lner Dom Deutschland Souvenir K\u00fchlschrankmagnet 7,3 x 8,2 cm Harz Magnet 1 St\u00fcck Gothic 3D Souvenir &#8211; Reiseshop Travel-du.de\" \/>\n<meta property=\"og:description\" content=\"K\u00fchlschrankmagnet K\u00f6lner Dom Deutschland Souvenir Gr\u00f6\u00dfe: 7,3 x 8,2 cm; Material: Harz und Magnet Es ist geeignet f\u00fcr Eisen oder jede magnetische Oberfl\u00e4che, nicht nur f\u00fcr den K\u00fchlschrank, verwenden Sie es zur Dekoration von Haus und B\u00fcro, Restaurant, sehr atmosph\u00e4risch und Erinnerungsst\u00fcck\" \/>\n<meta property=\"og:url\" content=\"https:\/\/travel-du.de\/reiseshop\/produkt\/magnet-koelner-dom\/\" \/>\n<meta property=\"og:site_name\" content=\"Reiseshop Travel-du.de\" \/>\n<meta property=\"article:modified_time\" content=\"2025-10-28T16:08:17+00:00\" \/>\n<meta property=\"og:image\" content=\"https:\/\/travel-du.de\/reiseshop\/wp-content\/uploads\/2025\/10\/MUYU-Magnet-3D-Koelner-Dom-Deutschland-Souvenir-Kuehlschrankmagnet-73-x-82-cm-Harz-Magnet-1-Stueck-Gothic-3D-Souvenir-0.jpg\" \/>\n\t<meta property=\"og:image:width\" content=\"500\" \/>\n\t<meta property=\"og:image:height\" content=\"500\" \/>\n\t<meta property=\"og:image:type\" content=\"image\/jpeg\" \/>\n<meta name=\"twitter:card\" content=\"summary_large_image\" \/>\n<meta name=\"twitter:label1\" content=\"Gesch\u00e4tzte Lesezeit\" \/>\n\t<meta name=\"twitter:data1\" content=\"1\u00a0Minute\" \/>\n<script type=\"application\/ld+json\" class=\"yoast-schema-graph\">{\"@context\":\"https:\/\/schema.org\",\"@graph\":[{\"@type\":\"WebPage\",\"@id\":\"https:\/\/travel-du.de\/reiseshop\/produkt\/magnet-koelner-dom\/\",\"url\":\"https:\/\/travel-du.de\/reiseshop\/produkt\/magnet-koelner-dom\/\",\"name\":\"MUYU Magnet 3D K\u00f6lner Dom Deutschland Souvenir K\u00fchlschrankmagnet 7,3 x 8,2 cm Harz Magnet 1 St\u00fcck Gothic 3D Souvenir &#8211; Reiseshop Travel-du.de\",\"isPartOf\":{\"@id\":\"https:\/\/travel-du.de\/reiseshop\/#website\"},\"primaryImageOfPage\":{\"@id\":\"https:\/\/travel-du.de\/reiseshop\/produkt\/magnet-koelner-dom\/#primaryimage\"},\"image\":{\"@id\":\"https:\/\/travel-du.de\/reiseshop\/produkt\/magnet-koelner-dom\/#primaryimage\"},\"thumbnailUrl\":\"https:\/\/travel-du.de\/reiseshop\/wp-content\/uploads\/2025\/10\/MUYU-Magnet-3D-Koelner-Dom-Deutschland-Souvenir-Kuehlschrankmagnet-73-x-82-cm-Harz-Magnet-1-Stueck-Gothic-3D-Souvenir-0.jpg\",\"datePublished\":\"2025-10-28T11:17:52+00:00\",\"dateModified\":\"2025-10-28T16:08:17+00:00\",\"breadcrumb\":{\"@id\":\"https:\/\/travel-du.de\/reiseshop\/produkt\/magnet-koelner-dom\/#breadcrumb\"},\"inLanguage\":\"de\",\"potentialAction\":[{\"@type\":\"ReadAction\",\"target\":[\"https:\/\/travel-du.de\/reiseshop\/produkt\/magnet-koelner-dom\/\"]}]},{\"@type\":\"ImageObject\",\"inLanguage\":\"de\",\"@id\":\"https:\/\/travel-du.de\/reiseshop\/produkt\/magnet-koelner-dom\/#primaryimage\",\"url\":\"https:\/\/travel-du.de\/reiseshop\/wp-content\/uploads\/2025\/10\/MUYU-Magnet-3D-Koelner-Dom-Deutschland-Souvenir-Kuehlschrankmagnet-73-x-82-cm-Harz-Magnet-1-Stueck-Gothic-3D-Souvenir-0.jpg\",\"contentUrl\":\"https:\/\/travel-du.de\/reiseshop\/wp-content\/uploads\/2025\/10\/MUYU-Magnet-3D-Koelner-Dom-Deutschland-Souvenir-Kuehlschrankmagnet-73-x-82-cm-Harz-Magnet-1-Stueck-Gothic-3D-Souvenir-0.jpg\",\"width\":500,\"height\":500},{\"@type\":\"BreadcrumbList\",\"@id\":\"https:\/\/travel-du.de\/reiseshop\/produkt\/magnet-koelner-dom\/#breadcrumb\",\"itemListElement\":[{\"@type\":\"ListItem\",\"position\":1,\"name\":\"Startseite\",\"item\":\"https:\/\/travel-du.de\/reiseshop\/\"},{\"@type\":\"ListItem\",\"position\":2,\"name\":\"Shop\",\"item\":\"https:\/\/travel-du.de\/reiseshop\/shop\/\"},{\"@type\":\"ListItem\",\"position\":3,\"name\":\"MUYU Magnet 3D K\u00f6lner Dom Deutschland Souvenir K\u00fchlschrankmagnet 7,3 x 8,2 cm Harz Magnet 1 St\u00fcck Gothic 3D Souvenir\"}]},{\"@type\":\"WebSite\",\"@id\":\"https:\/\/travel-du.de\/reiseshop\/#website\",\"url\":\"https:\/\/travel-du.de\/reiseshop\/\",\"name\":\"Reiseshop Travel-du.de\",\"description\":\"Der Shop f\u00fcr Reisende, Weltenbummler und Abenteurer\",\"potentialAction\":[{\"@type\":\"SearchAction\",\"target\":{\"@type\":\"EntryPoint\",\"urlTemplate\":\"https:\/\/travel-du.de\/reiseshop\/?s={search_term_string}\"},\"query-input\":{\"@type\":\"PropertyValueSpecification\",\"valueRequired\":true,\"valueName\":\"search_term_string\"}}],\"inLanguage\":\"de\"}]}<\/script>\n<!-- \/ Yoast SEO plugin. -->","yoast_head_json":{"title":"MUYU Magnet 3D K\u00f6lner Dom Deutschland Souvenir K\u00fchlschrankmagnet 7,3 x 8,2 cm Harz Magnet 1 St\u00fcck Gothic 3D Souvenir &#8211; Reiseshop Travel-du.de","robots":{"index":"index","follow":"follow","max-snippet":"max-snippet:-1","max-image-preview":"max-image-preview:large","max-video-preview":"max-video-preview:-1"},"canonical":"https:\/\/travel-du.de\/reiseshop\/produkt\/magnet-koelner-dom\/","og_locale":"de_DE","og_type":"article","og_title":"MUYU Magnet 3D K\u00f6lner Dom Deutschland Souvenir K\u00fchlschrankmagnet 7,3 x 8,2 cm Harz Magnet 1 St\u00fcck Gothic 3D Souvenir &#8211; Reiseshop Travel-du.de","og_description":"K\u00fchlschrankmagnet K\u00f6lner Dom Deutschland Souvenir Gr\u00f6\u00dfe: 7,3 x 8,2 cm; Material: Harz und Magnet Es ist geeignet f\u00fcr Eisen oder jede magnetische Oberfl\u00e4che, nicht nur f\u00fcr den K\u00fchlschrank, verwenden Sie es zur Dekoration von Haus und B\u00fcro, Restaurant, sehr atmosph\u00e4risch und Erinnerungsst\u00fcck","og_url":"https:\/\/travel-du.de\/reiseshop\/produkt\/magnet-koelner-dom\/","og_site_name":"Reiseshop Travel-du.de","article_modified_time":"2025-10-28T16:08:17+00:00","og_image":[{"width":500,"height":500,"url":"https:\/\/travel-du.de\/reiseshop\/wp-content\/uploads\/2025\/10\/MUYU-Magnet-3D-Koelner-Dom-Deutschland-Souvenir-Kuehlschrankmagnet-73-x-82-cm-Harz-Magnet-1-Stueck-Gothic-3D-Souvenir-0.jpg","type":"image\/jpeg"}],"twitter_card":"summary_large_image","twitter_misc":{"Gesch\u00e4tzte Lesezeit":"1\u00a0Minute"},"schema":{"@context":"https:\/\/schema.org","@graph":[{"@type":"WebPage","@id":"https:\/\/travel-du.de\/reiseshop\/produkt\/magnet-koelner-dom\/","url":"https:\/\/travel-du.de\/reiseshop\/produkt\/magnet-koelner-dom\/","name":"MUYU Magnet 3D K\u00f6lner Dom Deutschland Souvenir K\u00fchlschrankmagnet 7,3 x 8,2 cm Harz Magnet 1 St\u00fcck Gothic 3D Souvenir &#8211; Reiseshop Travel-du.de","isPartOf":{"@id":"https:\/\/travel-du.de\/reiseshop\/#website"},"primaryImageOfPage":{"@id":"https:\/\/travel-du.de\/reiseshop\/produkt\/magnet-koelner-dom\/#primaryimage"},"image":{"@id":"https:\/\/travel-du.de\/reiseshop\/produkt\/magnet-koelner-dom\/#primaryimage"},"thumbnailUrl":"https:\/\/travel-du.de\/reiseshop\/wp-content\/uploads\/2025\/10\/MUYU-Magnet-3D-Koelner-Dom-Deutschland-Souvenir-Kuehlschrankmagnet-73-x-82-cm-Harz-Magnet-1-Stueck-Gothic-3D-Souvenir-0.jpg","datePublished":"2025-10-28T11:17:52+00:00","dateModified":"2025-10-28T16:08:17+00:00","breadcrumb":{"@id":"https:\/\/travel-du.de\/reiseshop\/produkt\/magnet-koelner-dom\/#breadcrumb"},"inLanguage":"de","potentialAction":[{"@type":"ReadAction","target":["https:\/\/travel-du.de\/reiseshop\/produkt\/magnet-koelner-dom\/"]}]},{"@type":"ImageObject","inLanguage":"de","@id":"https:\/\/travel-du.de\/reiseshop\/produkt\/magnet-koelner-dom\/#primaryimage","url":"https:\/\/travel-du.de\/reiseshop\/wp-content\/uploads\/2025\/10\/MUYU-Magnet-3D-Koelner-Dom-Deutschland-Souvenir-Kuehlschrankmagnet-73-x-82-cm-Harz-Magnet-1-Stueck-Gothic-3D-Souvenir-0.jpg","contentUrl":"https:\/\/travel-du.de\/reiseshop\/wp-content\/uploads\/2025\/10\/MUYU-Magnet-3D-Koelner-Dom-Deutschland-Souvenir-Kuehlschrankmagnet-73-x-82-cm-Harz-Magnet-1-Stueck-Gothic-3D-Souvenir-0.jpg","width":500,"height":500},{"@type":"BreadcrumbList","@id":"https:\/\/travel-du.de\/reiseshop\/produkt\/magnet-koelner-dom\/#breadcrumb","itemListElement":[{"@type":"ListItem","position":1,"name":"Startseite","item":"https:\/\/travel-du.de\/reiseshop\/"},{"@type":"ListItem","position":2,"name":"Shop","item":"https:\/\/travel-du.de\/reiseshop\/shop\/"},{"@type":"ListItem","position":3,"name":"MUYU Magnet 3D K\u00f6lner Dom Deutschland Souvenir K\u00fchlschrankmagnet 7,3 x 8,2 cm Harz Magnet 1 St\u00fcck Gothic 3D Souvenir"}]},{"@type":"WebSite","@id":"https:\/\/travel-du.de\/reiseshop\/#website","url":"https:\/\/travel-du.de\/reiseshop\/","name":"Reiseshop Travel-du.de","description":"Der Shop f\u00fcr Reisende, Weltenbummler und Abenteurer","potentialAction":[{"@type":"SearchAction","target":{"@type":"EntryPoint","urlTemplate":"https:\/\/travel-du.de\/reiseshop\/?s={search_term_string}"},"query-input":{"@type":"PropertyValueSpecification","valueRequired":true,"valueName":"search_term_string"}}],"inLanguage":"de"}]}},"_links":{"self":[{"href":"https:\/\/travel-du.de\/reiseshop\/wp-json\/wp\/v2\/product\/6413","targetHints":{"allow":["GET"]}}],"collection":[{"href":"https:\/\/travel-du.de\/reiseshop\/wp-json\/wp\/v2\/product"}],"about":[{"href":"https:\/\/travel-du.de\/reiseshop\/wp-json\/wp\/v2\/types\/product"}],"replies":[{"embeddable":true,"href":"https:\/\/travel-du.de\/reiseshop\/wp-json\/wp\/v2\/comments?post=6413"}],"wp:featuredmedia":[{"embeddable":true,"href":"https:\/\/travel-du.de\/reiseshop\/wp-json\/wp\/v2\/media\/6414"}],"wp:attachment":[{"href":"https:\/\/travel-du.de\/reiseshop\/wp-json\/wp\/v2\/media?parent=6413"}],"wp:term":[{"taxonomy":"product_brand","embeddable":true,"href":"https:\/\/travel-du.de\/reiseshop\/wp-json\/wp\/v2\/product_brand?post=6413"},{"taxonomy":"product_cat","embeddable":true,"href":"https:\/\/travel-du.de\/reiseshop\/wp-json\/wp\/v2\/product_cat?post=6413"},{"taxonomy":"product_tag","embeddable":true,"href":"https:\/\/travel-du.de\/reiseshop\/wp-json\/wp\/v2\/product_tag?post=6413"}],"curies":[{"name":"wp","href":"https:\/\/api.w.org\/{rel}","templated":true}]}}