{"id":6406,"date":"2025-10-28T12:17:30","date_gmt":"2025-10-28T11:17:30","guid":{"rendered":"https:\/\/travel-du.de\/reiseshop\/produkt\/kuehlschrank-magnet-deutschland-flagge-mit-adler-starker-halt-foto-magnet-8-x-55-cm-typisches-souvenir\/"},"modified":"2025-10-28T17:08:31","modified_gmt":"2025-10-28T16:08:31","slug":"kuehlschrank-magnet-deutschland","status":"publish","type":"product","link":"https:\/\/travel-du.de\/reiseshop\/produkt\/kuehlschrank-magnet-deutschland\/","title":{"rendered":"K\u00fchlschrank-Magnet Deutschland-Flagge mit Adler | Starker Halt | Foto-Magnet 8 x 5,5 cm | typisches Souvenir"},"content":{"rendered":"<p>K\u00fchlschrankmagnet- holen Sie sich ein typisches Souvenir aus Berlin. Perfekt als Geschenk, als Andenken oder Mitbringsel aus der Hauptstadt von Deutschland.<br \/>\n8 x 5,5 cm gro\u00df und 26 Gramm schwer mit vollfl\u00e4chiger und starker magnetischer R\u00fcckseite- bleibt auch an Ihrem K\u00fchlschrank, wenn Sie die K\u00fchlschrankt\u00fcr ruckartig auf- und zumachen.<br \/>\nEin St\u00fcck farbenfrohes, lebendiges Berlin zum in die Hand nehmen und anfassen- und nat\u00fcrlich auch gut zum sortieren Ihrer Zettel, Notizen oder anbringen Ihrer Urlaubserinnerungen.<br \/>\nHaftet an allen Metall-Oberfl\u00e4chen- White-Board Magnet-Tafeln, K\u00fchlschrank-T\u00fcr\/Tiefk\u00fchltruhe.<br \/>\nDesigned in Berlin, Germany- Unsere Magnete werden durch unser Berliner Grafikteam designed. Sie finden Magnete unserer Marke United1871 \u00fcberall in Souvenir-Gesch\u00e4ften in Berlin-City.<br \/>\n<div class=\"main-cross-sell\" data-asin=\"B085LL1DG4\">\n\n\t<div class=\"WooZone-cross-sell-loader\">\n\t\t<div>\n\t\t\t<div id=\"floatingBarsG\">\n\t\t\t\t<div class=\"blockG\" id=\"rotateG_01\"><\/div>\n\t\t\t\t<div class=\"blockG\" id=\"rotateG_02\"><\/div>\n\t\t\t\t<div class=\"blockG\" id=\"rotateG_03\"><\/div>\n\t\t\t\t<div class=\"blockG\" id=\"rotateG_04\"><\/div>\n\t\t\t\t<div class=\"blockG\" id=\"rotateG_05\"><\/div>\n\t\t\t\t<div class=\"blockG\" id=\"rotateG_06\"><\/div>\n\t\t\t\t<div class=\"blockG\" id=\"rotateG_07\"><\/div>\n\t\t\t\t<div class=\"blockG\" id=\"rotateG_08\"><\/div>\n\t\t\t<\/div>\n\t\t\t<div class=\"WooZone-cross-sell-loader-text\"><\/div>\n\t\t<\/div>\n\t<\/div>\n\n\t\t\n<\/div>\n<div style=\"clear:both;\"><\/div><\/p>\n","protected":false},"excerpt":{"rendered":"<p>K\u00fchlschrankmagnet- holen Sie sich ein typisches Souvenir aus Berlin. Perfekt als Geschenk, als Andenken oder Mitbringsel aus der Hauptstadt von Deutschland.<br \/>\n8 x 5,5 cm gro\u00df und 26 Gramm schwer mit vollfl\u00e4chiger und starker magnetischer R\u00fcckseite- bleibt auch an Ihrem K\u00fchlschrank, wenn Sie die K\u00fchlschrankt\u00fcr ruckartig auf- und zumachen.<br \/>\nEin St\u00fcck farbenfrohes, lebendiges Berlin zum in die Hand nehmen und anfassen- und nat\u00fcrlich auch gut zum sortieren Ihrer Zettel, Notizen oder anbringen Ihrer Urlaubserinnerungen.<\/p>\n","protected":false},"featured_media":6407,"comment_status":"closed","ping_status":"closed","template":"","meta":[],"product_brand":[],"product_cat":[4031,120],"product_tag":[],"class_list":{"0":"post-6406","1":"product","2":"type-product","3":"status-publish","4":"has-post-thumbnail","6":"product_cat-deutschland-geschenkideen","7":"product_cat-reise-geschenke","9":"first","10":"instock","11":"shipping-taxable","12":"product-type-external"},"yoast_head":"<!-- This site is optimized with the Yoast SEO plugin v26.2 - https:\/\/yoast.com\/wordpress\/plugins\/seo\/ -->\n<title>K\u00fchlschrank-Magnet Deutschland-Flagge mit Adler | Starker Halt | Foto-Magnet 8 x 5,5 cm | typisches Souvenir &#8211; Reiseshop Travel-du.de<\/title>\n<meta name=\"robots\" content=\"index, follow, max-snippet:-1, max-image-preview:large, max-video-preview:-1\" \/>\n<link rel=\"canonical\" href=\"https:\/\/travel-du.de\/reiseshop\/produkt\/kuehlschrank-magnet-deutschland\/\" \/>\n<meta property=\"og:locale\" content=\"de_DE\" \/>\n<meta property=\"og:type\" content=\"article\" \/>\n<meta property=\"og:title\" content=\"K\u00fchlschrank-Magnet Deutschland-Flagge mit Adler | Starker Halt | Foto-Magnet 8 x 5,5 cm | typisches Souvenir &#8211; Reiseshop Travel-du.de\" \/>\n<meta property=\"og:description\" content=\"K\u00fchlschrankmagnet- holen Sie sich ein typisches Souvenir aus Berlin. Perfekt als Geschenk, als Andenken oder Mitbringsel aus der Hauptstadt von Deutschland. 8 x 5,5 cm gro\u00df und 26 Gramm schwer mit vollfl\u00e4chiger und starker magnetischer R\u00fcckseite- bleibt auch an Ihrem K\u00fchlschrank, wenn Sie die K\u00fchlschrankt\u00fcr ruckartig auf- und zumachen. Ein St\u00fcck farbenfrohes, lebendiges Berlin zum in die Hand nehmen und anfassen- und nat\u00fcrlich auch gut zum sortieren Ihrer Zettel, Notizen oder anbringen Ihrer Urlaubserinnerungen.\" \/>\n<meta property=\"og:url\" content=\"https:\/\/travel-du.de\/reiseshop\/produkt\/kuehlschrank-magnet-deutschland\/\" \/>\n<meta property=\"og:site_name\" content=\"Reiseshop Travel-du.de\" \/>\n<meta property=\"article:modified_time\" content=\"2025-10-28T16:08:31+00:00\" \/>\n<meta property=\"og:image\" content=\"https:\/\/travel-du.de\/reiseshop\/wp-content\/uploads\/2025\/10\/Kuehlschrank-Magnet-Deutschland-Flagge-mit-Adler-Starker-Halt-Foto-Magnet-8-x-55-cm-typisches-Souvenir-0.jpg\" \/>\n\t<meta property=\"og:image:width\" content=\"500\" \/>\n\t<meta property=\"og:image:height\" content=\"500\" \/>\n\t<meta property=\"og:image:type\" content=\"image\/jpeg\" \/>\n<meta name=\"twitter:card\" content=\"summary_large_image\" \/>\n<meta name=\"twitter:label1\" content=\"Gesch\u00e4tzte Lesezeit\" \/>\n\t<meta name=\"twitter:data1\" content=\"1\u00a0Minute\" \/>\n<script type=\"application\/ld+json\" class=\"yoast-schema-graph\">{\"@context\":\"https:\/\/schema.org\",\"@graph\":[{\"@type\":\"WebPage\",\"@id\":\"https:\/\/travel-du.de\/reiseshop\/produkt\/kuehlschrank-magnet-deutschland\/\",\"url\":\"https:\/\/travel-du.de\/reiseshop\/produkt\/kuehlschrank-magnet-deutschland\/\",\"name\":\"K\u00fchlschrank-Magnet Deutschland-Flagge mit Adler | Starker Halt | Foto-Magnet 8 x 5,5 cm | typisches Souvenir &#8211; Reiseshop Travel-du.de\",\"isPartOf\":{\"@id\":\"https:\/\/travel-du.de\/reiseshop\/#website\"},\"primaryImageOfPage\":{\"@id\":\"https:\/\/travel-du.de\/reiseshop\/produkt\/kuehlschrank-magnet-deutschland\/#primaryimage\"},\"image\":{\"@id\":\"https:\/\/travel-du.de\/reiseshop\/produkt\/kuehlschrank-magnet-deutschland\/#primaryimage\"},\"thumbnailUrl\":\"https:\/\/travel-du.de\/reiseshop\/wp-content\/uploads\/2025\/10\/Kuehlschrank-Magnet-Deutschland-Flagge-mit-Adler-Starker-Halt-Foto-Magnet-8-x-55-cm-typisches-Souvenir-0.jpg\",\"datePublished\":\"2025-10-28T11:17:30+00:00\",\"dateModified\":\"2025-10-28T16:08:31+00:00\",\"breadcrumb\":{\"@id\":\"https:\/\/travel-du.de\/reiseshop\/produkt\/kuehlschrank-magnet-deutschland\/#breadcrumb\"},\"inLanguage\":\"de\",\"potentialAction\":[{\"@type\":\"ReadAction\",\"target\":[\"https:\/\/travel-du.de\/reiseshop\/produkt\/kuehlschrank-magnet-deutschland\/\"]}]},{\"@type\":\"ImageObject\",\"inLanguage\":\"de\",\"@id\":\"https:\/\/travel-du.de\/reiseshop\/produkt\/kuehlschrank-magnet-deutschland\/#primaryimage\",\"url\":\"https:\/\/travel-du.de\/reiseshop\/wp-content\/uploads\/2025\/10\/Kuehlschrank-Magnet-Deutschland-Flagge-mit-Adler-Starker-Halt-Foto-Magnet-8-x-55-cm-typisches-Souvenir-0.jpg\",\"contentUrl\":\"https:\/\/travel-du.de\/reiseshop\/wp-content\/uploads\/2025\/10\/Kuehlschrank-Magnet-Deutschland-Flagge-mit-Adler-Starker-Halt-Foto-Magnet-8-x-55-cm-typisches-Souvenir-0.jpg\",\"width\":500,\"height\":500},{\"@type\":\"BreadcrumbList\",\"@id\":\"https:\/\/travel-du.de\/reiseshop\/produkt\/kuehlschrank-magnet-deutschland\/#breadcrumb\",\"itemListElement\":[{\"@type\":\"ListItem\",\"position\":1,\"name\":\"Startseite\",\"item\":\"https:\/\/travel-du.de\/reiseshop\/\"},{\"@type\":\"ListItem\",\"position\":2,\"name\":\"Shop\",\"item\":\"https:\/\/travel-du.de\/reiseshop\/shop\/\"},{\"@type\":\"ListItem\",\"position\":3,\"name\":\"K\u00fchlschrank-Magnet Deutschland-Flagge mit Adler | Starker Halt | Foto-Magnet 8 x 5,5 cm | typisches Souvenir\"}]},{\"@type\":\"WebSite\",\"@id\":\"https:\/\/travel-du.de\/reiseshop\/#website\",\"url\":\"https:\/\/travel-du.de\/reiseshop\/\",\"name\":\"Reiseshop Travel-du.de\",\"description\":\"Der Shop f\u00fcr Reisende, Weltenbummler und Abenteurer\",\"potentialAction\":[{\"@type\":\"SearchAction\",\"target\":{\"@type\":\"EntryPoint\",\"urlTemplate\":\"https:\/\/travel-du.de\/reiseshop\/?s={search_term_string}\"},\"query-input\":{\"@type\":\"PropertyValueSpecification\",\"valueRequired\":true,\"valueName\":\"search_term_string\"}}],\"inLanguage\":\"de\"}]}<\/script>\n<!-- \/ Yoast SEO plugin. -->","yoast_head_json":{"title":"K\u00fchlschrank-Magnet Deutschland-Flagge mit Adler | Starker Halt | Foto-Magnet 8 x 5,5 cm | typisches Souvenir &#8211; Reiseshop Travel-du.de","robots":{"index":"index","follow":"follow","max-snippet":"max-snippet:-1","max-image-preview":"max-image-preview:large","max-video-preview":"max-video-preview:-1"},"canonical":"https:\/\/travel-du.de\/reiseshop\/produkt\/kuehlschrank-magnet-deutschland\/","og_locale":"de_DE","og_type":"article","og_title":"K\u00fchlschrank-Magnet Deutschland-Flagge mit Adler | Starker Halt | Foto-Magnet 8 x 5,5 cm | typisches Souvenir &#8211; Reiseshop Travel-du.de","og_description":"K\u00fchlschrankmagnet- holen Sie sich ein typisches Souvenir aus Berlin. Perfekt als Geschenk, als Andenken oder Mitbringsel aus der Hauptstadt von Deutschland. 8 x 5,5 cm gro\u00df und 26 Gramm schwer mit vollfl\u00e4chiger und starker magnetischer R\u00fcckseite- bleibt auch an Ihrem K\u00fchlschrank, wenn Sie die K\u00fchlschrankt\u00fcr ruckartig auf- und zumachen. Ein St\u00fcck farbenfrohes, lebendiges Berlin zum in die Hand nehmen und anfassen- und nat\u00fcrlich auch gut zum sortieren Ihrer Zettel, Notizen oder anbringen Ihrer Urlaubserinnerungen.","og_url":"https:\/\/travel-du.de\/reiseshop\/produkt\/kuehlschrank-magnet-deutschland\/","og_site_name":"Reiseshop Travel-du.de","article_modified_time":"2025-10-28T16:08:31+00:00","og_image":[{"width":500,"height":500,"url":"https:\/\/travel-du.de\/reiseshop\/wp-content\/uploads\/2025\/10\/Kuehlschrank-Magnet-Deutschland-Flagge-mit-Adler-Starker-Halt-Foto-Magnet-8-x-55-cm-typisches-Souvenir-0.jpg","type":"image\/jpeg"}],"twitter_card":"summary_large_image","twitter_misc":{"Gesch\u00e4tzte Lesezeit":"1\u00a0Minute"},"schema":{"@context":"https:\/\/schema.org","@graph":[{"@type":"WebPage","@id":"https:\/\/travel-du.de\/reiseshop\/produkt\/kuehlschrank-magnet-deutschland\/","url":"https:\/\/travel-du.de\/reiseshop\/produkt\/kuehlschrank-magnet-deutschland\/","name":"K\u00fchlschrank-Magnet Deutschland-Flagge mit Adler | Starker Halt | Foto-Magnet 8 x 5,5 cm | typisches Souvenir &#8211; Reiseshop Travel-du.de","isPartOf":{"@id":"https:\/\/travel-du.de\/reiseshop\/#website"},"primaryImageOfPage":{"@id":"https:\/\/travel-du.de\/reiseshop\/produkt\/kuehlschrank-magnet-deutschland\/#primaryimage"},"image":{"@id":"https:\/\/travel-du.de\/reiseshop\/produkt\/kuehlschrank-magnet-deutschland\/#primaryimage"},"thumbnailUrl":"https:\/\/travel-du.de\/reiseshop\/wp-content\/uploads\/2025\/10\/Kuehlschrank-Magnet-Deutschland-Flagge-mit-Adler-Starker-Halt-Foto-Magnet-8-x-55-cm-typisches-Souvenir-0.jpg","datePublished":"2025-10-28T11:17:30+00:00","dateModified":"2025-10-28T16:08:31+00:00","breadcrumb":{"@id":"https:\/\/travel-du.de\/reiseshop\/produkt\/kuehlschrank-magnet-deutschland\/#breadcrumb"},"inLanguage":"de","potentialAction":[{"@type":"ReadAction","target":["https:\/\/travel-du.de\/reiseshop\/produkt\/kuehlschrank-magnet-deutschland\/"]}]},{"@type":"ImageObject","inLanguage":"de","@id":"https:\/\/travel-du.de\/reiseshop\/produkt\/kuehlschrank-magnet-deutschland\/#primaryimage","url":"https:\/\/travel-du.de\/reiseshop\/wp-content\/uploads\/2025\/10\/Kuehlschrank-Magnet-Deutschland-Flagge-mit-Adler-Starker-Halt-Foto-Magnet-8-x-55-cm-typisches-Souvenir-0.jpg","contentUrl":"https:\/\/travel-du.de\/reiseshop\/wp-content\/uploads\/2025\/10\/Kuehlschrank-Magnet-Deutschland-Flagge-mit-Adler-Starker-Halt-Foto-Magnet-8-x-55-cm-typisches-Souvenir-0.jpg","width":500,"height":500},{"@type":"BreadcrumbList","@id":"https:\/\/travel-du.de\/reiseshop\/produkt\/kuehlschrank-magnet-deutschland\/#breadcrumb","itemListElement":[{"@type":"ListItem","position":1,"name":"Startseite","item":"https:\/\/travel-du.de\/reiseshop\/"},{"@type":"ListItem","position":2,"name":"Shop","item":"https:\/\/travel-du.de\/reiseshop\/shop\/"},{"@type":"ListItem","position":3,"name":"K\u00fchlschrank-Magnet Deutschland-Flagge mit Adler | Starker Halt | Foto-Magnet 8 x 5,5 cm | typisches Souvenir"}]},{"@type":"WebSite","@id":"https:\/\/travel-du.de\/reiseshop\/#website","url":"https:\/\/travel-du.de\/reiseshop\/","name":"Reiseshop Travel-du.de","description":"Der Shop f\u00fcr Reisende, Weltenbummler und Abenteurer","potentialAction":[{"@type":"SearchAction","target":{"@type":"EntryPoint","urlTemplate":"https:\/\/travel-du.de\/reiseshop\/?s={search_term_string}"},"query-input":{"@type":"PropertyValueSpecification","valueRequired":true,"valueName":"search_term_string"}}],"inLanguage":"de"}]}},"_links":{"self":[{"href":"https:\/\/travel-du.de\/reiseshop\/wp-json\/wp\/v2\/product\/6406","targetHints":{"allow":["GET"]}}],"collection":[{"href":"https:\/\/travel-du.de\/reiseshop\/wp-json\/wp\/v2\/product"}],"about":[{"href":"https:\/\/travel-du.de\/reiseshop\/wp-json\/wp\/v2\/types\/product"}],"replies":[{"embeddable":true,"href":"https:\/\/travel-du.de\/reiseshop\/wp-json\/wp\/v2\/comments?post=6406"}],"wp:featuredmedia":[{"embeddable":true,"href":"https:\/\/travel-du.de\/reiseshop\/wp-json\/wp\/v2\/media\/6407"}],"wp:attachment":[{"href":"https:\/\/travel-du.de\/reiseshop\/wp-json\/wp\/v2\/media?parent=6406"}],"wp:term":[{"taxonomy":"product_brand","embeddable":true,"href":"https:\/\/travel-du.de\/reiseshop\/wp-json\/wp\/v2\/product_brand?post=6406"},{"taxonomy":"product_cat","embeddable":true,"href":"https:\/\/travel-du.de\/reiseshop\/wp-json\/wp\/v2\/product_cat?post=6406"},{"taxonomy":"product_tag","embeddable":true,"href":"https:\/\/travel-du.de\/reiseshop\/wp-json\/wp\/v2\/product_tag?post=6406"}],"curies":[{"name":"wp","href":"https:\/\/api.w.org\/{rel}","templated":true}]}}