{"id":6308,"date":"2025-10-28T12:13:06","date_gmt":"2025-10-28T11:13:06","guid":{"rendered":"https:\/\/travel-du.de\/reiseshop\/produkt\/em-fanartikel-deutschland-fussball-em-fanartikel-2-stueck-sonnenbrille-mit-deutschland-design-deutschland-brille-sonnenbrille-deutschland-fanartikel-fuer-em-deutschland-fan-deutschland\/"},"modified":"2025-10-28T17:10:55","modified_gmt":"2025-10-28T16:10:55","slug":"deutschland-sonnenbrille","status":"publish","type":"product","link":"https:\/\/travel-du.de\/reiseshop\/produkt\/deutschland-sonnenbrille\/","title":{"rendered":"Deutschland Sonnenbrille"},"content":{"rendered":"<p>[ STRAHLENDE FARBEN ] &#8211; Erleben Sie die Brillanz von Schwarz, Rot und Gold! Unsere sonnenbrille spiegeln die leuchtenden Farben der deutschen Flagge perfekt wider und lassen Sie stilvoll strahlen.<br \/>\n[ INSPIRIERTES DESIGN ] &#8211; Unser deutschland fanartikel ist exquisit gestaltet und zeigt die perfekte Anordnung der Farben auf der deutschen Flagge. Zeigen Sie Ihren Nationalstolz mit dieser stylischen Sonnenbrille.<br \/>\n[ VIELSEITIGE STYLING-M\u00d6GLICHKEITEN ] &#8211; Egal ob beim Public Viewing, auf Fanpartys oder im Stadion &#8211; unsere em fanartikel deutschland ist das ideale Accessoire f\u00fcr jedes Outfit und jeden Anlass. Seien Sie modisch und zeigen Sie Ihre Unterst\u00fctzung f\u00fcr Deutschland.<br \/>\n[ UNVERGESSLICHE FAN-FOTOS ] &#8211; Diese fussball em fanartikel ist nicht nur ein Schutz f\u00fcr Ihre Augen, sondern auch perfekt f\u00fcr fantastische Erinnerungsfotos geeignet. Werden Sie zum Star auf den Fan-Fotos und fangen Sie den Geist des Spiels stilvoll ein.<br \/>\n[ KOMFORTABLES UND LEICHTES DESIGN ] &#8211; Genie\u00dfen Sie stundenlangen Komfort! Unsere em fanartikel wurde leicht und ergonomisch geformt, sodass Sie sich voll und ganz auf das Spiel konzentrieren k\u00f6nnen, ohne dabei auf Stil verzichten zu m\u00fcssen. Sehen Sie modisch aus und unterst\u00fctzen Sie Deutschland mit unserer Deutschland-Sonnenbrille.<br \/>\n<div class=\"main-cross-sell\" data-asin=\"B0D4YXLVQH\">\n\n\t<div class=\"WooZone-cross-sell-loader\">\n\t\t<div>\n\t\t\t<div id=\"floatingBarsG\">\n\t\t\t\t<div class=\"blockG\" id=\"rotateG_01\"><\/div>\n\t\t\t\t<div class=\"blockG\" id=\"rotateG_02\"><\/div>\n\t\t\t\t<div class=\"blockG\" id=\"rotateG_03\"><\/div>\n\t\t\t\t<div class=\"blockG\" id=\"rotateG_04\"><\/div>\n\t\t\t\t<div class=\"blockG\" id=\"rotateG_05\"><\/div>\n\t\t\t\t<div class=\"blockG\" id=\"rotateG_06\"><\/div>\n\t\t\t\t<div class=\"blockG\" id=\"rotateG_07\"><\/div>\n\t\t\t\t<div class=\"blockG\" id=\"rotateG_08\"><\/div>\n\t\t\t<\/div>\n\t\t\t<div class=\"WooZone-cross-sell-loader-text\"><\/div>\n\t\t<\/div>\n\t<\/div>\n\n\t\t\n<\/div>\n<div style=\"clear:both;\"><\/div><\/p>\n","protected":false},"excerpt":{"rendered":"<p>[ STRAHLENDE FARBEN ] &#8211; Erleben Sie die Brillanz von Schwarz, Rot und Gold! Unsere sonnenbrille spiegeln die leuchtenden Farben der deutschen Flagge perfekt wider und lassen Sie stilvoll strahlen.<br \/>\n[ INSPIRIERTES DESIGN ] &#8211; Unser deutschland fanartikel ist exquisit gestaltet und zeigt die perfekte Anordnung der Farben auf der deutschen Flagge. Zeigen Sie Ihren Nationalstolz mit dieser stylischen Sonnenbrille.<br \/>\n[ VIELSEITIGE STYLING-M\u00d6GLICHKEITEN ] &#8211; Egal ob beim Public Viewing, auf Fanpartys oder im Stadion &#8211; unsere em fanartikel deutschland ist das ideale Accessoire f\u00fcr jedes Outfit und jeden Anlass. Seien Sie modisch und zeigen Sie Ihre Unterst\u00fctzung f\u00fcr Deutschland.<\/p>\n","protected":false},"featured_media":6309,"comment_status":"closed","ping_status":"closed","template":"","meta":[],"product_brand":[],"product_cat":[4031,120],"product_tag":[],"class_list":{"0":"post-6308","1":"product","2":"type-product","3":"status-publish","4":"has-post-thumbnail","6":"product_cat-deutschland-geschenkideen","7":"product_cat-reise-geschenke","9":"first","10":"instock","11":"shipping-taxable","12":"product-type-external"},"yoast_head":"<!-- This site is optimized with the Yoast SEO plugin v27.4 - https:\/\/yoast.com\/product\/yoast-seo-wordpress\/ -->\n<title>Deutschland Sonnenbrille &#8211; Reiseshop Travel-du.de<\/title>\n<meta name=\"robots\" content=\"index, follow, max-snippet:-1, max-image-preview:large, max-video-preview:-1\" \/>\n<link rel=\"canonical\" href=\"https:\/\/travel-du.de\/reiseshop\/produkt\/deutschland-sonnenbrille\/\" \/>\n<meta property=\"og:locale\" content=\"de_DE\" \/>\n<meta property=\"og:type\" content=\"article\" \/>\n<meta property=\"og:title\" content=\"Deutschland Sonnenbrille &#8211; Reiseshop Travel-du.de\" \/>\n<meta property=\"og:description\" content=\"[ STRAHLENDE FARBEN ] - Erleben Sie die Brillanz von Schwarz, Rot und Gold! Unsere sonnenbrille spiegeln die leuchtenden Farben der deutschen Flagge perfekt wider und lassen Sie stilvoll strahlen. [ INSPIRIERTES DESIGN ] - Unser deutschland fanartikel ist exquisit gestaltet und zeigt die perfekte Anordnung der Farben auf der deutschen Flagge. Zeigen Sie Ihren Nationalstolz mit dieser stylischen Sonnenbrille. [ VIELSEITIGE STYLING-M\u00d6GLICHKEITEN ] - Egal ob beim Public Viewing, auf Fanpartys oder im Stadion - unsere em fanartikel deutschland ist das ideale Accessoire f\u00fcr jedes Outfit und jeden Anlass. Seien Sie modisch und zeigen Sie Ihre Unterst\u00fctzung f\u00fcr Deutschland.\" \/>\n<meta property=\"og:url\" content=\"https:\/\/travel-du.de\/reiseshop\/produkt\/deutschland-sonnenbrille\/\" \/>\n<meta property=\"og:site_name\" content=\"Reiseshop Travel-du.de\" \/>\n<meta property=\"article:modified_time\" content=\"2025-10-28T16:10:55+00:00\" \/>\n<meta property=\"og:image\" content=\"https:\/\/travel-du.de\/reiseshop\/wp-content\/uploads\/2025\/10\/Em-Fanartikel-Deutschland-Fussball-Em-Fanartikel-2-Stueck-Sonnenbrille-mit-Deutschland-Design-Deutschland-Brille-Sonnenbrille-Deutschland-Fanartikel-fuer-Em-Deutschland-Fan-Deutschland-0.jpg\" \/>\n\t<meta property=\"og:image:width\" content=\"500\" \/>\n\t<meta property=\"og:image:height\" content=\"500\" \/>\n\t<meta property=\"og:image:type\" content=\"image\/jpeg\" \/>\n<meta name=\"twitter:card\" content=\"summary_large_image\" \/>\n<meta name=\"twitter:label1\" content=\"Gesch\u00e4tzte Lesezeit\" \/>\n\t<meta name=\"twitter:data1\" content=\"1\u00a0Minute\" \/>\n<script type=\"application\/ld+json\" class=\"yoast-schema-graph\">{\"@context\":\"https:\\\/\\\/schema.org\",\"@graph\":[{\"@type\":\"WebPage\",\"@id\":\"https:\\\/\\\/travel-du.de\\\/reiseshop\\\/produkt\\\/deutschland-sonnenbrille\\\/\",\"url\":\"https:\\\/\\\/travel-du.de\\\/reiseshop\\\/produkt\\\/deutschland-sonnenbrille\\\/\",\"name\":\"Deutschland Sonnenbrille &#8211; Reiseshop Travel-du.de\",\"isPartOf\":{\"@id\":\"https:\\\/\\\/travel-du.de\\\/reiseshop\\\/#website\"},\"primaryImageOfPage\":{\"@id\":\"https:\\\/\\\/travel-du.de\\\/reiseshop\\\/produkt\\\/deutschland-sonnenbrille\\\/#primaryimage\"},\"image\":{\"@id\":\"https:\\\/\\\/travel-du.de\\\/reiseshop\\\/produkt\\\/deutschland-sonnenbrille\\\/#primaryimage\"},\"thumbnailUrl\":\"https:\\\/\\\/travel-du.de\\\/reiseshop\\\/wp-content\\\/uploads\\\/2025\\\/10\\\/Em-Fanartikel-Deutschland-Fussball-Em-Fanartikel-2-Stueck-Sonnenbrille-mit-Deutschland-Design-Deutschland-Brille-Sonnenbrille-Deutschland-Fanartikel-fuer-Em-Deutschland-Fan-Deutschland-0.jpg\",\"datePublished\":\"2025-10-28T11:13:06+00:00\",\"dateModified\":\"2025-10-28T16:10:55+00:00\",\"breadcrumb\":{\"@id\":\"https:\\\/\\\/travel-du.de\\\/reiseshop\\\/produkt\\\/deutschland-sonnenbrille\\\/#breadcrumb\"},\"inLanguage\":\"de\",\"potentialAction\":[{\"@type\":\"ReadAction\",\"target\":[\"https:\\\/\\\/travel-du.de\\\/reiseshop\\\/produkt\\\/deutschland-sonnenbrille\\\/\"]}]},{\"@type\":\"ImageObject\",\"inLanguage\":\"de\",\"@id\":\"https:\\\/\\\/travel-du.de\\\/reiseshop\\\/produkt\\\/deutschland-sonnenbrille\\\/#primaryimage\",\"url\":\"https:\\\/\\\/travel-du.de\\\/reiseshop\\\/wp-content\\\/uploads\\\/2025\\\/10\\\/Em-Fanartikel-Deutschland-Fussball-Em-Fanartikel-2-Stueck-Sonnenbrille-mit-Deutschland-Design-Deutschland-Brille-Sonnenbrille-Deutschland-Fanartikel-fuer-Em-Deutschland-Fan-Deutschland-0.jpg\",\"contentUrl\":\"https:\\\/\\\/travel-du.de\\\/reiseshop\\\/wp-content\\\/uploads\\\/2025\\\/10\\\/Em-Fanartikel-Deutschland-Fussball-Em-Fanartikel-2-Stueck-Sonnenbrille-mit-Deutschland-Design-Deutschland-Brille-Sonnenbrille-Deutschland-Fanartikel-fuer-Em-Deutschland-Fan-Deutschland-0.jpg\",\"width\":500,\"height\":500},{\"@type\":\"BreadcrumbList\",\"@id\":\"https:\\\/\\\/travel-du.de\\\/reiseshop\\\/produkt\\\/deutschland-sonnenbrille\\\/#breadcrumb\",\"itemListElement\":[{\"@type\":\"ListItem\",\"position\":1,\"name\":\"Startseite\",\"item\":\"https:\\\/\\\/travel-du.de\\\/reiseshop\\\/\"},{\"@type\":\"ListItem\",\"position\":2,\"name\":\"Shop\",\"item\":\"https:\\\/\\\/travel-du.de\\\/reiseshop\\\/shop\\\/\"},{\"@type\":\"ListItem\",\"position\":3,\"name\":\"Deutschland Sonnenbrille\"}]},{\"@type\":\"WebSite\",\"@id\":\"https:\\\/\\\/travel-du.de\\\/reiseshop\\\/#website\",\"url\":\"https:\\\/\\\/travel-du.de\\\/reiseshop\\\/\",\"name\":\"Reiseshop Travel-du.de\",\"description\":\"Der Shop f\u00fcr Reisende, Weltenbummler und Abenteurer\",\"potentialAction\":[{\"@type\":\"SearchAction\",\"target\":{\"@type\":\"EntryPoint\",\"urlTemplate\":\"https:\\\/\\\/travel-du.de\\\/reiseshop\\\/?s={search_term_string}\"},\"query-input\":{\"@type\":\"PropertyValueSpecification\",\"valueRequired\":true,\"valueName\":\"search_term_string\"}}],\"inLanguage\":\"de\"}]}<\/script>\n<!-- \/ Yoast SEO plugin. -->","yoast_head_json":{"title":"Deutschland Sonnenbrille &#8211; Reiseshop Travel-du.de","robots":{"index":"index","follow":"follow","max-snippet":"max-snippet:-1","max-image-preview":"max-image-preview:large","max-video-preview":"max-video-preview:-1"},"canonical":"https:\/\/travel-du.de\/reiseshop\/produkt\/deutschland-sonnenbrille\/","og_locale":"de_DE","og_type":"article","og_title":"Deutschland Sonnenbrille &#8211; Reiseshop Travel-du.de","og_description":"[ STRAHLENDE FARBEN ] - Erleben Sie die Brillanz von Schwarz, Rot und Gold! Unsere sonnenbrille spiegeln die leuchtenden Farben der deutschen Flagge perfekt wider und lassen Sie stilvoll strahlen. [ INSPIRIERTES DESIGN ] - Unser deutschland fanartikel ist exquisit gestaltet und zeigt die perfekte Anordnung der Farben auf der deutschen Flagge. Zeigen Sie Ihren Nationalstolz mit dieser stylischen Sonnenbrille. [ VIELSEITIGE STYLING-M\u00d6GLICHKEITEN ] - Egal ob beim Public Viewing, auf Fanpartys oder im Stadion - unsere em fanartikel deutschland ist das ideale Accessoire f\u00fcr jedes Outfit und jeden Anlass. Seien Sie modisch und zeigen Sie Ihre Unterst\u00fctzung f\u00fcr Deutschland.","og_url":"https:\/\/travel-du.de\/reiseshop\/produkt\/deutschland-sonnenbrille\/","og_site_name":"Reiseshop Travel-du.de","article_modified_time":"2025-10-28T16:10:55+00:00","og_image":[{"width":500,"height":500,"url":"https:\/\/travel-du.de\/reiseshop\/wp-content\/uploads\/2025\/10\/Em-Fanartikel-Deutschland-Fussball-Em-Fanartikel-2-Stueck-Sonnenbrille-mit-Deutschland-Design-Deutschland-Brille-Sonnenbrille-Deutschland-Fanartikel-fuer-Em-Deutschland-Fan-Deutschland-0.jpg","type":"image\/jpeg"}],"twitter_card":"summary_large_image","twitter_misc":{"Gesch\u00e4tzte Lesezeit":"1\u00a0Minute"},"schema":{"@context":"https:\/\/schema.org","@graph":[{"@type":"WebPage","@id":"https:\/\/travel-du.de\/reiseshop\/produkt\/deutschland-sonnenbrille\/","url":"https:\/\/travel-du.de\/reiseshop\/produkt\/deutschland-sonnenbrille\/","name":"Deutschland Sonnenbrille &#8211; Reiseshop Travel-du.de","isPartOf":{"@id":"https:\/\/travel-du.de\/reiseshop\/#website"},"primaryImageOfPage":{"@id":"https:\/\/travel-du.de\/reiseshop\/produkt\/deutschland-sonnenbrille\/#primaryimage"},"image":{"@id":"https:\/\/travel-du.de\/reiseshop\/produkt\/deutschland-sonnenbrille\/#primaryimage"},"thumbnailUrl":"https:\/\/travel-du.de\/reiseshop\/wp-content\/uploads\/2025\/10\/Em-Fanartikel-Deutschland-Fussball-Em-Fanartikel-2-Stueck-Sonnenbrille-mit-Deutschland-Design-Deutschland-Brille-Sonnenbrille-Deutschland-Fanartikel-fuer-Em-Deutschland-Fan-Deutschland-0.jpg","datePublished":"2025-10-28T11:13:06+00:00","dateModified":"2025-10-28T16:10:55+00:00","breadcrumb":{"@id":"https:\/\/travel-du.de\/reiseshop\/produkt\/deutschland-sonnenbrille\/#breadcrumb"},"inLanguage":"de","potentialAction":[{"@type":"ReadAction","target":["https:\/\/travel-du.de\/reiseshop\/produkt\/deutschland-sonnenbrille\/"]}]},{"@type":"ImageObject","inLanguage":"de","@id":"https:\/\/travel-du.de\/reiseshop\/produkt\/deutschland-sonnenbrille\/#primaryimage","url":"https:\/\/travel-du.de\/reiseshop\/wp-content\/uploads\/2025\/10\/Em-Fanartikel-Deutschland-Fussball-Em-Fanartikel-2-Stueck-Sonnenbrille-mit-Deutschland-Design-Deutschland-Brille-Sonnenbrille-Deutschland-Fanartikel-fuer-Em-Deutschland-Fan-Deutschland-0.jpg","contentUrl":"https:\/\/travel-du.de\/reiseshop\/wp-content\/uploads\/2025\/10\/Em-Fanartikel-Deutschland-Fussball-Em-Fanartikel-2-Stueck-Sonnenbrille-mit-Deutschland-Design-Deutschland-Brille-Sonnenbrille-Deutschland-Fanartikel-fuer-Em-Deutschland-Fan-Deutschland-0.jpg","width":500,"height":500},{"@type":"BreadcrumbList","@id":"https:\/\/travel-du.de\/reiseshop\/produkt\/deutschland-sonnenbrille\/#breadcrumb","itemListElement":[{"@type":"ListItem","position":1,"name":"Startseite","item":"https:\/\/travel-du.de\/reiseshop\/"},{"@type":"ListItem","position":2,"name":"Shop","item":"https:\/\/travel-du.de\/reiseshop\/shop\/"},{"@type":"ListItem","position":3,"name":"Deutschland Sonnenbrille"}]},{"@type":"WebSite","@id":"https:\/\/travel-du.de\/reiseshop\/#website","url":"https:\/\/travel-du.de\/reiseshop\/","name":"Reiseshop Travel-du.de","description":"Der Shop f\u00fcr Reisende, Weltenbummler und Abenteurer","potentialAction":[{"@type":"SearchAction","target":{"@type":"EntryPoint","urlTemplate":"https:\/\/travel-du.de\/reiseshop\/?s={search_term_string}"},"query-input":{"@type":"PropertyValueSpecification","valueRequired":true,"valueName":"search_term_string"}}],"inLanguage":"de"}]}},"_links":{"self":[{"href":"https:\/\/travel-du.de\/reiseshop\/wp-json\/wp\/v2\/product\/6308","targetHints":{"allow":["GET"]}}],"collection":[{"href":"https:\/\/travel-du.de\/reiseshop\/wp-json\/wp\/v2\/product"}],"about":[{"href":"https:\/\/travel-du.de\/reiseshop\/wp-json\/wp\/v2\/types\/product"}],"replies":[{"embeddable":true,"href":"https:\/\/travel-du.de\/reiseshop\/wp-json\/wp\/v2\/comments?post=6308"}],"wp:featuredmedia":[{"embeddable":true,"href":"https:\/\/travel-du.de\/reiseshop\/wp-json\/wp\/v2\/media\/6309"}],"wp:attachment":[{"href":"https:\/\/travel-du.de\/reiseshop\/wp-json\/wp\/v2\/media?parent=6308"}],"wp:term":[{"taxonomy":"product_brand","embeddable":true,"href":"https:\/\/travel-du.de\/reiseshop\/wp-json\/wp\/v2\/product_brand?post=6308"},{"taxonomy":"product_cat","embeddable":true,"href":"https:\/\/travel-du.de\/reiseshop\/wp-json\/wp\/v2\/product_cat?post=6308"},{"taxonomy":"product_tag","embeddable":true,"href":"https:\/\/travel-du.de\/reiseshop\/wp-json\/wp\/v2\/product_tag?post=6308"}],"curies":[{"name":"wp","href":"https:\/\/api.w.org\/{rel}","templated":true}]}}