{"id":6249,"date":"2025-10-28T12:10:31","date_gmt":"2025-10-28T11:10:31","guid":{"rendered":"https:\/\/travel-du.de\/reiseshop\/produkt\/24x-bier-geschenkbox-geschenke-mit-bieren-welt-und-deutschland-bier-geschenk-fuer-maenner\/"},"modified":"2025-10-28T17:12:13","modified_gmt":"2025-10-28T16:12:13","slug":"24x-bier-geschenkbox","status":"publish","type":"product","link":"https:\/\/travel-du.de\/reiseshop\/produkt\/24x-bier-geschenkbox\/","title":{"rendered":"24x Bier Geschenkbox"},"content":{"rendered":"<p>9x internationale Spitzenbiere renommierter Brauereien der ganzen Welt + Geschenkkarton in edler Holzoptik (wiederverschlie\u00dfbar) + 6 Geschenkkarten + 3 personalisierbare Urkunden + Bierbewertungsbogen + Bierbuch (A6, 104 Seiten) mit interessanten Infos: Wissenswertes zu den Bieren im Set, Gl\u00e4serkunde, Bierspiele,&#8230;<br \/>\n9 BIERE DER WELT IM GESCHENKKARTON: CARIB Caribbean Lager Pale Lager (), Tsingtao (CHINA), Staropramen, Saigon Export (VIETNAM), Cobra Premium Beer (INDIEN), Rauchbier Craft Beer (DE), Breznak Schwarzbier (CZ), San Miguel Premium Especial Original Lager Beer (ES), Quilmes (ARGENTINIEN), \u2026 inkl. anlassbezogener Geschenkverpackung. Einzelne Biere k\u00f6nnen durch gleichwertige Sorten ersetzt werden<br \/>\nBIERBUCH: Buch im handlichen A6 Format (104 Seiten) mit Vorstellung verschiedenster Biere. Dazu jede Menge interessante Infos im Bierbuch: Wie wird Bier hergestellt? Welches Glas f\u00fcr welche Sorte Bier? Wie prostet man in anderen L\u00e4ndern? Dazu beliebte Bierspiel-Anleitungen. Au\u00dferdem ausgefallene Bier-Geschenk-Tipps &#8211; Wie w\u00e4re es z.B. mit einer \u00dcbernachtung im Bierfass? Mit Bierbewertungsbogen zum Verkosten der Biere in diesem Biergeschenk<br \/>\nAus Funk &#038; TV bekannte Geschenkpakete +++ Mehr als 500.000 zufriedene Kunden +++ Geschenkfertige Verpackungen<br \/>\n<div class=\"main-cross-sell\" data-asin=\"B01JDH33C2\">\n\n\t<div class=\"WooZone-cross-sell-loader\">\n\t\t<div>\n\t\t\t<div id=\"floatingBarsG\">\n\t\t\t\t<div class=\"blockG\" id=\"rotateG_01\"><\/div>\n\t\t\t\t<div class=\"blockG\" id=\"rotateG_02\"><\/div>\n\t\t\t\t<div class=\"blockG\" id=\"rotateG_03\"><\/div>\n\t\t\t\t<div class=\"blockG\" id=\"rotateG_04\"><\/div>\n\t\t\t\t<div class=\"blockG\" id=\"rotateG_05\"><\/div>\n\t\t\t\t<div class=\"blockG\" id=\"rotateG_06\"><\/div>\n\t\t\t\t<div class=\"blockG\" id=\"rotateG_07\"><\/div>\n\t\t\t\t<div class=\"blockG\" id=\"rotateG_08\"><\/div>\n\t\t\t<\/div>\n\t\t\t<div class=\"WooZone-cross-sell-loader-text\"><\/div>\n\t\t<\/div>\n\t<\/div>\n\n\t\t\n<\/div>\n<div style=\"clear:both;\"><\/div><\/p>\n","protected":false},"excerpt":{"rendered":"<p>9x internationale Spitzenbiere renommierter Brauereien der ganzen Welt + Geschenkkarton in edler Holzoptik (wiederverschlie\u00dfbar) + 6 Geschenkkarten + 3 personalisierbare Urkunden + Bierbewertungsbogen + Bierbuch (A6, 104 Seiten) mit interessanten Infos: Wissenswertes zu den Bieren im Set, Gl\u00e4serkunde, Bierspiele,&#8230;<br \/>\n9 BIERE DER WELT IM GESCHENKKARTON: CARIB Caribbean Lager Pale Lager (), Tsingtao (CHINA), Staropramen, Saigon Export (VIETNAM), Cobra Premium Beer (INDIEN), Rauchbier Craft Beer (DE), Breznak Schwarzbier (CZ), San Miguel Premium Especial Original Lager Beer (ES), Quilmes (ARGENTINIEN), \u2026 inkl. anlassbezogener Geschenkverpackung. Einzelne Biere k\u00f6nnen durch gleichwertige Sorten ersetzt werden<br \/>\nBIERBUCH: Buch im handlichen A6 Format (104 Seiten) mit Vorstellung verschiedenster Biere. Dazu jede Menge interessante Infos im Bierbuch: Wie wird Bier hergestellt? Welches Glas f\u00fcr welche Sorte Bier? Wie prostet man in anderen L\u00e4ndern? Dazu beliebte Bierspiel-Anleitungen. Au\u00dferdem ausgefallene Bier-Geschenk-Tipps &#8211; Wie w\u00e4re es z.B. mit einer \u00dcbernachtung im Bierfass? Mit Bierbewertungsbogen zum Verkosten der Biere in diesem Biergeschenk<\/p>\n","protected":false},"featured_media":6252,"comment_status":"closed","ping_status":"closed","template":"","meta":[],"product_brand":[],"product_cat":[4031,120],"product_tag":[],"class_list":{"0":"post-6249","1":"product","2":"type-product","3":"status-publish","4":"has-post-thumbnail","6":"product_cat-deutschland-geschenkideen","7":"product_cat-reise-geschenke","9":"first","10":"instock","11":"shipping-taxable","12":"product-type-external"},"yoast_head":"<!-- This site is optimized with the Yoast SEO plugin v26.2 - https:\/\/yoast.com\/wordpress\/plugins\/seo\/ -->\n<title>24x Bier Geschenkbox &#8211; Reiseshop Travel-du.de<\/title>\n<meta name=\"robots\" content=\"index, follow, max-snippet:-1, max-image-preview:large, max-video-preview:-1\" \/>\n<link rel=\"canonical\" href=\"https:\/\/travel-du.de\/reiseshop\/produkt\/24x-bier-geschenkbox\/\" \/>\n<meta property=\"og:locale\" content=\"de_DE\" \/>\n<meta property=\"og:type\" content=\"article\" \/>\n<meta property=\"og:title\" content=\"24x Bier Geschenkbox &#8211; Reiseshop Travel-du.de\" \/>\n<meta property=\"og:description\" content=\"9x internationale Spitzenbiere renommierter Brauereien der ganzen Welt + Geschenkkarton in edler Holzoptik (wiederverschlie\u00dfbar) + 6 Geschenkkarten + 3 personalisierbare Urkunden + Bierbewertungsbogen + Bierbuch (A6, 104 Seiten) mit interessanten Infos: Wissenswertes zu den Bieren im Set, Gl\u00e4serkunde, Bierspiele,... 9 BIERE DER WELT IM GESCHENKKARTON: CARIB Caribbean Lager Pale Lager (), Tsingtao (CHINA), Staropramen, Saigon Export (VIETNAM), Cobra Premium Beer (INDIEN), Rauchbier Craft Beer (DE), Breznak Schwarzbier (CZ), San Miguel Premium Especial Original Lager Beer (ES), Quilmes (ARGENTINIEN), \u2026 inkl. anlassbezogener Geschenkverpackung. Einzelne Biere k\u00f6nnen durch gleichwertige Sorten ersetzt werden BIERBUCH: Buch im handlichen A6 Format (104 Seiten) mit Vorstellung verschiedenster Biere. Dazu jede Menge interessante Infos im Bierbuch: Wie wird Bier hergestellt? Welches Glas f\u00fcr welche Sorte Bier? Wie prostet man in anderen L\u00e4ndern? Dazu beliebte Bierspiel-Anleitungen. Au\u00dferdem ausgefallene Bier-Geschenk-Tipps - Wie w\u00e4re es z.B. mit einer \u00dcbernachtung im Bierfass? Mit Bierbewertungsbogen zum Verkosten der Biere in diesem Biergeschenk\" \/>\n<meta property=\"og:url\" content=\"https:\/\/travel-du.de\/reiseshop\/produkt\/24x-bier-geschenkbox\/\" \/>\n<meta property=\"og:site_name\" content=\"Reiseshop Travel-du.de\" \/>\n<meta property=\"article:modified_time\" content=\"2025-10-28T16:12:13+00:00\" \/>\n<meta property=\"og:image\" content=\"https:\/\/travel-du.de\/reiseshop\/wp-content\/uploads\/2025\/10\/24x-Bier-Geschenkbox-Geschenke-mit-Bieren-Welt-und-Deutschland-Bier-Geschenk-fuer-Maenner-0.jpg\" \/>\n\t<meta property=\"og:image:width\" content=\"500\" \/>\n\t<meta property=\"og:image:height\" content=\"500\" \/>\n\t<meta property=\"og:image:type\" content=\"image\/jpeg\" \/>\n<meta name=\"twitter:card\" content=\"summary_large_image\" \/>\n<meta name=\"twitter:label1\" content=\"Gesch\u00e4tzte Lesezeit\" \/>\n\t<meta name=\"twitter:data1\" content=\"1\u00a0Minute\" \/>\n<script type=\"application\/ld+json\" class=\"yoast-schema-graph\">{\"@context\":\"https:\/\/schema.org\",\"@graph\":[{\"@type\":\"WebPage\",\"@id\":\"https:\/\/travel-du.de\/reiseshop\/produkt\/24x-bier-geschenkbox\/\",\"url\":\"https:\/\/travel-du.de\/reiseshop\/produkt\/24x-bier-geschenkbox\/\",\"name\":\"24x Bier Geschenkbox &#8211; Reiseshop Travel-du.de\",\"isPartOf\":{\"@id\":\"https:\/\/travel-du.de\/reiseshop\/#website\"},\"primaryImageOfPage\":{\"@id\":\"https:\/\/travel-du.de\/reiseshop\/produkt\/24x-bier-geschenkbox\/#primaryimage\"},\"image\":{\"@id\":\"https:\/\/travel-du.de\/reiseshop\/produkt\/24x-bier-geschenkbox\/#primaryimage\"},\"thumbnailUrl\":\"https:\/\/travel-du.de\/reiseshop\/wp-content\/uploads\/2025\/10\/24x-Bier-Geschenkbox-Geschenke-mit-Bieren-Welt-und-Deutschland-Bier-Geschenk-fuer-Maenner-0.jpg\",\"datePublished\":\"2025-10-28T11:10:31+00:00\",\"dateModified\":\"2025-10-28T16:12:13+00:00\",\"breadcrumb\":{\"@id\":\"https:\/\/travel-du.de\/reiseshop\/produkt\/24x-bier-geschenkbox\/#breadcrumb\"},\"inLanguage\":\"de\",\"potentialAction\":[{\"@type\":\"ReadAction\",\"target\":[\"https:\/\/travel-du.de\/reiseshop\/produkt\/24x-bier-geschenkbox\/\"]}]},{\"@type\":\"ImageObject\",\"inLanguage\":\"de\",\"@id\":\"https:\/\/travel-du.de\/reiseshop\/produkt\/24x-bier-geschenkbox\/#primaryimage\",\"url\":\"https:\/\/travel-du.de\/reiseshop\/wp-content\/uploads\/2025\/10\/24x-Bier-Geschenkbox-Geschenke-mit-Bieren-Welt-und-Deutschland-Bier-Geschenk-fuer-Maenner-0.jpg\",\"contentUrl\":\"https:\/\/travel-du.de\/reiseshop\/wp-content\/uploads\/2025\/10\/24x-Bier-Geschenkbox-Geschenke-mit-Bieren-Welt-und-Deutschland-Bier-Geschenk-fuer-Maenner-0.jpg\",\"width\":500,\"height\":500},{\"@type\":\"BreadcrumbList\",\"@id\":\"https:\/\/travel-du.de\/reiseshop\/produkt\/24x-bier-geschenkbox\/#breadcrumb\",\"itemListElement\":[{\"@type\":\"ListItem\",\"position\":1,\"name\":\"Startseite\",\"item\":\"https:\/\/travel-du.de\/reiseshop\/\"},{\"@type\":\"ListItem\",\"position\":2,\"name\":\"Shop\",\"item\":\"https:\/\/travel-du.de\/reiseshop\/shop\/\"},{\"@type\":\"ListItem\",\"position\":3,\"name\":\"24x Bier Geschenkbox\"}]},{\"@type\":\"WebSite\",\"@id\":\"https:\/\/travel-du.de\/reiseshop\/#website\",\"url\":\"https:\/\/travel-du.de\/reiseshop\/\",\"name\":\"Reiseshop Travel-du.de\",\"description\":\"Der Shop f\u00fcr Reisende, Weltenbummler und Abenteurer\",\"potentialAction\":[{\"@type\":\"SearchAction\",\"target\":{\"@type\":\"EntryPoint\",\"urlTemplate\":\"https:\/\/travel-du.de\/reiseshop\/?s={search_term_string}\"},\"query-input\":{\"@type\":\"PropertyValueSpecification\",\"valueRequired\":true,\"valueName\":\"search_term_string\"}}],\"inLanguage\":\"de\"}]}<\/script>\n<!-- \/ Yoast SEO plugin. -->","yoast_head_json":{"title":"24x Bier Geschenkbox &#8211; Reiseshop Travel-du.de","robots":{"index":"index","follow":"follow","max-snippet":"max-snippet:-1","max-image-preview":"max-image-preview:large","max-video-preview":"max-video-preview:-1"},"canonical":"https:\/\/travel-du.de\/reiseshop\/produkt\/24x-bier-geschenkbox\/","og_locale":"de_DE","og_type":"article","og_title":"24x Bier Geschenkbox &#8211; Reiseshop Travel-du.de","og_description":"9x internationale Spitzenbiere renommierter Brauereien der ganzen Welt + Geschenkkarton in edler Holzoptik (wiederverschlie\u00dfbar) + 6 Geschenkkarten + 3 personalisierbare Urkunden + Bierbewertungsbogen + Bierbuch (A6, 104 Seiten) mit interessanten Infos: Wissenswertes zu den Bieren im Set, Gl\u00e4serkunde, Bierspiele,... 9 BIERE DER WELT IM GESCHENKKARTON: CARIB Caribbean Lager Pale Lager (), Tsingtao (CHINA), Staropramen, Saigon Export (VIETNAM), Cobra Premium Beer (INDIEN), Rauchbier Craft Beer (DE), Breznak Schwarzbier (CZ), San Miguel Premium Especial Original Lager Beer (ES), Quilmes (ARGENTINIEN), \u2026 inkl. anlassbezogener Geschenkverpackung. Einzelne Biere k\u00f6nnen durch gleichwertige Sorten ersetzt werden BIERBUCH: Buch im handlichen A6 Format (104 Seiten) mit Vorstellung verschiedenster Biere. Dazu jede Menge interessante Infos im Bierbuch: Wie wird Bier hergestellt? Welches Glas f\u00fcr welche Sorte Bier? Wie prostet man in anderen L\u00e4ndern? Dazu beliebte Bierspiel-Anleitungen. Au\u00dferdem ausgefallene Bier-Geschenk-Tipps - Wie w\u00e4re es z.B. mit einer \u00dcbernachtung im Bierfass? Mit Bierbewertungsbogen zum Verkosten der Biere in diesem Biergeschenk","og_url":"https:\/\/travel-du.de\/reiseshop\/produkt\/24x-bier-geschenkbox\/","og_site_name":"Reiseshop Travel-du.de","article_modified_time":"2025-10-28T16:12:13+00:00","og_image":[{"width":500,"height":500,"url":"https:\/\/travel-du.de\/reiseshop\/wp-content\/uploads\/2025\/10\/24x-Bier-Geschenkbox-Geschenke-mit-Bieren-Welt-und-Deutschland-Bier-Geschenk-fuer-Maenner-0.jpg","type":"image\/jpeg"}],"twitter_card":"summary_large_image","twitter_misc":{"Gesch\u00e4tzte Lesezeit":"1\u00a0Minute"},"schema":{"@context":"https:\/\/schema.org","@graph":[{"@type":"WebPage","@id":"https:\/\/travel-du.de\/reiseshop\/produkt\/24x-bier-geschenkbox\/","url":"https:\/\/travel-du.de\/reiseshop\/produkt\/24x-bier-geschenkbox\/","name":"24x Bier Geschenkbox &#8211; Reiseshop Travel-du.de","isPartOf":{"@id":"https:\/\/travel-du.de\/reiseshop\/#website"},"primaryImageOfPage":{"@id":"https:\/\/travel-du.de\/reiseshop\/produkt\/24x-bier-geschenkbox\/#primaryimage"},"image":{"@id":"https:\/\/travel-du.de\/reiseshop\/produkt\/24x-bier-geschenkbox\/#primaryimage"},"thumbnailUrl":"https:\/\/travel-du.de\/reiseshop\/wp-content\/uploads\/2025\/10\/24x-Bier-Geschenkbox-Geschenke-mit-Bieren-Welt-und-Deutschland-Bier-Geschenk-fuer-Maenner-0.jpg","datePublished":"2025-10-28T11:10:31+00:00","dateModified":"2025-10-28T16:12:13+00:00","breadcrumb":{"@id":"https:\/\/travel-du.de\/reiseshop\/produkt\/24x-bier-geschenkbox\/#breadcrumb"},"inLanguage":"de","potentialAction":[{"@type":"ReadAction","target":["https:\/\/travel-du.de\/reiseshop\/produkt\/24x-bier-geschenkbox\/"]}]},{"@type":"ImageObject","inLanguage":"de","@id":"https:\/\/travel-du.de\/reiseshop\/produkt\/24x-bier-geschenkbox\/#primaryimage","url":"https:\/\/travel-du.de\/reiseshop\/wp-content\/uploads\/2025\/10\/24x-Bier-Geschenkbox-Geschenke-mit-Bieren-Welt-und-Deutschland-Bier-Geschenk-fuer-Maenner-0.jpg","contentUrl":"https:\/\/travel-du.de\/reiseshop\/wp-content\/uploads\/2025\/10\/24x-Bier-Geschenkbox-Geschenke-mit-Bieren-Welt-und-Deutschland-Bier-Geschenk-fuer-Maenner-0.jpg","width":500,"height":500},{"@type":"BreadcrumbList","@id":"https:\/\/travel-du.de\/reiseshop\/produkt\/24x-bier-geschenkbox\/#breadcrumb","itemListElement":[{"@type":"ListItem","position":1,"name":"Startseite","item":"https:\/\/travel-du.de\/reiseshop\/"},{"@type":"ListItem","position":2,"name":"Shop","item":"https:\/\/travel-du.de\/reiseshop\/shop\/"},{"@type":"ListItem","position":3,"name":"24x Bier Geschenkbox"}]},{"@type":"WebSite","@id":"https:\/\/travel-du.de\/reiseshop\/#website","url":"https:\/\/travel-du.de\/reiseshop\/","name":"Reiseshop Travel-du.de","description":"Der Shop f\u00fcr Reisende, Weltenbummler und Abenteurer","potentialAction":[{"@type":"SearchAction","target":{"@type":"EntryPoint","urlTemplate":"https:\/\/travel-du.de\/reiseshop\/?s={search_term_string}"},"query-input":{"@type":"PropertyValueSpecification","valueRequired":true,"valueName":"search_term_string"}}],"inLanguage":"de"}]}},"_links":{"self":[{"href":"https:\/\/travel-du.de\/reiseshop\/wp-json\/wp\/v2\/product\/6249","targetHints":{"allow":["GET"]}}],"collection":[{"href":"https:\/\/travel-du.de\/reiseshop\/wp-json\/wp\/v2\/product"}],"about":[{"href":"https:\/\/travel-du.de\/reiseshop\/wp-json\/wp\/v2\/types\/product"}],"replies":[{"embeddable":true,"href":"https:\/\/travel-du.de\/reiseshop\/wp-json\/wp\/v2\/comments?post=6249"}],"wp:featuredmedia":[{"embeddable":true,"href":"https:\/\/travel-du.de\/reiseshop\/wp-json\/wp\/v2\/media\/6252"}],"wp:attachment":[{"href":"https:\/\/travel-du.de\/reiseshop\/wp-json\/wp\/v2\/media?parent=6249"}],"wp:term":[{"taxonomy":"product_brand","embeddable":true,"href":"https:\/\/travel-du.de\/reiseshop\/wp-json\/wp\/v2\/product_brand?post=6249"},{"taxonomy":"product_cat","embeddable":true,"href":"https:\/\/travel-du.de\/reiseshop\/wp-json\/wp\/v2\/product_cat?post=6249"},{"taxonomy":"product_tag","embeddable":true,"href":"https:\/\/travel-du.de\/reiseshop\/wp-json\/wp\/v2\/product_tag?post=6249"}],"curies":[{"name":"wp","href":"https:\/\/api.w.org\/{rel}","templated":true}]}}