{"id":624,"date":"2016-12-29T22:32:40","date_gmt":"2016-12-29T21:32:40","guid":{"rendered":"http:\/\/travel-du.de\/reiseshop\/produkt\/100-stueck-xxl-pack-markierungsfahnen\/"},"modified":"2016-12-29T22:32:41","modified_gmt":"2016-12-29T21:32:41","slug":"100-stueck-xxl-pack-markierungsfahnen","status":"publish","type":"product","link":"https:\/\/travel-du.de\/reiseshop\/produkt\/100-stueck-xxl-pack-markierungsfahnen\/","title":{"rendered":"100 St\u00fcck XXL-PACK Markierungsfahnen"},"content":{"rendered":"<p>WEIHNACHTS-GARANTIE &#8211; GARANTIERTE ZUSTELLUNG BEI IHNEN VOR WEIHNACHTEN<br \/>\n-> HEUTE 8,97\u20ac &#8211; Weihnachtsaktion &#8211; NEU &#8211; Einzigartige Rubbel Weltkarte mit Berg und Meeres Relief Optik &#8211; NEU &#8211; Limited Edition 2016 in Geschenkrolle mit Metalldeckel &#8211; Gr\u00f6\u00dfe ca. 90&#215;60 cm<br \/>\nmit Silberfolie \u00fcberzogene Weltkarte, dickes Papier (matt laminiert, beschreib- &#038; abwischbar)<br \/>\nIhre besuchten Urlaubsziele freirubbeln &#8211; ideales Geschenk f\u00fcr Weltenbummler, Globetrotter<br \/>\nMade in Germany &#8211; In 3 aufw\u00e4ndigen Arbeitsg\u00e4ngen gedruckt + matt laminiert &#8211; Premium-Druck aus NRW<br \/>\n<div class=\"main-cross-sell\" data-asin=\"B01784YKWO\">\n\n\t<div class=\"WooZone-cross-sell-loader\">\n\t\t<div>\n\t\t\t<div id=\"floatingBarsG\">\n\t\t\t\t<div class=\"blockG\" id=\"rotateG_01\"><\/div>\n\t\t\t\t<div class=\"blockG\" id=\"rotateG_02\"><\/div>\n\t\t\t\t<div class=\"blockG\" id=\"rotateG_03\"><\/div>\n\t\t\t\t<div class=\"blockG\" id=\"rotateG_04\"><\/div>\n\t\t\t\t<div class=\"blockG\" id=\"rotateG_05\"><\/div>\n\t\t\t\t<div class=\"blockG\" id=\"rotateG_06\"><\/div>\n\t\t\t\t<div class=\"blockG\" id=\"rotateG_07\"><\/div>\n\t\t\t\t<div class=\"blockG\" id=\"rotateG_08\"><\/div>\n\t\t\t<\/div>\n\t\t\t<div class=\"WooZone-cross-sell-loader-text\"><\/div>\n\t\t<\/div>\n\t<\/div>\n\n\t\t\n<\/div>\n<div style=\"clear:both;\"><\/div><\/p>\n","protected":false},"excerpt":{"rendered":"<p>WEIHNACHTS-GARANTIE &#8211; GARANTIERTE ZUSTELLUNG BEI IHNEN VOR WEIHNACHTEN<br \/>\n-> HEUTE 8,97\u20ac &#8211; Weihnachtsaktion &#8211; NEU &#8211; Einzigartige Rubbel Weltkarte mit Berg und Meeres Relief Optik &#8211; NEU &#8211; Limited Edition 2016 in Geschenkrolle mit Metalldeckel &#8211; Gr\u00f6\u00dfe ca. 90&#215;60 cm<br \/>\nmit Silberfolie \u00fcberzogene Weltkarte, dickes Papier (matt laminiert, beschreib- &#038; abwischbar)<\/p>\n","protected":false},"featured_media":630,"comment_status":"open","ping_status":"closed","template":"","meta":[],"product_brand":[],"product_cat":[97,87,98],"product_tag":[],"class_list":{"0":"post-624","1":"product","2":"type-product","3":"status-publish","4":"has-post-thumbnail","6":"product_cat-dekoration","7":"product_cat-zu-hause","8":"product_cat-weltkarten","10":"first","11":"instock","12":"shipping-taxable","13":"product-type-external"},"yoast_head":"<!-- This site is optimized with the Yoast SEO plugin v27.4 - https:\/\/yoast.com\/product\/yoast-seo-wordpress\/ -->\n<title>100 St\u00fcck XXL-PACK Markierungsfahnen &#8211; Reiseshop Travel-du.de<\/title>\n<meta name=\"robots\" content=\"index, follow, max-snippet:-1, max-image-preview:large, max-video-preview:-1\" \/>\n<link rel=\"canonical\" href=\"https:\/\/travel-du.de\/reiseshop\/produkt\/100-stueck-xxl-pack-markierungsfahnen\/\" \/>\n<meta property=\"og:locale\" content=\"de_DE\" \/>\n<meta property=\"og:type\" content=\"article\" \/>\n<meta property=\"og:title\" content=\"100 St\u00fcck XXL-PACK Markierungsfahnen &#8211; Reiseshop Travel-du.de\" \/>\n<meta property=\"og:description\" content=\"WEIHNACHTS-GARANTIE - GARANTIERTE ZUSTELLUNG BEI IHNEN VOR WEIHNACHTEN -&gt; HEUTE 8,97\u20ac - Weihnachtsaktion - NEU - Einzigartige Rubbel Weltkarte mit Berg und Meeres Relief Optik - NEU - Limited Edition 2016 in Geschenkrolle mit Metalldeckel - Gr\u00f6\u00dfe ca. 90x60 cm mit Silberfolie \u00fcberzogene Weltkarte, dickes Papier (matt laminiert, beschreib- &amp; abwischbar)\" \/>\n<meta property=\"og:url\" content=\"https:\/\/travel-du.de\/reiseshop\/produkt\/100-stueck-xxl-pack-markierungsfahnen\/\" \/>\n<meta property=\"og:site_name\" content=\"Reiseshop Travel-du.de\" \/>\n<meta property=\"article:modified_time\" content=\"2016-12-29T21:32:41+00:00\" \/>\n<meta property=\"og:image\" content=\"https:\/\/travel-du.de\/reiseshop\/wp-content\/uploads\/2016\/12\/100-Stck-XXL-PACK-Markierungsfahnen-0.jpg\" \/>\n\t<meta property=\"og:image:width\" content=\"500\" \/>\n\t<meta property=\"og:image:height\" content=\"375\" \/>\n\t<meta property=\"og:image:type\" content=\"image\/jpeg\" \/>\n<meta name=\"twitter:card\" content=\"summary_large_image\" \/>\n<script type=\"application\/ld+json\" class=\"yoast-schema-graph\">{\"@context\":\"https:\\\/\\\/schema.org\",\"@graph\":[{\"@type\":\"WebPage\",\"@id\":\"https:\\\/\\\/travel-du.de\\\/reiseshop\\\/produkt\\\/100-stueck-xxl-pack-markierungsfahnen\\\/\",\"url\":\"https:\\\/\\\/travel-du.de\\\/reiseshop\\\/produkt\\\/100-stueck-xxl-pack-markierungsfahnen\\\/\",\"name\":\"100 St\u00fcck XXL-PACK Markierungsfahnen &#8211; Reiseshop Travel-du.de\",\"isPartOf\":{\"@id\":\"https:\\\/\\\/travel-du.de\\\/reiseshop\\\/#website\"},\"primaryImageOfPage\":{\"@id\":\"https:\\\/\\\/travel-du.de\\\/reiseshop\\\/produkt\\\/100-stueck-xxl-pack-markierungsfahnen\\\/#primaryimage\"},\"image\":{\"@id\":\"https:\\\/\\\/travel-du.de\\\/reiseshop\\\/produkt\\\/100-stueck-xxl-pack-markierungsfahnen\\\/#primaryimage\"},\"thumbnailUrl\":\"https:\\\/\\\/travel-du.de\\\/reiseshop\\\/wp-content\\\/uploads\\\/2016\\\/12\\\/100-Stck-XXL-PACK-Markierungsfahnen-0.jpg\",\"datePublished\":\"2016-12-29T21:32:40+00:00\",\"dateModified\":\"2016-12-29T21:32:41+00:00\",\"breadcrumb\":{\"@id\":\"https:\\\/\\\/travel-du.de\\\/reiseshop\\\/produkt\\\/100-stueck-xxl-pack-markierungsfahnen\\\/#breadcrumb\"},\"inLanguage\":\"de\",\"potentialAction\":[{\"@type\":\"ReadAction\",\"target\":[\"https:\\\/\\\/travel-du.de\\\/reiseshop\\\/produkt\\\/100-stueck-xxl-pack-markierungsfahnen\\\/\"]}]},{\"@type\":\"ImageObject\",\"inLanguage\":\"de\",\"@id\":\"https:\\\/\\\/travel-du.de\\\/reiseshop\\\/produkt\\\/100-stueck-xxl-pack-markierungsfahnen\\\/#primaryimage\",\"url\":\"https:\\\/\\\/travel-du.de\\\/reiseshop\\\/wp-content\\\/uploads\\\/2016\\\/12\\\/100-Stck-XXL-PACK-Markierungsfahnen-0.jpg\",\"contentUrl\":\"https:\\\/\\\/travel-du.de\\\/reiseshop\\\/wp-content\\\/uploads\\\/2016\\\/12\\\/100-Stck-XXL-PACK-Markierungsfahnen-0.jpg\",\"width\":500,\"height\":375},{\"@type\":\"BreadcrumbList\",\"@id\":\"https:\\\/\\\/travel-du.de\\\/reiseshop\\\/produkt\\\/100-stueck-xxl-pack-markierungsfahnen\\\/#breadcrumb\",\"itemListElement\":[{\"@type\":\"ListItem\",\"position\":1,\"name\":\"Startseite\",\"item\":\"https:\\\/\\\/travel-du.de\\\/reiseshop\\\/\"},{\"@type\":\"ListItem\",\"position\":2,\"name\":\"Shop\",\"item\":\"https:\\\/\\\/travel-du.de\\\/reiseshop\\\/shop\\\/\"},{\"@type\":\"ListItem\",\"position\":3,\"name\":\"100 St\u00fcck XXL-PACK Markierungsfahnen\"}]},{\"@type\":\"WebSite\",\"@id\":\"https:\\\/\\\/travel-du.de\\\/reiseshop\\\/#website\",\"url\":\"https:\\\/\\\/travel-du.de\\\/reiseshop\\\/\",\"name\":\"Reiseshop Travel-du.de\",\"description\":\"Der Shop f\u00fcr Reisende, Weltenbummler und Abenteurer\",\"potentialAction\":[{\"@type\":\"SearchAction\",\"target\":{\"@type\":\"EntryPoint\",\"urlTemplate\":\"https:\\\/\\\/travel-du.de\\\/reiseshop\\\/?s={search_term_string}\"},\"query-input\":{\"@type\":\"PropertyValueSpecification\",\"valueRequired\":true,\"valueName\":\"search_term_string\"}}],\"inLanguage\":\"de\"}]}<\/script>\n<!-- \/ Yoast SEO plugin. -->","yoast_head_json":{"title":"100 St\u00fcck XXL-PACK Markierungsfahnen &#8211; Reiseshop Travel-du.de","robots":{"index":"index","follow":"follow","max-snippet":"max-snippet:-1","max-image-preview":"max-image-preview:large","max-video-preview":"max-video-preview:-1"},"canonical":"https:\/\/travel-du.de\/reiseshop\/produkt\/100-stueck-xxl-pack-markierungsfahnen\/","og_locale":"de_DE","og_type":"article","og_title":"100 St\u00fcck XXL-PACK Markierungsfahnen &#8211; Reiseshop Travel-du.de","og_description":"WEIHNACHTS-GARANTIE - GARANTIERTE ZUSTELLUNG BEI IHNEN VOR WEIHNACHTEN -> HEUTE 8,97\u20ac - Weihnachtsaktion - NEU - Einzigartige Rubbel Weltkarte mit Berg und Meeres Relief Optik - NEU - Limited Edition 2016 in Geschenkrolle mit Metalldeckel - Gr\u00f6\u00dfe ca. 90x60 cm mit Silberfolie \u00fcberzogene Weltkarte, dickes Papier (matt laminiert, beschreib- & abwischbar)","og_url":"https:\/\/travel-du.de\/reiseshop\/produkt\/100-stueck-xxl-pack-markierungsfahnen\/","og_site_name":"Reiseshop Travel-du.de","article_modified_time":"2016-12-29T21:32:41+00:00","og_image":[{"width":500,"height":375,"url":"https:\/\/travel-du.de\/reiseshop\/wp-content\/uploads\/2016\/12\/100-Stck-XXL-PACK-Markierungsfahnen-0.jpg","type":"image\/jpeg"}],"twitter_card":"summary_large_image","schema":{"@context":"https:\/\/schema.org","@graph":[{"@type":"WebPage","@id":"https:\/\/travel-du.de\/reiseshop\/produkt\/100-stueck-xxl-pack-markierungsfahnen\/","url":"https:\/\/travel-du.de\/reiseshop\/produkt\/100-stueck-xxl-pack-markierungsfahnen\/","name":"100 St\u00fcck XXL-PACK Markierungsfahnen &#8211; Reiseshop Travel-du.de","isPartOf":{"@id":"https:\/\/travel-du.de\/reiseshop\/#website"},"primaryImageOfPage":{"@id":"https:\/\/travel-du.de\/reiseshop\/produkt\/100-stueck-xxl-pack-markierungsfahnen\/#primaryimage"},"image":{"@id":"https:\/\/travel-du.de\/reiseshop\/produkt\/100-stueck-xxl-pack-markierungsfahnen\/#primaryimage"},"thumbnailUrl":"https:\/\/travel-du.de\/reiseshop\/wp-content\/uploads\/2016\/12\/100-Stck-XXL-PACK-Markierungsfahnen-0.jpg","datePublished":"2016-12-29T21:32:40+00:00","dateModified":"2016-12-29T21:32:41+00:00","breadcrumb":{"@id":"https:\/\/travel-du.de\/reiseshop\/produkt\/100-stueck-xxl-pack-markierungsfahnen\/#breadcrumb"},"inLanguage":"de","potentialAction":[{"@type":"ReadAction","target":["https:\/\/travel-du.de\/reiseshop\/produkt\/100-stueck-xxl-pack-markierungsfahnen\/"]}]},{"@type":"ImageObject","inLanguage":"de","@id":"https:\/\/travel-du.de\/reiseshop\/produkt\/100-stueck-xxl-pack-markierungsfahnen\/#primaryimage","url":"https:\/\/travel-du.de\/reiseshop\/wp-content\/uploads\/2016\/12\/100-Stck-XXL-PACK-Markierungsfahnen-0.jpg","contentUrl":"https:\/\/travel-du.de\/reiseshop\/wp-content\/uploads\/2016\/12\/100-Stck-XXL-PACK-Markierungsfahnen-0.jpg","width":500,"height":375},{"@type":"BreadcrumbList","@id":"https:\/\/travel-du.de\/reiseshop\/produkt\/100-stueck-xxl-pack-markierungsfahnen\/#breadcrumb","itemListElement":[{"@type":"ListItem","position":1,"name":"Startseite","item":"https:\/\/travel-du.de\/reiseshop\/"},{"@type":"ListItem","position":2,"name":"Shop","item":"https:\/\/travel-du.de\/reiseshop\/shop\/"},{"@type":"ListItem","position":3,"name":"100 St\u00fcck XXL-PACK Markierungsfahnen"}]},{"@type":"WebSite","@id":"https:\/\/travel-du.de\/reiseshop\/#website","url":"https:\/\/travel-du.de\/reiseshop\/","name":"Reiseshop Travel-du.de","description":"Der Shop f\u00fcr Reisende, Weltenbummler und Abenteurer","potentialAction":[{"@type":"SearchAction","target":{"@type":"EntryPoint","urlTemplate":"https:\/\/travel-du.de\/reiseshop\/?s={search_term_string}"},"query-input":{"@type":"PropertyValueSpecification","valueRequired":true,"valueName":"search_term_string"}}],"inLanguage":"de"}]}},"_links":{"self":[{"href":"https:\/\/travel-du.de\/reiseshop\/wp-json\/wp\/v2\/product\/624","targetHints":{"allow":["GET"]}}],"collection":[{"href":"https:\/\/travel-du.de\/reiseshop\/wp-json\/wp\/v2\/product"}],"about":[{"href":"https:\/\/travel-du.de\/reiseshop\/wp-json\/wp\/v2\/types\/product"}],"replies":[{"embeddable":true,"href":"https:\/\/travel-du.de\/reiseshop\/wp-json\/wp\/v2\/comments?post=624"}],"wp:featuredmedia":[{"embeddable":true,"href":"https:\/\/travel-du.de\/reiseshop\/wp-json\/wp\/v2\/media\/630"}],"wp:attachment":[{"href":"https:\/\/travel-du.de\/reiseshop\/wp-json\/wp\/v2\/media?parent=624"}],"wp:term":[{"taxonomy":"product_brand","embeddable":true,"href":"https:\/\/travel-du.de\/reiseshop\/wp-json\/wp\/v2\/product_brand?post=624"},{"taxonomy":"product_cat","embeddable":true,"href":"https:\/\/travel-du.de\/reiseshop\/wp-json\/wp\/v2\/product_cat?post=624"},{"taxonomy":"product_tag","embeddable":true,"href":"https:\/\/travel-du.de\/reiseshop\/wp-json\/wp\/v2\/product_tag?post=624"}],"curies":[{"name":"wp","href":"https:\/\/api.w.org\/{rel}","templated":true}]}}