{"id":6212,"date":"2025-10-28T12:08:44","date_gmt":"2025-10-28T11:08:44","guid":{"rendered":"https:\/\/travel-du.de\/reiseshop\/produkt\/ankerkraut-currywurst\/"},"modified":"2025-10-28T12:08:49","modified_gmt":"2025-10-28T11:08:49","slug":"ankerkraut-currywurst","status":"publish","type":"product","link":"https:\/\/travel-du.de\/reiseshop\/produkt\/ankerkraut-currywurst\/","title":{"rendered":"Ankerkraut Currywurst"},"content":{"rendered":"<p>[GESCHMACK] F\u00fcr den Geschmack klassischen Currysaucen-Geschmack vereinen wir im Ankerkraut Currywurst Gew\u00fcrz, Currypulver mit Zwiebel, Paprika ger\u00e4uchert und Cayennepfeffer f\u00fcr die leichte Sch\u00e4rfe.<br \/>\n[VERWENDUNG] In deutschen Gro\u00dfst\u00e4dten, wie Hamburg und Berlin, ist die Currywurst schon fest etabliert; Unser Gew\u00fcrz hilft euch dabei eure Currywurst, wie aus eurem liebsten No. 1 Currywurst-Truck kennt, selber zu machen; Dazu gibt es nat\u00fcrlich Pommes Mayo; Unsere Gew\u00fcrzmischung hilft euch aber nicht nur dabei die perfekte Currywurst-Sauce zu zaubern, sondern kann auch super f\u00fcr Currywurst-Eintopf oder Currywurst-Suppe verwendet werden.<br \/>\n[BESTE QUALIT\u00c4T] Ohne Geschmacksverst\u00e4rker und k\u00fcnstliche Farbstoffe; Die Zutaten werden frisch bezogen, in den praktischem, UV-lichtgesch\u00fctzten und aromadichten Ankerkraut Beutel umgef\u00fcllt und nach sehr kurzer Lagerzeit an die Kunden versandt.<br \/>\n[DIE ENTDECKUNG DER CURRYWURST] Um die Entdeckung der Currywurst ranken sich vielen Mythen; Ob die Currywurst nun wie Herbert Gr\u00f6nemeyer sagt aus dem Ruhrpott oder aus Berlin kommt, l\u00e4sst sich nicht genau sagen; Egal ob mit \u201eChillup\u201c, Ruhrpott-Carpaccio oder Mantaplatte, die Hauptsache ist aber doch, dass sie allen schmeckt!<br \/>\n[ALLROUNDER] Unser Currywurst Gew\u00fcrz ist vielseitig einsetzbar und die gezauberten So\u00dfen schmecken auf zu vegetarischen und veganen Alternativen, wie z.B. Tofu-W\u00fcrstchen oder Halloumi.<br \/>\n<div class=\"main-cross-sell\" data-asin=\"B0CT5SS13H\">\n\n\t<div class=\"WooZone-cross-sell-loader\">\n\t\t<div>\n\t\t\t<div id=\"floatingBarsG\">\n\t\t\t\t<div class=\"blockG\" id=\"rotateG_01\"><\/div>\n\t\t\t\t<div class=\"blockG\" id=\"rotateG_02\"><\/div>\n\t\t\t\t<div class=\"blockG\" id=\"rotateG_03\"><\/div>\n\t\t\t\t<div class=\"blockG\" id=\"rotateG_04\"><\/div>\n\t\t\t\t<div class=\"blockG\" id=\"rotateG_05\"><\/div>\n\t\t\t\t<div class=\"blockG\" id=\"rotateG_06\"><\/div>\n\t\t\t\t<div class=\"blockG\" id=\"rotateG_07\"><\/div>\n\t\t\t\t<div class=\"blockG\" id=\"rotateG_08\"><\/div>\n\t\t\t<\/div>\n\t\t\t<div class=\"WooZone-cross-sell-loader-text\"><\/div>\n\t\t<\/div>\n\t<\/div>\n\n\t\t\n<\/div>\n<div style=\"clear:both;\"><\/div><\/p>\n","protected":false},"excerpt":{"rendered":"<p>[GESCHMACK] F\u00fcr den Geschmack klassischen Currysaucen-Geschmack vereinen wir im Ankerkraut Currywurst Gew\u00fcrz, Currypulver mit Zwiebel, Paprika ger\u00e4uchert und Cayennepfeffer f\u00fcr die leichte Sch\u00e4rfe.<br \/>\n[VERWENDUNG] In deutschen Gro\u00dfst\u00e4dten, wie Hamburg und Berlin, ist die Currywurst schon fest etabliert; Unser Gew\u00fcrz hilft euch dabei eure Currywurst, wie aus eurem liebsten No. 1 Currywurst-Truck kennt, selber zu machen; Dazu gibt es nat\u00fcrlich Pommes Mayo; Unsere Gew\u00fcrzmischung hilft euch aber nicht nur dabei die perfekte Currywurst-Sauce zu zaubern, sondern kann auch super f\u00fcr Currywurst-Eintopf oder Currywurst-Suppe verwendet werden.<br \/>\n[BESTE QUALIT\u00c4T] Ohne Geschmacksverst\u00e4rker und k\u00fcnstliche Farbstoffe; Die Zutaten werden frisch bezogen, in den praktischem, UV-lichtgesch\u00fctzten und aromadichten Ankerkraut Beutel umgef\u00fcllt und nach sehr kurzer Lagerzeit an die Kunden versandt.<\/p>\n","protected":false},"featured_media":6215,"comment_status":"closed","ping_status":"closed","template":"","meta":[],"product_brand":[],"product_cat":[4031,120],"product_tag":[],"class_list":{"0":"post-6212","1":"product","2":"type-product","3":"status-publish","4":"has-post-thumbnail","6":"product_cat-deutschland-geschenkideen","7":"product_cat-reise-geschenke","9":"first","10":"instock","11":"shipping-taxable","12":"product-type-external"},"yoast_head":"<!-- This site is optimized with the Yoast SEO plugin v26.2 - https:\/\/yoast.com\/wordpress\/plugins\/seo\/ -->\n<title>Ankerkraut Currywurst &#8211; Reiseshop Travel-du.de<\/title>\n<meta name=\"robots\" content=\"index, follow, max-snippet:-1, max-image-preview:large, max-video-preview:-1\" \/>\n<link rel=\"canonical\" href=\"https:\/\/travel-du.de\/reiseshop\/produkt\/ankerkraut-currywurst\/\" \/>\n<meta property=\"og:locale\" content=\"de_DE\" \/>\n<meta property=\"og:type\" content=\"article\" \/>\n<meta property=\"og:title\" content=\"Ankerkraut Currywurst &#8211; Reiseshop Travel-du.de\" \/>\n<meta property=\"og:description\" content=\"[GESCHMACK] F\u00fcr den Geschmack klassischen Currysaucen-Geschmack vereinen wir im Ankerkraut Currywurst Gew\u00fcrz, Currypulver mit Zwiebel, Paprika ger\u00e4uchert und Cayennepfeffer f\u00fcr die leichte Sch\u00e4rfe. [VERWENDUNG] In deutschen Gro\u00dfst\u00e4dten, wie Hamburg und Berlin, ist die Currywurst schon fest etabliert; Unser Gew\u00fcrz hilft euch dabei eure Currywurst, wie aus eurem liebsten No. 1 Currywurst-Truck kennt, selber zu machen; Dazu gibt es nat\u00fcrlich Pommes Mayo; Unsere Gew\u00fcrzmischung hilft euch aber nicht nur dabei die perfekte Currywurst-Sauce zu zaubern, sondern kann auch super f\u00fcr Currywurst-Eintopf oder Currywurst-Suppe verwendet werden. [BESTE QUALIT\u00c4T] Ohne Geschmacksverst\u00e4rker und k\u00fcnstliche Farbstoffe; Die Zutaten werden frisch bezogen, in den praktischem, UV-lichtgesch\u00fctzten und aromadichten Ankerkraut Beutel umgef\u00fcllt und nach sehr kurzer Lagerzeit an die Kunden versandt.\" \/>\n<meta property=\"og:url\" content=\"https:\/\/travel-du.de\/reiseshop\/produkt\/ankerkraut-currywurst\/\" \/>\n<meta property=\"og:site_name\" content=\"Reiseshop Travel-du.de\" \/>\n<meta property=\"article:modified_time\" content=\"2025-10-28T11:08:49+00:00\" \/>\n<meta name=\"twitter:card\" content=\"summary_large_image\" \/>\n<meta name=\"twitter:label1\" content=\"Gesch\u00e4tzte Lesezeit\" \/>\n\t<meta name=\"twitter:data1\" content=\"1\u00a0Minute\" \/>\n<script type=\"application\/ld+json\" class=\"yoast-schema-graph\">{\"@context\":\"https:\/\/schema.org\",\"@graph\":[{\"@type\":\"WebPage\",\"@id\":\"https:\/\/travel-du.de\/reiseshop\/produkt\/ankerkraut-currywurst\/\",\"url\":\"https:\/\/travel-du.de\/reiseshop\/produkt\/ankerkraut-currywurst\/\",\"name\":\"Ankerkraut Currywurst &#8211; Reiseshop Travel-du.de\",\"isPartOf\":{\"@id\":\"https:\/\/travel-du.de\/reiseshop\/#website\"},\"primaryImageOfPage\":{\"@id\":\"https:\/\/travel-du.de\/reiseshop\/produkt\/ankerkraut-currywurst\/#primaryimage\"},\"image\":{\"@id\":\"https:\/\/travel-du.de\/reiseshop\/produkt\/ankerkraut-currywurst\/#primaryimage\"},\"thumbnailUrl\":\"https:\/\/travel-du.de\/reiseshop\/wp-content\/uploads\/2025\/10\/Ankerkraut-Currywurst-0.jpg\",\"datePublished\":\"2025-10-28T11:08:44+00:00\",\"dateModified\":\"2025-10-28T11:08:49+00:00\",\"breadcrumb\":{\"@id\":\"https:\/\/travel-du.de\/reiseshop\/produkt\/ankerkraut-currywurst\/#breadcrumb\"},\"inLanguage\":\"de\",\"potentialAction\":[{\"@type\":\"ReadAction\",\"target\":[\"https:\/\/travel-du.de\/reiseshop\/produkt\/ankerkraut-currywurst\/\"]}]},{\"@type\":\"ImageObject\",\"inLanguage\":\"de\",\"@id\":\"https:\/\/travel-du.de\/reiseshop\/produkt\/ankerkraut-currywurst\/#primaryimage\",\"url\":\"https:\/\/travel-du.de\/reiseshop\/wp-content\/uploads\/2025\/10\/Ankerkraut-Currywurst-0.jpg\",\"contentUrl\":\"https:\/\/travel-du.de\/reiseshop\/wp-content\/uploads\/2025\/10\/Ankerkraut-Currywurst-0.jpg\",\"width\":281,\"height\":500},{\"@type\":\"BreadcrumbList\",\"@id\":\"https:\/\/travel-du.de\/reiseshop\/produkt\/ankerkraut-currywurst\/#breadcrumb\",\"itemListElement\":[{\"@type\":\"ListItem\",\"position\":1,\"name\":\"Startseite\",\"item\":\"https:\/\/travel-du.de\/reiseshop\/\"},{\"@type\":\"ListItem\",\"position\":2,\"name\":\"Shop\",\"item\":\"https:\/\/travel-du.de\/reiseshop\/shop\/\"},{\"@type\":\"ListItem\",\"position\":3,\"name\":\"Ankerkraut Currywurst\"}]},{\"@type\":\"WebSite\",\"@id\":\"https:\/\/travel-du.de\/reiseshop\/#website\",\"url\":\"https:\/\/travel-du.de\/reiseshop\/\",\"name\":\"Reiseshop Travel-du.de\",\"description\":\"Der Shop f\u00fcr Reisende, Weltenbummler und Abenteurer\",\"potentialAction\":[{\"@type\":\"SearchAction\",\"target\":{\"@type\":\"EntryPoint\",\"urlTemplate\":\"https:\/\/travel-du.de\/reiseshop\/?s={search_term_string}\"},\"query-input\":{\"@type\":\"PropertyValueSpecification\",\"valueRequired\":true,\"valueName\":\"search_term_string\"}}],\"inLanguage\":\"de\"}]}<\/script>\n<!-- \/ Yoast SEO plugin. -->","yoast_head_json":{"title":"Ankerkraut Currywurst &#8211; Reiseshop Travel-du.de","robots":{"index":"index","follow":"follow","max-snippet":"max-snippet:-1","max-image-preview":"max-image-preview:large","max-video-preview":"max-video-preview:-1"},"canonical":"https:\/\/travel-du.de\/reiseshop\/produkt\/ankerkraut-currywurst\/","og_locale":"de_DE","og_type":"article","og_title":"Ankerkraut Currywurst &#8211; Reiseshop Travel-du.de","og_description":"[GESCHMACK] F\u00fcr den Geschmack klassischen Currysaucen-Geschmack vereinen wir im Ankerkraut Currywurst Gew\u00fcrz, Currypulver mit Zwiebel, Paprika ger\u00e4uchert und Cayennepfeffer f\u00fcr die leichte Sch\u00e4rfe. [VERWENDUNG] In deutschen Gro\u00dfst\u00e4dten, wie Hamburg und Berlin, ist die Currywurst schon fest etabliert; Unser Gew\u00fcrz hilft euch dabei eure Currywurst, wie aus eurem liebsten No. 1 Currywurst-Truck kennt, selber zu machen; Dazu gibt es nat\u00fcrlich Pommes Mayo; Unsere Gew\u00fcrzmischung hilft euch aber nicht nur dabei die perfekte Currywurst-Sauce zu zaubern, sondern kann auch super f\u00fcr Currywurst-Eintopf oder Currywurst-Suppe verwendet werden. [BESTE QUALIT\u00c4T] Ohne Geschmacksverst\u00e4rker und k\u00fcnstliche Farbstoffe; Die Zutaten werden frisch bezogen, in den praktischem, UV-lichtgesch\u00fctzten und aromadichten Ankerkraut Beutel umgef\u00fcllt und nach sehr kurzer Lagerzeit an die Kunden versandt.","og_url":"https:\/\/travel-du.de\/reiseshop\/produkt\/ankerkraut-currywurst\/","og_site_name":"Reiseshop Travel-du.de","article_modified_time":"2025-10-28T11:08:49+00:00","twitter_card":"summary_large_image","twitter_misc":{"Gesch\u00e4tzte Lesezeit":"1\u00a0Minute"},"schema":{"@context":"https:\/\/schema.org","@graph":[{"@type":"WebPage","@id":"https:\/\/travel-du.de\/reiseshop\/produkt\/ankerkraut-currywurst\/","url":"https:\/\/travel-du.de\/reiseshop\/produkt\/ankerkraut-currywurst\/","name":"Ankerkraut Currywurst &#8211; Reiseshop Travel-du.de","isPartOf":{"@id":"https:\/\/travel-du.de\/reiseshop\/#website"},"primaryImageOfPage":{"@id":"https:\/\/travel-du.de\/reiseshop\/produkt\/ankerkraut-currywurst\/#primaryimage"},"image":{"@id":"https:\/\/travel-du.de\/reiseshop\/produkt\/ankerkraut-currywurst\/#primaryimage"},"thumbnailUrl":"https:\/\/travel-du.de\/reiseshop\/wp-content\/uploads\/2025\/10\/Ankerkraut-Currywurst-0.jpg","datePublished":"2025-10-28T11:08:44+00:00","dateModified":"2025-10-28T11:08:49+00:00","breadcrumb":{"@id":"https:\/\/travel-du.de\/reiseshop\/produkt\/ankerkraut-currywurst\/#breadcrumb"},"inLanguage":"de","potentialAction":[{"@type":"ReadAction","target":["https:\/\/travel-du.de\/reiseshop\/produkt\/ankerkraut-currywurst\/"]}]},{"@type":"ImageObject","inLanguage":"de","@id":"https:\/\/travel-du.de\/reiseshop\/produkt\/ankerkraut-currywurst\/#primaryimage","url":"https:\/\/travel-du.de\/reiseshop\/wp-content\/uploads\/2025\/10\/Ankerkraut-Currywurst-0.jpg","contentUrl":"https:\/\/travel-du.de\/reiseshop\/wp-content\/uploads\/2025\/10\/Ankerkraut-Currywurst-0.jpg","width":281,"height":500},{"@type":"BreadcrumbList","@id":"https:\/\/travel-du.de\/reiseshop\/produkt\/ankerkraut-currywurst\/#breadcrumb","itemListElement":[{"@type":"ListItem","position":1,"name":"Startseite","item":"https:\/\/travel-du.de\/reiseshop\/"},{"@type":"ListItem","position":2,"name":"Shop","item":"https:\/\/travel-du.de\/reiseshop\/shop\/"},{"@type":"ListItem","position":3,"name":"Ankerkraut Currywurst"}]},{"@type":"WebSite","@id":"https:\/\/travel-du.de\/reiseshop\/#website","url":"https:\/\/travel-du.de\/reiseshop\/","name":"Reiseshop Travel-du.de","description":"Der Shop f\u00fcr Reisende, Weltenbummler und Abenteurer","potentialAction":[{"@type":"SearchAction","target":{"@type":"EntryPoint","urlTemplate":"https:\/\/travel-du.de\/reiseshop\/?s={search_term_string}"},"query-input":{"@type":"PropertyValueSpecification","valueRequired":true,"valueName":"search_term_string"}}],"inLanguage":"de"}]}},"_links":{"self":[{"href":"https:\/\/travel-du.de\/reiseshop\/wp-json\/wp\/v2\/product\/6212","targetHints":{"allow":["GET"]}}],"collection":[{"href":"https:\/\/travel-du.de\/reiseshop\/wp-json\/wp\/v2\/product"}],"about":[{"href":"https:\/\/travel-du.de\/reiseshop\/wp-json\/wp\/v2\/types\/product"}],"replies":[{"embeddable":true,"href":"https:\/\/travel-du.de\/reiseshop\/wp-json\/wp\/v2\/comments?post=6212"}],"wp:featuredmedia":[{"embeddable":true,"href":"https:\/\/travel-du.de\/reiseshop\/wp-json\/wp\/v2\/media\/6215"}],"wp:attachment":[{"href":"https:\/\/travel-du.de\/reiseshop\/wp-json\/wp\/v2\/media?parent=6212"}],"wp:term":[{"taxonomy":"product_brand","embeddable":true,"href":"https:\/\/travel-du.de\/reiseshop\/wp-json\/wp\/v2\/product_brand?post=6212"},{"taxonomy":"product_cat","embeddable":true,"href":"https:\/\/travel-du.de\/reiseshop\/wp-json\/wp\/v2\/product_cat?post=6212"},{"taxonomy":"product_tag","embeddable":true,"href":"https:\/\/travel-du.de\/reiseshop\/wp-json\/wp\/v2\/product_tag?post=6212"}],"curies":[{"name":"wp","href":"https:\/\/api.w.org\/{rel}","templated":true}]}}