{"id":6197,"date":"2025-10-28T12:08:15","date_gmt":"2025-10-28T11:08:15","guid":{"rendered":"https:\/\/travel-du.de\/reiseshop\/produkt\/bavariashop-premium-bierkrug-bayerische-regierungsbezirke-handgefertigter-bierkrug-mit-zinndeckel-05-liter\/"},"modified":"2025-10-28T17:13:13","modified_gmt":"2025-10-28T16:13:13","slug":"bierkrug-bayerisch","status":"publish","type":"product","link":"https:\/\/travel-du.de\/reiseshop\/produkt\/bierkrug-bayerisch\/","title":{"rendered":"Bavariashop | PREMIUM Bierkrug Bayerische Regierungsbezirke | Handgefertigter Bierkrug mit Zinndeckel | 0,5 Liter"},"content":{"rendered":"<p>BIERKRUG MIT WAPPEN: Auf diesem Bierkrug ist das oberbayerische Wappen aufgebracht. Unsere Biergl\u00e4ser mit Gravur werden in reiner Handarbeit nur f\u00fcr dich hergestellt. Ein idealer Bier-Krug f\u00fcr den Bayern-Liebhaber<br \/>\nHERSTELLUNG IN HANDARBEIT: Wir fertigen diesen Bierkrug in reiner Handarbeit, somit kannst du dir sicher sein, ein absolut hochwertiges Unikat zu erhalten.<br \/>\nBIER GESCHENK F\u00dcR LIEBHABER: Gerade zum Geburtstag f\u00fcr M\u00e4nner fertigen wir diese Art von Bier-Kr\u00fcgen mit Bayern-Wappen. Der Beschenkte erh\u00e4lt ein absolutes Unikat ich hochwertigster Ausf\u00fchrung. Gefertigt in 100% Handarbeit.<br \/>\nLOKALE INDIVIDUELLE BIERGLAS FERTIGUNG: F\u00fcr uns ist wichtig, dass unsere Ware nachhaltig produziert wird. Darum verwenden wir nur Ton aus Vorkommen in Deutschland. Die Kr\u00fcge werden lokal gefertigt und mit der Gravur versehen. #kauflokal #nachhaltig<br \/>\nBAVARIASHOP- MEI LEBENSGFUI: Mia san koa Gro\u00dfkonzern! Und das wollen wir auch nicht sein! Wir entwickeln unsere Produkte mit viel Herzblut und Sorgfalt um f\u00fcr unsere Kunden beste Qualit\u00e4t und zugleich bayerisches LebensGfui zu vereinen. Und das seit 1998!<br \/>\n<div class=\"main-cross-sell\" data-asin=\"B0B8DC8HMN\">\n\n\t<div class=\"WooZone-cross-sell-loader\">\n\t\t<div>\n\t\t\t<div id=\"floatingBarsG\">\n\t\t\t\t<div class=\"blockG\" id=\"rotateG_01\"><\/div>\n\t\t\t\t<div class=\"blockG\" id=\"rotateG_02\"><\/div>\n\t\t\t\t<div class=\"blockG\" id=\"rotateG_03\"><\/div>\n\t\t\t\t<div class=\"blockG\" id=\"rotateG_04\"><\/div>\n\t\t\t\t<div class=\"blockG\" id=\"rotateG_05\"><\/div>\n\t\t\t\t<div class=\"blockG\" id=\"rotateG_06\"><\/div>\n\t\t\t\t<div class=\"blockG\" id=\"rotateG_07\"><\/div>\n\t\t\t\t<div class=\"blockG\" id=\"rotateG_08\"><\/div>\n\t\t\t<\/div>\n\t\t\t<div class=\"WooZone-cross-sell-loader-text\"><\/div>\n\t\t<\/div>\n\t<\/div>\n\n\t\t\n<\/div>\n<div style=\"clear:both;\"><\/div><\/p>\n","protected":false},"excerpt":{"rendered":"<p>BIERKRUG MIT WAPPEN: Auf diesem Bierkrug ist das oberbayerische Wappen aufgebracht. Unsere Biergl\u00e4ser mit Gravur werden in reiner Handarbeit nur f\u00fcr dich hergestellt. Ein idealer Bier-Krug f\u00fcr den Bayern-Liebhaber<br \/>\nHERSTELLUNG IN HANDARBEIT: Wir fertigen diesen Bierkrug in reiner Handarbeit, somit kannst du dir sicher sein, ein absolut hochwertiges Unikat zu erhalten.<br \/>\nBIER GESCHENK F\u00dcR LIEBHABER: Gerade zum Geburtstag f\u00fcr M\u00e4nner fertigen wir diese Art von Bier-Kr\u00fcgen mit Bayern-Wappen. Der Beschenkte erh\u00e4lt ein absolutes Unikat ich hochwertigster Ausf\u00fchrung. Gefertigt in 100% Handarbeit.<\/p>\n","protected":false},"featured_media":6203,"comment_status":"closed","ping_status":"closed","template":"","meta":[],"product_brand":[],"product_cat":[4031,120],"product_tag":[],"class_list":{"0":"post-6197","1":"product","2":"type-product","3":"status-publish","4":"has-post-thumbnail","6":"product_cat-deutschland-geschenkideen","7":"product_cat-reise-geschenke","9":"first","10":"instock","11":"shipping-taxable","12":"product-type-external"},"yoast_head":"<!-- This site is optimized with the Yoast SEO plugin v26.2 - https:\/\/yoast.com\/wordpress\/plugins\/seo\/ -->\n<title>Bavariashop | PREMIUM Bierkrug Bayerische Regierungsbezirke | Handgefertigter Bierkrug mit Zinndeckel | 0,5 Liter &#8211; Reiseshop Travel-du.de<\/title>\n<meta name=\"robots\" content=\"index, follow, max-snippet:-1, max-image-preview:large, max-video-preview:-1\" \/>\n<link rel=\"canonical\" href=\"https:\/\/travel-du.de\/reiseshop\/produkt\/bierkrug-bayerisch\/\" \/>\n<meta property=\"og:locale\" content=\"de_DE\" \/>\n<meta property=\"og:type\" content=\"article\" \/>\n<meta property=\"og:title\" content=\"Bavariashop | PREMIUM Bierkrug Bayerische Regierungsbezirke | Handgefertigter Bierkrug mit Zinndeckel | 0,5 Liter &#8211; Reiseshop Travel-du.de\" \/>\n<meta property=\"og:description\" content=\"BIERKRUG MIT WAPPEN: Auf diesem Bierkrug ist das oberbayerische Wappen aufgebracht. Unsere Biergl\u00e4ser mit Gravur werden in reiner Handarbeit nur f\u00fcr dich hergestellt. Ein idealer Bier-Krug f\u00fcr den Bayern-Liebhaber HERSTELLUNG IN HANDARBEIT: Wir fertigen diesen Bierkrug in reiner Handarbeit, somit kannst du dir sicher sein, ein absolut hochwertiges Unikat zu erhalten. BIER GESCHENK F\u00dcR LIEBHABER: Gerade zum Geburtstag f\u00fcr M\u00e4nner fertigen wir diese Art von Bier-Kr\u00fcgen mit Bayern-Wappen. Der Beschenkte erh\u00e4lt ein absolutes Unikat ich hochwertigster Ausf\u00fchrung. Gefertigt in 100% Handarbeit.\" \/>\n<meta property=\"og:url\" content=\"https:\/\/travel-du.de\/reiseshop\/produkt\/bierkrug-bayerisch\/\" \/>\n<meta property=\"og:site_name\" content=\"Reiseshop Travel-du.de\" \/>\n<meta property=\"article:modified_time\" content=\"2025-10-28T16:13:13+00:00\" \/>\n<meta property=\"og:image\" content=\"https:\/\/travel-du.de\/reiseshop\/wp-content\/uploads\/2025\/10\/Bavariashop-PREMIUM-Bierkrug-Bayerische-Regierungsbezirke-Handgefertigter-Bierkrug-mit-Zinndeckel-05-Liter-0.jpg\" \/>\n\t<meta property=\"og:image:width\" content=\"500\" \/>\n\t<meta property=\"og:image:height\" content=\"500\" \/>\n\t<meta property=\"og:image:type\" content=\"image\/jpeg\" \/>\n<meta name=\"twitter:card\" content=\"summary_large_image\" \/>\n<meta name=\"twitter:label1\" content=\"Gesch\u00e4tzte Lesezeit\" \/>\n\t<meta name=\"twitter:data1\" content=\"1\u00a0Minute\" \/>\n<script type=\"application\/ld+json\" class=\"yoast-schema-graph\">{\"@context\":\"https:\/\/schema.org\",\"@graph\":[{\"@type\":\"WebPage\",\"@id\":\"https:\/\/travel-du.de\/reiseshop\/produkt\/bierkrug-bayerisch\/\",\"url\":\"https:\/\/travel-du.de\/reiseshop\/produkt\/bierkrug-bayerisch\/\",\"name\":\"Bavariashop | PREMIUM Bierkrug Bayerische Regierungsbezirke | Handgefertigter Bierkrug mit Zinndeckel | 0,5 Liter &#8211; Reiseshop Travel-du.de\",\"isPartOf\":{\"@id\":\"https:\/\/travel-du.de\/reiseshop\/#website\"},\"primaryImageOfPage\":{\"@id\":\"https:\/\/travel-du.de\/reiseshop\/produkt\/bierkrug-bayerisch\/#primaryimage\"},\"image\":{\"@id\":\"https:\/\/travel-du.de\/reiseshop\/produkt\/bierkrug-bayerisch\/#primaryimage\"},\"thumbnailUrl\":\"https:\/\/travel-du.de\/reiseshop\/wp-content\/uploads\/2025\/10\/Bavariashop-PREMIUM-Bierkrug-Bayerische-Regierungsbezirke-Handgefertigter-Bierkrug-mit-Zinndeckel-05-Liter-0.jpg\",\"datePublished\":\"2025-10-28T11:08:15+00:00\",\"dateModified\":\"2025-10-28T16:13:13+00:00\",\"breadcrumb\":{\"@id\":\"https:\/\/travel-du.de\/reiseshop\/produkt\/bierkrug-bayerisch\/#breadcrumb\"},\"inLanguage\":\"de\",\"potentialAction\":[{\"@type\":\"ReadAction\",\"target\":[\"https:\/\/travel-du.de\/reiseshop\/produkt\/bierkrug-bayerisch\/\"]}]},{\"@type\":\"ImageObject\",\"inLanguage\":\"de\",\"@id\":\"https:\/\/travel-du.de\/reiseshop\/produkt\/bierkrug-bayerisch\/#primaryimage\",\"url\":\"https:\/\/travel-du.de\/reiseshop\/wp-content\/uploads\/2025\/10\/Bavariashop-PREMIUM-Bierkrug-Bayerische-Regierungsbezirke-Handgefertigter-Bierkrug-mit-Zinndeckel-05-Liter-0.jpg\",\"contentUrl\":\"https:\/\/travel-du.de\/reiseshop\/wp-content\/uploads\/2025\/10\/Bavariashop-PREMIUM-Bierkrug-Bayerische-Regierungsbezirke-Handgefertigter-Bierkrug-mit-Zinndeckel-05-Liter-0.jpg\",\"width\":500,\"height\":500},{\"@type\":\"BreadcrumbList\",\"@id\":\"https:\/\/travel-du.de\/reiseshop\/produkt\/bierkrug-bayerisch\/#breadcrumb\",\"itemListElement\":[{\"@type\":\"ListItem\",\"position\":1,\"name\":\"Startseite\",\"item\":\"https:\/\/travel-du.de\/reiseshop\/\"},{\"@type\":\"ListItem\",\"position\":2,\"name\":\"Shop\",\"item\":\"https:\/\/travel-du.de\/reiseshop\/shop\/\"},{\"@type\":\"ListItem\",\"position\":3,\"name\":\"Bavariashop | PREMIUM Bierkrug Bayerische Regierungsbezirke | Handgefertigter Bierkrug mit Zinndeckel | 0,5 Liter\"}]},{\"@type\":\"WebSite\",\"@id\":\"https:\/\/travel-du.de\/reiseshop\/#website\",\"url\":\"https:\/\/travel-du.de\/reiseshop\/\",\"name\":\"Reiseshop Travel-du.de\",\"description\":\"Der Shop f\u00fcr Reisende, Weltenbummler und Abenteurer\",\"potentialAction\":[{\"@type\":\"SearchAction\",\"target\":{\"@type\":\"EntryPoint\",\"urlTemplate\":\"https:\/\/travel-du.de\/reiseshop\/?s={search_term_string}\"},\"query-input\":{\"@type\":\"PropertyValueSpecification\",\"valueRequired\":true,\"valueName\":\"search_term_string\"}}],\"inLanguage\":\"de\"}]}<\/script>\n<!-- \/ Yoast SEO plugin. -->","yoast_head_json":{"title":"Bavariashop | PREMIUM Bierkrug Bayerische Regierungsbezirke | Handgefertigter Bierkrug mit Zinndeckel | 0,5 Liter &#8211; Reiseshop Travel-du.de","robots":{"index":"index","follow":"follow","max-snippet":"max-snippet:-1","max-image-preview":"max-image-preview:large","max-video-preview":"max-video-preview:-1"},"canonical":"https:\/\/travel-du.de\/reiseshop\/produkt\/bierkrug-bayerisch\/","og_locale":"de_DE","og_type":"article","og_title":"Bavariashop | PREMIUM Bierkrug Bayerische Regierungsbezirke | Handgefertigter Bierkrug mit Zinndeckel | 0,5 Liter &#8211; Reiseshop Travel-du.de","og_description":"BIERKRUG MIT WAPPEN: Auf diesem Bierkrug ist das oberbayerische Wappen aufgebracht. Unsere Biergl\u00e4ser mit Gravur werden in reiner Handarbeit nur f\u00fcr dich hergestellt. Ein idealer Bier-Krug f\u00fcr den Bayern-Liebhaber HERSTELLUNG IN HANDARBEIT: Wir fertigen diesen Bierkrug in reiner Handarbeit, somit kannst du dir sicher sein, ein absolut hochwertiges Unikat zu erhalten. BIER GESCHENK F\u00dcR LIEBHABER: Gerade zum Geburtstag f\u00fcr M\u00e4nner fertigen wir diese Art von Bier-Kr\u00fcgen mit Bayern-Wappen. Der Beschenkte erh\u00e4lt ein absolutes Unikat ich hochwertigster Ausf\u00fchrung. Gefertigt in 100% Handarbeit.","og_url":"https:\/\/travel-du.de\/reiseshop\/produkt\/bierkrug-bayerisch\/","og_site_name":"Reiseshop Travel-du.de","article_modified_time":"2025-10-28T16:13:13+00:00","og_image":[{"width":500,"height":500,"url":"https:\/\/travel-du.de\/reiseshop\/wp-content\/uploads\/2025\/10\/Bavariashop-PREMIUM-Bierkrug-Bayerische-Regierungsbezirke-Handgefertigter-Bierkrug-mit-Zinndeckel-05-Liter-0.jpg","type":"image\/jpeg"}],"twitter_card":"summary_large_image","twitter_misc":{"Gesch\u00e4tzte Lesezeit":"1\u00a0Minute"},"schema":{"@context":"https:\/\/schema.org","@graph":[{"@type":"WebPage","@id":"https:\/\/travel-du.de\/reiseshop\/produkt\/bierkrug-bayerisch\/","url":"https:\/\/travel-du.de\/reiseshop\/produkt\/bierkrug-bayerisch\/","name":"Bavariashop | PREMIUM Bierkrug Bayerische Regierungsbezirke | Handgefertigter Bierkrug mit Zinndeckel | 0,5 Liter &#8211; Reiseshop Travel-du.de","isPartOf":{"@id":"https:\/\/travel-du.de\/reiseshop\/#website"},"primaryImageOfPage":{"@id":"https:\/\/travel-du.de\/reiseshop\/produkt\/bierkrug-bayerisch\/#primaryimage"},"image":{"@id":"https:\/\/travel-du.de\/reiseshop\/produkt\/bierkrug-bayerisch\/#primaryimage"},"thumbnailUrl":"https:\/\/travel-du.de\/reiseshop\/wp-content\/uploads\/2025\/10\/Bavariashop-PREMIUM-Bierkrug-Bayerische-Regierungsbezirke-Handgefertigter-Bierkrug-mit-Zinndeckel-05-Liter-0.jpg","datePublished":"2025-10-28T11:08:15+00:00","dateModified":"2025-10-28T16:13:13+00:00","breadcrumb":{"@id":"https:\/\/travel-du.de\/reiseshop\/produkt\/bierkrug-bayerisch\/#breadcrumb"},"inLanguage":"de","potentialAction":[{"@type":"ReadAction","target":["https:\/\/travel-du.de\/reiseshop\/produkt\/bierkrug-bayerisch\/"]}]},{"@type":"ImageObject","inLanguage":"de","@id":"https:\/\/travel-du.de\/reiseshop\/produkt\/bierkrug-bayerisch\/#primaryimage","url":"https:\/\/travel-du.de\/reiseshop\/wp-content\/uploads\/2025\/10\/Bavariashop-PREMIUM-Bierkrug-Bayerische-Regierungsbezirke-Handgefertigter-Bierkrug-mit-Zinndeckel-05-Liter-0.jpg","contentUrl":"https:\/\/travel-du.de\/reiseshop\/wp-content\/uploads\/2025\/10\/Bavariashop-PREMIUM-Bierkrug-Bayerische-Regierungsbezirke-Handgefertigter-Bierkrug-mit-Zinndeckel-05-Liter-0.jpg","width":500,"height":500},{"@type":"BreadcrumbList","@id":"https:\/\/travel-du.de\/reiseshop\/produkt\/bierkrug-bayerisch\/#breadcrumb","itemListElement":[{"@type":"ListItem","position":1,"name":"Startseite","item":"https:\/\/travel-du.de\/reiseshop\/"},{"@type":"ListItem","position":2,"name":"Shop","item":"https:\/\/travel-du.de\/reiseshop\/shop\/"},{"@type":"ListItem","position":3,"name":"Bavariashop | PREMIUM Bierkrug Bayerische Regierungsbezirke | Handgefertigter Bierkrug mit Zinndeckel | 0,5 Liter"}]},{"@type":"WebSite","@id":"https:\/\/travel-du.de\/reiseshop\/#website","url":"https:\/\/travel-du.de\/reiseshop\/","name":"Reiseshop Travel-du.de","description":"Der Shop f\u00fcr Reisende, Weltenbummler und Abenteurer","potentialAction":[{"@type":"SearchAction","target":{"@type":"EntryPoint","urlTemplate":"https:\/\/travel-du.de\/reiseshop\/?s={search_term_string}"},"query-input":{"@type":"PropertyValueSpecification","valueRequired":true,"valueName":"search_term_string"}}],"inLanguage":"de"}]}},"_links":{"self":[{"href":"https:\/\/travel-du.de\/reiseshop\/wp-json\/wp\/v2\/product\/6197","targetHints":{"allow":["GET"]}}],"collection":[{"href":"https:\/\/travel-du.de\/reiseshop\/wp-json\/wp\/v2\/product"}],"about":[{"href":"https:\/\/travel-du.de\/reiseshop\/wp-json\/wp\/v2\/types\/product"}],"replies":[{"embeddable":true,"href":"https:\/\/travel-du.de\/reiseshop\/wp-json\/wp\/v2\/comments?post=6197"}],"wp:featuredmedia":[{"embeddable":true,"href":"https:\/\/travel-du.de\/reiseshop\/wp-json\/wp\/v2\/media\/6203"}],"wp:attachment":[{"href":"https:\/\/travel-du.de\/reiseshop\/wp-json\/wp\/v2\/media?parent=6197"}],"wp:term":[{"taxonomy":"product_brand","embeddable":true,"href":"https:\/\/travel-du.de\/reiseshop\/wp-json\/wp\/v2\/product_brand?post=6197"},{"taxonomy":"product_cat","embeddable":true,"href":"https:\/\/travel-du.de\/reiseshop\/wp-json\/wp\/v2\/product_cat?post=6197"},{"taxonomy":"product_tag","embeddable":true,"href":"https:\/\/travel-du.de\/reiseshop\/wp-json\/wp\/v2\/product_tag?post=6197"}],"curies":[{"name":"wp","href":"https:\/\/api.w.org\/{rel}","templated":true}]}}