{"id":6164,"date":"2025-10-28T12:07:08","date_gmt":"2025-10-28T11:07:08","guid":{"rendered":"https:\/\/travel-du.de\/reiseshop\/produkt\/puzzleyou-puzzle-majestaetischer-blick-auf-schloss-neuschwanstein-im-herbst-aus-der-puzzle-kollektion-burgen\/"},"modified":"2025-10-28T17:13:36","modified_gmt":"2025-10-28T16:13:36","slug":"puzzle-schloss-neuschwanstein","status":"publish","type":"product","link":"https:\/\/travel-du.de\/reiseshop\/produkt\/puzzle-schloss-neuschwanstein\/","title":{"rendered":"puzzleYOU: Puzzle \u201eMajest\u00e4tischer Blick auf Schloss Neuschwanstein im Herbst\u201c \u2013 aus der Puzzle-Kollektion Burgen"},"content":{"rendered":"<p>Klassisches Qualit\u00e4ts-Puzzle in edler Anthrazit-Schachtel mit Puzzlemotiv als Vorlage<br \/>\nPuzzle in verschiedenen Teilezahlen erh\u00e4ltlich<br \/>\nF\u00fchlbare Wertigkeit: Premium-Pappe 2,25 mm, traditionelle Pr\u00e4zisions-Stanzung &#038; beste Druck-Qualit\u00e4t f\u00fcr maximalen Puzzlespa\u00df<br \/>\nPremium-Puzzles mit Top-Motiven: Von Foto-Profis f\u00fcr Puzzle-Fans<br \/>\nPuzzlemotiv von Vadym Lavra \/ Shutterstock<br \/>\n<div class=\"main-cross-sell\" data-asin=\"B09JCQKCWH\">\n\n\t<div class=\"WooZone-cross-sell-loader\">\n\t\t<div>\n\t\t\t<div id=\"floatingBarsG\">\n\t\t\t\t<div class=\"blockG\" id=\"rotateG_01\"><\/div>\n\t\t\t\t<div class=\"blockG\" id=\"rotateG_02\"><\/div>\n\t\t\t\t<div class=\"blockG\" id=\"rotateG_03\"><\/div>\n\t\t\t\t<div class=\"blockG\" id=\"rotateG_04\"><\/div>\n\t\t\t\t<div class=\"blockG\" id=\"rotateG_05\"><\/div>\n\t\t\t\t<div class=\"blockG\" id=\"rotateG_06\"><\/div>\n\t\t\t\t<div class=\"blockG\" id=\"rotateG_07\"><\/div>\n\t\t\t\t<div class=\"blockG\" id=\"rotateG_08\"><\/div>\n\t\t\t<\/div>\n\t\t\t<div class=\"WooZone-cross-sell-loader-text\"><\/div>\n\t\t<\/div>\n\t<\/div>\n\n\t\t\n<\/div>\n<div style=\"clear:both;\"><\/div><\/p>\n","protected":false},"excerpt":{"rendered":"<p>Klassisches Qualit\u00e4ts-Puzzle in edler Anthrazit-Schachtel mit Puzzlemotiv als Vorlage<br \/>\nPuzzle in verschiedenen Teilezahlen erh\u00e4ltlich<br \/>\nF\u00fchlbare Wertigkeit: Premium-Pappe 2,25 mm, traditionelle Pr\u00e4zisions-Stanzung &#038; beste Druck-Qualit\u00e4t f\u00fcr maximalen Puzzlespa\u00df<\/p>\n","protected":false},"featured_media":6170,"comment_status":"closed","ping_status":"closed","template":"","meta":[],"product_brand":[],"product_cat":[4031,120],"product_tag":[],"class_list":{"0":"post-6164","1":"product","2":"type-product","3":"status-publish","4":"has-post-thumbnail","6":"product_cat-deutschland-geschenkideen","7":"product_cat-reise-geschenke","9":"first","10":"instock","11":"shipping-taxable","12":"product-type-external"},"yoast_head":"<!-- This site is optimized with the Yoast SEO plugin v26.2 - https:\/\/yoast.com\/wordpress\/plugins\/seo\/ -->\n<title>puzzleYOU: Puzzle \u201eMajest\u00e4tischer Blick auf Schloss Neuschwanstein im Herbst\u201c \u2013 aus der Puzzle-Kollektion Burgen &#8211; Reiseshop Travel-du.de<\/title>\n<meta name=\"robots\" content=\"index, follow, max-snippet:-1, max-image-preview:large, max-video-preview:-1\" \/>\n<link rel=\"canonical\" href=\"https:\/\/travel-du.de\/reiseshop\/produkt\/puzzle-schloss-neuschwanstein\/\" \/>\n<meta property=\"og:locale\" content=\"de_DE\" \/>\n<meta property=\"og:type\" content=\"article\" \/>\n<meta property=\"og:title\" content=\"puzzleYOU: Puzzle \u201eMajest\u00e4tischer Blick auf Schloss Neuschwanstein im Herbst\u201c \u2013 aus der Puzzle-Kollektion Burgen &#8211; Reiseshop Travel-du.de\" \/>\n<meta property=\"og:description\" content=\"Klassisches Qualit\u00e4ts-Puzzle in edler Anthrazit-Schachtel mit Puzzlemotiv als Vorlage Puzzle in verschiedenen Teilezahlen erh\u00e4ltlich F\u00fchlbare Wertigkeit: Premium-Pappe 2,25 mm, traditionelle Pr\u00e4zisions-Stanzung &amp; beste Druck-Qualit\u00e4t f\u00fcr maximalen Puzzlespa\u00df\" \/>\n<meta property=\"og:url\" content=\"https:\/\/travel-du.de\/reiseshop\/produkt\/puzzle-schloss-neuschwanstein\/\" \/>\n<meta property=\"og:site_name\" content=\"Reiseshop Travel-du.de\" \/>\n<meta property=\"article:modified_time\" content=\"2025-10-28T16:13:36+00:00\" \/>\n<meta property=\"og:image\" content=\"https:\/\/travel-du.de\/reiseshop\/wp-content\/uploads\/2025\/10\/puzzleYOU-Puzzle-Majestaetischer-Blick-auf-Schloss-Neuschwanstein-im-Herbst--aus-der-Puzzle-Kollektion-Burgen-0.jpg\" \/>\n\t<meta property=\"og:image:width\" content=\"500\" \/>\n\t<meta property=\"og:image:height\" content=\"376\" \/>\n\t<meta property=\"og:image:type\" content=\"image\/jpeg\" \/>\n<meta name=\"twitter:card\" content=\"summary_large_image\" \/>\n<script type=\"application\/ld+json\" class=\"yoast-schema-graph\">{\"@context\":\"https:\/\/schema.org\",\"@graph\":[{\"@type\":\"WebPage\",\"@id\":\"https:\/\/travel-du.de\/reiseshop\/produkt\/puzzle-schloss-neuschwanstein\/\",\"url\":\"https:\/\/travel-du.de\/reiseshop\/produkt\/puzzle-schloss-neuschwanstein\/\",\"name\":\"puzzleYOU: Puzzle \u201eMajest\u00e4tischer Blick auf Schloss Neuschwanstein im Herbst\u201c \u2013 aus der Puzzle-Kollektion Burgen &#8211; Reiseshop Travel-du.de\",\"isPartOf\":{\"@id\":\"https:\/\/travel-du.de\/reiseshop\/#website\"},\"primaryImageOfPage\":{\"@id\":\"https:\/\/travel-du.de\/reiseshop\/produkt\/puzzle-schloss-neuschwanstein\/#primaryimage\"},\"image\":{\"@id\":\"https:\/\/travel-du.de\/reiseshop\/produkt\/puzzle-schloss-neuschwanstein\/#primaryimage\"},\"thumbnailUrl\":\"https:\/\/travel-du.de\/reiseshop\/wp-content\/uploads\/2025\/10\/puzzleYOU-Puzzle-Majestaetischer-Blick-auf-Schloss-Neuschwanstein-im-Herbst--aus-der-Puzzle-Kollektion-Burgen-0.jpg\",\"datePublished\":\"2025-10-28T11:07:08+00:00\",\"dateModified\":\"2025-10-28T16:13:36+00:00\",\"breadcrumb\":{\"@id\":\"https:\/\/travel-du.de\/reiseshop\/produkt\/puzzle-schloss-neuschwanstein\/#breadcrumb\"},\"inLanguage\":\"de\",\"potentialAction\":[{\"@type\":\"ReadAction\",\"target\":[\"https:\/\/travel-du.de\/reiseshop\/produkt\/puzzle-schloss-neuschwanstein\/\"]}]},{\"@type\":\"ImageObject\",\"inLanguage\":\"de\",\"@id\":\"https:\/\/travel-du.de\/reiseshop\/produkt\/puzzle-schloss-neuschwanstein\/#primaryimage\",\"url\":\"https:\/\/travel-du.de\/reiseshop\/wp-content\/uploads\/2025\/10\/puzzleYOU-Puzzle-Majestaetischer-Blick-auf-Schloss-Neuschwanstein-im-Herbst--aus-der-Puzzle-Kollektion-Burgen-0.jpg\",\"contentUrl\":\"https:\/\/travel-du.de\/reiseshop\/wp-content\/uploads\/2025\/10\/puzzleYOU-Puzzle-Majestaetischer-Blick-auf-Schloss-Neuschwanstein-im-Herbst--aus-der-Puzzle-Kollektion-Burgen-0.jpg\",\"width\":500,\"height\":376},{\"@type\":\"BreadcrumbList\",\"@id\":\"https:\/\/travel-du.de\/reiseshop\/produkt\/puzzle-schloss-neuschwanstein\/#breadcrumb\",\"itemListElement\":[{\"@type\":\"ListItem\",\"position\":1,\"name\":\"Startseite\",\"item\":\"https:\/\/travel-du.de\/reiseshop\/\"},{\"@type\":\"ListItem\",\"position\":2,\"name\":\"Shop\",\"item\":\"https:\/\/travel-du.de\/reiseshop\/shop\/\"},{\"@type\":\"ListItem\",\"position\":3,\"name\":\"puzzleYOU: Puzzle \u201eMajest\u00e4tischer Blick auf Schloss Neuschwanstein im Herbst\u201c \u2013 aus der Puzzle-Kollektion Burgen\"}]},{\"@type\":\"WebSite\",\"@id\":\"https:\/\/travel-du.de\/reiseshop\/#website\",\"url\":\"https:\/\/travel-du.de\/reiseshop\/\",\"name\":\"Reiseshop Travel-du.de\",\"description\":\"Der Shop f\u00fcr Reisende, Weltenbummler und Abenteurer\",\"potentialAction\":[{\"@type\":\"SearchAction\",\"target\":{\"@type\":\"EntryPoint\",\"urlTemplate\":\"https:\/\/travel-du.de\/reiseshop\/?s={search_term_string}\"},\"query-input\":{\"@type\":\"PropertyValueSpecification\",\"valueRequired\":true,\"valueName\":\"search_term_string\"}}],\"inLanguage\":\"de\"}]}<\/script>\n<!-- \/ Yoast SEO plugin. -->","yoast_head_json":{"title":"puzzleYOU: Puzzle \u201eMajest\u00e4tischer Blick auf Schloss Neuschwanstein im Herbst\u201c \u2013 aus der Puzzle-Kollektion Burgen &#8211; Reiseshop Travel-du.de","robots":{"index":"index","follow":"follow","max-snippet":"max-snippet:-1","max-image-preview":"max-image-preview:large","max-video-preview":"max-video-preview:-1"},"canonical":"https:\/\/travel-du.de\/reiseshop\/produkt\/puzzle-schloss-neuschwanstein\/","og_locale":"de_DE","og_type":"article","og_title":"puzzleYOU: Puzzle \u201eMajest\u00e4tischer Blick auf Schloss Neuschwanstein im Herbst\u201c \u2013 aus der Puzzle-Kollektion Burgen &#8211; Reiseshop Travel-du.de","og_description":"Klassisches Qualit\u00e4ts-Puzzle in edler Anthrazit-Schachtel mit Puzzlemotiv als Vorlage Puzzle in verschiedenen Teilezahlen erh\u00e4ltlich F\u00fchlbare Wertigkeit: Premium-Pappe 2,25 mm, traditionelle Pr\u00e4zisions-Stanzung & beste Druck-Qualit\u00e4t f\u00fcr maximalen Puzzlespa\u00df","og_url":"https:\/\/travel-du.de\/reiseshop\/produkt\/puzzle-schloss-neuschwanstein\/","og_site_name":"Reiseshop Travel-du.de","article_modified_time":"2025-10-28T16:13:36+00:00","og_image":[{"width":500,"height":376,"url":"https:\/\/travel-du.de\/reiseshop\/wp-content\/uploads\/2025\/10\/puzzleYOU-Puzzle-Majestaetischer-Blick-auf-Schloss-Neuschwanstein-im-Herbst--aus-der-Puzzle-Kollektion-Burgen-0.jpg","type":"image\/jpeg"}],"twitter_card":"summary_large_image","schema":{"@context":"https:\/\/schema.org","@graph":[{"@type":"WebPage","@id":"https:\/\/travel-du.de\/reiseshop\/produkt\/puzzle-schloss-neuschwanstein\/","url":"https:\/\/travel-du.de\/reiseshop\/produkt\/puzzle-schloss-neuschwanstein\/","name":"puzzleYOU: Puzzle \u201eMajest\u00e4tischer Blick auf Schloss Neuschwanstein im Herbst\u201c \u2013 aus der Puzzle-Kollektion Burgen &#8211; Reiseshop Travel-du.de","isPartOf":{"@id":"https:\/\/travel-du.de\/reiseshop\/#website"},"primaryImageOfPage":{"@id":"https:\/\/travel-du.de\/reiseshop\/produkt\/puzzle-schloss-neuschwanstein\/#primaryimage"},"image":{"@id":"https:\/\/travel-du.de\/reiseshop\/produkt\/puzzle-schloss-neuschwanstein\/#primaryimage"},"thumbnailUrl":"https:\/\/travel-du.de\/reiseshop\/wp-content\/uploads\/2025\/10\/puzzleYOU-Puzzle-Majestaetischer-Blick-auf-Schloss-Neuschwanstein-im-Herbst--aus-der-Puzzle-Kollektion-Burgen-0.jpg","datePublished":"2025-10-28T11:07:08+00:00","dateModified":"2025-10-28T16:13:36+00:00","breadcrumb":{"@id":"https:\/\/travel-du.de\/reiseshop\/produkt\/puzzle-schloss-neuschwanstein\/#breadcrumb"},"inLanguage":"de","potentialAction":[{"@type":"ReadAction","target":["https:\/\/travel-du.de\/reiseshop\/produkt\/puzzle-schloss-neuschwanstein\/"]}]},{"@type":"ImageObject","inLanguage":"de","@id":"https:\/\/travel-du.de\/reiseshop\/produkt\/puzzle-schloss-neuschwanstein\/#primaryimage","url":"https:\/\/travel-du.de\/reiseshop\/wp-content\/uploads\/2025\/10\/puzzleYOU-Puzzle-Majestaetischer-Blick-auf-Schloss-Neuschwanstein-im-Herbst--aus-der-Puzzle-Kollektion-Burgen-0.jpg","contentUrl":"https:\/\/travel-du.de\/reiseshop\/wp-content\/uploads\/2025\/10\/puzzleYOU-Puzzle-Majestaetischer-Blick-auf-Schloss-Neuschwanstein-im-Herbst--aus-der-Puzzle-Kollektion-Burgen-0.jpg","width":500,"height":376},{"@type":"BreadcrumbList","@id":"https:\/\/travel-du.de\/reiseshop\/produkt\/puzzle-schloss-neuschwanstein\/#breadcrumb","itemListElement":[{"@type":"ListItem","position":1,"name":"Startseite","item":"https:\/\/travel-du.de\/reiseshop\/"},{"@type":"ListItem","position":2,"name":"Shop","item":"https:\/\/travel-du.de\/reiseshop\/shop\/"},{"@type":"ListItem","position":3,"name":"puzzleYOU: Puzzle \u201eMajest\u00e4tischer Blick auf Schloss Neuschwanstein im Herbst\u201c \u2013 aus der Puzzle-Kollektion Burgen"}]},{"@type":"WebSite","@id":"https:\/\/travel-du.de\/reiseshop\/#website","url":"https:\/\/travel-du.de\/reiseshop\/","name":"Reiseshop Travel-du.de","description":"Der Shop f\u00fcr Reisende, Weltenbummler und Abenteurer","potentialAction":[{"@type":"SearchAction","target":{"@type":"EntryPoint","urlTemplate":"https:\/\/travel-du.de\/reiseshop\/?s={search_term_string}"},"query-input":{"@type":"PropertyValueSpecification","valueRequired":true,"valueName":"search_term_string"}}],"inLanguage":"de"}]}},"_links":{"self":[{"href":"https:\/\/travel-du.de\/reiseshop\/wp-json\/wp\/v2\/product\/6164","targetHints":{"allow":["GET"]}}],"collection":[{"href":"https:\/\/travel-du.de\/reiseshop\/wp-json\/wp\/v2\/product"}],"about":[{"href":"https:\/\/travel-du.de\/reiseshop\/wp-json\/wp\/v2\/types\/product"}],"replies":[{"embeddable":true,"href":"https:\/\/travel-du.de\/reiseshop\/wp-json\/wp\/v2\/comments?post=6164"}],"wp:featuredmedia":[{"embeddable":true,"href":"https:\/\/travel-du.de\/reiseshop\/wp-json\/wp\/v2\/media\/6170"}],"wp:attachment":[{"href":"https:\/\/travel-du.de\/reiseshop\/wp-json\/wp\/v2\/media?parent=6164"}],"wp:term":[{"taxonomy":"product_brand","embeddable":true,"href":"https:\/\/travel-du.de\/reiseshop\/wp-json\/wp\/v2\/product_brand?post=6164"},{"taxonomy":"product_cat","embeddable":true,"href":"https:\/\/travel-du.de\/reiseshop\/wp-json\/wp\/v2\/product_cat?post=6164"},{"taxonomy":"product_tag","embeddable":true,"href":"https:\/\/travel-du.de\/reiseshop\/wp-json\/wp\/v2\/product_tag?post=6164"}],"curies":[{"name":"wp","href":"https:\/\/api.w.org\/{rel}","templated":true}]}}