{"id":6150,"date":"2025-10-28T12:06:32","date_gmt":"2025-10-28T11:06:32","guid":{"rendered":"https:\/\/travel-du.de\/reiseshop\/produkt\/mypuzzle-burg-eltz-wierschem-rheinland-pfalz-deutschland-premium-puzzle-mypuzzle-sonderkollektion-von-puzzle-galaxy\/"},"modified":"2025-10-28T17:13:53","modified_gmt":"2025-10-28T16:13:53","slug":"puzzle-burg-eltz","status":"publish","type":"product","link":"https:\/\/travel-du.de\/reiseshop\/produkt\/puzzle-burg-eltz\/","title":{"rendered":"MyPuzzle Burg Eltz, Wierschem, Rheinland Pfalz, Deutschland &#8211; Premium Puzzle &#8211; MyPuzzle Sonderkollektion von Puzzle Galaxy"},"content":{"rendered":"<p>Durch das moderne Druckverfahren mit hochpigmentierter Tinte wirkt das Puzzle-Motiv f\u00fcr Erwachsene besonders farbintensiv.<br \/>\nPuzzle 1000 Teile. Pr\u00e4zisions-Stanzformen sorgen f\u00fcr eine Formvielfalt und passgenaue Puzzleteile.<br \/>\nGelegte Puzzle Gr\u00f6\u00dfe von 68 x 48 cm das perfekt Puzzle f\u00fcr Erwachsene mit 1000 teilen.<br \/>\nKlimakompensierte Produktion: Der Carbon Footprint der Puzzle-Herstellung wurde mit Klimaschutzprojekten bilanziell ausgeglichen.<br \/>\nMotiv von diesem 1000 Teile Puzzle: imageBROKER.com \/ Shutterstock<br \/>\n<div class=\"main-cross-sell\" data-asin=\"B0BPJPZXXD\">\n\n\t<div class=\"WooZone-cross-sell-loader\">\n\t\t<div>\n\t\t\t<div id=\"floatingBarsG\">\n\t\t\t\t<div class=\"blockG\" id=\"rotateG_01\"><\/div>\n\t\t\t\t<div class=\"blockG\" id=\"rotateG_02\"><\/div>\n\t\t\t\t<div class=\"blockG\" id=\"rotateG_03\"><\/div>\n\t\t\t\t<div class=\"blockG\" id=\"rotateG_04\"><\/div>\n\t\t\t\t<div class=\"blockG\" id=\"rotateG_05\"><\/div>\n\t\t\t\t<div class=\"blockG\" id=\"rotateG_06\"><\/div>\n\t\t\t\t<div class=\"blockG\" id=\"rotateG_07\"><\/div>\n\t\t\t\t<div class=\"blockG\" id=\"rotateG_08\"><\/div>\n\t\t\t<\/div>\n\t\t\t<div class=\"WooZone-cross-sell-loader-text\"><\/div>\n\t\t<\/div>\n\t<\/div>\n\n\t\t\n<\/div>\n<div style=\"clear:both;\"><\/div><\/p>\n","protected":false},"excerpt":{"rendered":"<p>Durch das moderne Druckverfahren mit hochpigmentierter Tinte wirkt das Puzzle-Motiv f\u00fcr Erwachsene besonders farbintensiv.<br \/>\nPuzzle 1000 Teile. Pr\u00e4zisions-Stanzformen sorgen f\u00fcr eine Formvielfalt und passgenaue Puzzleteile.<br \/>\nGelegte Puzzle Gr\u00f6\u00dfe von 68 x 48 cm das perfekt Puzzle f\u00fcr Erwachsene mit 1000 teilen.<\/p>\n","protected":false},"featured_media":6155,"comment_status":"closed","ping_status":"closed","template":"","meta":[],"product_brand":[],"product_cat":[4031,120],"product_tag":[],"class_list":{"0":"post-6150","1":"product","2":"type-product","3":"status-publish","4":"has-post-thumbnail","6":"product_cat-deutschland-geschenkideen","7":"product_cat-reise-geschenke","9":"first","10":"instock","11":"shipping-taxable","12":"product-type-external"},"yoast_head":"<!-- This site is optimized with the Yoast SEO plugin v26.2 - https:\/\/yoast.com\/wordpress\/plugins\/seo\/ -->\n<title>MyPuzzle Burg Eltz, Wierschem, Rheinland Pfalz, Deutschland - Premium Puzzle - MyPuzzle Sonderkollektion von Puzzle Galaxy &#8211; Reiseshop Travel-du.de<\/title>\n<meta name=\"robots\" content=\"index, follow, max-snippet:-1, max-image-preview:large, max-video-preview:-1\" \/>\n<link rel=\"canonical\" href=\"https:\/\/travel-du.de\/reiseshop\/produkt\/puzzle-burg-eltz\/\" \/>\n<meta property=\"og:locale\" content=\"de_DE\" \/>\n<meta property=\"og:type\" content=\"article\" \/>\n<meta property=\"og:title\" content=\"MyPuzzle Burg Eltz, Wierschem, Rheinland Pfalz, Deutschland - Premium Puzzle - MyPuzzle Sonderkollektion von Puzzle Galaxy &#8211; Reiseshop Travel-du.de\" \/>\n<meta property=\"og:description\" content=\"Durch das moderne Druckverfahren mit hochpigmentierter Tinte wirkt das Puzzle-Motiv f\u00fcr Erwachsene besonders farbintensiv. Puzzle 1000 Teile. Pr\u00e4zisions-Stanzformen sorgen f\u00fcr eine Formvielfalt und passgenaue Puzzleteile. Gelegte Puzzle Gr\u00f6\u00dfe von 68 x 48 cm das perfekt Puzzle f\u00fcr Erwachsene mit 1000 teilen.\" \/>\n<meta property=\"og:url\" content=\"https:\/\/travel-du.de\/reiseshop\/produkt\/puzzle-burg-eltz\/\" \/>\n<meta property=\"og:site_name\" content=\"Reiseshop Travel-du.de\" \/>\n<meta property=\"article:modified_time\" content=\"2025-10-28T16:13:53+00:00\" \/>\n<meta property=\"og:image\" content=\"https:\/\/travel-du.de\/reiseshop\/wp-content\/uploads\/2025\/10\/MyPuzzle-Burg-Eltz-Wierschem-Rheinland-Pfalz-Deutschland-Premium-Puzzle-MyPuzzle-Sonderkollektion-von-Puzzle-Galaxy-0.jpg\" \/>\n\t<meta property=\"og:image:width\" content=\"500\" \/>\n\t<meta property=\"og:image:height\" content=\"500\" \/>\n\t<meta property=\"og:image:type\" content=\"image\/jpeg\" \/>\n<meta name=\"twitter:card\" content=\"summary_large_image\" \/>\n<script type=\"application\/ld+json\" class=\"yoast-schema-graph\">{\"@context\":\"https:\/\/schema.org\",\"@graph\":[{\"@type\":\"WebPage\",\"@id\":\"https:\/\/travel-du.de\/reiseshop\/produkt\/puzzle-burg-eltz\/\",\"url\":\"https:\/\/travel-du.de\/reiseshop\/produkt\/puzzle-burg-eltz\/\",\"name\":\"MyPuzzle Burg Eltz, Wierschem, Rheinland Pfalz, Deutschland - Premium Puzzle - MyPuzzle Sonderkollektion von Puzzle Galaxy &#8211; Reiseshop Travel-du.de\",\"isPartOf\":{\"@id\":\"https:\/\/travel-du.de\/reiseshop\/#website\"},\"primaryImageOfPage\":{\"@id\":\"https:\/\/travel-du.de\/reiseshop\/produkt\/puzzle-burg-eltz\/#primaryimage\"},\"image\":{\"@id\":\"https:\/\/travel-du.de\/reiseshop\/produkt\/puzzle-burg-eltz\/#primaryimage\"},\"thumbnailUrl\":\"https:\/\/travel-du.de\/reiseshop\/wp-content\/uploads\/2025\/10\/MyPuzzle-Burg-Eltz-Wierschem-Rheinland-Pfalz-Deutschland-Premium-Puzzle-MyPuzzle-Sonderkollektion-von-Puzzle-Galaxy-0.jpg\",\"datePublished\":\"2025-10-28T11:06:32+00:00\",\"dateModified\":\"2025-10-28T16:13:53+00:00\",\"breadcrumb\":{\"@id\":\"https:\/\/travel-du.de\/reiseshop\/produkt\/puzzle-burg-eltz\/#breadcrumb\"},\"inLanguage\":\"de\",\"potentialAction\":[{\"@type\":\"ReadAction\",\"target\":[\"https:\/\/travel-du.de\/reiseshop\/produkt\/puzzle-burg-eltz\/\"]}]},{\"@type\":\"ImageObject\",\"inLanguage\":\"de\",\"@id\":\"https:\/\/travel-du.de\/reiseshop\/produkt\/puzzle-burg-eltz\/#primaryimage\",\"url\":\"https:\/\/travel-du.de\/reiseshop\/wp-content\/uploads\/2025\/10\/MyPuzzle-Burg-Eltz-Wierschem-Rheinland-Pfalz-Deutschland-Premium-Puzzle-MyPuzzle-Sonderkollektion-von-Puzzle-Galaxy-0.jpg\",\"contentUrl\":\"https:\/\/travel-du.de\/reiseshop\/wp-content\/uploads\/2025\/10\/MyPuzzle-Burg-Eltz-Wierschem-Rheinland-Pfalz-Deutschland-Premium-Puzzle-MyPuzzle-Sonderkollektion-von-Puzzle-Galaxy-0.jpg\",\"width\":500,\"height\":500},{\"@type\":\"BreadcrumbList\",\"@id\":\"https:\/\/travel-du.de\/reiseshop\/produkt\/puzzle-burg-eltz\/#breadcrumb\",\"itemListElement\":[{\"@type\":\"ListItem\",\"position\":1,\"name\":\"Startseite\",\"item\":\"https:\/\/travel-du.de\/reiseshop\/\"},{\"@type\":\"ListItem\",\"position\":2,\"name\":\"Shop\",\"item\":\"https:\/\/travel-du.de\/reiseshop\/shop\/\"},{\"@type\":\"ListItem\",\"position\":3,\"name\":\"MyPuzzle Burg Eltz, Wierschem, Rheinland Pfalz, Deutschland &#8211; Premium Puzzle &#8211; MyPuzzle Sonderkollektion von Puzzle Galaxy\"}]},{\"@type\":\"WebSite\",\"@id\":\"https:\/\/travel-du.de\/reiseshop\/#website\",\"url\":\"https:\/\/travel-du.de\/reiseshop\/\",\"name\":\"Reiseshop Travel-du.de\",\"description\":\"Der Shop f\u00fcr Reisende, Weltenbummler und Abenteurer\",\"potentialAction\":[{\"@type\":\"SearchAction\",\"target\":{\"@type\":\"EntryPoint\",\"urlTemplate\":\"https:\/\/travel-du.de\/reiseshop\/?s={search_term_string}\"},\"query-input\":{\"@type\":\"PropertyValueSpecification\",\"valueRequired\":true,\"valueName\":\"search_term_string\"}}],\"inLanguage\":\"de\"}]}<\/script>\n<!-- \/ Yoast SEO plugin. -->","yoast_head_json":{"title":"MyPuzzle Burg Eltz, Wierschem, Rheinland Pfalz, Deutschland - Premium Puzzle - MyPuzzle Sonderkollektion von Puzzle Galaxy &#8211; Reiseshop Travel-du.de","robots":{"index":"index","follow":"follow","max-snippet":"max-snippet:-1","max-image-preview":"max-image-preview:large","max-video-preview":"max-video-preview:-1"},"canonical":"https:\/\/travel-du.de\/reiseshop\/produkt\/puzzle-burg-eltz\/","og_locale":"de_DE","og_type":"article","og_title":"MyPuzzle Burg Eltz, Wierschem, Rheinland Pfalz, Deutschland - Premium Puzzle - MyPuzzle Sonderkollektion von Puzzle Galaxy &#8211; Reiseshop Travel-du.de","og_description":"Durch das moderne Druckverfahren mit hochpigmentierter Tinte wirkt das Puzzle-Motiv f\u00fcr Erwachsene besonders farbintensiv. Puzzle 1000 Teile. Pr\u00e4zisions-Stanzformen sorgen f\u00fcr eine Formvielfalt und passgenaue Puzzleteile. Gelegte Puzzle Gr\u00f6\u00dfe von 68 x 48 cm das perfekt Puzzle f\u00fcr Erwachsene mit 1000 teilen.","og_url":"https:\/\/travel-du.de\/reiseshop\/produkt\/puzzle-burg-eltz\/","og_site_name":"Reiseshop Travel-du.de","article_modified_time":"2025-10-28T16:13:53+00:00","og_image":[{"width":500,"height":500,"url":"https:\/\/travel-du.de\/reiseshop\/wp-content\/uploads\/2025\/10\/MyPuzzle-Burg-Eltz-Wierschem-Rheinland-Pfalz-Deutschland-Premium-Puzzle-MyPuzzle-Sonderkollektion-von-Puzzle-Galaxy-0.jpg","type":"image\/jpeg"}],"twitter_card":"summary_large_image","schema":{"@context":"https:\/\/schema.org","@graph":[{"@type":"WebPage","@id":"https:\/\/travel-du.de\/reiseshop\/produkt\/puzzle-burg-eltz\/","url":"https:\/\/travel-du.de\/reiseshop\/produkt\/puzzle-burg-eltz\/","name":"MyPuzzle Burg Eltz, Wierschem, Rheinland Pfalz, Deutschland - Premium Puzzle - MyPuzzle Sonderkollektion von Puzzle Galaxy &#8211; Reiseshop Travel-du.de","isPartOf":{"@id":"https:\/\/travel-du.de\/reiseshop\/#website"},"primaryImageOfPage":{"@id":"https:\/\/travel-du.de\/reiseshop\/produkt\/puzzle-burg-eltz\/#primaryimage"},"image":{"@id":"https:\/\/travel-du.de\/reiseshop\/produkt\/puzzle-burg-eltz\/#primaryimage"},"thumbnailUrl":"https:\/\/travel-du.de\/reiseshop\/wp-content\/uploads\/2025\/10\/MyPuzzle-Burg-Eltz-Wierschem-Rheinland-Pfalz-Deutschland-Premium-Puzzle-MyPuzzle-Sonderkollektion-von-Puzzle-Galaxy-0.jpg","datePublished":"2025-10-28T11:06:32+00:00","dateModified":"2025-10-28T16:13:53+00:00","breadcrumb":{"@id":"https:\/\/travel-du.de\/reiseshop\/produkt\/puzzle-burg-eltz\/#breadcrumb"},"inLanguage":"de","potentialAction":[{"@type":"ReadAction","target":["https:\/\/travel-du.de\/reiseshop\/produkt\/puzzle-burg-eltz\/"]}]},{"@type":"ImageObject","inLanguage":"de","@id":"https:\/\/travel-du.de\/reiseshop\/produkt\/puzzle-burg-eltz\/#primaryimage","url":"https:\/\/travel-du.de\/reiseshop\/wp-content\/uploads\/2025\/10\/MyPuzzle-Burg-Eltz-Wierschem-Rheinland-Pfalz-Deutschland-Premium-Puzzle-MyPuzzle-Sonderkollektion-von-Puzzle-Galaxy-0.jpg","contentUrl":"https:\/\/travel-du.de\/reiseshop\/wp-content\/uploads\/2025\/10\/MyPuzzle-Burg-Eltz-Wierschem-Rheinland-Pfalz-Deutschland-Premium-Puzzle-MyPuzzle-Sonderkollektion-von-Puzzle-Galaxy-0.jpg","width":500,"height":500},{"@type":"BreadcrumbList","@id":"https:\/\/travel-du.de\/reiseshop\/produkt\/puzzle-burg-eltz\/#breadcrumb","itemListElement":[{"@type":"ListItem","position":1,"name":"Startseite","item":"https:\/\/travel-du.de\/reiseshop\/"},{"@type":"ListItem","position":2,"name":"Shop","item":"https:\/\/travel-du.de\/reiseshop\/shop\/"},{"@type":"ListItem","position":3,"name":"MyPuzzle Burg Eltz, Wierschem, Rheinland Pfalz, Deutschland &#8211; Premium Puzzle &#8211; MyPuzzle Sonderkollektion von Puzzle Galaxy"}]},{"@type":"WebSite","@id":"https:\/\/travel-du.de\/reiseshop\/#website","url":"https:\/\/travel-du.de\/reiseshop\/","name":"Reiseshop Travel-du.de","description":"Der Shop f\u00fcr Reisende, Weltenbummler und Abenteurer","potentialAction":[{"@type":"SearchAction","target":{"@type":"EntryPoint","urlTemplate":"https:\/\/travel-du.de\/reiseshop\/?s={search_term_string}"},"query-input":{"@type":"PropertyValueSpecification","valueRequired":true,"valueName":"search_term_string"}}],"inLanguage":"de"}]}},"_links":{"self":[{"href":"https:\/\/travel-du.de\/reiseshop\/wp-json\/wp\/v2\/product\/6150","targetHints":{"allow":["GET"]}}],"collection":[{"href":"https:\/\/travel-du.de\/reiseshop\/wp-json\/wp\/v2\/product"}],"about":[{"href":"https:\/\/travel-du.de\/reiseshop\/wp-json\/wp\/v2\/types\/product"}],"replies":[{"embeddable":true,"href":"https:\/\/travel-du.de\/reiseshop\/wp-json\/wp\/v2\/comments?post=6150"}],"wp:featuredmedia":[{"embeddable":true,"href":"https:\/\/travel-du.de\/reiseshop\/wp-json\/wp\/v2\/media\/6155"}],"wp:attachment":[{"href":"https:\/\/travel-du.de\/reiseshop\/wp-json\/wp\/v2\/media?parent=6150"}],"wp:term":[{"taxonomy":"product_brand","embeddable":true,"href":"https:\/\/travel-du.de\/reiseshop\/wp-json\/wp\/v2\/product_brand?post=6150"},{"taxonomy":"product_cat","embeddable":true,"href":"https:\/\/travel-du.de\/reiseshop\/wp-json\/wp\/v2\/product_cat?post=6150"},{"taxonomy":"product_tag","embeddable":true,"href":"https:\/\/travel-du.de\/reiseshop\/wp-json\/wp\/v2\/product_tag?post=6150"}],"curies":[{"name":"wp","href":"https:\/\/api.w.org\/{rel}","templated":true}]}}