{"id":6103,"date":"2025-10-28T12:04:27","date_gmt":"2025-10-28T11:04:27","guid":{"rendered":"https:\/\/travel-du.de\/reiseshop\/produkt\/ravensburger-26492-deutschlandreise-familienklassiker-ab-8-jahren-gesellschaftspiel-reise-durch-deutschland-fuer-bis-zu-6-spieler\/"},"modified":"2025-10-28T17:14:42","modified_gmt":"2025-10-28T16:14:42","slug":"ravensburger-deutschlandreise-gesellschaftspiel","status":"publish","type":"product","link":"https:\/\/travel-du.de\/reiseshop\/produkt\/ravensburger-deutschlandreise-gesellschaftspiel\/","title":{"rendered":"Ravensburger 26492 &#8211; Deutschlandreise &#8211; Familienklassiker ab 8 Jahren &#8211; Gesellschaftspiel, Reise durch Deutschland, f\u00fcr bis zu 6 Spieler"},"content":{"rendered":"<p>Spannendes Wettlaufspiel durch Deutschland: \u00dcber 200 kleine und gro\u00dfe St\u00e4dte Deutschlands werden in Wort und Bild vorgestellt. Spielerisch wird das Heimatland in die eigenen vier W\u00e4nde gebracht<br \/>\nDas klassische Brettspiel f\u00fcr bis zu sechs Personen besteht aus einem gro\u00dfen Spielfeld und zuf\u00e4llig verteilten St\u00e4dtekarten. Diese bestimmen eine stets neue, f\u00fcr jeden Spieler unterschiedliche Reiseroute. Jetzt hei\u00dft es: clever planen<br \/>\nDas Ziel: Acht St\u00e4dte besuchen, als Erster wieder am vorher festgelegten Startort sein. Gefragt sind: Taktik, Spa\u00df und etwas W\u00fcrfelgl\u00fcck. Abwechslung bieten die zwei verschiedenen Spielpl\u00e4ne der Deutschlandreise: Sie zeigen die geografische und die politische Karte<br \/>\nSeit \u00fcber 85 Jahren sorgt das Gesellschaftsspiel die &#8218;Deutschlandreise&#8216; am Spieltisch f\u00fcr Gespr\u00e4chsstoff. Anl\u00e4sslich des 60. Geburtstags der Bundesrepublik Deutschland hat Ravensburger den beliebten Klassiker neu aufgelegt<br \/>\nPerfekt f\u00fcr Jungen und M\u00e4dchen ab 8 Jahren: Dank der einfachen Regeln kann direkt losgespielt und die Reise gestartet werden. Ein ideales Geschenk zum Geburtstag oder zu Weihnachten<br \/>\n<div class=\"main-cross-sell\" data-asin=\"B095MV7FB5\">\n\n\t<div class=\"WooZone-cross-sell-loader\">\n\t\t<div>\n\t\t\t<div id=\"floatingBarsG\">\n\t\t\t\t<div class=\"blockG\" id=\"rotateG_01\"><\/div>\n\t\t\t\t<div class=\"blockG\" id=\"rotateG_02\"><\/div>\n\t\t\t\t<div class=\"blockG\" id=\"rotateG_03\"><\/div>\n\t\t\t\t<div class=\"blockG\" id=\"rotateG_04\"><\/div>\n\t\t\t\t<div class=\"blockG\" id=\"rotateG_05\"><\/div>\n\t\t\t\t<div class=\"blockG\" id=\"rotateG_06\"><\/div>\n\t\t\t\t<div class=\"blockG\" id=\"rotateG_07\"><\/div>\n\t\t\t\t<div class=\"blockG\" id=\"rotateG_08\"><\/div>\n\t\t\t<\/div>\n\t\t\t<div class=\"WooZone-cross-sell-loader-text\"><\/div>\n\t\t<\/div>\n\t<\/div>\n\n\t\t\n<\/div>\n<div style=\"clear:both;\"><\/div><\/p>\n","protected":false},"excerpt":{"rendered":"<p>Spannendes Wettlaufspiel durch Deutschland: \u00dcber 200 kleine und gro\u00dfe St\u00e4dte Deutschlands werden in Wort und Bild vorgestellt. Spielerisch wird das Heimatland in die eigenen vier W\u00e4nde gebracht<br \/>\nDas klassische Brettspiel f\u00fcr bis zu sechs Personen besteht aus einem gro\u00dfen Spielfeld und zuf\u00e4llig verteilten St\u00e4dtekarten. Diese bestimmen eine stets neue, f\u00fcr jeden Spieler unterschiedliche Reiseroute. Jetzt hei\u00dft es: clever planen<br \/>\nDas Ziel: Acht St\u00e4dte besuchen, als Erster wieder am vorher festgelegten Startort sein. Gefragt sind: Taktik, Spa\u00df und etwas W\u00fcrfelgl\u00fcck. Abwechslung bieten die zwei verschiedenen Spielpl\u00e4ne der Deutschlandreise: Sie zeigen die geografische und die politische Karte<\/p>\n","protected":false},"featured_media":6105,"comment_status":"closed","ping_status":"closed","template":"","meta":[],"product_brand":[],"product_cat":[4031,120],"product_tag":[],"class_list":{"0":"post-6103","1":"product","2":"type-product","3":"status-publish","4":"has-post-thumbnail","6":"product_cat-deutschland-geschenkideen","7":"product_cat-reise-geschenke","9":"first","10":"instock","11":"shipping-taxable","12":"product-type-external"},"yoast_head":"<!-- This site is optimized with the Yoast SEO plugin v26.2 - https:\/\/yoast.com\/wordpress\/plugins\/seo\/ -->\n<title>Ravensburger 26492 - Deutschlandreise - Familienklassiker ab 8 Jahren - Gesellschaftspiel, Reise durch Deutschland, f\u00fcr bis zu 6 Spieler &#8211; Reiseshop Travel-du.de<\/title>\n<meta name=\"robots\" content=\"index, follow, max-snippet:-1, max-image-preview:large, max-video-preview:-1\" \/>\n<link rel=\"canonical\" href=\"https:\/\/travel-du.de\/reiseshop\/produkt\/ravensburger-deutschlandreise-gesellschaftspiel\/\" \/>\n<meta property=\"og:locale\" content=\"de_DE\" \/>\n<meta property=\"og:type\" content=\"article\" \/>\n<meta property=\"og:title\" content=\"Ravensburger 26492 - Deutschlandreise - Familienklassiker ab 8 Jahren - Gesellschaftspiel, Reise durch Deutschland, f\u00fcr bis zu 6 Spieler &#8211; Reiseshop Travel-du.de\" \/>\n<meta property=\"og:description\" content=\"Spannendes Wettlaufspiel durch Deutschland: \u00dcber 200 kleine und gro\u00dfe St\u00e4dte Deutschlands werden in Wort und Bild vorgestellt. Spielerisch wird das Heimatland in die eigenen vier W\u00e4nde gebracht Das klassische Brettspiel f\u00fcr bis zu sechs Personen besteht aus einem gro\u00dfen Spielfeld und zuf\u00e4llig verteilten St\u00e4dtekarten. Diese bestimmen eine stets neue, f\u00fcr jeden Spieler unterschiedliche Reiseroute. Jetzt hei\u00dft es: clever planen Das Ziel: Acht St\u00e4dte besuchen, als Erster wieder am vorher festgelegten Startort sein. Gefragt sind: Taktik, Spa\u00df und etwas W\u00fcrfelgl\u00fcck. Abwechslung bieten die zwei verschiedenen Spielpl\u00e4ne der Deutschlandreise: Sie zeigen die geografische und die politische Karte\" \/>\n<meta property=\"og:url\" content=\"https:\/\/travel-du.de\/reiseshop\/produkt\/ravensburger-deutschlandreise-gesellschaftspiel\/\" \/>\n<meta property=\"og:site_name\" content=\"Reiseshop Travel-du.de\" \/>\n<meta property=\"article:modified_time\" content=\"2025-10-28T16:14:42+00:00\" \/>\n<meta property=\"og:image\" content=\"https:\/\/travel-du.de\/reiseshop\/wp-content\/uploads\/2025\/10\/Ravensburger-26492-Deutschlandreise-Familienklassiker-ab-8-Jahren-Gesellschaftspiel-Reise-durch-Deutschland-fuer-bis-zu-6-Spieler-0.jpg\" \/>\n\t<meta property=\"og:image:width\" content=\"500\" \/>\n\t<meta property=\"og:image:height\" content=\"500\" \/>\n\t<meta property=\"og:image:type\" content=\"image\/jpeg\" \/>\n<meta name=\"twitter:card\" content=\"summary_large_image\" \/>\n<meta name=\"twitter:label1\" content=\"Gesch\u00e4tzte Lesezeit\" \/>\n\t<meta name=\"twitter:data1\" content=\"1\u00a0Minute\" \/>\n<script type=\"application\/ld+json\" class=\"yoast-schema-graph\">{\"@context\":\"https:\/\/schema.org\",\"@graph\":[{\"@type\":\"WebPage\",\"@id\":\"https:\/\/travel-du.de\/reiseshop\/produkt\/ravensburger-deutschlandreise-gesellschaftspiel\/\",\"url\":\"https:\/\/travel-du.de\/reiseshop\/produkt\/ravensburger-deutschlandreise-gesellschaftspiel\/\",\"name\":\"Ravensburger 26492 - Deutschlandreise - Familienklassiker ab 8 Jahren - Gesellschaftspiel, Reise durch Deutschland, f\u00fcr bis zu 6 Spieler &#8211; Reiseshop Travel-du.de\",\"isPartOf\":{\"@id\":\"https:\/\/travel-du.de\/reiseshop\/#website\"},\"primaryImageOfPage\":{\"@id\":\"https:\/\/travel-du.de\/reiseshop\/produkt\/ravensburger-deutschlandreise-gesellschaftspiel\/#primaryimage\"},\"image\":{\"@id\":\"https:\/\/travel-du.de\/reiseshop\/produkt\/ravensburger-deutschlandreise-gesellschaftspiel\/#primaryimage\"},\"thumbnailUrl\":\"https:\/\/travel-du.de\/reiseshop\/wp-content\/uploads\/2025\/10\/Ravensburger-26492-Deutschlandreise-Familienklassiker-ab-8-Jahren-Gesellschaftspiel-Reise-durch-Deutschland-fuer-bis-zu-6-Spieler-0.jpg\",\"datePublished\":\"2025-10-28T11:04:27+00:00\",\"dateModified\":\"2025-10-28T16:14:42+00:00\",\"breadcrumb\":{\"@id\":\"https:\/\/travel-du.de\/reiseshop\/produkt\/ravensburger-deutschlandreise-gesellschaftspiel\/#breadcrumb\"},\"inLanguage\":\"de\",\"potentialAction\":[{\"@type\":\"ReadAction\",\"target\":[\"https:\/\/travel-du.de\/reiseshop\/produkt\/ravensburger-deutschlandreise-gesellschaftspiel\/\"]}]},{\"@type\":\"ImageObject\",\"inLanguage\":\"de\",\"@id\":\"https:\/\/travel-du.de\/reiseshop\/produkt\/ravensburger-deutschlandreise-gesellschaftspiel\/#primaryimage\",\"url\":\"https:\/\/travel-du.de\/reiseshop\/wp-content\/uploads\/2025\/10\/Ravensburger-26492-Deutschlandreise-Familienklassiker-ab-8-Jahren-Gesellschaftspiel-Reise-durch-Deutschland-fuer-bis-zu-6-Spieler-0.jpg\",\"contentUrl\":\"https:\/\/travel-du.de\/reiseshop\/wp-content\/uploads\/2025\/10\/Ravensburger-26492-Deutschlandreise-Familienklassiker-ab-8-Jahren-Gesellschaftspiel-Reise-durch-Deutschland-fuer-bis-zu-6-Spieler-0.jpg\",\"width\":500,\"height\":500},{\"@type\":\"BreadcrumbList\",\"@id\":\"https:\/\/travel-du.de\/reiseshop\/produkt\/ravensburger-deutschlandreise-gesellschaftspiel\/#breadcrumb\",\"itemListElement\":[{\"@type\":\"ListItem\",\"position\":1,\"name\":\"Startseite\",\"item\":\"https:\/\/travel-du.de\/reiseshop\/\"},{\"@type\":\"ListItem\",\"position\":2,\"name\":\"Shop\",\"item\":\"https:\/\/travel-du.de\/reiseshop\/shop\/\"},{\"@type\":\"ListItem\",\"position\":3,\"name\":\"Ravensburger 26492 &#8211; Deutschlandreise &#8211; Familienklassiker ab 8 Jahren &#8211; Gesellschaftspiel, Reise durch Deutschland, f\u00fcr bis zu 6 Spieler\"}]},{\"@type\":\"WebSite\",\"@id\":\"https:\/\/travel-du.de\/reiseshop\/#website\",\"url\":\"https:\/\/travel-du.de\/reiseshop\/\",\"name\":\"Reiseshop Travel-du.de\",\"description\":\"Der Shop f\u00fcr Reisende, Weltenbummler und Abenteurer\",\"potentialAction\":[{\"@type\":\"SearchAction\",\"target\":{\"@type\":\"EntryPoint\",\"urlTemplate\":\"https:\/\/travel-du.de\/reiseshop\/?s={search_term_string}\"},\"query-input\":{\"@type\":\"PropertyValueSpecification\",\"valueRequired\":true,\"valueName\":\"search_term_string\"}}],\"inLanguage\":\"de\"}]}<\/script>\n<!-- \/ Yoast SEO plugin. -->","yoast_head_json":{"title":"Ravensburger 26492 - Deutschlandreise - Familienklassiker ab 8 Jahren - Gesellschaftspiel, Reise durch Deutschland, f\u00fcr bis zu 6 Spieler &#8211; Reiseshop Travel-du.de","robots":{"index":"index","follow":"follow","max-snippet":"max-snippet:-1","max-image-preview":"max-image-preview:large","max-video-preview":"max-video-preview:-1"},"canonical":"https:\/\/travel-du.de\/reiseshop\/produkt\/ravensburger-deutschlandreise-gesellschaftspiel\/","og_locale":"de_DE","og_type":"article","og_title":"Ravensburger 26492 - Deutschlandreise - Familienklassiker ab 8 Jahren - Gesellschaftspiel, Reise durch Deutschland, f\u00fcr bis zu 6 Spieler &#8211; Reiseshop Travel-du.de","og_description":"Spannendes Wettlaufspiel durch Deutschland: \u00dcber 200 kleine und gro\u00dfe St\u00e4dte Deutschlands werden in Wort und Bild vorgestellt. Spielerisch wird das Heimatland in die eigenen vier W\u00e4nde gebracht Das klassische Brettspiel f\u00fcr bis zu sechs Personen besteht aus einem gro\u00dfen Spielfeld und zuf\u00e4llig verteilten St\u00e4dtekarten. Diese bestimmen eine stets neue, f\u00fcr jeden Spieler unterschiedliche Reiseroute. Jetzt hei\u00dft es: clever planen Das Ziel: Acht St\u00e4dte besuchen, als Erster wieder am vorher festgelegten Startort sein. Gefragt sind: Taktik, Spa\u00df und etwas W\u00fcrfelgl\u00fcck. Abwechslung bieten die zwei verschiedenen Spielpl\u00e4ne der Deutschlandreise: Sie zeigen die geografische und die politische Karte","og_url":"https:\/\/travel-du.de\/reiseshop\/produkt\/ravensburger-deutschlandreise-gesellschaftspiel\/","og_site_name":"Reiseshop Travel-du.de","article_modified_time":"2025-10-28T16:14:42+00:00","og_image":[{"width":500,"height":500,"url":"https:\/\/travel-du.de\/reiseshop\/wp-content\/uploads\/2025\/10\/Ravensburger-26492-Deutschlandreise-Familienklassiker-ab-8-Jahren-Gesellschaftspiel-Reise-durch-Deutschland-fuer-bis-zu-6-Spieler-0.jpg","type":"image\/jpeg"}],"twitter_card":"summary_large_image","twitter_misc":{"Gesch\u00e4tzte Lesezeit":"1\u00a0Minute"},"schema":{"@context":"https:\/\/schema.org","@graph":[{"@type":"WebPage","@id":"https:\/\/travel-du.de\/reiseshop\/produkt\/ravensburger-deutschlandreise-gesellschaftspiel\/","url":"https:\/\/travel-du.de\/reiseshop\/produkt\/ravensburger-deutschlandreise-gesellschaftspiel\/","name":"Ravensburger 26492 - Deutschlandreise - Familienklassiker ab 8 Jahren - Gesellschaftspiel, Reise durch Deutschland, f\u00fcr bis zu 6 Spieler &#8211; Reiseshop Travel-du.de","isPartOf":{"@id":"https:\/\/travel-du.de\/reiseshop\/#website"},"primaryImageOfPage":{"@id":"https:\/\/travel-du.de\/reiseshop\/produkt\/ravensburger-deutschlandreise-gesellschaftspiel\/#primaryimage"},"image":{"@id":"https:\/\/travel-du.de\/reiseshop\/produkt\/ravensburger-deutschlandreise-gesellschaftspiel\/#primaryimage"},"thumbnailUrl":"https:\/\/travel-du.de\/reiseshop\/wp-content\/uploads\/2025\/10\/Ravensburger-26492-Deutschlandreise-Familienklassiker-ab-8-Jahren-Gesellschaftspiel-Reise-durch-Deutschland-fuer-bis-zu-6-Spieler-0.jpg","datePublished":"2025-10-28T11:04:27+00:00","dateModified":"2025-10-28T16:14:42+00:00","breadcrumb":{"@id":"https:\/\/travel-du.de\/reiseshop\/produkt\/ravensburger-deutschlandreise-gesellschaftspiel\/#breadcrumb"},"inLanguage":"de","potentialAction":[{"@type":"ReadAction","target":["https:\/\/travel-du.de\/reiseshop\/produkt\/ravensburger-deutschlandreise-gesellschaftspiel\/"]}]},{"@type":"ImageObject","inLanguage":"de","@id":"https:\/\/travel-du.de\/reiseshop\/produkt\/ravensburger-deutschlandreise-gesellschaftspiel\/#primaryimage","url":"https:\/\/travel-du.de\/reiseshop\/wp-content\/uploads\/2025\/10\/Ravensburger-26492-Deutschlandreise-Familienklassiker-ab-8-Jahren-Gesellschaftspiel-Reise-durch-Deutschland-fuer-bis-zu-6-Spieler-0.jpg","contentUrl":"https:\/\/travel-du.de\/reiseshop\/wp-content\/uploads\/2025\/10\/Ravensburger-26492-Deutschlandreise-Familienklassiker-ab-8-Jahren-Gesellschaftspiel-Reise-durch-Deutschland-fuer-bis-zu-6-Spieler-0.jpg","width":500,"height":500},{"@type":"BreadcrumbList","@id":"https:\/\/travel-du.de\/reiseshop\/produkt\/ravensburger-deutschlandreise-gesellschaftspiel\/#breadcrumb","itemListElement":[{"@type":"ListItem","position":1,"name":"Startseite","item":"https:\/\/travel-du.de\/reiseshop\/"},{"@type":"ListItem","position":2,"name":"Shop","item":"https:\/\/travel-du.de\/reiseshop\/shop\/"},{"@type":"ListItem","position":3,"name":"Ravensburger 26492 &#8211; Deutschlandreise &#8211; Familienklassiker ab 8 Jahren &#8211; Gesellschaftspiel, Reise durch Deutschland, f\u00fcr bis zu 6 Spieler"}]},{"@type":"WebSite","@id":"https:\/\/travel-du.de\/reiseshop\/#website","url":"https:\/\/travel-du.de\/reiseshop\/","name":"Reiseshop Travel-du.de","description":"Der Shop f\u00fcr Reisende, Weltenbummler und Abenteurer","potentialAction":[{"@type":"SearchAction","target":{"@type":"EntryPoint","urlTemplate":"https:\/\/travel-du.de\/reiseshop\/?s={search_term_string}"},"query-input":{"@type":"PropertyValueSpecification","valueRequired":true,"valueName":"search_term_string"}}],"inLanguage":"de"}]}},"_links":{"self":[{"href":"https:\/\/travel-du.de\/reiseshop\/wp-json\/wp\/v2\/product\/6103","targetHints":{"allow":["GET"]}}],"collection":[{"href":"https:\/\/travel-du.de\/reiseshop\/wp-json\/wp\/v2\/product"}],"about":[{"href":"https:\/\/travel-du.de\/reiseshop\/wp-json\/wp\/v2\/types\/product"}],"replies":[{"embeddable":true,"href":"https:\/\/travel-du.de\/reiseshop\/wp-json\/wp\/v2\/comments?post=6103"}],"wp:featuredmedia":[{"embeddable":true,"href":"https:\/\/travel-du.de\/reiseshop\/wp-json\/wp\/v2\/media\/6105"}],"wp:attachment":[{"href":"https:\/\/travel-du.de\/reiseshop\/wp-json\/wp\/v2\/media?parent=6103"}],"wp:term":[{"taxonomy":"product_brand","embeddable":true,"href":"https:\/\/travel-du.de\/reiseshop\/wp-json\/wp\/v2\/product_brand?post=6103"},{"taxonomy":"product_cat","embeddable":true,"href":"https:\/\/travel-du.de\/reiseshop\/wp-json\/wp\/v2\/product_cat?post=6103"},{"taxonomy":"product_tag","embeddable":true,"href":"https:\/\/travel-du.de\/reiseshop\/wp-json\/wp\/v2\/product_tag?post=6103"}],"curies":[{"name":"wp","href":"https:\/\/api.w.org\/{rel}","templated":true}]}}