{"id":6090,"date":"2025-10-28T12:03:57","date_gmt":"2025-10-28T11:03:57","guid":{"rendered":"https:\/\/travel-du.de\/reiseshop\/produkt\/ahfulife-deutschland-wimpelkette-flaggenkette-fuer-em-2025-frauen-fussball-30-klein-deutsche-flaggen-deutsche-girlande-banner-fuer-womens-euro-2025-schweiz-wm-garten-bar-deko\/"},"modified":"2025-10-28T17:15:00","modified_gmt":"2025-10-28T16:15:00","slug":"deutschland-wimpelkette","status":"publish","type":"product","link":"https:\/\/travel-du.de\/reiseshop\/produkt\/deutschland-wimpelkette\/","title":{"rendered":"AhfuLife Deutschland Wimpelkette Flaggenkette f\u00fcr EM 2025 Frauen Fu\u00dfball, 30 Klein Deutsche Flaggen, Deutsche Girlande Banner f\u00fcr Womens Euro 2025 Schweiz WM Garten Bar Deko"},"content":{"rendered":"<p>PAKET UND GR\u00d6SSE: Das Paket enth\u00e4lt 1, 2, 4 St\u00fcck Deutschland-Wimpelketten mit einer Gr\u00f6\u00dfe von ca. 20 x 28 cm &#8211; 12 m \/ 7,5 x 10,6 Zoll &#8211; 39,4 Ft. Jede Flaggekette enth\u00e4lt 30 kleine deutsche Flaggen.<br \/>\nHOCHWERTIGE MATERIALIEN: Dieses Deutschland-Banner besteht aus 100 % strapazierf\u00e4higem Polyester, das wasserdicht ist und nicht leicht verblasst, lockt und sich verformt, perfekt f\u00fcr die Au\u00dfendekoration.<br \/>\nHELLE FARBE: Diese Wimpelkette mit Deutschland-Flagge erscheint aufgrund der exquisiten Druck- und F\u00e4rbetechniken hell und zart mit Rot, Gelb und Schwarz. Und seine leuchtende Farbe h\u00e4lt lange an.<br \/>\nBREITE ANWENDBARE GELEGENHEITEN: Diese deutsche Wimpelkette ist f\u00fcr viele Anl\u00e4sse geeignet, wie z. B. den Europapokal der Euro, nationale patriotische Aktivit\u00e4ten, Hausgartendekorationen und so weiter.<br \/>\nPRIDE FOR German: Zeigen Sie Ihren Patriotismus auf Deutsch mit diesem deutschen Banner. Es kann an einer Wand, einem Schlafsaal oder einem Balkon und \u00fcberall dort aufgeh\u00e4ngt werden, wo Sie m\u00f6chten.<br \/>\n<div class=\"main-cross-sell\" data-asin=\"B0F9DYDK6M\">\n\n\t<div class=\"WooZone-cross-sell-loader\">\n\t\t<div>\n\t\t\t<div id=\"floatingBarsG\">\n\t\t\t\t<div class=\"blockG\" id=\"rotateG_01\"><\/div>\n\t\t\t\t<div class=\"blockG\" id=\"rotateG_02\"><\/div>\n\t\t\t\t<div class=\"blockG\" id=\"rotateG_03\"><\/div>\n\t\t\t\t<div class=\"blockG\" id=\"rotateG_04\"><\/div>\n\t\t\t\t<div class=\"blockG\" id=\"rotateG_05\"><\/div>\n\t\t\t\t<div class=\"blockG\" id=\"rotateG_06\"><\/div>\n\t\t\t\t<div class=\"blockG\" id=\"rotateG_07\"><\/div>\n\t\t\t\t<div class=\"blockG\" id=\"rotateG_08\"><\/div>\n\t\t\t<\/div>\n\t\t\t<div class=\"WooZone-cross-sell-loader-text\"><\/div>\n\t\t<\/div>\n\t<\/div>\n\n\t\t\n<\/div>\n<div style=\"clear:both;\"><\/div><\/p>\n","protected":false},"excerpt":{"rendered":"<p>PAKET UND GR\u00d6SSE: Das Paket enth\u00e4lt 1, 2, 4 St\u00fcck Deutschland-Wimpelketten mit einer Gr\u00f6\u00dfe von ca. 20 x 28 cm &#8211; 12 m \/ 7,5 x 10,6 Zoll &#8211; 39,4 Ft. Jede Flaggekette enth\u00e4lt 30 kleine deutsche Flaggen.<br \/>\nHOCHWERTIGE MATERIALIEN: Dieses Deutschland-Banner besteht aus 100 % strapazierf\u00e4higem Polyester, das wasserdicht ist und nicht leicht verblasst, lockt und sich verformt, perfekt f\u00fcr die Au\u00dfendekoration.<br \/>\nHELLE FARBE: Diese Wimpelkette mit Deutschland-Flagge erscheint aufgrund der exquisiten Druck- und F\u00e4rbetechniken hell und zart mit Rot, Gelb und Schwarz. Und seine leuchtende Farbe h\u00e4lt lange an.<\/p>\n","protected":false},"featured_media":6096,"comment_status":"closed","ping_status":"closed","template":"","meta":[],"product_brand":[],"product_cat":[4031,120],"product_tag":[],"class_list":{"0":"post-6090","1":"product","2":"type-product","3":"status-publish","4":"has-post-thumbnail","6":"product_cat-deutschland-geschenkideen","7":"product_cat-reise-geschenke","9":"first","10":"instock","11":"shipping-taxable","12":"product-type-external"},"yoast_head":"<!-- This site is optimized with the Yoast SEO plugin v27.4 - https:\/\/yoast.com\/product\/yoast-seo-wordpress\/ -->\n<title>AhfuLife Deutschland Wimpelkette Flaggenkette f\u00fcr EM 2025 Frauen Fu\u00dfball, 30 Klein Deutsche Flaggen, Deutsche Girlande Banner f\u00fcr Womens Euro 2025 Schweiz WM Garten Bar Deko &#8211; Reiseshop Travel-du.de<\/title>\n<meta name=\"robots\" content=\"index, follow, max-snippet:-1, max-image-preview:large, max-video-preview:-1\" \/>\n<link rel=\"canonical\" href=\"https:\/\/travel-du.de\/reiseshop\/produkt\/deutschland-wimpelkette\/\" \/>\n<meta property=\"og:locale\" content=\"de_DE\" \/>\n<meta property=\"og:type\" content=\"article\" \/>\n<meta property=\"og:title\" content=\"AhfuLife Deutschland Wimpelkette Flaggenkette f\u00fcr EM 2025 Frauen Fu\u00dfball, 30 Klein Deutsche Flaggen, Deutsche Girlande Banner f\u00fcr Womens Euro 2025 Schweiz WM Garten Bar Deko &#8211; Reiseshop Travel-du.de\" \/>\n<meta property=\"og:description\" content=\"PAKET UND GR\u00d6SSE: Das Paket enth\u00e4lt 1, 2, 4 St\u00fcck Deutschland-Wimpelketten mit einer Gr\u00f6\u00dfe von ca. 20 x 28 cm - 12 m \/ 7,5 x 10,6 Zoll - 39,4 Ft. Jede Flaggekette enth\u00e4lt 30 kleine deutsche Flaggen. HOCHWERTIGE MATERIALIEN: Dieses Deutschland-Banner besteht aus 100 % strapazierf\u00e4higem Polyester, das wasserdicht ist und nicht leicht verblasst, lockt und sich verformt, perfekt f\u00fcr die Au\u00dfendekoration. HELLE FARBE: Diese Wimpelkette mit Deutschland-Flagge erscheint aufgrund der exquisiten Druck- und F\u00e4rbetechniken hell und zart mit Rot, Gelb und Schwarz. Und seine leuchtende Farbe h\u00e4lt lange an.\" \/>\n<meta property=\"og:url\" content=\"https:\/\/travel-du.de\/reiseshop\/produkt\/deutschland-wimpelkette\/\" \/>\n<meta property=\"og:site_name\" content=\"Reiseshop Travel-du.de\" \/>\n<meta property=\"article:modified_time\" content=\"2025-10-28T16:15:00+00:00\" \/>\n<meta property=\"og:image\" content=\"https:\/\/travel-du.de\/reiseshop\/wp-content\/uploads\/2025\/10\/AhfuLife-Deutschland-Wimpelkette-Flaggenkette-fuer-EM-2025-Frauen-Fussball-30-Klein-Deutsche-Flaggen-Deutsche-Girlande-Banner-fuer-Womens-Euro-2025-Schweiz-WM-Garten-Bar-Deko-0.jpg\" \/>\n\t<meta property=\"og:image:width\" content=\"500\" \/>\n\t<meta property=\"og:image:height\" content=\"500\" \/>\n\t<meta property=\"og:image:type\" content=\"image\/jpeg\" \/>\n<meta name=\"twitter:card\" content=\"summary_large_image\" \/>\n<meta name=\"twitter:label1\" content=\"Gesch\u00e4tzte Lesezeit\" \/>\n\t<meta name=\"twitter:data1\" content=\"1\u00a0Minute\" \/>\n<script type=\"application\/ld+json\" class=\"yoast-schema-graph\">{\"@context\":\"https:\\\/\\\/schema.org\",\"@graph\":[{\"@type\":\"WebPage\",\"@id\":\"https:\\\/\\\/travel-du.de\\\/reiseshop\\\/produkt\\\/deutschland-wimpelkette\\\/\",\"url\":\"https:\\\/\\\/travel-du.de\\\/reiseshop\\\/produkt\\\/deutschland-wimpelkette\\\/\",\"name\":\"AhfuLife Deutschland Wimpelkette Flaggenkette f\u00fcr EM 2025 Frauen Fu\u00dfball, 30 Klein Deutsche Flaggen, Deutsche Girlande Banner f\u00fcr Womens Euro 2025 Schweiz WM Garten Bar Deko &#8211; Reiseshop Travel-du.de\",\"isPartOf\":{\"@id\":\"https:\\\/\\\/travel-du.de\\\/reiseshop\\\/#website\"},\"primaryImageOfPage\":{\"@id\":\"https:\\\/\\\/travel-du.de\\\/reiseshop\\\/produkt\\\/deutschland-wimpelkette\\\/#primaryimage\"},\"image\":{\"@id\":\"https:\\\/\\\/travel-du.de\\\/reiseshop\\\/produkt\\\/deutschland-wimpelkette\\\/#primaryimage\"},\"thumbnailUrl\":\"https:\\\/\\\/travel-du.de\\\/reiseshop\\\/wp-content\\\/uploads\\\/2025\\\/10\\\/AhfuLife-Deutschland-Wimpelkette-Flaggenkette-fuer-EM-2025-Frauen-Fussball-30-Klein-Deutsche-Flaggen-Deutsche-Girlande-Banner-fuer-Womens-Euro-2025-Schweiz-WM-Garten-Bar-Deko-0.jpg\",\"datePublished\":\"2025-10-28T11:03:57+00:00\",\"dateModified\":\"2025-10-28T16:15:00+00:00\",\"breadcrumb\":{\"@id\":\"https:\\\/\\\/travel-du.de\\\/reiseshop\\\/produkt\\\/deutschland-wimpelkette\\\/#breadcrumb\"},\"inLanguage\":\"de\",\"potentialAction\":[{\"@type\":\"ReadAction\",\"target\":[\"https:\\\/\\\/travel-du.de\\\/reiseshop\\\/produkt\\\/deutschland-wimpelkette\\\/\"]}]},{\"@type\":\"ImageObject\",\"inLanguage\":\"de\",\"@id\":\"https:\\\/\\\/travel-du.de\\\/reiseshop\\\/produkt\\\/deutschland-wimpelkette\\\/#primaryimage\",\"url\":\"https:\\\/\\\/travel-du.de\\\/reiseshop\\\/wp-content\\\/uploads\\\/2025\\\/10\\\/AhfuLife-Deutschland-Wimpelkette-Flaggenkette-fuer-EM-2025-Frauen-Fussball-30-Klein-Deutsche-Flaggen-Deutsche-Girlande-Banner-fuer-Womens-Euro-2025-Schweiz-WM-Garten-Bar-Deko-0.jpg\",\"contentUrl\":\"https:\\\/\\\/travel-du.de\\\/reiseshop\\\/wp-content\\\/uploads\\\/2025\\\/10\\\/AhfuLife-Deutschland-Wimpelkette-Flaggenkette-fuer-EM-2025-Frauen-Fussball-30-Klein-Deutsche-Flaggen-Deutsche-Girlande-Banner-fuer-Womens-Euro-2025-Schweiz-WM-Garten-Bar-Deko-0.jpg\",\"width\":500,\"height\":500},{\"@type\":\"BreadcrumbList\",\"@id\":\"https:\\\/\\\/travel-du.de\\\/reiseshop\\\/produkt\\\/deutschland-wimpelkette\\\/#breadcrumb\",\"itemListElement\":[{\"@type\":\"ListItem\",\"position\":1,\"name\":\"Startseite\",\"item\":\"https:\\\/\\\/travel-du.de\\\/reiseshop\\\/\"},{\"@type\":\"ListItem\",\"position\":2,\"name\":\"Shop\",\"item\":\"https:\\\/\\\/travel-du.de\\\/reiseshop\\\/shop\\\/\"},{\"@type\":\"ListItem\",\"position\":3,\"name\":\"AhfuLife Deutschland Wimpelkette Flaggenkette f\u00fcr EM 2025 Frauen Fu\u00dfball, 30 Klein Deutsche Flaggen, Deutsche Girlande Banner f\u00fcr Womens Euro 2025 Schweiz WM Garten Bar Deko\"}]},{\"@type\":\"WebSite\",\"@id\":\"https:\\\/\\\/travel-du.de\\\/reiseshop\\\/#website\",\"url\":\"https:\\\/\\\/travel-du.de\\\/reiseshop\\\/\",\"name\":\"Reiseshop Travel-du.de\",\"description\":\"Der Shop f\u00fcr Reisende, Weltenbummler und Abenteurer\",\"potentialAction\":[{\"@type\":\"SearchAction\",\"target\":{\"@type\":\"EntryPoint\",\"urlTemplate\":\"https:\\\/\\\/travel-du.de\\\/reiseshop\\\/?s={search_term_string}\"},\"query-input\":{\"@type\":\"PropertyValueSpecification\",\"valueRequired\":true,\"valueName\":\"search_term_string\"}}],\"inLanguage\":\"de\"}]}<\/script>\n<!-- \/ Yoast SEO plugin. -->","yoast_head_json":{"title":"AhfuLife Deutschland Wimpelkette Flaggenkette f\u00fcr EM 2025 Frauen Fu\u00dfball, 30 Klein Deutsche Flaggen, Deutsche Girlande Banner f\u00fcr Womens Euro 2025 Schweiz WM Garten Bar Deko &#8211; Reiseshop Travel-du.de","robots":{"index":"index","follow":"follow","max-snippet":"max-snippet:-1","max-image-preview":"max-image-preview:large","max-video-preview":"max-video-preview:-1"},"canonical":"https:\/\/travel-du.de\/reiseshop\/produkt\/deutschland-wimpelkette\/","og_locale":"de_DE","og_type":"article","og_title":"AhfuLife Deutschland Wimpelkette Flaggenkette f\u00fcr EM 2025 Frauen Fu\u00dfball, 30 Klein Deutsche Flaggen, Deutsche Girlande Banner f\u00fcr Womens Euro 2025 Schweiz WM Garten Bar Deko &#8211; Reiseshop Travel-du.de","og_description":"PAKET UND GR\u00d6SSE: Das Paket enth\u00e4lt 1, 2, 4 St\u00fcck Deutschland-Wimpelketten mit einer Gr\u00f6\u00dfe von ca. 20 x 28 cm - 12 m \/ 7,5 x 10,6 Zoll - 39,4 Ft. Jede Flaggekette enth\u00e4lt 30 kleine deutsche Flaggen. HOCHWERTIGE MATERIALIEN: Dieses Deutschland-Banner besteht aus 100 % strapazierf\u00e4higem Polyester, das wasserdicht ist und nicht leicht verblasst, lockt und sich verformt, perfekt f\u00fcr die Au\u00dfendekoration. HELLE FARBE: Diese Wimpelkette mit Deutschland-Flagge erscheint aufgrund der exquisiten Druck- und F\u00e4rbetechniken hell und zart mit Rot, Gelb und Schwarz. Und seine leuchtende Farbe h\u00e4lt lange an.","og_url":"https:\/\/travel-du.de\/reiseshop\/produkt\/deutschland-wimpelkette\/","og_site_name":"Reiseshop Travel-du.de","article_modified_time":"2025-10-28T16:15:00+00:00","og_image":[{"width":500,"height":500,"url":"https:\/\/travel-du.de\/reiseshop\/wp-content\/uploads\/2025\/10\/AhfuLife-Deutschland-Wimpelkette-Flaggenkette-fuer-EM-2025-Frauen-Fussball-30-Klein-Deutsche-Flaggen-Deutsche-Girlande-Banner-fuer-Womens-Euro-2025-Schweiz-WM-Garten-Bar-Deko-0.jpg","type":"image\/jpeg"}],"twitter_card":"summary_large_image","twitter_misc":{"Gesch\u00e4tzte Lesezeit":"1\u00a0Minute"},"schema":{"@context":"https:\/\/schema.org","@graph":[{"@type":"WebPage","@id":"https:\/\/travel-du.de\/reiseshop\/produkt\/deutschland-wimpelkette\/","url":"https:\/\/travel-du.de\/reiseshop\/produkt\/deutschland-wimpelkette\/","name":"AhfuLife Deutschland Wimpelkette Flaggenkette f\u00fcr EM 2025 Frauen Fu\u00dfball, 30 Klein Deutsche Flaggen, Deutsche Girlande Banner f\u00fcr Womens Euro 2025 Schweiz WM Garten Bar Deko &#8211; Reiseshop Travel-du.de","isPartOf":{"@id":"https:\/\/travel-du.de\/reiseshop\/#website"},"primaryImageOfPage":{"@id":"https:\/\/travel-du.de\/reiseshop\/produkt\/deutschland-wimpelkette\/#primaryimage"},"image":{"@id":"https:\/\/travel-du.de\/reiseshop\/produkt\/deutschland-wimpelkette\/#primaryimage"},"thumbnailUrl":"https:\/\/travel-du.de\/reiseshop\/wp-content\/uploads\/2025\/10\/AhfuLife-Deutschland-Wimpelkette-Flaggenkette-fuer-EM-2025-Frauen-Fussball-30-Klein-Deutsche-Flaggen-Deutsche-Girlande-Banner-fuer-Womens-Euro-2025-Schweiz-WM-Garten-Bar-Deko-0.jpg","datePublished":"2025-10-28T11:03:57+00:00","dateModified":"2025-10-28T16:15:00+00:00","breadcrumb":{"@id":"https:\/\/travel-du.de\/reiseshop\/produkt\/deutschland-wimpelkette\/#breadcrumb"},"inLanguage":"de","potentialAction":[{"@type":"ReadAction","target":["https:\/\/travel-du.de\/reiseshop\/produkt\/deutschland-wimpelkette\/"]}]},{"@type":"ImageObject","inLanguage":"de","@id":"https:\/\/travel-du.de\/reiseshop\/produkt\/deutschland-wimpelkette\/#primaryimage","url":"https:\/\/travel-du.de\/reiseshop\/wp-content\/uploads\/2025\/10\/AhfuLife-Deutschland-Wimpelkette-Flaggenkette-fuer-EM-2025-Frauen-Fussball-30-Klein-Deutsche-Flaggen-Deutsche-Girlande-Banner-fuer-Womens-Euro-2025-Schweiz-WM-Garten-Bar-Deko-0.jpg","contentUrl":"https:\/\/travel-du.de\/reiseshop\/wp-content\/uploads\/2025\/10\/AhfuLife-Deutschland-Wimpelkette-Flaggenkette-fuer-EM-2025-Frauen-Fussball-30-Klein-Deutsche-Flaggen-Deutsche-Girlande-Banner-fuer-Womens-Euro-2025-Schweiz-WM-Garten-Bar-Deko-0.jpg","width":500,"height":500},{"@type":"BreadcrumbList","@id":"https:\/\/travel-du.de\/reiseshop\/produkt\/deutschland-wimpelkette\/#breadcrumb","itemListElement":[{"@type":"ListItem","position":1,"name":"Startseite","item":"https:\/\/travel-du.de\/reiseshop\/"},{"@type":"ListItem","position":2,"name":"Shop","item":"https:\/\/travel-du.de\/reiseshop\/shop\/"},{"@type":"ListItem","position":3,"name":"AhfuLife Deutschland Wimpelkette Flaggenkette f\u00fcr EM 2025 Frauen Fu\u00dfball, 30 Klein Deutsche Flaggen, Deutsche Girlande Banner f\u00fcr Womens Euro 2025 Schweiz WM Garten Bar Deko"}]},{"@type":"WebSite","@id":"https:\/\/travel-du.de\/reiseshop\/#website","url":"https:\/\/travel-du.de\/reiseshop\/","name":"Reiseshop Travel-du.de","description":"Der Shop f\u00fcr Reisende, Weltenbummler und Abenteurer","potentialAction":[{"@type":"SearchAction","target":{"@type":"EntryPoint","urlTemplate":"https:\/\/travel-du.de\/reiseshop\/?s={search_term_string}"},"query-input":{"@type":"PropertyValueSpecification","valueRequired":true,"valueName":"search_term_string"}}],"inLanguage":"de"}]}},"_links":{"self":[{"href":"https:\/\/travel-du.de\/reiseshop\/wp-json\/wp\/v2\/product\/6090","targetHints":{"allow":["GET"]}}],"collection":[{"href":"https:\/\/travel-du.de\/reiseshop\/wp-json\/wp\/v2\/product"}],"about":[{"href":"https:\/\/travel-du.de\/reiseshop\/wp-json\/wp\/v2\/types\/product"}],"replies":[{"embeddable":true,"href":"https:\/\/travel-du.de\/reiseshop\/wp-json\/wp\/v2\/comments?post=6090"}],"wp:featuredmedia":[{"embeddable":true,"href":"https:\/\/travel-du.de\/reiseshop\/wp-json\/wp\/v2\/media\/6096"}],"wp:attachment":[{"href":"https:\/\/travel-du.de\/reiseshop\/wp-json\/wp\/v2\/media?parent=6090"}],"wp:term":[{"taxonomy":"product_brand","embeddable":true,"href":"https:\/\/travel-du.de\/reiseshop\/wp-json\/wp\/v2\/product_brand?post=6090"},{"taxonomy":"product_cat","embeddable":true,"href":"https:\/\/travel-du.de\/reiseshop\/wp-json\/wp\/v2\/product_cat?post=6090"},{"taxonomy":"product_tag","embeddable":true,"href":"https:\/\/travel-du.de\/reiseshop\/wp-json\/wp\/v2\/product_tag?post=6090"}],"curies":[{"name":"wp","href":"https:\/\/api.w.org\/{rel}","templated":true}]}}