{"id":6034,"date":"2025-10-28T12:01:47","date_gmt":"2025-10-28T11:01:47","guid":{"rendered":"https:\/\/travel-du.de\/reiseshop\/produkt\/kuechenbrett-eiche-55x35x2-cm-schneidebrett-mit-saftrille-gravur-i-tranchierbrett-gross-i-mende-systems-made-in-germany\/"},"modified":"2025-10-28T17:15:58","modified_gmt":"2025-10-28T16:15:58","slug":"kuechenbrett-eiche","status":"publish","type":"product","link":"https:\/\/travel-du.de\/reiseshop\/produkt\/kuechenbrett-eiche\/","title":{"rendered":"K\u00fcchenbrett Eiche 55x35x2 cm \u2013 Schneidebrett mit Saftrille &#038; Gravur I Tranchierbrett gro\u00df I Mende Systems \u2013 MADE IN GERMANY"},"content":{"rendered":"<p>PREMIUM EICHENHOLZ: Robustes Schneidebrett aus massivem, langlebigem Eichenholz \u2013 MADE IN GERMANY<br \/>\nGROSSES FORMAT: Mit 55 x 35 x 2 cm ideal als Tranchierbrett, Servierbrett oder BBQ-Zubeh\u00f6r \u2013 viel Platz f\u00fcr jedes Schneidgut.<br \/>\nMIT SAFTRILLE: Integrierte Saftrille f\u00e4ngt Fleischs\u00e4fte oder Obstfl\u00fcssigkeit sauber auf \u2013 perfekt f\u00fcr sauberes Arbeiten.<br \/>\nMIT LASERGRAVUR: Stylische Gravur macht das Brett zum Hingucker f\u00fcr Grillfreunde und Hobbyk\u00f6che.<br \/>\nNATURBELASSEN: Unge\u00f6lt ausgeliefert f\u00fcr maximale Individualit\u00e4t \u2013 auf Wunsch selbst \u00f6len oder behandeln.<br \/>\n<div class=\"main-cross-sell\" data-asin=\"B0F9F6C5GL\">\n\n\t<div class=\"WooZone-cross-sell-loader\">\n\t\t<div>\n\t\t\t<div id=\"floatingBarsG\">\n\t\t\t\t<div class=\"blockG\" id=\"rotateG_01\"><\/div>\n\t\t\t\t<div class=\"blockG\" id=\"rotateG_02\"><\/div>\n\t\t\t\t<div class=\"blockG\" id=\"rotateG_03\"><\/div>\n\t\t\t\t<div class=\"blockG\" id=\"rotateG_04\"><\/div>\n\t\t\t\t<div class=\"blockG\" id=\"rotateG_05\"><\/div>\n\t\t\t\t<div class=\"blockG\" id=\"rotateG_06\"><\/div>\n\t\t\t\t<div class=\"blockG\" id=\"rotateG_07\"><\/div>\n\t\t\t\t<div class=\"blockG\" id=\"rotateG_08\"><\/div>\n\t\t\t<\/div>\n\t\t\t<div class=\"WooZone-cross-sell-loader-text\"><\/div>\n\t\t<\/div>\n\t<\/div>\n\n\t\t\n<\/div>\n<div style=\"clear:both;\"><\/div><\/p>\n","protected":false},"excerpt":{"rendered":"<p>PREMIUM EICHENHOLZ: Robustes Schneidebrett aus massivem, langlebigem Eichenholz \u2013 MADE IN GERMANY<br \/>\nGROSSES FORMAT: Mit 55 x 35 x 2 cm ideal als Tranchierbrett, Servierbrett oder BBQ-Zubeh\u00f6r \u2013 viel Platz f\u00fcr jedes Schneidgut.<br \/>\nMIT SAFTRILLE: Integrierte Saftrille f\u00e4ngt Fleischs\u00e4fte oder Obstfl\u00fcssigkeit sauber auf \u2013 perfekt f\u00fcr sauberes Arbeiten.<\/p>\n","protected":false},"featured_media":6039,"comment_status":"closed","ping_status":"closed","template":"","meta":[],"product_brand":[],"product_cat":[4031,120],"product_tag":[],"class_list":{"0":"post-6034","1":"product","2":"type-product","3":"status-publish","4":"has-post-thumbnail","6":"product_cat-deutschland-geschenkideen","7":"product_cat-reise-geschenke","9":"first","10":"instock","11":"shipping-taxable","12":"product-type-external"},"yoast_head":"<!-- This site is optimized with the Yoast SEO plugin v26.2 - https:\/\/yoast.com\/wordpress\/plugins\/seo\/ -->\n<title>K\u00fcchenbrett Eiche 55x35x2 cm \u2013 Schneidebrett mit Saftrille &amp; Gravur I Tranchierbrett gro\u00df I Mende Systems \u2013 MADE IN GERMANY &#8211; Reiseshop Travel-du.de<\/title>\n<meta name=\"robots\" content=\"index, follow, max-snippet:-1, max-image-preview:large, max-video-preview:-1\" \/>\n<link rel=\"canonical\" href=\"https:\/\/travel-du.de\/reiseshop\/produkt\/kuechenbrett-eiche\/\" \/>\n<meta property=\"og:locale\" content=\"de_DE\" \/>\n<meta property=\"og:type\" content=\"article\" \/>\n<meta property=\"og:title\" content=\"K\u00fcchenbrett Eiche 55x35x2 cm \u2013 Schneidebrett mit Saftrille &amp; Gravur I Tranchierbrett gro\u00df I Mende Systems \u2013 MADE IN GERMANY &#8211; Reiseshop Travel-du.de\" \/>\n<meta property=\"og:description\" content=\"PREMIUM EICHENHOLZ: Robustes Schneidebrett aus massivem, langlebigem Eichenholz \u2013 MADE IN GERMANY GROSSES FORMAT: Mit 55 x 35 x 2 cm ideal als Tranchierbrett, Servierbrett oder BBQ-Zubeh\u00f6r \u2013 viel Platz f\u00fcr jedes Schneidgut. MIT SAFTRILLE: Integrierte Saftrille f\u00e4ngt Fleischs\u00e4fte oder Obstfl\u00fcssigkeit sauber auf \u2013 perfekt f\u00fcr sauberes Arbeiten.\" \/>\n<meta property=\"og:url\" content=\"https:\/\/travel-du.de\/reiseshop\/produkt\/kuechenbrett-eiche\/\" \/>\n<meta property=\"og:site_name\" content=\"Reiseshop Travel-du.de\" \/>\n<meta property=\"article:modified_time\" content=\"2025-10-28T16:15:58+00:00\" \/>\n<meta property=\"og:image\" content=\"https:\/\/travel-du.de\/reiseshop\/wp-content\/uploads\/2025\/10\/Kuechenbrett-Eiche-55x35x2-cm--Schneidebrett-mit-Saftrille-Gravur-I-Tranchierbrett-gross-I-Mende-Systems--MADE-IN-GERMANY-0.jpg\" \/>\n\t<meta property=\"og:image:width\" content=\"500\" \/>\n\t<meta property=\"og:image:height\" content=\"500\" \/>\n\t<meta property=\"og:image:type\" content=\"image\/jpeg\" \/>\n<meta name=\"twitter:card\" content=\"summary_large_image\" \/>\n<script type=\"application\/ld+json\" class=\"yoast-schema-graph\">{\"@context\":\"https:\/\/schema.org\",\"@graph\":[{\"@type\":\"WebPage\",\"@id\":\"https:\/\/travel-du.de\/reiseshop\/produkt\/kuechenbrett-eiche\/\",\"url\":\"https:\/\/travel-du.de\/reiseshop\/produkt\/kuechenbrett-eiche\/\",\"name\":\"K\u00fcchenbrett Eiche 55x35x2 cm \u2013 Schneidebrett mit Saftrille & Gravur I Tranchierbrett gro\u00df I Mende Systems \u2013 MADE IN GERMANY &#8211; Reiseshop Travel-du.de\",\"isPartOf\":{\"@id\":\"https:\/\/travel-du.de\/reiseshop\/#website\"},\"primaryImageOfPage\":{\"@id\":\"https:\/\/travel-du.de\/reiseshop\/produkt\/kuechenbrett-eiche\/#primaryimage\"},\"image\":{\"@id\":\"https:\/\/travel-du.de\/reiseshop\/produkt\/kuechenbrett-eiche\/#primaryimage\"},\"thumbnailUrl\":\"https:\/\/travel-du.de\/reiseshop\/wp-content\/uploads\/2025\/10\/Kuechenbrett-Eiche-55x35x2-cm--Schneidebrett-mit-Saftrille-Gravur-I-Tranchierbrett-gross-I-Mende-Systems--MADE-IN-GERMANY-0.jpg\",\"datePublished\":\"2025-10-28T11:01:47+00:00\",\"dateModified\":\"2025-10-28T16:15:58+00:00\",\"breadcrumb\":{\"@id\":\"https:\/\/travel-du.de\/reiseshop\/produkt\/kuechenbrett-eiche\/#breadcrumb\"},\"inLanguage\":\"de\",\"potentialAction\":[{\"@type\":\"ReadAction\",\"target\":[\"https:\/\/travel-du.de\/reiseshop\/produkt\/kuechenbrett-eiche\/\"]}]},{\"@type\":\"ImageObject\",\"inLanguage\":\"de\",\"@id\":\"https:\/\/travel-du.de\/reiseshop\/produkt\/kuechenbrett-eiche\/#primaryimage\",\"url\":\"https:\/\/travel-du.de\/reiseshop\/wp-content\/uploads\/2025\/10\/Kuechenbrett-Eiche-55x35x2-cm--Schneidebrett-mit-Saftrille-Gravur-I-Tranchierbrett-gross-I-Mende-Systems--MADE-IN-GERMANY-0.jpg\",\"contentUrl\":\"https:\/\/travel-du.de\/reiseshop\/wp-content\/uploads\/2025\/10\/Kuechenbrett-Eiche-55x35x2-cm--Schneidebrett-mit-Saftrille-Gravur-I-Tranchierbrett-gross-I-Mende-Systems--MADE-IN-GERMANY-0.jpg\",\"width\":500,\"height\":500},{\"@type\":\"BreadcrumbList\",\"@id\":\"https:\/\/travel-du.de\/reiseshop\/produkt\/kuechenbrett-eiche\/#breadcrumb\",\"itemListElement\":[{\"@type\":\"ListItem\",\"position\":1,\"name\":\"Startseite\",\"item\":\"https:\/\/travel-du.de\/reiseshop\/\"},{\"@type\":\"ListItem\",\"position\":2,\"name\":\"Shop\",\"item\":\"https:\/\/travel-du.de\/reiseshop\/shop\/\"},{\"@type\":\"ListItem\",\"position\":3,\"name\":\"K\u00fcchenbrett Eiche 55x35x2 cm \u2013 Schneidebrett mit Saftrille &#038; Gravur I Tranchierbrett gro\u00df I Mende Systems \u2013 MADE IN GERMANY\"}]},{\"@type\":\"WebSite\",\"@id\":\"https:\/\/travel-du.de\/reiseshop\/#website\",\"url\":\"https:\/\/travel-du.de\/reiseshop\/\",\"name\":\"Reiseshop Travel-du.de\",\"description\":\"Der Shop f\u00fcr Reisende, Weltenbummler und Abenteurer\",\"potentialAction\":[{\"@type\":\"SearchAction\",\"target\":{\"@type\":\"EntryPoint\",\"urlTemplate\":\"https:\/\/travel-du.de\/reiseshop\/?s={search_term_string}\"},\"query-input\":{\"@type\":\"PropertyValueSpecification\",\"valueRequired\":true,\"valueName\":\"search_term_string\"}}],\"inLanguage\":\"de\"}]}<\/script>\n<!-- \/ Yoast SEO plugin. -->","yoast_head_json":{"title":"K\u00fcchenbrett Eiche 55x35x2 cm \u2013 Schneidebrett mit Saftrille & Gravur I Tranchierbrett gro\u00df I Mende Systems \u2013 MADE IN GERMANY &#8211; Reiseshop Travel-du.de","robots":{"index":"index","follow":"follow","max-snippet":"max-snippet:-1","max-image-preview":"max-image-preview:large","max-video-preview":"max-video-preview:-1"},"canonical":"https:\/\/travel-du.de\/reiseshop\/produkt\/kuechenbrett-eiche\/","og_locale":"de_DE","og_type":"article","og_title":"K\u00fcchenbrett Eiche 55x35x2 cm \u2013 Schneidebrett mit Saftrille & Gravur I Tranchierbrett gro\u00df I Mende Systems \u2013 MADE IN GERMANY &#8211; Reiseshop Travel-du.de","og_description":"PREMIUM EICHENHOLZ: Robustes Schneidebrett aus massivem, langlebigem Eichenholz \u2013 MADE IN GERMANY GROSSES FORMAT: Mit 55 x 35 x 2 cm ideal als Tranchierbrett, Servierbrett oder BBQ-Zubeh\u00f6r \u2013 viel Platz f\u00fcr jedes Schneidgut. MIT SAFTRILLE: Integrierte Saftrille f\u00e4ngt Fleischs\u00e4fte oder Obstfl\u00fcssigkeit sauber auf \u2013 perfekt f\u00fcr sauberes Arbeiten.","og_url":"https:\/\/travel-du.de\/reiseshop\/produkt\/kuechenbrett-eiche\/","og_site_name":"Reiseshop Travel-du.de","article_modified_time":"2025-10-28T16:15:58+00:00","og_image":[{"width":500,"height":500,"url":"https:\/\/travel-du.de\/reiseshop\/wp-content\/uploads\/2025\/10\/Kuechenbrett-Eiche-55x35x2-cm--Schneidebrett-mit-Saftrille-Gravur-I-Tranchierbrett-gross-I-Mende-Systems--MADE-IN-GERMANY-0.jpg","type":"image\/jpeg"}],"twitter_card":"summary_large_image","schema":{"@context":"https:\/\/schema.org","@graph":[{"@type":"WebPage","@id":"https:\/\/travel-du.de\/reiseshop\/produkt\/kuechenbrett-eiche\/","url":"https:\/\/travel-du.de\/reiseshop\/produkt\/kuechenbrett-eiche\/","name":"K\u00fcchenbrett Eiche 55x35x2 cm \u2013 Schneidebrett mit Saftrille & Gravur I Tranchierbrett gro\u00df I Mende Systems \u2013 MADE IN GERMANY &#8211; Reiseshop Travel-du.de","isPartOf":{"@id":"https:\/\/travel-du.de\/reiseshop\/#website"},"primaryImageOfPage":{"@id":"https:\/\/travel-du.de\/reiseshop\/produkt\/kuechenbrett-eiche\/#primaryimage"},"image":{"@id":"https:\/\/travel-du.de\/reiseshop\/produkt\/kuechenbrett-eiche\/#primaryimage"},"thumbnailUrl":"https:\/\/travel-du.de\/reiseshop\/wp-content\/uploads\/2025\/10\/Kuechenbrett-Eiche-55x35x2-cm--Schneidebrett-mit-Saftrille-Gravur-I-Tranchierbrett-gross-I-Mende-Systems--MADE-IN-GERMANY-0.jpg","datePublished":"2025-10-28T11:01:47+00:00","dateModified":"2025-10-28T16:15:58+00:00","breadcrumb":{"@id":"https:\/\/travel-du.de\/reiseshop\/produkt\/kuechenbrett-eiche\/#breadcrumb"},"inLanguage":"de","potentialAction":[{"@type":"ReadAction","target":["https:\/\/travel-du.de\/reiseshop\/produkt\/kuechenbrett-eiche\/"]}]},{"@type":"ImageObject","inLanguage":"de","@id":"https:\/\/travel-du.de\/reiseshop\/produkt\/kuechenbrett-eiche\/#primaryimage","url":"https:\/\/travel-du.de\/reiseshop\/wp-content\/uploads\/2025\/10\/Kuechenbrett-Eiche-55x35x2-cm--Schneidebrett-mit-Saftrille-Gravur-I-Tranchierbrett-gross-I-Mende-Systems--MADE-IN-GERMANY-0.jpg","contentUrl":"https:\/\/travel-du.de\/reiseshop\/wp-content\/uploads\/2025\/10\/Kuechenbrett-Eiche-55x35x2-cm--Schneidebrett-mit-Saftrille-Gravur-I-Tranchierbrett-gross-I-Mende-Systems--MADE-IN-GERMANY-0.jpg","width":500,"height":500},{"@type":"BreadcrumbList","@id":"https:\/\/travel-du.de\/reiseshop\/produkt\/kuechenbrett-eiche\/#breadcrumb","itemListElement":[{"@type":"ListItem","position":1,"name":"Startseite","item":"https:\/\/travel-du.de\/reiseshop\/"},{"@type":"ListItem","position":2,"name":"Shop","item":"https:\/\/travel-du.de\/reiseshop\/shop\/"},{"@type":"ListItem","position":3,"name":"K\u00fcchenbrett Eiche 55x35x2 cm \u2013 Schneidebrett mit Saftrille &#038; Gravur I Tranchierbrett gro\u00df I Mende Systems \u2013 MADE IN GERMANY"}]},{"@type":"WebSite","@id":"https:\/\/travel-du.de\/reiseshop\/#website","url":"https:\/\/travel-du.de\/reiseshop\/","name":"Reiseshop Travel-du.de","description":"Der Shop f\u00fcr Reisende, Weltenbummler und Abenteurer","potentialAction":[{"@type":"SearchAction","target":{"@type":"EntryPoint","urlTemplate":"https:\/\/travel-du.de\/reiseshop\/?s={search_term_string}"},"query-input":{"@type":"PropertyValueSpecification","valueRequired":true,"valueName":"search_term_string"}}],"inLanguage":"de"}]}},"_links":{"self":[{"href":"https:\/\/travel-du.de\/reiseshop\/wp-json\/wp\/v2\/product\/6034","targetHints":{"allow":["GET"]}}],"collection":[{"href":"https:\/\/travel-du.de\/reiseshop\/wp-json\/wp\/v2\/product"}],"about":[{"href":"https:\/\/travel-du.de\/reiseshop\/wp-json\/wp\/v2\/types\/product"}],"replies":[{"embeddable":true,"href":"https:\/\/travel-du.de\/reiseshop\/wp-json\/wp\/v2\/comments?post=6034"}],"wp:featuredmedia":[{"embeddable":true,"href":"https:\/\/travel-du.de\/reiseshop\/wp-json\/wp\/v2\/media\/6039"}],"wp:attachment":[{"href":"https:\/\/travel-du.de\/reiseshop\/wp-json\/wp\/v2\/media?parent=6034"}],"wp:term":[{"taxonomy":"product_brand","embeddable":true,"href":"https:\/\/travel-du.de\/reiseshop\/wp-json\/wp\/v2\/product_brand?post=6034"},{"taxonomy":"product_cat","embeddable":true,"href":"https:\/\/travel-du.de\/reiseshop\/wp-json\/wp\/v2\/product_cat?post=6034"},{"taxonomy":"product_tag","embeddable":true,"href":"https:\/\/travel-du.de\/reiseshop\/wp-json\/wp\/v2\/product_tag?post=6034"}],"curies":[{"name":"wp","href":"https:\/\/api.w.org\/{rel}","templated":true}]}}