{"id":5932,"date":"2025-08-17T17:39:25","date_gmt":"2025-08-17T15:39:25","guid":{"rendered":"https:\/\/travel-du.de\/reiseshop\/produkt\/manta-pro-schlafmaske-100-lichtblockierende-schlafmaske-fuer-seitenschlaefer-atmungsaktiv-und-bequem-fuer-schlaf-reisen-nickerchen-und-schichtarbeit\/"},"modified":"2025-08-17T18:09:45","modified_gmt":"2025-08-17T16:09:45","slug":"manta-pro-schlafmaske-100-prozent-lichtblockierend-seitenschlaefer","status":"publish","type":"product","link":"https:\/\/travel-du.de\/reiseshop\/produkt\/manta-pro-schlafmaske-100-prozent-lichtblockierend-seitenschlaefer\/","title":{"rendered":"Manta Pro Schlafmaske \u2013 100\u202f% lichtblockierend &#038; atmungsaktiv, ideal f\u00fcr Seitenschl\u00e4fer"},"content":{"rendered":"<p>&nbsp;<\/p>\n<p class=\"my-2 [&amp;+p]:mt-4 [&amp;_strong:has(+br)]:inline-block [&amp;_strong:has(+br)]:pb-2\">\ud83c\udf19\u00a0<strong>Sofort besser schlafen:<\/strong>\u00a0Diese hochwertige Schlafmaske ist vollst\u00e4ndig auf maximale Dunkelheit und Komfort ausgelegt. Ideal f\u00fcr entspannten Schlaf, egal ob zuhause, auf Reisen, w\u00e4hrend Nickerchen oder in Schichtarbeit.<\/p>\n<p class=\"my-2 [&amp;+p]:mt-4 [&amp;_strong:has(+br)]:inline-block [&amp;_strong:has(+br)]:pb-2\">\ud83d\udecf\ufe0f\u00a0<strong>Perfekt f\u00fcr Seitenschl\u00e4fer:<\/strong>\u00a0Der schmale, angewinkelte Gurt und die C-f\u00f6rmigen Augenpolster garantieren auch in Seitenlage eine perfekte Passform ohne Druck \u2013 so bleibt die Maske sicher an Ort und Stelle.<\/p>\n<p class=\"my-2 [&amp;+p]:mt-4 [&amp;_strong:has(+br)]:inline-block [&amp;_strong:has(+br)]:pb-2\">\ud83c\udf11\u00a0<strong>100% Abdunkelung:<\/strong>\u00a0Kein Licht dringt durch \u2013 selbst bei hellem Tageslicht sorgt die Maske f\u00fcr optimale Dunkelheit und einen sofortigen Zugang zu tiefem, erholsamen Schlaf.<\/p>\n<p class=\"my-2 [&amp;+p]:mt-4 [&amp;_strong:has(+br)]:inline-block [&amp;_strong:has(+br)]:pb-2\">\ud83d\udca8\u00a0<strong>Angenehme Bel\u00fcftung:<\/strong>\u00a0Die atmungsaktiven, k\u00fchlenden Materialien f\u00f6rdern die Luftzirkulation, verhindern Schwitzen und sorgen f\u00fcr ein frisches Tragegef\u00fchl die ganze Nacht.<\/p>\n<p class=\"my-2 [&amp;+p]:mt-4 [&amp;_strong:has(+br)]:inline-block [&amp;_strong:has(+br)]:pb-2\">\ud83d\udd27\u00a0<strong>Individuell anpassbar:<\/strong>\u00a0Augenpolster und Kopfband sind vollst\u00e4ndig verstellbar, sodass jeder eine ma\u00dfgeschneiderte Passform findet \u2013 f\u00fcr maximalen Komfort ohne Druckstellen.<\/p>\n<p class=\"my-2 [&amp;+p]:mt-4 [&amp;_strong:has(+br)]:inline-block [&amp;_strong:has(+br)]:pb-2\">\ud83e\uddf5\u00a0<strong>Hochwertige Verarbeitung:<\/strong>\u00a0Gefertigt aus besonders weichen, langlebigen und schnell trocknenden Stoffen \u2013 f\u00fcr ein Produkt, das lange begeistert.<\/p>\n<div class=\"main-cross-sell\" data-asin=\"B0C36K8SJJ\">\n\n\t<div class=\"WooZone-cross-sell-loader\">\n\t\t<div>\n\t\t\t<div id=\"floatingBarsG\">\n\t\t\t\t<div class=\"blockG\" id=\"rotateG_01\"><\/div>\n\t\t\t\t<div class=\"blockG\" id=\"rotateG_02\"><\/div>\n\t\t\t\t<div class=\"blockG\" id=\"rotateG_03\"><\/div>\n\t\t\t\t<div class=\"blockG\" id=\"rotateG_04\"><\/div>\n\t\t\t\t<div class=\"blockG\" id=\"rotateG_05\"><\/div>\n\t\t\t\t<div class=\"blockG\" id=\"rotateG_06\"><\/div>\n\t\t\t\t<div class=\"blockG\" id=\"rotateG_07\"><\/div>\n\t\t\t\t<div class=\"blockG\" id=\"rotateG_08\"><\/div>\n\t\t\t<\/div>\n\t\t\t<div class=\"WooZone-cross-sell-loader-text\"><\/div>\n\t\t<\/div>\n\t<\/div>\n\n\t\t\n<\/div>\n<div style=\"clear:both;\"><\/div>\n","protected":false},"excerpt":{"rendered":"<p class=\"my-2 [&amp;+p]:mt-4 [&amp;_strong:has(+br)]:inline-block [&amp;_strong:has(+br)]:pb-2\">Diese Maske ist der neuste Stand der Wissenschaft und verspricht sofort tieferen Schlaf auf Reisen: Die Manta Pro Schlafmaske, die komplett Licht blockiert und dank ergonomischem Design speziell Seitenschl\u00e4fern perfekten Halt bietet. Atmungsaktiv, angenehm und individuell anpassbar.<\/p>\n","protected":false},"featured_media":5933,"comment_status":"closed","ping_status":"closed","template":"","meta":[],"product_brand":[],"product_cat":[86,185],"product_tag":[],"class_list":{"0":"post-5932","1":"product","2":"type-product","3":"status-publish","4":"has-post-thumbnail","6":"product_cat-unterwegs","7":"product_cat-nuetzliches-fuer-unterwegs-reisen","9":"first","10":"instock","11":"shipping-taxable","12":"product-type-external"},"yoast_head":"<!-- This site is optimized with the Yoast SEO plugin v27.4 - https:\/\/yoast.com\/product\/yoast-seo-wordpress\/ -->\n<title>Manta Pro Schlafmaske \u2013 100% lichtblockierend f\u00fcr Seitenschl\u00e4fer<\/title>\n<meta name=\"description\" content=\"Komfortable Manta Pro Schlafmaske mit 100% Lichtblockierung, ideal f\u00fcr Seitenschl\u00e4fer. Atmungsaktiv, verstellbar und perfekt f\u00fcr tiefen Schlaf.\" \/>\n<meta name=\"robots\" content=\"index, follow, max-snippet:-1, max-image-preview:large, max-video-preview:-1\" \/>\n<link rel=\"canonical\" href=\"https:\/\/travel-du.de\/reiseshop\/produkt\/manta-pro-schlafmaske-100-prozent-lichtblockierend-seitenschlaefer\/\" \/>\n<meta property=\"og:locale\" content=\"de_DE\" \/>\n<meta property=\"og:type\" content=\"article\" \/>\n<meta property=\"og:title\" content=\"Manta Pro Schlafmaske \u2013 100% lichtblockierend f\u00fcr Seitenschl\u00e4fer\" \/>\n<meta property=\"og:description\" content=\"Komfortable Manta Pro Schlafmaske mit 100% Lichtblockierung, ideal f\u00fcr Seitenschl\u00e4fer. Atmungsaktiv, verstellbar und perfekt f\u00fcr tiefen Schlaf.\" \/>\n<meta property=\"og:url\" content=\"https:\/\/travel-du.de\/reiseshop\/produkt\/manta-pro-schlafmaske-100-prozent-lichtblockierend-seitenschlaefer\/\" \/>\n<meta property=\"og:site_name\" content=\"Reiseshop Travel-du.de\" \/>\n<meta property=\"article:modified_time\" content=\"2025-08-17T16:09:45+00:00\" \/>\n<meta property=\"og:image\" content=\"https:\/\/travel-du.de\/reiseshop\/wp-content\/uploads\/2025\/08\/Manta-Pro-Schlafmaske--100-lichtblockierende-Schlafmaske-fuer-Seitenschlaefer-atmungsaktiv-und-bequem-fuer-Schlaf-Reisen-Nickerchen-und-Schichtarbeit-0.jpg\" \/>\n\t<meta property=\"og:image:width\" content=\"500\" \/>\n\t<meta property=\"og:image:height\" content=\"500\" \/>\n\t<meta property=\"og:image:type\" content=\"image\/jpeg\" \/>\n<meta name=\"twitter:card\" content=\"summary_large_image\" \/>\n<meta name=\"twitter:label1\" content=\"Gesch\u00e4tzte Lesezeit\" \/>\n\t<meta name=\"twitter:data1\" content=\"2\u00a0Minuten\" \/>\n<script type=\"application\/ld+json\" class=\"yoast-schema-graph\">{\"@context\":\"https:\\\/\\\/schema.org\",\"@graph\":[{\"@type\":\"WebPage\",\"@id\":\"https:\\\/\\\/travel-du.de\\\/reiseshop\\\/produkt\\\/manta-pro-schlafmaske-100-prozent-lichtblockierend-seitenschlaefer\\\/\",\"url\":\"https:\\\/\\\/travel-du.de\\\/reiseshop\\\/produkt\\\/manta-pro-schlafmaske-100-prozent-lichtblockierend-seitenschlaefer\\\/\",\"name\":\"Manta Pro Schlafmaske \u2013 100% lichtblockierend f\u00fcr Seitenschl\u00e4fer\",\"isPartOf\":{\"@id\":\"https:\\\/\\\/travel-du.de\\\/reiseshop\\\/#website\"},\"primaryImageOfPage\":{\"@id\":\"https:\\\/\\\/travel-du.de\\\/reiseshop\\\/produkt\\\/manta-pro-schlafmaske-100-prozent-lichtblockierend-seitenschlaefer\\\/#primaryimage\"},\"image\":{\"@id\":\"https:\\\/\\\/travel-du.de\\\/reiseshop\\\/produkt\\\/manta-pro-schlafmaske-100-prozent-lichtblockierend-seitenschlaefer\\\/#primaryimage\"},\"thumbnailUrl\":\"https:\\\/\\\/travel-du.de\\\/reiseshop\\\/wp-content\\\/uploads\\\/2025\\\/08\\\/Manta-Pro-Schlafmaske--100-lichtblockierende-Schlafmaske-fuer-Seitenschlaefer-atmungsaktiv-und-bequem-fuer-Schlaf-Reisen-Nickerchen-und-Schichtarbeit-0.jpg\",\"datePublished\":\"2025-08-17T15:39:25+00:00\",\"dateModified\":\"2025-08-17T16:09:45+00:00\",\"description\":\"Komfortable Manta Pro Schlafmaske mit 100% Lichtblockierung, ideal f\u00fcr Seitenschl\u00e4fer. Atmungsaktiv, verstellbar und perfekt f\u00fcr tiefen Schlaf.\",\"breadcrumb\":{\"@id\":\"https:\\\/\\\/travel-du.de\\\/reiseshop\\\/produkt\\\/manta-pro-schlafmaske-100-prozent-lichtblockierend-seitenschlaefer\\\/#breadcrumb\"},\"inLanguage\":\"de\",\"potentialAction\":[{\"@type\":\"ReadAction\",\"target\":[\"https:\\\/\\\/travel-du.de\\\/reiseshop\\\/produkt\\\/manta-pro-schlafmaske-100-prozent-lichtblockierend-seitenschlaefer\\\/\"]}]},{\"@type\":\"ImageObject\",\"inLanguage\":\"de\",\"@id\":\"https:\\\/\\\/travel-du.de\\\/reiseshop\\\/produkt\\\/manta-pro-schlafmaske-100-prozent-lichtblockierend-seitenschlaefer\\\/#primaryimage\",\"url\":\"https:\\\/\\\/travel-du.de\\\/reiseshop\\\/wp-content\\\/uploads\\\/2025\\\/08\\\/Manta-Pro-Schlafmaske--100-lichtblockierende-Schlafmaske-fuer-Seitenschlaefer-atmungsaktiv-und-bequem-fuer-Schlaf-Reisen-Nickerchen-und-Schichtarbeit-0.jpg\",\"contentUrl\":\"https:\\\/\\\/travel-du.de\\\/reiseshop\\\/wp-content\\\/uploads\\\/2025\\\/08\\\/Manta-Pro-Schlafmaske--100-lichtblockierende-Schlafmaske-fuer-Seitenschlaefer-atmungsaktiv-und-bequem-fuer-Schlaf-Reisen-Nickerchen-und-Schichtarbeit-0.jpg\",\"width\":500,\"height\":500},{\"@type\":\"BreadcrumbList\",\"@id\":\"https:\\\/\\\/travel-du.de\\\/reiseshop\\\/produkt\\\/manta-pro-schlafmaske-100-prozent-lichtblockierend-seitenschlaefer\\\/#breadcrumb\",\"itemListElement\":[{\"@type\":\"ListItem\",\"position\":1,\"name\":\"Startseite\",\"item\":\"https:\\\/\\\/travel-du.de\\\/reiseshop\\\/\"},{\"@type\":\"ListItem\",\"position\":2,\"name\":\"Shop\",\"item\":\"https:\\\/\\\/travel-du.de\\\/reiseshop\\\/shop\\\/\"},{\"@type\":\"ListItem\",\"position\":3,\"name\":\"Manta Pro Schlafmaske \u2013 100\u202f% lichtblockierend &#038; atmungsaktiv, ideal f\u00fcr Seitenschl\u00e4fer\"}]},{\"@type\":\"WebSite\",\"@id\":\"https:\\\/\\\/travel-du.de\\\/reiseshop\\\/#website\",\"url\":\"https:\\\/\\\/travel-du.de\\\/reiseshop\\\/\",\"name\":\"Reiseshop Travel-du.de\",\"description\":\"Der Shop f\u00fcr Reisende, Weltenbummler und Abenteurer\",\"potentialAction\":[{\"@type\":\"SearchAction\",\"target\":{\"@type\":\"EntryPoint\",\"urlTemplate\":\"https:\\\/\\\/travel-du.de\\\/reiseshop\\\/?s={search_term_string}\"},\"query-input\":{\"@type\":\"PropertyValueSpecification\",\"valueRequired\":true,\"valueName\":\"search_term_string\"}}],\"inLanguage\":\"de\"}]}<\/script>\n<!-- \/ Yoast SEO plugin. -->","yoast_head_json":{"title":"Manta Pro Schlafmaske \u2013 100% lichtblockierend f\u00fcr Seitenschl\u00e4fer","description":"Komfortable Manta Pro Schlafmaske mit 100% Lichtblockierung, ideal f\u00fcr Seitenschl\u00e4fer. Atmungsaktiv, verstellbar und perfekt f\u00fcr tiefen Schlaf.","robots":{"index":"index","follow":"follow","max-snippet":"max-snippet:-1","max-image-preview":"max-image-preview:large","max-video-preview":"max-video-preview:-1"},"canonical":"https:\/\/travel-du.de\/reiseshop\/produkt\/manta-pro-schlafmaske-100-prozent-lichtblockierend-seitenschlaefer\/","og_locale":"de_DE","og_type":"article","og_title":"Manta Pro Schlafmaske \u2013 100% lichtblockierend f\u00fcr Seitenschl\u00e4fer","og_description":"Komfortable Manta Pro Schlafmaske mit 100% Lichtblockierung, ideal f\u00fcr Seitenschl\u00e4fer. Atmungsaktiv, verstellbar und perfekt f\u00fcr tiefen Schlaf.","og_url":"https:\/\/travel-du.de\/reiseshop\/produkt\/manta-pro-schlafmaske-100-prozent-lichtblockierend-seitenschlaefer\/","og_site_name":"Reiseshop Travel-du.de","article_modified_time":"2025-08-17T16:09:45+00:00","og_image":[{"width":500,"height":500,"url":"https:\/\/travel-du.de\/reiseshop\/wp-content\/uploads\/2025\/08\/Manta-Pro-Schlafmaske--100-lichtblockierende-Schlafmaske-fuer-Seitenschlaefer-atmungsaktiv-und-bequem-fuer-Schlaf-Reisen-Nickerchen-und-Schichtarbeit-0.jpg","type":"image\/jpeg"}],"twitter_card":"summary_large_image","twitter_misc":{"Gesch\u00e4tzte Lesezeit":"2\u00a0Minuten"},"schema":{"@context":"https:\/\/schema.org","@graph":[{"@type":"WebPage","@id":"https:\/\/travel-du.de\/reiseshop\/produkt\/manta-pro-schlafmaske-100-prozent-lichtblockierend-seitenschlaefer\/","url":"https:\/\/travel-du.de\/reiseshop\/produkt\/manta-pro-schlafmaske-100-prozent-lichtblockierend-seitenschlaefer\/","name":"Manta Pro Schlafmaske \u2013 100% lichtblockierend f\u00fcr Seitenschl\u00e4fer","isPartOf":{"@id":"https:\/\/travel-du.de\/reiseshop\/#website"},"primaryImageOfPage":{"@id":"https:\/\/travel-du.de\/reiseshop\/produkt\/manta-pro-schlafmaske-100-prozent-lichtblockierend-seitenschlaefer\/#primaryimage"},"image":{"@id":"https:\/\/travel-du.de\/reiseshop\/produkt\/manta-pro-schlafmaske-100-prozent-lichtblockierend-seitenschlaefer\/#primaryimage"},"thumbnailUrl":"https:\/\/travel-du.de\/reiseshop\/wp-content\/uploads\/2025\/08\/Manta-Pro-Schlafmaske--100-lichtblockierende-Schlafmaske-fuer-Seitenschlaefer-atmungsaktiv-und-bequem-fuer-Schlaf-Reisen-Nickerchen-und-Schichtarbeit-0.jpg","datePublished":"2025-08-17T15:39:25+00:00","dateModified":"2025-08-17T16:09:45+00:00","description":"Komfortable Manta Pro Schlafmaske mit 100% Lichtblockierung, ideal f\u00fcr Seitenschl\u00e4fer. Atmungsaktiv, verstellbar und perfekt f\u00fcr tiefen Schlaf.","breadcrumb":{"@id":"https:\/\/travel-du.de\/reiseshop\/produkt\/manta-pro-schlafmaske-100-prozent-lichtblockierend-seitenschlaefer\/#breadcrumb"},"inLanguage":"de","potentialAction":[{"@type":"ReadAction","target":["https:\/\/travel-du.de\/reiseshop\/produkt\/manta-pro-schlafmaske-100-prozent-lichtblockierend-seitenschlaefer\/"]}]},{"@type":"ImageObject","inLanguage":"de","@id":"https:\/\/travel-du.de\/reiseshop\/produkt\/manta-pro-schlafmaske-100-prozent-lichtblockierend-seitenschlaefer\/#primaryimage","url":"https:\/\/travel-du.de\/reiseshop\/wp-content\/uploads\/2025\/08\/Manta-Pro-Schlafmaske--100-lichtblockierende-Schlafmaske-fuer-Seitenschlaefer-atmungsaktiv-und-bequem-fuer-Schlaf-Reisen-Nickerchen-und-Schichtarbeit-0.jpg","contentUrl":"https:\/\/travel-du.de\/reiseshop\/wp-content\/uploads\/2025\/08\/Manta-Pro-Schlafmaske--100-lichtblockierende-Schlafmaske-fuer-Seitenschlaefer-atmungsaktiv-und-bequem-fuer-Schlaf-Reisen-Nickerchen-und-Schichtarbeit-0.jpg","width":500,"height":500},{"@type":"BreadcrumbList","@id":"https:\/\/travel-du.de\/reiseshop\/produkt\/manta-pro-schlafmaske-100-prozent-lichtblockierend-seitenschlaefer\/#breadcrumb","itemListElement":[{"@type":"ListItem","position":1,"name":"Startseite","item":"https:\/\/travel-du.de\/reiseshop\/"},{"@type":"ListItem","position":2,"name":"Shop","item":"https:\/\/travel-du.de\/reiseshop\/shop\/"},{"@type":"ListItem","position":3,"name":"Manta Pro Schlafmaske \u2013 100\u202f% lichtblockierend &#038; atmungsaktiv, ideal f\u00fcr Seitenschl\u00e4fer"}]},{"@type":"WebSite","@id":"https:\/\/travel-du.de\/reiseshop\/#website","url":"https:\/\/travel-du.de\/reiseshop\/","name":"Reiseshop Travel-du.de","description":"Der Shop f\u00fcr Reisende, Weltenbummler und Abenteurer","potentialAction":[{"@type":"SearchAction","target":{"@type":"EntryPoint","urlTemplate":"https:\/\/travel-du.de\/reiseshop\/?s={search_term_string}"},"query-input":{"@type":"PropertyValueSpecification","valueRequired":true,"valueName":"search_term_string"}}],"inLanguage":"de"}]}},"_links":{"self":[{"href":"https:\/\/travel-du.de\/reiseshop\/wp-json\/wp\/v2\/product\/5932","targetHints":{"allow":["GET"]}}],"collection":[{"href":"https:\/\/travel-du.de\/reiseshop\/wp-json\/wp\/v2\/product"}],"about":[{"href":"https:\/\/travel-du.de\/reiseshop\/wp-json\/wp\/v2\/types\/product"}],"replies":[{"embeddable":true,"href":"https:\/\/travel-du.de\/reiseshop\/wp-json\/wp\/v2\/comments?post=5932"}],"wp:featuredmedia":[{"embeddable":true,"href":"https:\/\/travel-du.de\/reiseshop\/wp-json\/wp\/v2\/media\/5933"}],"wp:attachment":[{"href":"https:\/\/travel-du.de\/reiseshop\/wp-json\/wp\/v2\/media?parent=5932"}],"wp:term":[{"taxonomy":"product_brand","embeddable":true,"href":"https:\/\/travel-du.de\/reiseshop\/wp-json\/wp\/v2\/product_brand?post=5932"},{"taxonomy":"product_cat","embeddable":true,"href":"https:\/\/travel-du.de\/reiseshop\/wp-json\/wp\/v2\/product_cat?post=5932"},{"taxonomy":"product_tag","embeddable":true,"href":"https:\/\/travel-du.de\/reiseshop\/wp-json\/wp\/v2\/product_tag?post=5932"}],"curies":[{"name":"wp","href":"https:\/\/api.w.org\/{rel}","templated":true}]}}