{"id":5767,"date":"2025-08-11T16:56:34","date_gmt":"2025-08-11T14:56:34","guid":{"rendered":"https:\/\/travel-du.de\/reiseshop\/produkt\/lets-get-lost-der-perfekte-augenblick-an-den-schoensten-orten-der-welt-ueber-250-spektakulaere-bilder-der-20-erfolgreichsten-instagram-outdoor-fotografen\/"},"modified":"2025-08-11T16:56:34","modified_gmt":"2025-08-11T14:56:34","slug":"lets-get-lost-der-perfekte-augenblick-an-den-schoensten-orten-der-welt-ueber-250-spektakulaere-bilder-der-20-erfolgreichsten-instagram-outdoor-fotografen","status":"publish","type":"product","link":"https:\/\/travel-du.de\/reiseshop\/produkt\/lets-get-lost-der-perfekte-augenblick-an-den-schoensten-orten-der-welt-ueber-250-spektakulaere-bilder-der-20-erfolgreichsten-instagram-outdoor-fotografen\/","title":{"rendered":"Let&#8217;s Get Lost: Der perfekte Augenblick an den sch\u00f6nsten Orten der Welt: \u00dcber 250 spektakul\u00e4re Bilder der 20 erfolgreichsten Instagram-Outdoor-Fotografen"},"content":{"rendered":"<div class=\"main-cross-sell\" data-asin=\"3791388525\">\n\n\t<div class=\"WooZone-cross-sell-loader\">\n\t\t<div>\n\t\t\t<div id=\"floatingBarsG\">\n\t\t\t\t<div class=\"blockG\" id=\"rotateG_01\"><\/div>\n\t\t\t\t<div class=\"blockG\" id=\"rotateG_02\"><\/div>\n\t\t\t\t<div class=\"blockG\" id=\"rotateG_03\"><\/div>\n\t\t\t\t<div class=\"blockG\" id=\"rotateG_04\"><\/div>\n\t\t\t\t<div class=\"blockG\" id=\"rotateG_05\"><\/div>\n\t\t\t\t<div class=\"blockG\" id=\"rotateG_06\"><\/div>\n\t\t\t\t<div class=\"blockG\" id=\"rotateG_07\"><\/div>\n\t\t\t\t<div class=\"blockG\" id=\"rotateG_08\"><\/div>\n\t\t\t<\/div>\n\t\t\t<div class=\"WooZone-cross-sell-loader-text\"><\/div>\n\t\t<\/div>\n\t<\/div>\n\n\t\t\n<\/div>\n<div style=\"clear:both;\"><\/div>\n","protected":false},"excerpt":{"rendered":"","protected":false},"featured_media":5768,"comment_status":"","ping_status":"closed","template":"","meta":[],"product_brand":[],"product_cat":[87,101],"product_tag":[],"class_list":{"0":"post-5767","1":"product","2":"type-product","3":"status-publish","4":"has-post-thumbnail","6":"product_cat-zu-hause","7":"product_cat-reiseliteratur","9":"first","10":"instock","11":"shipping-taxable","12":"product-type-external"},"yoast_head":"<!-- This site is optimized with the Yoast SEO plugin v27.4 - https:\/\/yoast.com\/product\/yoast-seo-wordpress\/ -->\n<title>Let&#039;s Get Lost: Der perfekte Augenblick an den sch\u00f6nsten Orten der Welt: \u00dcber 250 spektakul\u00e4re Bilder der 20 erfolgreichsten Instagram-Outdoor-Fotografen &#8211; Reiseshop Travel-du.de<\/title>\n<meta name=\"robots\" content=\"index, follow, max-snippet:-1, max-image-preview:large, max-video-preview:-1\" \/>\n<link rel=\"canonical\" href=\"https:\/\/travel-du.de\/reiseshop\/produkt\/lets-get-lost-der-perfekte-augenblick-an-den-schoensten-orten-der-welt-ueber-250-spektakulaere-bilder-der-20-erfolgreichsten-instagram-outdoor-fotografen\/\" \/>\n<meta property=\"og:locale\" content=\"de_DE\" \/>\n<meta property=\"og:type\" content=\"article\" \/>\n<meta property=\"og:title\" content=\"Let&#039;s Get Lost: Der perfekte Augenblick an den sch\u00f6nsten Orten der Welt: \u00dcber 250 spektakul\u00e4re Bilder der 20 erfolgreichsten Instagram-Outdoor-Fotografen &#8211; Reiseshop Travel-du.de\" \/>\n<meta property=\"og:url\" content=\"https:\/\/travel-du.de\/reiseshop\/produkt\/lets-get-lost-der-perfekte-augenblick-an-den-schoensten-orten-der-welt-ueber-250-spektakulaere-bilder-der-20-erfolgreichsten-instagram-outdoor-fotografen\/\" \/>\n<meta property=\"og:site_name\" content=\"Reiseshop Travel-du.de\" \/>\n<meta name=\"twitter:card\" content=\"summary_large_image\" \/>\n<script type=\"application\/ld+json\" class=\"yoast-schema-graph\">{\"@context\":\"https:\\\/\\\/schema.org\",\"@graph\":[{\"@type\":\"WebPage\",\"@id\":\"https:\\\/\\\/travel-du.de\\\/reiseshop\\\/produkt\\\/lets-get-lost-der-perfekte-augenblick-an-den-schoensten-orten-der-welt-ueber-250-spektakulaere-bilder-der-20-erfolgreichsten-instagram-outdoor-fotografen\\\/\",\"url\":\"https:\\\/\\\/travel-du.de\\\/reiseshop\\\/produkt\\\/lets-get-lost-der-perfekte-augenblick-an-den-schoensten-orten-der-welt-ueber-250-spektakulaere-bilder-der-20-erfolgreichsten-instagram-outdoor-fotografen\\\/\",\"name\":\"Let's Get Lost: Der perfekte Augenblick an den sch\u00f6nsten Orten der Welt: \u00dcber 250 spektakul\u00e4re Bilder der 20 erfolgreichsten Instagram-Outdoor-Fotografen &#8211; Reiseshop Travel-du.de\",\"isPartOf\":{\"@id\":\"https:\\\/\\\/travel-du.de\\\/reiseshop\\\/#website\"},\"primaryImageOfPage\":{\"@id\":\"https:\\\/\\\/travel-du.de\\\/reiseshop\\\/produkt\\\/lets-get-lost-der-perfekte-augenblick-an-den-schoensten-orten-der-welt-ueber-250-spektakulaere-bilder-der-20-erfolgreichsten-instagram-outdoor-fotografen\\\/#primaryimage\"},\"image\":{\"@id\":\"https:\\\/\\\/travel-du.de\\\/reiseshop\\\/produkt\\\/lets-get-lost-der-perfekte-augenblick-an-den-schoensten-orten-der-welt-ueber-250-spektakulaere-bilder-der-20-erfolgreichsten-instagram-outdoor-fotografen\\\/#primaryimage\"},\"thumbnailUrl\":\"https:\\\/\\\/travel-du.de\\\/reiseshop\\\/wp-content\\\/uploads\\\/2025\\\/08\\\/Lets-Get-Lost-Der-perfekte-Augenblick-an-den-schoensten-Orten-der-Welt-Ueber-250-spektakulaere-Bilder-der-20-erfolgreichsten-Instagram-Outdoor-Fotografen-0.jpg\",\"datePublished\":\"2025-08-11T14:56:34+00:00\",\"breadcrumb\":{\"@id\":\"https:\\\/\\\/travel-du.de\\\/reiseshop\\\/produkt\\\/lets-get-lost-der-perfekte-augenblick-an-den-schoensten-orten-der-welt-ueber-250-spektakulaere-bilder-der-20-erfolgreichsten-instagram-outdoor-fotografen\\\/#breadcrumb\"},\"inLanguage\":\"de\",\"potentialAction\":[{\"@type\":\"ReadAction\",\"target\":[\"https:\\\/\\\/travel-du.de\\\/reiseshop\\\/produkt\\\/lets-get-lost-der-perfekte-augenblick-an-den-schoensten-orten-der-welt-ueber-250-spektakulaere-bilder-der-20-erfolgreichsten-instagram-outdoor-fotografen\\\/\"]}]},{\"@type\":\"ImageObject\",\"inLanguage\":\"de\",\"@id\":\"https:\\\/\\\/travel-du.de\\\/reiseshop\\\/produkt\\\/lets-get-lost-der-perfekte-augenblick-an-den-schoensten-orten-der-welt-ueber-250-spektakulaere-bilder-der-20-erfolgreichsten-instagram-outdoor-fotografen\\\/#primaryimage\",\"url\":\"https:\\\/\\\/travel-du.de\\\/reiseshop\\\/wp-content\\\/uploads\\\/2025\\\/08\\\/Lets-Get-Lost-Der-perfekte-Augenblick-an-den-schoensten-Orten-der-Welt-Ueber-250-spektakulaere-Bilder-der-20-erfolgreichsten-Instagram-Outdoor-Fotografen-0.jpg\",\"contentUrl\":\"https:\\\/\\\/travel-du.de\\\/reiseshop\\\/wp-content\\\/uploads\\\/2025\\\/08\\\/Lets-Get-Lost-Der-perfekte-Augenblick-an-den-schoensten-Orten-der-Welt-Ueber-250-spektakulaere-Bilder-der-20-erfolgreichsten-Instagram-Outdoor-Fotografen-0.jpg\",\"width\":405,\"height\":500},{\"@type\":\"BreadcrumbList\",\"@id\":\"https:\\\/\\\/travel-du.de\\\/reiseshop\\\/produkt\\\/lets-get-lost-der-perfekte-augenblick-an-den-schoensten-orten-der-welt-ueber-250-spektakulaere-bilder-der-20-erfolgreichsten-instagram-outdoor-fotografen\\\/#breadcrumb\",\"itemListElement\":[{\"@type\":\"ListItem\",\"position\":1,\"name\":\"Startseite\",\"item\":\"https:\\\/\\\/travel-du.de\\\/reiseshop\\\/\"},{\"@type\":\"ListItem\",\"position\":2,\"name\":\"Shop\",\"item\":\"https:\\\/\\\/travel-du.de\\\/reiseshop\\\/shop\\\/\"},{\"@type\":\"ListItem\",\"position\":3,\"name\":\"Let&#8217;s Get Lost: Der perfekte Augenblick an den sch\u00f6nsten Orten der Welt: \u00dcber 250 spektakul\u00e4re Bilder der 20 erfolgreichsten Instagram-Outdoor-Fotografen\"}]},{\"@type\":\"WebSite\",\"@id\":\"https:\\\/\\\/travel-du.de\\\/reiseshop\\\/#website\",\"url\":\"https:\\\/\\\/travel-du.de\\\/reiseshop\\\/\",\"name\":\"Reiseshop Travel-du.de\",\"description\":\"Der Shop f\u00fcr Reisende, Weltenbummler und Abenteurer\",\"potentialAction\":[{\"@type\":\"SearchAction\",\"target\":{\"@type\":\"EntryPoint\",\"urlTemplate\":\"https:\\\/\\\/travel-du.de\\\/reiseshop\\\/?s={search_term_string}\"},\"query-input\":{\"@type\":\"PropertyValueSpecification\",\"valueRequired\":true,\"valueName\":\"search_term_string\"}}],\"inLanguage\":\"de\"}]}<\/script>\n<!-- \/ Yoast SEO plugin. -->","yoast_head_json":{"title":"Let's Get Lost: Der perfekte Augenblick an den sch\u00f6nsten Orten der Welt: \u00dcber 250 spektakul\u00e4re Bilder der 20 erfolgreichsten Instagram-Outdoor-Fotografen &#8211; Reiseshop Travel-du.de","robots":{"index":"index","follow":"follow","max-snippet":"max-snippet:-1","max-image-preview":"max-image-preview:large","max-video-preview":"max-video-preview:-1"},"canonical":"https:\/\/travel-du.de\/reiseshop\/produkt\/lets-get-lost-der-perfekte-augenblick-an-den-schoensten-orten-der-welt-ueber-250-spektakulaere-bilder-der-20-erfolgreichsten-instagram-outdoor-fotografen\/","og_locale":"de_DE","og_type":"article","og_title":"Let's Get Lost: Der perfekte Augenblick an den sch\u00f6nsten Orten der Welt: \u00dcber 250 spektakul\u00e4re Bilder der 20 erfolgreichsten Instagram-Outdoor-Fotografen &#8211; Reiseshop Travel-du.de","og_url":"https:\/\/travel-du.de\/reiseshop\/produkt\/lets-get-lost-der-perfekte-augenblick-an-den-schoensten-orten-der-welt-ueber-250-spektakulaere-bilder-der-20-erfolgreichsten-instagram-outdoor-fotografen\/","og_site_name":"Reiseshop Travel-du.de","twitter_card":"summary_large_image","schema":{"@context":"https:\/\/schema.org","@graph":[{"@type":"WebPage","@id":"https:\/\/travel-du.de\/reiseshop\/produkt\/lets-get-lost-der-perfekte-augenblick-an-den-schoensten-orten-der-welt-ueber-250-spektakulaere-bilder-der-20-erfolgreichsten-instagram-outdoor-fotografen\/","url":"https:\/\/travel-du.de\/reiseshop\/produkt\/lets-get-lost-der-perfekte-augenblick-an-den-schoensten-orten-der-welt-ueber-250-spektakulaere-bilder-der-20-erfolgreichsten-instagram-outdoor-fotografen\/","name":"Let's Get Lost: Der perfekte Augenblick an den sch\u00f6nsten Orten der Welt: \u00dcber 250 spektakul\u00e4re Bilder der 20 erfolgreichsten Instagram-Outdoor-Fotografen &#8211; Reiseshop Travel-du.de","isPartOf":{"@id":"https:\/\/travel-du.de\/reiseshop\/#website"},"primaryImageOfPage":{"@id":"https:\/\/travel-du.de\/reiseshop\/produkt\/lets-get-lost-der-perfekte-augenblick-an-den-schoensten-orten-der-welt-ueber-250-spektakulaere-bilder-der-20-erfolgreichsten-instagram-outdoor-fotografen\/#primaryimage"},"image":{"@id":"https:\/\/travel-du.de\/reiseshop\/produkt\/lets-get-lost-der-perfekte-augenblick-an-den-schoensten-orten-der-welt-ueber-250-spektakulaere-bilder-der-20-erfolgreichsten-instagram-outdoor-fotografen\/#primaryimage"},"thumbnailUrl":"https:\/\/travel-du.de\/reiseshop\/wp-content\/uploads\/2025\/08\/Lets-Get-Lost-Der-perfekte-Augenblick-an-den-schoensten-Orten-der-Welt-Ueber-250-spektakulaere-Bilder-der-20-erfolgreichsten-Instagram-Outdoor-Fotografen-0.jpg","datePublished":"2025-08-11T14:56:34+00:00","breadcrumb":{"@id":"https:\/\/travel-du.de\/reiseshop\/produkt\/lets-get-lost-der-perfekte-augenblick-an-den-schoensten-orten-der-welt-ueber-250-spektakulaere-bilder-der-20-erfolgreichsten-instagram-outdoor-fotografen\/#breadcrumb"},"inLanguage":"de","potentialAction":[{"@type":"ReadAction","target":["https:\/\/travel-du.de\/reiseshop\/produkt\/lets-get-lost-der-perfekte-augenblick-an-den-schoensten-orten-der-welt-ueber-250-spektakulaere-bilder-der-20-erfolgreichsten-instagram-outdoor-fotografen\/"]}]},{"@type":"ImageObject","inLanguage":"de","@id":"https:\/\/travel-du.de\/reiseshop\/produkt\/lets-get-lost-der-perfekte-augenblick-an-den-schoensten-orten-der-welt-ueber-250-spektakulaere-bilder-der-20-erfolgreichsten-instagram-outdoor-fotografen\/#primaryimage","url":"https:\/\/travel-du.de\/reiseshop\/wp-content\/uploads\/2025\/08\/Lets-Get-Lost-Der-perfekte-Augenblick-an-den-schoensten-Orten-der-Welt-Ueber-250-spektakulaere-Bilder-der-20-erfolgreichsten-Instagram-Outdoor-Fotografen-0.jpg","contentUrl":"https:\/\/travel-du.de\/reiseshop\/wp-content\/uploads\/2025\/08\/Lets-Get-Lost-Der-perfekte-Augenblick-an-den-schoensten-Orten-der-Welt-Ueber-250-spektakulaere-Bilder-der-20-erfolgreichsten-Instagram-Outdoor-Fotografen-0.jpg","width":405,"height":500},{"@type":"BreadcrumbList","@id":"https:\/\/travel-du.de\/reiseshop\/produkt\/lets-get-lost-der-perfekte-augenblick-an-den-schoensten-orten-der-welt-ueber-250-spektakulaere-bilder-der-20-erfolgreichsten-instagram-outdoor-fotografen\/#breadcrumb","itemListElement":[{"@type":"ListItem","position":1,"name":"Startseite","item":"https:\/\/travel-du.de\/reiseshop\/"},{"@type":"ListItem","position":2,"name":"Shop","item":"https:\/\/travel-du.de\/reiseshop\/shop\/"},{"@type":"ListItem","position":3,"name":"Let&#8217;s Get Lost: Der perfekte Augenblick an den sch\u00f6nsten Orten der Welt: \u00dcber 250 spektakul\u00e4re Bilder der 20 erfolgreichsten Instagram-Outdoor-Fotografen"}]},{"@type":"WebSite","@id":"https:\/\/travel-du.de\/reiseshop\/#website","url":"https:\/\/travel-du.de\/reiseshop\/","name":"Reiseshop Travel-du.de","description":"Der Shop f\u00fcr Reisende, Weltenbummler und Abenteurer","potentialAction":[{"@type":"SearchAction","target":{"@type":"EntryPoint","urlTemplate":"https:\/\/travel-du.de\/reiseshop\/?s={search_term_string}"},"query-input":{"@type":"PropertyValueSpecification","valueRequired":true,"valueName":"search_term_string"}}],"inLanguage":"de"}]}},"_links":{"self":[{"href":"https:\/\/travel-du.de\/reiseshop\/wp-json\/wp\/v2\/product\/5767","targetHints":{"allow":["GET"]}}],"collection":[{"href":"https:\/\/travel-du.de\/reiseshop\/wp-json\/wp\/v2\/product"}],"about":[{"href":"https:\/\/travel-du.de\/reiseshop\/wp-json\/wp\/v2\/types\/product"}],"replies":[{"embeddable":true,"href":"https:\/\/travel-du.de\/reiseshop\/wp-json\/wp\/v2\/comments?post=5767"}],"wp:featuredmedia":[{"embeddable":true,"href":"https:\/\/travel-du.de\/reiseshop\/wp-json\/wp\/v2\/media\/5768"}],"wp:attachment":[{"href":"https:\/\/travel-du.de\/reiseshop\/wp-json\/wp\/v2\/media?parent=5767"}],"wp:term":[{"taxonomy":"product_brand","embeddable":true,"href":"https:\/\/travel-du.de\/reiseshop\/wp-json\/wp\/v2\/product_brand?post=5767"},{"taxonomy":"product_cat","embeddable":true,"href":"https:\/\/travel-du.de\/reiseshop\/wp-json\/wp\/v2\/product_cat?post=5767"},{"taxonomy":"product_tag","embeddable":true,"href":"https:\/\/travel-du.de\/reiseshop\/wp-json\/wp\/v2\/product_tag?post=5767"}],"curies":[{"name":"wp","href":"https:\/\/api.w.org\/{rel}","templated":true}]}}