{"id":5585,"date":"2025-08-11T16:19:52","date_gmt":"2025-08-11T14:19:52","guid":{"rendered":"https:\/\/travel-du.de\/reiseshop\/produkt\/7-stueck-weltkarte-form-ausstechformen-kuchen-dekorieren-schablone-sieben-kontinente-form-ausstechformen-set-fuer-kuchen-kekse-cupcakes-fondant-gebaeck\/"},"modified":"2025-08-11T16:51:20","modified_gmt":"2025-08-11T14:51:20","slug":"7-teiliges-weltkarte-ausstechformen-set-kekse-fondant","status":"publish","type":"product","link":"https:\/\/travel-du.de\/reiseshop\/produkt\/7-teiliges-weltkarte-ausstechformen-set-kekse-fondant\/","title":{"rendered":"7-teiliges Weltkarte Ausstechformen Set \u2013 Kontinente Keks- &#038; Fondantformen"},"content":{"rendered":"<p>\ud83c\udf0d Sieben Kontinente zum Backen: Dieses hochwertige Ausstechformen-Set enth\u00e4lt jede der sieben Kontinente als eigene Form \u2013 ideal f\u00fcr individuelle Keks-, Cake-Pops- und Fondant-Designs mit geographischem Flair.<\/p>\n<p>\ud83c\udf6a Einfache Anwendung: Material (Teig, Fondant, Marzipan) einfach in die Form dr\u00fccken, fest andr\u00fccken und das ausgestochene Motiv schnell l\u00f6sen. So sparst du Zeit und bekommst immer pr\u00e4zise Ergebnisse.<\/p>\n<p>\ud83d\udcaa Robust &#038; langlebig: Gefertigt aus strapazierf\u00e4higem PP-Kunststoff, h\u00e4lt das Set auch h\u00e4ufigem Gebrauch stand \u2013 ideal f\u00fcr Hobbyb\u00e4cker und regelm\u00e4\u00dfige Backfans.<\/p>\n<p>\ud83c\udfa8 Vielseitig einsetzbar: Ob zum Backen, Modellieren oder Basteln \u2013 die 3D-Ausstecher sind perfekt f\u00fcr Kuchen, Kekse, Cupcakes, Fondant oder sogar kreative DIY-Dekorationen.<\/p>\n<p>\ud83c\udf81 Kreatives Geschenk: Ein tolles Pr\u00e4sent f\u00fcr Geographie-Begeisterte, Backenthusiasten und kreative K\u00f6pfe, die ihre kulinarischen Werke mit einem besonderen Twist versehen m\u00f6chten.<br \/>\n<div class=\"main-cross-sell\" data-asin=\"B0DF7BW6MD\">\n\n\t<div class=\"WooZone-cross-sell-loader\">\n\t\t<div>\n\t\t\t<div id=\"floatingBarsG\">\n\t\t\t\t<div class=\"blockG\" id=\"rotateG_01\"><\/div>\n\t\t\t\t<div class=\"blockG\" id=\"rotateG_02\"><\/div>\n\t\t\t\t<div class=\"blockG\" id=\"rotateG_03\"><\/div>\n\t\t\t\t<div class=\"blockG\" id=\"rotateG_04\"><\/div>\n\t\t\t\t<div class=\"blockG\" id=\"rotateG_05\"><\/div>\n\t\t\t\t<div class=\"blockG\" id=\"rotateG_06\"><\/div>\n\t\t\t\t<div class=\"blockG\" id=\"rotateG_07\"><\/div>\n\t\t\t\t<div class=\"blockG\" id=\"rotateG_08\"><\/div>\n\t\t\t<\/div>\n\t\t\t<div class=\"WooZone-cross-sell-loader-text\"><\/div>\n\t\t<\/div>\n\t<\/div>\n\n\t\t\n<\/div>\n<div style=\"clear:both;\"><\/div><\/p>\n","protected":false},"excerpt":{"rendered":"<p>Backe einzigartige Kekse, Cupcakes und Fondant-Dekorationen mit diesem vielseitigen 7-teiligen Ausstechformen-Set in Form der sieben Kontinente. Robustes Kunststoffmaterial, leicht zu verwenden und perfekt f\u00fcr kreative Backprojekte.<\/p>\n","protected":false},"featured_media":5586,"comment_status":"closed","ping_status":"closed","template":"","meta":[],"product_brand":[],"product_cat":[87,97,98],"product_tag":[],"class_list":{"0":"post-5585","1":"product","2":"type-product","3":"status-publish","4":"has-post-thumbnail","6":"product_cat-zu-hause","7":"product_cat-dekoration","8":"product_cat-weltkarten","10":"first","11":"instock","12":"sale","13":"shipping-taxable","14":"product-type-external"},"yoast_head":"<!-- This site is optimized with the Yoast SEO plugin v26.2 - https:\/\/yoast.com\/wordpress\/plugins\/seo\/ -->\n<title>7-teiliges Weltkarte Ausstechformen Set \u2013 Kekse &amp; Fondant<\/title>\n<meta name=\"description\" content=\"Kreatives Ausstechformen Set mit 7 Kontinente-Keksausstechern aus robustem Kunststoff. Perfekt f\u00fcr Kekse, Cupcakes &amp; Fondant-Dekorationen.\" \/>\n<meta name=\"robots\" content=\"index, follow, max-snippet:-1, max-image-preview:large, max-video-preview:-1\" \/>\n<link rel=\"canonical\" href=\"https:\/\/travel-du.de\/reiseshop\/produkt\/7-teiliges-weltkarte-ausstechformen-set-kekse-fondant\/\" \/>\n<meta property=\"og:locale\" content=\"de_DE\" \/>\n<meta property=\"og:type\" content=\"article\" \/>\n<meta property=\"og:title\" content=\"7-teiliges Weltkarte Ausstechformen Set \u2013 Kekse &amp; Fondant\" \/>\n<meta property=\"og:description\" content=\"Kreatives Ausstechformen Set mit 7 Kontinente-Keksausstechern aus robustem Kunststoff. Perfekt f\u00fcr Kekse, Cupcakes &amp; Fondant-Dekorationen.\" \/>\n<meta property=\"og:url\" content=\"https:\/\/travel-du.de\/reiseshop\/produkt\/7-teiliges-weltkarte-ausstechformen-set-kekse-fondant\/\" \/>\n<meta property=\"og:site_name\" content=\"Reiseshop Travel-du.de\" \/>\n<meta property=\"article:modified_time\" content=\"2025-08-11T14:51:20+00:00\" \/>\n<meta property=\"og:image\" content=\"https:\/\/travel-du.de\/reiseshop\/wp-content\/uploads\/2025\/08\/7-Stueck-Weltkarte-Form-Ausstechformen-Kuchen-Dekorieren-Schablone-Sieben-Kontinente-Form-Ausstechformen-Set-fuer-Kuchen-Kekse-Cupcakes-Fondant-Gebaeck-0.jpg\" \/>\n\t<meta property=\"og:image:width\" content=\"500\" \/>\n\t<meta property=\"og:image:height\" content=\"500\" \/>\n\t<meta property=\"og:image:type\" content=\"image\/jpeg\" \/>\n<meta name=\"twitter:card\" content=\"summary_large_image\" \/>\n<meta name=\"twitter:label1\" content=\"Gesch\u00e4tzte Lesezeit\" \/>\n\t<meta name=\"twitter:data1\" content=\"1\u00a0Minute\" \/>\n<script type=\"application\/ld+json\" class=\"yoast-schema-graph\">{\"@context\":\"https:\/\/schema.org\",\"@graph\":[{\"@type\":\"WebPage\",\"@id\":\"https:\/\/travel-du.de\/reiseshop\/produkt\/7-teiliges-weltkarte-ausstechformen-set-kekse-fondant\/\",\"url\":\"https:\/\/travel-du.de\/reiseshop\/produkt\/7-teiliges-weltkarte-ausstechformen-set-kekse-fondant\/\",\"name\":\"7-teiliges Weltkarte Ausstechformen Set \u2013 Kekse & Fondant\",\"isPartOf\":{\"@id\":\"https:\/\/travel-du.de\/reiseshop\/#website\"},\"primaryImageOfPage\":{\"@id\":\"https:\/\/travel-du.de\/reiseshop\/produkt\/7-teiliges-weltkarte-ausstechformen-set-kekse-fondant\/#primaryimage\"},\"image\":{\"@id\":\"https:\/\/travel-du.de\/reiseshop\/produkt\/7-teiliges-weltkarte-ausstechformen-set-kekse-fondant\/#primaryimage\"},\"thumbnailUrl\":\"https:\/\/travel-du.de\/reiseshop\/wp-content\/uploads\/2025\/08\/7-Stueck-Weltkarte-Form-Ausstechformen-Kuchen-Dekorieren-Schablone-Sieben-Kontinente-Form-Ausstechformen-Set-fuer-Kuchen-Kekse-Cupcakes-Fondant-Gebaeck-0.jpg\",\"datePublished\":\"2025-08-11T14:19:52+00:00\",\"dateModified\":\"2025-08-11T14:51:20+00:00\",\"description\":\"Kreatives Ausstechformen Set mit 7 Kontinente-Keksausstechern aus robustem Kunststoff. Perfekt f\u00fcr Kekse, Cupcakes & Fondant-Dekorationen.\",\"breadcrumb\":{\"@id\":\"https:\/\/travel-du.de\/reiseshop\/produkt\/7-teiliges-weltkarte-ausstechformen-set-kekse-fondant\/#breadcrumb\"},\"inLanguage\":\"de\",\"potentialAction\":[{\"@type\":\"ReadAction\",\"target\":[\"https:\/\/travel-du.de\/reiseshop\/produkt\/7-teiliges-weltkarte-ausstechformen-set-kekse-fondant\/\"]}]},{\"@type\":\"ImageObject\",\"inLanguage\":\"de\",\"@id\":\"https:\/\/travel-du.de\/reiseshop\/produkt\/7-teiliges-weltkarte-ausstechformen-set-kekse-fondant\/#primaryimage\",\"url\":\"https:\/\/travel-du.de\/reiseshop\/wp-content\/uploads\/2025\/08\/7-Stueck-Weltkarte-Form-Ausstechformen-Kuchen-Dekorieren-Schablone-Sieben-Kontinente-Form-Ausstechformen-Set-fuer-Kuchen-Kekse-Cupcakes-Fondant-Gebaeck-0.jpg\",\"contentUrl\":\"https:\/\/travel-du.de\/reiseshop\/wp-content\/uploads\/2025\/08\/7-Stueck-Weltkarte-Form-Ausstechformen-Kuchen-Dekorieren-Schablone-Sieben-Kontinente-Form-Ausstechformen-Set-fuer-Kuchen-Kekse-Cupcakes-Fondant-Gebaeck-0.jpg\",\"width\":500,\"height\":500},{\"@type\":\"BreadcrumbList\",\"@id\":\"https:\/\/travel-du.de\/reiseshop\/produkt\/7-teiliges-weltkarte-ausstechformen-set-kekse-fondant\/#breadcrumb\",\"itemListElement\":[{\"@type\":\"ListItem\",\"position\":1,\"name\":\"Startseite\",\"item\":\"https:\/\/travel-du.de\/reiseshop\/\"},{\"@type\":\"ListItem\",\"position\":2,\"name\":\"Shop\",\"item\":\"https:\/\/travel-du.de\/reiseshop\/shop\/\"},{\"@type\":\"ListItem\",\"position\":3,\"name\":\"7-teiliges Weltkarte Ausstechformen Set \u2013 Kontinente Keks- &#038; Fondantformen\"}]},{\"@type\":\"WebSite\",\"@id\":\"https:\/\/travel-du.de\/reiseshop\/#website\",\"url\":\"https:\/\/travel-du.de\/reiseshop\/\",\"name\":\"Reiseshop Travel-du.de\",\"description\":\"Der Shop f\u00fcr Reisende, Weltenbummler und Abenteurer\",\"potentialAction\":[{\"@type\":\"SearchAction\",\"target\":{\"@type\":\"EntryPoint\",\"urlTemplate\":\"https:\/\/travel-du.de\/reiseshop\/?s={search_term_string}\"},\"query-input\":{\"@type\":\"PropertyValueSpecification\",\"valueRequired\":true,\"valueName\":\"search_term_string\"}}],\"inLanguage\":\"de\"}]}<\/script>\n<!-- \/ Yoast SEO plugin. -->","yoast_head_json":{"title":"7-teiliges Weltkarte Ausstechformen Set \u2013 Kekse & Fondant","description":"Kreatives Ausstechformen Set mit 7 Kontinente-Keksausstechern aus robustem Kunststoff. Perfekt f\u00fcr Kekse, Cupcakes & Fondant-Dekorationen.","robots":{"index":"index","follow":"follow","max-snippet":"max-snippet:-1","max-image-preview":"max-image-preview:large","max-video-preview":"max-video-preview:-1"},"canonical":"https:\/\/travel-du.de\/reiseshop\/produkt\/7-teiliges-weltkarte-ausstechformen-set-kekse-fondant\/","og_locale":"de_DE","og_type":"article","og_title":"7-teiliges Weltkarte Ausstechformen Set \u2013 Kekse & Fondant","og_description":"Kreatives Ausstechformen Set mit 7 Kontinente-Keksausstechern aus robustem Kunststoff. Perfekt f\u00fcr Kekse, Cupcakes & Fondant-Dekorationen.","og_url":"https:\/\/travel-du.de\/reiseshop\/produkt\/7-teiliges-weltkarte-ausstechformen-set-kekse-fondant\/","og_site_name":"Reiseshop Travel-du.de","article_modified_time":"2025-08-11T14:51:20+00:00","og_image":[{"width":500,"height":500,"url":"https:\/\/travel-du.de\/reiseshop\/wp-content\/uploads\/2025\/08\/7-Stueck-Weltkarte-Form-Ausstechformen-Kuchen-Dekorieren-Schablone-Sieben-Kontinente-Form-Ausstechformen-Set-fuer-Kuchen-Kekse-Cupcakes-Fondant-Gebaeck-0.jpg","type":"image\/jpeg"}],"twitter_card":"summary_large_image","twitter_misc":{"Gesch\u00e4tzte Lesezeit":"1\u00a0Minute"},"schema":{"@context":"https:\/\/schema.org","@graph":[{"@type":"WebPage","@id":"https:\/\/travel-du.de\/reiseshop\/produkt\/7-teiliges-weltkarte-ausstechformen-set-kekse-fondant\/","url":"https:\/\/travel-du.de\/reiseshop\/produkt\/7-teiliges-weltkarte-ausstechformen-set-kekse-fondant\/","name":"7-teiliges Weltkarte Ausstechformen Set \u2013 Kekse & Fondant","isPartOf":{"@id":"https:\/\/travel-du.de\/reiseshop\/#website"},"primaryImageOfPage":{"@id":"https:\/\/travel-du.de\/reiseshop\/produkt\/7-teiliges-weltkarte-ausstechformen-set-kekse-fondant\/#primaryimage"},"image":{"@id":"https:\/\/travel-du.de\/reiseshop\/produkt\/7-teiliges-weltkarte-ausstechformen-set-kekse-fondant\/#primaryimage"},"thumbnailUrl":"https:\/\/travel-du.de\/reiseshop\/wp-content\/uploads\/2025\/08\/7-Stueck-Weltkarte-Form-Ausstechformen-Kuchen-Dekorieren-Schablone-Sieben-Kontinente-Form-Ausstechformen-Set-fuer-Kuchen-Kekse-Cupcakes-Fondant-Gebaeck-0.jpg","datePublished":"2025-08-11T14:19:52+00:00","dateModified":"2025-08-11T14:51:20+00:00","description":"Kreatives Ausstechformen Set mit 7 Kontinente-Keksausstechern aus robustem Kunststoff. Perfekt f\u00fcr Kekse, Cupcakes & Fondant-Dekorationen.","breadcrumb":{"@id":"https:\/\/travel-du.de\/reiseshop\/produkt\/7-teiliges-weltkarte-ausstechformen-set-kekse-fondant\/#breadcrumb"},"inLanguage":"de","potentialAction":[{"@type":"ReadAction","target":["https:\/\/travel-du.de\/reiseshop\/produkt\/7-teiliges-weltkarte-ausstechformen-set-kekse-fondant\/"]}]},{"@type":"ImageObject","inLanguage":"de","@id":"https:\/\/travel-du.de\/reiseshop\/produkt\/7-teiliges-weltkarte-ausstechformen-set-kekse-fondant\/#primaryimage","url":"https:\/\/travel-du.de\/reiseshop\/wp-content\/uploads\/2025\/08\/7-Stueck-Weltkarte-Form-Ausstechformen-Kuchen-Dekorieren-Schablone-Sieben-Kontinente-Form-Ausstechformen-Set-fuer-Kuchen-Kekse-Cupcakes-Fondant-Gebaeck-0.jpg","contentUrl":"https:\/\/travel-du.de\/reiseshop\/wp-content\/uploads\/2025\/08\/7-Stueck-Weltkarte-Form-Ausstechformen-Kuchen-Dekorieren-Schablone-Sieben-Kontinente-Form-Ausstechformen-Set-fuer-Kuchen-Kekse-Cupcakes-Fondant-Gebaeck-0.jpg","width":500,"height":500},{"@type":"BreadcrumbList","@id":"https:\/\/travel-du.de\/reiseshop\/produkt\/7-teiliges-weltkarte-ausstechformen-set-kekse-fondant\/#breadcrumb","itemListElement":[{"@type":"ListItem","position":1,"name":"Startseite","item":"https:\/\/travel-du.de\/reiseshop\/"},{"@type":"ListItem","position":2,"name":"Shop","item":"https:\/\/travel-du.de\/reiseshop\/shop\/"},{"@type":"ListItem","position":3,"name":"7-teiliges Weltkarte Ausstechformen Set \u2013 Kontinente Keks- &#038; Fondantformen"}]},{"@type":"WebSite","@id":"https:\/\/travel-du.de\/reiseshop\/#website","url":"https:\/\/travel-du.de\/reiseshop\/","name":"Reiseshop Travel-du.de","description":"Der Shop f\u00fcr Reisende, Weltenbummler und Abenteurer","potentialAction":[{"@type":"SearchAction","target":{"@type":"EntryPoint","urlTemplate":"https:\/\/travel-du.de\/reiseshop\/?s={search_term_string}"},"query-input":{"@type":"PropertyValueSpecification","valueRequired":true,"valueName":"search_term_string"}}],"inLanguage":"de"}]}},"_links":{"self":[{"href":"https:\/\/travel-du.de\/reiseshop\/wp-json\/wp\/v2\/product\/5585","targetHints":{"allow":["GET"]}}],"collection":[{"href":"https:\/\/travel-du.de\/reiseshop\/wp-json\/wp\/v2\/product"}],"about":[{"href":"https:\/\/travel-du.de\/reiseshop\/wp-json\/wp\/v2\/types\/product"}],"replies":[{"embeddable":true,"href":"https:\/\/travel-du.de\/reiseshop\/wp-json\/wp\/v2\/comments?post=5585"}],"wp:featuredmedia":[{"embeddable":true,"href":"https:\/\/travel-du.de\/reiseshop\/wp-json\/wp\/v2\/media\/5586"}],"wp:attachment":[{"href":"https:\/\/travel-du.de\/reiseshop\/wp-json\/wp\/v2\/media?parent=5585"}],"wp:term":[{"taxonomy":"product_brand","embeddable":true,"href":"https:\/\/travel-du.de\/reiseshop\/wp-json\/wp\/v2\/product_brand?post=5585"},{"taxonomy":"product_cat","embeddable":true,"href":"https:\/\/travel-du.de\/reiseshop\/wp-json\/wp\/v2\/product_cat?post=5585"},{"taxonomy":"product_tag","embeddable":true,"href":"https:\/\/travel-du.de\/reiseshop\/wp-json\/wp\/v2\/product_tag?post=5585"}],"curies":[{"name":"wp","href":"https:\/\/api.w.org\/{rel}","templated":true}]}}