{"id":5577,"date":"2025-08-11T16:18:40","date_gmt":"2025-08-11T14:18:40","guid":{"rendered":"https:\/\/travel-du.de\/reiseshop\/produkt\/antike-weltkarte-xxl-vintage-karte-poster-im-riesenformat-top-qualitaet-140x100cm\/"},"modified":"2025-08-11T16:18:40","modified_gmt":"2025-08-11T14:18:40","slug":"antike-weltkarte-xxl-vintage-karte-poster-im-riesenformat-top-qualitaet-140x100cm","status":"publish","type":"product","link":"https:\/\/travel-du.de\/reiseshop\/produkt\/antike-weltkarte-xxl-vintage-karte-poster-im-riesenformat-top-qualitaet-140x100cm\/","title":{"rendered":"Antike Weltkarte XXL Vintage-Karte Poster im Riesenformat &#8211; Top Qualit\u00e4t (140x100cm)"},"content":{"rendered":"<p>\ud83c\udf0d \ud835\uddd8\ud835\udddc\ud835\udde1\ud835\udded\ud835\udddc\ud835\uddda\ud835\uddd4\ud835\udde5\ud835\udde7\ud835\udddc\ud835\uddda\ud835\uddd8\ud835\udde6 \ud835\udde9\ud835\udddc\ud835\udde1\ud835\udde7\ud835\uddd4\ud835\uddda\ud835\uddd8 \ud835\udde3\ud835\udde2\ud835\udde6\ud835\udde7\ud835\uddd8\ud835\udde5 &#8211; Pr\u00e4sentiert eine Weltkarte im Ma\u00dfstab 1:40.000.000 in ansprechenden Vintage-Farben und Retro-Design, das eine besondere Atmosph\u00e4re in jeden Raum bringt.<br \/>\n\ud83c\udf0d \ud835\uddda\ud835\udde5\ud835\udde2\ud835\udde6\ud835\udde6\ud835\uddd8\ud835\udde6 \ud835\uddd9\ud835\udde2\ud835\udde5\ud835\udde0\ud835\uddd4\ud835\udde7 &#038; \ud835\udddc\ud835\udde1 \ud835\uddd7\ud835\uddd8\ud835\udde8\ud835\udde7\ud835\udde6\ud835\uddd6\ud835\udddb\ud835\udddf\ud835\uddd4\ud835\udde1\ud835\uddd7 \ud835\udddb\ud835\uddd8\ud835\udde5\ud835\uddda\ud835\uddd8\ud835\udde6\ud835\udde7\ud835\uddd8\ud835\udddf\ud835\udddf\ud835\udde7 &#8211; Mit den Abmessungen von 140 x 100 cm, in gestochen scharfer Qualit\u00e4t. Sowohl die Karte als auch die Produktion sind vollst\u00e4ndig in Deutschland realisiert.<br \/>\n\ud83c\udf0d \ud835\udddc\ud835\uddd7\ud835\uddd8\ud835\uddd4\ud835\udddf \ud835\uddd9\u00dc\ud835\udde5 \ud835\uddea\ud835\uddd8\ud835\udddf\ud835\udde7\ud835\uddd8\ud835\udde1\ud835\udde7\ud835\uddd7\ud835\uddd8\ud835\uddd6\ud835\uddde\ud835\uddd8\ud835\udde5 \ud835\udde8\ud835\udde1\ud835\uddd7 \ud835\udde5\ud835\uddd8\ud835\udddc\ud835\udde6\ud835\uddd8\ud835\uddd5\ud835\uddd8\ud835\uddda\ud835\uddd8\ud835\udddc\ud835\udde6\ud835\udde7\ud835\uddd8\ud835\udde5\ud835\udde7\ud835\uddd8 &#8211; Markieren Sie ganz einfach die Orte, die Sie bereits besucht haben oder die Sie noch besuchen m\u00f6chten auf dieser gro\u00dfen Weltkarte mit allen Gro\u00dfst\u00e4dten, die an Ihrer Wand h\u00e4ngt.<br \/>\n\ud83c\udf0d \ud835\udde6\ud835\udde7\ud835\uddec\ud835\udddf\ud835\udddc\ud835\udde6\ud835\uddd6\ud835\udddb\ud835\uddd8 \ud835\uddea\ud835\uddd4\ud835\udde1\ud835\uddd7\ud835\uddd7\ud835\uddd8\ud835\uddde\ud835\udde2\ud835\udde5\ud835\uddd4\ud835\udde7\ud835\udddc\ud835\udde2\ud835\udde1 &#8211; Nicht nur ein stilvolles Dekorationsobjekt, sondern auch eine gro\u00dfartige Informationsquelle. Ob im Schlafzimmer, Wohnzimmer oder B\u00fcro, diese Karte ist ein Gewinn f\u00fcr Ihr Ambiente und Ihre Allgemeinbildung!<br \/>\n\ud83c\udf0d \ud835\uddde\ud835\udddf\ud835\uddd4\ud835\udde5\ud835\uddd8 \ud835\uddd7\ud835\uddd4\ud835\udde5\ud835\udde6\ud835\udde7\ud835\uddd8\ud835\udddf\ud835\udddf\ud835\udde8\ud835\udde1\ud835\uddda &#8211; Ohne Ablenkung durch L\u00e4nderflaggen, Einwohnerzahlen, L\u00e4ndergr\u00f6\u00dfen oder Landesw\u00e4hrungen, konzentriert sich diese Karte auf das Wesentliche: die geographische Darstellung der Welt.<br \/>\n<div class=\"main-cross-sell\" data-asin=\"B01MDNWXI9\">\n\n\t<div class=\"WooZone-cross-sell-loader\">\n\t\t<div>\n\t\t\t<div id=\"floatingBarsG\">\n\t\t\t\t<div class=\"blockG\" id=\"rotateG_01\"><\/div>\n\t\t\t\t<div class=\"blockG\" id=\"rotateG_02\"><\/div>\n\t\t\t\t<div class=\"blockG\" id=\"rotateG_03\"><\/div>\n\t\t\t\t<div class=\"blockG\" id=\"rotateG_04\"><\/div>\n\t\t\t\t<div class=\"blockG\" id=\"rotateG_05\"><\/div>\n\t\t\t\t<div class=\"blockG\" id=\"rotateG_06\"><\/div>\n\t\t\t\t<div class=\"blockG\" id=\"rotateG_07\"><\/div>\n\t\t\t\t<div class=\"blockG\" id=\"rotateG_08\"><\/div>\n\t\t\t<\/div>\n\t\t\t<div class=\"WooZone-cross-sell-loader-text\"><\/div>\n\t\t<\/div>\n\t<\/div>\n\n\t\t\n<\/div>\n<div style=\"clear:both;\"><\/div><\/p>\n","protected":false},"excerpt":{"rendered":"<p>\ud83c\udf0d \ud835\uddd8\ud835\udddc\ud835\udde1\ud835\udded\ud835\udddc\ud835\uddda\ud835\uddd4\ud835\udde5\ud835\udde7\ud835\udddc\ud835\uddda\ud835\uddd8\ud835\udde6 \ud835\udde9\ud835\udddc\ud835\udde1\ud835\udde7\ud835\uddd4\ud835\uddda\ud835\uddd8 \ud835\udde3\ud835\udde2\ud835\udde6\ud835\udde7\ud835\uddd8\ud835\udde5 &#8211; Pr\u00e4sentiert eine Weltkarte im Ma\u00dfstab 1:40.000.000 in ansprechenden Vintage-Farben und Retro-Design, das eine besondere Atmosph\u00e4re in jeden Raum bringt.<br \/>\n\ud83c\udf0d \ud835\uddda\ud835\udde5\ud835\udde2\ud835\udde6\ud835\udde6\ud835\uddd8\ud835\udde6 \ud835\uddd9\ud835\udde2\ud835\udde5\ud835\udde0\ud835\uddd4\ud835\udde7 &#038; \ud835\udddc\ud835\udde1 \ud835\uddd7\ud835\uddd8\ud835\udde8\ud835\udde7\ud835\udde6\ud835\uddd6\ud835\udddb\ud835\udddf\ud835\uddd4\ud835\udde1\ud835\uddd7 \ud835\udddb\ud835\uddd8\ud835\udde5\ud835\uddda\ud835\uddd8\ud835\udde6\ud835\udde7\ud835\uddd8\ud835\udddf\ud835\udddf\ud835\udde7 &#8211; Mit den Abmessungen von 140 x 100 cm, in gestochen scharfer Qualit\u00e4t. Sowohl die Karte als auch die Produktion sind vollst\u00e4ndig in Deutschland realisiert.<br \/>\n\ud83c\udf0d \ud835\udddc\ud835\uddd7\ud835\uddd8\ud835\uddd4\ud835\udddf \ud835\uddd9\u00dc\ud835\udde5 \ud835\uddea\ud835\uddd8\ud835\udddf\ud835\udde7\ud835\uddd8\ud835\udde1\ud835\udde7\ud835\uddd7\ud835\uddd8\ud835\uddd6\ud835\uddde\ud835\uddd8\ud835\udde5 \ud835\udde8\ud835\udde1\ud835\uddd7 \ud835\udde5\ud835\uddd8\ud835\udddc\ud835\udde6\ud835\uddd8\ud835\uddd5\ud835\uddd8\ud835\uddda\ud835\uddd8\ud835\udddc\ud835\udde6\ud835\udde7\ud835\uddd8\ud835\udde5\ud835\udde7\ud835\uddd8 &#8211; Markieren Sie ganz einfach die Orte, die Sie bereits besucht haben oder die Sie noch besuchen m\u00f6chten auf dieser gro\u00dfen Weltkarte mit allen Gro\u00dfst\u00e4dten, die an Ihrer Wand h\u00e4ngt.<\/p>\n","protected":false},"featured_media":5578,"comment_status":"","ping_status":"closed","template":"","meta":[],"product_brand":[],"product_cat":[97,87,98],"product_tag":[],"class_list":{"0":"post-5577","1":"product","2":"type-product","3":"status-publish","4":"has-post-thumbnail","6":"product_cat-dekoration","7":"product_cat-zu-hause","8":"product_cat-weltkarten","10":"first","11":"instock","12":"shipping-taxable","13":"product-type-external"},"yoast_head":"<!-- This site is optimized with the Yoast SEO plugin v27.4 - https:\/\/yoast.com\/product\/yoast-seo-wordpress\/ -->\n<title>Antike Weltkarte XXL Vintage-Karte Poster im Riesenformat - Top Qualit\u00e4t (140x100cm) &#8211; Reiseshop Travel-du.de<\/title>\n<meta name=\"robots\" content=\"index, follow, max-snippet:-1, max-image-preview:large, max-video-preview:-1\" \/>\n<link rel=\"canonical\" href=\"https:\/\/travel-du.de\/reiseshop\/produkt\/antike-weltkarte-xxl-vintage-karte-poster-im-riesenformat-top-qualitaet-140x100cm\/\" \/>\n<meta property=\"og:locale\" content=\"de_DE\" \/>\n<meta property=\"og:type\" content=\"article\" \/>\n<meta property=\"og:title\" content=\"Antike Weltkarte XXL Vintage-Karte Poster im Riesenformat - Top Qualit\u00e4t (140x100cm) &#8211; Reiseshop Travel-du.de\" \/>\n<meta property=\"og:description\" content=\"\ud83c\udf0d \ud835\uddd8\ud835\udddc\ud835\udde1\ud835\udded\ud835\udddc\ud835\uddda\ud835\uddd4\ud835\udde5\ud835\udde7\ud835\udddc\ud835\uddda\ud835\uddd8\ud835\udde6 \ud835\udde9\ud835\udddc\ud835\udde1\ud835\udde7\ud835\uddd4\ud835\uddda\ud835\uddd8 \ud835\udde3\ud835\udde2\ud835\udde6\ud835\udde7\ud835\uddd8\ud835\udde5 - Pr\u00e4sentiert eine Weltkarte im Ma\u00dfstab 1:40.000.000 in ansprechenden Vintage-Farben und Retro-Design, das eine besondere Atmosph\u00e4re in jeden Raum bringt. \ud83c\udf0d \ud835\uddda\ud835\udde5\ud835\udde2\ud835\udde6\ud835\udde6\ud835\uddd8\ud835\udde6 \ud835\uddd9\ud835\udde2\ud835\udde5\ud835\udde0\ud835\uddd4\ud835\udde7 &amp; \ud835\udddc\ud835\udde1 \ud835\uddd7\ud835\uddd8\ud835\udde8\ud835\udde7\ud835\udde6\ud835\uddd6\ud835\udddb\ud835\udddf\ud835\uddd4\ud835\udde1\ud835\uddd7 \ud835\udddb\ud835\uddd8\ud835\udde5\ud835\uddda\ud835\uddd8\ud835\udde6\ud835\udde7\ud835\uddd8\ud835\udddf\ud835\udddf\ud835\udde7 - Mit den Abmessungen von 140 x 100 cm, in gestochen scharfer Qualit\u00e4t. Sowohl die Karte als auch die Produktion sind vollst\u00e4ndig in Deutschland realisiert. \ud83c\udf0d \ud835\udddc\ud835\uddd7\ud835\uddd8\ud835\uddd4\ud835\udddf \ud835\uddd9\u00dc\ud835\udde5 \ud835\uddea\ud835\uddd8\ud835\udddf\ud835\udde7\ud835\uddd8\ud835\udde1\ud835\udde7\ud835\uddd7\ud835\uddd8\ud835\uddd6\ud835\uddde\ud835\uddd8\ud835\udde5 \ud835\udde8\ud835\udde1\ud835\uddd7 \ud835\udde5\ud835\uddd8\ud835\udddc\ud835\udde6\ud835\uddd8\ud835\uddd5\ud835\uddd8\ud835\uddda\ud835\uddd8\ud835\udddc\ud835\udde6\ud835\udde7\ud835\uddd8\ud835\udde5\ud835\udde7\ud835\uddd8 - Markieren Sie ganz einfach die Orte, die Sie bereits besucht haben oder die Sie noch besuchen m\u00f6chten auf dieser gro\u00dfen Weltkarte mit allen Gro\u00dfst\u00e4dten, die an Ihrer Wand h\u00e4ngt.\" \/>\n<meta property=\"og:url\" content=\"https:\/\/travel-du.de\/reiseshop\/produkt\/antike-weltkarte-xxl-vintage-karte-poster-im-riesenformat-top-qualitaet-140x100cm\/\" \/>\n<meta property=\"og:site_name\" content=\"Reiseshop Travel-du.de\" \/>\n<meta name=\"twitter:card\" content=\"summary_large_image\" \/>\n<meta name=\"twitter:label1\" content=\"Gesch\u00e4tzte Lesezeit\" \/>\n\t<meta name=\"twitter:data1\" content=\"1\u00a0Minute\" \/>\n<script type=\"application\/ld+json\" class=\"yoast-schema-graph\">{\"@context\":\"https:\\\/\\\/schema.org\",\"@graph\":[{\"@type\":\"WebPage\",\"@id\":\"https:\\\/\\\/travel-du.de\\\/reiseshop\\\/produkt\\\/antike-weltkarte-xxl-vintage-karte-poster-im-riesenformat-top-qualitaet-140x100cm\\\/\",\"url\":\"https:\\\/\\\/travel-du.de\\\/reiseshop\\\/produkt\\\/antike-weltkarte-xxl-vintage-karte-poster-im-riesenformat-top-qualitaet-140x100cm\\\/\",\"name\":\"Antike Weltkarte XXL Vintage-Karte Poster im Riesenformat - Top Qualit\u00e4t (140x100cm) &#8211; Reiseshop Travel-du.de\",\"isPartOf\":{\"@id\":\"https:\\\/\\\/travel-du.de\\\/reiseshop\\\/#website\"},\"primaryImageOfPage\":{\"@id\":\"https:\\\/\\\/travel-du.de\\\/reiseshop\\\/produkt\\\/antike-weltkarte-xxl-vintage-karte-poster-im-riesenformat-top-qualitaet-140x100cm\\\/#primaryimage\"},\"image\":{\"@id\":\"https:\\\/\\\/travel-du.de\\\/reiseshop\\\/produkt\\\/antike-weltkarte-xxl-vintage-karte-poster-im-riesenformat-top-qualitaet-140x100cm\\\/#primaryimage\"},\"thumbnailUrl\":\"https:\\\/\\\/travel-du.de\\\/reiseshop\\\/wp-content\\\/uploads\\\/2025\\\/08\\\/Antike-Weltkarte-XXL-Vintage-Karte-Poster-im-Riesenformat-Top-Qualitaet-140x100cm-0.jpg\",\"datePublished\":\"2025-08-11T14:18:40+00:00\",\"breadcrumb\":{\"@id\":\"https:\\\/\\\/travel-du.de\\\/reiseshop\\\/produkt\\\/antike-weltkarte-xxl-vintage-karte-poster-im-riesenformat-top-qualitaet-140x100cm\\\/#breadcrumb\"},\"inLanguage\":\"de\",\"potentialAction\":[{\"@type\":\"ReadAction\",\"target\":[\"https:\\\/\\\/travel-du.de\\\/reiseshop\\\/produkt\\\/antike-weltkarte-xxl-vintage-karte-poster-im-riesenformat-top-qualitaet-140x100cm\\\/\"]}]},{\"@type\":\"ImageObject\",\"inLanguage\":\"de\",\"@id\":\"https:\\\/\\\/travel-du.de\\\/reiseshop\\\/produkt\\\/antike-weltkarte-xxl-vintage-karte-poster-im-riesenformat-top-qualitaet-140x100cm\\\/#primaryimage\",\"url\":\"https:\\\/\\\/travel-du.de\\\/reiseshop\\\/wp-content\\\/uploads\\\/2025\\\/08\\\/Antike-Weltkarte-XXL-Vintage-Karte-Poster-im-Riesenformat-Top-Qualitaet-140x100cm-0.jpg\",\"contentUrl\":\"https:\\\/\\\/travel-du.de\\\/reiseshop\\\/wp-content\\\/uploads\\\/2025\\\/08\\\/Antike-Weltkarte-XXL-Vintage-Karte-Poster-im-Riesenformat-Top-Qualitaet-140x100cm-0.jpg\",\"width\":500,\"height\":500},{\"@type\":\"BreadcrumbList\",\"@id\":\"https:\\\/\\\/travel-du.de\\\/reiseshop\\\/produkt\\\/antike-weltkarte-xxl-vintage-karte-poster-im-riesenformat-top-qualitaet-140x100cm\\\/#breadcrumb\",\"itemListElement\":[{\"@type\":\"ListItem\",\"position\":1,\"name\":\"Startseite\",\"item\":\"https:\\\/\\\/travel-du.de\\\/reiseshop\\\/\"},{\"@type\":\"ListItem\",\"position\":2,\"name\":\"Shop\",\"item\":\"https:\\\/\\\/travel-du.de\\\/reiseshop\\\/shop\\\/\"},{\"@type\":\"ListItem\",\"position\":3,\"name\":\"Antike Weltkarte XXL Vintage-Karte Poster im Riesenformat &#8211; Top Qualit\u00e4t (140x100cm)\"}]},{\"@type\":\"WebSite\",\"@id\":\"https:\\\/\\\/travel-du.de\\\/reiseshop\\\/#website\",\"url\":\"https:\\\/\\\/travel-du.de\\\/reiseshop\\\/\",\"name\":\"Reiseshop Travel-du.de\",\"description\":\"Der Shop f\u00fcr Reisende, Weltenbummler und Abenteurer\",\"potentialAction\":[{\"@type\":\"SearchAction\",\"target\":{\"@type\":\"EntryPoint\",\"urlTemplate\":\"https:\\\/\\\/travel-du.de\\\/reiseshop\\\/?s={search_term_string}\"},\"query-input\":{\"@type\":\"PropertyValueSpecification\",\"valueRequired\":true,\"valueName\":\"search_term_string\"}}],\"inLanguage\":\"de\"}]}<\/script>\n<!-- \/ Yoast SEO plugin. -->","yoast_head_json":{"title":"Antike Weltkarte XXL Vintage-Karte Poster im Riesenformat - Top Qualit\u00e4t (140x100cm) &#8211; Reiseshop Travel-du.de","robots":{"index":"index","follow":"follow","max-snippet":"max-snippet:-1","max-image-preview":"max-image-preview:large","max-video-preview":"max-video-preview:-1"},"canonical":"https:\/\/travel-du.de\/reiseshop\/produkt\/antike-weltkarte-xxl-vintage-karte-poster-im-riesenformat-top-qualitaet-140x100cm\/","og_locale":"de_DE","og_type":"article","og_title":"Antike Weltkarte XXL Vintage-Karte Poster im Riesenformat - Top Qualit\u00e4t (140x100cm) &#8211; Reiseshop Travel-du.de","og_description":"\ud83c\udf0d \ud835\uddd8\ud835\udddc\ud835\udde1\ud835\udded\ud835\udddc\ud835\uddda\ud835\uddd4\ud835\udde5\ud835\udde7\ud835\udddc\ud835\uddda\ud835\uddd8\ud835\udde6 \ud835\udde9\ud835\udddc\ud835\udde1\ud835\udde7\ud835\uddd4\ud835\uddda\ud835\uddd8 \ud835\udde3\ud835\udde2\ud835\udde6\ud835\udde7\ud835\uddd8\ud835\udde5 - Pr\u00e4sentiert eine Weltkarte im Ma\u00dfstab 1:40.000.000 in ansprechenden Vintage-Farben und Retro-Design, das eine besondere Atmosph\u00e4re in jeden Raum bringt. \ud83c\udf0d \ud835\uddda\ud835\udde5\ud835\udde2\ud835\udde6\ud835\udde6\ud835\uddd8\ud835\udde6 \ud835\uddd9\ud835\udde2\ud835\udde5\ud835\udde0\ud835\uddd4\ud835\udde7 & \ud835\udddc\ud835\udde1 \ud835\uddd7\ud835\uddd8\ud835\udde8\ud835\udde7\ud835\udde6\ud835\uddd6\ud835\udddb\ud835\udddf\ud835\uddd4\ud835\udde1\ud835\uddd7 \ud835\udddb\ud835\uddd8\ud835\udde5\ud835\uddda\ud835\uddd8\ud835\udde6\ud835\udde7\ud835\uddd8\ud835\udddf\ud835\udddf\ud835\udde7 - Mit den Abmessungen von 140 x 100 cm, in gestochen scharfer Qualit\u00e4t. Sowohl die Karte als auch die Produktion sind vollst\u00e4ndig in Deutschland realisiert. \ud83c\udf0d \ud835\udddc\ud835\uddd7\ud835\uddd8\ud835\uddd4\ud835\udddf \ud835\uddd9\u00dc\ud835\udde5 \ud835\uddea\ud835\uddd8\ud835\udddf\ud835\udde7\ud835\uddd8\ud835\udde1\ud835\udde7\ud835\uddd7\ud835\uddd8\ud835\uddd6\ud835\uddde\ud835\uddd8\ud835\udde5 \ud835\udde8\ud835\udde1\ud835\uddd7 \ud835\udde5\ud835\uddd8\ud835\udddc\ud835\udde6\ud835\uddd8\ud835\uddd5\ud835\uddd8\ud835\uddda\ud835\uddd8\ud835\udddc\ud835\udde6\ud835\udde7\ud835\uddd8\ud835\udde5\ud835\udde7\ud835\uddd8 - Markieren Sie ganz einfach die Orte, die Sie bereits besucht haben oder die Sie noch besuchen m\u00f6chten auf dieser gro\u00dfen Weltkarte mit allen Gro\u00dfst\u00e4dten, die an Ihrer Wand h\u00e4ngt.","og_url":"https:\/\/travel-du.de\/reiseshop\/produkt\/antike-weltkarte-xxl-vintage-karte-poster-im-riesenformat-top-qualitaet-140x100cm\/","og_site_name":"Reiseshop Travel-du.de","twitter_card":"summary_large_image","twitter_misc":{"Gesch\u00e4tzte Lesezeit":"1\u00a0Minute"},"schema":{"@context":"https:\/\/schema.org","@graph":[{"@type":"WebPage","@id":"https:\/\/travel-du.de\/reiseshop\/produkt\/antike-weltkarte-xxl-vintage-karte-poster-im-riesenformat-top-qualitaet-140x100cm\/","url":"https:\/\/travel-du.de\/reiseshop\/produkt\/antike-weltkarte-xxl-vintage-karte-poster-im-riesenformat-top-qualitaet-140x100cm\/","name":"Antike Weltkarte XXL Vintage-Karte Poster im Riesenformat - Top Qualit\u00e4t (140x100cm) &#8211; Reiseshop Travel-du.de","isPartOf":{"@id":"https:\/\/travel-du.de\/reiseshop\/#website"},"primaryImageOfPage":{"@id":"https:\/\/travel-du.de\/reiseshop\/produkt\/antike-weltkarte-xxl-vintage-karte-poster-im-riesenformat-top-qualitaet-140x100cm\/#primaryimage"},"image":{"@id":"https:\/\/travel-du.de\/reiseshop\/produkt\/antike-weltkarte-xxl-vintage-karte-poster-im-riesenformat-top-qualitaet-140x100cm\/#primaryimage"},"thumbnailUrl":"https:\/\/travel-du.de\/reiseshop\/wp-content\/uploads\/2025\/08\/Antike-Weltkarte-XXL-Vintage-Karte-Poster-im-Riesenformat-Top-Qualitaet-140x100cm-0.jpg","datePublished":"2025-08-11T14:18:40+00:00","breadcrumb":{"@id":"https:\/\/travel-du.de\/reiseshop\/produkt\/antike-weltkarte-xxl-vintage-karte-poster-im-riesenformat-top-qualitaet-140x100cm\/#breadcrumb"},"inLanguage":"de","potentialAction":[{"@type":"ReadAction","target":["https:\/\/travel-du.de\/reiseshop\/produkt\/antike-weltkarte-xxl-vintage-karte-poster-im-riesenformat-top-qualitaet-140x100cm\/"]}]},{"@type":"ImageObject","inLanguage":"de","@id":"https:\/\/travel-du.de\/reiseshop\/produkt\/antike-weltkarte-xxl-vintage-karte-poster-im-riesenformat-top-qualitaet-140x100cm\/#primaryimage","url":"https:\/\/travel-du.de\/reiseshop\/wp-content\/uploads\/2025\/08\/Antike-Weltkarte-XXL-Vintage-Karte-Poster-im-Riesenformat-Top-Qualitaet-140x100cm-0.jpg","contentUrl":"https:\/\/travel-du.de\/reiseshop\/wp-content\/uploads\/2025\/08\/Antike-Weltkarte-XXL-Vintage-Karte-Poster-im-Riesenformat-Top-Qualitaet-140x100cm-0.jpg","width":500,"height":500},{"@type":"BreadcrumbList","@id":"https:\/\/travel-du.de\/reiseshop\/produkt\/antike-weltkarte-xxl-vintage-karte-poster-im-riesenformat-top-qualitaet-140x100cm\/#breadcrumb","itemListElement":[{"@type":"ListItem","position":1,"name":"Startseite","item":"https:\/\/travel-du.de\/reiseshop\/"},{"@type":"ListItem","position":2,"name":"Shop","item":"https:\/\/travel-du.de\/reiseshop\/shop\/"},{"@type":"ListItem","position":3,"name":"Antike Weltkarte XXL Vintage-Karte Poster im Riesenformat &#8211; Top Qualit\u00e4t (140x100cm)"}]},{"@type":"WebSite","@id":"https:\/\/travel-du.de\/reiseshop\/#website","url":"https:\/\/travel-du.de\/reiseshop\/","name":"Reiseshop Travel-du.de","description":"Der Shop f\u00fcr Reisende, Weltenbummler und Abenteurer","potentialAction":[{"@type":"SearchAction","target":{"@type":"EntryPoint","urlTemplate":"https:\/\/travel-du.de\/reiseshop\/?s={search_term_string}"},"query-input":{"@type":"PropertyValueSpecification","valueRequired":true,"valueName":"search_term_string"}}],"inLanguage":"de"}]}},"_links":{"self":[{"href":"https:\/\/travel-du.de\/reiseshop\/wp-json\/wp\/v2\/product\/5577","targetHints":{"allow":["GET"]}}],"collection":[{"href":"https:\/\/travel-du.de\/reiseshop\/wp-json\/wp\/v2\/product"}],"about":[{"href":"https:\/\/travel-du.de\/reiseshop\/wp-json\/wp\/v2\/types\/product"}],"replies":[{"embeddable":true,"href":"https:\/\/travel-du.de\/reiseshop\/wp-json\/wp\/v2\/comments?post=5577"}],"wp:featuredmedia":[{"embeddable":true,"href":"https:\/\/travel-du.de\/reiseshop\/wp-json\/wp\/v2\/media\/5578"}],"wp:attachment":[{"href":"https:\/\/travel-du.de\/reiseshop\/wp-json\/wp\/v2\/media?parent=5577"}],"wp:term":[{"taxonomy":"product_brand","embeddable":true,"href":"https:\/\/travel-du.de\/reiseshop\/wp-json\/wp\/v2\/product_brand?post=5577"},{"taxonomy":"product_cat","embeddable":true,"href":"https:\/\/travel-du.de\/reiseshop\/wp-json\/wp\/v2\/product_cat?post=5577"},{"taxonomy":"product_tag","embeddable":true,"href":"https:\/\/travel-du.de\/reiseshop\/wp-json\/wp\/v2\/product_tag?post=5577"}],"curies":[{"name":"wp","href":"https:\/\/api.w.org\/{rel}","templated":true}]}}