{"id":5550,"date":"2025-08-11T16:16:22","date_gmt":"2025-08-11T14:16:22","guid":{"rendered":"https:\/\/travel-du.de\/reiseshop\/produkt\/moses-fernweh-geschenkkoffer-reiseerinnerungen-deko-koffer-mit-grusskarte-zum-verschenken-geschenkbox-fuer-hochzeiten-geldgeschenke-reisegutscheine-weltkarten-retro-design\/"},"modified":"2025-08-11T16:16:22","modified_gmt":"2025-08-11T14:16:22","slug":"moses-fernweh-geschenkkoffer-reiseerinnerungen-deko-koffer-mit-grusskarte-zum-verschenken-geschenkbox-fuer-hochzeiten-geldgeschenke-reisegutscheine-weltkarten-retro-design","status":"publish","type":"product","link":"https:\/\/travel-du.de\/reiseshop\/produkt\/moses-fernweh-geschenkkoffer-reiseerinnerungen-deko-koffer-mit-grusskarte-zum-verschenken-geschenkbox-fuer-hochzeiten-geldgeschenke-reisegutscheine-weltkarten-retro-design\/","title":{"rendered":"moses. Fernweh Geschenkkoffer Reiseerinnerungen, Deko-Koffer mit Gru\u00dfkarte zum Verschenken, Geschenkbox f\u00fcr Hochzeiten, Geldgeschenke, Reisegutscheine, Weltkarten Retro-design"},"content":{"rendered":"<p>Urlaubserinnerungen \u2713 Der wundersch\u00f6ne Reisekoffer mit Landkarten-Motiv ist der perfekte Ort zur Aufbewahrung von emotionalen Andenken und Mitbringsel aus vergangenen Reisen<br \/>\nFreude verschenken \u2713 Dank des originellen Designs eignet sich der Miniatur-Koffer perfekt als dekorative Geschenkverpackung f\u00fcr Geldgeschenke und Reise-Gutscheine<br \/>\nInklusive Geschenkanh\u00e4nger \u2713 Mit dem Kofferanh\u00e4nger in Globusform k\u00f6nnen pers\u00f6nliche Gr\u00fc\u00dfe beigelegt oder einfach viel Spa\u00df auf dem n\u00e4chsten Abenteuer gew\u00fcnscht werden<br \/>\nLiebe zum Detail \u2713 Der Mini-Geschenkkoffer (Ma\u00dfe: ca. 17x16x8) mit Weltkarten-Aufdruck besteht aus Pappe und hat einen Griff aus Kunstleder. Die Innenseite schm\u00fccken L\u00e4nderstempel und ein Kompass<br \/>\nF\u00fcr alle Anl\u00e4sse \u2713 Ob zur Hochzeit, zum Hochzeitstag, Jahrestag, Geburtstag oder Valentinstag -die Fernweh Geschenkbox ist die ideale Geschenkidee f\u00fcr alle Reisefans<br \/>\n<div class=\"main-cross-sell\" data-asin=\"B09SM28BGM\">\n\n\t<div class=\"WooZone-cross-sell-loader\">\n\t\t<div>\n\t\t\t<div id=\"floatingBarsG\">\n\t\t\t\t<div class=\"blockG\" id=\"rotateG_01\"><\/div>\n\t\t\t\t<div class=\"blockG\" id=\"rotateG_02\"><\/div>\n\t\t\t\t<div class=\"blockG\" id=\"rotateG_03\"><\/div>\n\t\t\t\t<div class=\"blockG\" id=\"rotateG_04\"><\/div>\n\t\t\t\t<div class=\"blockG\" id=\"rotateG_05\"><\/div>\n\t\t\t\t<div class=\"blockG\" id=\"rotateG_06\"><\/div>\n\t\t\t\t<div class=\"blockG\" id=\"rotateG_07\"><\/div>\n\t\t\t\t<div class=\"blockG\" id=\"rotateG_08\"><\/div>\n\t\t\t<\/div>\n\t\t\t<div class=\"WooZone-cross-sell-loader-text\"><\/div>\n\t\t<\/div>\n\t<\/div>\n\n\t\t\n<\/div>\n<div style=\"clear:both;\"><\/div><\/p>\n","protected":false},"excerpt":{"rendered":"<p>Urlaubserinnerungen \u2713 Der wundersch\u00f6ne Reisekoffer mit Landkarten-Motiv ist der perfekte Ort zur Aufbewahrung von emotionalen Andenken und Mitbringsel aus vergangenen Reisen<br \/>\nFreude verschenken \u2713 Dank des originellen Designs eignet sich der Miniatur-Koffer perfekt als dekorative Geschenkverpackung f\u00fcr Geldgeschenke und Reise-Gutscheine<br \/>\nInklusive Geschenkanh\u00e4nger \u2713 Mit dem Kofferanh\u00e4nger in Globusform k\u00f6nnen pers\u00f6nliche Gr\u00fc\u00dfe beigelegt oder einfach viel Spa\u00df auf dem n\u00e4chsten Abenteuer gew\u00fcnscht werden<\/p>\n","protected":false},"featured_media":5551,"comment_status":"","ping_status":"closed","template":"","meta":[],"product_brand":[],"product_cat":[87,97,98],"product_tag":[],"class_list":{"0":"post-5550","1":"product","2":"type-product","3":"status-publish","4":"has-post-thumbnail","6":"product_cat-zu-hause","7":"product_cat-dekoration","8":"product_cat-weltkarten","10":"first","11":"instock","12":"shipping-taxable","13":"product-type-external"},"yoast_head":"<!-- This site is optimized with the Yoast SEO plugin v26.2 - https:\/\/yoast.com\/wordpress\/plugins\/seo\/ -->\n<title>moses. Fernweh Geschenkkoffer Reiseerinnerungen, Deko-Koffer mit Gru\u00dfkarte zum Verschenken, Geschenkbox f\u00fcr Hochzeiten, Geldgeschenke, Reisegutscheine, Weltkarten Retro-design &#8211; Reiseshop Travel-du.de<\/title>\n<meta name=\"robots\" content=\"index, follow, max-snippet:-1, max-image-preview:large, max-video-preview:-1\" \/>\n<link rel=\"canonical\" href=\"https:\/\/travel-du.de\/reiseshop\/produkt\/moses-fernweh-geschenkkoffer-reiseerinnerungen-deko-koffer-mit-grusskarte-zum-verschenken-geschenkbox-fuer-hochzeiten-geldgeschenke-reisegutscheine-weltkarten-retro-design\/\" \/>\n<meta property=\"og:locale\" content=\"de_DE\" \/>\n<meta property=\"og:type\" content=\"article\" \/>\n<meta property=\"og:title\" content=\"moses. Fernweh Geschenkkoffer Reiseerinnerungen, Deko-Koffer mit Gru\u00dfkarte zum Verschenken, Geschenkbox f\u00fcr Hochzeiten, Geldgeschenke, Reisegutscheine, Weltkarten Retro-design &#8211; Reiseshop Travel-du.de\" \/>\n<meta property=\"og:description\" content=\"Urlaubserinnerungen \u2713 Der wundersch\u00f6ne Reisekoffer mit Landkarten-Motiv ist der perfekte Ort zur Aufbewahrung von emotionalen Andenken und Mitbringsel aus vergangenen Reisen Freude verschenken \u2713 Dank des originellen Designs eignet sich der Miniatur-Koffer perfekt als dekorative Geschenkverpackung f\u00fcr Geldgeschenke und Reise-Gutscheine Inklusive Geschenkanh\u00e4nger \u2713 Mit dem Kofferanh\u00e4nger in Globusform k\u00f6nnen pers\u00f6nliche Gr\u00fc\u00dfe beigelegt oder einfach viel Spa\u00df auf dem n\u00e4chsten Abenteuer gew\u00fcnscht werden\" \/>\n<meta property=\"og:url\" content=\"https:\/\/travel-du.de\/reiseshop\/produkt\/moses-fernweh-geschenkkoffer-reiseerinnerungen-deko-koffer-mit-grusskarte-zum-verschenken-geschenkbox-fuer-hochzeiten-geldgeschenke-reisegutscheine-weltkarten-retro-design\/\" \/>\n<meta property=\"og:site_name\" content=\"Reiseshop Travel-du.de\" \/>\n<meta name=\"twitter:card\" content=\"summary_large_image\" \/>\n<meta name=\"twitter:label1\" content=\"Gesch\u00e4tzte Lesezeit\" \/>\n\t<meta name=\"twitter:data1\" content=\"1\u00a0Minute\" \/>\n<script type=\"application\/ld+json\" class=\"yoast-schema-graph\">{\"@context\":\"https:\/\/schema.org\",\"@graph\":[{\"@type\":\"WebPage\",\"@id\":\"https:\/\/travel-du.de\/reiseshop\/produkt\/moses-fernweh-geschenkkoffer-reiseerinnerungen-deko-koffer-mit-grusskarte-zum-verschenken-geschenkbox-fuer-hochzeiten-geldgeschenke-reisegutscheine-weltkarten-retro-design\/\",\"url\":\"https:\/\/travel-du.de\/reiseshop\/produkt\/moses-fernweh-geschenkkoffer-reiseerinnerungen-deko-koffer-mit-grusskarte-zum-verschenken-geschenkbox-fuer-hochzeiten-geldgeschenke-reisegutscheine-weltkarten-retro-design\/\",\"name\":\"moses. Fernweh Geschenkkoffer Reiseerinnerungen, Deko-Koffer mit Gru\u00dfkarte zum Verschenken, Geschenkbox f\u00fcr Hochzeiten, Geldgeschenke, Reisegutscheine, Weltkarten Retro-design &#8211; Reiseshop Travel-du.de\",\"isPartOf\":{\"@id\":\"https:\/\/travel-du.de\/reiseshop\/#website\"},\"primaryImageOfPage\":{\"@id\":\"https:\/\/travel-du.de\/reiseshop\/produkt\/moses-fernweh-geschenkkoffer-reiseerinnerungen-deko-koffer-mit-grusskarte-zum-verschenken-geschenkbox-fuer-hochzeiten-geldgeschenke-reisegutscheine-weltkarten-retro-design\/#primaryimage\"},\"image\":{\"@id\":\"https:\/\/travel-du.de\/reiseshop\/produkt\/moses-fernweh-geschenkkoffer-reiseerinnerungen-deko-koffer-mit-grusskarte-zum-verschenken-geschenkbox-fuer-hochzeiten-geldgeschenke-reisegutscheine-weltkarten-retro-design\/#primaryimage\"},\"thumbnailUrl\":\"https:\/\/travel-du.de\/reiseshop\/wp-content\/uploads\/2025\/08\/moses-Fernweh-Geschenkkoffer-Reiseerinnerungen-Deko-Koffer-mit-Grusskarte-zum-Verschenken-Geschenkbox-fuer-Hochzeiten-Geldgeschenke-Reisegutscheine-Weltkarten-Retro-design-0.jpg\",\"datePublished\":\"2025-08-11T14:16:22+00:00\",\"breadcrumb\":{\"@id\":\"https:\/\/travel-du.de\/reiseshop\/produkt\/moses-fernweh-geschenkkoffer-reiseerinnerungen-deko-koffer-mit-grusskarte-zum-verschenken-geschenkbox-fuer-hochzeiten-geldgeschenke-reisegutscheine-weltkarten-retro-design\/#breadcrumb\"},\"inLanguage\":\"de\",\"potentialAction\":[{\"@type\":\"ReadAction\",\"target\":[\"https:\/\/travel-du.de\/reiseshop\/produkt\/moses-fernweh-geschenkkoffer-reiseerinnerungen-deko-koffer-mit-grusskarte-zum-verschenken-geschenkbox-fuer-hochzeiten-geldgeschenke-reisegutscheine-weltkarten-retro-design\/\"]}]},{\"@type\":\"ImageObject\",\"inLanguage\":\"de\",\"@id\":\"https:\/\/travel-du.de\/reiseshop\/produkt\/moses-fernweh-geschenkkoffer-reiseerinnerungen-deko-koffer-mit-grusskarte-zum-verschenken-geschenkbox-fuer-hochzeiten-geldgeschenke-reisegutscheine-weltkarten-retro-design\/#primaryimage\",\"url\":\"https:\/\/travel-du.de\/reiseshop\/wp-content\/uploads\/2025\/08\/moses-Fernweh-Geschenkkoffer-Reiseerinnerungen-Deko-Koffer-mit-Grusskarte-zum-Verschenken-Geschenkbox-fuer-Hochzeiten-Geldgeschenke-Reisegutscheine-Weltkarten-Retro-design-0.jpg\",\"contentUrl\":\"https:\/\/travel-du.de\/reiseshop\/wp-content\/uploads\/2025\/08\/moses-Fernweh-Geschenkkoffer-Reiseerinnerungen-Deko-Koffer-mit-Grusskarte-zum-Verschenken-Geschenkbox-fuer-Hochzeiten-Geldgeschenke-Reisegutscheine-Weltkarten-Retro-design-0.jpg\",\"width\":489,\"height\":500},{\"@type\":\"BreadcrumbList\",\"@id\":\"https:\/\/travel-du.de\/reiseshop\/produkt\/moses-fernweh-geschenkkoffer-reiseerinnerungen-deko-koffer-mit-grusskarte-zum-verschenken-geschenkbox-fuer-hochzeiten-geldgeschenke-reisegutscheine-weltkarten-retro-design\/#breadcrumb\",\"itemListElement\":[{\"@type\":\"ListItem\",\"position\":1,\"name\":\"Startseite\",\"item\":\"https:\/\/travel-du.de\/reiseshop\/\"},{\"@type\":\"ListItem\",\"position\":2,\"name\":\"Shop\",\"item\":\"https:\/\/travel-du.de\/reiseshop\/shop\/\"},{\"@type\":\"ListItem\",\"position\":3,\"name\":\"moses. Fernweh Geschenkkoffer Reiseerinnerungen, Deko-Koffer mit Gru\u00dfkarte zum Verschenken, Geschenkbox f\u00fcr Hochzeiten, Geldgeschenke, Reisegutscheine, Weltkarten Retro-design\"}]},{\"@type\":\"WebSite\",\"@id\":\"https:\/\/travel-du.de\/reiseshop\/#website\",\"url\":\"https:\/\/travel-du.de\/reiseshop\/\",\"name\":\"Reiseshop Travel-du.de\",\"description\":\"Der Shop f\u00fcr Reisende, Weltenbummler und Abenteurer\",\"potentialAction\":[{\"@type\":\"SearchAction\",\"target\":{\"@type\":\"EntryPoint\",\"urlTemplate\":\"https:\/\/travel-du.de\/reiseshop\/?s={search_term_string}\"},\"query-input\":{\"@type\":\"PropertyValueSpecification\",\"valueRequired\":true,\"valueName\":\"search_term_string\"}}],\"inLanguage\":\"de\"}]}<\/script>\n<!-- \/ Yoast SEO plugin. -->","yoast_head_json":{"title":"moses. Fernweh Geschenkkoffer Reiseerinnerungen, Deko-Koffer mit Gru\u00dfkarte zum Verschenken, Geschenkbox f\u00fcr Hochzeiten, Geldgeschenke, Reisegutscheine, Weltkarten Retro-design &#8211; Reiseshop Travel-du.de","robots":{"index":"index","follow":"follow","max-snippet":"max-snippet:-1","max-image-preview":"max-image-preview:large","max-video-preview":"max-video-preview:-1"},"canonical":"https:\/\/travel-du.de\/reiseshop\/produkt\/moses-fernweh-geschenkkoffer-reiseerinnerungen-deko-koffer-mit-grusskarte-zum-verschenken-geschenkbox-fuer-hochzeiten-geldgeschenke-reisegutscheine-weltkarten-retro-design\/","og_locale":"de_DE","og_type":"article","og_title":"moses. Fernweh Geschenkkoffer Reiseerinnerungen, Deko-Koffer mit Gru\u00dfkarte zum Verschenken, Geschenkbox f\u00fcr Hochzeiten, Geldgeschenke, Reisegutscheine, Weltkarten Retro-design &#8211; Reiseshop Travel-du.de","og_description":"Urlaubserinnerungen \u2713 Der wundersch\u00f6ne Reisekoffer mit Landkarten-Motiv ist der perfekte Ort zur Aufbewahrung von emotionalen Andenken und Mitbringsel aus vergangenen Reisen Freude verschenken \u2713 Dank des originellen Designs eignet sich der Miniatur-Koffer perfekt als dekorative Geschenkverpackung f\u00fcr Geldgeschenke und Reise-Gutscheine Inklusive Geschenkanh\u00e4nger \u2713 Mit dem Kofferanh\u00e4nger in Globusform k\u00f6nnen pers\u00f6nliche Gr\u00fc\u00dfe beigelegt oder einfach viel Spa\u00df auf dem n\u00e4chsten Abenteuer gew\u00fcnscht werden","og_url":"https:\/\/travel-du.de\/reiseshop\/produkt\/moses-fernweh-geschenkkoffer-reiseerinnerungen-deko-koffer-mit-grusskarte-zum-verschenken-geschenkbox-fuer-hochzeiten-geldgeschenke-reisegutscheine-weltkarten-retro-design\/","og_site_name":"Reiseshop Travel-du.de","twitter_card":"summary_large_image","twitter_misc":{"Gesch\u00e4tzte Lesezeit":"1\u00a0Minute"},"schema":{"@context":"https:\/\/schema.org","@graph":[{"@type":"WebPage","@id":"https:\/\/travel-du.de\/reiseshop\/produkt\/moses-fernweh-geschenkkoffer-reiseerinnerungen-deko-koffer-mit-grusskarte-zum-verschenken-geschenkbox-fuer-hochzeiten-geldgeschenke-reisegutscheine-weltkarten-retro-design\/","url":"https:\/\/travel-du.de\/reiseshop\/produkt\/moses-fernweh-geschenkkoffer-reiseerinnerungen-deko-koffer-mit-grusskarte-zum-verschenken-geschenkbox-fuer-hochzeiten-geldgeschenke-reisegutscheine-weltkarten-retro-design\/","name":"moses. Fernweh Geschenkkoffer Reiseerinnerungen, Deko-Koffer mit Gru\u00dfkarte zum Verschenken, Geschenkbox f\u00fcr Hochzeiten, Geldgeschenke, Reisegutscheine, Weltkarten Retro-design &#8211; Reiseshop Travel-du.de","isPartOf":{"@id":"https:\/\/travel-du.de\/reiseshop\/#website"},"primaryImageOfPage":{"@id":"https:\/\/travel-du.de\/reiseshop\/produkt\/moses-fernweh-geschenkkoffer-reiseerinnerungen-deko-koffer-mit-grusskarte-zum-verschenken-geschenkbox-fuer-hochzeiten-geldgeschenke-reisegutscheine-weltkarten-retro-design\/#primaryimage"},"image":{"@id":"https:\/\/travel-du.de\/reiseshop\/produkt\/moses-fernweh-geschenkkoffer-reiseerinnerungen-deko-koffer-mit-grusskarte-zum-verschenken-geschenkbox-fuer-hochzeiten-geldgeschenke-reisegutscheine-weltkarten-retro-design\/#primaryimage"},"thumbnailUrl":"https:\/\/travel-du.de\/reiseshop\/wp-content\/uploads\/2025\/08\/moses-Fernweh-Geschenkkoffer-Reiseerinnerungen-Deko-Koffer-mit-Grusskarte-zum-Verschenken-Geschenkbox-fuer-Hochzeiten-Geldgeschenke-Reisegutscheine-Weltkarten-Retro-design-0.jpg","datePublished":"2025-08-11T14:16:22+00:00","breadcrumb":{"@id":"https:\/\/travel-du.de\/reiseshop\/produkt\/moses-fernweh-geschenkkoffer-reiseerinnerungen-deko-koffer-mit-grusskarte-zum-verschenken-geschenkbox-fuer-hochzeiten-geldgeschenke-reisegutscheine-weltkarten-retro-design\/#breadcrumb"},"inLanguage":"de","potentialAction":[{"@type":"ReadAction","target":["https:\/\/travel-du.de\/reiseshop\/produkt\/moses-fernweh-geschenkkoffer-reiseerinnerungen-deko-koffer-mit-grusskarte-zum-verschenken-geschenkbox-fuer-hochzeiten-geldgeschenke-reisegutscheine-weltkarten-retro-design\/"]}]},{"@type":"ImageObject","inLanguage":"de","@id":"https:\/\/travel-du.de\/reiseshop\/produkt\/moses-fernweh-geschenkkoffer-reiseerinnerungen-deko-koffer-mit-grusskarte-zum-verschenken-geschenkbox-fuer-hochzeiten-geldgeschenke-reisegutscheine-weltkarten-retro-design\/#primaryimage","url":"https:\/\/travel-du.de\/reiseshop\/wp-content\/uploads\/2025\/08\/moses-Fernweh-Geschenkkoffer-Reiseerinnerungen-Deko-Koffer-mit-Grusskarte-zum-Verschenken-Geschenkbox-fuer-Hochzeiten-Geldgeschenke-Reisegutscheine-Weltkarten-Retro-design-0.jpg","contentUrl":"https:\/\/travel-du.de\/reiseshop\/wp-content\/uploads\/2025\/08\/moses-Fernweh-Geschenkkoffer-Reiseerinnerungen-Deko-Koffer-mit-Grusskarte-zum-Verschenken-Geschenkbox-fuer-Hochzeiten-Geldgeschenke-Reisegutscheine-Weltkarten-Retro-design-0.jpg","width":489,"height":500},{"@type":"BreadcrumbList","@id":"https:\/\/travel-du.de\/reiseshop\/produkt\/moses-fernweh-geschenkkoffer-reiseerinnerungen-deko-koffer-mit-grusskarte-zum-verschenken-geschenkbox-fuer-hochzeiten-geldgeschenke-reisegutscheine-weltkarten-retro-design\/#breadcrumb","itemListElement":[{"@type":"ListItem","position":1,"name":"Startseite","item":"https:\/\/travel-du.de\/reiseshop\/"},{"@type":"ListItem","position":2,"name":"Shop","item":"https:\/\/travel-du.de\/reiseshop\/shop\/"},{"@type":"ListItem","position":3,"name":"moses. Fernweh Geschenkkoffer Reiseerinnerungen, Deko-Koffer mit Gru\u00dfkarte zum Verschenken, Geschenkbox f\u00fcr Hochzeiten, Geldgeschenke, Reisegutscheine, Weltkarten Retro-design"}]},{"@type":"WebSite","@id":"https:\/\/travel-du.de\/reiseshop\/#website","url":"https:\/\/travel-du.de\/reiseshop\/","name":"Reiseshop Travel-du.de","description":"Der Shop f\u00fcr Reisende, Weltenbummler und Abenteurer","potentialAction":[{"@type":"SearchAction","target":{"@type":"EntryPoint","urlTemplate":"https:\/\/travel-du.de\/reiseshop\/?s={search_term_string}"},"query-input":{"@type":"PropertyValueSpecification","valueRequired":true,"valueName":"search_term_string"}}],"inLanguage":"de"}]}},"_links":{"self":[{"href":"https:\/\/travel-du.de\/reiseshop\/wp-json\/wp\/v2\/product\/5550","targetHints":{"allow":["GET"]}}],"collection":[{"href":"https:\/\/travel-du.de\/reiseshop\/wp-json\/wp\/v2\/product"}],"about":[{"href":"https:\/\/travel-du.de\/reiseshop\/wp-json\/wp\/v2\/types\/product"}],"replies":[{"embeddable":true,"href":"https:\/\/travel-du.de\/reiseshop\/wp-json\/wp\/v2\/comments?post=5550"}],"wp:featuredmedia":[{"embeddable":true,"href":"https:\/\/travel-du.de\/reiseshop\/wp-json\/wp\/v2\/media\/5551"}],"wp:attachment":[{"href":"https:\/\/travel-du.de\/reiseshop\/wp-json\/wp\/v2\/media?parent=5550"}],"wp:term":[{"taxonomy":"product_brand","embeddable":true,"href":"https:\/\/travel-du.de\/reiseshop\/wp-json\/wp\/v2\/product_brand?post=5550"},{"taxonomy":"product_cat","embeddable":true,"href":"https:\/\/travel-du.de\/reiseshop\/wp-json\/wp\/v2\/product_cat?post=5550"},{"taxonomy":"product_tag","embeddable":true,"href":"https:\/\/travel-du.de\/reiseshop\/wp-json\/wp\/v2\/product_tag?post=5550"}],"curies":[{"name":"wp","href":"https:\/\/api.w.org\/{rel}","templated":true}]}}