{"id":5122,"date":"2025-06-30T21:23:58","date_gmt":"2025-06-30T19:23:58","guid":{"rendered":"https:\/\/travel-du.de\/reiseshop\/produkt\/cactus-canyon-ceramics-spanische-fisch-wandgarnitur-3-teilig-negro\/"},"modified":"2025-06-30T21:24:03","modified_gmt":"2025-06-30T19:24:03","slug":"cactus-canyon-ceramics-spanische-fisch-wandgarnitur-3-teilig-negro","status":"publish","type":"product","link":"https:\/\/travel-du.de\/reiseshop\/produkt\/cactus-canyon-ceramics-spanische-fisch-wandgarnitur-3-teilig-negro\/","title":{"rendered":"Cactus Canyon Ceramics Spanische Fisch-Wandgarnitur, 3-teilig, Negro"},"content":{"rendered":"<p>Keramikfisch-Set: Dieses farbenfrohe Set schafft eine sch\u00f6ne Wandkomposition anstelle Wohnzimmer, K\u00fcche, Bad, Schlafzimmer, Deck, Diele oder Terrasse. Farben verblassen in keinster Weise.<br \/>\nHergestellt in Spanien: handbemalt in Andalusien, Spanien, aufgebraucht Fisch hat ein Loch zum Aufh\u00e4ngen ebenso ist sp\u00fclmaschinenfest. Das Set enth\u00e4lt Engelfisch (L x H) 14 cm x 8,9 cm, Schmetterlingsfisch (L x H) 16 cm x 9,5 cm ebenso Piranha (10,9 cm x 11,9 cm (L x H).<br \/>\nWei\u00dfbinder Ton: Entdecken Sie diese dekorative ebenso langlebige Keramik anstelle Ihre Terrasse, K\u00fcche, Tischplatte ebenso unterhaltsame Bed\u00fcrfnisse. Diese lebendigen Designs asservieren ihre Farbe.<br \/>\nEurop\u00e4isches Geschmack: Handbemalt von Kunsthandwerkern in Spanien, diese rustikalen Wohnkultur-Essay umfassen Geschirrsets, Tassen, Fr\u00fchst\u00fcck, Salsa &#038; Quetschschalen, Tapas &#038; Speiseteller sowie Terrassen- ebenso Gartenst\u00fccke.<br \/>\nKaktus-Canyon-Keramik: Wir sind ein kleines Vorhaben, das sich der Bereitstellung von Premium-Auftrag, einzeln natives Oliven\u00f6l, handbemalter Keramik ebenso anderen besonderen ebenso einzigartigen Produkten verschrieben hat.<br \/>\n<div class=\"main-cross-sell\" data-asin=\"B00KQP410Y\">\n\n\t<div class=\"WooZone-cross-sell-loader\">\n\t\t<div>\n\t\t\t<div id=\"floatingBarsG\">\n\t\t\t\t<div class=\"blockG\" id=\"rotateG_01\"><\/div>\n\t\t\t\t<div class=\"blockG\" id=\"rotateG_02\"><\/div>\n\t\t\t\t<div class=\"blockG\" id=\"rotateG_03\"><\/div>\n\t\t\t\t<div class=\"blockG\" id=\"rotateG_04\"><\/div>\n\t\t\t\t<div class=\"blockG\" id=\"rotateG_05\"><\/div>\n\t\t\t\t<div class=\"blockG\" id=\"rotateG_06\"><\/div>\n\t\t\t\t<div class=\"blockG\" id=\"rotateG_07\"><\/div>\n\t\t\t\t<div class=\"blockG\" id=\"rotateG_08\"><\/div>\n\t\t\t<\/div>\n\t\t\t<div class=\"WooZone-cross-sell-loader-text\"><\/div>\n\t\t<\/div>\n\t<\/div>\n\n\t\t\n<\/div>\n<div style=\"clear:both;\"><\/div><\/p>\n","protected":false},"excerpt":{"rendered":"<p>Keramikfisch-Set: Dieses farbenfrohe Set schafft eine sch\u00f6ne Wandkomposition f\u00fcr Wohnzimmer, K\u00fcche, Bad, Schlafzimmer, Deck, Diele oder Terrasse. Farben verblassen nicht.<br \/>\nHergestellt in Spanien: handbemalt in Andalusien, Spanien, jeder Fisch hat ein Loch zum Aufh\u00e4ngen und ist sp\u00fclmaschinenfest. Das Set enth\u00e4lt Engelfisch (L x H) 14 cm x 8,9 cm, Schmetterlingsfisch (L x H) 16 cm x 9,5 cm und Piranha (10,9 cm x 11,9 cm (L x H).<br \/>\nWei\u00dfer Ton: Entdecken Sie diese dekorative und langlebige Keramik f\u00fcr Ihre Terrasse, K\u00fcche, Tischplatte und unterhaltsame Bed\u00fcrfnisse. Diese lebendigen Designs behalten ihre Farbe.<\/p>\n","protected":false},"featured_media":5123,"comment_status":"closed","ping_status":"closed","template":"","meta":[],"product_brand":[],"product_cat":[120,3840],"product_tag":[],"class_list":{"0":"post-5122","1":"product","2":"type-product","3":"status-publish","4":"has-post-thumbnail","6":"product_cat-reise-geschenke","7":"product_cat-andalusien-geschenke","9":"first","10":"instock","11":"shipping-taxable","12":"product-type-external"},"yoast_head":"<!-- This site is optimized with the Yoast SEO plugin v26.2 - https:\/\/yoast.com\/wordpress\/plugins\/seo\/ -->\n<title>Cactus Canyon Ceramics Spanische Fisch-Wandgarnitur, 3-teilig, Negro &#8211; Reiseshop Travel-du.de<\/title>\n<meta name=\"robots\" content=\"index, follow, max-snippet:-1, max-image-preview:large, max-video-preview:-1\" \/>\n<link rel=\"canonical\" href=\"https:\/\/travel-du.de\/reiseshop\/produkt\/cactus-canyon-ceramics-spanische-fisch-wandgarnitur-3-teilig-negro\/\" \/>\n<meta property=\"og:locale\" content=\"de_DE\" \/>\n<meta property=\"og:type\" content=\"article\" \/>\n<meta property=\"og:title\" content=\"Cactus Canyon Ceramics Spanische Fisch-Wandgarnitur, 3-teilig, Negro &#8211; Reiseshop Travel-du.de\" \/>\n<meta property=\"og:description\" content=\"Keramikfisch-Set: Dieses farbenfrohe Set schafft eine sch\u00f6ne Wandkomposition f\u00fcr Wohnzimmer, K\u00fcche, Bad, Schlafzimmer, Deck, Diele oder Terrasse. Farben verblassen nicht. Hergestellt in Spanien: handbemalt in Andalusien, Spanien, jeder Fisch hat ein Loch zum Aufh\u00e4ngen und ist sp\u00fclmaschinenfest. Das Set enth\u00e4lt Engelfisch (L x H) 14 cm x 8,9 cm, Schmetterlingsfisch (L x H) 16 cm x 9,5 cm und Piranha (10,9 cm x 11,9 cm (L x H). Wei\u00dfer Ton: Entdecken Sie diese dekorative und langlebige Keramik f\u00fcr Ihre Terrasse, K\u00fcche, Tischplatte und unterhaltsame Bed\u00fcrfnisse. Diese lebendigen Designs behalten ihre Farbe.\" \/>\n<meta property=\"og:url\" content=\"https:\/\/travel-du.de\/reiseshop\/produkt\/cactus-canyon-ceramics-spanische-fisch-wandgarnitur-3-teilig-negro\/\" \/>\n<meta property=\"og:site_name\" content=\"Reiseshop Travel-du.de\" \/>\n<meta property=\"article:modified_time\" content=\"2025-06-30T19:24:03+00:00\" \/>\n<meta name=\"twitter:card\" content=\"summary_large_image\" \/>\n<meta name=\"twitter:label1\" content=\"Gesch\u00e4tzte Lesezeit\" \/>\n\t<meta name=\"twitter:data1\" content=\"1\u00a0Minute\" \/>\n<script type=\"application\/ld+json\" class=\"yoast-schema-graph\">{\"@context\":\"https:\/\/schema.org\",\"@graph\":[{\"@type\":\"WebPage\",\"@id\":\"https:\/\/travel-du.de\/reiseshop\/produkt\/cactus-canyon-ceramics-spanische-fisch-wandgarnitur-3-teilig-negro\/\",\"url\":\"https:\/\/travel-du.de\/reiseshop\/produkt\/cactus-canyon-ceramics-spanische-fisch-wandgarnitur-3-teilig-negro\/\",\"name\":\"Cactus Canyon Ceramics Spanische Fisch-Wandgarnitur, 3-teilig, Negro &#8211; Reiseshop Travel-du.de\",\"isPartOf\":{\"@id\":\"https:\/\/travel-du.de\/reiseshop\/#website\"},\"primaryImageOfPage\":{\"@id\":\"https:\/\/travel-du.de\/reiseshop\/produkt\/cactus-canyon-ceramics-spanische-fisch-wandgarnitur-3-teilig-negro\/#primaryimage\"},\"image\":{\"@id\":\"https:\/\/travel-du.de\/reiseshop\/produkt\/cactus-canyon-ceramics-spanische-fisch-wandgarnitur-3-teilig-negro\/#primaryimage\"},\"thumbnailUrl\":\"https:\/\/travel-du.de\/reiseshop\/wp-content\/uploads\/2025\/06\/Cactus-Canyon-Ceramics-Spanische-Fisch-Wandgarnitur-3-teilig-Negro-0.jpg\",\"datePublished\":\"2025-06-30T19:23:58+00:00\",\"dateModified\":\"2025-06-30T19:24:03+00:00\",\"breadcrumb\":{\"@id\":\"https:\/\/travel-du.de\/reiseshop\/produkt\/cactus-canyon-ceramics-spanische-fisch-wandgarnitur-3-teilig-negro\/#breadcrumb\"},\"inLanguage\":\"de\",\"potentialAction\":[{\"@type\":\"ReadAction\",\"target\":[\"https:\/\/travel-du.de\/reiseshop\/produkt\/cactus-canyon-ceramics-spanische-fisch-wandgarnitur-3-teilig-negro\/\"]}]},{\"@type\":\"ImageObject\",\"inLanguage\":\"de\",\"@id\":\"https:\/\/travel-du.de\/reiseshop\/produkt\/cactus-canyon-ceramics-spanische-fisch-wandgarnitur-3-teilig-negro\/#primaryimage\",\"url\":\"https:\/\/travel-du.de\/reiseshop\/wp-content\/uploads\/2025\/06\/Cactus-Canyon-Ceramics-Spanische-Fisch-Wandgarnitur-3-teilig-Negro-0.jpg\",\"contentUrl\":\"https:\/\/travel-du.de\/reiseshop\/wp-content\/uploads\/2025\/06\/Cactus-Canyon-Ceramics-Spanische-Fisch-Wandgarnitur-3-teilig-Negro-0.jpg\",\"width\":500,\"height\":452},{\"@type\":\"BreadcrumbList\",\"@id\":\"https:\/\/travel-du.de\/reiseshop\/produkt\/cactus-canyon-ceramics-spanische-fisch-wandgarnitur-3-teilig-negro\/#breadcrumb\",\"itemListElement\":[{\"@type\":\"ListItem\",\"position\":1,\"name\":\"Startseite\",\"item\":\"https:\/\/travel-du.de\/reiseshop\/\"},{\"@type\":\"ListItem\",\"position\":2,\"name\":\"Shop\",\"item\":\"https:\/\/travel-du.de\/reiseshop\/shop\/\"},{\"@type\":\"ListItem\",\"position\":3,\"name\":\"Cactus Canyon Ceramics Spanische Fisch-Wandgarnitur, 3-teilig, Negro\"}]},{\"@type\":\"WebSite\",\"@id\":\"https:\/\/travel-du.de\/reiseshop\/#website\",\"url\":\"https:\/\/travel-du.de\/reiseshop\/\",\"name\":\"Reiseshop Travel-du.de\",\"description\":\"Der Shop f\u00fcr Reisende, Weltenbummler und Abenteurer\",\"potentialAction\":[{\"@type\":\"SearchAction\",\"target\":{\"@type\":\"EntryPoint\",\"urlTemplate\":\"https:\/\/travel-du.de\/reiseshop\/?s={search_term_string}\"},\"query-input\":{\"@type\":\"PropertyValueSpecification\",\"valueRequired\":true,\"valueName\":\"search_term_string\"}}],\"inLanguage\":\"de\"}]}<\/script>\n<!-- \/ Yoast SEO plugin. -->","yoast_head_json":{"title":"Cactus Canyon Ceramics Spanische Fisch-Wandgarnitur, 3-teilig, Negro &#8211; Reiseshop Travel-du.de","robots":{"index":"index","follow":"follow","max-snippet":"max-snippet:-1","max-image-preview":"max-image-preview:large","max-video-preview":"max-video-preview:-1"},"canonical":"https:\/\/travel-du.de\/reiseshop\/produkt\/cactus-canyon-ceramics-spanische-fisch-wandgarnitur-3-teilig-negro\/","og_locale":"de_DE","og_type":"article","og_title":"Cactus Canyon Ceramics Spanische Fisch-Wandgarnitur, 3-teilig, Negro &#8211; Reiseshop Travel-du.de","og_description":"Keramikfisch-Set: Dieses farbenfrohe Set schafft eine sch\u00f6ne Wandkomposition f\u00fcr Wohnzimmer, K\u00fcche, Bad, Schlafzimmer, Deck, Diele oder Terrasse. Farben verblassen nicht. Hergestellt in Spanien: handbemalt in Andalusien, Spanien, jeder Fisch hat ein Loch zum Aufh\u00e4ngen und ist sp\u00fclmaschinenfest. Das Set enth\u00e4lt Engelfisch (L x H) 14 cm x 8,9 cm, Schmetterlingsfisch (L x H) 16 cm x 9,5 cm und Piranha (10,9 cm x 11,9 cm (L x H). Wei\u00dfer Ton: Entdecken Sie diese dekorative und langlebige Keramik f\u00fcr Ihre Terrasse, K\u00fcche, Tischplatte und unterhaltsame Bed\u00fcrfnisse. Diese lebendigen Designs behalten ihre Farbe.","og_url":"https:\/\/travel-du.de\/reiseshop\/produkt\/cactus-canyon-ceramics-spanische-fisch-wandgarnitur-3-teilig-negro\/","og_site_name":"Reiseshop Travel-du.de","article_modified_time":"2025-06-30T19:24:03+00:00","twitter_card":"summary_large_image","twitter_misc":{"Gesch\u00e4tzte Lesezeit":"1\u00a0Minute"},"schema":{"@context":"https:\/\/schema.org","@graph":[{"@type":"WebPage","@id":"https:\/\/travel-du.de\/reiseshop\/produkt\/cactus-canyon-ceramics-spanische-fisch-wandgarnitur-3-teilig-negro\/","url":"https:\/\/travel-du.de\/reiseshop\/produkt\/cactus-canyon-ceramics-spanische-fisch-wandgarnitur-3-teilig-negro\/","name":"Cactus Canyon Ceramics Spanische Fisch-Wandgarnitur, 3-teilig, Negro &#8211; Reiseshop Travel-du.de","isPartOf":{"@id":"https:\/\/travel-du.de\/reiseshop\/#website"},"primaryImageOfPage":{"@id":"https:\/\/travel-du.de\/reiseshop\/produkt\/cactus-canyon-ceramics-spanische-fisch-wandgarnitur-3-teilig-negro\/#primaryimage"},"image":{"@id":"https:\/\/travel-du.de\/reiseshop\/produkt\/cactus-canyon-ceramics-spanische-fisch-wandgarnitur-3-teilig-negro\/#primaryimage"},"thumbnailUrl":"https:\/\/travel-du.de\/reiseshop\/wp-content\/uploads\/2025\/06\/Cactus-Canyon-Ceramics-Spanische-Fisch-Wandgarnitur-3-teilig-Negro-0.jpg","datePublished":"2025-06-30T19:23:58+00:00","dateModified":"2025-06-30T19:24:03+00:00","breadcrumb":{"@id":"https:\/\/travel-du.de\/reiseshop\/produkt\/cactus-canyon-ceramics-spanische-fisch-wandgarnitur-3-teilig-negro\/#breadcrumb"},"inLanguage":"de","potentialAction":[{"@type":"ReadAction","target":["https:\/\/travel-du.de\/reiseshop\/produkt\/cactus-canyon-ceramics-spanische-fisch-wandgarnitur-3-teilig-negro\/"]}]},{"@type":"ImageObject","inLanguage":"de","@id":"https:\/\/travel-du.de\/reiseshop\/produkt\/cactus-canyon-ceramics-spanische-fisch-wandgarnitur-3-teilig-negro\/#primaryimage","url":"https:\/\/travel-du.de\/reiseshop\/wp-content\/uploads\/2025\/06\/Cactus-Canyon-Ceramics-Spanische-Fisch-Wandgarnitur-3-teilig-Negro-0.jpg","contentUrl":"https:\/\/travel-du.de\/reiseshop\/wp-content\/uploads\/2025\/06\/Cactus-Canyon-Ceramics-Spanische-Fisch-Wandgarnitur-3-teilig-Negro-0.jpg","width":500,"height":452},{"@type":"BreadcrumbList","@id":"https:\/\/travel-du.de\/reiseshop\/produkt\/cactus-canyon-ceramics-spanische-fisch-wandgarnitur-3-teilig-negro\/#breadcrumb","itemListElement":[{"@type":"ListItem","position":1,"name":"Startseite","item":"https:\/\/travel-du.de\/reiseshop\/"},{"@type":"ListItem","position":2,"name":"Shop","item":"https:\/\/travel-du.de\/reiseshop\/shop\/"},{"@type":"ListItem","position":3,"name":"Cactus Canyon Ceramics Spanische Fisch-Wandgarnitur, 3-teilig, Negro"}]},{"@type":"WebSite","@id":"https:\/\/travel-du.de\/reiseshop\/#website","url":"https:\/\/travel-du.de\/reiseshop\/","name":"Reiseshop Travel-du.de","description":"Der Shop f\u00fcr Reisende, Weltenbummler und Abenteurer","potentialAction":[{"@type":"SearchAction","target":{"@type":"EntryPoint","urlTemplate":"https:\/\/travel-du.de\/reiseshop\/?s={search_term_string}"},"query-input":{"@type":"PropertyValueSpecification","valueRequired":true,"valueName":"search_term_string"}}],"inLanguage":"de"}]}},"_links":{"self":[{"href":"https:\/\/travel-du.de\/reiseshop\/wp-json\/wp\/v2\/product\/5122","targetHints":{"allow":["GET"]}}],"collection":[{"href":"https:\/\/travel-du.de\/reiseshop\/wp-json\/wp\/v2\/product"}],"about":[{"href":"https:\/\/travel-du.de\/reiseshop\/wp-json\/wp\/v2\/types\/product"}],"replies":[{"embeddable":true,"href":"https:\/\/travel-du.de\/reiseshop\/wp-json\/wp\/v2\/comments?post=5122"}],"wp:featuredmedia":[{"embeddable":true,"href":"https:\/\/travel-du.de\/reiseshop\/wp-json\/wp\/v2\/media\/5123"}],"wp:attachment":[{"href":"https:\/\/travel-du.de\/reiseshop\/wp-json\/wp\/v2\/media?parent=5122"}],"wp:term":[{"taxonomy":"product_brand","embeddable":true,"href":"https:\/\/travel-du.de\/reiseshop\/wp-json\/wp\/v2\/product_brand?post=5122"},{"taxonomy":"product_cat","embeddable":true,"href":"https:\/\/travel-du.de\/reiseshop\/wp-json\/wp\/v2\/product_cat?post=5122"},{"taxonomy":"product_tag","embeddable":true,"href":"https:\/\/travel-du.de\/reiseshop\/wp-json\/wp\/v2\/product_tag?post=5122"}],"curies":[{"name":"wp","href":"https:\/\/api.w.org\/{rel}","templated":true}]}}