{"id":5120,"date":"2025-06-30T21:23:35","date_gmt":"2025-06-30T19:23:35","guid":{"rendered":"https:\/\/travel-du.de\/reiseshop\/produkt\/xingyu-desktop-dekoration-porzellan-taenzerin-statue-flamenco-figur-figur-keramik-kunst-handwerk-wohnzimmer-dekor-l320118x12x36\/"},"modified":"2025-06-30T21:23:41","modified_gmt":"2025-06-30T19:23:41","slug":"xingyu-desktop-dekoration-porzellan-taenzerin-statue-flamenco-figur-figur-keramik-kunst-handwerk-wohnzimmer-dekor-l320118x12x36","status":"publish","type":"product","link":"https:\/\/travel-du.de\/reiseshop\/produkt\/xingyu-desktop-dekoration-porzellan-taenzerin-statue-flamenco-figur-figur-keramik-kunst-handwerk-wohnzimmer-dekor-l320118x12x36\/","title":{"rendered":"XINGYU Desktop-Dekoration Porzellan T\u00e4nzerin Statue Flamenco Figur Figur Keramik Kunst &#038; Handwerk Wohnzimmer Dekor L3201,18X12X36"},"content":{"rendered":"<p>Qualit\u00e4tssicherung<br \/>\nFehlerfrei an Stelle Zuhause, B\u00fcro, Bibliothek, Kantinen, Caf\u00e9s, Teestuben, Hoteldekoration. Einzigartiges Geschenk an Stelle Angeh\u00f6rige oder Freunde.<br \/>\nEine attraktive dar\u00fcber hinaus k\u00fcnstlerische Zusatz an Stelle jeden Schreibtisch oder jedes Regal<br \/>\nAbstrakte Denker-Modellierung, moderner romantischer Moral mittels dem einzigartigen dar\u00fcber hinaus adlig eleganten Organisation.<br \/>\nExquisite Ablauf dar\u00fcber hinaus satte Farben, ein lebendiges dar\u00fcber hinaus naturgetreues Modell. Ein perfektes Handwerk vor Ihnen.<br \/>\n<div class=\"main-cross-sell\" data-asin=\"B088BZ4B3R\">\n\n\t<div class=\"WooZone-cross-sell-loader\">\n\t\t<div>\n\t\t\t<div id=\"floatingBarsG\">\n\t\t\t\t<div class=\"blockG\" id=\"rotateG_01\"><\/div>\n\t\t\t\t<div class=\"blockG\" id=\"rotateG_02\"><\/div>\n\t\t\t\t<div class=\"blockG\" id=\"rotateG_03\"><\/div>\n\t\t\t\t<div class=\"blockG\" id=\"rotateG_04\"><\/div>\n\t\t\t\t<div class=\"blockG\" id=\"rotateG_05\"><\/div>\n\t\t\t\t<div class=\"blockG\" id=\"rotateG_06\"><\/div>\n\t\t\t\t<div class=\"blockG\" id=\"rotateG_07\"><\/div>\n\t\t\t\t<div class=\"blockG\" id=\"rotateG_08\"><\/div>\n\t\t\t<\/div>\n\t\t\t<div class=\"WooZone-cross-sell-loader-text\"><\/div>\n\t\t<\/div>\n\t<\/div>\n\n\t\t\n<\/div>\n<div style=\"clear:both;\"><\/div><\/p>\n","protected":false},"excerpt":{"rendered":"<p>Qualit\u00e4tssicherung<br \/>\nPerfekt f\u00fcr Zuhause, B\u00fcro, Bibliothek, Kantinen, Caf\u00e9s, Teestuben, Hoteldekoration. Einzigartiges Geschenk f\u00fcr Familie oder Freunde.<br \/>\nEine attraktive und k\u00fcnstlerische Erg\u00e4nzung f\u00fcr jeden Schreibtisch oder jedes Regal<\/p>\n","protected":false},"featured_media":5121,"comment_status":"closed","ping_status":"closed","template":"","meta":[],"product_brand":[],"product_cat":[120,3840],"product_tag":[],"class_list":{"0":"post-5120","1":"product","2":"type-product","3":"status-publish","4":"has-post-thumbnail","6":"product_cat-reise-geschenke","7":"product_cat-andalusien-geschenke","9":"first","10":"instock","11":"shipping-taxable","12":"product-type-external"},"yoast_head":"<!-- This site is optimized with the Yoast SEO plugin v26.2 - https:\/\/yoast.com\/wordpress\/plugins\/seo\/ -->\n<title>XINGYU Desktop-Dekoration Porzellan T\u00e4nzerin Statue Flamenco Figur Figur Keramik Kunst &amp; Handwerk Wohnzimmer Dekor L3201,18X12X36 &#8211; Reiseshop Travel-du.de<\/title>\n<meta name=\"robots\" content=\"index, follow, max-snippet:-1, max-image-preview:large, max-video-preview:-1\" \/>\n<link rel=\"canonical\" href=\"https:\/\/travel-du.de\/reiseshop\/produkt\/xingyu-desktop-dekoration-porzellan-taenzerin-statue-flamenco-figur-figur-keramik-kunst-handwerk-wohnzimmer-dekor-l320118x12x36\/\" \/>\n<meta property=\"og:locale\" content=\"de_DE\" \/>\n<meta property=\"og:type\" content=\"article\" \/>\n<meta property=\"og:title\" content=\"XINGYU Desktop-Dekoration Porzellan T\u00e4nzerin Statue Flamenco Figur Figur Keramik Kunst &amp; Handwerk Wohnzimmer Dekor L3201,18X12X36 &#8211; Reiseshop Travel-du.de\" \/>\n<meta property=\"og:description\" content=\"Qualit\u00e4tssicherung Perfekt f\u00fcr Zuhause, B\u00fcro, Bibliothek, Kantinen, Caf\u00e9s, Teestuben, Hoteldekoration. Einzigartiges Geschenk f\u00fcr Familie oder Freunde. Eine attraktive und k\u00fcnstlerische Erg\u00e4nzung f\u00fcr jeden Schreibtisch oder jedes Regal\" \/>\n<meta property=\"og:url\" content=\"https:\/\/travel-du.de\/reiseshop\/produkt\/xingyu-desktop-dekoration-porzellan-taenzerin-statue-flamenco-figur-figur-keramik-kunst-handwerk-wohnzimmer-dekor-l320118x12x36\/\" \/>\n<meta property=\"og:site_name\" content=\"Reiseshop Travel-du.de\" \/>\n<meta property=\"article:modified_time\" content=\"2025-06-30T19:23:41+00:00\" \/>\n<meta name=\"twitter:card\" content=\"summary_large_image\" \/>\n<script type=\"application\/ld+json\" class=\"yoast-schema-graph\">{\"@context\":\"https:\/\/schema.org\",\"@graph\":[{\"@type\":\"WebPage\",\"@id\":\"https:\/\/travel-du.de\/reiseshop\/produkt\/xingyu-desktop-dekoration-porzellan-taenzerin-statue-flamenco-figur-figur-keramik-kunst-handwerk-wohnzimmer-dekor-l320118x12x36\/\",\"url\":\"https:\/\/travel-du.de\/reiseshop\/produkt\/xingyu-desktop-dekoration-porzellan-taenzerin-statue-flamenco-figur-figur-keramik-kunst-handwerk-wohnzimmer-dekor-l320118x12x36\/\",\"name\":\"XINGYU Desktop-Dekoration Porzellan T\u00e4nzerin Statue Flamenco Figur Figur Keramik Kunst & Handwerk Wohnzimmer Dekor L3201,18X12X36 &#8211; Reiseshop Travel-du.de\",\"isPartOf\":{\"@id\":\"https:\/\/travel-du.de\/reiseshop\/#website\"},\"primaryImageOfPage\":{\"@id\":\"https:\/\/travel-du.de\/reiseshop\/produkt\/xingyu-desktop-dekoration-porzellan-taenzerin-statue-flamenco-figur-figur-keramik-kunst-handwerk-wohnzimmer-dekor-l320118x12x36\/#primaryimage\"},\"image\":{\"@id\":\"https:\/\/travel-du.de\/reiseshop\/produkt\/xingyu-desktop-dekoration-porzellan-taenzerin-statue-flamenco-figur-figur-keramik-kunst-handwerk-wohnzimmer-dekor-l320118x12x36\/#primaryimage\"},\"thumbnailUrl\":\"https:\/\/travel-du.de\/reiseshop\/wp-content\/uploads\/2025\/06\/XINGYU-Desktop-Dekoration-Porzellan-Taenzerin-Statue-Flamenco-Figur-Figur-Keramik-Kunst-Handwerk-Wohnzimmer-Dekor-L320118X12X36-0.jpg\",\"datePublished\":\"2025-06-30T19:23:35+00:00\",\"dateModified\":\"2025-06-30T19:23:41+00:00\",\"breadcrumb\":{\"@id\":\"https:\/\/travel-du.de\/reiseshop\/produkt\/xingyu-desktop-dekoration-porzellan-taenzerin-statue-flamenco-figur-figur-keramik-kunst-handwerk-wohnzimmer-dekor-l320118x12x36\/#breadcrumb\"},\"inLanguage\":\"de\",\"potentialAction\":[{\"@type\":\"ReadAction\",\"target\":[\"https:\/\/travel-du.de\/reiseshop\/produkt\/xingyu-desktop-dekoration-porzellan-taenzerin-statue-flamenco-figur-figur-keramik-kunst-handwerk-wohnzimmer-dekor-l320118x12x36\/\"]}]},{\"@type\":\"ImageObject\",\"inLanguage\":\"de\",\"@id\":\"https:\/\/travel-du.de\/reiseshop\/produkt\/xingyu-desktop-dekoration-porzellan-taenzerin-statue-flamenco-figur-figur-keramik-kunst-handwerk-wohnzimmer-dekor-l320118x12x36\/#primaryimage\",\"url\":\"https:\/\/travel-du.de\/reiseshop\/wp-content\/uploads\/2025\/06\/XINGYU-Desktop-Dekoration-Porzellan-Taenzerin-Statue-Flamenco-Figur-Figur-Keramik-Kunst-Handwerk-Wohnzimmer-Dekor-L320118X12X36-0.jpg\",\"contentUrl\":\"https:\/\/travel-du.de\/reiseshop\/wp-content\/uploads\/2025\/06\/XINGYU-Desktop-Dekoration-Porzellan-Taenzerin-Statue-Flamenco-Figur-Figur-Keramik-Kunst-Handwerk-Wohnzimmer-Dekor-L320118X12X36-0.jpg\",\"width\":500,\"height\":500},{\"@type\":\"BreadcrumbList\",\"@id\":\"https:\/\/travel-du.de\/reiseshop\/produkt\/xingyu-desktop-dekoration-porzellan-taenzerin-statue-flamenco-figur-figur-keramik-kunst-handwerk-wohnzimmer-dekor-l320118x12x36\/#breadcrumb\",\"itemListElement\":[{\"@type\":\"ListItem\",\"position\":1,\"name\":\"Startseite\",\"item\":\"https:\/\/travel-du.de\/reiseshop\/\"},{\"@type\":\"ListItem\",\"position\":2,\"name\":\"Shop\",\"item\":\"https:\/\/travel-du.de\/reiseshop\/shop\/\"},{\"@type\":\"ListItem\",\"position\":3,\"name\":\"XINGYU Desktop-Dekoration Porzellan T\u00e4nzerin Statue Flamenco Figur Figur Keramik Kunst &#038; Handwerk Wohnzimmer Dekor L3201,18X12X36\"}]},{\"@type\":\"WebSite\",\"@id\":\"https:\/\/travel-du.de\/reiseshop\/#website\",\"url\":\"https:\/\/travel-du.de\/reiseshop\/\",\"name\":\"Reiseshop Travel-du.de\",\"description\":\"Der Shop f\u00fcr Reisende, Weltenbummler und Abenteurer\",\"potentialAction\":[{\"@type\":\"SearchAction\",\"target\":{\"@type\":\"EntryPoint\",\"urlTemplate\":\"https:\/\/travel-du.de\/reiseshop\/?s={search_term_string}\"},\"query-input\":{\"@type\":\"PropertyValueSpecification\",\"valueRequired\":true,\"valueName\":\"search_term_string\"}}],\"inLanguage\":\"de\"}]}<\/script>\n<!-- \/ Yoast SEO plugin. -->","yoast_head_json":{"title":"XINGYU Desktop-Dekoration Porzellan T\u00e4nzerin Statue Flamenco Figur Figur Keramik Kunst & Handwerk Wohnzimmer Dekor L3201,18X12X36 &#8211; Reiseshop Travel-du.de","robots":{"index":"index","follow":"follow","max-snippet":"max-snippet:-1","max-image-preview":"max-image-preview:large","max-video-preview":"max-video-preview:-1"},"canonical":"https:\/\/travel-du.de\/reiseshop\/produkt\/xingyu-desktop-dekoration-porzellan-taenzerin-statue-flamenco-figur-figur-keramik-kunst-handwerk-wohnzimmer-dekor-l320118x12x36\/","og_locale":"de_DE","og_type":"article","og_title":"XINGYU Desktop-Dekoration Porzellan T\u00e4nzerin Statue Flamenco Figur Figur Keramik Kunst & Handwerk Wohnzimmer Dekor L3201,18X12X36 &#8211; Reiseshop Travel-du.de","og_description":"Qualit\u00e4tssicherung Perfekt f\u00fcr Zuhause, B\u00fcro, Bibliothek, Kantinen, Caf\u00e9s, Teestuben, Hoteldekoration. Einzigartiges Geschenk f\u00fcr Familie oder Freunde. Eine attraktive und k\u00fcnstlerische Erg\u00e4nzung f\u00fcr jeden Schreibtisch oder jedes Regal","og_url":"https:\/\/travel-du.de\/reiseshop\/produkt\/xingyu-desktop-dekoration-porzellan-taenzerin-statue-flamenco-figur-figur-keramik-kunst-handwerk-wohnzimmer-dekor-l320118x12x36\/","og_site_name":"Reiseshop Travel-du.de","article_modified_time":"2025-06-30T19:23:41+00:00","twitter_card":"summary_large_image","schema":{"@context":"https:\/\/schema.org","@graph":[{"@type":"WebPage","@id":"https:\/\/travel-du.de\/reiseshop\/produkt\/xingyu-desktop-dekoration-porzellan-taenzerin-statue-flamenco-figur-figur-keramik-kunst-handwerk-wohnzimmer-dekor-l320118x12x36\/","url":"https:\/\/travel-du.de\/reiseshop\/produkt\/xingyu-desktop-dekoration-porzellan-taenzerin-statue-flamenco-figur-figur-keramik-kunst-handwerk-wohnzimmer-dekor-l320118x12x36\/","name":"XINGYU Desktop-Dekoration Porzellan T\u00e4nzerin Statue Flamenco Figur Figur Keramik Kunst & Handwerk Wohnzimmer Dekor L3201,18X12X36 &#8211; Reiseshop Travel-du.de","isPartOf":{"@id":"https:\/\/travel-du.de\/reiseshop\/#website"},"primaryImageOfPage":{"@id":"https:\/\/travel-du.de\/reiseshop\/produkt\/xingyu-desktop-dekoration-porzellan-taenzerin-statue-flamenco-figur-figur-keramik-kunst-handwerk-wohnzimmer-dekor-l320118x12x36\/#primaryimage"},"image":{"@id":"https:\/\/travel-du.de\/reiseshop\/produkt\/xingyu-desktop-dekoration-porzellan-taenzerin-statue-flamenco-figur-figur-keramik-kunst-handwerk-wohnzimmer-dekor-l320118x12x36\/#primaryimage"},"thumbnailUrl":"https:\/\/travel-du.de\/reiseshop\/wp-content\/uploads\/2025\/06\/XINGYU-Desktop-Dekoration-Porzellan-Taenzerin-Statue-Flamenco-Figur-Figur-Keramik-Kunst-Handwerk-Wohnzimmer-Dekor-L320118X12X36-0.jpg","datePublished":"2025-06-30T19:23:35+00:00","dateModified":"2025-06-30T19:23:41+00:00","breadcrumb":{"@id":"https:\/\/travel-du.de\/reiseshop\/produkt\/xingyu-desktop-dekoration-porzellan-taenzerin-statue-flamenco-figur-figur-keramik-kunst-handwerk-wohnzimmer-dekor-l320118x12x36\/#breadcrumb"},"inLanguage":"de","potentialAction":[{"@type":"ReadAction","target":["https:\/\/travel-du.de\/reiseshop\/produkt\/xingyu-desktop-dekoration-porzellan-taenzerin-statue-flamenco-figur-figur-keramik-kunst-handwerk-wohnzimmer-dekor-l320118x12x36\/"]}]},{"@type":"ImageObject","inLanguage":"de","@id":"https:\/\/travel-du.de\/reiseshop\/produkt\/xingyu-desktop-dekoration-porzellan-taenzerin-statue-flamenco-figur-figur-keramik-kunst-handwerk-wohnzimmer-dekor-l320118x12x36\/#primaryimage","url":"https:\/\/travel-du.de\/reiseshop\/wp-content\/uploads\/2025\/06\/XINGYU-Desktop-Dekoration-Porzellan-Taenzerin-Statue-Flamenco-Figur-Figur-Keramik-Kunst-Handwerk-Wohnzimmer-Dekor-L320118X12X36-0.jpg","contentUrl":"https:\/\/travel-du.de\/reiseshop\/wp-content\/uploads\/2025\/06\/XINGYU-Desktop-Dekoration-Porzellan-Taenzerin-Statue-Flamenco-Figur-Figur-Keramik-Kunst-Handwerk-Wohnzimmer-Dekor-L320118X12X36-0.jpg","width":500,"height":500},{"@type":"BreadcrumbList","@id":"https:\/\/travel-du.de\/reiseshop\/produkt\/xingyu-desktop-dekoration-porzellan-taenzerin-statue-flamenco-figur-figur-keramik-kunst-handwerk-wohnzimmer-dekor-l320118x12x36\/#breadcrumb","itemListElement":[{"@type":"ListItem","position":1,"name":"Startseite","item":"https:\/\/travel-du.de\/reiseshop\/"},{"@type":"ListItem","position":2,"name":"Shop","item":"https:\/\/travel-du.de\/reiseshop\/shop\/"},{"@type":"ListItem","position":3,"name":"XINGYU Desktop-Dekoration Porzellan T\u00e4nzerin Statue Flamenco Figur Figur Keramik Kunst &#038; Handwerk Wohnzimmer Dekor L3201,18X12X36"}]},{"@type":"WebSite","@id":"https:\/\/travel-du.de\/reiseshop\/#website","url":"https:\/\/travel-du.de\/reiseshop\/","name":"Reiseshop Travel-du.de","description":"Der Shop f\u00fcr Reisende, Weltenbummler und Abenteurer","potentialAction":[{"@type":"SearchAction","target":{"@type":"EntryPoint","urlTemplate":"https:\/\/travel-du.de\/reiseshop\/?s={search_term_string}"},"query-input":{"@type":"PropertyValueSpecification","valueRequired":true,"valueName":"search_term_string"}}],"inLanguage":"de"}]}},"_links":{"self":[{"href":"https:\/\/travel-du.de\/reiseshop\/wp-json\/wp\/v2\/product\/5120","targetHints":{"allow":["GET"]}}],"collection":[{"href":"https:\/\/travel-du.de\/reiseshop\/wp-json\/wp\/v2\/product"}],"about":[{"href":"https:\/\/travel-du.de\/reiseshop\/wp-json\/wp\/v2\/types\/product"}],"replies":[{"embeddable":true,"href":"https:\/\/travel-du.de\/reiseshop\/wp-json\/wp\/v2\/comments?post=5120"}],"wp:featuredmedia":[{"embeddable":true,"href":"https:\/\/travel-du.de\/reiseshop\/wp-json\/wp\/v2\/media\/5121"}],"wp:attachment":[{"href":"https:\/\/travel-du.de\/reiseshop\/wp-json\/wp\/v2\/media?parent=5120"}],"wp:term":[{"taxonomy":"product_brand","embeddable":true,"href":"https:\/\/travel-du.de\/reiseshop\/wp-json\/wp\/v2\/product_brand?post=5120"},{"taxonomy":"product_cat","embeddable":true,"href":"https:\/\/travel-du.de\/reiseshop\/wp-json\/wp\/v2\/product_cat?post=5120"},{"taxonomy":"product_tag","embeddable":true,"href":"https:\/\/travel-du.de\/reiseshop\/wp-json\/wp\/v2\/product_tag?post=5120"}],"curies":[{"name":"wp","href":"https:\/\/api.w.org\/{rel}","templated":true}]}}