{"id":5115,"date":"2025-06-30T21:23:10","date_gmt":"2025-06-30T19:23:10","guid":{"rendered":"https:\/\/travel-du.de\/reiseshop\/produkt\/lladro-paar-figur-flamenco-taenzer-flamenco-porzellan\/"},"modified":"2025-06-30T21:23:15","modified_gmt":"2025-06-30T19:23:15","slug":"lladro-paar-figur-flamenco-taenzer-flamenco-porzellan","status":"publish","type":"product","link":"https:\/\/travel-du.de\/reiseshop\/produkt\/lladro-paar-figur-flamenco-taenzer-flamenco-porzellan\/","title":{"rendered":"LLADR\u00d3 Paar Figur Flamenco T\u00e4nzer. Flamenco. Porzellan."},"content":{"rendered":"<p>HANDGEFERTIGT IN SPANIEN: Werke von h\u00f6chster Qualit\u00e4t, handgefertigt in Valencia, in der weltweit einzigartigen Fabrik von LLADR\u00d3. Ein Team von K\u00fcnstlern und Designern h\u00e4lt alte Handwerke und Techniken am Leben, um Porzellan in Tr\u00e4ume zu verwandeln. An dem handwerklichen Produktionsprozess sind Bildhauer, Maler usw. beteiligt&#8230; Eine unendliche Anzahl von H\u00e4nden, die, eine nach der anderen, einen fast unmerklichen Stempel, der unsere Werke einzigartig und exklusiv macht.<br \/>\nSCH\u00d6NHEIT UND NACHHALTIGKEIT: Unser Terminierung war es, Sch\u00f6nheit allesamt Nachhaltigkeit und Scheu zu generieren, Prinzipien, die Teilbereich der DNA der Marke sind. Bei Lladr\u00f3 ber\u00fccksichtigen wir ganz Werte, die in den Hergang der Kreation, Herstellung und Vermarktung unserer Porzellanarbeiten involviert sind, um ein sch\u00f6nes, nachhaltiges und langlebiges Produkt anzubieten.<br \/>\nQUALIT\u00c4T UND EXZELLENZ: Das Streben nach Perfektion ist nicht wohl Teilbereich des Entwurfs- und Herstellungsprozesses der St\u00fccke, sondern erstreckt sich aka auf die Qualit\u00e4tskontrolle, bei der die fertige Skulptur verschiedenen Tests unterzogen wird, die best\u00e4rken, dass sie den hohen Standards von Lladr\u00f3 entspricht. Die Exzellenz gilt aka f\u00fcr die Verpackung, welche auf die Besonderheiten jedes einzelnen St\u00fccks zugeschnitten ist.<br \/>\nEIN GESCHENK F\u00dcR DIE EWIGKEIT: Die besten Details kommen in Form von Porzellan. Ein Geschenk von LLADR\u00d3 ist ein Synonym f\u00fcr Festlichkeit und Freude. Eine Art zu sagen: Ich liebe dich, ich freue mich \u00fcber deinen Erfolg oder deine Begr\u00fc\u00dfung. Wir haben dank einer gro\u00dfen Auswahl an k\u00fcnstlerischen Kreationen, die von Ihren Lieben stets gesch\u00e4tzt werden, das perfekte Geschenk f\u00fcr jeden besonderen Anlass.<br \/>\nLLADR\u00d3: Das 1953 gegr\u00fcndete Unternehmen entstand allesamt der Leidenschaft f\u00fcr Porzellan der drei Br\u00fcder Juan, Jos\u00e9 und Vicente Lladr\u00f3. Im Laufe der Jahre haben sie die Ausdrucksm\u00f6glichkeiten von PORZELLAN bis an die Angrenzen ausgereizt und einen eigenen, unverwechselbaren Stil entwickelt, der das Unternehmen international bekannt gemacht hat.<br \/>\n<div class=\"main-cross-sell\" data-asin=\"B07CB21JB4\">\n\n\t<div class=\"WooZone-cross-sell-loader\">\n\t\t<div>\n\t\t\t<div id=\"floatingBarsG\">\n\t\t\t\t<div class=\"blockG\" id=\"rotateG_01\"><\/div>\n\t\t\t\t<div class=\"blockG\" id=\"rotateG_02\"><\/div>\n\t\t\t\t<div class=\"blockG\" id=\"rotateG_03\"><\/div>\n\t\t\t\t<div class=\"blockG\" id=\"rotateG_04\"><\/div>\n\t\t\t\t<div class=\"blockG\" id=\"rotateG_05\"><\/div>\n\t\t\t\t<div class=\"blockG\" id=\"rotateG_06\"><\/div>\n\t\t\t\t<div class=\"blockG\" id=\"rotateG_07\"><\/div>\n\t\t\t\t<div class=\"blockG\" id=\"rotateG_08\"><\/div>\n\t\t\t<\/div>\n\t\t\t<div class=\"WooZone-cross-sell-loader-text\"><\/div>\n\t\t<\/div>\n\t<\/div>\n\n\t\t\n<\/div>\n<div style=\"clear:both;\"><\/div><\/p>\n","protected":false},"excerpt":{"rendered":"<p>HANDGEFERTIGT IN SPANIEN: Werke von h\u00f6chster Qualit\u00e4t, handgefertigt in Valencia, in der weltweit einzigartigen Fabrik von LLADR\u00d3. Ein Team von K\u00fcnstlern und Designern h\u00e4lt alte Handwerke und Techniken am Leben, um Porzellan in Tr\u00e4ume zu verwandeln. An dem handwerklichen Produktionsprozess sind Bildhauer, Maler usw. beteiligt&#8230; Eine unendliche Anzahl von H\u00e4nden, die, eine nach der anderen, einen fast unmerklichen Stempel, der unsere Werke einzigartig und exklusiv macht.<br \/>\nSCH\u00d6NHEIT UND NACHHALTIGKEIT: Unser Ziel war es, Sch\u00f6nheit aus Nachhaltigkeit und Respekt zu generieren, Prinzipien, die Teil der DNA der Marke sind. Bei Lladr\u00f3 respektieren wir alle Werte, die in den Prozess der Kreation, Herstellung und Vermarktung unserer Porzellanarbeiten involviert sind, um ein sch\u00f6nes, nachhaltiges und langlebiges Produkt anzubieten.<br \/>\nQUALIT\u00c4T UND EXZELLENZ: Das Streben nach Perfektion ist nicht nur Teil des Entwurfs- und Herstellungsprozesses der St\u00fccke, sondern erstreckt sich auch auf die Qualit\u00e4tskontrolle, bei der die fertige Skulptur verschiedenen Tests unterzogen wird, die best\u00e4tigen, dass sie den hohen Standards von Lladr\u00f3 entspricht. Die Exzellenz gilt auch f\u00fcr die Verpackung, welche auf die Besonderheiten jedes einzelnen St\u00fccks zugeschnitten ist.<\/p>\n","protected":false},"featured_media":5116,"comment_status":"closed","ping_status":"closed","template":"","meta":[],"product_brand":[],"product_cat":[120,3840],"product_tag":[],"class_list":{"0":"post-5115","1":"product","2":"type-product","3":"status-publish","4":"has-post-thumbnail","6":"product_cat-reise-geschenke","7":"product_cat-andalusien-geschenke","9":"first","10":"instock","11":"shipping-taxable","12":"product-type-external"},"yoast_head":"<!-- This site is optimized with the Yoast SEO plugin v26.2 - https:\/\/yoast.com\/wordpress\/plugins\/seo\/ -->\n<title>LLADR\u00d3 Paar Figur Flamenco T\u00e4nzer. Flamenco. Porzellan. &#8211; Reiseshop Travel-du.de<\/title>\n<meta name=\"robots\" content=\"index, follow, max-snippet:-1, max-image-preview:large, max-video-preview:-1\" \/>\n<link rel=\"canonical\" href=\"https:\/\/travel-du.de\/reiseshop\/produkt\/lladro-paar-figur-flamenco-taenzer-flamenco-porzellan\/\" \/>\n<meta property=\"og:locale\" content=\"de_DE\" \/>\n<meta property=\"og:type\" content=\"article\" \/>\n<meta property=\"og:title\" content=\"LLADR\u00d3 Paar Figur Flamenco T\u00e4nzer. Flamenco. Porzellan. &#8211; Reiseshop Travel-du.de\" \/>\n<meta property=\"og:description\" content=\"HANDGEFERTIGT IN SPANIEN: Werke von h\u00f6chster Qualit\u00e4t, handgefertigt in Valencia, in der weltweit einzigartigen Fabrik von LLADR\u00d3. Ein Team von K\u00fcnstlern und Designern h\u00e4lt alte Handwerke und Techniken am Leben, um Porzellan in Tr\u00e4ume zu verwandeln. An dem handwerklichen Produktionsprozess sind Bildhauer, Maler usw. beteiligt... Eine unendliche Anzahl von H\u00e4nden, die, eine nach der anderen, einen fast unmerklichen Stempel, der unsere Werke einzigartig und exklusiv macht. SCH\u00d6NHEIT UND NACHHALTIGKEIT: Unser Ziel war es, Sch\u00f6nheit aus Nachhaltigkeit und Respekt zu generieren, Prinzipien, die Teil der DNA der Marke sind. Bei Lladr\u00f3 respektieren wir alle Werte, die in den Prozess der Kreation, Herstellung und Vermarktung unserer Porzellanarbeiten involviert sind, um ein sch\u00f6nes, nachhaltiges und langlebiges Produkt anzubieten. QUALIT\u00c4T UND EXZELLENZ: Das Streben nach Perfektion ist nicht nur Teil des Entwurfs- und Herstellungsprozesses der St\u00fccke, sondern erstreckt sich auch auf die Qualit\u00e4tskontrolle, bei der die fertige Skulptur verschiedenen Tests unterzogen wird, die best\u00e4tigen, dass sie den hohen Standards von Lladr\u00f3 entspricht. Die Exzellenz gilt auch f\u00fcr die Verpackung, welche auf die Besonderheiten jedes einzelnen St\u00fccks zugeschnitten ist.\" \/>\n<meta property=\"og:url\" content=\"https:\/\/travel-du.de\/reiseshop\/produkt\/lladro-paar-figur-flamenco-taenzer-flamenco-porzellan\/\" \/>\n<meta property=\"og:site_name\" content=\"Reiseshop Travel-du.de\" \/>\n<meta property=\"article:modified_time\" content=\"2025-06-30T19:23:15+00:00\" \/>\n<meta name=\"twitter:card\" content=\"summary_large_image\" \/>\n<meta name=\"twitter:label1\" content=\"Gesch\u00e4tzte Lesezeit\" \/>\n\t<meta name=\"twitter:data1\" content=\"2\u00a0Minuten\" \/>\n<script type=\"application\/ld+json\" class=\"yoast-schema-graph\">{\"@context\":\"https:\/\/schema.org\",\"@graph\":[{\"@type\":\"WebPage\",\"@id\":\"https:\/\/travel-du.de\/reiseshop\/produkt\/lladro-paar-figur-flamenco-taenzer-flamenco-porzellan\/\",\"url\":\"https:\/\/travel-du.de\/reiseshop\/produkt\/lladro-paar-figur-flamenco-taenzer-flamenco-porzellan\/\",\"name\":\"LLADR\u00d3 Paar Figur Flamenco T\u00e4nzer. Flamenco. Porzellan. &#8211; Reiseshop Travel-du.de\",\"isPartOf\":{\"@id\":\"https:\/\/travel-du.de\/reiseshop\/#website\"},\"primaryImageOfPage\":{\"@id\":\"https:\/\/travel-du.de\/reiseshop\/produkt\/lladro-paar-figur-flamenco-taenzer-flamenco-porzellan\/#primaryimage\"},\"image\":{\"@id\":\"https:\/\/travel-du.de\/reiseshop\/produkt\/lladro-paar-figur-flamenco-taenzer-flamenco-porzellan\/#primaryimage\"},\"thumbnailUrl\":\"https:\/\/travel-du.de\/reiseshop\/wp-content\/uploads\/2025\/06\/LLADRO-Paar-Figur-Flamenco-Taenzer-Flamenco-Porzellan-0.jpg\",\"datePublished\":\"2025-06-30T19:23:10+00:00\",\"dateModified\":\"2025-06-30T19:23:15+00:00\",\"breadcrumb\":{\"@id\":\"https:\/\/travel-du.de\/reiseshop\/produkt\/lladro-paar-figur-flamenco-taenzer-flamenco-porzellan\/#breadcrumb\"},\"inLanguage\":\"de\",\"potentialAction\":[{\"@type\":\"ReadAction\",\"target\":[\"https:\/\/travel-du.de\/reiseshop\/produkt\/lladro-paar-figur-flamenco-taenzer-flamenco-porzellan\/\"]}]},{\"@type\":\"ImageObject\",\"inLanguage\":\"de\",\"@id\":\"https:\/\/travel-du.de\/reiseshop\/produkt\/lladro-paar-figur-flamenco-taenzer-flamenco-porzellan\/#primaryimage\",\"url\":\"https:\/\/travel-du.de\/reiseshop\/wp-content\/uploads\/2025\/06\/LLADRO-Paar-Figur-Flamenco-Taenzer-Flamenco-Porzellan-0.jpg\",\"contentUrl\":\"https:\/\/travel-du.de\/reiseshop\/wp-content\/uploads\/2025\/06\/LLADRO-Paar-Figur-Flamenco-Taenzer-Flamenco-Porzellan-0.jpg\",\"width\":415,\"height\":500},{\"@type\":\"BreadcrumbList\",\"@id\":\"https:\/\/travel-du.de\/reiseshop\/produkt\/lladro-paar-figur-flamenco-taenzer-flamenco-porzellan\/#breadcrumb\",\"itemListElement\":[{\"@type\":\"ListItem\",\"position\":1,\"name\":\"Startseite\",\"item\":\"https:\/\/travel-du.de\/reiseshop\/\"},{\"@type\":\"ListItem\",\"position\":2,\"name\":\"Shop\",\"item\":\"https:\/\/travel-du.de\/reiseshop\/shop\/\"},{\"@type\":\"ListItem\",\"position\":3,\"name\":\"LLADR\u00d3 Paar Figur Flamenco T\u00e4nzer. Flamenco. Porzellan.\"}]},{\"@type\":\"WebSite\",\"@id\":\"https:\/\/travel-du.de\/reiseshop\/#website\",\"url\":\"https:\/\/travel-du.de\/reiseshop\/\",\"name\":\"Reiseshop Travel-du.de\",\"description\":\"Der Shop f\u00fcr Reisende, Weltenbummler und Abenteurer\",\"potentialAction\":[{\"@type\":\"SearchAction\",\"target\":{\"@type\":\"EntryPoint\",\"urlTemplate\":\"https:\/\/travel-du.de\/reiseshop\/?s={search_term_string}\"},\"query-input\":{\"@type\":\"PropertyValueSpecification\",\"valueRequired\":true,\"valueName\":\"search_term_string\"}}],\"inLanguage\":\"de\"}]}<\/script>\n<!-- \/ Yoast SEO plugin. -->","yoast_head_json":{"title":"LLADR\u00d3 Paar Figur Flamenco T\u00e4nzer. Flamenco. Porzellan. &#8211; Reiseshop Travel-du.de","robots":{"index":"index","follow":"follow","max-snippet":"max-snippet:-1","max-image-preview":"max-image-preview:large","max-video-preview":"max-video-preview:-1"},"canonical":"https:\/\/travel-du.de\/reiseshop\/produkt\/lladro-paar-figur-flamenco-taenzer-flamenco-porzellan\/","og_locale":"de_DE","og_type":"article","og_title":"LLADR\u00d3 Paar Figur Flamenco T\u00e4nzer. Flamenco. Porzellan. &#8211; Reiseshop Travel-du.de","og_description":"HANDGEFERTIGT IN SPANIEN: Werke von h\u00f6chster Qualit\u00e4t, handgefertigt in Valencia, in der weltweit einzigartigen Fabrik von LLADR\u00d3. Ein Team von K\u00fcnstlern und Designern h\u00e4lt alte Handwerke und Techniken am Leben, um Porzellan in Tr\u00e4ume zu verwandeln. An dem handwerklichen Produktionsprozess sind Bildhauer, Maler usw. beteiligt... Eine unendliche Anzahl von H\u00e4nden, die, eine nach der anderen, einen fast unmerklichen Stempel, der unsere Werke einzigartig und exklusiv macht. SCH\u00d6NHEIT UND NACHHALTIGKEIT: Unser Ziel war es, Sch\u00f6nheit aus Nachhaltigkeit und Respekt zu generieren, Prinzipien, die Teil der DNA der Marke sind. Bei Lladr\u00f3 respektieren wir alle Werte, die in den Prozess der Kreation, Herstellung und Vermarktung unserer Porzellanarbeiten involviert sind, um ein sch\u00f6nes, nachhaltiges und langlebiges Produkt anzubieten. QUALIT\u00c4T UND EXZELLENZ: Das Streben nach Perfektion ist nicht nur Teil des Entwurfs- und Herstellungsprozesses der St\u00fccke, sondern erstreckt sich auch auf die Qualit\u00e4tskontrolle, bei der die fertige Skulptur verschiedenen Tests unterzogen wird, die best\u00e4tigen, dass sie den hohen Standards von Lladr\u00f3 entspricht. Die Exzellenz gilt auch f\u00fcr die Verpackung, welche auf die Besonderheiten jedes einzelnen St\u00fccks zugeschnitten ist.","og_url":"https:\/\/travel-du.de\/reiseshop\/produkt\/lladro-paar-figur-flamenco-taenzer-flamenco-porzellan\/","og_site_name":"Reiseshop Travel-du.de","article_modified_time":"2025-06-30T19:23:15+00:00","twitter_card":"summary_large_image","twitter_misc":{"Gesch\u00e4tzte Lesezeit":"2\u00a0Minuten"},"schema":{"@context":"https:\/\/schema.org","@graph":[{"@type":"WebPage","@id":"https:\/\/travel-du.de\/reiseshop\/produkt\/lladro-paar-figur-flamenco-taenzer-flamenco-porzellan\/","url":"https:\/\/travel-du.de\/reiseshop\/produkt\/lladro-paar-figur-flamenco-taenzer-flamenco-porzellan\/","name":"LLADR\u00d3 Paar Figur Flamenco T\u00e4nzer. Flamenco. Porzellan. &#8211; Reiseshop Travel-du.de","isPartOf":{"@id":"https:\/\/travel-du.de\/reiseshop\/#website"},"primaryImageOfPage":{"@id":"https:\/\/travel-du.de\/reiseshop\/produkt\/lladro-paar-figur-flamenco-taenzer-flamenco-porzellan\/#primaryimage"},"image":{"@id":"https:\/\/travel-du.de\/reiseshop\/produkt\/lladro-paar-figur-flamenco-taenzer-flamenco-porzellan\/#primaryimage"},"thumbnailUrl":"https:\/\/travel-du.de\/reiseshop\/wp-content\/uploads\/2025\/06\/LLADRO-Paar-Figur-Flamenco-Taenzer-Flamenco-Porzellan-0.jpg","datePublished":"2025-06-30T19:23:10+00:00","dateModified":"2025-06-30T19:23:15+00:00","breadcrumb":{"@id":"https:\/\/travel-du.de\/reiseshop\/produkt\/lladro-paar-figur-flamenco-taenzer-flamenco-porzellan\/#breadcrumb"},"inLanguage":"de","potentialAction":[{"@type":"ReadAction","target":["https:\/\/travel-du.de\/reiseshop\/produkt\/lladro-paar-figur-flamenco-taenzer-flamenco-porzellan\/"]}]},{"@type":"ImageObject","inLanguage":"de","@id":"https:\/\/travel-du.de\/reiseshop\/produkt\/lladro-paar-figur-flamenco-taenzer-flamenco-porzellan\/#primaryimage","url":"https:\/\/travel-du.de\/reiseshop\/wp-content\/uploads\/2025\/06\/LLADRO-Paar-Figur-Flamenco-Taenzer-Flamenco-Porzellan-0.jpg","contentUrl":"https:\/\/travel-du.de\/reiseshop\/wp-content\/uploads\/2025\/06\/LLADRO-Paar-Figur-Flamenco-Taenzer-Flamenco-Porzellan-0.jpg","width":415,"height":500},{"@type":"BreadcrumbList","@id":"https:\/\/travel-du.de\/reiseshop\/produkt\/lladro-paar-figur-flamenco-taenzer-flamenco-porzellan\/#breadcrumb","itemListElement":[{"@type":"ListItem","position":1,"name":"Startseite","item":"https:\/\/travel-du.de\/reiseshop\/"},{"@type":"ListItem","position":2,"name":"Shop","item":"https:\/\/travel-du.de\/reiseshop\/shop\/"},{"@type":"ListItem","position":3,"name":"LLADR\u00d3 Paar Figur Flamenco T\u00e4nzer. Flamenco. Porzellan."}]},{"@type":"WebSite","@id":"https:\/\/travel-du.de\/reiseshop\/#website","url":"https:\/\/travel-du.de\/reiseshop\/","name":"Reiseshop Travel-du.de","description":"Der Shop f\u00fcr Reisende, Weltenbummler und Abenteurer","potentialAction":[{"@type":"SearchAction","target":{"@type":"EntryPoint","urlTemplate":"https:\/\/travel-du.de\/reiseshop\/?s={search_term_string}"},"query-input":{"@type":"PropertyValueSpecification","valueRequired":true,"valueName":"search_term_string"}}],"inLanguage":"de"}]}},"_links":{"self":[{"href":"https:\/\/travel-du.de\/reiseshop\/wp-json\/wp\/v2\/product\/5115","targetHints":{"allow":["GET"]}}],"collection":[{"href":"https:\/\/travel-du.de\/reiseshop\/wp-json\/wp\/v2\/product"}],"about":[{"href":"https:\/\/travel-du.de\/reiseshop\/wp-json\/wp\/v2\/types\/product"}],"replies":[{"embeddable":true,"href":"https:\/\/travel-du.de\/reiseshop\/wp-json\/wp\/v2\/comments?post=5115"}],"wp:featuredmedia":[{"embeddable":true,"href":"https:\/\/travel-du.de\/reiseshop\/wp-json\/wp\/v2\/media\/5116"}],"wp:attachment":[{"href":"https:\/\/travel-du.de\/reiseshop\/wp-json\/wp\/v2\/media?parent=5115"}],"wp:term":[{"taxonomy":"product_brand","embeddable":true,"href":"https:\/\/travel-du.de\/reiseshop\/wp-json\/wp\/v2\/product_brand?post=5115"},{"taxonomy":"product_cat","embeddable":true,"href":"https:\/\/travel-du.de\/reiseshop\/wp-json\/wp\/v2\/product_cat?post=5115"},{"taxonomy":"product_tag","embeddable":true,"href":"https:\/\/travel-du.de\/reiseshop\/wp-json\/wp\/v2\/product_tag?post=5115"}],"curies":[{"name":"wp","href":"https:\/\/api.w.org\/{rel}","templated":true}]}}