{"id":51,"date":"2016-12-11T23:53:26","date_gmt":"2016-12-11T22:53:26","guid":{"rendered":"http:\/\/travel-du.de\/reiseshop\/produkt\/ticket-to-the-moon-leichthaengematte-kingsize-schwarz-gelb\/"},"modified":"2018-04-28T12:28:33","modified_gmt":"2018-04-28T10:28:33","slug":"reisehaengematte-ticket-to-the-moon-leicht","status":"publish","type":"product","link":"https:\/\/travel-du.de\/reiseshop\/produkt\/reisehaengematte-ticket-to-the-moon-leicht\/","title":{"rendered":"Leichth\u00e4ngematte f\u00fcr unterwegs (KingSize) von Ticket to the Moon"},"content":{"rendered":"<p>H\u00f6rt auf im Zelt oder gar im unbequemen Auto zu schlafen. Wenn das Wetter gut ist, gibt es nichts besseres als eine Reise-H\u00e4ngematte: super bequem und aufgrund ihres geringen Gewichtes dazu auch noch leicht zu verstauen\u00a0\u2013 einfach mal Abh\u00e4ngen im Freien und dazu den Sternenhimmel beobachten. Perfekt f\u00fcrs Camping, auf Festivals, Wochenendausfl\u00fcgen und sogar auf Roadtrips in warmen L\u00e4ndern.<\/p>\n<p>Die Ticket to the Moon H\u00e4ngematten sind aus Fallschirmseide und angenehm weich auf der Haut sowie atmungsaktiv. Ihr braucht nur 2 B\u00e4ume oder Stangen und schon ist der Schlafplatz f\u00fcr die Nacht fertig. Und sollte es mal regnen? Auch kein Problem. Das Material trocknet rasch und beh\u00e4lt lange seine kr\u00e4ftigen Farben.<\/p>\n<p>Zum unkomplizierten Aufh\u00e4ngen ben\u00f6tigst du <a href=\"https:\/\/www.amazon.de\/Ticket-to-the-Moon-H%C3%A4ngematten-Aufh%C3%A4ngset\/dp\/B01073ZH7U\/ref=as_li_ss_tl?_encoding=UTF8&amp;psc=1&amp;refRID=RB7P4FV1ZGF16MDM84SE&amp;linkCode=ll1&amp;tag=wwwtraveldude-21&amp;linkId=4b19420e5c6450f74525d61912da7991\" target=\"_blank\" rel=\"noopener\">ein extra Aufh\u00e4ngeset<\/a>.<\/p>\n<p><strong>Daten:\u00a0<\/strong><\/p>\n<ul>\n<li>Abmessungen 320 x 200 cm<\/li>\n<li>Tragkraft maximal 200 kg<\/li>\n<li>Max. Tragkraft 200 kg<\/li>\n<li>Liegefl\u00e4che 320 x 200 cm<\/li>\n<li>Gewicht: Nur 0,7 kg !<\/li>\n<li>Kann bei 30C\u00b0 gewaschen werden<\/li>\n<li>Herkunftsland: Insel Bali<\/li>\n<li>Kleines Packma\u00df in kompaktem Beutel<\/li>\n<li>Gepr\u00fcft auf Schadstoffe nach \u00d6ko Tex Standard 100<\/li>\n<li><a href=\"https:\/\/www.amazon.de\/Ticket-to-the-Moon-H%C3%A4ngematten-Aufh%C3%A4ngset\/dp\/B01073ZH7U\/ref=as_li_ss_tl?_encoding=UTF8&amp;psc=1&amp;refRID=RB7P4FV1ZGF16MDM84SE&amp;linkCode=ll1&amp;tag=wwwtraveldude-21&amp;linkId=4b19420e5c6450f74525d61912da7991\" target=\"_blank\" rel=\"noopener\">Extra Aufh\u00e4ngeset<\/a> verf\u00fcgbar aber nicht im Lieferumfang dabei<\/li>\n<\/ul>\n<div class=\"main-cross-sell\" data-asin=\"B00ANK1XQ2\">\n\n\t<div class=\"WooZone-cross-sell-loader\">\n\t\t<div>\n\t\t\t<div id=\"floatingBarsG\">\n\t\t\t\t<div class=\"blockG\" id=\"rotateG_01\"><\/div>\n\t\t\t\t<div class=\"blockG\" id=\"rotateG_02\"><\/div>\n\t\t\t\t<div class=\"blockG\" id=\"rotateG_03\"><\/div>\n\t\t\t\t<div class=\"blockG\" id=\"rotateG_04\"><\/div>\n\t\t\t\t<div class=\"blockG\" id=\"rotateG_05\"><\/div>\n\t\t\t\t<div class=\"blockG\" id=\"rotateG_06\"><\/div>\n\t\t\t\t<div class=\"blockG\" id=\"rotateG_07\"><\/div>\n\t\t\t\t<div class=\"blockG\" id=\"rotateG_08\"><\/div>\n\t\t\t<\/div>\n\t\t\t<div class=\"WooZone-cross-sell-loader-text\"><\/div>\n\t\t<\/div>\n\t<\/div>\n\n\t\t\n<\/div>\n<div style=\"clear:both;\"><\/div>\n","protected":false},"excerpt":{"rendered":"<p>H\u00f6rt auf im Zelt oder gar im unbequemen Auto zu schlafen. Wenn das Wetter gut ist, gibt es nichts besseres als eine Reise-H\u00e4ngematte: super bequem und aufgrund ihres geringen Gewichtes dazu auch noch leicht zu verstauen\u00a0\u2013 einfach mal Abh\u00e4ngen im Freien und dazu den Sternenhimmel beobachten. Perfekt f\u00fcrs Camping, auf Festivals, Wochenendausfl\u00fcgen und sogar auf Roadtrips in warmen L\u00e4ndern.<\/p>\n<p>Die Ticket to the Moon H\u00e4ngematten sind aus Fallschirmseide und angenehm weich auf der Haut sowie atmungsaktiv. Ihr braucht nur 2 B\u00e4ume oder Stangen und schon ist der Schlafplatz f\u00fcr die Nacht fertig. Und sollte es mal regnen? Auch kein Problem. Das Material trocknet rasch und beh\u00e4lt lange seine kr\u00e4ftigen Farben.<\/p>\n<p>Zum unkomplizierten Aufh\u00e4ngen ben\u00f6tigst du <a href=\"https:\/\/www.amazon.de\/Ticket-to-the-Moon-H%C3%A4ngematten-Aufh%C3%A4ngset\/dp\/B01073ZH7U\/ref=as_li_ss_tl?_encoding=UTF8&amp;psc=1&amp;refRID=RB7P4FV1ZGF16MDM84SE&amp;linkCode=ll1&amp;tag=wwwtraveldude-21&amp;linkId=4b19420e5c6450f74525d61912da7991\" target=\"_blank\">ein extra Aufh\u00e4ngeset<\/a>.<br \/>\n<a href=\"https:\/\/www.amazon.de\/Ticket-Moon-Leichth%C3%A4ngematte-KingSize-Schwarz-Gelb\/dp\/B00ANK1XQ2\/ref=as_li_ss_tl?s=garden&#038;ie=UTF8&#038;qid=1482940926&#038;sr=1-1&#038;keywords=ticket+to+the+moon+leichth%C3%A4ngematte&#038;linkCode=ll1&#038;tag=wwwtraveldude-21&#038;linkId=350643ab53d43d0fa9999e0f8e71cd05\" target=\"_blank\"><\/p>\n<div class=\"amazon-button\" style=\"text-align: center;\">\u21d2 Direkt bei Amazon bestellen.<\/div>\n<p><\/a><\/p>\n","protected":false},"featured_media":52,"comment_status":"open","ping_status":"closed","template":"","meta":[],"product_brand":[],"product_cat":[3818],"product_tag":[],"class_list":{"0":"post-51","1":"product","2":"type-product","3":"status-publish","4":"has-post-thumbnail","6":"product_cat-unkategorisiert","8":"first","9":"instock","10":"shipping-taxable","11":"product-type-external"},"yoast_head":"<!-- This site is optimized with the Yoast SEO plugin v26.2 - https:\/\/yoast.com\/wordpress\/plugins\/seo\/ -->\n<title>Leichth\u00e4ngematte f\u00fcr unterwegs (KingSize) von Ticket to the Moon &#8211; Reiseshop Travel-du.de<\/title>\n<meta name=\"robots\" content=\"index, follow, max-snippet:-1, max-image-preview:large, max-video-preview:-1\" \/>\n<link rel=\"canonical\" href=\"https:\/\/travel-du.de\/reiseshop\/produkt\/outdoor-reise-haengematte-unterwegs\/\" \/>\n<meta property=\"og:locale\" content=\"de_DE\" \/>\n<meta property=\"og:type\" content=\"article\" \/>\n<meta property=\"og:title\" content=\"Leichth\u00e4ngematte f\u00fcr unterwegs (KingSize) von Ticket to the Moon &#8211; Reiseshop Travel-du.de\" \/>\n<meta property=\"og:description\" content=\"H\u00f6rt auf im Zelt oder gar im unbequemen Auto zu schlafen. Wenn das Wetter gut ist, gibt es nichts besseres als eine Reise-H\u00e4ngematte: super bequem und aufgrund ihres geringen Gewichtes dazu auch noch leicht zu verstauen\u00a0\u2013 einfach mal Abh\u00e4ngen im Freien und dazu den Sternenhimmel beobachten. Perfekt f\u00fcrs Camping, auf Festivals, Wochenendausfl\u00fcgen und sogar auf Roadtrips in warmen L\u00e4ndern.  Die Ticket to the Moon H\u00e4ngematten sind aus Fallschirmseide und angenehm weich auf der Haut sowie atmungsaktiv. Ihr braucht nur 2 B\u00e4ume oder Stangen und schon ist der Schlafplatz f\u00fcr die Nacht fertig. Und sollte es mal regnen? Auch kein Problem. Das Material trocknet rasch und beh\u00e4lt lange seine kr\u00e4ftigen Farben.  Zum unkomplizierten Aufh\u00e4ngen ben\u00f6tigst du ein extra Aufh\u00e4ngeset.  \u21d2 Direkt bei Amazon bestellen.\" \/>\n<meta property=\"og:url\" content=\"https:\/\/travel-du.de\/reiseshop\/produkt\/outdoor-reise-haengematte-unterwegs\/\" \/>\n<meta property=\"og:site_name\" content=\"Reiseshop Travel-du.de\" \/>\n<meta property=\"article:modified_time\" content=\"2018-04-28T10:28:33+00:00\" \/>\n<meta property=\"og:image\" content=\"https:\/\/images-na.ssl-images-amazon.com\/images\/I\/41rLS0ffi1L.jpg\" \/>\n\t<meta property=\"og:image:width\" content=\"500\" \/>\n\t<meta property=\"og:image:height\" content=\"333\" \/>\n\t<meta property=\"og:image:type\" content=\"image\/jpeg\" \/>\n<meta name=\"twitter:card\" content=\"summary_large_image\" \/>\n<meta name=\"twitter:label1\" content=\"Gesch\u00e4tzte Lesezeit\" \/>\n\t<meta name=\"twitter:data1\" content=\"1\u00a0Minute\" \/>\n<script type=\"application\/ld+json\" class=\"yoast-schema-graph\">{\"@context\":\"https:\/\/schema.org\",\"@graph\":[{\"@type\":\"WebPage\",\"@id\":\"https:\/\/travel-du.de\/reiseshop\/produkt\/reisehaengematte-ticket-to-the-moon-leicht\/\",\"url\":\"https:\/\/travel-du.de\/reiseshop\/produkt\/outdoor-reise-haengematte-unterwegs\/\",\"name\":\"Leichth\u00e4ngematte f\u00fcr unterwegs (KingSize) von Ticket to the Moon &#8211; Reiseshop Travel-du.de\",\"isPartOf\":{\"@id\":\"https:\/\/travel-du.de\/reiseshop\/#website\"},\"primaryImageOfPage\":{\"@id\":\"https:\/\/travel-du.de\/reiseshop\/produkt\/outdoor-reise-haengematte-unterwegs\/#primaryimage\"},\"image\":{\"@id\":\"https:\/\/travel-du.de\/reiseshop\/produkt\/outdoor-reise-haengematte-unterwegs\/#primaryimage\"},\"thumbnailUrl\":\"https:\/\/images-na.ssl-images-amazon.com\/images\/I\/41rLS0ffi1L.jpg\",\"datePublished\":\"2016-12-11T22:53:26+00:00\",\"dateModified\":\"2018-04-28T10:28:33+00:00\",\"breadcrumb\":{\"@id\":\"https:\/\/travel-du.de\/reiseshop\/produkt\/outdoor-reise-haengematte-unterwegs\/#breadcrumb\"},\"inLanguage\":\"de\",\"potentialAction\":[{\"@type\":\"ReadAction\",\"target\":[\"https:\/\/travel-du.de\/reiseshop\/produkt\/outdoor-reise-haengematte-unterwegs\/\"]}]},{\"@type\":\"ImageObject\",\"inLanguage\":\"de\",\"@id\":\"https:\/\/travel-du.de\/reiseshop\/produkt\/outdoor-reise-haengematte-unterwegs\/#primaryimage\",\"url\":\"https:\/\/images-na.ssl-images-amazon.com\/images\/I\/41rLS0ffi1L.jpg\",\"contentUrl\":\"https:\/\/images-na.ssl-images-amazon.com\/images\/I\/41rLS0ffi1L.jpg\",\"width\":500,\"height\":333},{\"@type\":\"BreadcrumbList\",\"@id\":\"https:\/\/travel-du.de\/reiseshop\/produkt\/outdoor-reise-haengematte-unterwegs\/#breadcrumb\",\"itemListElement\":[{\"@type\":\"ListItem\",\"position\":1,\"name\":\"Startseite\",\"item\":\"https:\/\/travel-du.de\/reiseshop\/\"},{\"@type\":\"ListItem\",\"position\":2,\"name\":\"Shop\",\"item\":\"https:\/\/travel-du.de\/reiseshop\/shop\/\"},{\"@type\":\"ListItem\",\"position\":3,\"name\":\"Leichth\u00e4ngematte f\u00fcr unterwegs (KingSize) von Ticket to the Moon\"}]},{\"@type\":\"WebSite\",\"@id\":\"https:\/\/travel-du.de\/reiseshop\/#website\",\"url\":\"https:\/\/travel-du.de\/reiseshop\/\",\"name\":\"Reiseshop Travel-du.de\",\"description\":\"Der Shop f\u00fcr Reisende, Weltenbummler und Abenteurer\",\"potentialAction\":[{\"@type\":\"SearchAction\",\"target\":{\"@type\":\"EntryPoint\",\"urlTemplate\":\"https:\/\/travel-du.de\/reiseshop\/?s={search_term_string}\"},\"query-input\":{\"@type\":\"PropertyValueSpecification\",\"valueRequired\":true,\"valueName\":\"search_term_string\"}}],\"inLanguage\":\"de\"}]}<\/script>\n<!-- \/ Yoast SEO plugin. -->","yoast_head_json":{"title":"Leichth\u00e4ngematte f\u00fcr unterwegs (KingSize) von Ticket to the Moon &#8211; Reiseshop Travel-du.de","robots":{"index":"index","follow":"follow","max-snippet":"max-snippet:-1","max-image-preview":"max-image-preview:large","max-video-preview":"max-video-preview:-1"},"canonical":"https:\/\/travel-du.de\/reiseshop\/produkt\/outdoor-reise-haengematte-unterwegs\/","og_locale":"de_DE","og_type":"article","og_title":"Leichth\u00e4ngematte f\u00fcr unterwegs (KingSize) von Ticket to the Moon &#8211; Reiseshop Travel-du.de","og_description":"H\u00f6rt auf im Zelt oder gar im unbequemen Auto zu schlafen. Wenn das Wetter gut ist, gibt es nichts besseres als eine Reise-H\u00e4ngematte: super bequem und aufgrund ihres geringen Gewichtes dazu auch noch leicht zu verstauen\u00a0\u2013 einfach mal Abh\u00e4ngen im Freien und dazu den Sternenhimmel beobachten. Perfekt f\u00fcrs Camping, auf Festivals, Wochenendausfl\u00fcgen und sogar auf Roadtrips in warmen L\u00e4ndern.  Die Ticket to the Moon H\u00e4ngematten sind aus Fallschirmseide und angenehm weich auf der Haut sowie atmungsaktiv. Ihr braucht nur 2 B\u00e4ume oder Stangen und schon ist der Schlafplatz f\u00fcr die Nacht fertig. Und sollte es mal regnen? Auch kein Problem. Das Material trocknet rasch und beh\u00e4lt lange seine kr\u00e4ftigen Farben.  Zum unkomplizierten Aufh\u00e4ngen ben\u00f6tigst du ein extra Aufh\u00e4ngeset.  \u21d2 Direkt bei Amazon bestellen.","og_url":"https:\/\/travel-du.de\/reiseshop\/produkt\/outdoor-reise-haengematte-unterwegs\/","og_site_name":"Reiseshop Travel-du.de","article_modified_time":"2018-04-28T10:28:33+00:00","og_image":[{"width":500,"height":333,"url":"https:\/\/images-na.ssl-images-amazon.com\/images\/I\/41rLS0ffi1L.jpg","type":"image\/jpeg"}],"twitter_card":"summary_large_image","twitter_misc":{"Gesch\u00e4tzte Lesezeit":"1\u00a0Minute"},"schema":{"@context":"https:\/\/schema.org","@graph":[{"@type":"WebPage","@id":"https:\/\/travel-du.de\/reiseshop\/produkt\/reisehaengematte-ticket-to-the-moon-leicht\/","url":"https:\/\/travel-du.de\/reiseshop\/produkt\/outdoor-reise-haengematte-unterwegs\/","name":"Leichth\u00e4ngematte f\u00fcr unterwegs (KingSize) von Ticket to the Moon &#8211; Reiseshop Travel-du.de","isPartOf":{"@id":"https:\/\/travel-du.de\/reiseshop\/#website"},"primaryImageOfPage":{"@id":"https:\/\/travel-du.de\/reiseshop\/produkt\/outdoor-reise-haengematte-unterwegs\/#primaryimage"},"image":{"@id":"https:\/\/travel-du.de\/reiseshop\/produkt\/outdoor-reise-haengematte-unterwegs\/#primaryimage"},"thumbnailUrl":"https:\/\/images-na.ssl-images-amazon.com\/images\/I\/41rLS0ffi1L.jpg","datePublished":"2016-12-11T22:53:26+00:00","dateModified":"2018-04-28T10:28:33+00:00","breadcrumb":{"@id":"https:\/\/travel-du.de\/reiseshop\/produkt\/outdoor-reise-haengematte-unterwegs\/#breadcrumb"},"inLanguage":"de","potentialAction":[{"@type":"ReadAction","target":["https:\/\/travel-du.de\/reiseshop\/produkt\/outdoor-reise-haengematte-unterwegs\/"]}]},{"@type":"ImageObject","inLanguage":"de","@id":"https:\/\/travel-du.de\/reiseshop\/produkt\/outdoor-reise-haengematte-unterwegs\/#primaryimage","url":"https:\/\/images-na.ssl-images-amazon.com\/images\/I\/41rLS0ffi1L.jpg","contentUrl":"https:\/\/images-na.ssl-images-amazon.com\/images\/I\/41rLS0ffi1L.jpg","width":500,"height":333},{"@type":"BreadcrumbList","@id":"https:\/\/travel-du.de\/reiseshop\/produkt\/outdoor-reise-haengematte-unterwegs\/#breadcrumb","itemListElement":[{"@type":"ListItem","position":1,"name":"Startseite","item":"https:\/\/travel-du.de\/reiseshop\/"},{"@type":"ListItem","position":2,"name":"Shop","item":"https:\/\/travel-du.de\/reiseshop\/shop\/"},{"@type":"ListItem","position":3,"name":"Leichth\u00e4ngematte f\u00fcr unterwegs (KingSize) von Ticket to the Moon"}]},{"@type":"WebSite","@id":"https:\/\/travel-du.de\/reiseshop\/#website","url":"https:\/\/travel-du.de\/reiseshop\/","name":"Reiseshop Travel-du.de","description":"Der Shop f\u00fcr Reisende, Weltenbummler und Abenteurer","potentialAction":[{"@type":"SearchAction","target":{"@type":"EntryPoint","urlTemplate":"https:\/\/travel-du.de\/reiseshop\/?s={search_term_string}"},"query-input":{"@type":"PropertyValueSpecification","valueRequired":true,"valueName":"search_term_string"}}],"inLanguage":"de"}]}},"_links":{"self":[{"href":"https:\/\/travel-du.de\/reiseshop\/wp-json\/wp\/v2\/product\/51","targetHints":{"allow":["GET"]}}],"collection":[{"href":"https:\/\/travel-du.de\/reiseshop\/wp-json\/wp\/v2\/product"}],"about":[{"href":"https:\/\/travel-du.de\/reiseshop\/wp-json\/wp\/v2\/types\/product"}],"replies":[{"embeddable":true,"href":"https:\/\/travel-du.de\/reiseshop\/wp-json\/wp\/v2\/comments?post=51"}],"wp:featuredmedia":[{"embeddable":true,"href":"https:\/\/travel-du.de\/reiseshop\/wp-json\/wp\/v2\/media\/52"}],"wp:attachment":[{"href":"https:\/\/travel-du.de\/reiseshop\/wp-json\/wp\/v2\/media?parent=51"}],"wp:term":[{"taxonomy":"product_brand","embeddable":true,"href":"https:\/\/travel-du.de\/reiseshop\/wp-json\/wp\/v2\/product_brand?post=51"},{"taxonomy":"product_cat","embeddable":true,"href":"https:\/\/travel-du.de\/reiseshop\/wp-json\/wp\/v2\/product_cat?post=51"},{"taxonomy":"product_tag","embeddable":true,"href":"https:\/\/travel-du.de\/reiseshop\/wp-json\/wp\/v2\/product_tag?post=51"}],"curies":[{"name":"wp","href":"https:\/\/api.w.org\/{rel}","templated":true}]}}