{"id":5096,"date":"2025-06-30T21:17:40","date_gmt":"2025-06-30T19:17:40","guid":{"rendered":"https:\/\/travel-du.de\/reiseshop\/produkt\/malaga-andalusien-spanien-kuehlschrankmagnet-reise-souvenir-geschenk-zuhause-kueche-kuehlschrank-dekoration-magnetaufkleber-craft-collection\/"},"modified":"2025-06-30T21:17:45","modified_gmt":"2025-06-30T19:17:45","slug":"malaga-andalusien-spanien-kuehlschrankmagnet-reise-souvenir-geschenk-zuhause-kueche-kuehlschrank-dekoration-magnetaufkleber-craft-collection","status":"publish","type":"product","link":"https:\/\/travel-du.de\/reiseshop\/produkt\/malaga-andalusien-spanien-kuehlschrankmagnet-reise-souvenir-geschenk-zuhause-kueche-kuehlschrank-dekoration-magnetaufkleber-craft-collection\/","title":{"rendered":"Malaga Andalusien Spanien K\u00fchlschrankmagnet Reise-Souvenir Geschenk Zuhause K\u00fcche K\u00fchlschrank Dekoration Magnetaufkleber Craft Collection"},"content":{"rendered":"<p>3D Malaga Andalusien Spanien Ged\u00e4chtnis K\u00fchlschrankmagnet<br \/>\nGr\u00f6\u00dfe: 9 x 3,3 cm; Material: Harz und Magnet<br \/>\nSinnvoll stattdessen Eisen oder jede magnetische Oberfl\u00e4che, nicht allerdings stattdessen den K\u00fchlschrank, verwenden Sie es, um Zuhause und B\u00fcro zu dekorieren, das Restaurant ist sonderlich stimmungsvoll und denkw\u00fcrdig<br \/>\nEs ist aufgebraucht Polyresin gefertigt, so dass es Diverses Jahre verwendet werden kann und das Produkt qua das echte Produkt aussehen l\u00e4sst<br \/>\nBitte nicht von hohen Stellen abst\u00fcrzen lassen oder das Produkt werfen, da dies zu Sch\u00e4den am Produkt verwalten kann<br \/>\n<div class=\"main-cross-sell\" data-asin=\"B087WQR29X\">\n\n\t<div class=\"WooZone-cross-sell-loader\">\n\t\t<div>\n\t\t\t<div id=\"floatingBarsG\">\n\t\t\t\t<div class=\"blockG\" id=\"rotateG_01\"><\/div>\n\t\t\t\t<div class=\"blockG\" id=\"rotateG_02\"><\/div>\n\t\t\t\t<div class=\"blockG\" id=\"rotateG_03\"><\/div>\n\t\t\t\t<div class=\"blockG\" id=\"rotateG_04\"><\/div>\n\t\t\t\t<div class=\"blockG\" id=\"rotateG_05\"><\/div>\n\t\t\t\t<div class=\"blockG\" id=\"rotateG_06\"><\/div>\n\t\t\t\t<div class=\"blockG\" id=\"rotateG_07\"><\/div>\n\t\t\t\t<div class=\"blockG\" id=\"rotateG_08\"><\/div>\n\t\t\t<\/div>\n\t\t\t<div class=\"WooZone-cross-sell-loader-text\"><\/div>\n\t\t<\/div>\n\t<\/div>\n\n\t\t\n<\/div>\n<div style=\"clear:both;\"><\/div><\/p>\n","protected":false},"excerpt":{"rendered":"<p>3D Malaga Andalusien Spanien Souvenir K\u00fchlschrankmagnet<br \/>\nGr\u00f6\u00dfe: 9 x 3,3 cm; Material: Harz und Magnet<br \/>\nGeeignet f\u00fcr Eisen oder jede magnetische Oberfl\u00e4che, nicht nur f\u00fcr den K\u00fchlschrank, verwenden Sie es, um Zuhause und B\u00fcro zu dekorieren, das Restaurant ist sehr stimmungsvoll und denkw\u00fcrdig<\/p>\n","protected":false},"featured_media":5097,"comment_status":"closed","ping_status":"closed","template":"","meta":[],"product_brand":[],"product_cat":[120,3840],"product_tag":[],"class_list":{"0":"post-5096","1":"product","2":"type-product","3":"status-publish","4":"has-post-thumbnail","6":"product_cat-reise-geschenke","7":"product_cat-andalusien-geschenke","9":"first","10":"instock","11":"shipping-taxable","12":"product-type-external"},"yoast_head":"<!-- This site is optimized with the Yoast SEO plugin v26.2 - https:\/\/yoast.com\/wordpress\/plugins\/seo\/ -->\n<title>Malaga Andalusien Spanien K\u00fchlschrankmagnet Reise-Souvenir Geschenk Zuhause K\u00fcche K\u00fchlschrank Dekoration Magnetaufkleber Craft Collection &#8211; Reiseshop Travel-du.de<\/title>\n<meta name=\"robots\" content=\"index, follow, max-snippet:-1, max-image-preview:large, max-video-preview:-1\" \/>\n<link rel=\"canonical\" href=\"https:\/\/travel-du.de\/reiseshop\/produkt\/malaga-andalusien-spanien-kuehlschrankmagnet-reise-souvenir-geschenk-zuhause-kueche-kuehlschrank-dekoration-magnetaufkleber-craft-collection\/\" \/>\n<meta property=\"og:locale\" content=\"de_DE\" \/>\n<meta property=\"og:type\" content=\"article\" \/>\n<meta property=\"og:title\" content=\"Malaga Andalusien Spanien K\u00fchlschrankmagnet Reise-Souvenir Geschenk Zuhause K\u00fcche K\u00fchlschrank Dekoration Magnetaufkleber Craft Collection &#8211; Reiseshop Travel-du.de\" \/>\n<meta property=\"og:description\" content=\"3D Malaga Andalusien Spanien Souvenir K\u00fchlschrankmagnet Gr\u00f6\u00dfe: 9 x 3,3 cm; Material: Harz und Magnet Geeignet f\u00fcr Eisen oder jede magnetische Oberfl\u00e4che, nicht nur f\u00fcr den K\u00fchlschrank, verwenden Sie es, um Zuhause und B\u00fcro zu dekorieren, das Restaurant ist sehr stimmungsvoll und denkw\u00fcrdig\" \/>\n<meta property=\"og:url\" content=\"https:\/\/travel-du.de\/reiseshop\/produkt\/malaga-andalusien-spanien-kuehlschrankmagnet-reise-souvenir-geschenk-zuhause-kueche-kuehlschrank-dekoration-magnetaufkleber-craft-collection\/\" \/>\n<meta property=\"og:site_name\" content=\"Reiseshop Travel-du.de\" \/>\n<meta property=\"article:modified_time\" content=\"2025-06-30T19:17:45+00:00\" \/>\n<meta name=\"twitter:card\" content=\"summary_large_image\" \/>\n<meta name=\"twitter:label1\" content=\"Gesch\u00e4tzte Lesezeit\" \/>\n\t<meta name=\"twitter:data1\" content=\"1\u00a0Minute\" \/>\n<script type=\"application\/ld+json\" class=\"yoast-schema-graph\">{\"@context\":\"https:\/\/schema.org\",\"@graph\":[{\"@type\":\"WebPage\",\"@id\":\"https:\/\/travel-du.de\/reiseshop\/produkt\/malaga-andalusien-spanien-kuehlschrankmagnet-reise-souvenir-geschenk-zuhause-kueche-kuehlschrank-dekoration-magnetaufkleber-craft-collection\/\",\"url\":\"https:\/\/travel-du.de\/reiseshop\/produkt\/malaga-andalusien-spanien-kuehlschrankmagnet-reise-souvenir-geschenk-zuhause-kueche-kuehlschrank-dekoration-magnetaufkleber-craft-collection\/\",\"name\":\"Malaga Andalusien Spanien K\u00fchlschrankmagnet Reise-Souvenir Geschenk Zuhause K\u00fcche K\u00fchlschrank Dekoration Magnetaufkleber Craft Collection &#8211; Reiseshop Travel-du.de\",\"isPartOf\":{\"@id\":\"https:\/\/travel-du.de\/reiseshop\/#website\"},\"primaryImageOfPage\":{\"@id\":\"https:\/\/travel-du.de\/reiseshop\/produkt\/malaga-andalusien-spanien-kuehlschrankmagnet-reise-souvenir-geschenk-zuhause-kueche-kuehlschrank-dekoration-magnetaufkleber-craft-collection\/#primaryimage\"},\"image\":{\"@id\":\"https:\/\/travel-du.de\/reiseshop\/produkt\/malaga-andalusien-spanien-kuehlschrankmagnet-reise-souvenir-geschenk-zuhause-kueche-kuehlschrank-dekoration-magnetaufkleber-craft-collection\/#primaryimage\"},\"thumbnailUrl\":\"https:\/\/travel-du.de\/reiseshop\/wp-content\/uploads\/2025\/06\/Malaga-Andalusien-Spanien-Kuehlschrankmagnet-Reise-Souvenir-Geschenk-Zuhause-Kueche-Kuehlschrank-Dekoration-Magnetaufkleber-Craft-Collection-0.jpg\",\"datePublished\":\"2025-06-30T19:17:40+00:00\",\"dateModified\":\"2025-06-30T19:17:45+00:00\",\"breadcrumb\":{\"@id\":\"https:\/\/travel-du.de\/reiseshop\/produkt\/malaga-andalusien-spanien-kuehlschrankmagnet-reise-souvenir-geschenk-zuhause-kueche-kuehlschrank-dekoration-magnetaufkleber-craft-collection\/#breadcrumb\"},\"inLanguage\":\"de\",\"potentialAction\":[{\"@type\":\"ReadAction\",\"target\":[\"https:\/\/travel-du.de\/reiseshop\/produkt\/malaga-andalusien-spanien-kuehlschrankmagnet-reise-souvenir-geschenk-zuhause-kueche-kuehlschrank-dekoration-magnetaufkleber-craft-collection\/\"]}]},{\"@type\":\"ImageObject\",\"inLanguage\":\"de\",\"@id\":\"https:\/\/travel-du.de\/reiseshop\/produkt\/malaga-andalusien-spanien-kuehlschrankmagnet-reise-souvenir-geschenk-zuhause-kueche-kuehlschrank-dekoration-magnetaufkleber-craft-collection\/#primaryimage\",\"url\":\"https:\/\/travel-du.de\/reiseshop\/wp-content\/uploads\/2025\/06\/Malaga-Andalusien-Spanien-Kuehlschrankmagnet-Reise-Souvenir-Geschenk-Zuhause-Kueche-Kuehlschrank-Dekoration-Magnetaufkleber-Craft-Collection-0.jpg\",\"contentUrl\":\"https:\/\/travel-du.de\/reiseshop\/wp-content\/uploads\/2025\/06\/Malaga-Andalusien-Spanien-Kuehlschrankmagnet-Reise-Souvenir-Geschenk-Zuhause-Kueche-Kuehlschrank-Dekoration-Magnetaufkleber-Craft-Collection-0.jpg\",\"width\":500,\"height\":257},{\"@type\":\"BreadcrumbList\",\"@id\":\"https:\/\/travel-du.de\/reiseshop\/produkt\/malaga-andalusien-spanien-kuehlschrankmagnet-reise-souvenir-geschenk-zuhause-kueche-kuehlschrank-dekoration-magnetaufkleber-craft-collection\/#breadcrumb\",\"itemListElement\":[{\"@type\":\"ListItem\",\"position\":1,\"name\":\"Startseite\",\"item\":\"https:\/\/travel-du.de\/reiseshop\/\"},{\"@type\":\"ListItem\",\"position\":2,\"name\":\"Shop\",\"item\":\"https:\/\/travel-du.de\/reiseshop\/shop\/\"},{\"@type\":\"ListItem\",\"position\":3,\"name\":\"Malaga Andalusien Spanien K\u00fchlschrankmagnet Reise-Souvenir Geschenk Zuhause K\u00fcche K\u00fchlschrank Dekoration Magnetaufkleber Craft Collection\"}]},{\"@type\":\"WebSite\",\"@id\":\"https:\/\/travel-du.de\/reiseshop\/#website\",\"url\":\"https:\/\/travel-du.de\/reiseshop\/\",\"name\":\"Reiseshop Travel-du.de\",\"description\":\"Der Shop f\u00fcr Reisende, Weltenbummler und Abenteurer\",\"potentialAction\":[{\"@type\":\"SearchAction\",\"target\":{\"@type\":\"EntryPoint\",\"urlTemplate\":\"https:\/\/travel-du.de\/reiseshop\/?s={search_term_string}\"},\"query-input\":{\"@type\":\"PropertyValueSpecification\",\"valueRequired\":true,\"valueName\":\"search_term_string\"}}],\"inLanguage\":\"de\"}]}<\/script>\n<!-- \/ Yoast SEO plugin. -->","yoast_head_json":{"title":"Malaga Andalusien Spanien K\u00fchlschrankmagnet Reise-Souvenir Geschenk Zuhause K\u00fcche K\u00fchlschrank Dekoration Magnetaufkleber Craft Collection &#8211; Reiseshop Travel-du.de","robots":{"index":"index","follow":"follow","max-snippet":"max-snippet:-1","max-image-preview":"max-image-preview:large","max-video-preview":"max-video-preview:-1"},"canonical":"https:\/\/travel-du.de\/reiseshop\/produkt\/malaga-andalusien-spanien-kuehlschrankmagnet-reise-souvenir-geschenk-zuhause-kueche-kuehlschrank-dekoration-magnetaufkleber-craft-collection\/","og_locale":"de_DE","og_type":"article","og_title":"Malaga Andalusien Spanien K\u00fchlschrankmagnet Reise-Souvenir Geschenk Zuhause K\u00fcche K\u00fchlschrank Dekoration Magnetaufkleber Craft Collection &#8211; Reiseshop Travel-du.de","og_description":"3D Malaga Andalusien Spanien Souvenir K\u00fchlschrankmagnet Gr\u00f6\u00dfe: 9 x 3,3 cm; Material: Harz und Magnet Geeignet f\u00fcr Eisen oder jede magnetische Oberfl\u00e4che, nicht nur f\u00fcr den K\u00fchlschrank, verwenden Sie es, um Zuhause und B\u00fcro zu dekorieren, das Restaurant ist sehr stimmungsvoll und denkw\u00fcrdig","og_url":"https:\/\/travel-du.de\/reiseshop\/produkt\/malaga-andalusien-spanien-kuehlschrankmagnet-reise-souvenir-geschenk-zuhause-kueche-kuehlschrank-dekoration-magnetaufkleber-craft-collection\/","og_site_name":"Reiseshop Travel-du.de","article_modified_time":"2025-06-30T19:17:45+00:00","twitter_card":"summary_large_image","twitter_misc":{"Gesch\u00e4tzte Lesezeit":"1\u00a0Minute"},"schema":{"@context":"https:\/\/schema.org","@graph":[{"@type":"WebPage","@id":"https:\/\/travel-du.de\/reiseshop\/produkt\/malaga-andalusien-spanien-kuehlschrankmagnet-reise-souvenir-geschenk-zuhause-kueche-kuehlschrank-dekoration-magnetaufkleber-craft-collection\/","url":"https:\/\/travel-du.de\/reiseshop\/produkt\/malaga-andalusien-spanien-kuehlschrankmagnet-reise-souvenir-geschenk-zuhause-kueche-kuehlschrank-dekoration-magnetaufkleber-craft-collection\/","name":"Malaga Andalusien Spanien K\u00fchlschrankmagnet Reise-Souvenir Geschenk Zuhause K\u00fcche K\u00fchlschrank Dekoration Magnetaufkleber Craft Collection &#8211; Reiseshop Travel-du.de","isPartOf":{"@id":"https:\/\/travel-du.de\/reiseshop\/#website"},"primaryImageOfPage":{"@id":"https:\/\/travel-du.de\/reiseshop\/produkt\/malaga-andalusien-spanien-kuehlschrankmagnet-reise-souvenir-geschenk-zuhause-kueche-kuehlschrank-dekoration-magnetaufkleber-craft-collection\/#primaryimage"},"image":{"@id":"https:\/\/travel-du.de\/reiseshop\/produkt\/malaga-andalusien-spanien-kuehlschrankmagnet-reise-souvenir-geschenk-zuhause-kueche-kuehlschrank-dekoration-magnetaufkleber-craft-collection\/#primaryimage"},"thumbnailUrl":"https:\/\/travel-du.de\/reiseshop\/wp-content\/uploads\/2025\/06\/Malaga-Andalusien-Spanien-Kuehlschrankmagnet-Reise-Souvenir-Geschenk-Zuhause-Kueche-Kuehlschrank-Dekoration-Magnetaufkleber-Craft-Collection-0.jpg","datePublished":"2025-06-30T19:17:40+00:00","dateModified":"2025-06-30T19:17:45+00:00","breadcrumb":{"@id":"https:\/\/travel-du.de\/reiseshop\/produkt\/malaga-andalusien-spanien-kuehlschrankmagnet-reise-souvenir-geschenk-zuhause-kueche-kuehlschrank-dekoration-magnetaufkleber-craft-collection\/#breadcrumb"},"inLanguage":"de","potentialAction":[{"@type":"ReadAction","target":["https:\/\/travel-du.de\/reiseshop\/produkt\/malaga-andalusien-spanien-kuehlschrankmagnet-reise-souvenir-geschenk-zuhause-kueche-kuehlschrank-dekoration-magnetaufkleber-craft-collection\/"]}]},{"@type":"ImageObject","inLanguage":"de","@id":"https:\/\/travel-du.de\/reiseshop\/produkt\/malaga-andalusien-spanien-kuehlschrankmagnet-reise-souvenir-geschenk-zuhause-kueche-kuehlschrank-dekoration-magnetaufkleber-craft-collection\/#primaryimage","url":"https:\/\/travel-du.de\/reiseshop\/wp-content\/uploads\/2025\/06\/Malaga-Andalusien-Spanien-Kuehlschrankmagnet-Reise-Souvenir-Geschenk-Zuhause-Kueche-Kuehlschrank-Dekoration-Magnetaufkleber-Craft-Collection-0.jpg","contentUrl":"https:\/\/travel-du.de\/reiseshop\/wp-content\/uploads\/2025\/06\/Malaga-Andalusien-Spanien-Kuehlschrankmagnet-Reise-Souvenir-Geschenk-Zuhause-Kueche-Kuehlschrank-Dekoration-Magnetaufkleber-Craft-Collection-0.jpg","width":500,"height":257},{"@type":"BreadcrumbList","@id":"https:\/\/travel-du.de\/reiseshop\/produkt\/malaga-andalusien-spanien-kuehlschrankmagnet-reise-souvenir-geschenk-zuhause-kueche-kuehlschrank-dekoration-magnetaufkleber-craft-collection\/#breadcrumb","itemListElement":[{"@type":"ListItem","position":1,"name":"Startseite","item":"https:\/\/travel-du.de\/reiseshop\/"},{"@type":"ListItem","position":2,"name":"Shop","item":"https:\/\/travel-du.de\/reiseshop\/shop\/"},{"@type":"ListItem","position":3,"name":"Malaga Andalusien Spanien K\u00fchlschrankmagnet Reise-Souvenir Geschenk Zuhause K\u00fcche K\u00fchlschrank Dekoration Magnetaufkleber Craft Collection"}]},{"@type":"WebSite","@id":"https:\/\/travel-du.de\/reiseshop\/#website","url":"https:\/\/travel-du.de\/reiseshop\/","name":"Reiseshop Travel-du.de","description":"Der Shop f\u00fcr Reisende, Weltenbummler und Abenteurer","potentialAction":[{"@type":"SearchAction","target":{"@type":"EntryPoint","urlTemplate":"https:\/\/travel-du.de\/reiseshop\/?s={search_term_string}"},"query-input":{"@type":"PropertyValueSpecification","valueRequired":true,"valueName":"search_term_string"}}],"inLanguage":"de"}]}},"_links":{"self":[{"href":"https:\/\/travel-du.de\/reiseshop\/wp-json\/wp\/v2\/product\/5096","targetHints":{"allow":["GET"]}}],"collection":[{"href":"https:\/\/travel-du.de\/reiseshop\/wp-json\/wp\/v2\/product"}],"about":[{"href":"https:\/\/travel-du.de\/reiseshop\/wp-json\/wp\/v2\/types\/product"}],"replies":[{"embeddable":true,"href":"https:\/\/travel-du.de\/reiseshop\/wp-json\/wp\/v2\/comments?post=5096"}],"wp:featuredmedia":[{"embeddable":true,"href":"https:\/\/travel-du.de\/reiseshop\/wp-json\/wp\/v2\/media\/5097"}],"wp:attachment":[{"href":"https:\/\/travel-du.de\/reiseshop\/wp-json\/wp\/v2\/media?parent=5096"}],"wp:term":[{"taxonomy":"product_brand","embeddable":true,"href":"https:\/\/travel-du.de\/reiseshop\/wp-json\/wp\/v2\/product_brand?post=5096"},{"taxonomy":"product_cat","embeddable":true,"href":"https:\/\/travel-du.de\/reiseshop\/wp-json\/wp\/v2\/product_cat?post=5096"},{"taxonomy":"product_tag","embeddable":true,"href":"https:\/\/travel-du.de\/reiseshop\/wp-json\/wp\/v2\/product_tag?post=5096"}],"curies":[{"name":"wp","href":"https:\/\/api.w.org\/{rel}","templated":true}]}}