{"id":5090,"date":"2025-06-30T21:17:11","date_gmt":"2025-06-30T19:17:11","guid":{"rendered":"https:\/\/travel-du.de\/reiseshop\/produkt\/spanien-andalusien-1000-teiliges-puzzle-fuer-erwachsene-und-familien-reise-geschenk-souvenir-aus-holz-30x20-zoll\/"},"modified":"2025-06-30T21:17:16","modified_gmt":"2025-06-30T19:17:16","slug":"spanien-andalusien-1000-teiliges-puzzle-fuer-erwachsene-und-familien-reise-geschenk-souvenir-aus-holz-30x20-zoll","status":"publish","type":"product","link":"https:\/\/travel-du.de\/reiseshop\/produkt\/spanien-andalusien-1000-teiliges-puzzle-fuer-erwachsene-und-familien-reise-geschenk-souvenir-aus-holz-30x20-zoll\/","title":{"rendered":"Spanien Andalusien 1000 Teiliges Puzzle f\u00fcr Erwachsene und Familien Reise Geschenk Souvenir aus Holz 30&#215;20 Zoll"},"content":{"rendered":"<p>Spanien Andalusien Puzzles f\u00fcr Erwachsene 1000 Unvollendetes.<br \/>\nEnth\u00e4lt 1000 Puzzleteile und ein Poster. Fertige Gr\u00f6\u00dfe: 75 * 50 cm (30 x 20 Steuer). Hergestellt nicht mehr da hochwertigem Holz, ungiftig. Empfohlen f\u00fcr Kinder ab 12 Jahren.<br \/>\nP\u00e4dagogisches Dekompressionsspielzeug. Es ist eine gute Votum f\u00fcr Home Darbietung. Bitte ber\u00fccksichtigen Sie, dass unser Puzzle keinen Bilderrahmen enth\u00e4lt. Wenn Sie das Puzzle aufh\u00e4ngen m\u00f6chten, m\u00fcssen Sie selbst einen anderen Bilderrahmen kaufen.<br \/>\nEs wurde mit &#8222;Perfect Fit-Technologie&#8220; entwickelt, was bedeutet, dass Sie enorm leicht unterscheiden k\u00f6nnen, ob das Unvollendetes passt oder nicht. Die Oberfl\u00e4che des Puzzles ist mit nicht verblassend, ungiftig und umweltfreundlich beschichtet, sodass Sie sich ohne Sorgen belustigen k\u00f6nnen.<br \/>\nWir hoffen, Sie genie\u00dfen die Zeit mit unserem 1000-teiligen Puzzle. Wenn ein Unvollendetes fehlt, kontaktieren Sie uns bitte und ein Ersatz wird bereitgestellt. Wir sind allzeit davon \u00fcberzeugt, dass die Kundenzufriedenheit auf der Priorit\u00e4tenliste ebenso hoch ist.<br \/>\n<div class=\"main-cross-sell\" data-asin=\"B08TJ5HP2C\">\n\n\t<div class=\"WooZone-cross-sell-loader\">\n\t\t<div>\n\t\t\t<div id=\"floatingBarsG\">\n\t\t\t\t<div class=\"blockG\" id=\"rotateG_01\"><\/div>\n\t\t\t\t<div class=\"blockG\" id=\"rotateG_02\"><\/div>\n\t\t\t\t<div class=\"blockG\" id=\"rotateG_03\"><\/div>\n\t\t\t\t<div class=\"blockG\" id=\"rotateG_04\"><\/div>\n\t\t\t\t<div class=\"blockG\" id=\"rotateG_05\"><\/div>\n\t\t\t\t<div class=\"blockG\" id=\"rotateG_06\"><\/div>\n\t\t\t\t<div class=\"blockG\" id=\"rotateG_07\"><\/div>\n\t\t\t\t<div class=\"blockG\" id=\"rotateG_08\"><\/div>\n\t\t\t<\/div>\n\t\t\t<div class=\"WooZone-cross-sell-loader-text\"><\/div>\n\t\t<\/div>\n\t<\/div>\n\n\t\t\n<\/div>\n<div style=\"clear:both;\"><\/div><\/p>\n","protected":false},"excerpt":{"rendered":"<p>Spanien Andalusien Puzzles f\u00fcr Erwachsene 1000 St\u00fcck.<br \/>\nEnth\u00e4lt 1000 Puzzleteile und ein Poster. Fertige Gr\u00f6\u00dfe: 75 * 50 cm (30 x 20 Zoll). Hergestellt aus hochwertigem Holz, ungiftig. Empfohlen f\u00fcr Kinder ab 12 Jahren.<br \/>\nP\u00e4dagogisches Dekompressionsspielzeug. Es ist eine gute Wahl f\u00fcr Home Entertainment. Bitte beachten Sie, dass unser Puzzle keinen Bilderrahmen enth\u00e4lt. Wenn Sie das Puzzle aufh\u00e4ngen m\u00f6chten, m\u00fcssen Sie selbst einen anderen Bilderrahmen kaufen.<\/p>\n","protected":false},"featured_media":5091,"comment_status":"closed","ping_status":"closed","template":"","meta":[],"product_brand":[],"product_cat":[120,3840],"product_tag":[],"class_list":{"0":"post-5090","1":"product","2":"type-product","3":"status-publish","4":"has-post-thumbnail","6":"product_cat-reise-geschenke","7":"product_cat-andalusien-geschenke","9":"first","10":"instock","11":"shipping-taxable","12":"product-type-external"},"yoast_head":"<!-- This site is optimized with the Yoast SEO plugin v26.2 - https:\/\/yoast.com\/wordpress\/plugins\/seo\/ -->\n<title>Spanien Andalusien 1000 Teiliges Puzzle f\u00fcr Erwachsene und Familien Reise Geschenk Souvenir aus Holz 30x20 Zoll &#8211; Reiseshop Travel-du.de<\/title>\n<meta name=\"robots\" content=\"index, follow, max-snippet:-1, max-image-preview:large, max-video-preview:-1\" \/>\n<link rel=\"canonical\" href=\"https:\/\/travel-du.de\/reiseshop\/produkt\/spanien-andalusien-1000-teiliges-puzzle-fuer-erwachsene-und-familien-reise-geschenk-souvenir-aus-holz-30x20-zoll\/\" \/>\n<meta property=\"og:locale\" content=\"de_DE\" \/>\n<meta property=\"og:type\" content=\"article\" \/>\n<meta property=\"og:title\" content=\"Spanien Andalusien 1000 Teiliges Puzzle f\u00fcr Erwachsene und Familien Reise Geschenk Souvenir aus Holz 30x20 Zoll &#8211; Reiseshop Travel-du.de\" \/>\n<meta property=\"og:description\" content=\"Spanien Andalusien Puzzles f\u00fcr Erwachsene 1000 St\u00fcck. Enth\u00e4lt 1000 Puzzleteile und ein Poster. Fertige Gr\u00f6\u00dfe: 75 * 50 cm (30 x 20 Zoll). Hergestellt aus hochwertigem Holz, ungiftig. Empfohlen f\u00fcr Kinder ab 12 Jahren. P\u00e4dagogisches Dekompressionsspielzeug. Es ist eine gute Wahl f\u00fcr Home Entertainment. Bitte beachten Sie, dass unser Puzzle keinen Bilderrahmen enth\u00e4lt. Wenn Sie das Puzzle aufh\u00e4ngen m\u00f6chten, m\u00fcssen Sie selbst einen anderen Bilderrahmen kaufen.\" \/>\n<meta property=\"og:url\" content=\"https:\/\/travel-du.de\/reiseshop\/produkt\/spanien-andalusien-1000-teiliges-puzzle-fuer-erwachsene-und-familien-reise-geschenk-souvenir-aus-holz-30x20-zoll\/\" \/>\n<meta property=\"og:site_name\" content=\"Reiseshop Travel-du.de\" \/>\n<meta property=\"article:modified_time\" content=\"2025-06-30T19:17:16+00:00\" \/>\n<meta name=\"twitter:card\" content=\"summary_large_image\" \/>\n<meta name=\"twitter:label1\" content=\"Gesch\u00e4tzte Lesezeit\" \/>\n\t<meta name=\"twitter:data1\" content=\"1\u00a0Minute\" \/>\n<script type=\"application\/ld+json\" class=\"yoast-schema-graph\">{\"@context\":\"https:\/\/schema.org\",\"@graph\":[{\"@type\":\"WebPage\",\"@id\":\"https:\/\/travel-du.de\/reiseshop\/produkt\/spanien-andalusien-1000-teiliges-puzzle-fuer-erwachsene-und-familien-reise-geschenk-souvenir-aus-holz-30x20-zoll\/\",\"url\":\"https:\/\/travel-du.de\/reiseshop\/produkt\/spanien-andalusien-1000-teiliges-puzzle-fuer-erwachsene-und-familien-reise-geschenk-souvenir-aus-holz-30x20-zoll\/\",\"name\":\"Spanien Andalusien 1000 Teiliges Puzzle f\u00fcr Erwachsene und Familien Reise Geschenk Souvenir aus Holz 30x20 Zoll &#8211; Reiseshop Travel-du.de\",\"isPartOf\":{\"@id\":\"https:\/\/travel-du.de\/reiseshop\/#website\"},\"primaryImageOfPage\":{\"@id\":\"https:\/\/travel-du.de\/reiseshop\/produkt\/spanien-andalusien-1000-teiliges-puzzle-fuer-erwachsene-und-familien-reise-geschenk-souvenir-aus-holz-30x20-zoll\/#primaryimage\"},\"image\":{\"@id\":\"https:\/\/travel-du.de\/reiseshop\/produkt\/spanien-andalusien-1000-teiliges-puzzle-fuer-erwachsene-und-familien-reise-geschenk-souvenir-aus-holz-30x20-zoll\/#primaryimage\"},\"thumbnailUrl\":\"https:\/\/travel-du.de\/reiseshop\/wp-content\/uploads\/2025\/06\/Spanien-Andalusien-1000-Teiliges-Puzzle-fuer-Erwachsene-und-Familien-Reise-Geschenk-Souvenir-aus-Holz-30x20-Zoll-0.jpg\",\"datePublished\":\"2025-06-30T19:17:11+00:00\",\"dateModified\":\"2025-06-30T19:17:16+00:00\",\"breadcrumb\":{\"@id\":\"https:\/\/travel-du.de\/reiseshop\/produkt\/spanien-andalusien-1000-teiliges-puzzle-fuer-erwachsene-und-familien-reise-geschenk-souvenir-aus-holz-30x20-zoll\/#breadcrumb\"},\"inLanguage\":\"de\",\"potentialAction\":[{\"@type\":\"ReadAction\",\"target\":[\"https:\/\/travel-du.de\/reiseshop\/produkt\/spanien-andalusien-1000-teiliges-puzzle-fuer-erwachsene-und-familien-reise-geschenk-souvenir-aus-holz-30x20-zoll\/\"]}]},{\"@type\":\"ImageObject\",\"inLanguage\":\"de\",\"@id\":\"https:\/\/travel-du.de\/reiseshop\/produkt\/spanien-andalusien-1000-teiliges-puzzle-fuer-erwachsene-und-familien-reise-geschenk-souvenir-aus-holz-30x20-zoll\/#primaryimage\",\"url\":\"https:\/\/travel-du.de\/reiseshop\/wp-content\/uploads\/2025\/06\/Spanien-Andalusien-1000-Teiliges-Puzzle-fuer-Erwachsene-und-Familien-Reise-Geschenk-Souvenir-aus-Holz-30x20-Zoll-0.jpg\",\"contentUrl\":\"https:\/\/travel-du.de\/reiseshop\/wp-content\/uploads\/2025\/06\/Spanien-Andalusien-1000-Teiliges-Puzzle-fuer-Erwachsene-und-Familien-Reise-Geschenk-Souvenir-aus-Holz-30x20-Zoll-0.jpg\",\"width\":500,\"height\":500},{\"@type\":\"BreadcrumbList\",\"@id\":\"https:\/\/travel-du.de\/reiseshop\/produkt\/spanien-andalusien-1000-teiliges-puzzle-fuer-erwachsene-und-familien-reise-geschenk-souvenir-aus-holz-30x20-zoll\/#breadcrumb\",\"itemListElement\":[{\"@type\":\"ListItem\",\"position\":1,\"name\":\"Startseite\",\"item\":\"https:\/\/travel-du.de\/reiseshop\/\"},{\"@type\":\"ListItem\",\"position\":2,\"name\":\"Shop\",\"item\":\"https:\/\/travel-du.de\/reiseshop\/shop\/\"},{\"@type\":\"ListItem\",\"position\":3,\"name\":\"Spanien Andalusien 1000 Teiliges Puzzle f\u00fcr Erwachsene und Familien Reise Geschenk Souvenir aus Holz 30&#215;20 Zoll\"}]},{\"@type\":\"WebSite\",\"@id\":\"https:\/\/travel-du.de\/reiseshop\/#website\",\"url\":\"https:\/\/travel-du.de\/reiseshop\/\",\"name\":\"Reiseshop Travel-du.de\",\"description\":\"Der Shop f\u00fcr Reisende, Weltenbummler und Abenteurer\",\"potentialAction\":[{\"@type\":\"SearchAction\",\"target\":{\"@type\":\"EntryPoint\",\"urlTemplate\":\"https:\/\/travel-du.de\/reiseshop\/?s={search_term_string}\"},\"query-input\":{\"@type\":\"PropertyValueSpecification\",\"valueRequired\":true,\"valueName\":\"search_term_string\"}}],\"inLanguage\":\"de\"}]}<\/script>\n<!-- \/ Yoast SEO plugin. -->","yoast_head_json":{"title":"Spanien Andalusien 1000 Teiliges Puzzle f\u00fcr Erwachsene und Familien Reise Geschenk Souvenir aus Holz 30x20 Zoll &#8211; Reiseshop Travel-du.de","robots":{"index":"index","follow":"follow","max-snippet":"max-snippet:-1","max-image-preview":"max-image-preview:large","max-video-preview":"max-video-preview:-1"},"canonical":"https:\/\/travel-du.de\/reiseshop\/produkt\/spanien-andalusien-1000-teiliges-puzzle-fuer-erwachsene-und-familien-reise-geschenk-souvenir-aus-holz-30x20-zoll\/","og_locale":"de_DE","og_type":"article","og_title":"Spanien Andalusien 1000 Teiliges Puzzle f\u00fcr Erwachsene und Familien Reise Geschenk Souvenir aus Holz 30x20 Zoll &#8211; Reiseshop Travel-du.de","og_description":"Spanien Andalusien Puzzles f\u00fcr Erwachsene 1000 St\u00fcck. Enth\u00e4lt 1000 Puzzleteile und ein Poster. Fertige Gr\u00f6\u00dfe: 75 * 50 cm (30 x 20 Zoll). Hergestellt aus hochwertigem Holz, ungiftig. Empfohlen f\u00fcr Kinder ab 12 Jahren. P\u00e4dagogisches Dekompressionsspielzeug. Es ist eine gute Wahl f\u00fcr Home Entertainment. Bitte beachten Sie, dass unser Puzzle keinen Bilderrahmen enth\u00e4lt. Wenn Sie das Puzzle aufh\u00e4ngen m\u00f6chten, m\u00fcssen Sie selbst einen anderen Bilderrahmen kaufen.","og_url":"https:\/\/travel-du.de\/reiseshop\/produkt\/spanien-andalusien-1000-teiliges-puzzle-fuer-erwachsene-und-familien-reise-geschenk-souvenir-aus-holz-30x20-zoll\/","og_site_name":"Reiseshop Travel-du.de","article_modified_time":"2025-06-30T19:17:16+00:00","twitter_card":"summary_large_image","twitter_misc":{"Gesch\u00e4tzte Lesezeit":"1\u00a0Minute"},"schema":{"@context":"https:\/\/schema.org","@graph":[{"@type":"WebPage","@id":"https:\/\/travel-du.de\/reiseshop\/produkt\/spanien-andalusien-1000-teiliges-puzzle-fuer-erwachsene-und-familien-reise-geschenk-souvenir-aus-holz-30x20-zoll\/","url":"https:\/\/travel-du.de\/reiseshop\/produkt\/spanien-andalusien-1000-teiliges-puzzle-fuer-erwachsene-und-familien-reise-geschenk-souvenir-aus-holz-30x20-zoll\/","name":"Spanien Andalusien 1000 Teiliges Puzzle f\u00fcr Erwachsene und Familien Reise Geschenk Souvenir aus Holz 30x20 Zoll &#8211; Reiseshop Travel-du.de","isPartOf":{"@id":"https:\/\/travel-du.de\/reiseshop\/#website"},"primaryImageOfPage":{"@id":"https:\/\/travel-du.de\/reiseshop\/produkt\/spanien-andalusien-1000-teiliges-puzzle-fuer-erwachsene-und-familien-reise-geschenk-souvenir-aus-holz-30x20-zoll\/#primaryimage"},"image":{"@id":"https:\/\/travel-du.de\/reiseshop\/produkt\/spanien-andalusien-1000-teiliges-puzzle-fuer-erwachsene-und-familien-reise-geschenk-souvenir-aus-holz-30x20-zoll\/#primaryimage"},"thumbnailUrl":"https:\/\/travel-du.de\/reiseshop\/wp-content\/uploads\/2025\/06\/Spanien-Andalusien-1000-Teiliges-Puzzle-fuer-Erwachsene-und-Familien-Reise-Geschenk-Souvenir-aus-Holz-30x20-Zoll-0.jpg","datePublished":"2025-06-30T19:17:11+00:00","dateModified":"2025-06-30T19:17:16+00:00","breadcrumb":{"@id":"https:\/\/travel-du.de\/reiseshop\/produkt\/spanien-andalusien-1000-teiliges-puzzle-fuer-erwachsene-und-familien-reise-geschenk-souvenir-aus-holz-30x20-zoll\/#breadcrumb"},"inLanguage":"de","potentialAction":[{"@type":"ReadAction","target":["https:\/\/travel-du.de\/reiseshop\/produkt\/spanien-andalusien-1000-teiliges-puzzle-fuer-erwachsene-und-familien-reise-geschenk-souvenir-aus-holz-30x20-zoll\/"]}]},{"@type":"ImageObject","inLanguage":"de","@id":"https:\/\/travel-du.de\/reiseshop\/produkt\/spanien-andalusien-1000-teiliges-puzzle-fuer-erwachsene-und-familien-reise-geschenk-souvenir-aus-holz-30x20-zoll\/#primaryimage","url":"https:\/\/travel-du.de\/reiseshop\/wp-content\/uploads\/2025\/06\/Spanien-Andalusien-1000-Teiliges-Puzzle-fuer-Erwachsene-und-Familien-Reise-Geschenk-Souvenir-aus-Holz-30x20-Zoll-0.jpg","contentUrl":"https:\/\/travel-du.de\/reiseshop\/wp-content\/uploads\/2025\/06\/Spanien-Andalusien-1000-Teiliges-Puzzle-fuer-Erwachsene-und-Familien-Reise-Geschenk-Souvenir-aus-Holz-30x20-Zoll-0.jpg","width":500,"height":500},{"@type":"BreadcrumbList","@id":"https:\/\/travel-du.de\/reiseshop\/produkt\/spanien-andalusien-1000-teiliges-puzzle-fuer-erwachsene-und-familien-reise-geschenk-souvenir-aus-holz-30x20-zoll\/#breadcrumb","itemListElement":[{"@type":"ListItem","position":1,"name":"Startseite","item":"https:\/\/travel-du.de\/reiseshop\/"},{"@type":"ListItem","position":2,"name":"Shop","item":"https:\/\/travel-du.de\/reiseshop\/shop\/"},{"@type":"ListItem","position":3,"name":"Spanien Andalusien 1000 Teiliges Puzzle f\u00fcr Erwachsene und Familien Reise Geschenk Souvenir aus Holz 30&#215;20 Zoll"}]},{"@type":"WebSite","@id":"https:\/\/travel-du.de\/reiseshop\/#website","url":"https:\/\/travel-du.de\/reiseshop\/","name":"Reiseshop Travel-du.de","description":"Der Shop f\u00fcr Reisende, Weltenbummler und Abenteurer","potentialAction":[{"@type":"SearchAction","target":{"@type":"EntryPoint","urlTemplate":"https:\/\/travel-du.de\/reiseshop\/?s={search_term_string}"},"query-input":{"@type":"PropertyValueSpecification","valueRequired":true,"valueName":"search_term_string"}}],"inLanguage":"de"}]}},"_links":{"self":[{"href":"https:\/\/travel-du.de\/reiseshop\/wp-json\/wp\/v2\/product\/5090","targetHints":{"allow":["GET"]}}],"collection":[{"href":"https:\/\/travel-du.de\/reiseshop\/wp-json\/wp\/v2\/product"}],"about":[{"href":"https:\/\/travel-du.de\/reiseshop\/wp-json\/wp\/v2\/types\/product"}],"replies":[{"embeddable":true,"href":"https:\/\/travel-du.de\/reiseshop\/wp-json\/wp\/v2\/comments?post=5090"}],"wp:featuredmedia":[{"embeddable":true,"href":"https:\/\/travel-du.de\/reiseshop\/wp-json\/wp\/v2\/media\/5091"}],"wp:attachment":[{"href":"https:\/\/travel-du.de\/reiseshop\/wp-json\/wp\/v2\/media?parent=5090"}],"wp:term":[{"taxonomy":"product_brand","embeddable":true,"href":"https:\/\/travel-du.de\/reiseshop\/wp-json\/wp\/v2\/product_brand?post=5090"},{"taxonomy":"product_cat","embeddable":true,"href":"https:\/\/travel-du.de\/reiseshop\/wp-json\/wp\/v2\/product_cat?post=5090"},{"taxonomy":"product_tag","embeddable":true,"href":"https:\/\/travel-du.de\/reiseshop\/wp-json\/wp\/v2\/product_tag?post=5090"}],"curies":[{"name":"wp","href":"https:\/\/api.w.org\/{rel}","templated":true}]}}