{"id":5083,"date":"2025-06-30T21:16:43","date_gmt":"2025-06-30T19:16:43","guid":{"rendered":"https:\/\/travel-du.de\/reiseshop\/produkt\/3d-marbella-andalusien-spanien-kuehlschrankmagnet-reise-souvenir-geschenk-zuhause-kueche-dekoration-spanien-kuehlschrankmagnet\/"},"modified":"2025-06-30T21:16:48","modified_gmt":"2025-06-30T19:16:48","slug":"3d-marbella-andalusien-spanien-kuehlschrankmagnet-reise-souvenir-geschenk-zuhause-kueche-dekoration-spanien-kuehlschrankmagnet","status":"publish","type":"product","link":"https:\/\/travel-du.de\/reiseshop\/produkt\/3d-marbella-andalusien-spanien-kuehlschrankmagnet-reise-souvenir-geschenk-zuhause-kueche-dekoration-spanien-kuehlschrankmagnet\/","title":{"rendered":"3D Marbella, Andalusien, Spanien, K\u00fchlschrankmagnet, Reise-Souvenir, Geschenk, Zuhause, K\u00fcche, Dekoration, Spanien, K\u00fchlschrankmagnet"},"content":{"rendered":"<p>3D Marbella Andalusien Spanien K\u00fchlschrankmagnet Reise Mitbringsel Geschenk Basteln Magnetaufkleber<br \/>\nGr\u00f6\u00dfe: 7 x 5,5 cm, Material: Polyresin und Magnet.<br \/>\nEs ist passend sondern Eisen oder jede magnetische Oberfl\u00e4che, nicht ungeachtet sondern den K\u00fchlschrank, verwenden Sie es zur Dekoration von Haus und B\u00fcro, Restaurant ist besonders atmosph\u00e4risch und Gedenk.<br \/>\nEs ist ganz umweltfreundlichem Polyresin, so dass es vielerlei Jahre verwendet werden kann und das Produkt denn das echte Produkt aussieht.<br \/>\nGutes Verzinsung-Leistungs-Aufsehen. Sie gehen kein Risiko ein, wenn Sie heute bei uns kaufen!<br \/>\n<div class=\"main-cross-sell\" data-asin=\"B086PG5XLT\">\n\n\t<div class=\"WooZone-cross-sell-loader\">\n\t\t<div>\n\t\t\t<div id=\"floatingBarsG\">\n\t\t\t\t<div class=\"blockG\" id=\"rotateG_01\"><\/div>\n\t\t\t\t<div class=\"blockG\" id=\"rotateG_02\"><\/div>\n\t\t\t\t<div class=\"blockG\" id=\"rotateG_03\"><\/div>\n\t\t\t\t<div class=\"blockG\" id=\"rotateG_04\"><\/div>\n\t\t\t\t<div class=\"blockG\" id=\"rotateG_05\"><\/div>\n\t\t\t\t<div class=\"blockG\" id=\"rotateG_06\"><\/div>\n\t\t\t\t<div class=\"blockG\" id=\"rotateG_07\"><\/div>\n\t\t\t\t<div class=\"blockG\" id=\"rotateG_08\"><\/div>\n\t\t\t<\/div>\n\t\t\t<div class=\"WooZone-cross-sell-loader-text\"><\/div>\n\t\t<\/div>\n\t<\/div>\n\n\t\t\n<\/div>\n<div style=\"clear:both;\"><\/div><\/p>\n","protected":false},"excerpt":{"rendered":"<p>3D Marbella Andalusien Spanien K\u00fchlschrankmagnet Reise Souvenir Geschenk Basteln Magnetaufkleber<br \/>\nGr\u00f6\u00dfe: 7 x 5,5 cm, Material: Polyresin und Magnet.<br \/>\nEs ist geeignet f\u00fcr Eisen oder jede magnetische Oberfl\u00e4che, nicht nur f\u00fcr den K\u00fchlschrank, verwenden Sie es zur Dekoration von Haus und B\u00fcro, Restaurant ist sehr atmosph\u00e4risch und Gedenk.<\/p>\n","protected":false},"featured_media":5084,"comment_status":"closed","ping_status":"closed","template":"","meta":[],"product_brand":[],"product_cat":[120,3840],"product_tag":[],"class_list":{"0":"post-5083","1":"product","2":"type-product","3":"status-publish","4":"has-post-thumbnail","6":"product_cat-reise-geschenke","7":"product_cat-andalusien-geschenke","9":"first","10":"instock","11":"shipping-taxable","12":"product-type-external"},"yoast_head":"<!-- This site is optimized with the Yoast SEO plugin v26.2 - https:\/\/yoast.com\/wordpress\/plugins\/seo\/ -->\n<title>3D Marbella, Andalusien, Spanien, K\u00fchlschrankmagnet, Reise-Souvenir, Geschenk, Zuhause, K\u00fcche, Dekoration, Spanien, K\u00fchlschrankmagnet &#8211; Reiseshop Travel-du.de<\/title>\n<meta name=\"robots\" content=\"index, follow, max-snippet:-1, max-image-preview:large, max-video-preview:-1\" \/>\n<link rel=\"canonical\" href=\"https:\/\/travel-du.de\/reiseshop\/produkt\/3d-marbella-andalusien-spanien-kuehlschrankmagnet-reise-souvenir-geschenk-zuhause-kueche-dekoration-spanien-kuehlschrankmagnet\/\" \/>\n<meta property=\"og:locale\" content=\"de_DE\" \/>\n<meta property=\"og:type\" content=\"article\" \/>\n<meta property=\"og:title\" content=\"3D Marbella, Andalusien, Spanien, K\u00fchlschrankmagnet, Reise-Souvenir, Geschenk, Zuhause, K\u00fcche, Dekoration, Spanien, K\u00fchlschrankmagnet &#8211; Reiseshop Travel-du.de\" \/>\n<meta property=\"og:description\" content=\"3D Marbella Andalusien Spanien K\u00fchlschrankmagnet Reise Souvenir Geschenk Basteln Magnetaufkleber Gr\u00f6\u00dfe: 7 x 5,5 cm, Material: Polyresin und Magnet. Es ist geeignet f\u00fcr Eisen oder jede magnetische Oberfl\u00e4che, nicht nur f\u00fcr den K\u00fchlschrank, verwenden Sie es zur Dekoration von Haus und B\u00fcro, Restaurant ist sehr atmosph\u00e4risch und Gedenk.\" \/>\n<meta property=\"og:url\" content=\"https:\/\/travel-du.de\/reiseshop\/produkt\/3d-marbella-andalusien-spanien-kuehlschrankmagnet-reise-souvenir-geschenk-zuhause-kueche-dekoration-spanien-kuehlschrankmagnet\/\" \/>\n<meta property=\"og:site_name\" content=\"Reiseshop Travel-du.de\" \/>\n<meta property=\"article:modified_time\" content=\"2025-06-30T19:16:48+00:00\" \/>\n<meta name=\"twitter:card\" content=\"summary_large_image\" \/>\n<script type=\"application\/ld+json\" class=\"yoast-schema-graph\">{\"@context\":\"https:\/\/schema.org\",\"@graph\":[{\"@type\":\"WebPage\",\"@id\":\"https:\/\/travel-du.de\/reiseshop\/produkt\/3d-marbella-andalusien-spanien-kuehlschrankmagnet-reise-souvenir-geschenk-zuhause-kueche-dekoration-spanien-kuehlschrankmagnet\/\",\"url\":\"https:\/\/travel-du.de\/reiseshop\/produkt\/3d-marbella-andalusien-spanien-kuehlschrankmagnet-reise-souvenir-geschenk-zuhause-kueche-dekoration-spanien-kuehlschrankmagnet\/\",\"name\":\"3D Marbella, Andalusien, Spanien, K\u00fchlschrankmagnet, Reise-Souvenir, Geschenk, Zuhause, K\u00fcche, Dekoration, Spanien, K\u00fchlschrankmagnet &#8211; Reiseshop Travel-du.de\",\"isPartOf\":{\"@id\":\"https:\/\/travel-du.de\/reiseshop\/#website\"},\"primaryImageOfPage\":{\"@id\":\"https:\/\/travel-du.de\/reiseshop\/produkt\/3d-marbella-andalusien-spanien-kuehlschrankmagnet-reise-souvenir-geschenk-zuhause-kueche-dekoration-spanien-kuehlschrankmagnet\/#primaryimage\"},\"image\":{\"@id\":\"https:\/\/travel-du.de\/reiseshop\/produkt\/3d-marbella-andalusien-spanien-kuehlschrankmagnet-reise-souvenir-geschenk-zuhause-kueche-dekoration-spanien-kuehlschrankmagnet\/#primaryimage\"},\"thumbnailUrl\":\"https:\/\/travel-du.de\/reiseshop\/wp-content\/uploads\/2025\/06\/3D-Marbella-Andalusien-Spanien-Kuehlschrankmagnet-Reise-Souvenir-Geschenk-Zuhause-Kueche-Dekoration-Spanien-Kuehlschrankmagnet-0.jpg\",\"datePublished\":\"2025-06-30T19:16:43+00:00\",\"dateModified\":\"2025-06-30T19:16:48+00:00\",\"breadcrumb\":{\"@id\":\"https:\/\/travel-du.de\/reiseshop\/produkt\/3d-marbella-andalusien-spanien-kuehlschrankmagnet-reise-souvenir-geschenk-zuhause-kueche-dekoration-spanien-kuehlschrankmagnet\/#breadcrumb\"},\"inLanguage\":\"de\",\"potentialAction\":[{\"@type\":\"ReadAction\",\"target\":[\"https:\/\/travel-du.de\/reiseshop\/produkt\/3d-marbella-andalusien-spanien-kuehlschrankmagnet-reise-souvenir-geschenk-zuhause-kueche-dekoration-spanien-kuehlschrankmagnet\/\"]}]},{\"@type\":\"ImageObject\",\"inLanguage\":\"de\",\"@id\":\"https:\/\/travel-du.de\/reiseshop\/produkt\/3d-marbella-andalusien-spanien-kuehlschrankmagnet-reise-souvenir-geschenk-zuhause-kueche-dekoration-spanien-kuehlschrankmagnet\/#primaryimage\",\"url\":\"https:\/\/travel-du.de\/reiseshop\/wp-content\/uploads\/2025\/06\/3D-Marbella-Andalusien-Spanien-Kuehlschrankmagnet-Reise-Souvenir-Geschenk-Zuhause-Kueche-Dekoration-Spanien-Kuehlschrankmagnet-0.jpg\",\"contentUrl\":\"https:\/\/travel-du.de\/reiseshop\/wp-content\/uploads\/2025\/06\/3D-Marbella-Andalusien-Spanien-Kuehlschrankmagnet-Reise-Souvenir-Geschenk-Zuhause-Kueche-Dekoration-Spanien-Kuehlschrankmagnet-0.jpg\",\"width\":500,\"height\":500},{\"@type\":\"BreadcrumbList\",\"@id\":\"https:\/\/travel-du.de\/reiseshop\/produkt\/3d-marbella-andalusien-spanien-kuehlschrankmagnet-reise-souvenir-geschenk-zuhause-kueche-dekoration-spanien-kuehlschrankmagnet\/#breadcrumb\",\"itemListElement\":[{\"@type\":\"ListItem\",\"position\":1,\"name\":\"Startseite\",\"item\":\"https:\/\/travel-du.de\/reiseshop\/\"},{\"@type\":\"ListItem\",\"position\":2,\"name\":\"Shop\",\"item\":\"https:\/\/travel-du.de\/reiseshop\/shop\/\"},{\"@type\":\"ListItem\",\"position\":3,\"name\":\"3D Marbella, Andalusien, Spanien, K\u00fchlschrankmagnet, Reise-Souvenir, Geschenk, Zuhause, K\u00fcche, Dekoration, Spanien, K\u00fchlschrankmagnet\"}]},{\"@type\":\"WebSite\",\"@id\":\"https:\/\/travel-du.de\/reiseshop\/#website\",\"url\":\"https:\/\/travel-du.de\/reiseshop\/\",\"name\":\"Reiseshop Travel-du.de\",\"description\":\"Der Shop f\u00fcr Reisende, Weltenbummler und Abenteurer\",\"potentialAction\":[{\"@type\":\"SearchAction\",\"target\":{\"@type\":\"EntryPoint\",\"urlTemplate\":\"https:\/\/travel-du.de\/reiseshop\/?s={search_term_string}\"},\"query-input\":{\"@type\":\"PropertyValueSpecification\",\"valueRequired\":true,\"valueName\":\"search_term_string\"}}],\"inLanguage\":\"de\"}]}<\/script>\n<!-- \/ Yoast SEO plugin. -->","yoast_head_json":{"title":"3D Marbella, Andalusien, Spanien, K\u00fchlschrankmagnet, Reise-Souvenir, Geschenk, Zuhause, K\u00fcche, Dekoration, Spanien, K\u00fchlschrankmagnet &#8211; Reiseshop Travel-du.de","robots":{"index":"index","follow":"follow","max-snippet":"max-snippet:-1","max-image-preview":"max-image-preview:large","max-video-preview":"max-video-preview:-1"},"canonical":"https:\/\/travel-du.de\/reiseshop\/produkt\/3d-marbella-andalusien-spanien-kuehlschrankmagnet-reise-souvenir-geschenk-zuhause-kueche-dekoration-spanien-kuehlschrankmagnet\/","og_locale":"de_DE","og_type":"article","og_title":"3D Marbella, Andalusien, Spanien, K\u00fchlschrankmagnet, Reise-Souvenir, Geschenk, Zuhause, K\u00fcche, Dekoration, Spanien, K\u00fchlschrankmagnet &#8211; Reiseshop Travel-du.de","og_description":"3D Marbella Andalusien Spanien K\u00fchlschrankmagnet Reise Souvenir Geschenk Basteln Magnetaufkleber Gr\u00f6\u00dfe: 7 x 5,5 cm, Material: Polyresin und Magnet. Es ist geeignet f\u00fcr Eisen oder jede magnetische Oberfl\u00e4che, nicht nur f\u00fcr den K\u00fchlschrank, verwenden Sie es zur Dekoration von Haus und B\u00fcro, Restaurant ist sehr atmosph\u00e4risch und Gedenk.","og_url":"https:\/\/travel-du.de\/reiseshop\/produkt\/3d-marbella-andalusien-spanien-kuehlschrankmagnet-reise-souvenir-geschenk-zuhause-kueche-dekoration-spanien-kuehlschrankmagnet\/","og_site_name":"Reiseshop Travel-du.de","article_modified_time":"2025-06-30T19:16:48+00:00","twitter_card":"summary_large_image","schema":{"@context":"https:\/\/schema.org","@graph":[{"@type":"WebPage","@id":"https:\/\/travel-du.de\/reiseshop\/produkt\/3d-marbella-andalusien-spanien-kuehlschrankmagnet-reise-souvenir-geschenk-zuhause-kueche-dekoration-spanien-kuehlschrankmagnet\/","url":"https:\/\/travel-du.de\/reiseshop\/produkt\/3d-marbella-andalusien-spanien-kuehlschrankmagnet-reise-souvenir-geschenk-zuhause-kueche-dekoration-spanien-kuehlschrankmagnet\/","name":"3D Marbella, Andalusien, Spanien, K\u00fchlschrankmagnet, Reise-Souvenir, Geschenk, Zuhause, K\u00fcche, Dekoration, Spanien, K\u00fchlschrankmagnet &#8211; Reiseshop Travel-du.de","isPartOf":{"@id":"https:\/\/travel-du.de\/reiseshop\/#website"},"primaryImageOfPage":{"@id":"https:\/\/travel-du.de\/reiseshop\/produkt\/3d-marbella-andalusien-spanien-kuehlschrankmagnet-reise-souvenir-geschenk-zuhause-kueche-dekoration-spanien-kuehlschrankmagnet\/#primaryimage"},"image":{"@id":"https:\/\/travel-du.de\/reiseshop\/produkt\/3d-marbella-andalusien-spanien-kuehlschrankmagnet-reise-souvenir-geschenk-zuhause-kueche-dekoration-spanien-kuehlschrankmagnet\/#primaryimage"},"thumbnailUrl":"https:\/\/travel-du.de\/reiseshop\/wp-content\/uploads\/2025\/06\/3D-Marbella-Andalusien-Spanien-Kuehlschrankmagnet-Reise-Souvenir-Geschenk-Zuhause-Kueche-Dekoration-Spanien-Kuehlschrankmagnet-0.jpg","datePublished":"2025-06-30T19:16:43+00:00","dateModified":"2025-06-30T19:16:48+00:00","breadcrumb":{"@id":"https:\/\/travel-du.de\/reiseshop\/produkt\/3d-marbella-andalusien-spanien-kuehlschrankmagnet-reise-souvenir-geschenk-zuhause-kueche-dekoration-spanien-kuehlschrankmagnet\/#breadcrumb"},"inLanguage":"de","potentialAction":[{"@type":"ReadAction","target":["https:\/\/travel-du.de\/reiseshop\/produkt\/3d-marbella-andalusien-spanien-kuehlschrankmagnet-reise-souvenir-geschenk-zuhause-kueche-dekoration-spanien-kuehlschrankmagnet\/"]}]},{"@type":"ImageObject","inLanguage":"de","@id":"https:\/\/travel-du.de\/reiseshop\/produkt\/3d-marbella-andalusien-spanien-kuehlschrankmagnet-reise-souvenir-geschenk-zuhause-kueche-dekoration-spanien-kuehlschrankmagnet\/#primaryimage","url":"https:\/\/travel-du.de\/reiseshop\/wp-content\/uploads\/2025\/06\/3D-Marbella-Andalusien-Spanien-Kuehlschrankmagnet-Reise-Souvenir-Geschenk-Zuhause-Kueche-Dekoration-Spanien-Kuehlschrankmagnet-0.jpg","contentUrl":"https:\/\/travel-du.de\/reiseshop\/wp-content\/uploads\/2025\/06\/3D-Marbella-Andalusien-Spanien-Kuehlschrankmagnet-Reise-Souvenir-Geschenk-Zuhause-Kueche-Dekoration-Spanien-Kuehlschrankmagnet-0.jpg","width":500,"height":500},{"@type":"BreadcrumbList","@id":"https:\/\/travel-du.de\/reiseshop\/produkt\/3d-marbella-andalusien-spanien-kuehlschrankmagnet-reise-souvenir-geschenk-zuhause-kueche-dekoration-spanien-kuehlschrankmagnet\/#breadcrumb","itemListElement":[{"@type":"ListItem","position":1,"name":"Startseite","item":"https:\/\/travel-du.de\/reiseshop\/"},{"@type":"ListItem","position":2,"name":"Shop","item":"https:\/\/travel-du.de\/reiseshop\/shop\/"},{"@type":"ListItem","position":3,"name":"3D Marbella, Andalusien, Spanien, K\u00fchlschrankmagnet, Reise-Souvenir, Geschenk, Zuhause, K\u00fcche, Dekoration, Spanien, K\u00fchlschrankmagnet"}]},{"@type":"WebSite","@id":"https:\/\/travel-du.de\/reiseshop\/#website","url":"https:\/\/travel-du.de\/reiseshop\/","name":"Reiseshop Travel-du.de","description":"Der Shop f\u00fcr Reisende, Weltenbummler und Abenteurer","potentialAction":[{"@type":"SearchAction","target":{"@type":"EntryPoint","urlTemplate":"https:\/\/travel-du.de\/reiseshop\/?s={search_term_string}"},"query-input":{"@type":"PropertyValueSpecification","valueRequired":true,"valueName":"search_term_string"}}],"inLanguage":"de"}]}},"_links":{"self":[{"href":"https:\/\/travel-du.de\/reiseshop\/wp-json\/wp\/v2\/product\/5083","targetHints":{"allow":["GET"]}}],"collection":[{"href":"https:\/\/travel-du.de\/reiseshop\/wp-json\/wp\/v2\/product"}],"about":[{"href":"https:\/\/travel-du.de\/reiseshop\/wp-json\/wp\/v2\/types\/product"}],"replies":[{"embeddable":true,"href":"https:\/\/travel-du.de\/reiseshop\/wp-json\/wp\/v2\/comments?post=5083"}],"wp:featuredmedia":[{"embeddable":true,"href":"https:\/\/travel-du.de\/reiseshop\/wp-json\/wp\/v2\/media\/5084"}],"wp:attachment":[{"href":"https:\/\/travel-du.de\/reiseshop\/wp-json\/wp\/v2\/media?parent=5083"}],"wp:term":[{"taxonomy":"product_brand","embeddable":true,"href":"https:\/\/travel-du.de\/reiseshop\/wp-json\/wp\/v2\/product_brand?post=5083"},{"taxonomy":"product_cat","embeddable":true,"href":"https:\/\/travel-du.de\/reiseshop\/wp-json\/wp\/v2\/product_cat?post=5083"},{"taxonomy":"product_tag","embeddable":true,"href":"https:\/\/travel-du.de\/reiseshop\/wp-json\/wp\/v2\/product_tag?post=5083"}],"curies":[{"name":"wp","href":"https:\/\/api.w.org\/{rel}","templated":true}]}}