{"id":507,"date":"2016-12-26T21:38:55","date_gmt":"2016-12-26T20:38:55","guid":{"rendered":"http:\/\/travel-du.de\/reiseshop\/produkt\/ohropax-soft-schaumstoff-stoepsel-10-st\/"},"modified":"2016-12-28T17:52:04","modified_gmt":"2016-12-28T16:52:04","slug":"ohropax-ohrenstoepsel-10-st","status":"publish","type":"product","link":"https:\/\/travel-du.de\/reiseshop\/produkt\/ohropax-ohrenstoepsel-10-st\/","title":{"rendered":"OHROPAX Ohrenst\u00f6psel (10 St\u00fcck)"},"content":{"rendered":"<p>Ein jeder Mensch braucht einen gesunden Schlaf. Laute Ger\u00e4usche machen dem aber oft auf Reisen einen Strich durch die Rechnung. Ganz besonders wenn die Zimmernachbarn lustvoll schnarchen, wirken Ohrenst\u00f6psel wie Samt auf die angespannte Backpacker-Seele. Aber auch wenn drau\u00dfen gerade das chinesische Neujahr stattfindet, nebenan eine exzessive Hostel-Party gefeiert wird oder wenn nervige Tierger\u00e4usche in der Wildniss erklingen wirken Ohropax wahre Wunder.<\/p>\n<ul>\n<li>Weicher, anatomisch geformter Ohrst\u00f6psel aus hautfreundlichem PU-Schaum.<\/li>\n<li>Dehnt sich im Geh\u00f6rgang sanft aus.<\/li>\n<li>Sch\u00fctzt ebenfalls vor Wasserspritzern und Wind.<\/li>\n<\/ul>\n<div class=\"main-cross-sell\" data-asin=\"B000V3PZB0\">\n\n\t<div class=\"WooZone-cross-sell-loader\">\n\t\t<div>\n\t\t\t<div id=\"floatingBarsG\">\n\t\t\t\t<div class=\"blockG\" id=\"rotateG_01\"><\/div>\n\t\t\t\t<div class=\"blockG\" id=\"rotateG_02\"><\/div>\n\t\t\t\t<div class=\"blockG\" id=\"rotateG_03\"><\/div>\n\t\t\t\t<div class=\"blockG\" id=\"rotateG_04\"><\/div>\n\t\t\t\t<div class=\"blockG\" id=\"rotateG_05\"><\/div>\n\t\t\t\t<div class=\"blockG\" id=\"rotateG_06\"><\/div>\n\t\t\t\t<div class=\"blockG\" id=\"rotateG_07\"><\/div>\n\t\t\t\t<div class=\"blockG\" id=\"rotateG_08\"><\/div>\n\t\t\t<\/div>\n\t\t\t<div class=\"WooZone-cross-sell-loader-text\"><\/div>\n\t\t<\/div>\n\t<\/div>\n\n\t\t\n<\/div>\n<div style=\"clear:both;\"><\/div>\n","protected":false},"excerpt":{"rendered":"<p>Ein jeder Mensch braucht einen gesunden Schlaf. Laute Ger\u00e4usche machen dem aber oft auf Reisen einen Strich durch die Rechnung. Ganz besonders wenn die Zimmernachbarn lustvoll schnarchen, wirken Ohrenst\u00f6psel wie Samt auf die angespannte Backpacker-Seele.<br \/>\nAber auch wenn drau\u00dfen gerade das chinesische Neujahr stattfindet, nebenan eine exzessive Hostel-Party gefeiert wird oder wenn nervige Tierger\u00e4usche in der Wildniss erklingen wirken Ohropax wahre Wunder.<br \/>\n<a href=\"https:\/\/www.amazon.de\/OHROPAX-soft-Schaumstoff-Stoepsel-10\/dp\/B000V3PZB0\/ref=as_li_ss_tl?ie=UTF8&#038;qid=1482943796&#038;sr=8-1&#038;keywords=OHROPAX+soft+Schaumstoff+Stoepsel,+10+St&#038;linkCode=ll1&#038;tag=wwwtraveldude-21&#038;linkId=9f1cbd380be1613f64e9c122a743171a\" target=\"_blank\"><\/p>\n<div class=\"amazon-button\" style=\"text-align: center;\">\u21d2 Direkt bei Amazon bestellen.<\/div>\n<p><\/a><\/p>\n","protected":false},"featured_media":508,"comment_status":"open","ping_status":"closed","template":"","meta":[],"product_brand":[],"product_cat":[86,185],"product_tag":[],"class_list":{"0":"post-507","1":"product","2":"type-product","3":"status-publish","4":"has-post-thumbnail","6":"product_cat-unterwegs","7":"product_cat-nuetzliches-fuer-unterwegs-reisen","9":"first","10":"instock","11":"sale","12":"shipping-taxable","13":"product-type-external"},"yoast_head":"<!-- This site is optimized with the Yoast SEO plugin v27.4 - https:\/\/yoast.com\/product\/yoast-seo-wordpress\/ -->\n<title>OHROPAX Ohrenst\u00f6psel (10 St\u00fcck) &#8211; Reiseshop Travel-du.de<\/title>\n<meta name=\"robots\" content=\"index, follow, max-snippet:-1, max-image-preview:large, max-video-preview:-1\" \/>\n<link rel=\"canonical\" href=\"https:\/\/travel-du.de\/reiseshop\/produkt\/ohropax-ohrenstoepsel-10-st\/\" \/>\n<meta property=\"og:locale\" content=\"de_DE\" \/>\n<meta property=\"og:type\" content=\"article\" \/>\n<meta property=\"og:title\" content=\"OHROPAX Ohrenst\u00f6psel (10 St\u00fcck) &#8211; Reiseshop Travel-du.de\" \/>\n<meta property=\"og:description\" content=\"Ein jeder Mensch braucht einen gesunden Schlaf. Laute Ger\u00e4usche machen dem aber oft auf Reisen einen Strich durch die Rechnung. Ganz besonders wenn die Zimmernachbarn lustvoll schnarchen, wirken Ohrenst\u00f6psel wie Samt auf die angespannte Backpacker-Seele.  Aber auch wenn drau\u00dfen gerade das chinesische Neujahr stattfindet, nebenan eine exzessive Hostel-Party gefeiert wird oder wenn nervige Tierger\u00e4usche in der Wildniss erklingen wirken Ohropax wahre Wunder.  \u21d2 Direkt bei Amazon bestellen.\" \/>\n<meta property=\"og:url\" content=\"https:\/\/travel-du.de\/reiseshop\/produkt\/ohropax-ohrenstoepsel-10-st\/\" \/>\n<meta property=\"og:site_name\" content=\"Reiseshop Travel-du.de\" \/>\n<meta property=\"article:modified_time\" content=\"2016-12-28T16:52:04+00:00\" \/>\n<meta property=\"og:image\" content=\"https:\/\/travel-du.de\/reiseshop\/wp-content\/uploads\/2016\/12\/OHROPAX-soft-Schaumstoff-Stoepsel-10-St-0.jpg\" \/>\n\t<meta property=\"og:image:width\" content=\"500\" \/>\n\t<meta property=\"og:image:height\" content=\"500\" \/>\n\t<meta property=\"og:image:type\" content=\"image\/jpeg\" \/>\n<meta name=\"twitter:card\" content=\"summary_large_image\" \/>\n<script type=\"application\/ld+json\" class=\"yoast-schema-graph\">{\"@context\":\"https:\\\/\\\/schema.org\",\"@graph\":[{\"@type\":\"WebPage\",\"@id\":\"https:\\\/\\\/travel-du.de\\\/reiseshop\\\/produkt\\\/ohropax-ohrenstoepsel-10-st\\\/\",\"url\":\"https:\\\/\\\/travel-du.de\\\/reiseshop\\\/produkt\\\/ohropax-ohrenstoepsel-10-st\\\/\",\"name\":\"OHROPAX Ohrenst\u00f6psel (10 St\u00fcck) &#8211; Reiseshop Travel-du.de\",\"isPartOf\":{\"@id\":\"https:\\\/\\\/travel-du.de\\\/reiseshop\\\/#website\"},\"primaryImageOfPage\":{\"@id\":\"https:\\\/\\\/travel-du.de\\\/reiseshop\\\/produkt\\\/ohropax-ohrenstoepsel-10-st\\\/#primaryimage\"},\"image\":{\"@id\":\"https:\\\/\\\/travel-du.de\\\/reiseshop\\\/produkt\\\/ohropax-ohrenstoepsel-10-st\\\/#primaryimage\"},\"thumbnailUrl\":\"https:\\\/\\\/travel-du.de\\\/reiseshop\\\/wp-content\\\/uploads\\\/2016\\\/12\\\/OHROPAX-soft-Schaumstoff-Stoepsel-10-St-0.jpg\",\"datePublished\":\"2016-12-26T20:38:55+00:00\",\"dateModified\":\"2016-12-28T16:52:04+00:00\",\"breadcrumb\":{\"@id\":\"https:\\\/\\\/travel-du.de\\\/reiseshop\\\/produkt\\\/ohropax-ohrenstoepsel-10-st\\\/#breadcrumb\"},\"inLanguage\":\"de\",\"potentialAction\":[{\"@type\":\"ReadAction\",\"target\":[\"https:\\\/\\\/travel-du.de\\\/reiseshop\\\/produkt\\\/ohropax-ohrenstoepsel-10-st\\\/\"]}]},{\"@type\":\"ImageObject\",\"inLanguage\":\"de\",\"@id\":\"https:\\\/\\\/travel-du.de\\\/reiseshop\\\/produkt\\\/ohropax-ohrenstoepsel-10-st\\\/#primaryimage\",\"url\":\"https:\\\/\\\/travel-du.de\\\/reiseshop\\\/wp-content\\\/uploads\\\/2016\\\/12\\\/OHROPAX-soft-Schaumstoff-Stoepsel-10-St-0.jpg\",\"contentUrl\":\"https:\\\/\\\/travel-du.de\\\/reiseshop\\\/wp-content\\\/uploads\\\/2016\\\/12\\\/OHROPAX-soft-Schaumstoff-Stoepsel-10-St-0.jpg\",\"width\":500,\"height\":500},{\"@type\":\"BreadcrumbList\",\"@id\":\"https:\\\/\\\/travel-du.de\\\/reiseshop\\\/produkt\\\/ohropax-ohrenstoepsel-10-st\\\/#breadcrumb\",\"itemListElement\":[{\"@type\":\"ListItem\",\"position\":1,\"name\":\"Startseite\",\"item\":\"https:\\\/\\\/travel-du.de\\\/reiseshop\\\/\"},{\"@type\":\"ListItem\",\"position\":2,\"name\":\"Shop\",\"item\":\"https:\\\/\\\/travel-du.de\\\/reiseshop\\\/shop\\\/\"},{\"@type\":\"ListItem\",\"position\":3,\"name\":\"OHROPAX Ohrenst\u00f6psel (10 St\u00fcck)\"}]},{\"@type\":\"WebSite\",\"@id\":\"https:\\\/\\\/travel-du.de\\\/reiseshop\\\/#website\",\"url\":\"https:\\\/\\\/travel-du.de\\\/reiseshop\\\/\",\"name\":\"Reiseshop Travel-du.de\",\"description\":\"Der Shop f\u00fcr Reisende, Weltenbummler und Abenteurer\",\"potentialAction\":[{\"@type\":\"SearchAction\",\"target\":{\"@type\":\"EntryPoint\",\"urlTemplate\":\"https:\\\/\\\/travel-du.de\\\/reiseshop\\\/?s={search_term_string}\"},\"query-input\":{\"@type\":\"PropertyValueSpecification\",\"valueRequired\":true,\"valueName\":\"search_term_string\"}}],\"inLanguage\":\"de\"}]}<\/script>\n<!-- \/ Yoast SEO plugin. -->","yoast_head_json":{"title":"OHROPAX Ohrenst\u00f6psel (10 St\u00fcck) &#8211; Reiseshop Travel-du.de","robots":{"index":"index","follow":"follow","max-snippet":"max-snippet:-1","max-image-preview":"max-image-preview:large","max-video-preview":"max-video-preview:-1"},"canonical":"https:\/\/travel-du.de\/reiseshop\/produkt\/ohropax-ohrenstoepsel-10-st\/","og_locale":"de_DE","og_type":"article","og_title":"OHROPAX Ohrenst\u00f6psel (10 St\u00fcck) &#8211; Reiseshop Travel-du.de","og_description":"Ein jeder Mensch braucht einen gesunden Schlaf. Laute Ger\u00e4usche machen dem aber oft auf Reisen einen Strich durch die Rechnung. Ganz besonders wenn die Zimmernachbarn lustvoll schnarchen, wirken Ohrenst\u00f6psel wie Samt auf die angespannte Backpacker-Seele.  Aber auch wenn drau\u00dfen gerade das chinesische Neujahr stattfindet, nebenan eine exzessive Hostel-Party gefeiert wird oder wenn nervige Tierger\u00e4usche in der Wildniss erklingen wirken Ohropax wahre Wunder.  \u21d2 Direkt bei Amazon bestellen.","og_url":"https:\/\/travel-du.de\/reiseshop\/produkt\/ohropax-ohrenstoepsel-10-st\/","og_site_name":"Reiseshop Travel-du.de","article_modified_time":"2016-12-28T16:52:04+00:00","og_image":[{"width":500,"height":500,"url":"https:\/\/travel-du.de\/reiseshop\/wp-content\/uploads\/2016\/12\/OHROPAX-soft-Schaumstoff-Stoepsel-10-St-0.jpg","type":"image\/jpeg"}],"twitter_card":"summary_large_image","schema":{"@context":"https:\/\/schema.org","@graph":[{"@type":"WebPage","@id":"https:\/\/travel-du.de\/reiseshop\/produkt\/ohropax-ohrenstoepsel-10-st\/","url":"https:\/\/travel-du.de\/reiseshop\/produkt\/ohropax-ohrenstoepsel-10-st\/","name":"OHROPAX Ohrenst\u00f6psel (10 St\u00fcck) &#8211; Reiseshop Travel-du.de","isPartOf":{"@id":"https:\/\/travel-du.de\/reiseshop\/#website"},"primaryImageOfPage":{"@id":"https:\/\/travel-du.de\/reiseshop\/produkt\/ohropax-ohrenstoepsel-10-st\/#primaryimage"},"image":{"@id":"https:\/\/travel-du.de\/reiseshop\/produkt\/ohropax-ohrenstoepsel-10-st\/#primaryimage"},"thumbnailUrl":"https:\/\/travel-du.de\/reiseshop\/wp-content\/uploads\/2016\/12\/OHROPAX-soft-Schaumstoff-Stoepsel-10-St-0.jpg","datePublished":"2016-12-26T20:38:55+00:00","dateModified":"2016-12-28T16:52:04+00:00","breadcrumb":{"@id":"https:\/\/travel-du.de\/reiseshop\/produkt\/ohropax-ohrenstoepsel-10-st\/#breadcrumb"},"inLanguage":"de","potentialAction":[{"@type":"ReadAction","target":["https:\/\/travel-du.de\/reiseshop\/produkt\/ohropax-ohrenstoepsel-10-st\/"]}]},{"@type":"ImageObject","inLanguage":"de","@id":"https:\/\/travel-du.de\/reiseshop\/produkt\/ohropax-ohrenstoepsel-10-st\/#primaryimage","url":"https:\/\/travel-du.de\/reiseshop\/wp-content\/uploads\/2016\/12\/OHROPAX-soft-Schaumstoff-Stoepsel-10-St-0.jpg","contentUrl":"https:\/\/travel-du.de\/reiseshop\/wp-content\/uploads\/2016\/12\/OHROPAX-soft-Schaumstoff-Stoepsel-10-St-0.jpg","width":500,"height":500},{"@type":"BreadcrumbList","@id":"https:\/\/travel-du.de\/reiseshop\/produkt\/ohropax-ohrenstoepsel-10-st\/#breadcrumb","itemListElement":[{"@type":"ListItem","position":1,"name":"Startseite","item":"https:\/\/travel-du.de\/reiseshop\/"},{"@type":"ListItem","position":2,"name":"Shop","item":"https:\/\/travel-du.de\/reiseshop\/shop\/"},{"@type":"ListItem","position":3,"name":"OHROPAX Ohrenst\u00f6psel (10 St\u00fcck)"}]},{"@type":"WebSite","@id":"https:\/\/travel-du.de\/reiseshop\/#website","url":"https:\/\/travel-du.de\/reiseshop\/","name":"Reiseshop Travel-du.de","description":"Der Shop f\u00fcr Reisende, Weltenbummler und Abenteurer","potentialAction":[{"@type":"SearchAction","target":{"@type":"EntryPoint","urlTemplate":"https:\/\/travel-du.de\/reiseshop\/?s={search_term_string}"},"query-input":{"@type":"PropertyValueSpecification","valueRequired":true,"valueName":"search_term_string"}}],"inLanguage":"de"}]}},"_links":{"self":[{"href":"https:\/\/travel-du.de\/reiseshop\/wp-json\/wp\/v2\/product\/507","targetHints":{"allow":["GET"]}}],"collection":[{"href":"https:\/\/travel-du.de\/reiseshop\/wp-json\/wp\/v2\/product"}],"about":[{"href":"https:\/\/travel-du.de\/reiseshop\/wp-json\/wp\/v2\/types\/product"}],"replies":[{"embeddable":true,"href":"https:\/\/travel-du.de\/reiseshop\/wp-json\/wp\/v2\/comments?post=507"}],"wp:featuredmedia":[{"embeddable":true,"href":"https:\/\/travel-du.de\/reiseshop\/wp-json\/wp\/v2\/media\/508"}],"wp:attachment":[{"href":"https:\/\/travel-du.de\/reiseshop\/wp-json\/wp\/v2\/media?parent=507"}],"wp:term":[{"taxonomy":"product_brand","embeddable":true,"href":"https:\/\/travel-du.de\/reiseshop\/wp-json\/wp\/v2\/product_brand?post=507"},{"taxonomy":"product_cat","embeddable":true,"href":"https:\/\/travel-du.de\/reiseshop\/wp-json\/wp\/v2\/product_cat?post=507"},{"taxonomy":"product_tag","embeddable":true,"href":"https:\/\/travel-du.de\/reiseshop\/wp-json\/wp\/v2\/product_tag?post=507"}],"curies":[{"name":"wp","href":"https:\/\/api.w.org\/{rel}","templated":true}]}}