{"id":5068,"date":"2025-06-30T19:30:04","date_gmt":"2025-06-30T17:30:04","guid":{"rendered":"https:\/\/travel-du.de\/reiseshop\/produkt\/australische-pflanzen-samen-geschenkset-mit-3-typischen-sorten-aus-down-under\/"},"modified":"2025-06-30T20:53:20","modified_gmt":"2025-06-30T18:53:20","slug":"australische-pflanzen-samen","status":"publish","type":"product","link":"https:\/\/travel-du.de\/reiseshop\/produkt\/australische-pflanzen-samen\/","title":{"rendered":"Australische Pflanzen &#8211; Samen-Geschenkset (mit 3 typischen Sorten aus Down Under)"},"content":{"rendered":"<p>&nbsp;<\/p>\n<p class=\"my-0\">\ud83c\udf3f Enthalten sind Samen von drei echten Aussie-Klassikern:<\/p>\n<ul class=\"marker:text-textOff list-disc\">\n<li>\n<p class=\"my-0\">Teebaum (Melaleuca alternifolia)<\/p>\n<\/li>\n<li>\n<p class=\"my-0\">Kurrajong Flaschenbaum (Brachychiton diversifolius)<\/p>\n<\/li>\n<li>\n<p class=\"my-0\">Kiwi (Actinidia chinensis)<\/p>\n<\/li>\n<\/ul>\n<p class=\"my-0\">\ud83c\udf31 Samenfest und mit hoher Keimf\u00e4higkeit \u2013 keine Hybride, sondern Natur pur!<\/p>\n<p class=\"my-0\">\ud83d\udcd6 Eine ausf\u00fchrliche Aussaat-, Anzucht- und Pflegeanleitung in Deutsch und Englisch zeigt Schritt f\u00fcr Schritt, wie die gr\u00fcnen Sch\u00e4tze optimal gedeihen.<\/p>\n<p class=\"my-0\">\u23f3 Das Abf\u00fclldatum auf den T\u00fctchen ist kein Verfallsdatum, aber empfohlen wird die Aussaat innerhalb eines Jahres f\u00fcr beste Ergebnisse.<\/p>\n<p class=\"my-0\">\ud83c\udf38 Magic Garden Seeds bietet au\u00dfergew\u00f6hnliches Saatgut \u2013 von klassisch bis exotisch, f\u00fcr alle, die ihren Garten mit besonderen Pflanzen bereichern wollen.<\/p>\n<p class=\"my-0\">So wird das G\u00e4rtnern zum kleinen Abenteuer mit echtem Australien-Flair! \ud83c\udf0f\ud83d\udc9a<\/p>\n<div class=\"main-cross-sell\" data-asin=\"B01MU2DFJD\">\n\n\t<div class=\"WooZone-cross-sell-loader\">\n\t\t<div>\n\t\t\t<div id=\"floatingBarsG\">\n\t\t\t\t<div class=\"blockG\" id=\"rotateG_01\"><\/div>\n\t\t\t\t<div class=\"blockG\" id=\"rotateG_02\"><\/div>\n\t\t\t\t<div class=\"blockG\" id=\"rotateG_03\"><\/div>\n\t\t\t\t<div class=\"blockG\" id=\"rotateG_04\"><\/div>\n\t\t\t\t<div class=\"blockG\" id=\"rotateG_05\"><\/div>\n\t\t\t\t<div class=\"blockG\" id=\"rotateG_06\"><\/div>\n\t\t\t\t<div class=\"blockG\" id=\"rotateG_07\"><\/div>\n\t\t\t\t<div class=\"blockG\" id=\"rotateG_08\"><\/div>\n\t\t\t<\/div>\n\t\t\t<div class=\"WooZone-cross-sell-loader-text\"><\/div>\n\t\t<\/div>\n\t<\/div>\n\n\t\t\n<\/div>\n<div style=\"clear:both;\"><\/div>\n","protected":false},"excerpt":{"rendered":"<p class=\"animate-in fade-in-25 duration-700 my-0\">Wer sagt, Australien kann man\u00a0nur mit K\u00e4ngurus und\u00a0Koalas erleben? Dieses Samen-Geschenkset bringt\u00a0die faszinierende Pflanzenwelt Down Unders direkt ins\u00a0eigene Zuhause\u00a0\u2013 ganz ohne Buschfeuer oder giftige Spinnen!<\/p>\n","protected":false},"featured_media":5069,"comment_status":"closed","ping_status":"closed","template":"","meta":[],"product_brand":[],"product_cat":[120,121],"product_tag":[],"class_list":{"0":"post-5068","1":"product","2":"type-product","3":"status-publish","4":"has-post-thumbnail","6":"product_cat-reise-geschenke","7":"product_cat-australien-geschenk","9":"first","10":"instock","11":"shipping-taxable","12":"product-type-external"},"yoast_head":"<!-- This site is optimized with the Yoast SEO plugin v26.2 - https:\/\/yoast.com\/wordpress\/plugins\/seo\/ -->\n<title>Australische Pflanzen - Samen-Geschenkset (mit 3 typischen Sorten aus Down Under) &#8211; Reiseshop Travel-du.de<\/title>\n<meta name=\"robots\" content=\"index, follow, max-snippet:-1, max-image-preview:large, max-video-preview:-1\" \/>\n<link rel=\"canonical\" href=\"https:\/\/travel-du.de\/reiseshop\/produkt\/australische-pflanzen-samen\/\" \/>\n<meta property=\"og:locale\" content=\"de_DE\" \/>\n<meta property=\"og:type\" content=\"article\" \/>\n<meta property=\"og:title\" content=\"Australische Pflanzen - Samen-Geschenkset (mit 3 typischen Sorten aus Down Under) &#8211; Reiseshop Travel-du.de\" \/>\n<meta property=\"og:description\" content=\"Wer sagt, Australien kann man\u00a0nur mit K\u00e4ngurus und\u00a0Koalas erleben? Dieses Samen-Geschenkset bringt\u00a0die faszinierende Pflanzenwelt Down Unders direkt ins\u00a0eigene Zuhause\u00a0\u2013 ganz ohne Buschfeuer oder giftige Spinnen!\" \/>\n<meta property=\"og:url\" content=\"https:\/\/travel-du.de\/reiseshop\/produkt\/australische-pflanzen-samen\/\" \/>\n<meta property=\"og:site_name\" content=\"Reiseshop Travel-du.de\" \/>\n<meta property=\"article:modified_time\" content=\"2025-06-30T18:53:20+00:00\" \/>\n<meta property=\"og:image\" content=\"https:\/\/travel-du.de\/reiseshop\/wp-content\/uploads\/2025\/06\/Australische-Pflanzen-Samen-Geschenkset-mit-3-typischen-Sorten-aus-Down-Under-0.jpg\" \/>\n\t<meta property=\"og:image:width\" content=\"500\" \/>\n\t<meta property=\"og:image:height\" content=\"500\" \/>\n\t<meta property=\"og:image:type\" content=\"image\/jpeg\" \/>\n<meta name=\"twitter:card\" content=\"summary_large_image\" \/>\n<meta name=\"twitter:label1\" content=\"Gesch\u00e4tzte Lesezeit\" \/>\n\t<meta name=\"twitter:data1\" content=\"1\u00a0Minute\" \/>\n<script type=\"application\/ld+json\" class=\"yoast-schema-graph\">{\"@context\":\"https:\/\/schema.org\",\"@graph\":[{\"@type\":\"WebPage\",\"@id\":\"https:\/\/travel-du.de\/reiseshop\/produkt\/australische-pflanzen-samen\/\",\"url\":\"https:\/\/travel-du.de\/reiseshop\/produkt\/australische-pflanzen-samen\/\",\"name\":\"Australische Pflanzen - Samen-Geschenkset (mit 3 typischen Sorten aus Down Under) &#8211; Reiseshop Travel-du.de\",\"isPartOf\":{\"@id\":\"https:\/\/travel-du.de\/reiseshop\/#website\"},\"primaryImageOfPage\":{\"@id\":\"https:\/\/travel-du.de\/reiseshop\/produkt\/australische-pflanzen-samen\/#primaryimage\"},\"image\":{\"@id\":\"https:\/\/travel-du.de\/reiseshop\/produkt\/australische-pflanzen-samen\/#primaryimage\"},\"thumbnailUrl\":\"https:\/\/travel-du.de\/reiseshop\/wp-content\/uploads\/2025\/06\/Australische-Pflanzen-Samen-Geschenkset-mit-3-typischen-Sorten-aus-Down-Under-0.jpg\",\"datePublished\":\"2025-06-30T17:30:04+00:00\",\"dateModified\":\"2025-06-30T18:53:20+00:00\",\"breadcrumb\":{\"@id\":\"https:\/\/travel-du.de\/reiseshop\/produkt\/australische-pflanzen-samen\/#breadcrumb\"},\"inLanguage\":\"de\",\"potentialAction\":[{\"@type\":\"ReadAction\",\"target\":[\"https:\/\/travel-du.de\/reiseshop\/produkt\/australische-pflanzen-samen\/\"]}]},{\"@type\":\"ImageObject\",\"inLanguage\":\"de\",\"@id\":\"https:\/\/travel-du.de\/reiseshop\/produkt\/australische-pflanzen-samen\/#primaryimage\",\"url\":\"https:\/\/travel-du.de\/reiseshop\/wp-content\/uploads\/2025\/06\/Australische-Pflanzen-Samen-Geschenkset-mit-3-typischen-Sorten-aus-Down-Under-0.jpg\",\"contentUrl\":\"https:\/\/travel-du.de\/reiseshop\/wp-content\/uploads\/2025\/06\/Australische-Pflanzen-Samen-Geschenkset-mit-3-typischen-Sorten-aus-Down-Under-0.jpg\",\"width\":500,\"height\":500},{\"@type\":\"BreadcrumbList\",\"@id\":\"https:\/\/travel-du.de\/reiseshop\/produkt\/australische-pflanzen-samen\/#breadcrumb\",\"itemListElement\":[{\"@type\":\"ListItem\",\"position\":1,\"name\":\"Startseite\",\"item\":\"https:\/\/travel-du.de\/reiseshop\/\"},{\"@type\":\"ListItem\",\"position\":2,\"name\":\"Shop\",\"item\":\"https:\/\/travel-du.de\/reiseshop\/shop\/\"},{\"@type\":\"ListItem\",\"position\":3,\"name\":\"Australische Pflanzen &#8211; Samen-Geschenkset (mit 3 typischen Sorten aus Down Under)\"}]},{\"@type\":\"WebSite\",\"@id\":\"https:\/\/travel-du.de\/reiseshop\/#website\",\"url\":\"https:\/\/travel-du.de\/reiseshop\/\",\"name\":\"Reiseshop Travel-du.de\",\"description\":\"Der Shop f\u00fcr Reisende, Weltenbummler und Abenteurer\",\"potentialAction\":[{\"@type\":\"SearchAction\",\"target\":{\"@type\":\"EntryPoint\",\"urlTemplate\":\"https:\/\/travel-du.de\/reiseshop\/?s={search_term_string}\"},\"query-input\":{\"@type\":\"PropertyValueSpecification\",\"valueRequired\":true,\"valueName\":\"search_term_string\"}}],\"inLanguage\":\"de\"}]}<\/script>\n<!-- \/ Yoast SEO plugin. -->","yoast_head_json":{"title":"Australische Pflanzen - Samen-Geschenkset (mit 3 typischen Sorten aus Down Under) &#8211; Reiseshop Travel-du.de","robots":{"index":"index","follow":"follow","max-snippet":"max-snippet:-1","max-image-preview":"max-image-preview:large","max-video-preview":"max-video-preview:-1"},"canonical":"https:\/\/travel-du.de\/reiseshop\/produkt\/australische-pflanzen-samen\/","og_locale":"de_DE","og_type":"article","og_title":"Australische Pflanzen - Samen-Geschenkset (mit 3 typischen Sorten aus Down Under) &#8211; Reiseshop Travel-du.de","og_description":"Wer sagt, Australien kann man\u00a0nur mit K\u00e4ngurus und\u00a0Koalas erleben? Dieses Samen-Geschenkset bringt\u00a0die faszinierende Pflanzenwelt Down Unders direkt ins\u00a0eigene Zuhause\u00a0\u2013 ganz ohne Buschfeuer oder giftige Spinnen!","og_url":"https:\/\/travel-du.de\/reiseshop\/produkt\/australische-pflanzen-samen\/","og_site_name":"Reiseshop Travel-du.de","article_modified_time":"2025-06-30T18:53:20+00:00","og_image":[{"width":500,"height":500,"url":"https:\/\/travel-du.de\/reiseshop\/wp-content\/uploads\/2025\/06\/Australische-Pflanzen-Samen-Geschenkset-mit-3-typischen-Sorten-aus-Down-Under-0.jpg","type":"image\/jpeg"}],"twitter_card":"summary_large_image","twitter_misc":{"Gesch\u00e4tzte Lesezeit":"1\u00a0Minute"},"schema":{"@context":"https:\/\/schema.org","@graph":[{"@type":"WebPage","@id":"https:\/\/travel-du.de\/reiseshop\/produkt\/australische-pflanzen-samen\/","url":"https:\/\/travel-du.de\/reiseshop\/produkt\/australische-pflanzen-samen\/","name":"Australische Pflanzen - Samen-Geschenkset (mit 3 typischen Sorten aus Down Under) &#8211; Reiseshop Travel-du.de","isPartOf":{"@id":"https:\/\/travel-du.de\/reiseshop\/#website"},"primaryImageOfPage":{"@id":"https:\/\/travel-du.de\/reiseshop\/produkt\/australische-pflanzen-samen\/#primaryimage"},"image":{"@id":"https:\/\/travel-du.de\/reiseshop\/produkt\/australische-pflanzen-samen\/#primaryimage"},"thumbnailUrl":"https:\/\/travel-du.de\/reiseshop\/wp-content\/uploads\/2025\/06\/Australische-Pflanzen-Samen-Geschenkset-mit-3-typischen-Sorten-aus-Down-Under-0.jpg","datePublished":"2025-06-30T17:30:04+00:00","dateModified":"2025-06-30T18:53:20+00:00","breadcrumb":{"@id":"https:\/\/travel-du.de\/reiseshop\/produkt\/australische-pflanzen-samen\/#breadcrumb"},"inLanguage":"de","potentialAction":[{"@type":"ReadAction","target":["https:\/\/travel-du.de\/reiseshop\/produkt\/australische-pflanzen-samen\/"]}]},{"@type":"ImageObject","inLanguage":"de","@id":"https:\/\/travel-du.de\/reiseshop\/produkt\/australische-pflanzen-samen\/#primaryimage","url":"https:\/\/travel-du.de\/reiseshop\/wp-content\/uploads\/2025\/06\/Australische-Pflanzen-Samen-Geschenkset-mit-3-typischen-Sorten-aus-Down-Under-0.jpg","contentUrl":"https:\/\/travel-du.de\/reiseshop\/wp-content\/uploads\/2025\/06\/Australische-Pflanzen-Samen-Geschenkset-mit-3-typischen-Sorten-aus-Down-Under-0.jpg","width":500,"height":500},{"@type":"BreadcrumbList","@id":"https:\/\/travel-du.de\/reiseshop\/produkt\/australische-pflanzen-samen\/#breadcrumb","itemListElement":[{"@type":"ListItem","position":1,"name":"Startseite","item":"https:\/\/travel-du.de\/reiseshop\/"},{"@type":"ListItem","position":2,"name":"Shop","item":"https:\/\/travel-du.de\/reiseshop\/shop\/"},{"@type":"ListItem","position":3,"name":"Australische Pflanzen &#8211; Samen-Geschenkset (mit 3 typischen Sorten aus Down Under)"}]},{"@type":"WebSite","@id":"https:\/\/travel-du.de\/reiseshop\/#website","url":"https:\/\/travel-du.de\/reiseshop\/","name":"Reiseshop Travel-du.de","description":"Der Shop f\u00fcr Reisende, Weltenbummler und Abenteurer","potentialAction":[{"@type":"SearchAction","target":{"@type":"EntryPoint","urlTemplate":"https:\/\/travel-du.de\/reiseshop\/?s={search_term_string}"},"query-input":{"@type":"PropertyValueSpecification","valueRequired":true,"valueName":"search_term_string"}}],"inLanguage":"de"}]}},"_links":{"self":[{"href":"https:\/\/travel-du.de\/reiseshop\/wp-json\/wp\/v2\/product\/5068","targetHints":{"allow":["GET"]}}],"collection":[{"href":"https:\/\/travel-du.de\/reiseshop\/wp-json\/wp\/v2\/product"}],"about":[{"href":"https:\/\/travel-du.de\/reiseshop\/wp-json\/wp\/v2\/types\/product"}],"replies":[{"embeddable":true,"href":"https:\/\/travel-du.de\/reiseshop\/wp-json\/wp\/v2\/comments?post=5068"}],"wp:featuredmedia":[{"embeddable":true,"href":"https:\/\/travel-du.de\/reiseshop\/wp-json\/wp\/v2\/media\/5069"}],"wp:attachment":[{"href":"https:\/\/travel-du.de\/reiseshop\/wp-json\/wp\/v2\/media?parent=5068"}],"wp:term":[{"taxonomy":"product_brand","embeddable":true,"href":"https:\/\/travel-du.de\/reiseshop\/wp-json\/wp\/v2\/product_brand?post=5068"},{"taxonomy":"product_cat","embeddable":true,"href":"https:\/\/travel-du.de\/reiseshop\/wp-json\/wp\/v2\/product_cat?post=5068"},{"taxonomy":"product_tag","embeddable":true,"href":"https:\/\/travel-du.de\/reiseshop\/wp-json\/wp\/v2\/product_tag?post=5068"}],"curies":[{"name":"wp","href":"https:\/\/api.w.org\/{rel}","templated":true}]}}