{"id":5046,"date":"2025-06-30T19:28:35","date_gmt":"2025-06-30T17:28:35","guid":{"rendered":"https:\/\/travel-du.de\/reiseshop\/produkt\/zauberdeko-geldgeschenk-verpackung-australien-kaenguru-urlaub-reise-work-and-travel-geschenk-backpacking\/"},"modified":"2025-06-30T20:58:32","modified_gmt":"2025-06-30T18:58:32","slug":"geldgeschenk-australien-kaenguru","status":"publish","type":"product","link":"https:\/\/travel-du.de\/reiseshop\/produkt\/geldgeschenk-australien-kaenguru\/","title":{"rendered":"Geldgeschenk Australien K\u00e4nguru"},"content":{"rendered":"<p>&nbsp;<\/p>\n<p class=\"my-0\">Diese handgefertigte Geldgeschenk-Verpackung aus festem, wei\u00dfem Karton (ca. 16,5 x 16,5 x 4 cm) besticht durch einen transparenten Schiebedeckel und liebevolle Details. Im Inneren warten echte Naturmaterialien wie Sand, Holzst\u00fccke und Moos, kombiniert mit einem gedruckten Hintergrund, der das Australien-Motiv perfekt in Szene setzt.<\/p>\n<p class=\"my-0\">Der Geldschein oder Gutschein wird einfach an einer vorgesehenen Klammer befestigt und harmonisch integriert \u2013 so wird das Geschenk zum echten Hingucker.<\/p>\n<p class=\"my-0\">Ideal als Geschenk zum Auslandsjahr, Work &amp; Travel, Weltreise oder als besondere Verpackung f\u00fcr Geburtstage, Hochzeiten, Schulabschl\u00fcsse und Verabschiedungen. Ein kreatives Pr\u00e4sent f\u00fcr alle, die gro\u00dfe Abenteuer lieben!<\/p>\n<div class=\"main-cross-sell\" data-asin=\"B07ZHR7GN7\">\n\n\t<div class=\"WooZone-cross-sell-loader\">\n\t\t<div>\n\t\t\t<div id=\"floatingBarsG\">\n\t\t\t\t<div class=\"blockG\" id=\"rotateG_01\"><\/div>\n\t\t\t\t<div class=\"blockG\" id=\"rotateG_02\"><\/div>\n\t\t\t\t<div class=\"blockG\" id=\"rotateG_03\"><\/div>\n\t\t\t\t<div class=\"blockG\" id=\"rotateG_04\"><\/div>\n\t\t\t\t<div class=\"blockG\" id=\"rotateG_05\"><\/div>\n\t\t\t\t<div class=\"blockG\" id=\"rotateG_06\"><\/div>\n\t\t\t\t<div class=\"blockG\" id=\"rotateG_07\"><\/div>\n\t\t\t\t<div class=\"blockG\" id=\"rotateG_08\"><\/div>\n\t\t\t<\/div>\n\t\t\t<div class=\"WooZone-cross-sell-loader-text\"><\/div>\n\t\t<\/div>\n\t<\/div>\n\n\t\t\n<\/div>\n<div style=\"clear:both;\"><\/div>\n","protected":false},"excerpt":{"rendered":"<p class=\"my-0\">Geld schenken ist nicht langweilig. Mit dieser K\u00e4nguru-Geldgeschenk-Verpackung h\u00fcpft das Pr\u00e4sent direkt ins Herz \u2013 und bringt Australien-Feeling ganz ohne Jetlag mit!<\/p>\n","protected":false},"featured_media":5047,"comment_status":"closed","ping_status":"closed","template":"","meta":[],"product_brand":[],"product_cat":[120,121],"product_tag":[],"class_list":{"0":"post-5046","1":"product","2":"type-product","3":"status-publish","4":"has-post-thumbnail","6":"product_cat-reise-geschenke","7":"product_cat-australien-geschenk","9":"first","10":"instock","11":"shipping-taxable","12":"product-type-external"},"yoast_head":"<!-- This site is optimized with the Yoast SEO plugin v26.2 - https:\/\/yoast.com\/wordpress\/plugins\/seo\/ -->\n<title>Geldgeschenk Australien K\u00e4nguru &#8211; Reiseshop Travel-du.de<\/title>\n<meta name=\"robots\" content=\"index, follow, max-snippet:-1, max-image-preview:large, max-video-preview:-1\" \/>\n<link rel=\"canonical\" href=\"https:\/\/travel-du.de\/reiseshop\/produkt\/geldgeschenk-australien-kaenguru\/\" \/>\n<meta property=\"og:locale\" content=\"de_DE\" \/>\n<meta property=\"og:type\" content=\"article\" \/>\n<meta property=\"og:title\" content=\"Geldgeschenk Australien K\u00e4nguru &#8211; Reiseshop Travel-du.de\" \/>\n<meta property=\"og:description\" content=\"Geld schenken ist nicht langweilig. Mit dieser K\u00e4nguru-Geldgeschenk-Verpackung h\u00fcpft das Pr\u00e4sent direkt ins Herz \u2013 und bringt Australien-Feeling ganz ohne Jetlag mit!\" \/>\n<meta property=\"og:url\" content=\"https:\/\/travel-du.de\/reiseshop\/produkt\/geldgeschenk-australien-kaenguru\/\" \/>\n<meta property=\"og:site_name\" content=\"Reiseshop Travel-du.de\" \/>\n<meta property=\"article:modified_time\" content=\"2025-06-30T18:58:32+00:00\" \/>\n<meta property=\"og:image\" content=\"https:\/\/travel-du.de\/reiseshop\/wp-content\/uploads\/2025\/06\/ZauberDeko-Geldgeschenk-Verpackung-Australien-Kaenguru-Urlaub-Reise-Work-and-Travel-Geschenk-Backpacking-0.jpg\" \/>\n\t<meta property=\"og:image:width\" content=\"492\" \/>\n\t<meta property=\"og:image:height\" content=\"500\" \/>\n\t<meta property=\"og:image:type\" content=\"image\/jpeg\" \/>\n<meta name=\"twitter:card\" content=\"summary_large_image\" \/>\n<meta name=\"twitter:label1\" content=\"Gesch\u00e4tzte Lesezeit\" \/>\n\t<meta name=\"twitter:data1\" content=\"1\u00a0Minute\" \/>\n<script type=\"application\/ld+json\" class=\"yoast-schema-graph\">{\"@context\":\"https:\/\/schema.org\",\"@graph\":[{\"@type\":\"WebPage\",\"@id\":\"https:\/\/travel-du.de\/reiseshop\/produkt\/geldgeschenk-australien-kaenguru\/\",\"url\":\"https:\/\/travel-du.de\/reiseshop\/produkt\/geldgeschenk-australien-kaenguru\/\",\"name\":\"Geldgeschenk Australien K\u00e4nguru &#8211; Reiseshop Travel-du.de\",\"isPartOf\":{\"@id\":\"https:\/\/travel-du.de\/reiseshop\/#website\"},\"primaryImageOfPage\":{\"@id\":\"https:\/\/travel-du.de\/reiseshop\/produkt\/geldgeschenk-australien-kaenguru\/#primaryimage\"},\"image\":{\"@id\":\"https:\/\/travel-du.de\/reiseshop\/produkt\/geldgeschenk-australien-kaenguru\/#primaryimage\"},\"thumbnailUrl\":\"https:\/\/travel-du.de\/reiseshop\/wp-content\/uploads\/2025\/06\/ZauberDeko-Geldgeschenk-Verpackung-Australien-Kaenguru-Urlaub-Reise-Work-and-Travel-Geschenk-Backpacking-0.jpg\",\"datePublished\":\"2025-06-30T17:28:35+00:00\",\"dateModified\":\"2025-06-30T18:58:32+00:00\",\"breadcrumb\":{\"@id\":\"https:\/\/travel-du.de\/reiseshop\/produkt\/geldgeschenk-australien-kaenguru\/#breadcrumb\"},\"inLanguage\":\"de\",\"potentialAction\":[{\"@type\":\"ReadAction\",\"target\":[\"https:\/\/travel-du.de\/reiseshop\/produkt\/geldgeschenk-australien-kaenguru\/\"]}]},{\"@type\":\"ImageObject\",\"inLanguage\":\"de\",\"@id\":\"https:\/\/travel-du.de\/reiseshop\/produkt\/geldgeschenk-australien-kaenguru\/#primaryimage\",\"url\":\"https:\/\/travel-du.de\/reiseshop\/wp-content\/uploads\/2025\/06\/ZauberDeko-Geldgeschenk-Verpackung-Australien-Kaenguru-Urlaub-Reise-Work-and-Travel-Geschenk-Backpacking-0.jpg\",\"contentUrl\":\"https:\/\/travel-du.de\/reiseshop\/wp-content\/uploads\/2025\/06\/ZauberDeko-Geldgeschenk-Verpackung-Australien-Kaenguru-Urlaub-Reise-Work-and-Travel-Geschenk-Backpacking-0.jpg\",\"width\":492,\"height\":500},{\"@type\":\"BreadcrumbList\",\"@id\":\"https:\/\/travel-du.de\/reiseshop\/produkt\/geldgeschenk-australien-kaenguru\/#breadcrumb\",\"itemListElement\":[{\"@type\":\"ListItem\",\"position\":1,\"name\":\"Startseite\",\"item\":\"https:\/\/travel-du.de\/reiseshop\/\"},{\"@type\":\"ListItem\",\"position\":2,\"name\":\"Shop\",\"item\":\"https:\/\/travel-du.de\/reiseshop\/shop\/\"},{\"@type\":\"ListItem\",\"position\":3,\"name\":\"Geldgeschenk Australien K\u00e4nguru\"}]},{\"@type\":\"WebSite\",\"@id\":\"https:\/\/travel-du.de\/reiseshop\/#website\",\"url\":\"https:\/\/travel-du.de\/reiseshop\/\",\"name\":\"Reiseshop Travel-du.de\",\"description\":\"Der Shop f\u00fcr Reisende, Weltenbummler und Abenteurer\",\"potentialAction\":[{\"@type\":\"SearchAction\",\"target\":{\"@type\":\"EntryPoint\",\"urlTemplate\":\"https:\/\/travel-du.de\/reiseshop\/?s={search_term_string}\"},\"query-input\":{\"@type\":\"PropertyValueSpecification\",\"valueRequired\":true,\"valueName\":\"search_term_string\"}}],\"inLanguage\":\"de\"}]}<\/script>\n<!-- \/ Yoast SEO plugin. -->","yoast_head_json":{"title":"Geldgeschenk Australien K\u00e4nguru &#8211; Reiseshop Travel-du.de","robots":{"index":"index","follow":"follow","max-snippet":"max-snippet:-1","max-image-preview":"max-image-preview:large","max-video-preview":"max-video-preview:-1"},"canonical":"https:\/\/travel-du.de\/reiseshop\/produkt\/geldgeschenk-australien-kaenguru\/","og_locale":"de_DE","og_type":"article","og_title":"Geldgeschenk Australien K\u00e4nguru &#8211; Reiseshop Travel-du.de","og_description":"Geld schenken ist nicht langweilig. Mit dieser K\u00e4nguru-Geldgeschenk-Verpackung h\u00fcpft das Pr\u00e4sent direkt ins Herz \u2013 und bringt Australien-Feeling ganz ohne Jetlag mit!","og_url":"https:\/\/travel-du.de\/reiseshop\/produkt\/geldgeschenk-australien-kaenguru\/","og_site_name":"Reiseshop Travel-du.de","article_modified_time":"2025-06-30T18:58:32+00:00","og_image":[{"width":492,"height":500,"url":"https:\/\/travel-du.de\/reiseshop\/wp-content\/uploads\/2025\/06\/ZauberDeko-Geldgeschenk-Verpackung-Australien-Kaenguru-Urlaub-Reise-Work-and-Travel-Geschenk-Backpacking-0.jpg","type":"image\/jpeg"}],"twitter_card":"summary_large_image","twitter_misc":{"Gesch\u00e4tzte Lesezeit":"1\u00a0Minute"},"schema":{"@context":"https:\/\/schema.org","@graph":[{"@type":"WebPage","@id":"https:\/\/travel-du.de\/reiseshop\/produkt\/geldgeschenk-australien-kaenguru\/","url":"https:\/\/travel-du.de\/reiseshop\/produkt\/geldgeschenk-australien-kaenguru\/","name":"Geldgeschenk Australien K\u00e4nguru &#8211; Reiseshop Travel-du.de","isPartOf":{"@id":"https:\/\/travel-du.de\/reiseshop\/#website"},"primaryImageOfPage":{"@id":"https:\/\/travel-du.de\/reiseshop\/produkt\/geldgeschenk-australien-kaenguru\/#primaryimage"},"image":{"@id":"https:\/\/travel-du.de\/reiseshop\/produkt\/geldgeschenk-australien-kaenguru\/#primaryimage"},"thumbnailUrl":"https:\/\/travel-du.de\/reiseshop\/wp-content\/uploads\/2025\/06\/ZauberDeko-Geldgeschenk-Verpackung-Australien-Kaenguru-Urlaub-Reise-Work-and-Travel-Geschenk-Backpacking-0.jpg","datePublished":"2025-06-30T17:28:35+00:00","dateModified":"2025-06-30T18:58:32+00:00","breadcrumb":{"@id":"https:\/\/travel-du.de\/reiseshop\/produkt\/geldgeschenk-australien-kaenguru\/#breadcrumb"},"inLanguage":"de","potentialAction":[{"@type":"ReadAction","target":["https:\/\/travel-du.de\/reiseshop\/produkt\/geldgeschenk-australien-kaenguru\/"]}]},{"@type":"ImageObject","inLanguage":"de","@id":"https:\/\/travel-du.de\/reiseshop\/produkt\/geldgeschenk-australien-kaenguru\/#primaryimage","url":"https:\/\/travel-du.de\/reiseshop\/wp-content\/uploads\/2025\/06\/ZauberDeko-Geldgeschenk-Verpackung-Australien-Kaenguru-Urlaub-Reise-Work-and-Travel-Geschenk-Backpacking-0.jpg","contentUrl":"https:\/\/travel-du.de\/reiseshop\/wp-content\/uploads\/2025\/06\/ZauberDeko-Geldgeschenk-Verpackung-Australien-Kaenguru-Urlaub-Reise-Work-and-Travel-Geschenk-Backpacking-0.jpg","width":492,"height":500},{"@type":"BreadcrumbList","@id":"https:\/\/travel-du.de\/reiseshop\/produkt\/geldgeschenk-australien-kaenguru\/#breadcrumb","itemListElement":[{"@type":"ListItem","position":1,"name":"Startseite","item":"https:\/\/travel-du.de\/reiseshop\/"},{"@type":"ListItem","position":2,"name":"Shop","item":"https:\/\/travel-du.de\/reiseshop\/shop\/"},{"@type":"ListItem","position":3,"name":"Geldgeschenk Australien K\u00e4nguru"}]},{"@type":"WebSite","@id":"https:\/\/travel-du.de\/reiseshop\/#website","url":"https:\/\/travel-du.de\/reiseshop\/","name":"Reiseshop Travel-du.de","description":"Der Shop f\u00fcr Reisende, Weltenbummler und Abenteurer","potentialAction":[{"@type":"SearchAction","target":{"@type":"EntryPoint","urlTemplate":"https:\/\/travel-du.de\/reiseshop\/?s={search_term_string}"},"query-input":{"@type":"PropertyValueSpecification","valueRequired":true,"valueName":"search_term_string"}}],"inLanguage":"de"}]}},"_links":{"self":[{"href":"https:\/\/travel-du.de\/reiseshop\/wp-json\/wp\/v2\/product\/5046","targetHints":{"allow":["GET"]}}],"collection":[{"href":"https:\/\/travel-du.de\/reiseshop\/wp-json\/wp\/v2\/product"}],"about":[{"href":"https:\/\/travel-du.de\/reiseshop\/wp-json\/wp\/v2\/types\/product"}],"replies":[{"embeddable":true,"href":"https:\/\/travel-du.de\/reiseshop\/wp-json\/wp\/v2\/comments?post=5046"}],"wp:featuredmedia":[{"embeddable":true,"href":"https:\/\/travel-du.de\/reiseshop\/wp-json\/wp\/v2\/media\/5047"}],"wp:attachment":[{"href":"https:\/\/travel-du.de\/reiseshop\/wp-json\/wp\/v2\/media?parent=5046"}],"wp:term":[{"taxonomy":"product_brand","embeddable":true,"href":"https:\/\/travel-du.de\/reiseshop\/wp-json\/wp\/v2\/product_brand?post=5046"},{"taxonomy":"product_cat","embeddable":true,"href":"https:\/\/travel-du.de\/reiseshop\/wp-json\/wp\/v2\/product_cat?post=5046"},{"taxonomy":"product_tag","embeddable":true,"href":"https:\/\/travel-du.de\/reiseshop\/wp-json\/wp\/v2\/product_tag?post=5046"}],"curies":[{"name":"wp","href":"https:\/\/api.w.org\/{rel}","templated":true}]}}