{"id":5029,"date":"2025-06-30T19:27:36","date_gmt":"2025-06-30T17:27:36","guid":{"rendered":"https:\/\/travel-du.de\/reiseshop\/produkt\/koala-ohrringe-925-sterling-silber-niedliche-tier-ohrstecker-koala-baer-ohrringe-schmuck-koala-geschenke-fuer-frauen-maedchen-freundin\/"},"modified":"2025-06-30T20:56:58","modified_gmt":"2025-06-30T18:56:58","slug":"koala-ohrringe","status":"publish","type":"product","link":"https:\/\/travel-du.de\/reiseshop\/produkt\/koala-ohrringe\/","title":{"rendered":"Coole Koala Ohrringe"},"content":{"rendered":"<p class=\"my-0\">Der kleine Koala, der friedlich an einem Ast schlummert, steht f\u00fcr Stabilit\u00e4t, Frieden und die wichtigen Momente des Innehaltens im hektischen Alltag. Diese Ohrstecker sind nicht nur niedlich, sondern auch ein liebevolles Geschenk f\u00fcr Freunde und Familie, um gemeinsame Zeit zu feiern.<\/p>\n<p class=\"my-0\"><strong><button class=\"hover:duration-80 duration-800 cursor-pointer text-left align-baseline inline underline decoration-textOff\/25 decoration-1 underline-offset-[5px] animate-underlineFade after:content-[&quot;&quot;] hover:text-super hover:decoration-super\/80 hover:underline-offset-[7px] dark:decoration-textOffDark\/30 dark:hover:decoration-super\/80 transition-all motion-reduce:transition-none appearance-none bg-transparent border-0 p-0 m-0 [td_&amp;]:table-cell align-baseline inline-block align-top\" type=\"button\" data-state=\"closed\">Material &amp; Qualit\u00e4t<\/button><\/strong><br \/>\nGefertigt aus 925er Sterlingsilber, hochglanzpoliert und hypoallergen \u2013 nickelfrei, bleifrei und cadmiumfrei \u2013 sind die Ohrringe auch f\u00fcr empfindliche Ohren bestens geeignet.<\/p>\n<p class=\"my-0\"><strong><button class=\"hover:duration-80 duration-800 cursor-pointer text-left align-baseline inline underline decoration-textOff\/25 decoration-1 underline-offset-[5px] animate-underlineFade after:content-[&quot;&quot;] hover:text-super hover:decoration-super\/80 hover:underline-offset-[7px] dark:decoration-textOffDark\/30 dark:hover:decoration-super\/80 transition-all motion-reduce:transition-none appearance-none bg-transparent border-0 p-0 m-0 [td_&amp;]:table-cell align-baseline inline-block align-top\" type=\"button\" data-state=\"closed\">Gr\u00f6\u00dfe &amp; Design<\/button><\/strong><br \/>\nMit einer zierlichen Gr\u00f6\u00dfe von 12,5 mm x 7 mm sind die Koalas perfekt f\u00fcr jugendliche M\u00e4dchen oder alle, die es dezent und s\u00fc\u00df m\u00f6gen.<\/p>\n<p class=\"my-0\"><strong><button class=\"hover:duration-80 duration-800 cursor-pointer text-left align-baseline inline underline decoration-textOff\/25 decoration-1 underline-offset-[5px] animate-underlineFade after:content-[&quot;&quot;] hover:text-super hover:decoration-super\/80 hover:underline-offset-[7px] dark:decoration-textOffDark\/30 dark:hover:decoration-super\/80 transition-all motion-reduce:transition-none appearance-none bg-transparent border-0 p-0 m-0 [td_&amp;]:table-cell align-baseline inline-block align-top\" type=\"button\" data-state=\"closed\">Perfektes Geschenk<\/button><\/strong><br \/>\nGeliefert in einer eleganten Schmuck-Geschenkbox, eignen sich die Ohrringe ideal f\u00fcr Geburtstage, Jubil\u00e4en, Weihnachten, Muttertag, Valentinstag oder einfach als liebevolle \u00dcberraschung f\u00fcr Mama, Tochter, Schwiegermutter oder beste Freundin.<\/p>\n<p class=\"my-0\"><strong><button class=\"hover:duration-80 duration-800 cursor-pointer text-left align-baseline inline underline decoration-textOff\/25 decoration-1 underline-offset-[5px] animate-underlineFade after:content-[&quot;&quot;] hover:text-super hover:decoration-super\/80 hover:underline-offset-[7px] dark:decoration-textOffDark\/30 dark:hover:decoration-super\/80 transition-all motion-reduce:transition-none appearance-none bg-transparent border-0 p-0 m-0 [td_&amp;]:table-cell align-baseline inline-block align-top\" type=\"button\" data-state=\"closed\">Kundenservice<\/button><\/strong><br \/>\nJeder Artikel wird sorgf\u00e4ltig gepr\u00fcft, um h\u00f6chste Qualit\u00e4t zu garantieren. Bei Fragen oder Problemen steht ein freundlicher Kundenservice jederzeit zur Verf\u00fcgung.<\/p>\n<p class=\"my-0\">Diese Koala-Ohrringe sind das perfekte Accessoire, um ein bisschen australische Gem\u00fctlichkeit in den Alltag zu bringen!<\/p>\n<div class=\"main-cross-sell\" data-asin=\"B09CQ3J4ZF\">\n\n\t<div class=\"WooZone-cross-sell-loader\">\n\t\t<div>\n\t\t\t<div id=\"floatingBarsG\">\n\t\t\t\t<div class=\"blockG\" id=\"rotateG_01\"><\/div>\n\t\t\t\t<div class=\"blockG\" id=\"rotateG_02\"><\/div>\n\t\t\t\t<div class=\"blockG\" id=\"rotateG_03\"><\/div>\n\t\t\t\t<div class=\"blockG\" id=\"rotateG_04\"><\/div>\n\t\t\t\t<div class=\"blockG\" id=\"rotateG_05\"><\/div>\n\t\t\t\t<div class=\"blockG\" id=\"rotateG_06\"><\/div>\n\t\t\t\t<div class=\"blockG\" id=\"rotateG_07\"><\/div>\n\t\t\t\t<div class=\"blockG\" id=\"rotateG_08\"><\/div>\n\t\t\t<\/div>\n\t\t\t<div class=\"WooZone-cross-sell-loader-text\"><\/div>\n\t\t<\/div>\n\t<\/div>\n\n\t\t\n<\/div>\n<div style=\"clear:both;\"><\/div>\n","protected":false},"excerpt":{"rendered":"<p class=\"my-0\">Wer m\u00f6chte nicht ein St\u00fcck von Australiens s\u00fc\u00dfestem Kuscheltier bei sich tragen? Diese Koala-Ohrringe erinnern daran, einfach mal abzuh\u00e4ngen und das Leben entspannt zu genie\u00dfen \u2013 ganz wie der gem\u00fctliche Koala am Baum!<\/p>\n","protected":false},"featured_media":5030,"comment_status":"closed","ping_status":"closed","template":"","meta":[],"product_brand":[],"product_cat":[120,121],"product_tag":[],"class_list":{"0":"post-5029","1":"product","2":"type-product","3":"status-publish","4":"has-post-thumbnail","6":"product_cat-reise-geschenke","7":"product_cat-australien-geschenk","9":"first","10":"instock","11":"shipping-taxable","12":"product-type-external"},"yoast_head":"<!-- This site is optimized with the Yoast SEO plugin v26.2 - https:\/\/yoast.com\/wordpress\/plugins\/seo\/ -->\n<title>Coole Koala Ohrringe &#8211; Reiseshop Travel-du.de<\/title>\n<meta name=\"robots\" content=\"index, follow, max-snippet:-1, max-image-preview:large, max-video-preview:-1\" \/>\n<link rel=\"canonical\" href=\"https:\/\/travel-du.de\/reiseshop\/produkt\/koala-ohrringe\/\" \/>\n<meta property=\"og:locale\" content=\"de_DE\" \/>\n<meta property=\"og:type\" content=\"article\" \/>\n<meta property=\"og:title\" content=\"Coole Koala Ohrringe &#8211; Reiseshop Travel-du.de\" \/>\n<meta property=\"og:description\" content=\"Wer m\u00f6chte nicht ein St\u00fcck von Australiens s\u00fc\u00dfestem Kuscheltier bei sich tragen? Diese Koala-Ohrringe erinnern daran, einfach mal abzuh\u00e4ngen und das Leben entspannt zu genie\u00dfen \u2013 ganz wie der gem\u00fctliche Koala am Baum!\" \/>\n<meta property=\"og:url\" content=\"https:\/\/travel-du.de\/reiseshop\/produkt\/koala-ohrringe\/\" \/>\n<meta property=\"og:site_name\" content=\"Reiseshop Travel-du.de\" \/>\n<meta property=\"article:modified_time\" content=\"2025-06-30T18:56:58+00:00\" \/>\n<meta property=\"og:image\" content=\"https:\/\/travel-du.de\/reiseshop\/wp-content\/uploads\/2025\/06\/Koala-Ohrringe-925-Sterling-Silber-Niedliche-Tier-Ohrstecker-Koala-Baer-Ohrringe-Schmuck-Koala-Geschenke-fuer-Frauen-Maedchen-Freundin-0.jpg\" \/>\n\t<meta property=\"og:image:width\" content=\"500\" \/>\n\t<meta property=\"og:image:height\" content=\"500\" \/>\n\t<meta property=\"og:image:type\" content=\"image\/jpeg\" \/>\n<meta name=\"twitter:card\" content=\"summary_large_image\" \/>\n<meta name=\"twitter:label1\" content=\"Gesch\u00e4tzte Lesezeit\" \/>\n\t<meta name=\"twitter:data1\" content=\"2\u00a0Minuten\" \/>\n<script type=\"application\/ld+json\" class=\"yoast-schema-graph\">{\"@context\":\"https:\/\/schema.org\",\"@graph\":[{\"@type\":\"WebPage\",\"@id\":\"https:\/\/travel-du.de\/reiseshop\/produkt\/koala-ohrringe\/\",\"url\":\"https:\/\/travel-du.de\/reiseshop\/produkt\/koala-ohrringe\/\",\"name\":\"Coole Koala Ohrringe &#8211; Reiseshop Travel-du.de\",\"isPartOf\":{\"@id\":\"https:\/\/travel-du.de\/reiseshop\/#website\"},\"primaryImageOfPage\":{\"@id\":\"https:\/\/travel-du.de\/reiseshop\/produkt\/koala-ohrringe\/#primaryimage\"},\"image\":{\"@id\":\"https:\/\/travel-du.de\/reiseshop\/produkt\/koala-ohrringe\/#primaryimage\"},\"thumbnailUrl\":\"https:\/\/travel-du.de\/reiseshop\/wp-content\/uploads\/2025\/06\/Koala-Ohrringe-925-Sterling-Silber-Niedliche-Tier-Ohrstecker-Koala-Baer-Ohrringe-Schmuck-Koala-Geschenke-fuer-Frauen-Maedchen-Freundin-0.jpg\",\"datePublished\":\"2025-06-30T17:27:36+00:00\",\"dateModified\":\"2025-06-30T18:56:58+00:00\",\"breadcrumb\":{\"@id\":\"https:\/\/travel-du.de\/reiseshop\/produkt\/koala-ohrringe\/#breadcrumb\"},\"inLanguage\":\"de\",\"potentialAction\":[{\"@type\":\"ReadAction\",\"target\":[\"https:\/\/travel-du.de\/reiseshop\/produkt\/koala-ohrringe\/\"]}]},{\"@type\":\"ImageObject\",\"inLanguage\":\"de\",\"@id\":\"https:\/\/travel-du.de\/reiseshop\/produkt\/koala-ohrringe\/#primaryimage\",\"url\":\"https:\/\/travel-du.de\/reiseshop\/wp-content\/uploads\/2025\/06\/Koala-Ohrringe-925-Sterling-Silber-Niedliche-Tier-Ohrstecker-Koala-Baer-Ohrringe-Schmuck-Koala-Geschenke-fuer-Frauen-Maedchen-Freundin-0.jpg\",\"contentUrl\":\"https:\/\/travel-du.de\/reiseshop\/wp-content\/uploads\/2025\/06\/Koala-Ohrringe-925-Sterling-Silber-Niedliche-Tier-Ohrstecker-Koala-Baer-Ohrringe-Schmuck-Koala-Geschenke-fuer-Frauen-Maedchen-Freundin-0.jpg\",\"width\":500,\"height\":500},{\"@type\":\"BreadcrumbList\",\"@id\":\"https:\/\/travel-du.de\/reiseshop\/produkt\/koala-ohrringe\/#breadcrumb\",\"itemListElement\":[{\"@type\":\"ListItem\",\"position\":1,\"name\":\"Startseite\",\"item\":\"https:\/\/travel-du.de\/reiseshop\/\"},{\"@type\":\"ListItem\",\"position\":2,\"name\":\"Shop\",\"item\":\"https:\/\/travel-du.de\/reiseshop\/shop\/\"},{\"@type\":\"ListItem\",\"position\":3,\"name\":\"Coole Koala Ohrringe\"}]},{\"@type\":\"WebSite\",\"@id\":\"https:\/\/travel-du.de\/reiseshop\/#website\",\"url\":\"https:\/\/travel-du.de\/reiseshop\/\",\"name\":\"Reiseshop Travel-du.de\",\"description\":\"Der Shop f\u00fcr Reisende, Weltenbummler und Abenteurer\",\"potentialAction\":[{\"@type\":\"SearchAction\",\"target\":{\"@type\":\"EntryPoint\",\"urlTemplate\":\"https:\/\/travel-du.de\/reiseshop\/?s={search_term_string}\"},\"query-input\":{\"@type\":\"PropertyValueSpecification\",\"valueRequired\":true,\"valueName\":\"search_term_string\"}}],\"inLanguage\":\"de\"}]}<\/script>\n<!-- \/ Yoast SEO plugin. -->","yoast_head_json":{"title":"Coole Koala Ohrringe &#8211; Reiseshop Travel-du.de","robots":{"index":"index","follow":"follow","max-snippet":"max-snippet:-1","max-image-preview":"max-image-preview:large","max-video-preview":"max-video-preview:-1"},"canonical":"https:\/\/travel-du.de\/reiseshop\/produkt\/koala-ohrringe\/","og_locale":"de_DE","og_type":"article","og_title":"Coole Koala Ohrringe &#8211; Reiseshop Travel-du.de","og_description":"Wer m\u00f6chte nicht ein St\u00fcck von Australiens s\u00fc\u00dfestem Kuscheltier bei sich tragen? Diese Koala-Ohrringe erinnern daran, einfach mal abzuh\u00e4ngen und das Leben entspannt zu genie\u00dfen \u2013 ganz wie der gem\u00fctliche Koala am Baum!","og_url":"https:\/\/travel-du.de\/reiseshop\/produkt\/koala-ohrringe\/","og_site_name":"Reiseshop Travel-du.de","article_modified_time":"2025-06-30T18:56:58+00:00","og_image":[{"width":500,"height":500,"url":"https:\/\/travel-du.de\/reiseshop\/wp-content\/uploads\/2025\/06\/Koala-Ohrringe-925-Sterling-Silber-Niedliche-Tier-Ohrstecker-Koala-Baer-Ohrringe-Schmuck-Koala-Geschenke-fuer-Frauen-Maedchen-Freundin-0.jpg","type":"image\/jpeg"}],"twitter_card":"summary_large_image","twitter_misc":{"Gesch\u00e4tzte Lesezeit":"2\u00a0Minuten"},"schema":{"@context":"https:\/\/schema.org","@graph":[{"@type":"WebPage","@id":"https:\/\/travel-du.de\/reiseshop\/produkt\/koala-ohrringe\/","url":"https:\/\/travel-du.de\/reiseshop\/produkt\/koala-ohrringe\/","name":"Coole Koala Ohrringe &#8211; Reiseshop Travel-du.de","isPartOf":{"@id":"https:\/\/travel-du.de\/reiseshop\/#website"},"primaryImageOfPage":{"@id":"https:\/\/travel-du.de\/reiseshop\/produkt\/koala-ohrringe\/#primaryimage"},"image":{"@id":"https:\/\/travel-du.de\/reiseshop\/produkt\/koala-ohrringe\/#primaryimage"},"thumbnailUrl":"https:\/\/travel-du.de\/reiseshop\/wp-content\/uploads\/2025\/06\/Koala-Ohrringe-925-Sterling-Silber-Niedliche-Tier-Ohrstecker-Koala-Baer-Ohrringe-Schmuck-Koala-Geschenke-fuer-Frauen-Maedchen-Freundin-0.jpg","datePublished":"2025-06-30T17:27:36+00:00","dateModified":"2025-06-30T18:56:58+00:00","breadcrumb":{"@id":"https:\/\/travel-du.de\/reiseshop\/produkt\/koala-ohrringe\/#breadcrumb"},"inLanguage":"de","potentialAction":[{"@type":"ReadAction","target":["https:\/\/travel-du.de\/reiseshop\/produkt\/koala-ohrringe\/"]}]},{"@type":"ImageObject","inLanguage":"de","@id":"https:\/\/travel-du.de\/reiseshop\/produkt\/koala-ohrringe\/#primaryimage","url":"https:\/\/travel-du.de\/reiseshop\/wp-content\/uploads\/2025\/06\/Koala-Ohrringe-925-Sterling-Silber-Niedliche-Tier-Ohrstecker-Koala-Baer-Ohrringe-Schmuck-Koala-Geschenke-fuer-Frauen-Maedchen-Freundin-0.jpg","contentUrl":"https:\/\/travel-du.de\/reiseshop\/wp-content\/uploads\/2025\/06\/Koala-Ohrringe-925-Sterling-Silber-Niedliche-Tier-Ohrstecker-Koala-Baer-Ohrringe-Schmuck-Koala-Geschenke-fuer-Frauen-Maedchen-Freundin-0.jpg","width":500,"height":500},{"@type":"BreadcrumbList","@id":"https:\/\/travel-du.de\/reiseshop\/produkt\/koala-ohrringe\/#breadcrumb","itemListElement":[{"@type":"ListItem","position":1,"name":"Startseite","item":"https:\/\/travel-du.de\/reiseshop\/"},{"@type":"ListItem","position":2,"name":"Shop","item":"https:\/\/travel-du.de\/reiseshop\/shop\/"},{"@type":"ListItem","position":3,"name":"Coole Koala Ohrringe"}]},{"@type":"WebSite","@id":"https:\/\/travel-du.de\/reiseshop\/#website","url":"https:\/\/travel-du.de\/reiseshop\/","name":"Reiseshop Travel-du.de","description":"Der Shop f\u00fcr Reisende, Weltenbummler und Abenteurer","potentialAction":[{"@type":"SearchAction","target":{"@type":"EntryPoint","urlTemplate":"https:\/\/travel-du.de\/reiseshop\/?s={search_term_string}"},"query-input":{"@type":"PropertyValueSpecification","valueRequired":true,"valueName":"search_term_string"}}],"inLanguage":"de"}]}},"_links":{"self":[{"href":"https:\/\/travel-du.de\/reiseshop\/wp-json\/wp\/v2\/product\/5029","targetHints":{"allow":["GET"]}}],"collection":[{"href":"https:\/\/travel-du.de\/reiseshop\/wp-json\/wp\/v2\/product"}],"about":[{"href":"https:\/\/travel-du.de\/reiseshop\/wp-json\/wp\/v2\/types\/product"}],"replies":[{"embeddable":true,"href":"https:\/\/travel-du.de\/reiseshop\/wp-json\/wp\/v2\/comments?post=5029"}],"wp:featuredmedia":[{"embeddable":true,"href":"https:\/\/travel-du.de\/reiseshop\/wp-json\/wp\/v2\/media\/5030"}],"wp:attachment":[{"href":"https:\/\/travel-du.de\/reiseshop\/wp-json\/wp\/v2\/media?parent=5029"}],"wp:term":[{"taxonomy":"product_brand","embeddable":true,"href":"https:\/\/travel-du.de\/reiseshop\/wp-json\/wp\/v2\/product_brand?post=5029"},{"taxonomy":"product_cat","embeddable":true,"href":"https:\/\/travel-du.de\/reiseshop\/wp-json\/wp\/v2\/product_cat?post=5029"},{"taxonomy":"product_tag","embeddable":true,"href":"https:\/\/travel-du.de\/reiseshop\/wp-json\/wp\/v2\/product_tag?post=5029"}],"curies":[{"name":"wp","href":"https:\/\/api.w.org\/{rel}","templated":true}]}}