{"id":4952,"date":"2025-06-30T19:11:22","date_gmt":"2025-06-30T17:11:22","guid":{"rendered":"https:\/\/travel-du.de\/reiseshop\/produkt\/miniblings-wombat-australien-schluesselanhaenger-handmade-modeschmuck-i-anhaenger-schluesselring-schluesselband-keyring-wombat-australien\/"},"modified":"2025-06-30T20:41:49","modified_gmt":"2025-06-30T18:41:49","slug":"wombat-schluesselanhaenger","status":"publish","type":"product","link":"https:\/\/travel-du.de\/reiseshop\/produkt\/wombat-schluesselanhaenger\/","title":{"rendered":"Wombat Schl\u00fcsselanh\u00e4nger"},"content":{"rendered":"<p>Niedlicher Wombat denn Schl\u00fcsselanh\u00e4nger. Plan B Tiere im Shop erh\u00e4ltlich! &#8211; Material Guru: Hartgummi &#8211; Gr\u00f6\u00dfe des Anh\u00e4ngers: 45mm Lieferumfang: 1 Schl\u00fcsselanh\u00e4nger<br \/>\nVORTEILE: Zugunsten Allergiker sinnvoll<br \/>\nQUALIT\u00c4T: Liebevolle Handarbeit die Gesamtheit Deutschland die Gesamtheit unserer Werkstatt in Berlin!<br \/>\nFR\u00d6HLICHE GESCHENKE: Miniblings eignen sich wunderbar um Ihren Liebsten eine Gaudi zu machen &#8211; Perfekt denn Geschenk Zugunsten den Schulanfang, Namenstag, Geburtstag, bestandene Erforschung, Verlobung, Hochzeit, Kindergeburtstag, Party, Konfirmation, uvm.<br \/>\nMEHRWERT: In unserem Shop erhalten Sie die Plan B Gr\u00f6\u00dfen und Farben. Dennoch feilbieten wir noch ausgefallenen Damenschmuck, Herrenschmuck, Kinderschmuck, Wohnaccessoires, Spielzeug und DIY Deutschland!<br \/>\n<div class=\"main-cross-sell\" data-asin=\"B01MTAVZI6\">\n\n\t<div class=\"WooZone-cross-sell-loader\">\n\t\t<div>\n\t\t\t<div id=\"floatingBarsG\">\n\t\t\t\t<div class=\"blockG\" id=\"rotateG_01\"><\/div>\n\t\t\t\t<div class=\"blockG\" id=\"rotateG_02\"><\/div>\n\t\t\t\t<div class=\"blockG\" id=\"rotateG_03\"><\/div>\n\t\t\t\t<div class=\"blockG\" id=\"rotateG_04\"><\/div>\n\t\t\t\t<div class=\"blockG\" id=\"rotateG_05\"><\/div>\n\t\t\t\t<div class=\"blockG\" id=\"rotateG_06\"><\/div>\n\t\t\t\t<div class=\"blockG\" id=\"rotateG_07\"><\/div>\n\t\t\t\t<div class=\"blockG\" id=\"rotateG_08\"><\/div>\n\t\t\t<\/div>\n\t\t\t<div class=\"WooZone-cross-sell-loader-text\"><\/div>\n\t\t<\/div>\n\t<\/div>\n\n\t\t\n<\/div>\n<div style=\"clear:both;\"><\/div><\/p>\n","protected":false},"excerpt":{"rendered":"<p>Niedlicher Wombat als Schl\u00fcsselanh\u00e4nger. Andere Tiere im Shop erh\u00e4ltlich! &#8211; Material Anh\u00e4nger: Hartgummi &#8211; Gr\u00f6\u00dfe des Anh\u00e4ngers: 45mm Lieferumfang: 1 Schl\u00fcsselanh\u00e4nger<br \/>\nVORTEILE: F\u00fcr Allergiker geeignet<br \/>\nQUALIT\u00c4T: Liebevolle Handarbeit aus Deutschland aus unserer Werkstatt in Berlin!<\/p>\n","protected":false},"featured_media":4953,"comment_status":"closed","ping_status":"closed","template":"","meta":[],"product_brand":[],"product_cat":[3818],"product_tag":[],"class_list":{"0":"post-4952","1":"product","2":"type-product","3":"status-publish","4":"has-post-thumbnail","6":"product_cat-unkategorisiert","8":"first","9":"instock","10":"shipping-taxable","11":"product-type-external"},"yoast_head":"<!-- This site is optimized with the Yoast SEO plugin v26.2 - https:\/\/yoast.com\/wordpress\/plugins\/seo\/ -->\n<title>Wombat Schl\u00fcsselanh\u00e4nger &#8211; Reiseshop Travel-du.de<\/title>\n<meta name=\"robots\" content=\"index, follow, max-snippet:-1, max-image-preview:large, max-video-preview:-1\" \/>\n<link rel=\"canonical\" href=\"https:\/\/travel-du.de\/reiseshop\/produkt\/wombat-schluesselanhaenger\/\" \/>\n<meta property=\"og:locale\" content=\"de_DE\" \/>\n<meta property=\"og:type\" content=\"article\" \/>\n<meta property=\"og:title\" content=\"Wombat Schl\u00fcsselanh\u00e4nger &#8211; Reiseshop Travel-du.de\" \/>\n<meta property=\"og:description\" content=\"Niedlicher Wombat als Schl\u00fcsselanh\u00e4nger. Andere Tiere im Shop erh\u00e4ltlich! - Material Anh\u00e4nger: Hartgummi - Gr\u00f6\u00dfe des Anh\u00e4ngers: 45mm Lieferumfang: 1 Schl\u00fcsselanh\u00e4nger VORTEILE: F\u00fcr Allergiker geeignet QUALIT\u00c4T: Liebevolle Handarbeit aus Deutschland aus unserer Werkstatt in Berlin!\" \/>\n<meta property=\"og:url\" content=\"https:\/\/travel-du.de\/reiseshop\/produkt\/wombat-schluesselanhaenger\/\" \/>\n<meta property=\"og:site_name\" content=\"Reiseshop Travel-du.de\" \/>\n<meta property=\"article:modified_time\" content=\"2025-06-30T18:41:49+00:00\" \/>\n<meta property=\"og:image\" content=\"https:\/\/travel-du.de\/reiseshop\/wp-content\/uploads\/2025\/06\/Miniblings-Wombat-Australien-Schluesselanhaenger-Handmade-Modeschmuck-I-Anhaenger-Schluesselring-Schluesselband-Keyring-Wombat-Australien-0.jpg\" \/>\n\t<meta property=\"og:image:width\" content=\"500\" \/>\n\t<meta property=\"og:image:height\" content=\"375\" \/>\n\t<meta property=\"og:image:type\" content=\"image\/jpeg\" \/>\n<meta name=\"twitter:card\" content=\"summary_large_image\" \/>\n<meta name=\"twitter:label1\" content=\"Gesch\u00e4tzte Lesezeit\" \/>\n\t<meta name=\"twitter:data1\" content=\"1\u00a0Minute\" \/>\n<script type=\"application\/ld+json\" class=\"yoast-schema-graph\">{\"@context\":\"https:\/\/schema.org\",\"@graph\":[{\"@type\":\"WebPage\",\"@id\":\"https:\/\/travel-du.de\/reiseshop\/produkt\/wombat-schluesselanhaenger\/\",\"url\":\"https:\/\/travel-du.de\/reiseshop\/produkt\/wombat-schluesselanhaenger\/\",\"name\":\"Wombat Schl\u00fcsselanh\u00e4nger &#8211; Reiseshop Travel-du.de\",\"isPartOf\":{\"@id\":\"https:\/\/travel-du.de\/reiseshop\/#website\"},\"primaryImageOfPage\":{\"@id\":\"https:\/\/travel-du.de\/reiseshop\/produkt\/wombat-schluesselanhaenger\/#primaryimage\"},\"image\":{\"@id\":\"https:\/\/travel-du.de\/reiseshop\/produkt\/wombat-schluesselanhaenger\/#primaryimage\"},\"thumbnailUrl\":\"https:\/\/travel-du.de\/reiseshop\/wp-content\/uploads\/2025\/06\/Miniblings-Wombat-Australien-Schluesselanhaenger-Handmade-Modeschmuck-I-Anhaenger-Schluesselring-Schluesselband-Keyring-Wombat-Australien-0.jpg\",\"datePublished\":\"2025-06-30T17:11:22+00:00\",\"dateModified\":\"2025-06-30T18:41:49+00:00\",\"breadcrumb\":{\"@id\":\"https:\/\/travel-du.de\/reiseshop\/produkt\/wombat-schluesselanhaenger\/#breadcrumb\"},\"inLanguage\":\"de\",\"potentialAction\":[{\"@type\":\"ReadAction\",\"target\":[\"https:\/\/travel-du.de\/reiseshop\/produkt\/wombat-schluesselanhaenger\/\"]}]},{\"@type\":\"ImageObject\",\"inLanguage\":\"de\",\"@id\":\"https:\/\/travel-du.de\/reiseshop\/produkt\/wombat-schluesselanhaenger\/#primaryimage\",\"url\":\"https:\/\/travel-du.de\/reiseshop\/wp-content\/uploads\/2025\/06\/Miniblings-Wombat-Australien-Schluesselanhaenger-Handmade-Modeschmuck-I-Anhaenger-Schluesselring-Schluesselband-Keyring-Wombat-Australien-0.jpg\",\"contentUrl\":\"https:\/\/travel-du.de\/reiseshop\/wp-content\/uploads\/2025\/06\/Miniblings-Wombat-Australien-Schluesselanhaenger-Handmade-Modeschmuck-I-Anhaenger-Schluesselring-Schluesselband-Keyring-Wombat-Australien-0.jpg\",\"width\":500,\"height\":375},{\"@type\":\"BreadcrumbList\",\"@id\":\"https:\/\/travel-du.de\/reiseshop\/produkt\/wombat-schluesselanhaenger\/#breadcrumb\",\"itemListElement\":[{\"@type\":\"ListItem\",\"position\":1,\"name\":\"Startseite\",\"item\":\"https:\/\/travel-du.de\/reiseshop\/\"},{\"@type\":\"ListItem\",\"position\":2,\"name\":\"Shop\",\"item\":\"https:\/\/travel-du.de\/reiseshop\/shop\/\"},{\"@type\":\"ListItem\",\"position\":3,\"name\":\"Wombat Schl\u00fcsselanh\u00e4nger\"}]},{\"@type\":\"WebSite\",\"@id\":\"https:\/\/travel-du.de\/reiseshop\/#website\",\"url\":\"https:\/\/travel-du.de\/reiseshop\/\",\"name\":\"Reiseshop Travel-du.de\",\"description\":\"Der Shop f\u00fcr Reisende, Weltenbummler und Abenteurer\",\"potentialAction\":[{\"@type\":\"SearchAction\",\"target\":{\"@type\":\"EntryPoint\",\"urlTemplate\":\"https:\/\/travel-du.de\/reiseshop\/?s={search_term_string}\"},\"query-input\":{\"@type\":\"PropertyValueSpecification\",\"valueRequired\":true,\"valueName\":\"search_term_string\"}}],\"inLanguage\":\"de\"}]}<\/script>\n<!-- \/ Yoast SEO plugin. -->","yoast_head_json":{"title":"Wombat Schl\u00fcsselanh\u00e4nger &#8211; Reiseshop Travel-du.de","robots":{"index":"index","follow":"follow","max-snippet":"max-snippet:-1","max-image-preview":"max-image-preview:large","max-video-preview":"max-video-preview:-1"},"canonical":"https:\/\/travel-du.de\/reiseshop\/produkt\/wombat-schluesselanhaenger\/","og_locale":"de_DE","og_type":"article","og_title":"Wombat Schl\u00fcsselanh\u00e4nger &#8211; Reiseshop Travel-du.de","og_description":"Niedlicher Wombat als Schl\u00fcsselanh\u00e4nger. Andere Tiere im Shop erh\u00e4ltlich! - Material Anh\u00e4nger: Hartgummi - Gr\u00f6\u00dfe des Anh\u00e4ngers: 45mm Lieferumfang: 1 Schl\u00fcsselanh\u00e4nger VORTEILE: F\u00fcr Allergiker geeignet QUALIT\u00c4T: Liebevolle Handarbeit aus Deutschland aus unserer Werkstatt in Berlin!","og_url":"https:\/\/travel-du.de\/reiseshop\/produkt\/wombat-schluesselanhaenger\/","og_site_name":"Reiseshop Travel-du.de","article_modified_time":"2025-06-30T18:41:49+00:00","og_image":[{"width":500,"height":375,"url":"https:\/\/travel-du.de\/reiseshop\/wp-content\/uploads\/2025\/06\/Miniblings-Wombat-Australien-Schluesselanhaenger-Handmade-Modeschmuck-I-Anhaenger-Schluesselring-Schluesselband-Keyring-Wombat-Australien-0.jpg","type":"image\/jpeg"}],"twitter_card":"summary_large_image","twitter_misc":{"Gesch\u00e4tzte Lesezeit":"1\u00a0Minute"},"schema":{"@context":"https:\/\/schema.org","@graph":[{"@type":"WebPage","@id":"https:\/\/travel-du.de\/reiseshop\/produkt\/wombat-schluesselanhaenger\/","url":"https:\/\/travel-du.de\/reiseshop\/produkt\/wombat-schluesselanhaenger\/","name":"Wombat Schl\u00fcsselanh\u00e4nger &#8211; Reiseshop Travel-du.de","isPartOf":{"@id":"https:\/\/travel-du.de\/reiseshop\/#website"},"primaryImageOfPage":{"@id":"https:\/\/travel-du.de\/reiseshop\/produkt\/wombat-schluesselanhaenger\/#primaryimage"},"image":{"@id":"https:\/\/travel-du.de\/reiseshop\/produkt\/wombat-schluesselanhaenger\/#primaryimage"},"thumbnailUrl":"https:\/\/travel-du.de\/reiseshop\/wp-content\/uploads\/2025\/06\/Miniblings-Wombat-Australien-Schluesselanhaenger-Handmade-Modeschmuck-I-Anhaenger-Schluesselring-Schluesselband-Keyring-Wombat-Australien-0.jpg","datePublished":"2025-06-30T17:11:22+00:00","dateModified":"2025-06-30T18:41:49+00:00","breadcrumb":{"@id":"https:\/\/travel-du.de\/reiseshop\/produkt\/wombat-schluesselanhaenger\/#breadcrumb"},"inLanguage":"de","potentialAction":[{"@type":"ReadAction","target":["https:\/\/travel-du.de\/reiseshop\/produkt\/wombat-schluesselanhaenger\/"]}]},{"@type":"ImageObject","inLanguage":"de","@id":"https:\/\/travel-du.de\/reiseshop\/produkt\/wombat-schluesselanhaenger\/#primaryimage","url":"https:\/\/travel-du.de\/reiseshop\/wp-content\/uploads\/2025\/06\/Miniblings-Wombat-Australien-Schluesselanhaenger-Handmade-Modeschmuck-I-Anhaenger-Schluesselring-Schluesselband-Keyring-Wombat-Australien-0.jpg","contentUrl":"https:\/\/travel-du.de\/reiseshop\/wp-content\/uploads\/2025\/06\/Miniblings-Wombat-Australien-Schluesselanhaenger-Handmade-Modeschmuck-I-Anhaenger-Schluesselring-Schluesselband-Keyring-Wombat-Australien-0.jpg","width":500,"height":375},{"@type":"BreadcrumbList","@id":"https:\/\/travel-du.de\/reiseshop\/produkt\/wombat-schluesselanhaenger\/#breadcrumb","itemListElement":[{"@type":"ListItem","position":1,"name":"Startseite","item":"https:\/\/travel-du.de\/reiseshop\/"},{"@type":"ListItem","position":2,"name":"Shop","item":"https:\/\/travel-du.de\/reiseshop\/shop\/"},{"@type":"ListItem","position":3,"name":"Wombat Schl\u00fcsselanh\u00e4nger"}]},{"@type":"WebSite","@id":"https:\/\/travel-du.de\/reiseshop\/#website","url":"https:\/\/travel-du.de\/reiseshop\/","name":"Reiseshop Travel-du.de","description":"Der Shop f\u00fcr Reisende, Weltenbummler und Abenteurer","potentialAction":[{"@type":"SearchAction","target":{"@type":"EntryPoint","urlTemplate":"https:\/\/travel-du.de\/reiseshop\/?s={search_term_string}"},"query-input":{"@type":"PropertyValueSpecification","valueRequired":true,"valueName":"search_term_string"}}],"inLanguage":"de"}]}},"_links":{"self":[{"href":"https:\/\/travel-du.de\/reiseshop\/wp-json\/wp\/v2\/product\/4952","targetHints":{"allow":["GET"]}}],"collection":[{"href":"https:\/\/travel-du.de\/reiseshop\/wp-json\/wp\/v2\/product"}],"about":[{"href":"https:\/\/travel-du.de\/reiseshop\/wp-json\/wp\/v2\/types\/product"}],"replies":[{"embeddable":true,"href":"https:\/\/travel-du.de\/reiseshop\/wp-json\/wp\/v2\/comments?post=4952"}],"wp:featuredmedia":[{"embeddable":true,"href":"https:\/\/travel-du.de\/reiseshop\/wp-json\/wp\/v2\/media\/4953"}],"wp:attachment":[{"href":"https:\/\/travel-du.de\/reiseshop\/wp-json\/wp\/v2\/media?parent=4952"}],"wp:term":[{"taxonomy":"product_brand","embeddable":true,"href":"https:\/\/travel-du.de\/reiseshop\/wp-json\/wp\/v2\/product_brand?post=4952"},{"taxonomy":"product_cat","embeddable":true,"href":"https:\/\/travel-du.de\/reiseshop\/wp-json\/wp\/v2\/product_cat?post=4952"},{"taxonomy":"product_tag","embeddable":true,"href":"https:\/\/travel-du.de\/reiseshop\/wp-json\/wp\/v2\/product_tag?post=4952"}],"curies":[{"name":"wp","href":"https:\/\/api.w.org\/{rel}","templated":true}]}}