{"id":489,"date":"2016-12-26T21:38:37","date_gmt":"2016-12-26T20:38:37","guid":{"rendered":"http:\/\/travel-du.de\/reiseshop\/produkt\/waeschesack-waeschesammler-waeschetasche-waesche-tasche-sammler-sortierer-sack\/"},"modified":"2016-12-26T21:47:41","modified_gmt":"2016-12-26T20:47:41","slug":"waeschesack-waeschesammler-waeschetasche-waesche-tasche-sammler-sortierer-sack","status":"publish","type":"product","link":"https:\/\/travel-du.de\/reiseshop\/produkt\/waeschesack-waeschesammler-waeschetasche-waesche-tasche-sammler-sortierer-sack\/","title":{"rendered":"W\u00e4schesack"},"content":{"rendered":"<p>Super praktisch f\u00fcr unterwegs: Ein W\u00e4schesack, in den du deine dreckige W\u00e4sche zwischenlagern kannst. Wichtig ist, das du daf\u00fcr keine Plastikbeutel nimmst, damit sich keine Feuchtigkeit anstauen kann und so deine W\u00e4sche anf\u00e4ngt zu schimmeln. Mit diesem Baumwolle-Beutel bist du deshalb auf der sicheren Seite.<\/p>\n<p>Mit Hilfe der integrierten Kordel kannst du den Beutel auch an einem Wandhaken befestigen. Unbenutzt l\u00e4sst sich der W\u00e4schesack zu einem kleinen P\u00e4ckchen zusammenfalten und Platz sparend verstauen.<\/p>\n<p><strong>Daten:<\/strong><\/p>\n<ul>\n<li>Ma\u00dfe\/Breite\/H\u00f6he\/Tiefe\/cm: 60\/70\/50<\/li>\n<li>F\u00fcllmenge: ca. 15 kg<\/li>\n<li>Gewicht: 167 Gramm<\/li>\n<li>Material: Baumwolle<\/li>\n<li>waschbar bei 40 Grad<\/li>\n<li>Verpackung: Polybag<\/li>\n<li>Lieferumfang: 1 W\u00e4schesack\u00a0mit Bemusterung<\/li>\n<li>mit integrierter Kordel<\/li>\n<\/ul>\n<div class=\"main-cross-sell\" data-asin=\"B00POXQ1YW\">\n\n\t<div class=\"WooZone-cross-sell-loader\">\n\t\t<div>\n\t\t\t<div id=\"floatingBarsG\">\n\t\t\t\t<div class=\"blockG\" id=\"rotateG_01\"><\/div>\n\t\t\t\t<div class=\"blockG\" id=\"rotateG_02\"><\/div>\n\t\t\t\t<div class=\"blockG\" id=\"rotateG_03\"><\/div>\n\t\t\t\t<div class=\"blockG\" id=\"rotateG_04\"><\/div>\n\t\t\t\t<div class=\"blockG\" id=\"rotateG_05\"><\/div>\n\t\t\t\t<div class=\"blockG\" id=\"rotateG_06\"><\/div>\n\t\t\t\t<div class=\"blockG\" id=\"rotateG_07\"><\/div>\n\t\t\t\t<div class=\"blockG\" id=\"rotateG_08\"><\/div>\n\t\t\t<\/div>\n\t\t\t<div class=\"WooZone-cross-sell-loader-text\"><\/div>\n\t\t<\/div>\n\t<\/div>\n\n\t\t\n<\/div>\n<div style=\"clear:both;\"><\/div>\n","protected":false},"excerpt":{"rendered":"<p>Super praktisch f\u00fcr unterwegs: Ein W\u00e4schesack, in den du deine dreckige W\u00e4sche zwischenlagern kannst. Wichtig ist, das du daf\u00fcr keine Plastikbeutel nimmst, damit sich keine Feuchtigkeit anstauen kann und so deine W\u00e4sche anf\u00e4ngt zu schimmeln. Mit diesem Baumwolle-Beutel bist du deshalb auf der sicheren Seite.<\/p>\n<p>Mit Hilfe der integrierten Kordel kannst du den Beutel auch an einem Wandhaken befestigen. Unbenutzt l\u00e4sst sich der W\u00e4schesack zu einem kleinen P\u00e4ckchen zusammenfalten und Platz sparend verstauen.<br \/>\n<a target=\"_blank\" href=\"https:\/\/www.amazon.de\/W%C3%A4schesack-W%C3%A4schesammler-W%C3%A4schetasche-Sammler-Sortierer\/dp\/B0051STIR2\/ref=as_li_ss_tl?ie=UTF8&#038;qid=1482784463&#038;sr=8-5&#038;keywords=W%C3%A4schesack+reisen&#038;linkCode=ll1&#038;tag=wwwtraveldude-21&#038;linkId=172f09bd6080dddfe4accec5e22c01e0\"><\/p>\n<div class=\"amazon-button\" style=\"text-align: center;\">\u21d2 Direkt bei Amazon bestellen.<\/div>\n<p><\/a><\/p>\n","protected":false},"featured_media":494,"comment_status":"open","ping_status":"closed","template":"","meta":[],"product_brand":[],"product_cat":[86,185],"product_tag":[],"class_list":{"0":"post-489","1":"product","2":"type-product","3":"status-publish","4":"has-post-thumbnail","6":"product_cat-unterwegs","7":"product_cat-nuetzliches-fuer-unterwegs-reisen","9":"first","10":"instock","11":"shipping-taxable","12":"product-type-external"},"yoast_head":"<!-- This site is optimized with the Yoast SEO plugin v26.2 - https:\/\/yoast.com\/wordpress\/plugins\/seo\/ -->\n<title>W\u00e4schesack &#8211; Reiseshop Travel-du.de<\/title>\n<meta name=\"robots\" content=\"index, follow, max-snippet:-1, max-image-preview:large, max-video-preview:-1\" \/>\n<link rel=\"canonical\" href=\"https:\/\/travel-du.de\/reiseshop\/produkt\/waeschesack-waeschesammler-waeschetasche-waesche-tasche-sammler-sortierer-sack\/\" \/>\n<meta property=\"og:locale\" content=\"de_DE\" \/>\n<meta property=\"og:type\" content=\"article\" \/>\n<meta property=\"og:title\" content=\"W\u00e4schesack &#8211; Reiseshop Travel-du.de\" \/>\n<meta property=\"og:description\" content=\"Super praktisch f\u00fcr unterwegs: Ein W\u00e4schesack, in den du deine dreckige W\u00e4sche zwischenlagern kannst. Wichtig ist, das du daf\u00fcr keine Plastikbeutel nimmst, damit sich keine Feuchtigkeit anstauen kann und so deine W\u00e4sche anf\u00e4ngt zu schimmeln. Mit diesem Baumwolle-Beutel bist du deshalb auf der sicheren Seite.  Mit Hilfe der integrierten Kordel kannst du den Beutel auch an einem Wandhaken befestigen. Unbenutzt l\u00e4sst sich der W\u00e4schesack zu einem kleinen P\u00e4ckchen zusammenfalten und Platz sparend verstauen.  \u21d2 Direkt bei Amazon bestellen.\" \/>\n<meta property=\"og:url\" content=\"https:\/\/travel-du.de\/reiseshop\/produkt\/waeschesack-waeschesammler-waeschetasche-waesche-tasche-sammler-sortierer-sack\/\" \/>\n<meta property=\"og:site_name\" content=\"Reiseshop Travel-du.de\" \/>\n<meta property=\"article:modified_time\" content=\"2016-12-26T20:47:41+00:00\" \/>\n<meta property=\"og:image\" content=\"https:\/\/travel-du.de\/reiseshop\/wp-content\/uploads\/2016\/12\/Wschesack-Wschesammler-Wschetasche-Wsche-Tasche-Sammler-Sortierer-Sack-0.jpg\" \/>\n\t<meta property=\"og:image:width\" content=\"500\" \/>\n\t<meta property=\"og:image:height\" content=\"301\" \/>\n\t<meta property=\"og:image:type\" content=\"image\/jpeg\" \/>\n<meta name=\"twitter:card\" content=\"summary_large_image\" \/>\n<meta name=\"twitter:label1\" content=\"Gesch\u00e4tzte Lesezeit\" \/>\n\t<meta name=\"twitter:data1\" content=\"1\u00a0Minute\" \/>\n<script type=\"application\/ld+json\" class=\"yoast-schema-graph\">{\"@context\":\"https:\/\/schema.org\",\"@graph\":[{\"@type\":\"WebPage\",\"@id\":\"https:\/\/travel-du.de\/reiseshop\/produkt\/waeschesack-waeschesammler-waeschetasche-waesche-tasche-sammler-sortierer-sack\/\",\"url\":\"https:\/\/travel-du.de\/reiseshop\/produkt\/waeschesack-waeschesammler-waeschetasche-waesche-tasche-sammler-sortierer-sack\/\",\"name\":\"W\u00e4schesack &#8211; Reiseshop Travel-du.de\",\"isPartOf\":{\"@id\":\"https:\/\/travel-du.de\/reiseshop\/#website\"},\"primaryImageOfPage\":{\"@id\":\"https:\/\/travel-du.de\/reiseshop\/produkt\/waeschesack-waeschesammler-waeschetasche-waesche-tasche-sammler-sortierer-sack\/#primaryimage\"},\"image\":{\"@id\":\"https:\/\/travel-du.de\/reiseshop\/produkt\/waeschesack-waeschesammler-waeschetasche-waesche-tasche-sammler-sortierer-sack\/#primaryimage\"},\"thumbnailUrl\":\"https:\/\/travel-du.de\/reiseshop\/wp-content\/uploads\/2016\/12\/Wschesack-Wschesammler-Wschetasche-Wsche-Tasche-Sammler-Sortierer-Sack-0.jpg\",\"datePublished\":\"2016-12-26T20:38:37+00:00\",\"dateModified\":\"2016-12-26T20:47:41+00:00\",\"breadcrumb\":{\"@id\":\"https:\/\/travel-du.de\/reiseshop\/produkt\/waeschesack-waeschesammler-waeschetasche-waesche-tasche-sammler-sortierer-sack\/#breadcrumb\"},\"inLanguage\":\"de\",\"potentialAction\":[{\"@type\":\"ReadAction\",\"target\":[\"https:\/\/travel-du.de\/reiseshop\/produkt\/waeschesack-waeschesammler-waeschetasche-waesche-tasche-sammler-sortierer-sack\/\"]}]},{\"@type\":\"ImageObject\",\"inLanguage\":\"de\",\"@id\":\"https:\/\/travel-du.de\/reiseshop\/produkt\/waeschesack-waeschesammler-waeschetasche-waesche-tasche-sammler-sortierer-sack\/#primaryimage\",\"url\":\"https:\/\/travel-du.de\/reiseshop\/wp-content\/uploads\/2016\/12\/Wschesack-Wschesammler-Wschetasche-Wsche-Tasche-Sammler-Sortierer-Sack-0.jpg\",\"contentUrl\":\"https:\/\/travel-du.de\/reiseshop\/wp-content\/uploads\/2016\/12\/Wschesack-Wschesammler-Wschetasche-Wsche-Tasche-Sammler-Sortierer-Sack-0.jpg\",\"width\":500,\"height\":301},{\"@type\":\"BreadcrumbList\",\"@id\":\"https:\/\/travel-du.de\/reiseshop\/produkt\/waeschesack-waeschesammler-waeschetasche-waesche-tasche-sammler-sortierer-sack\/#breadcrumb\",\"itemListElement\":[{\"@type\":\"ListItem\",\"position\":1,\"name\":\"Startseite\",\"item\":\"https:\/\/travel-du.de\/reiseshop\/\"},{\"@type\":\"ListItem\",\"position\":2,\"name\":\"Shop\",\"item\":\"https:\/\/travel-du.de\/reiseshop\/shop\/\"},{\"@type\":\"ListItem\",\"position\":3,\"name\":\"W\u00e4schesack\"}]},{\"@type\":\"WebSite\",\"@id\":\"https:\/\/travel-du.de\/reiseshop\/#website\",\"url\":\"https:\/\/travel-du.de\/reiseshop\/\",\"name\":\"Reiseshop Travel-du.de\",\"description\":\"Der Shop f\u00fcr Reisende, Weltenbummler und Abenteurer\",\"potentialAction\":[{\"@type\":\"SearchAction\",\"target\":{\"@type\":\"EntryPoint\",\"urlTemplate\":\"https:\/\/travel-du.de\/reiseshop\/?s={search_term_string}\"},\"query-input\":{\"@type\":\"PropertyValueSpecification\",\"valueRequired\":true,\"valueName\":\"search_term_string\"}}],\"inLanguage\":\"de\"}]}<\/script>\n<!-- \/ Yoast SEO plugin. -->","yoast_head_json":{"title":"W\u00e4schesack &#8211; Reiseshop Travel-du.de","robots":{"index":"index","follow":"follow","max-snippet":"max-snippet:-1","max-image-preview":"max-image-preview:large","max-video-preview":"max-video-preview:-1"},"canonical":"https:\/\/travel-du.de\/reiseshop\/produkt\/waeschesack-waeschesammler-waeschetasche-waesche-tasche-sammler-sortierer-sack\/","og_locale":"de_DE","og_type":"article","og_title":"W\u00e4schesack &#8211; Reiseshop Travel-du.de","og_description":"Super praktisch f\u00fcr unterwegs: Ein W\u00e4schesack, in den du deine dreckige W\u00e4sche zwischenlagern kannst. Wichtig ist, das du daf\u00fcr keine Plastikbeutel nimmst, damit sich keine Feuchtigkeit anstauen kann und so deine W\u00e4sche anf\u00e4ngt zu schimmeln. Mit diesem Baumwolle-Beutel bist du deshalb auf der sicheren Seite.  Mit Hilfe der integrierten Kordel kannst du den Beutel auch an einem Wandhaken befestigen. Unbenutzt l\u00e4sst sich der W\u00e4schesack zu einem kleinen P\u00e4ckchen zusammenfalten und Platz sparend verstauen.  \u21d2 Direkt bei Amazon bestellen.","og_url":"https:\/\/travel-du.de\/reiseshop\/produkt\/waeschesack-waeschesammler-waeschetasche-waesche-tasche-sammler-sortierer-sack\/","og_site_name":"Reiseshop Travel-du.de","article_modified_time":"2016-12-26T20:47:41+00:00","og_image":[{"width":500,"height":301,"url":"https:\/\/travel-du.de\/reiseshop\/wp-content\/uploads\/2016\/12\/Wschesack-Wschesammler-Wschetasche-Wsche-Tasche-Sammler-Sortierer-Sack-0.jpg","type":"image\/jpeg"}],"twitter_card":"summary_large_image","twitter_misc":{"Gesch\u00e4tzte Lesezeit":"1\u00a0Minute"},"schema":{"@context":"https:\/\/schema.org","@graph":[{"@type":"WebPage","@id":"https:\/\/travel-du.de\/reiseshop\/produkt\/waeschesack-waeschesammler-waeschetasche-waesche-tasche-sammler-sortierer-sack\/","url":"https:\/\/travel-du.de\/reiseshop\/produkt\/waeschesack-waeschesammler-waeschetasche-waesche-tasche-sammler-sortierer-sack\/","name":"W\u00e4schesack &#8211; Reiseshop Travel-du.de","isPartOf":{"@id":"https:\/\/travel-du.de\/reiseshop\/#website"},"primaryImageOfPage":{"@id":"https:\/\/travel-du.de\/reiseshop\/produkt\/waeschesack-waeschesammler-waeschetasche-waesche-tasche-sammler-sortierer-sack\/#primaryimage"},"image":{"@id":"https:\/\/travel-du.de\/reiseshop\/produkt\/waeschesack-waeschesammler-waeschetasche-waesche-tasche-sammler-sortierer-sack\/#primaryimage"},"thumbnailUrl":"https:\/\/travel-du.de\/reiseshop\/wp-content\/uploads\/2016\/12\/Wschesack-Wschesammler-Wschetasche-Wsche-Tasche-Sammler-Sortierer-Sack-0.jpg","datePublished":"2016-12-26T20:38:37+00:00","dateModified":"2016-12-26T20:47:41+00:00","breadcrumb":{"@id":"https:\/\/travel-du.de\/reiseshop\/produkt\/waeschesack-waeschesammler-waeschetasche-waesche-tasche-sammler-sortierer-sack\/#breadcrumb"},"inLanguage":"de","potentialAction":[{"@type":"ReadAction","target":["https:\/\/travel-du.de\/reiseshop\/produkt\/waeschesack-waeschesammler-waeschetasche-waesche-tasche-sammler-sortierer-sack\/"]}]},{"@type":"ImageObject","inLanguage":"de","@id":"https:\/\/travel-du.de\/reiseshop\/produkt\/waeschesack-waeschesammler-waeschetasche-waesche-tasche-sammler-sortierer-sack\/#primaryimage","url":"https:\/\/travel-du.de\/reiseshop\/wp-content\/uploads\/2016\/12\/Wschesack-Wschesammler-Wschetasche-Wsche-Tasche-Sammler-Sortierer-Sack-0.jpg","contentUrl":"https:\/\/travel-du.de\/reiseshop\/wp-content\/uploads\/2016\/12\/Wschesack-Wschesammler-Wschetasche-Wsche-Tasche-Sammler-Sortierer-Sack-0.jpg","width":500,"height":301},{"@type":"BreadcrumbList","@id":"https:\/\/travel-du.de\/reiseshop\/produkt\/waeschesack-waeschesammler-waeschetasche-waesche-tasche-sammler-sortierer-sack\/#breadcrumb","itemListElement":[{"@type":"ListItem","position":1,"name":"Startseite","item":"https:\/\/travel-du.de\/reiseshop\/"},{"@type":"ListItem","position":2,"name":"Shop","item":"https:\/\/travel-du.de\/reiseshop\/shop\/"},{"@type":"ListItem","position":3,"name":"W\u00e4schesack"}]},{"@type":"WebSite","@id":"https:\/\/travel-du.de\/reiseshop\/#website","url":"https:\/\/travel-du.de\/reiseshop\/","name":"Reiseshop Travel-du.de","description":"Der Shop f\u00fcr Reisende, Weltenbummler und Abenteurer","potentialAction":[{"@type":"SearchAction","target":{"@type":"EntryPoint","urlTemplate":"https:\/\/travel-du.de\/reiseshop\/?s={search_term_string}"},"query-input":{"@type":"PropertyValueSpecification","valueRequired":true,"valueName":"search_term_string"}}],"inLanguage":"de"}]}},"_links":{"self":[{"href":"https:\/\/travel-du.de\/reiseshop\/wp-json\/wp\/v2\/product\/489","targetHints":{"allow":["GET"]}}],"collection":[{"href":"https:\/\/travel-du.de\/reiseshop\/wp-json\/wp\/v2\/product"}],"about":[{"href":"https:\/\/travel-du.de\/reiseshop\/wp-json\/wp\/v2\/types\/product"}],"replies":[{"embeddable":true,"href":"https:\/\/travel-du.de\/reiseshop\/wp-json\/wp\/v2\/comments?post=489"}],"wp:featuredmedia":[{"embeddable":true,"href":"https:\/\/travel-du.de\/reiseshop\/wp-json\/wp\/v2\/media\/494"}],"wp:attachment":[{"href":"https:\/\/travel-du.de\/reiseshop\/wp-json\/wp\/v2\/media?parent=489"}],"wp:term":[{"taxonomy":"product_brand","embeddable":true,"href":"https:\/\/travel-du.de\/reiseshop\/wp-json\/wp\/v2\/product_brand?post=489"},{"taxonomy":"product_cat","embeddable":true,"href":"https:\/\/travel-du.de\/reiseshop\/wp-json\/wp\/v2\/product_cat?post=489"},{"taxonomy":"product_tag","embeddable":true,"href":"https:\/\/travel-du.de\/reiseshop\/wp-json\/wp\/v2\/product_tag?post=489"}],"curies":[{"name":"wp","href":"https:\/\/api.w.org\/{rel}","templated":true}]}}