{"id":482,"date":"2016-12-26T19:12:04","date_gmt":"2016-12-26T18:12:04","guid":{"rendered":"http:\/\/travel-du.de\/reiseshop\/produkt\/boarderlines-fuck-you-happiness\/"},"modified":"2025-08-11T08:27:06","modified_gmt":"2025-08-11T06:27:06","slug":"boarderlines-fuck-you-happiness","status":"publish","type":"product","link":"https:\/\/travel-du.de\/reiseshop\/produkt\/boarderlines-fuck-you-happiness\/","title":{"rendered":"Boarderlines &#8211; Fuck You Happiness"},"content":{"rendered":"<p><em>\u201eBoarderlines &#8211; Fuck You Happiness\u201c<\/em> ist die Fortsetzung des auto-biografischen Romans <a href=\"https:\/\/travel-du.de\/reiseshop\/produkt\/boarderlines\/\"><em>\u201eBorderlines\u201c<\/em> von Andreas Brendt<\/a>. Nachdem der geb\u00fcrtige K\u00f6lner 10 Jahre durch die Welt gereist und gesurft ist, steht er nun in Deutschland vor neuen Abenteuern. Wie f\u00fchlt es sich an, nach einer langen Reise wieder ins allt\u00e4gliche Leben zur\u00fcckzukehren? Und welche neuen Abenteuer warten auf einen? Dieses Buch gibt in einer unterhaltsamen Art Antworten auf diese Fragen, mit jeder Menge n\u00fctzlicher Lebensweisheiten vom Autor selbst.<\/p>\n<p><strong>geeignet f\u00fcr:\u00a0<\/strong><\/p>\n<ul>\n<li>Reisende mit einer Leidenschaft f\u00fcrs Surfen.<\/li>\n<li>Weltenbummler, die\u00a0von einer langen Reise zur\u00fcck kommen, und nicht wissen wie es weiter geht.<\/li>\n<\/ul>\n<p><strong>Daten:<\/strong><\/p>\n<ul>\n<li>Taschenbuch: 448 Seiten<\/li>\n<li>Verlag: Conbook Medien; Auflage: 2 (1. November 2016)<\/li>\n<li>Sprache: Deutsch<\/li>\n<li>ISBN-10: 3958891179<\/li>\n<li>ISBN-13: 978-3958891173<\/li>\n<li>Gr\u00f6\u00dfe und\/oder Gewicht: 12,6 x 3,5 x 18,8 cm<\/li>\n<\/ul>\n<div class=\"main-cross-sell\" data-asin=\"3958891179\">\n\n\t<div class=\"WooZone-cross-sell-loader\">\n\t\t<div>\n\t\t\t<div id=\"floatingBarsG\">\n\t\t\t\t<div class=\"blockG\" id=\"rotateG_01\"><\/div>\n\t\t\t\t<div class=\"blockG\" id=\"rotateG_02\"><\/div>\n\t\t\t\t<div class=\"blockG\" id=\"rotateG_03\"><\/div>\n\t\t\t\t<div class=\"blockG\" id=\"rotateG_04\"><\/div>\n\t\t\t\t<div class=\"blockG\" id=\"rotateG_05\"><\/div>\n\t\t\t\t<div class=\"blockG\" id=\"rotateG_06\"><\/div>\n\t\t\t\t<div class=\"blockG\" id=\"rotateG_07\"><\/div>\n\t\t\t\t<div class=\"blockG\" id=\"rotateG_08\"><\/div>\n\t\t\t<\/div>\n\t\t\t<div class=\"WooZone-cross-sell-loader-text\"><\/div>\n\t\t<\/div>\n\t<\/div>\n\n\t\t\n<\/div>\n<div style=\"clear:both;\"><\/div>\n","protected":false},"excerpt":{"rendered":"<p><em>\u201eBoarderlines &#8211; Fuck You Happiness\u201c<\/em> ist die Fortsetzung des auto-biografischen Romans <a href=\"https:\/\/travel-du.de\/reiseshop\/produkt\/boarderlines\/\"><em>\u201eBorderlines\u201c<\/em> von Andreas Brendt<\/a>. Nachdem der geb\u00fcrtige K\u00f6lner 10 Jahre durch die Welt gereist und gesurft ist, steht er nun in Deutschland vor neuen Abenteuern. Wie f\u00fchlt es sich an, nach einer langen Reise wieder ins allt\u00e4gliche Leben zur\u00fcckzukehren? Und welche neuen Abenteuer warten auf einen? Dieses Buch gibt in einer unterhaltsamen Art Antworten auf diese Fragen, mit jeder Menge n\u00fctzlicher Lebensweisheiten vom Autor selbst.<br \/>\n<a target=\"_blank\" href=\"https:\/\/www.amazon.de\/Boarderlines-Fuck-Happiness-Andreas-Brendt\/dp\/3958891179\/ref=as_li_ss_tl?ie=UTF8&#038;linkCode=ll1&#038;tag=wwwtraveldude-21&#038;linkId=1ed04e7aaf497671d4f40db908d594bb\"><\/p>\n<div class=\"amazon-button\" style=\"text-align: center;\">\u21d2 Direkt bei Amazon bestellen.<\/div>\n<p><\/a><\/p>\n","protected":false},"featured_media":483,"comment_status":"open","ping_status":"closed","template":"","meta":[],"product_brand":[],"product_cat":[87,101],"product_tag":[],"class_list":{"0":"post-482","1":"product","2":"type-product","3":"status-publish","4":"has-post-thumbnail","6":"product_cat-zu-hause","7":"product_cat-reiseliteratur","9":"first","10":"instock","11":"shipping-taxable","12":"product-type-external"},"yoast_head":"<!-- This site is optimized with the Yoast SEO plugin v26.2 - https:\/\/yoast.com\/wordpress\/plugins\/seo\/ -->\n<title>Boarderlines - Fuck You Happiness &#8211; Reiseshop Travel-du.de<\/title>\n<meta name=\"robots\" content=\"index, follow, max-snippet:-1, max-image-preview:large, max-video-preview:-1\" \/>\n<link rel=\"canonical\" href=\"https:\/\/travel-du.de\/reiseshop\/produkt\/boarderlines-fuck-you-happiness\/\" \/>\n<meta property=\"og:locale\" content=\"de_DE\" \/>\n<meta property=\"og:type\" content=\"article\" \/>\n<meta property=\"og:title\" content=\"Boarderlines - Fuck You Happiness &#8211; Reiseshop Travel-du.de\" \/>\n<meta property=\"og:description\" content=\"\u201eBoarderlines - Fuck You Happiness\u201c ist die Fortsetzung des auto-biografischen Romans \u201eBorderlines\u201c von Andreas Brendt. Nachdem der geb\u00fcrtige K\u00f6lner 10 Jahre durch die Welt gereist und gesurft ist, steht er nun in Deutschland vor neuen Abenteuern. Wie f\u00fchlt es sich an, nach einer langen Reise wieder ins allt\u00e4gliche Leben zur\u00fcckzukehren? Und welche neuen Abenteuer warten auf einen? Dieses Buch gibt in einer unterhaltsamen Art Antworten auf diese Fragen, mit jeder Menge n\u00fctzlicher Lebensweisheiten vom Autor selbst.  \u21d2 Direkt bei Amazon bestellen.\" \/>\n<meta property=\"og:url\" content=\"https:\/\/travel-du.de\/reiseshop\/produkt\/boarderlines-fuck-you-happiness\/\" \/>\n<meta property=\"og:site_name\" content=\"Reiseshop Travel-du.de\" \/>\n<meta property=\"article:modified_time\" content=\"2025-08-11T06:27:06+00:00\" \/>\n<meta property=\"og:image\" content=\"https:\/\/travel-du.de\/reiseshop\/wp-content\/uploads\/2016\/12\/Boarderlines-Fuck-You-Happiness-0.jpg\" \/>\n\t<meta property=\"og:image:width\" content=\"334\" \/>\n\t<meta property=\"og:image:height\" content=\"500\" \/>\n\t<meta property=\"og:image:type\" content=\"image\/jpeg\" \/>\n<meta name=\"twitter:card\" content=\"summary_large_image\" \/>\n<meta name=\"twitter:label1\" content=\"Gesch\u00e4tzte Lesezeit\" \/>\n\t<meta name=\"twitter:data1\" content=\"1\u00a0Minute\" \/>\n<script type=\"application\/ld+json\" class=\"yoast-schema-graph\">{\"@context\":\"https:\/\/schema.org\",\"@graph\":[{\"@type\":\"WebPage\",\"@id\":\"https:\/\/travel-du.de\/reiseshop\/produkt\/boarderlines-fuck-you-happiness\/\",\"url\":\"https:\/\/travel-du.de\/reiseshop\/produkt\/boarderlines-fuck-you-happiness\/\",\"name\":\"Boarderlines - Fuck You Happiness &#8211; Reiseshop Travel-du.de\",\"isPartOf\":{\"@id\":\"https:\/\/travel-du.de\/reiseshop\/#website\"},\"primaryImageOfPage\":{\"@id\":\"https:\/\/travel-du.de\/reiseshop\/produkt\/boarderlines-fuck-you-happiness\/#primaryimage\"},\"image\":{\"@id\":\"https:\/\/travel-du.de\/reiseshop\/produkt\/boarderlines-fuck-you-happiness\/#primaryimage\"},\"thumbnailUrl\":\"https:\/\/travel-du.de\/reiseshop\/wp-content\/uploads\/2016\/12\/Boarderlines-Fuck-You-Happiness-0.jpg\",\"datePublished\":\"2016-12-26T18:12:04+00:00\",\"dateModified\":\"2025-08-11T06:27:06+00:00\",\"breadcrumb\":{\"@id\":\"https:\/\/travel-du.de\/reiseshop\/produkt\/boarderlines-fuck-you-happiness\/#breadcrumb\"},\"inLanguage\":\"de\",\"potentialAction\":[{\"@type\":\"ReadAction\",\"target\":[\"https:\/\/travel-du.de\/reiseshop\/produkt\/boarderlines-fuck-you-happiness\/\"]}]},{\"@type\":\"ImageObject\",\"inLanguage\":\"de\",\"@id\":\"https:\/\/travel-du.de\/reiseshop\/produkt\/boarderlines-fuck-you-happiness\/#primaryimage\",\"url\":\"https:\/\/travel-du.de\/reiseshop\/wp-content\/uploads\/2016\/12\/Boarderlines-Fuck-You-Happiness-0.jpg\",\"contentUrl\":\"https:\/\/travel-du.de\/reiseshop\/wp-content\/uploads\/2016\/12\/Boarderlines-Fuck-You-Happiness-0.jpg\",\"width\":334,\"height\":500},{\"@type\":\"BreadcrumbList\",\"@id\":\"https:\/\/travel-du.de\/reiseshop\/produkt\/boarderlines-fuck-you-happiness\/#breadcrumb\",\"itemListElement\":[{\"@type\":\"ListItem\",\"position\":1,\"name\":\"Startseite\",\"item\":\"https:\/\/travel-du.de\/reiseshop\/\"},{\"@type\":\"ListItem\",\"position\":2,\"name\":\"Shop\",\"item\":\"https:\/\/travel-du.de\/reiseshop\/shop\/\"},{\"@type\":\"ListItem\",\"position\":3,\"name\":\"Boarderlines &#8211; Fuck You Happiness\"}]},{\"@type\":\"WebSite\",\"@id\":\"https:\/\/travel-du.de\/reiseshop\/#website\",\"url\":\"https:\/\/travel-du.de\/reiseshop\/\",\"name\":\"Reiseshop Travel-du.de\",\"description\":\"Der Shop f\u00fcr Reisende, Weltenbummler und Abenteurer\",\"potentialAction\":[{\"@type\":\"SearchAction\",\"target\":{\"@type\":\"EntryPoint\",\"urlTemplate\":\"https:\/\/travel-du.de\/reiseshop\/?s={search_term_string}\"},\"query-input\":{\"@type\":\"PropertyValueSpecification\",\"valueRequired\":true,\"valueName\":\"search_term_string\"}}],\"inLanguage\":\"de\"}]}<\/script>\n<!-- \/ Yoast SEO plugin. -->","yoast_head_json":{"title":"Boarderlines - Fuck You Happiness &#8211; Reiseshop Travel-du.de","robots":{"index":"index","follow":"follow","max-snippet":"max-snippet:-1","max-image-preview":"max-image-preview:large","max-video-preview":"max-video-preview:-1"},"canonical":"https:\/\/travel-du.de\/reiseshop\/produkt\/boarderlines-fuck-you-happiness\/","og_locale":"de_DE","og_type":"article","og_title":"Boarderlines - Fuck You Happiness &#8211; Reiseshop Travel-du.de","og_description":"\u201eBoarderlines - Fuck You Happiness\u201c ist die Fortsetzung des auto-biografischen Romans \u201eBorderlines\u201c von Andreas Brendt. Nachdem der geb\u00fcrtige K\u00f6lner 10 Jahre durch die Welt gereist und gesurft ist, steht er nun in Deutschland vor neuen Abenteuern. Wie f\u00fchlt es sich an, nach einer langen Reise wieder ins allt\u00e4gliche Leben zur\u00fcckzukehren? Und welche neuen Abenteuer warten auf einen? Dieses Buch gibt in einer unterhaltsamen Art Antworten auf diese Fragen, mit jeder Menge n\u00fctzlicher Lebensweisheiten vom Autor selbst.  \u21d2 Direkt bei Amazon bestellen.","og_url":"https:\/\/travel-du.de\/reiseshop\/produkt\/boarderlines-fuck-you-happiness\/","og_site_name":"Reiseshop Travel-du.de","article_modified_time":"2025-08-11T06:27:06+00:00","og_image":[{"width":334,"height":500,"url":"https:\/\/travel-du.de\/reiseshop\/wp-content\/uploads\/2016\/12\/Boarderlines-Fuck-You-Happiness-0.jpg","type":"image\/jpeg"}],"twitter_card":"summary_large_image","twitter_misc":{"Gesch\u00e4tzte Lesezeit":"1\u00a0Minute"},"schema":{"@context":"https:\/\/schema.org","@graph":[{"@type":"WebPage","@id":"https:\/\/travel-du.de\/reiseshop\/produkt\/boarderlines-fuck-you-happiness\/","url":"https:\/\/travel-du.de\/reiseshop\/produkt\/boarderlines-fuck-you-happiness\/","name":"Boarderlines - Fuck You Happiness &#8211; Reiseshop Travel-du.de","isPartOf":{"@id":"https:\/\/travel-du.de\/reiseshop\/#website"},"primaryImageOfPage":{"@id":"https:\/\/travel-du.de\/reiseshop\/produkt\/boarderlines-fuck-you-happiness\/#primaryimage"},"image":{"@id":"https:\/\/travel-du.de\/reiseshop\/produkt\/boarderlines-fuck-you-happiness\/#primaryimage"},"thumbnailUrl":"https:\/\/travel-du.de\/reiseshop\/wp-content\/uploads\/2016\/12\/Boarderlines-Fuck-You-Happiness-0.jpg","datePublished":"2016-12-26T18:12:04+00:00","dateModified":"2025-08-11T06:27:06+00:00","breadcrumb":{"@id":"https:\/\/travel-du.de\/reiseshop\/produkt\/boarderlines-fuck-you-happiness\/#breadcrumb"},"inLanguage":"de","potentialAction":[{"@type":"ReadAction","target":["https:\/\/travel-du.de\/reiseshop\/produkt\/boarderlines-fuck-you-happiness\/"]}]},{"@type":"ImageObject","inLanguage":"de","@id":"https:\/\/travel-du.de\/reiseshop\/produkt\/boarderlines-fuck-you-happiness\/#primaryimage","url":"https:\/\/travel-du.de\/reiseshop\/wp-content\/uploads\/2016\/12\/Boarderlines-Fuck-You-Happiness-0.jpg","contentUrl":"https:\/\/travel-du.de\/reiseshop\/wp-content\/uploads\/2016\/12\/Boarderlines-Fuck-You-Happiness-0.jpg","width":334,"height":500},{"@type":"BreadcrumbList","@id":"https:\/\/travel-du.de\/reiseshop\/produkt\/boarderlines-fuck-you-happiness\/#breadcrumb","itemListElement":[{"@type":"ListItem","position":1,"name":"Startseite","item":"https:\/\/travel-du.de\/reiseshop\/"},{"@type":"ListItem","position":2,"name":"Shop","item":"https:\/\/travel-du.de\/reiseshop\/shop\/"},{"@type":"ListItem","position":3,"name":"Boarderlines &#8211; Fuck You Happiness"}]},{"@type":"WebSite","@id":"https:\/\/travel-du.de\/reiseshop\/#website","url":"https:\/\/travel-du.de\/reiseshop\/","name":"Reiseshop Travel-du.de","description":"Der Shop f\u00fcr Reisende, Weltenbummler und Abenteurer","potentialAction":[{"@type":"SearchAction","target":{"@type":"EntryPoint","urlTemplate":"https:\/\/travel-du.de\/reiseshop\/?s={search_term_string}"},"query-input":{"@type":"PropertyValueSpecification","valueRequired":true,"valueName":"search_term_string"}}],"inLanguage":"de"}]}},"_links":{"self":[{"href":"https:\/\/travel-du.de\/reiseshop\/wp-json\/wp\/v2\/product\/482","targetHints":{"allow":["GET"]}}],"collection":[{"href":"https:\/\/travel-du.de\/reiseshop\/wp-json\/wp\/v2\/product"}],"about":[{"href":"https:\/\/travel-du.de\/reiseshop\/wp-json\/wp\/v2\/types\/product"}],"replies":[{"embeddable":true,"href":"https:\/\/travel-du.de\/reiseshop\/wp-json\/wp\/v2\/comments?post=482"}],"wp:featuredmedia":[{"embeddable":true,"href":"https:\/\/travel-du.de\/reiseshop\/wp-json\/wp\/v2\/media\/483"}],"wp:attachment":[{"href":"https:\/\/travel-du.de\/reiseshop\/wp-json\/wp\/v2\/media?parent=482"}],"wp:term":[{"taxonomy":"product_brand","embeddable":true,"href":"https:\/\/travel-du.de\/reiseshop\/wp-json\/wp\/v2\/product_brand?post=482"},{"taxonomy":"product_cat","embeddable":true,"href":"https:\/\/travel-du.de\/reiseshop\/wp-json\/wp\/v2\/product_cat?post=482"},{"taxonomy":"product_tag","embeddable":true,"href":"https:\/\/travel-du.de\/reiseshop\/wp-json\/wp\/v2\/product_tag?post=482"}],"curies":[{"name":"wp","href":"https:\/\/api.w.org\/{rel}","templated":true}]}}