{"id":4802,"date":"2025-06-30T17:56:09","date_gmt":"2025-06-30T15:56:09","guid":{"rendered":"https:\/\/travel-du.de\/reiseshop\/produkt\/brisa-vw-collection-volkswagen-schluessel-anhaenger-ring-schluesselbund-accessoire-keyholder-mit-flaschenoeffner-im-t3-bulli-bus-design-bus-front-rot\/"},"modified":"2025-06-30T18:19:14","modified_gmt":"2025-06-30T16:19:14","slug":"t3-schluessel-anhaenger-flaschenoeffner","status":"publish","type":"product","link":"https:\/\/travel-du.de\/reiseshop\/produkt\/t3-schluessel-anhaenger-flaschenoeffner\/","title":{"rendered":"Volkswagen T3 Schl\u00fcssel-Anh\u00e4nger und Flaschen\u00f6ffner"},"content":{"rendered":"<p>BUS: Dieser VW T3 Schl\u00fcsselanh\u00e4nger mit Flaschen\u00f6ffner ist in Rot gehalten und hat Silberne Details, wie den &#8222;VW T3 Bus&#8220; Schriftzug. Ma\u00dfe: 4 x 9 x 0,4 cm. \u00d8 Ringes ca. 3 cm.<br \/>\nPRAKTISCHE Details: der Anh\u00e4nger verziert jeden Schl\u00fcsselbund und man hat zu jederzeit einen Flaschen\u00f6ffner dabei. Er ist zugleich ein stylisches Accessoire.<br \/>\nMULTIFUNKTIONAL: der kultige T3 Bulli Bus Schl\u00fcsselanh\u00e4nger l\u00e4sst den Haust\u00fcr- oder Autoschl\u00fcssel herausstechen. Er ist schnell auffindbar und verziert auch Rucks\u00e4cke, Taschen und Federm\u00e4ppchen.<br \/>\nTECHNISCHE Details: der Schl\u00fcsselanh\u00e4nger besteht aus einer verchromter Zink-Aluminium-Legierung und ist mit farbiger Emaille \u00fcberzogen. Die Farbe bleibt selbst bei starker Belastung authentisch.<br \/>\nOFFIZIELL LIZENZIERT: Die Schl\u00fcsselanh\u00e4nger sind ein offizielles Volkswagen Lizenz Produkt. Unsere Artikel werden in Deutschland mit hohen Qualit\u00e4tsstandards entwickelt.<br \/>\n<div class=\"main-cross-sell\" data-asin=\"B07CSXKFFC\">\n\n\t<div class=\"WooZone-cross-sell-loader\">\n\t\t<div>\n\t\t\t<div id=\"floatingBarsG\">\n\t\t\t\t<div class=\"blockG\" id=\"rotateG_01\"><\/div>\n\t\t\t\t<div class=\"blockG\" id=\"rotateG_02\"><\/div>\n\t\t\t\t<div class=\"blockG\" id=\"rotateG_03\"><\/div>\n\t\t\t\t<div class=\"blockG\" id=\"rotateG_04\"><\/div>\n\t\t\t\t<div class=\"blockG\" id=\"rotateG_05\"><\/div>\n\t\t\t\t<div class=\"blockG\" id=\"rotateG_06\"><\/div>\n\t\t\t\t<div class=\"blockG\" id=\"rotateG_07\"><\/div>\n\t\t\t\t<div class=\"blockG\" id=\"rotateG_08\"><\/div>\n\t\t\t<\/div>\n\t\t\t<div class=\"WooZone-cross-sell-loader-text\"><\/div>\n\t\t<\/div>\n\t<\/div>\n\n\t\t\n<\/div>\n<div style=\"clear:both;\"><\/div><\/p>\n","protected":false},"excerpt":{"rendered":"<p>BUS: Dieser VW T3 Schl\u00fcsselanh\u00e4nger mit Flaschen\u00f6ffner ist in Rot gehalten und hat Silberne Details, wie den &#8222;VW T3 Bus&#8220; Schriftzug. Ma\u00dfe: 4 x 9 x 0,4 cm. \u00d8 Ringes ca. 3 cm.<br \/>\nPRAKTISCHE Details: der Anh\u00e4nger verziert jeden Schl\u00fcsselbund und man hat zu jederzeit einen Flaschen\u00f6ffner dabei. Er ist zugleich ein stylisches Accessoire.<br \/>\nMULTIFUNKTIONAL: der kultige T3 Bulli Bus Schl\u00fcsselanh\u00e4nger l\u00e4sst den Haust\u00fcr- oder Autoschl\u00fcssel herausstechen. Er ist schnell auffindbar und verziert auch Rucks\u00e4cke, Taschen und Federm\u00e4ppchen.<\/p>\n","protected":false},"featured_media":4803,"comment_status":"closed","ping_status":"closed","template":"","meta":[],"product_brand":[],"product_cat":[3860],"product_tag":[],"class_list":{"0":"post-4802","1":"product","2":"type-product","3":"status-publish","4":"has-post-thumbnail","6":"product_cat-t3-geschenke","8":"first","9":"instock","10":"shipping-taxable","11":"product-type-external"},"yoast_head":"<!-- This site is optimized with the Yoast SEO plugin v26.2 - https:\/\/yoast.com\/wordpress\/plugins\/seo\/ -->\n<title>Volkswagen T3 Schl\u00fcssel-Anh\u00e4nger und Flaschen\u00f6ffner &#8211; Reiseshop Travel-du.de<\/title>\n<meta name=\"robots\" content=\"index, follow, max-snippet:-1, max-image-preview:large, max-video-preview:-1\" \/>\n<link rel=\"canonical\" href=\"https:\/\/travel-du.de\/reiseshop\/produkt\/t3-schluessel-anhaenger-flaschenoeffner\/\" \/>\n<meta property=\"og:locale\" content=\"de_DE\" \/>\n<meta property=\"og:type\" content=\"article\" \/>\n<meta property=\"og:title\" content=\"Volkswagen T3 Schl\u00fcssel-Anh\u00e4nger und Flaschen\u00f6ffner &#8211; Reiseshop Travel-du.de\" \/>\n<meta property=\"og:description\" content=\"BUS: Dieser VW T3 Schl\u00fcsselanh\u00e4nger mit Flaschen\u00f6ffner ist in Rot gehalten und hat Silberne Details, wie den &quot;VW T3 Bus&quot; Schriftzug. Ma\u00dfe: 4 x 9 x 0,4 cm. \u00d8 Ringes ca. 3 cm. PRAKTISCHE Details: der Anh\u00e4nger verziert jeden Schl\u00fcsselbund und man hat zu jederzeit einen Flaschen\u00f6ffner dabei. Er ist zugleich ein stylisches Accessoire. MULTIFUNKTIONAL: der kultige T3 Bulli Bus Schl\u00fcsselanh\u00e4nger l\u00e4sst den Haust\u00fcr- oder Autoschl\u00fcssel herausstechen. Er ist schnell auffindbar und verziert auch Rucks\u00e4cke, Taschen und Federm\u00e4ppchen.\" \/>\n<meta property=\"og:url\" content=\"https:\/\/travel-du.de\/reiseshop\/produkt\/t3-schluessel-anhaenger-flaschenoeffner\/\" \/>\n<meta property=\"og:site_name\" content=\"Reiseshop Travel-du.de\" \/>\n<meta property=\"article:modified_time\" content=\"2025-06-30T16:19:14+00:00\" \/>\n<meta property=\"og:image\" content=\"https:\/\/travel-du.de\/reiseshop\/wp-content\/uploads\/2025\/06\/BRISA-VW-Collection-Volkswagen-Schluessel-Anhaenger-Ring-Schluesselbund-Accessoire-Keyholder-mit-Flaschenoeffner-im-T3-Bulli-Bus-Design-Bus-FrontRot-0.jpg\" \/>\n\t<meta property=\"og:image:width\" content=\"375\" \/>\n\t<meta property=\"og:image:height\" content=\"500\" \/>\n\t<meta property=\"og:image:type\" content=\"image\/jpeg\" \/>\n<meta name=\"twitter:card\" content=\"summary_large_image\" \/>\n<meta name=\"twitter:label1\" content=\"Gesch\u00e4tzte Lesezeit\" \/>\n\t<meta name=\"twitter:data1\" content=\"1\u00a0Minute\" \/>\n<script type=\"application\/ld+json\" class=\"yoast-schema-graph\">{\"@context\":\"https:\/\/schema.org\",\"@graph\":[{\"@type\":\"WebPage\",\"@id\":\"https:\/\/travel-du.de\/reiseshop\/produkt\/t3-schluessel-anhaenger-flaschenoeffner\/\",\"url\":\"https:\/\/travel-du.de\/reiseshop\/produkt\/t3-schluessel-anhaenger-flaschenoeffner\/\",\"name\":\"Volkswagen T3 Schl\u00fcssel-Anh\u00e4nger und Flaschen\u00f6ffner &#8211; Reiseshop Travel-du.de\",\"isPartOf\":{\"@id\":\"https:\/\/travel-du.de\/reiseshop\/#website\"},\"primaryImageOfPage\":{\"@id\":\"https:\/\/travel-du.de\/reiseshop\/produkt\/t3-schluessel-anhaenger-flaschenoeffner\/#primaryimage\"},\"image\":{\"@id\":\"https:\/\/travel-du.de\/reiseshop\/produkt\/t3-schluessel-anhaenger-flaschenoeffner\/#primaryimage\"},\"thumbnailUrl\":\"https:\/\/travel-du.de\/reiseshop\/wp-content\/uploads\/2025\/06\/BRISA-VW-Collection-Volkswagen-Schluessel-Anhaenger-Ring-Schluesselbund-Accessoire-Keyholder-mit-Flaschenoeffner-im-T3-Bulli-Bus-Design-Bus-FrontRot-0.jpg\",\"datePublished\":\"2025-06-30T15:56:09+00:00\",\"dateModified\":\"2025-06-30T16:19:14+00:00\",\"breadcrumb\":{\"@id\":\"https:\/\/travel-du.de\/reiseshop\/produkt\/t3-schluessel-anhaenger-flaschenoeffner\/#breadcrumb\"},\"inLanguage\":\"de\",\"potentialAction\":[{\"@type\":\"ReadAction\",\"target\":[\"https:\/\/travel-du.de\/reiseshop\/produkt\/t3-schluessel-anhaenger-flaschenoeffner\/\"]}]},{\"@type\":\"ImageObject\",\"inLanguage\":\"de\",\"@id\":\"https:\/\/travel-du.de\/reiseshop\/produkt\/t3-schluessel-anhaenger-flaschenoeffner\/#primaryimage\",\"url\":\"https:\/\/travel-du.de\/reiseshop\/wp-content\/uploads\/2025\/06\/BRISA-VW-Collection-Volkswagen-Schluessel-Anhaenger-Ring-Schluesselbund-Accessoire-Keyholder-mit-Flaschenoeffner-im-T3-Bulli-Bus-Design-Bus-FrontRot-0.jpg\",\"contentUrl\":\"https:\/\/travel-du.de\/reiseshop\/wp-content\/uploads\/2025\/06\/BRISA-VW-Collection-Volkswagen-Schluessel-Anhaenger-Ring-Schluesselbund-Accessoire-Keyholder-mit-Flaschenoeffner-im-T3-Bulli-Bus-Design-Bus-FrontRot-0.jpg\",\"width\":375,\"height\":500},{\"@type\":\"BreadcrumbList\",\"@id\":\"https:\/\/travel-du.de\/reiseshop\/produkt\/t3-schluessel-anhaenger-flaschenoeffner\/#breadcrumb\",\"itemListElement\":[{\"@type\":\"ListItem\",\"position\":1,\"name\":\"Startseite\",\"item\":\"https:\/\/travel-du.de\/reiseshop\/\"},{\"@type\":\"ListItem\",\"position\":2,\"name\":\"Shop\",\"item\":\"https:\/\/travel-du.de\/reiseshop\/shop\/\"},{\"@type\":\"ListItem\",\"position\":3,\"name\":\"Volkswagen T3 Schl\u00fcssel-Anh\u00e4nger und Flaschen\u00f6ffner\"}]},{\"@type\":\"WebSite\",\"@id\":\"https:\/\/travel-du.de\/reiseshop\/#website\",\"url\":\"https:\/\/travel-du.de\/reiseshop\/\",\"name\":\"Reiseshop Travel-du.de\",\"description\":\"Der Shop f\u00fcr Reisende, Weltenbummler und Abenteurer\",\"potentialAction\":[{\"@type\":\"SearchAction\",\"target\":{\"@type\":\"EntryPoint\",\"urlTemplate\":\"https:\/\/travel-du.de\/reiseshop\/?s={search_term_string}\"},\"query-input\":{\"@type\":\"PropertyValueSpecification\",\"valueRequired\":true,\"valueName\":\"search_term_string\"}}],\"inLanguage\":\"de\"}]}<\/script>\n<!-- \/ Yoast SEO plugin. -->","yoast_head_json":{"title":"Volkswagen T3 Schl\u00fcssel-Anh\u00e4nger und Flaschen\u00f6ffner &#8211; Reiseshop Travel-du.de","robots":{"index":"index","follow":"follow","max-snippet":"max-snippet:-1","max-image-preview":"max-image-preview:large","max-video-preview":"max-video-preview:-1"},"canonical":"https:\/\/travel-du.de\/reiseshop\/produkt\/t3-schluessel-anhaenger-flaschenoeffner\/","og_locale":"de_DE","og_type":"article","og_title":"Volkswagen T3 Schl\u00fcssel-Anh\u00e4nger und Flaschen\u00f6ffner &#8211; Reiseshop Travel-du.de","og_description":"BUS: Dieser VW T3 Schl\u00fcsselanh\u00e4nger mit Flaschen\u00f6ffner ist in Rot gehalten und hat Silberne Details, wie den \"VW T3 Bus\" Schriftzug. Ma\u00dfe: 4 x 9 x 0,4 cm. \u00d8 Ringes ca. 3 cm. PRAKTISCHE Details: der Anh\u00e4nger verziert jeden Schl\u00fcsselbund und man hat zu jederzeit einen Flaschen\u00f6ffner dabei. Er ist zugleich ein stylisches Accessoire. MULTIFUNKTIONAL: der kultige T3 Bulli Bus Schl\u00fcsselanh\u00e4nger l\u00e4sst den Haust\u00fcr- oder Autoschl\u00fcssel herausstechen. Er ist schnell auffindbar und verziert auch Rucks\u00e4cke, Taschen und Federm\u00e4ppchen.","og_url":"https:\/\/travel-du.de\/reiseshop\/produkt\/t3-schluessel-anhaenger-flaschenoeffner\/","og_site_name":"Reiseshop Travel-du.de","article_modified_time":"2025-06-30T16:19:14+00:00","og_image":[{"width":375,"height":500,"url":"https:\/\/travel-du.de\/reiseshop\/wp-content\/uploads\/2025\/06\/BRISA-VW-Collection-Volkswagen-Schluessel-Anhaenger-Ring-Schluesselbund-Accessoire-Keyholder-mit-Flaschenoeffner-im-T3-Bulli-Bus-Design-Bus-FrontRot-0.jpg","type":"image\/jpeg"}],"twitter_card":"summary_large_image","twitter_misc":{"Gesch\u00e4tzte Lesezeit":"1\u00a0Minute"},"schema":{"@context":"https:\/\/schema.org","@graph":[{"@type":"WebPage","@id":"https:\/\/travel-du.de\/reiseshop\/produkt\/t3-schluessel-anhaenger-flaschenoeffner\/","url":"https:\/\/travel-du.de\/reiseshop\/produkt\/t3-schluessel-anhaenger-flaschenoeffner\/","name":"Volkswagen T3 Schl\u00fcssel-Anh\u00e4nger und Flaschen\u00f6ffner &#8211; Reiseshop Travel-du.de","isPartOf":{"@id":"https:\/\/travel-du.de\/reiseshop\/#website"},"primaryImageOfPage":{"@id":"https:\/\/travel-du.de\/reiseshop\/produkt\/t3-schluessel-anhaenger-flaschenoeffner\/#primaryimage"},"image":{"@id":"https:\/\/travel-du.de\/reiseshop\/produkt\/t3-schluessel-anhaenger-flaschenoeffner\/#primaryimage"},"thumbnailUrl":"https:\/\/travel-du.de\/reiseshop\/wp-content\/uploads\/2025\/06\/BRISA-VW-Collection-Volkswagen-Schluessel-Anhaenger-Ring-Schluesselbund-Accessoire-Keyholder-mit-Flaschenoeffner-im-T3-Bulli-Bus-Design-Bus-FrontRot-0.jpg","datePublished":"2025-06-30T15:56:09+00:00","dateModified":"2025-06-30T16:19:14+00:00","breadcrumb":{"@id":"https:\/\/travel-du.de\/reiseshop\/produkt\/t3-schluessel-anhaenger-flaschenoeffner\/#breadcrumb"},"inLanguage":"de","potentialAction":[{"@type":"ReadAction","target":["https:\/\/travel-du.de\/reiseshop\/produkt\/t3-schluessel-anhaenger-flaschenoeffner\/"]}]},{"@type":"ImageObject","inLanguage":"de","@id":"https:\/\/travel-du.de\/reiseshop\/produkt\/t3-schluessel-anhaenger-flaschenoeffner\/#primaryimage","url":"https:\/\/travel-du.de\/reiseshop\/wp-content\/uploads\/2025\/06\/BRISA-VW-Collection-Volkswagen-Schluessel-Anhaenger-Ring-Schluesselbund-Accessoire-Keyholder-mit-Flaschenoeffner-im-T3-Bulli-Bus-Design-Bus-FrontRot-0.jpg","contentUrl":"https:\/\/travel-du.de\/reiseshop\/wp-content\/uploads\/2025\/06\/BRISA-VW-Collection-Volkswagen-Schluessel-Anhaenger-Ring-Schluesselbund-Accessoire-Keyholder-mit-Flaschenoeffner-im-T3-Bulli-Bus-Design-Bus-FrontRot-0.jpg","width":375,"height":500},{"@type":"BreadcrumbList","@id":"https:\/\/travel-du.de\/reiseshop\/produkt\/t3-schluessel-anhaenger-flaschenoeffner\/#breadcrumb","itemListElement":[{"@type":"ListItem","position":1,"name":"Startseite","item":"https:\/\/travel-du.de\/reiseshop\/"},{"@type":"ListItem","position":2,"name":"Shop","item":"https:\/\/travel-du.de\/reiseshop\/shop\/"},{"@type":"ListItem","position":3,"name":"Volkswagen T3 Schl\u00fcssel-Anh\u00e4nger und Flaschen\u00f6ffner"}]},{"@type":"WebSite","@id":"https:\/\/travel-du.de\/reiseshop\/#website","url":"https:\/\/travel-du.de\/reiseshop\/","name":"Reiseshop Travel-du.de","description":"Der Shop f\u00fcr Reisende, Weltenbummler und Abenteurer","potentialAction":[{"@type":"SearchAction","target":{"@type":"EntryPoint","urlTemplate":"https:\/\/travel-du.de\/reiseshop\/?s={search_term_string}"},"query-input":{"@type":"PropertyValueSpecification","valueRequired":true,"valueName":"search_term_string"}}],"inLanguage":"de"}]}},"_links":{"self":[{"href":"https:\/\/travel-du.de\/reiseshop\/wp-json\/wp\/v2\/product\/4802","targetHints":{"allow":["GET"]}}],"collection":[{"href":"https:\/\/travel-du.de\/reiseshop\/wp-json\/wp\/v2\/product"}],"about":[{"href":"https:\/\/travel-du.de\/reiseshop\/wp-json\/wp\/v2\/types\/product"}],"replies":[{"embeddable":true,"href":"https:\/\/travel-du.de\/reiseshop\/wp-json\/wp\/v2\/comments?post=4802"}],"wp:featuredmedia":[{"embeddable":true,"href":"https:\/\/travel-du.de\/reiseshop\/wp-json\/wp\/v2\/media\/4803"}],"wp:attachment":[{"href":"https:\/\/travel-du.de\/reiseshop\/wp-json\/wp\/v2\/media?parent=4802"}],"wp:term":[{"taxonomy":"product_brand","embeddable":true,"href":"https:\/\/travel-du.de\/reiseshop\/wp-json\/wp\/v2\/product_brand?post=4802"},{"taxonomy":"product_cat","embeddable":true,"href":"https:\/\/travel-du.de\/reiseshop\/wp-json\/wp\/v2\/product_cat?post=4802"},{"taxonomy":"product_tag","embeddable":true,"href":"https:\/\/travel-du.de\/reiseshop\/wp-json\/wp\/v2\/product_tag?post=4802"}],"curies":[{"name":"wp","href":"https:\/\/api.w.org\/{rel}","templated":true}]}}