{"id":4796,"date":"2025-06-30T17:55:47","date_gmt":"2025-06-30T15:55:47","guid":{"rendered":"https:\/\/travel-du.de\/reiseshop\/produkt\/revell-07344-volkswagen-t3-camper-automodell-bausatz-125\/"},"modified":"2025-06-30T18:19:59","modified_gmt":"2025-06-30T16:19:59","slug":"revell-automodell-volkswagen-t3-camper","status":"publish","type":"product","link":"https:\/\/travel-du.de\/reiseshop\/produkt\/revell-automodell-volkswagen-t3-camper\/","title":{"rendered":"Revell Automodell: Volkswagen T3 Camper"},"content":{"rendered":"<p>Detailierter Bausatz<br \/>\nDer v\u00f6llig neu entwickelte Wagen mit seiner modernen, zweckm\u00e4\u00dfigen Formgebung war sichtlich ger\u00e4umiger als sein Vorg\u00e4nger<br \/>\nAls letzter von VW hergestellter Typ mit einem Heckmotor wurde er als der letzte echte Bulli angesehen<br \/>\nJe nach Ausf\u00fchrung bot sein Vierzylinder 50 bis 112 PS Leistung<br \/>\nWie \u00fcblich erschien der Transporter in verschiedenen Nutzfahrzeug-Versionen, aber auch in Form des Campingbusses f\u00fcr private Zwecke<br \/>\n<div class=\"main-cross-sell\" data-asin=\"B0032ALYQY\">\n\n\t<div class=\"WooZone-cross-sell-loader\">\n\t\t<div>\n\t\t\t<div id=\"floatingBarsG\">\n\t\t\t\t<div class=\"blockG\" id=\"rotateG_01\"><\/div>\n\t\t\t\t<div class=\"blockG\" id=\"rotateG_02\"><\/div>\n\t\t\t\t<div class=\"blockG\" id=\"rotateG_03\"><\/div>\n\t\t\t\t<div class=\"blockG\" id=\"rotateG_04\"><\/div>\n\t\t\t\t<div class=\"blockG\" id=\"rotateG_05\"><\/div>\n\t\t\t\t<div class=\"blockG\" id=\"rotateG_06\"><\/div>\n\t\t\t\t<div class=\"blockG\" id=\"rotateG_07\"><\/div>\n\t\t\t\t<div class=\"blockG\" id=\"rotateG_08\"><\/div>\n\t\t\t<\/div>\n\t\t\t<div class=\"WooZone-cross-sell-loader-text\"><\/div>\n\t\t<\/div>\n\t<\/div>\n\n\t\t\n<\/div>\n<div style=\"clear:both;\"><\/div><\/p>\n","protected":false},"excerpt":{"rendered":"<p>Detailierter Bausatz<br \/>\nDer v\u00f6llig neu entwickelte Wagen mit seiner modernen, zweckm\u00e4\u00dfigen Formgebung war sichtlich ger\u00e4umiger als sein Vorg\u00e4nger<br \/>\nAls letzter von VW hergestellter Typ mit einem Heckmotor wurde er als der letzte echte Bulli angesehen<\/p>\n","protected":false},"featured_media":4797,"comment_status":"closed","ping_status":"closed","template":"","meta":[],"product_brand":[],"product_cat":[3860],"product_tag":[],"class_list":{"0":"post-4796","1":"product","2":"type-product","3":"status-publish","4":"has-post-thumbnail","6":"product_cat-t3-geschenke","8":"first","9":"instock","10":"sale","11":"shipping-taxable","12":"product-type-external"},"yoast_head":"<!-- This site is optimized with the Yoast SEO plugin v26.2 - https:\/\/yoast.com\/wordpress\/plugins\/seo\/ -->\n<title>Revell Automodell: Volkswagen T3 Camper &#8211; Reiseshop Travel-du.de<\/title>\n<meta name=\"robots\" content=\"index, follow, max-snippet:-1, max-image-preview:large, max-video-preview:-1\" \/>\n<link rel=\"canonical\" href=\"https:\/\/travel-du.de\/reiseshop\/produkt\/revell-automodell-volkswagen-t3-camper\/\" \/>\n<meta property=\"og:locale\" content=\"de_DE\" \/>\n<meta property=\"og:type\" content=\"article\" \/>\n<meta property=\"og:title\" content=\"Revell Automodell: Volkswagen T3 Camper &#8211; Reiseshop Travel-du.de\" \/>\n<meta property=\"og:description\" content=\"Detailierter Bausatz Der v\u00f6llig neu entwickelte Wagen mit seiner modernen, zweckm\u00e4\u00dfigen Formgebung war sichtlich ger\u00e4umiger als sein Vorg\u00e4nger Als letzter von VW hergestellter Typ mit einem Heckmotor wurde er als der letzte echte Bulli angesehen\" \/>\n<meta property=\"og:url\" content=\"https:\/\/travel-du.de\/reiseshop\/produkt\/revell-automodell-volkswagen-t3-camper\/\" \/>\n<meta property=\"og:site_name\" content=\"Reiseshop Travel-du.de\" \/>\n<meta property=\"article:modified_time\" content=\"2025-06-30T16:19:59+00:00\" \/>\n<meta property=\"og:image\" content=\"https:\/\/travel-du.de\/reiseshop\/wp-content\/uploads\/2025\/06\/Revell-07344-Volkswagen-T3-Camper-Automodell-Bausatz-125-0.jpg\" \/>\n\t<meta property=\"og:image:width\" content=\"500\" \/>\n\t<meta property=\"og:image:height\" content=\"500\" \/>\n\t<meta property=\"og:image:type\" content=\"image\/jpeg\" \/>\n<meta name=\"twitter:card\" content=\"summary_large_image\" \/>\n<script type=\"application\/ld+json\" class=\"yoast-schema-graph\">{\"@context\":\"https:\/\/schema.org\",\"@graph\":[{\"@type\":\"WebPage\",\"@id\":\"https:\/\/travel-du.de\/reiseshop\/produkt\/revell-automodell-volkswagen-t3-camper\/\",\"url\":\"https:\/\/travel-du.de\/reiseshop\/produkt\/revell-automodell-volkswagen-t3-camper\/\",\"name\":\"Revell Automodell: Volkswagen T3 Camper &#8211; Reiseshop Travel-du.de\",\"isPartOf\":{\"@id\":\"https:\/\/travel-du.de\/reiseshop\/#website\"},\"primaryImageOfPage\":{\"@id\":\"https:\/\/travel-du.de\/reiseshop\/produkt\/revell-automodell-volkswagen-t3-camper\/#primaryimage\"},\"image\":{\"@id\":\"https:\/\/travel-du.de\/reiseshop\/produkt\/revell-automodell-volkswagen-t3-camper\/#primaryimage\"},\"thumbnailUrl\":\"https:\/\/travel-du.de\/reiseshop\/wp-content\/uploads\/2025\/06\/Revell-07344-Volkswagen-T3-Camper-Automodell-Bausatz-125-0.jpg\",\"datePublished\":\"2025-06-30T15:55:47+00:00\",\"dateModified\":\"2025-06-30T16:19:59+00:00\",\"breadcrumb\":{\"@id\":\"https:\/\/travel-du.de\/reiseshop\/produkt\/revell-automodell-volkswagen-t3-camper\/#breadcrumb\"},\"inLanguage\":\"de\",\"potentialAction\":[{\"@type\":\"ReadAction\",\"target\":[\"https:\/\/travel-du.de\/reiseshop\/produkt\/revell-automodell-volkswagen-t3-camper\/\"]}]},{\"@type\":\"ImageObject\",\"inLanguage\":\"de\",\"@id\":\"https:\/\/travel-du.de\/reiseshop\/produkt\/revell-automodell-volkswagen-t3-camper\/#primaryimage\",\"url\":\"https:\/\/travel-du.de\/reiseshop\/wp-content\/uploads\/2025\/06\/Revell-07344-Volkswagen-T3-Camper-Automodell-Bausatz-125-0.jpg\",\"contentUrl\":\"https:\/\/travel-du.de\/reiseshop\/wp-content\/uploads\/2025\/06\/Revell-07344-Volkswagen-T3-Camper-Automodell-Bausatz-125-0.jpg\",\"width\":500,\"height\":500},{\"@type\":\"BreadcrumbList\",\"@id\":\"https:\/\/travel-du.de\/reiseshop\/produkt\/revell-automodell-volkswagen-t3-camper\/#breadcrumb\",\"itemListElement\":[{\"@type\":\"ListItem\",\"position\":1,\"name\":\"Startseite\",\"item\":\"https:\/\/travel-du.de\/reiseshop\/\"},{\"@type\":\"ListItem\",\"position\":2,\"name\":\"Shop\",\"item\":\"https:\/\/travel-du.de\/reiseshop\/shop\/\"},{\"@type\":\"ListItem\",\"position\":3,\"name\":\"Revell Automodell: Volkswagen T3 Camper\"}]},{\"@type\":\"WebSite\",\"@id\":\"https:\/\/travel-du.de\/reiseshop\/#website\",\"url\":\"https:\/\/travel-du.de\/reiseshop\/\",\"name\":\"Reiseshop Travel-du.de\",\"description\":\"Der Shop f\u00fcr Reisende, Weltenbummler und Abenteurer\",\"potentialAction\":[{\"@type\":\"SearchAction\",\"target\":{\"@type\":\"EntryPoint\",\"urlTemplate\":\"https:\/\/travel-du.de\/reiseshop\/?s={search_term_string}\"},\"query-input\":{\"@type\":\"PropertyValueSpecification\",\"valueRequired\":true,\"valueName\":\"search_term_string\"}}],\"inLanguage\":\"de\"}]}<\/script>\n<!-- \/ Yoast SEO plugin. -->","yoast_head_json":{"title":"Revell Automodell: Volkswagen T3 Camper &#8211; Reiseshop Travel-du.de","robots":{"index":"index","follow":"follow","max-snippet":"max-snippet:-1","max-image-preview":"max-image-preview:large","max-video-preview":"max-video-preview:-1"},"canonical":"https:\/\/travel-du.de\/reiseshop\/produkt\/revell-automodell-volkswagen-t3-camper\/","og_locale":"de_DE","og_type":"article","og_title":"Revell Automodell: Volkswagen T3 Camper &#8211; Reiseshop Travel-du.de","og_description":"Detailierter Bausatz Der v\u00f6llig neu entwickelte Wagen mit seiner modernen, zweckm\u00e4\u00dfigen Formgebung war sichtlich ger\u00e4umiger als sein Vorg\u00e4nger Als letzter von VW hergestellter Typ mit einem Heckmotor wurde er als der letzte echte Bulli angesehen","og_url":"https:\/\/travel-du.de\/reiseshop\/produkt\/revell-automodell-volkswagen-t3-camper\/","og_site_name":"Reiseshop Travel-du.de","article_modified_time":"2025-06-30T16:19:59+00:00","og_image":[{"width":500,"height":500,"url":"https:\/\/travel-du.de\/reiseshop\/wp-content\/uploads\/2025\/06\/Revell-07344-Volkswagen-T3-Camper-Automodell-Bausatz-125-0.jpg","type":"image\/jpeg"}],"twitter_card":"summary_large_image","schema":{"@context":"https:\/\/schema.org","@graph":[{"@type":"WebPage","@id":"https:\/\/travel-du.de\/reiseshop\/produkt\/revell-automodell-volkswagen-t3-camper\/","url":"https:\/\/travel-du.de\/reiseshop\/produkt\/revell-automodell-volkswagen-t3-camper\/","name":"Revell Automodell: Volkswagen T3 Camper &#8211; Reiseshop Travel-du.de","isPartOf":{"@id":"https:\/\/travel-du.de\/reiseshop\/#website"},"primaryImageOfPage":{"@id":"https:\/\/travel-du.de\/reiseshop\/produkt\/revell-automodell-volkswagen-t3-camper\/#primaryimage"},"image":{"@id":"https:\/\/travel-du.de\/reiseshop\/produkt\/revell-automodell-volkswagen-t3-camper\/#primaryimage"},"thumbnailUrl":"https:\/\/travel-du.de\/reiseshop\/wp-content\/uploads\/2025\/06\/Revell-07344-Volkswagen-T3-Camper-Automodell-Bausatz-125-0.jpg","datePublished":"2025-06-30T15:55:47+00:00","dateModified":"2025-06-30T16:19:59+00:00","breadcrumb":{"@id":"https:\/\/travel-du.de\/reiseshop\/produkt\/revell-automodell-volkswagen-t3-camper\/#breadcrumb"},"inLanguage":"de","potentialAction":[{"@type":"ReadAction","target":["https:\/\/travel-du.de\/reiseshop\/produkt\/revell-automodell-volkswagen-t3-camper\/"]}]},{"@type":"ImageObject","inLanguage":"de","@id":"https:\/\/travel-du.de\/reiseshop\/produkt\/revell-automodell-volkswagen-t3-camper\/#primaryimage","url":"https:\/\/travel-du.de\/reiseshop\/wp-content\/uploads\/2025\/06\/Revell-07344-Volkswagen-T3-Camper-Automodell-Bausatz-125-0.jpg","contentUrl":"https:\/\/travel-du.de\/reiseshop\/wp-content\/uploads\/2025\/06\/Revell-07344-Volkswagen-T3-Camper-Automodell-Bausatz-125-0.jpg","width":500,"height":500},{"@type":"BreadcrumbList","@id":"https:\/\/travel-du.de\/reiseshop\/produkt\/revell-automodell-volkswagen-t3-camper\/#breadcrumb","itemListElement":[{"@type":"ListItem","position":1,"name":"Startseite","item":"https:\/\/travel-du.de\/reiseshop\/"},{"@type":"ListItem","position":2,"name":"Shop","item":"https:\/\/travel-du.de\/reiseshop\/shop\/"},{"@type":"ListItem","position":3,"name":"Revell Automodell: Volkswagen T3 Camper"}]},{"@type":"WebSite","@id":"https:\/\/travel-du.de\/reiseshop\/#website","url":"https:\/\/travel-du.de\/reiseshop\/","name":"Reiseshop Travel-du.de","description":"Der Shop f\u00fcr Reisende, Weltenbummler und Abenteurer","potentialAction":[{"@type":"SearchAction","target":{"@type":"EntryPoint","urlTemplate":"https:\/\/travel-du.de\/reiseshop\/?s={search_term_string}"},"query-input":{"@type":"PropertyValueSpecification","valueRequired":true,"valueName":"search_term_string"}}],"inLanguage":"de"}]}},"_links":{"self":[{"href":"https:\/\/travel-du.de\/reiseshop\/wp-json\/wp\/v2\/product\/4796","targetHints":{"allow":["GET"]}}],"collection":[{"href":"https:\/\/travel-du.de\/reiseshop\/wp-json\/wp\/v2\/product"}],"about":[{"href":"https:\/\/travel-du.de\/reiseshop\/wp-json\/wp\/v2\/types\/product"}],"replies":[{"embeddable":true,"href":"https:\/\/travel-du.de\/reiseshop\/wp-json\/wp\/v2\/comments?post=4796"}],"wp:featuredmedia":[{"embeddable":true,"href":"https:\/\/travel-du.de\/reiseshop\/wp-json\/wp\/v2\/media\/4797"}],"wp:attachment":[{"href":"https:\/\/travel-du.de\/reiseshop\/wp-json\/wp\/v2\/media?parent=4796"}],"wp:term":[{"taxonomy":"product_brand","embeddable":true,"href":"https:\/\/travel-du.de\/reiseshop\/wp-json\/wp\/v2\/product_brand?post=4796"},{"taxonomy":"product_cat","embeddable":true,"href":"https:\/\/travel-du.de\/reiseshop\/wp-json\/wp\/v2\/product_cat?post=4796"},{"taxonomy":"product_tag","embeddable":true,"href":"https:\/\/travel-du.de\/reiseshop\/wp-json\/wp\/v2\/product_tag?post=4796"}],"curies":[{"name":"wp","href":"https:\/\/api.w.org\/{rel}","templated":true}]}}